{"id":13576,"date":"2019-03-28T09:36:48","date_gmt":"2019-03-28T08:36:48","guid":{"rendered":"https:\/\/www.wojoer.de\/produkt\/beun-damen-ouverte-triangletop-320f103eis\/"},"modified":"2026-02-19T12:19:34","modified_gmt":"2026-02-19T11:19:34","slug":"beun-ladies-ouverte-triangletop","status":"publish","type":"product","link":"https:\/\/www.wojoer.de\/en\/produkt\/beun-ladies-ouverte-triangletop\/","title":{"rendered":"BEUN Damen Ouvert Triangeltop"},"content":{"rendered":"<p>Always on stock, because the <a href=\"https:\/\/www.wojoer.de\/?s=BEUN&#038;post_type=product\">BEUN<\/a> Ladies Strip Ouverte Triangletop 322F103 is never-out-of-stock and belongs to the wojoer <a href=\"https:\/\/www.wojoer.de\/?s=nos&#038;post_type=product\">NOS<\/a> products.<\/p>\n<h3>Sizes<\/h3>\n<p>S: \u00a0 \u00a0 70\u00a0\u00a0 CUP: AA bis C<\/p>\n<p>M:\u00a0 \u00a0 75\u00a0 CUP: AA bis C<\/p>\n<p>L:\u00a0\u00a0 \u00a0 80\u00a0 CUP: C bis E<\/p>\n<p>XL:\u00a0 85\u00a0 CUP: C bis E<\/p>\n<p><strong>Material compositon<\/strong><\/p>\n<p>BEUN: 82% polyamide, 18% elasthane<\/p>\n<p><strong>Particularities<\/strong><\/p>\n<p><a href=\"http:\/\/www.wojoer.de\/?s=nos&#038;post_type=product\">NOS Produkt<\/a> | swimwear | silk-matt surface optics | light transparent | airly | fast drying | skintight, comfortable fit | no bow under the boobs | without cap | charakteristic contrast bands | high quality Made in Germany<\/p>\n<p><strong>Wash instructions<\/strong><\/p>\n<p>30\u00b0 gentle cycle | on low level iron<\/p>\n<h3>BEUN Ladies STRIPP OUVERTE TRIANGLETOP &#8211; BEACH &#038; UNDERWEAR Sexy Bikinitop<\/h3>\n<p>This Beach &#038; Underwear women Stripe Ouverte Triangletop awakens playful fantasies and draws all eyes to your breasts. Slightly transparent, dull, extremly thin, fast drying and barely noticeable &#8211; always naked. Sexy, youre nipples are emphasizes and the snap fasteners on the front inspire forbidden games. No other bikini Top is so fine and light, yet resistant to salt and chlorine. Complete your outfit with the matching panties, because you are guaranteed the center of attention. And because its so sexy and comfortable at the same time, there&#8217;s a matching <a href=\"https:\/\/www.wojoer.de\/?s=partnerlook&#038;post_type=product\">partnerlook<\/a> string for your partner.<\/p>\n<p>Chlick here for the<a href=\"https:\/\/www.wojoer.de\/groessentabelle\/\"> sizes char<\/a>t.<\/p>\n","protected":false},"excerpt":{"rendered":"<p>Immer vorr\u00e4tig, denn das BEUN Damen Ouverte Triangletop 320F103 ist Never-Out-of-Stock und geh\u00f6rt damit zu den Wojoer NOS-Produkten.<br \/>\nGr\u00f6\u00dfen<br \/>\nErh\u00e4ltlich in den Gr\u00f6\u00dfen S, M, L, XL<\/p>\n<p>S: \u00a0 \u00a0 70\u00a0\u00a0 CUP: AA bis B<\/p>\n<p>M:\u00a0 \u00a0 75\u00a0 CUP: AA bis B<\/p>\n<p>L:\u00a0\u00a0 \u00a0 80\u00a0\u2026<\/p>\n","protected":false},"featured_media":15166,"comment_status":"open","ping_status":"closed","template":"","meta":[],"product_brand":[],"product_cat":[690,114,169,471],"product_tag":[108,485,487],"class_list":{"0":"post-13576","1":"product","2":"type-product","3":"status-publish","4":"has-post-thumbnail","6":"product_cat-beunladies","7":"product_cat-fetisch","8":"product_cat-nos-never-out-of-stock","9":"product_cat-partnerlook","10":"product_tag-1beachwear","11":"product_tag-bikinitop","12":"product_tag-ouverte","13":"product_shipping_class-beun","14":"pa_farbe-eisblau","15":"pa_farbe-royalblau","16":"pa_farbe-candypink","17":"pa_farbe-crema","18":"pa_farbe-neoncoral","19":"pa_farbe-neongelb","20":"pa_farbe-nude","21":"pa_farbe-vulcano","22":"pa_farbe-schwarz","23":"pa_groesse-l","24":"pa_groesse-m","25":"pa_groesse-s","26":"pa_groesse-xl","27":"pif-has-gallery","28":"post-1","29":"odd","31":"first","32":"instock","33":"featured","34":"taxable","35":"shipping-taxable","36":"purchasable","37":"product-type-variable","38":"has-default-attributes"},"yoast_head":"<!-- This site is optimized with the Yoast SEO plugin v27.2 - https:\/\/yoast.com\/product\/yoast-seo-wordpress\/ -->\n<title>Ladies Ouverte Stripp Triangletop | Bustier | Beach &amp; Underwear |<\/title>\n<meta name=\"description\" content=\"Sexy Ladies Ouverte Stripp Triangletop enhances the natural Shape of your breats &amp; is extremely tempting. 3 snap fasteners. Available in 9 bright colors\" \/>\n<meta name=\"robots\" content=\"index, follow, max-snippet:-1, max-image-preview:large, max-video-preview:-1\" \/>\n<link rel=\"canonical\" href=\"https:\/\/www.wojoer.de\/en\/produkt\/beun-ladies-ouverte-triangletop\/\" \/>\n<meta name=\"twitter:card\" content=\"summary_large_image\" \/>\n<meta name=\"twitter:title\" content=\"Ladies Ouverte Stripp Triangletop | Bustier | Beach &amp; Underwear |\" \/>\n<meta name=\"twitter:description\" content=\"Sexy Ladies Ouverte Stripp Triangletop enhances the natural Shape of your breats &amp; is extremely tempting. 3 snap fasteners. Available in 9 bright colors\" \/>\n<meta name=\"twitter:image\" content=\"https:\/\/www.wojoer.de\/wp-content\/uploads\/2019\/05\/320F6_320F103_BEUN_BASIC_G_String_OUVERTE_BH_eis_blau_women_wojoer_.jpg\" \/>\n<meta name=\"twitter:label1\" content=\"Estimated reading time\" \/>\n\t<meta name=\"twitter:data1\" content=\"2 minutes\" \/>\n<script type=\"application\/ld+json\" class=\"yoast-schema-graph\">{\"@context\":\"https:\/\/schema.org\",\"@graph\":[{\"@type\":\"WebPage\",\"@id\":\"https:\/\/www.wojoer.de\/produkt\/beun-ladies-ouverte-triangletop\/\",\"url\":\"https:\/\/www.wojoer.de\/produkt\/beun-ladies-ouverte-triangletop\/\",\"name\":\"Ladies Ouverte Stripp Triangletop | Bustier | Beach & Underwear |\",\"isPartOf\":{\"@id\":\"https:\/\/www.wojoer.de\/#website\"},\"primaryImageOfPage\":{\"@id\":\"https:\/\/www.wojoer.de\/produkt\/beun-ladies-ouverte-triangletop\/#primaryimage\"},\"image\":{\"@id\":\"https:\/\/www.wojoer.de\/produkt\/beun-ladies-ouverte-triangletop\/#primaryimage\"},\"thumbnailUrl\":\"https:\/\/www.wojoer.de\/wp-content\/uploads\/2019\/05\/320F6_320F103_BEUN_BASIC_G_String_OUVERTE_BH_eis_blau_women_wojoer_.jpg\",\"datePublished\":\"2019-03-28T08:36:48+00:00\",\"dateModified\":\"2026-02-19T11:19:34+00:00\",\"description\":\"Sexy Ladies Ouverte Stripp Triangletop enhances the natural Shape of your breats & is extremely tempting. 3 snap fasteners. Available in 9 bright colors\",\"breadcrumb\":{\"@id\":\"https:\/\/www.wojoer.de\/produkt\/beun-ladies-ouverte-triangletop\/#breadcrumb\"},\"inLanguage\":\"en-GB\",\"potentialAction\":[{\"@type\":\"ReadAction\",\"target\":[\"https:\/\/www.wojoer.de\/produkt\/beun-ladies-ouverte-triangletop\/\"]}]},{\"@type\":\"ImageObject\",\"inLanguage\":\"en-GB\",\"@id\":\"https:\/\/www.wojoer.de\/produkt\/beun-ladies-ouverte-triangletop\/#primaryimage\",\"url\":\"https:\/\/www.wojoer.de\/wp-content\/uploads\/2019\/05\/320F6_320F103_BEUN_BASIC_G_String_OUVERTE_BH_eis_blau_women_wojoer_.jpg\",\"contentUrl\":\"https:\/\/www.wojoer.de\/wp-content\/uploads\/2019\/05\/320F6_320F103_BEUN_BASIC_G_String_OUVERTE_BH_eis_blau_women_wojoer_.jpg\",\"width\":2002,\"height\":2002},{\"@type\":\"BreadcrumbList\",\"@id\":\"https:\/\/www.wojoer.de\/produkt\/beun-ladies-ouverte-triangletop\/#breadcrumb\",\"itemListElement\":[{\"@type\":\"ListItem\",\"position\":1,\"name\":\"Startseite\",\"item\":\"https:\/\/www.wojoer.de\/\"},{\"@type\":\"ListItem\",\"position\":2,\"name\":\"SHOP\",\"item\":\"https:\/\/www.wojoer.de\/shop\/\"},{\"@type\":\"ListItem\",\"position\":3,\"name\":\"BEUN Damen Ouvert Triangeltop\"}]},{\"@type\":\"WebSite\",\"@id\":\"https:\/\/www.wojoer.de\/#website\",\"url\":\"https:\/\/www.wojoer.de\/\",\"name\":\"WOJOER\",\"description\":\"clubwear for men\",\"publisher\":{\"@id\":\"https:\/\/www.wojoer.de\/#organization\"},\"potentialAction\":[{\"@type\":\"SearchAction\",\"target\":{\"@type\":\"EntryPoint\",\"urlTemplate\":\"https:\/\/www.wojoer.de\/?s={search_term_string}\"},\"query-input\":{\"@type\":\"PropertyValueSpecification\",\"valueRequired\":true,\"valueName\":\"search_term_string\"}}],\"inLanguage\":\"en-GB\"},{\"@type\":\"Organization\",\"@id\":\"https:\/\/www.wojoer.de\/#organization\",\"name\":\"Wonneberger-Manufaktur\",\"url\":\"https:\/\/www.wojoer.de\/\",\"logo\":{\"@type\":\"ImageObject\",\"inLanguage\":\"en-GB\",\"@id\":\"https:\/\/www.wojoer.de\/#\/schema\/logo\/image\/\",\"url\":\"https:\/\/www.wojoer.de\/wp-content\/uploads\/2016\/11\/wonnebergermanufaktur_logo_BUTTON.png\",\"contentUrl\":\"https:\/\/www.wojoer.de\/wp-content\/uploads\/2016\/11\/wonnebergermanufaktur_logo_BUTTON.png\",\"width\":765,\"height\":765,\"caption\":\"Wonneberger-Manufaktur\"},\"image\":{\"@id\":\"https:\/\/www.wojoer.de\/#\/schema\/logo\/image\/\"},\"sameAs\":[\"https:\/\/www.facebook.com\/wojoer\/\",\"https:\/\/de.pinterest.com\/W0J0ER\/\"]}]}<\/script>\n<!-- \/ Yoast SEO plugin. -->","yoast_head_json":{"title":"Ladies Ouverte Stripp Triangletop | Bustier | Beach & Underwear |","description":"Sexy Ladies Ouverte Stripp Triangletop enhances the natural Shape of your breats & is extremely tempting. 3 snap fasteners. Available in 9 bright colors","robots":{"index":"index","follow":"follow","max-snippet":"max-snippet:-1","max-image-preview":"max-image-preview:large","max-video-preview":"max-video-preview:-1"},"canonical":"https:\/\/www.wojoer.de\/en\/produkt\/beun-ladies-ouverte-triangletop\/","twitter_card":"summary_large_image","twitter_title":"[:de]Damen Ouverte Triangletop | offener BH | Beach & Underwear |[:en]Ladies Ouverte Stripp Triangletop | Bustier | Beach & Underwear |[:]","twitter_description":"[:de]Das sexy Damen Ouverte Triangletop betont die nat\u00fcrliche Form deiner Br\u00fcste & ist wahnsinnig verlockend. In 9 phantastischen Farben erh\u00e4ltlich[:en]Sexy Ladies Ouverte Stripp Triangletop enhances the natural Shape of your breats & is extremely tempting. 3 snap fasteners. Available in 9 bright colors[:]","twitter_image":"https:\/\/www.wojoer.de\/wp-content\/uploads\/2019\/05\/320F6_320F103_BEUN_BASIC_G_String_OUVERTE_BH_eis_blau_women_wojoer_.jpg","twitter_misc":{"Estimated reading time":"2 minutes"},"schema":{"@context":"https:\/\/schema.org","@graph":[{"@type":"WebPage","@id":"https:\/\/www.wojoer.de\/produkt\/beun-ladies-ouverte-triangletop\/","url":"https:\/\/www.wojoer.de\/produkt\/beun-ladies-ouverte-triangletop\/","name":"Ladies Ouverte Stripp Triangletop | Bustier | Beach & Underwear |","isPartOf":{"@id":"https:\/\/www.wojoer.de\/#website"},"primaryImageOfPage":{"@id":"https:\/\/www.wojoer.de\/produkt\/beun-ladies-ouverte-triangletop\/#primaryimage"},"image":{"@id":"https:\/\/www.wojoer.de\/produkt\/beun-ladies-ouverte-triangletop\/#primaryimage"},"thumbnailUrl":"https:\/\/www.wojoer.de\/wp-content\/uploads\/2019\/05\/320F6_320F103_BEUN_BASIC_G_String_OUVERTE_BH_eis_blau_women_wojoer_.jpg","datePublished":"2019-03-28T08:36:48+00:00","dateModified":"2026-02-19T11:19:34+00:00","description":"Sexy Ladies Ouverte Stripp Triangletop enhances the natural Shape of your breats & is extremely tempting. 3 snap fasteners. Available in 9 bright colors","breadcrumb":{"@id":"https:\/\/www.wojoer.de\/produkt\/beun-ladies-ouverte-triangletop\/#breadcrumb"},"inLanguage":"en-GB","potentialAction":[{"@type":"ReadAction","target":["https:\/\/www.wojoer.de\/produkt\/beun-ladies-ouverte-triangletop\/"]}]},{"@type":"ImageObject","inLanguage":"en-GB","@id":"https:\/\/www.wojoer.de\/produkt\/beun-ladies-ouverte-triangletop\/#primaryimage","url":"https:\/\/www.wojoer.de\/wp-content\/uploads\/2019\/05\/320F6_320F103_BEUN_BASIC_G_String_OUVERTE_BH_eis_blau_women_wojoer_.jpg","contentUrl":"https:\/\/www.wojoer.de\/wp-content\/uploads\/2019\/05\/320F6_320F103_BEUN_BASIC_G_String_OUVERTE_BH_eis_blau_women_wojoer_.jpg","width":2002,"height":2002},{"@type":"BreadcrumbList","@id":"https:\/\/www.wojoer.de\/produkt\/beun-ladies-ouverte-triangletop\/#breadcrumb","itemListElement":[{"@type":"ListItem","position":1,"name":"Startseite","item":"https:\/\/www.wojoer.de\/"},{"@type":"ListItem","position":2,"name":"SHOP","item":"https:\/\/www.wojoer.de\/shop\/"},{"@type":"ListItem","position":3,"name":"BEUN Damen Ouvert Triangeltop"}]},{"@type":"WebSite","@id":"https:\/\/www.wojoer.de\/#website","url":"https:\/\/www.wojoer.de\/","name":"WOJOER","description":"clubwear for men","publisher":{"@id":"https:\/\/www.wojoer.de\/#organization"},"potentialAction":[{"@type":"SearchAction","target":{"@type":"EntryPoint","urlTemplate":"https:\/\/www.wojoer.de\/?s={search_term_string}"},"query-input":{"@type":"PropertyValueSpecification","valueRequired":true,"valueName":"search_term_string"}}],"inLanguage":"en-GB"},{"@type":"Organization","@id":"https:\/\/www.wojoer.de\/#organization","name":"Wonneberger-Manufaktur","url":"https:\/\/www.wojoer.de\/","logo":{"@type":"ImageObject","inLanguage":"en-GB","@id":"https:\/\/www.wojoer.de\/#\/schema\/logo\/image\/","url":"https:\/\/www.wojoer.de\/wp-content\/uploads\/2016\/11\/wonnebergermanufaktur_logo_BUTTON.png","contentUrl":"https:\/\/www.wojoer.de\/wp-content\/uploads\/2016\/11\/wonnebergermanufaktur_logo_BUTTON.png","width":765,"height":765,"caption":"Wonneberger-Manufaktur"},"image":{"@id":"https:\/\/www.wojoer.de\/#\/schema\/logo\/image\/"},"sameAs":["https:\/\/www.facebook.com\/wojoer\/","https:\/\/de.pinterest.com\/W0J0ER\/"]}]}},"_links":{"self":[{"href":"https:\/\/www.wojoer.de\/en\/wp-json\/wp\/v2\/product\/13576","targetHints":{"allow":["GET"]}}],"collection":[{"href":"https:\/\/www.wojoer.de\/en\/wp-json\/wp\/v2\/product"}],"about":[{"href":"https:\/\/www.wojoer.de\/en\/wp-json\/wp\/v2\/types\/product"}],"replies":[{"embeddable":true,"href":"https:\/\/www.wojoer.de\/en\/wp-json\/wp\/v2\/comments?post=13576"}],"wp:featuredmedia":[{"embeddable":true,"href":"https:\/\/www.wojoer.de\/en\/wp-json\/wp\/v2\/media\/15166"}],"wp:attachment":[{"href":"https:\/\/www.wojoer.de\/en\/wp-json\/wp\/v2\/media?parent=13576"}],"wp:term":[{"taxonomy":"product_brand","embeddable":true,"href":"https:\/\/www.wojoer.de\/en\/wp-json\/wp\/v2\/product_brand?post=13576"},{"taxonomy":"product_cat","embeddable":true,"href":"https:\/\/www.wojoer.de\/en\/wp-json\/wp\/v2\/product_cat?post=13576"},{"taxonomy":"product_tag","embeddable":true,"href":"https:\/\/www.wojoer.de\/en\/wp-json\/wp\/v2\/product_tag?post=13576"}],"curies":[{"name":"wp","href":"https:\/\/api.w.org\/{rel}","templated":true}]}}