{"id":13765,"date":"2019-04-02T09:34:53","date_gmt":"2019-04-02T07:34:53","guid":{"rendered":"https:\/\/www.wojoer.de\/produkt\/beun-damen-triangletop-320f102r-vulcanorot\/"},"modified":"2026-02-19T12:18:21","modified_gmt":"2026-02-19T11:18:21","slug":"beun-damen-triangletop","status":"publish","type":"product","link":"https:\/\/www.wojoer.de\/en\/produkt\/beun-damen-triangletop\/","title":{"rendered":"BEUN Damen Triangeltop"},"content":{"rendered":"<p>Immer vorr\u00e4tig, denn das BEUN Damen Triangletop 0320TF52 ist Never-Out-of-Stock und geh\u00f6rt damit zu den Wojoer NOS-Produkten.<\/p>\n<p>Erh\u00e4ltlich in den Farben <img loading=\"lazy\" decoding=\"async\" class=\"alignnone size-full wp-image-6164\" src=\"http:\/\/www.wojoer.de\/wp-content\/uploads\/2017\/05\/wei\u00df.jpg\" alt=\"__wei\u00df\" width=\"9\" height=\"9\" \/> Crema | <img loading=\"lazy\" decoding=\"async\" class=\"alignnone size-full wp-image-6163\" src=\"http:\/\/www.wojoer.de\/wp-content\/uploads\/2017\/05\/schwarz.jpg\" alt=\"__schwarz\" width=\"9\" height=\"9\" \/> Schwarz | <img loading=\"lazy\" decoding=\"async\" class=\"alignnone size-full wp-image-6156\" src=\"http:\/\/www.wojoer.de\/wp-content\/uploads\/2017\/05\/pink-1.jpg\" alt=\"pink\" width=\"9\" height=\"9\" \/> Candypink | <a href=\"https:\/\/www.wojoer.de\/wp-content\/uploads\/2018\/04\/vulcano.jpg\"><img loading=\"lazy\" decoding=\"async\" class=\"alignnone size-full wp-image-10040\" src=\"https:\/\/www.wojoer.de\/wp-content\/uploads\/2018\/04\/vulcano.jpg\" alt=\"\" width=\"9\" height=\"9\" \/><\/a> Vulcano | <img loading=\"lazy\" decoding=\"async\" class=\"alignnone size-full wp-image-6157\" src=\"http:\/\/www.wojoer.de\/wp-content\/uploads\/2017\/05\/blau.jpg\" alt=\"__blau\" width=\"9\" height=\"9\" \/> Royalblau | <img loading=\"lazy\" decoding=\"async\" class=\"alignnone size-full wp-image-6158\" src=\"http:\/\/www.wojoer.de\/wp-content\/uploads\/2017\/05\/eisblau.jpg\" alt=\"__eisblau\" width=\"9\" height=\"9\" \/> Eisblau |<\/p>\n<p><a href=\"https:\/\/www.wojoer.de\/wp-content\/uploads\/2018\/04\/neoncoral.jpg\"><img loading=\"lazy\" decoding=\"async\" class=\"alignnone size-full wp-image-10034\" src=\"https:\/\/www.wojoer.de\/wp-content\/uploads\/2018\/04\/neoncoral.jpg\" alt=\"\" width=\"9\" height=\"9\" \/><\/a> Neoncoral | <a href=\"https:\/\/www.wojoer.de\/wp-content\/uploads\/2018\/04\/neongelb.jpg\"><img loading=\"lazy\" decoding=\"async\" class=\"alignnone size-full wp-image-10035\" src=\"https:\/\/www.wojoer.de\/wp-content\/uploads\/2018\/04\/neongelb.jpg\" alt=\"\" width=\"9\" height=\"9\" \/><\/a> Neongelb | <a href=\"https:\/\/www.wojoer.de\/wp-content\/uploads\/2018\/04\/nude.jpg\"><img loading=\"lazy\" decoding=\"async\" class=\"alignnone size-full wp-image-10036\" src=\"https:\/\/www.wojoer.de\/wp-content\/uploads\/2018\/04\/nude.jpg\" alt=\"\" width=\"9\" height=\"9\" \/><\/a> Nude<\/p>\n<h3>Gr\u00f6\u00dfen<\/h3>\n<p>Erh\u00e4ltlich in den Gr\u00f6\u00dfen S, M, L, XL<\/p>\n<p>S: \u00a0 \u00a0 70\u00a0\u00a0 CUP: AA bis B<\/p>\n<p>M:\u00a0 \u00a0 75\u00a0 CUP: AA bis B<\/p>\n<p>L:\u00a0\u00a0 \u00a0 80\u00a0 CUP: C bis E<\/p>\n<p>XL:\u00a0 85\u00a0 CUP: C bis E<\/p>\n<h3>Materialzusammensetzung<\/h3>\n<p>BEUN: 82% Polyamid, 18% Elasthan<\/p>\n<h3>Besonderheiten<\/h3>\n<p><a href=\"http:\/\/www.wojoer.de\/?s=nos&#038;post_type=product\">NOS Produkt<\/a> | badetauglich | seidenmatte Oberfl\u00e4chenoptik | leicht transparent | luftig | schnell trocknend | dehnbar | hautenge, bequeme Passform | B\u00fcgellos | ohne Verschluss | hochwertige Verarbeitung &#8220;Made in Germany&#8221;<\/p>\n<h3>Benutzerhinweise<\/h3>\n<p>30\u00b0 Schonw\u00e4sche | auf niedriger Stufe b\u00fcgeln<\/p>\n<h3>BEUN DAMEN TRIANGLETOP &#8211; BEACH &#038; UNDERWEAR Sexy Bikinitop<\/h3>\n<p>Dieses Beach &#038; Underwear Damen Triangletop in verschiedenen Farben weckt verspielte Fantasien und zieht alle Blicke auf deine prallen Br\u00fcste. Leicht transparent, matt, hauch d\u00fcnn, schnell trocknend und kaum zu sp\u00fcren &#8211; fast nackt. Sexy werden deine Nippel betont und inspirieren zu verbotenen Spielchen. Das k\u00f6nnte vorteilhaft sein, ob unterm Schreibtisch im B\u00fcro, am Tresen im Club oder auch am Strand hinter den warmen Sandd\u00fcnen. Deiner Fantasie sind keine Grenzen gesetzt. Kein anderes Bikinitop ist so fein und leicht und trotzdem salz- und chlorwasserresistent.\u00a0 Ohne l\u00e4stige Verschl\u00fcsse, einfach dr\u00fcberziehen und der Spa\u00df kann beginnen. Vervollst\u00e4ndige dein Outfit noch mit dem passenden H\u00f6schen, denn damit bist du garantiert der Mittelpunkt! Und weil es so sexy und bequem gleicherma\u00dfen ist, gibt&#8217;s f\u00fcr deinen Partner den passenden <a href=\"https:\/\/www.wojoer.de\/produkt\/beun-basic-slip-vulcano-rot\/\">Partnerlook &#8211;<\/a>String dazu.<\/p>\n<p>&nbsp;<\/p>\n<p>&nbsp;<\/p>\n","protected":false},"excerpt":{"rendered":"<p>Immer vorr\u00e4tig, denn das BEUN Damen Triangletop 0320TF52 ist Never-Out-of-Stock und geh\u00f6rt damit zu den Wojoer NOS-Produkten.<\/p>\n<p>Erh\u00e4ltlich in den Farben  Crema |  Schwarz |  Candypink |  Vulcano |  Royalblau |  Eisblau |<\/p>\n<p> Neoncoral |\u2026<\/p>\n","protected":false},"featured_media":15245,"comment_status":"open","ping_status":"closed","template":"","meta":[],"product_brand":[],"product_cat":[690,169,471],"product_tag":[108,485],"class_list":{"0":"post-13765","1":"product","2":"type-product","3":"status-publish","4":"has-post-thumbnail","6":"product_cat-beunladies","7":"product_cat-nos-never-out-of-stock","8":"product_cat-partnerlook","9":"product_tag-1beachwear","10":"product_tag-bikinitop","11":"product_shipping_class-beun","12":"pa_farbe-eisblau","13":"pa_farbe-royalblau","14":"pa_farbe-candypink","15":"pa_farbe-crema","16":"pa_farbe-neoncoral","17":"pa_farbe-neongelb","18":"pa_farbe-nude","19":"pa_farbe-vulcano","20":"pa_farbe-schwarz","21":"pa_groesse-l","22":"pa_groesse-m","23":"pa_groesse-s","24":"pa_groesse-xl","25":"pa_groesse-xs","26":"pif-has-gallery","27":"post-1","28":"odd","30":"first","31":"instock","32":"featured","33":"taxable","34":"shipping-taxable","35":"purchasable","36":"product-type-variable","37":"has-default-attributes"},"yoast_head":"<!-- This site is optimized with the Yoast SEO plugin v27.2 - https:\/\/yoast.com\/product\/yoast-seo-wordpress\/ -->\n<title>Damen Triangletop | Bikinitop | Beach &amp; Underwear | d\u00fcnn &amp; bequem<\/title>\n<meta name=\"description\" content=\"Das hauchd\u00fcnne, leicht transparente, matte Damen Triangletop liegt seidig weich auf der Haut &amp; ist schnell trocknend. In 9 phantastischen Farben erh\u00e4ltlich\" \/>\n<meta name=\"robots\" content=\"index, follow, max-snippet:-1, max-image-preview:large, max-video-preview:-1\" \/>\n<link rel=\"canonical\" href=\"https:\/\/www.wojoer.de\/en\/produkt\/beun-damen-triangletop\/\" \/>\n<meta name=\"twitter:card\" content=\"summary_large_image\" \/>\n<meta name=\"twitter:title\" content=\"Damen Triangletop | Bikinitop | Beach &amp; Underwear | d\u00fcnn &amp; bequem\" \/>\n<meta name=\"twitter:description\" content=\"Das hauchd\u00fcnne, leicht transparente, matte Damen Triangletop liegt seidig weich auf der Haut &amp; ist schnell trocknend. In 9 phantastischen Farben erh\u00e4ltlich\" \/>\n<meta name=\"twitter:image\" content=\"https:\/\/www.wojoer.de\/wp-content\/uploads\/2019\/05\/320F8_320F102_BEUN_BASIC_Hotpants_BH_vulcano_rot_side_women_wojoer.jpg\" \/>\n<meta name=\"twitter:label1\" content=\"Estimated reading time\" \/>\n\t<meta name=\"twitter:data1\" content=\"4 minutes\" \/>\n<script type=\"application\/ld+json\" class=\"yoast-schema-graph\">{\"@context\":\"https:\/\/schema.org\",\"@graph\":[{\"@type\":\"WebPage\",\"@id\":\"https:\/\/www.wojoer.de\/produkt\/beun-damen-triangletop\/\",\"url\":\"https:\/\/www.wojoer.de\/produkt\/beun-damen-triangletop\/\",\"name\":\"Damen Triangletop | Bikinitop | Beach & Underwear | d\u00fcnn & bequem\",\"isPartOf\":{\"@id\":\"https:\/\/www.wojoer.de\/#website\"},\"primaryImageOfPage\":{\"@id\":\"https:\/\/www.wojoer.de\/produkt\/beun-damen-triangletop\/#primaryimage\"},\"image\":{\"@id\":\"https:\/\/www.wojoer.de\/produkt\/beun-damen-triangletop\/#primaryimage\"},\"thumbnailUrl\":\"https:\/\/www.wojoer.de\/wp-content\/uploads\/2019\/05\/320F8_320F102_BEUN_BASIC_Hotpants_BH_vulcano_rot_side_women_wojoer.jpg\",\"datePublished\":\"2019-04-02T07:34:53+00:00\",\"dateModified\":\"2026-02-19T11:18:21+00:00\",\"description\":\"Das hauchd\u00fcnne, leicht transparente, matte Damen Triangletop liegt seidig weich auf der Haut & ist schnell trocknend. In 9 phantastischen Farben erh\u00e4ltlich\",\"breadcrumb\":{\"@id\":\"https:\/\/www.wojoer.de\/produkt\/beun-damen-triangletop\/#breadcrumb\"},\"inLanguage\":\"en-GB\",\"potentialAction\":[{\"@type\":\"ReadAction\",\"target\":[\"https:\/\/www.wojoer.de\/produkt\/beun-damen-triangletop\/\"]}]},{\"@type\":\"ImageObject\",\"inLanguage\":\"en-GB\",\"@id\":\"https:\/\/www.wojoer.de\/produkt\/beun-damen-triangletop\/#primaryimage\",\"url\":\"https:\/\/www.wojoer.de\/wp-content\/uploads\/2019\/05\/320F8_320F102_BEUN_BASIC_Hotpants_BH_vulcano_rot_side_women_wojoer.jpg\",\"contentUrl\":\"https:\/\/www.wojoer.de\/wp-content\/uploads\/2019\/05\/320F8_320F102_BEUN_BASIC_Hotpants_BH_vulcano_rot_side_women_wojoer.jpg\",\"width\":2002,\"height\":2002},{\"@type\":\"BreadcrumbList\",\"@id\":\"https:\/\/www.wojoer.de\/produkt\/beun-damen-triangletop\/#breadcrumb\",\"itemListElement\":[{\"@type\":\"ListItem\",\"position\":1,\"name\":\"Startseite\",\"item\":\"https:\/\/www.wojoer.de\/\"},{\"@type\":\"ListItem\",\"position\":2,\"name\":\"SHOP\",\"item\":\"https:\/\/www.wojoer.de\/shop\/\"},{\"@type\":\"ListItem\",\"position\":3,\"name\":\"BEUN Damen Triangeltop\"}]},{\"@type\":\"WebSite\",\"@id\":\"https:\/\/www.wojoer.de\/#website\",\"url\":\"https:\/\/www.wojoer.de\/\",\"name\":\"WOJOER\",\"description\":\"clubwear for men\",\"publisher\":{\"@id\":\"https:\/\/www.wojoer.de\/#organization\"},\"potentialAction\":[{\"@type\":\"SearchAction\",\"target\":{\"@type\":\"EntryPoint\",\"urlTemplate\":\"https:\/\/www.wojoer.de\/?s={search_term_string}\"},\"query-input\":{\"@type\":\"PropertyValueSpecification\",\"valueRequired\":true,\"valueName\":\"search_term_string\"}}],\"inLanguage\":\"en-GB\"},{\"@type\":\"Organization\",\"@id\":\"https:\/\/www.wojoer.de\/#organization\",\"name\":\"Wonneberger-Manufaktur\",\"url\":\"https:\/\/www.wojoer.de\/\",\"logo\":{\"@type\":\"ImageObject\",\"inLanguage\":\"en-GB\",\"@id\":\"https:\/\/www.wojoer.de\/#\/schema\/logo\/image\/\",\"url\":\"https:\/\/www.wojoer.de\/wp-content\/uploads\/2016\/11\/wonnebergermanufaktur_logo_BUTTON.png\",\"contentUrl\":\"https:\/\/www.wojoer.de\/wp-content\/uploads\/2016\/11\/wonnebergermanufaktur_logo_BUTTON.png\",\"width\":765,\"height\":765,\"caption\":\"Wonneberger-Manufaktur\"},\"image\":{\"@id\":\"https:\/\/www.wojoer.de\/#\/schema\/logo\/image\/\"},\"sameAs\":[\"https:\/\/www.facebook.com\/wojoer\/\",\"https:\/\/de.pinterest.com\/W0J0ER\/\"]}]}<\/script>\n<!-- \/ Yoast SEO plugin. -->","yoast_head_json":{"title":"Damen Triangletop | Bikinitop | Beach & Underwear | d\u00fcnn & bequem","description":"Das hauchd\u00fcnne, leicht transparente, matte Damen Triangletop liegt seidig weich auf der Haut & ist schnell trocknend. In 9 phantastischen Farben erh\u00e4ltlich","robots":{"index":"index","follow":"follow","max-snippet":"max-snippet:-1","max-image-preview":"max-image-preview:large","max-video-preview":"max-video-preview:-1"},"canonical":"https:\/\/www.wojoer.de\/en\/produkt\/beun-damen-triangletop\/","twitter_card":"summary_large_image","twitter_title":"Damen Triangletop | Bikinitop | Beach & Underwear | d\u00fcnn & bequem","twitter_description":"Das hauchd\u00fcnne, leicht transparente, matte Damen Triangletop liegt seidig weich auf der Haut & ist schnell trocknend. In 9 phantastischen Farben erh\u00e4ltlich","twitter_image":"https:\/\/www.wojoer.de\/wp-content\/uploads\/2019\/05\/320F8_320F102_BEUN_BASIC_Hotpants_BH_vulcano_rot_side_women_wojoer.jpg","twitter_misc":{"Estimated reading time":"4 minutes"},"schema":{"@context":"https:\/\/schema.org","@graph":[{"@type":"WebPage","@id":"https:\/\/www.wojoer.de\/produkt\/beun-damen-triangletop\/","url":"https:\/\/www.wojoer.de\/produkt\/beun-damen-triangletop\/","name":"Damen Triangletop | Bikinitop | Beach & Underwear | d\u00fcnn & bequem","isPartOf":{"@id":"https:\/\/www.wojoer.de\/#website"},"primaryImageOfPage":{"@id":"https:\/\/www.wojoer.de\/produkt\/beun-damen-triangletop\/#primaryimage"},"image":{"@id":"https:\/\/www.wojoer.de\/produkt\/beun-damen-triangletop\/#primaryimage"},"thumbnailUrl":"https:\/\/www.wojoer.de\/wp-content\/uploads\/2019\/05\/320F8_320F102_BEUN_BASIC_Hotpants_BH_vulcano_rot_side_women_wojoer.jpg","datePublished":"2019-04-02T07:34:53+00:00","dateModified":"2026-02-19T11:18:21+00:00","description":"Das hauchd\u00fcnne, leicht transparente, matte Damen Triangletop liegt seidig weich auf der Haut & ist schnell trocknend. In 9 phantastischen Farben erh\u00e4ltlich","breadcrumb":{"@id":"https:\/\/www.wojoer.de\/produkt\/beun-damen-triangletop\/#breadcrumb"},"inLanguage":"en-GB","potentialAction":[{"@type":"ReadAction","target":["https:\/\/www.wojoer.de\/produkt\/beun-damen-triangletop\/"]}]},{"@type":"ImageObject","inLanguage":"en-GB","@id":"https:\/\/www.wojoer.de\/produkt\/beun-damen-triangletop\/#primaryimage","url":"https:\/\/www.wojoer.de\/wp-content\/uploads\/2019\/05\/320F8_320F102_BEUN_BASIC_Hotpants_BH_vulcano_rot_side_women_wojoer.jpg","contentUrl":"https:\/\/www.wojoer.de\/wp-content\/uploads\/2019\/05\/320F8_320F102_BEUN_BASIC_Hotpants_BH_vulcano_rot_side_women_wojoer.jpg","width":2002,"height":2002},{"@type":"BreadcrumbList","@id":"https:\/\/www.wojoer.de\/produkt\/beun-damen-triangletop\/#breadcrumb","itemListElement":[{"@type":"ListItem","position":1,"name":"Startseite","item":"https:\/\/www.wojoer.de\/"},{"@type":"ListItem","position":2,"name":"SHOP","item":"https:\/\/www.wojoer.de\/shop\/"},{"@type":"ListItem","position":3,"name":"BEUN Damen Triangeltop"}]},{"@type":"WebSite","@id":"https:\/\/www.wojoer.de\/#website","url":"https:\/\/www.wojoer.de\/","name":"WOJOER","description":"clubwear for men","publisher":{"@id":"https:\/\/www.wojoer.de\/#organization"},"potentialAction":[{"@type":"SearchAction","target":{"@type":"EntryPoint","urlTemplate":"https:\/\/www.wojoer.de\/?s={search_term_string}"},"query-input":{"@type":"PropertyValueSpecification","valueRequired":true,"valueName":"search_term_string"}}],"inLanguage":"en-GB"},{"@type":"Organization","@id":"https:\/\/www.wojoer.de\/#organization","name":"Wonneberger-Manufaktur","url":"https:\/\/www.wojoer.de\/","logo":{"@type":"ImageObject","inLanguage":"en-GB","@id":"https:\/\/www.wojoer.de\/#\/schema\/logo\/image\/","url":"https:\/\/www.wojoer.de\/wp-content\/uploads\/2016\/11\/wonnebergermanufaktur_logo_BUTTON.png","contentUrl":"https:\/\/www.wojoer.de\/wp-content\/uploads\/2016\/11\/wonnebergermanufaktur_logo_BUTTON.png","width":765,"height":765,"caption":"Wonneberger-Manufaktur"},"image":{"@id":"https:\/\/www.wojoer.de\/#\/schema\/logo\/image\/"},"sameAs":["https:\/\/www.facebook.com\/wojoer\/","https:\/\/de.pinterest.com\/W0J0ER\/"]}]}},"_links":{"self":[{"href":"https:\/\/www.wojoer.de\/en\/wp-json\/wp\/v2\/product\/13765","targetHints":{"allow":["GET"]}}],"collection":[{"href":"https:\/\/www.wojoer.de\/en\/wp-json\/wp\/v2\/product"}],"about":[{"href":"https:\/\/www.wojoer.de\/en\/wp-json\/wp\/v2\/types\/product"}],"replies":[{"embeddable":true,"href":"https:\/\/www.wojoer.de\/en\/wp-json\/wp\/v2\/comments?post=13765"}],"wp:featuredmedia":[{"embeddable":true,"href":"https:\/\/www.wojoer.de\/en\/wp-json\/wp\/v2\/media\/15245"}],"wp:attachment":[{"href":"https:\/\/www.wojoer.de\/en\/wp-json\/wp\/v2\/media?parent=13765"}],"wp:term":[{"taxonomy":"product_brand","embeddable":true,"href":"https:\/\/www.wojoer.de\/en\/wp-json\/wp\/v2\/product_brand?post=13765"},{"taxonomy":"product_cat","embeddable":true,"href":"https:\/\/www.wojoer.de\/en\/wp-json\/wp\/v2\/product_cat?post=13765"},{"taxonomy":"product_tag","embeddable":true,"href":"https:\/\/www.wojoer.de\/en\/wp-json\/wp\/v2\/product_tag?post=13765"}],"curies":[{"name":"wp","href":"https:\/\/api.w.org\/{rel}","templated":true}]}}