{"id":13770,"date":"2019-09-27T10:00:54","date_gmt":"2019-09-27T08:00:54","guid":{"rendered":"https:\/\/www.wojoer.de\/produkt\/beun-damen-stripe-ouverte-triangletop-322f103p\/"},"modified":"2026-02-23T11:14:58","modified_gmt":"2026-02-23T10:14:58","slug":"beun-damen-stripe-ouverte-triangletop-322f103p","status":"publish","type":"product","link":"https:\/\/www.wojoer.de\/en\/produkt\/beun-damen-stripe-ouverte-triangletop-322f103p\/","title":{"rendered":"BEUN Ladies Strip Ouverte Triangletop 322F103P candypink"},"content":{"rendered":"<p>Always on stock, because the <a href=\"https:\/\/www.wojoer.de\/?s=BEUN&#038;post_type=product\">BEUN<\/a> Ladies Strip Ouverte Triangletop 322F103P is never-out-of-stock and belongs to the wojoer <a href=\"https:\/\/www.wojoer.de\/?s=nos&#038;post_type=product\">NOS<\/a> products.<\/p>\n<h3>Sizes<\/h3>\n<p>S: \u00a0 \u00a0 70\u00a0\u00a0 CUP: AA bis C<\/p>\n<p>M:\u00a0 \u00a0 75\u00a0 CUP: AA bis C<\/p>\n<p>L:\u00a0\u00a0 \u00a0 80\u00a0 CUP: C bis E<\/p>\n<p>XL:\u00a0 85\u00a0 CUP: C bis E<\/p>\n<p><strong>Material compositon<\/strong><\/p>\n<p>BEUN: 82% polyamide, 18% elasthane<\/p>\n<p><strong>Particularities<\/strong><\/p>\n<p><a href=\"http:\/\/www.wojoer.de\/?s=nos&#038;post_type=product\">NOS Produkt<\/a> | swimwear | silk-matt surface optics | light transparent | airly | fast drying | skintight, comfortable fit | no bow under the boobs | whitout cap | charakteristik contrast bands | high quality Made in Germany<\/p>\n<p><strong>Wash instructions<\/strong><\/p>\n<p>30\u00b0 gentle cycle | on low level iron<\/p>\n<h3>BEUN DAMEN STRIPP OUVERTE TRIANGLETOP &#8211; BEACH &#038; UNDERWEAR Sexy Bikinitop<\/h3>\n<p>This Beach &#038; Underwear women Stripe Ouverte Triangletop in candypink awakens playful fantasies and draws all eyes to your plump breasts. Slightly transparent, dull, extremly thin, fast drying and barely noticeable &#8211; always naked. Sexy, youre nipples are emphasizes and the snap fasteners on the front inspire forbidden games. No other bikini Top is so fine and light, yet resistant to salt and chlorine. Complete youre outfit with the matching panties, because you are guaranteed the cener. And because its so sexy and comfortable at the same time, there&#8217;s a matching <a href=\"https:\/\/www.wojoer.de\/?s=partnerlook&#038;post_type=product\">partnerlook<\/a> string for your partner.<\/p>\n<p>Chlick here for the<a href=\"https:\/\/www.wojoer.de\/groessentabelle\/\"> sizes char<\/a>t.<\/p>\n","protected":false},"excerpt":{"rendered":"<p>Immer vorr\u00e4tig, denn das BEUN Damen Stripe Ouverte Triangletop 0322-TF55 ist Never-Out-of-Stock und geh\u00f6rt damit zu den Wojoer NOS-Produkten.<br \/>\nGr\u00f6\u00dfen<br \/>\nErh\u00e4ltlich in den Gr\u00f6\u00dfen S, M, L, XL<\/p>\n<p>S: \u00a0 \u00a0 70\u00a0\u00a0 CUP: AA bis B<\/p>\n<p>M:\u00a0 \u00a0 75\u00a0 CUP: AA bis B<\/p>\n<p>L:\u00a0\u00a0 \u00a0\u2026<\/p>\n","protected":false},"featured_media":15452,"comment_status":"open","ping_status":"closed","template":"","meta":[],"product_brand":[],"product_cat":[690,114,169,471],"product_tag":[108,485,487],"class_list":{"0":"post-13770","1":"product","2":"type-product","3":"status-publish","4":"has-post-thumbnail","6":"product_cat-beunladies","7":"product_cat-fetisch","8":"product_cat-nos-never-out-of-stock","9":"product_cat-partnerlook","10":"product_tag-1beachwear","11":"product_tag-bikinitop","12":"product_tag-ouverte","13":"product_shipping_class-beun","14":"pa_farbe-eisblau","15":"pa_farbe-royalblau","16":"pa_farbe-candypink","17":"pa_farbe-crema","18":"pa_farbe-neoncoral","19":"pa_farbe-neongelb","20":"pa_farbe-nude","21":"pa_farbe-vulcano","22":"pa_farbe-schwarz","23":"pa_groesse-l","24":"pa_groesse-m","25":"pa_groesse-s","26":"pa_groesse-xl","27":"pif-has-gallery","28":"post-1","29":"odd","31":"first","32":"instock","33":"featured","34":"taxable","35":"shipping-taxable","36":"purchasable","37":"product-type-variable","38":"has-default-attributes"},"yoast_head":"<!-- This site is optimized with the Yoast SEO plugin v27.2 - https:\/\/yoast.com\/product\/yoast-seo-wordpress\/ -->\n<title>Damen Stripe Ouverte Triangletop | offener BH | Beach &amp; Underwear |<\/title>\n<meta name=\"description\" content=\"Das sexy Damen Stripe Ouverte Triangletop betont die nat\u00fcrliche Form deiner Br\u00fcste &amp; ist wahnsinnig verlockend. In 9 phantastischen Farben erh\u00e4ltlich\" \/>\n<meta name=\"robots\" content=\"index, follow, max-snippet:-1, max-image-preview:large, max-video-preview:-1\" \/>\n<link rel=\"canonical\" href=\"https:\/\/www.wojoer.de\/en\/produkt\/beun-damen-stripe-ouverte-triangletop-322f103p\/\" \/>\n<meta name=\"twitter:card\" content=\"summary_large_image\" \/>\n<meta name=\"twitter:title\" content=\"Damen Stripe Ouverte Triangletop | offener BH | Beach &amp; Underwear |\" \/>\n<meta name=\"twitter:description\" content=\"Das sexy Damen Stripe Ouverte Triangletop betont die nat\u00fcrliche Form deiner Br\u00fcste &amp; ist wahnsinnig verlockend. In 9 phantastischen Farben erh\u00e4ltlich\" \/>\n<meta name=\"twitter:image\" content=\"https:\/\/www.wojoer.de\/wp-content\/uploads\/2019\/05\/322F103_322F6_BEUN_STRIPE_G_String_OUVERTE_BH_candy_pink_women_wojoer_.jpg\" \/>\n<meta name=\"twitter:label1\" content=\"Estimated reading time\" \/>\n\t<meta name=\"twitter:data1\" content=\"2 minutes\" \/>\n<script type=\"application\/ld+json\" class=\"yoast-schema-graph\">{\"@context\":\"https:\/\/schema.org\",\"@graph\":[{\"@type\":\"WebPage\",\"@id\":\"https:\/\/www.wojoer.de\/produkt\/beun-damen-stripe-ouverte-triangletop-322f103p\/\",\"url\":\"https:\/\/www.wojoer.de\/produkt\/beun-damen-stripe-ouverte-triangletop-322f103p\/\",\"name\":\"Damen Stripe Ouverte Triangletop | offener BH | Beach & Underwear |\",\"isPartOf\":{\"@id\":\"https:\/\/www.wojoer.de\/#website\"},\"primaryImageOfPage\":{\"@id\":\"https:\/\/www.wojoer.de\/produkt\/beun-damen-stripe-ouverte-triangletop-322f103p\/#primaryimage\"},\"image\":{\"@id\":\"https:\/\/www.wojoer.de\/produkt\/beun-damen-stripe-ouverte-triangletop-322f103p\/#primaryimage\"},\"thumbnailUrl\":\"https:\/\/www.wojoer.de\/wp-content\/uploads\/2019\/05\/322F103_322F6_BEUN_STRIPE_G_String_OUVERTE_BH_candy_pink_women_wojoer_.jpg\",\"datePublished\":\"2019-09-27T08:00:54+00:00\",\"dateModified\":\"2026-02-23T10:14:58+00:00\",\"description\":\"Das sexy Damen Stripe Ouverte Triangletop betont die nat\u00fcrliche Form deiner Br\u00fcste & ist wahnsinnig verlockend. In 9 phantastischen Farben erh\u00e4ltlich\",\"breadcrumb\":{\"@id\":\"https:\/\/www.wojoer.de\/produkt\/beun-damen-stripe-ouverte-triangletop-322f103p\/#breadcrumb\"},\"inLanguage\":\"en-GB\",\"potentialAction\":[{\"@type\":\"ReadAction\",\"target\":[\"https:\/\/www.wojoer.de\/produkt\/beun-damen-stripe-ouverte-triangletop-322f103p\/\"]}]},{\"@type\":\"ImageObject\",\"inLanguage\":\"en-GB\",\"@id\":\"https:\/\/www.wojoer.de\/produkt\/beun-damen-stripe-ouverte-triangletop-322f103p\/#primaryimage\",\"url\":\"https:\/\/www.wojoer.de\/wp-content\/uploads\/2019\/05\/322F103_322F6_BEUN_STRIPE_G_String_OUVERTE_BH_candy_pink_women_wojoer_.jpg\",\"contentUrl\":\"https:\/\/www.wojoer.de\/wp-content\/uploads\/2019\/05\/322F103_322F6_BEUN_STRIPE_G_String_OUVERTE_BH_candy_pink_women_wojoer_.jpg\",\"width\":2002,\"height\":2002},{\"@type\":\"BreadcrumbList\",\"@id\":\"https:\/\/www.wojoer.de\/produkt\/beun-damen-stripe-ouverte-triangletop-322f103p\/#breadcrumb\",\"itemListElement\":[{\"@type\":\"ListItem\",\"position\":1,\"name\":\"Startseite\",\"item\":\"https:\/\/www.wojoer.de\/\"},{\"@type\":\"ListItem\",\"position\":2,\"name\":\"SHOP\",\"item\":\"https:\/\/www.wojoer.de\/shop\/\"},{\"@type\":\"ListItem\",\"position\":3,\"name\":\"BEUN Damen Stripe Ouvert Triangeltop\"}]},{\"@type\":\"WebSite\",\"@id\":\"https:\/\/www.wojoer.de\/#website\",\"url\":\"https:\/\/www.wojoer.de\/\",\"name\":\"WOJOER\",\"description\":\"clubwear for men\",\"publisher\":{\"@id\":\"https:\/\/www.wojoer.de\/#organization\"},\"potentialAction\":[{\"@type\":\"SearchAction\",\"target\":{\"@type\":\"EntryPoint\",\"urlTemplate\":\"https:\/\/www.wojoer.de\/?s={search_term_string}\"},\"query-input\":{\"@type\":\"PropertyValueSpecification\",\"valueRequired\":true,\"valueName\":\"search_term_string\"}}],\"inLanguage\":\"en-GB\"},{\"@type\":\"Organization\",\"@id\":\"https:\/\/www.wojoer.de\/#organization\",\"name\":\"Wonneberger-Manufaktur\",\"url\":\"https:\/\/www.wojoer.de\/\",\"logo\":{\"@type\":\"ImageObject\",\"inLanguage\":\"en-GB\",\"@id\":\"https:\/\/www.wojoer.de\/#\/schema\/logo\/image\/\",\"url\":\"https:\/\/www.wojoer.de\/wp-content\/uploads\/2016\/11\/wonnebergermanufaktur_logo_BUTTON.png\",\"contentUrl\":\"https:\/\/www.wojoer.de\/wp-content\/uploads\/2016\/11\/wonnebergermanufaktur_logo_BUTTON.png\",\"width\":765,\"height\":765,\"caption\":\"Wonneberger-Manufaktur\"},\"image\":{\"@id\":\"https:\/\/www.wojoer.de\/#\/schema\/logo\/image\/\"},\"sameAs\":[\"https:\/\/www.facebook.com\/wojoer\/\",\"https:\/\/de.pinterest.com\/W0J0ER\/\"]}]}<\/script>\n<!-- \/ Yoast SEO plugin. -->","yoast_head_json":{"title":"Damen Stripe Ouverte Triangletop | offener BH | Beach & Underwear |","description":"Das sexy Damen Stripe Ouverte Triangletop betont die nat\u00fcrliche Form deiner Br\u00fcste & ist wahnsinnig verlockend. In 9 phantastischen Farben erh\u00e4ltlich","robots":{"index":"index","follow":"follow","max-snippet":"max-snippet:-1","max-image-preview":"max-image-preview:large","max-video-preview":"max-video-preview:-1"},"canonical":"https:\/\/www.wojoer.de\/en\/produkt\/beun-damen-stripe-ouverte-triangletop-322f103p\/","twitter_card":"summary_large_image","twitter_title":"Damen Stripe Ouverte Triangletop | offener BH | Beach & Underwear |","twitter_description":"Das sexy Damen Stripe Ouverte Triangletop betont die nat\u00fcrliche Form deiner Br\u00fcste & ist wahnsinnig verlockend. In 9 phantastischen Farben erh\u00e4ltlich","twitter_image":"https:\/\/www.wojoer.de\/wp-content\/uploads\/2019\/05\/322F103_322F6_BEUN_STRIPE_G_String_OUVERTE_BH_candy_pink_women_wojoer_.jpg","twitter_misc":{"Estimated reading time":"2 minutes"},"schema":{"@context":"https:\/\/schema.org","@graph":[{"@type":"WebPage","@id":"https:\/\/www.wojoer.de\/produkt\/beun-damen-stripe-ouverte-triangletop-322f103p\/","url":"https:\/\/www.wojoer.de\/produkt\/beun-damen-stripe-ouverte-triangletop-322f103p\/","name":"Damen Stripe Ouverte Triangletop | offener BH | Beach & Underwear |","isPartOf":{"@id":"https:\/\/www.wojoer.de\/#website"},"primaryImageOfPage":{"@id":"https:\/\/www.wojoer.de\/produkt\/beun-damen-stripe-ouverte-triangletop-322f103p\/#primaryimage"},"image":{"@id":"https:\/\/www.wojoer.de\/produkt\/beun-damen-stripe-ouverte-triangletop-322f103p\/#primaryimage"},"thumbnailUrl":"https:\/\/www.wojoer.de\/wp-content\/uploads\/2019\/05\/322F103_322F6_BEUN_STRIPE_G_String_OUVERTE_BH_candy_pink_women_wojoer_.jpg","datePublished":"2019-09-27T08:00:54+00:00","dateModified":"2026-02-23T10:14:58+00:00","description":"Das sexy Damen Stripe Ouverte Triangletop betont die nat\u00fcrliche Form deiner Br\u00fcste & ist wahnsinnig verlockend. In 9 phantastischen Farben erh\u00e4ltlich","breadcrumb":{"@id":"https:\/\/www.wojoer.de\/produkt\/beun-damen-stripe-ouverte-triangletop-322f103p\/#breadcrumb"},"inLanguage":"en-GB","potentialAction":[{"@type":"ReadAction","target":["https:\/\/www.wojoer.de\/produkt\/beun-damen-stripe-ouverte-triangletop-322f103p\/"]}]},{"@type":"ImageObject","inLanguage":"en-GB","@id":"https:\/\/www.wojoer.de\/produkt\/beun-damen-stripe-ouverte-triangletop-322f103p\/#primaryimage","url":"https:\/\/www.wojoer.de\/wp-content\/uploads\/2019\/05\/322F103_322F6_BEUN_STRIPE_G_String_OUVERTE_BH_candy_pink_women_wojoer_.jpg","contentUrl":"https:\/\/www.wojoer.de\/wp-content\/uploads\/2019\/05\/322F103_322F6_BEUN_STRIPE_G_String_OUVERTE_BH_candy_pink_women_wojoer_.jpg","width":2002,"height":2002},{"@type":"BreadcrumbList","@id":"https:\/\/www.wojoer.de\/produkt\/beun-damen-stripe-ouverte-triangletop-322f103p\/#breadcrumb","itemListElement":[{"@type":"ListItem","position":1,"name":"Startseite","item":"https:\/\/www.wojoer.de\/"},{"@type":"ListItem","position":2,"name":"SHOP","item":"https:\/\/www.wojoer.de\/shop\/"},{"@type":"ListItem","position":3,"name":"BEUN Damen Stripe Ouvert Triangeltop"}]},{"@type":"WebSite","@id":"https:\/\/www.wojoer.de\/#website","url":"https:\/\/www.wojoer.de\/","name":"WOJOER","description":"clubwear for men","publisher":{"@id":"https:\/\/www.wojoer.de\/#organization"},"potentialAction":[{"@type":"SearchAction","target":{"@type":"EntryPoint","urlTemplate":"https:\/\/www.wojoer.de\/?s={search_term_string}"},"query-input":{"@type":"PropertyValueSpecification","valueRequired":true,"valueName":"search_term_string"}}],"inLanguage":"en-GB"},{"@type":"Organization","@id":"https:\/\/www.wojoer.de\/#organization","name":"Wonneberger-Manufaktur","url":"https:\/\/www.wojoer.de\/","logo":{"@type":"ImageObject","inLanguage":"en-GB","@id":"https:\/\/www.wojoer.de\/#\/schema\/logo\/image\/","url":"https:\/\/www.wojoer.de\/wp-content\/uploads\/2016\/11\/wonnebergermanufaktur_logo_BUTTON.png","contentUrl":"https:\/\/www.wojoer.de\/wp-content\/uploads\/2016\/11\/wonnebergermanufaktur_logo_BUTTON.png","width":765,"height":765,"caption":"Wonneberger-Manufaktur"},"image":{"@id":"https:\/\/www.wojoer.de\/#\/schema\/logo\/image\/"},"sameAs":["https:\/\/www.facebook.com\/wojoer\/","https:\/\/de.pinterest.com\/W0J0ER\/"]}]}},"_links":{"self":[{"href":"https:\/\/www.wojoer.de\/en\/wp-json\/wp\/v2\/product\/13770","targetHints":{"allow":["GET"]}}],"collection":[{"href":"https:\/\/www.wojoer.de\/en\/wp-json\/wp\/v2\/product"}],"about":[{"href":"https:\/\/www.wojoer.de\/en\/wp-json\/wp\/v2\/types\/product"}],"replies":[{"embeddable":true,"href":"https:\/\/www.wojoer.de\/en\/wp-json\/wp\/v2\/comments?post=13770"}],"wp:featuredmedia":[{"embeddable":true,"href":"https:\/\/www.wojoer.de\/en\/wp-json\/wp\/v2\/media\/15452"}],"wp:attachment":[{"href":"https:\/\/www.wojoer.de\/en\/wp-json\/wp\/v2\/media?parent=13770"}],"wp:term":[{"taxonomy":"product_brand","embeddable":true,"href":"https:\/\/www.wojoer.de\/en\/wp-json\/wp\/v2\/product_brand?post=13770"},{"taxonomy":"product_cat","embeddable":true,"href":"https:\/\/www.wojoer.de\/en\/wp-json\/wp\/v2\/product_cat?post=13770"},{"taxonomy":"product_tag","embeddable":true,"href":"https:\/\/www.wojoer.de\/en\/wp-json\/wp\/v2\/product_tag?post=13770"}],"curies":[{"name":"wp","href":"https:\/\/api.w.org\/{rel}","templated":true}]}}