{"id":14375,"date":"2018-04-17T07:00:14","date_gmt":"2018-04-17T05:00:14","guid":{"rendered":"https:\/\/www.wojoer.de\/produkt\/silvercut-quick-fun-leggings-312w407\/"},"modified":"2024-06-26T12:54:07","modified_gmt":"2024-06-26T10:54:07","slug":"silvercut-quick-fun-leggings-312w407","status":"publish","type":"product","link":"https:\/\/www.wojoer.de\/en\/produkt\/silvercut-quick-fun-leggings-312w407\/","title":{"rendered":"Silvercut Quick Fun Leggings 312W407"},"content":{"rendered":"<p>Der Silvercut Quick Fun Leggings 312W407 geh\u00f6rt zu den Wojoer LIVE-Produkten. Sie werden ab Bestellung bei uns produziert. So k\u00f6nnen wir auf Kundenw\u00fcnsche individuell eingehen.<\/p>\n<h3>Gr\u00f6\u00dfen<\/h3>\n<p>Erh\u00e4ltlich in den Gr\u00f6\u00dfen S, M, L, XL<\/p>\n<h3>Materialzusammensetzung<\/h3>\n<p>Schwarzes feines Leather Like: 92% Polyester 8% Elasthan<\/p>\n<p>Powernet: 94% Polyester 6% Elasthan<\/p>\n<h3>Besonderheiten<\/h3>\n<p>feines letherlike | Netzeingriff mit \u00d6ffnung f\u00fcr den Penis | Quick Fun Action | edle Silberfadenapplikation | hochwertige Verarbeitung &#8220;Made in Germany&#8221;<\/p>\n<h3><strong>Benutzerhinweise<\/strong><\/h3>\n<p>Handw\u00e4sche<\/p>\n<h3>SILVERCUT SHORTS &#8211; Quick Fun Leggings<\/h3>\n<p>Die Silvercut Leggings verf\u00fchrt mit ihrem feinen Leder und dem anschmiegsamen Powernet Netz. Der applizierte silbern gl\u00e4nzende Streifen auf dem Suspensorium ist dar\u00fcber hinaus ein besonderer Hingucker. Und er bildet das I-T\u00fcpfelchen auf dem so angenehm sitzenden und kurz gehaltenen Leggings. Das Beste an der SILVERCUT Leggings ist jedoch seine Quick-fun-aktion-Funktion. Denn das Netz ist mit einer Aussparung versehen, durch die das m\u00e4nnliche Geschlecht in das lederne Suspensorium gelegt werden kann. Dort sitzt alles perfekt versteckt, bis zu dem Moment, wo es schnell gehen soll. Einfach in den Eingriff hineinfassen und du bist nicht mehr zu bremsen.<\/p>\n","protected":false},"excerpt":{"rendered":"<p>Der Silvercut Quick Fun Leggings 312W407 geh\u00f6rt zu den Wojoer LIVE-Produkten. Sie werden ab Bestellung bei uns produziert. So k\u00f6nnen wir auf Kundenw\u00fcnsche individuell eingehen.<br \/>\nGr\u00f6\u00dfen<br \/>\nErh\u00e4ltlich in den Gr\u00f6\u00dfen S, M, L, XL<br \/>\nMaterialzusammensetzung<br \/>\nSchwarzes feines Leather Like: 92% Polyester 8% Elasthan<\/p>\n<p>Powernet: 94%\u2026<\/p>\n","protected":false},"featured_media":9900,"comment_status":"open","ping_status":"closed","template":"","meta":[],"product_brand":[],"product_cat":[797,116,473,195,161,326],"product_tag":[279,244,366,246,368],"class_list":{"0":"post-14375","1":"product","2":"type-product","3":"status-publish","4":"has-post-thumbnail","6":"product_cat-312-silvercut","7":"product_cat-clubwear","8":"product_cat-men","9":"product_cat-produktion-auf-bestellung-liveproduktion","10":"product_cat-robinson","11":"product_cat-wojoer","12":"product_tag-eingriff","13":"product_tag-leggings","14":"product_tag-letherlike","15":"product_tag-netz","16":"product_tag-quick-fun-action","17":"product_shipping_class-beun","18":"pa_groesse-l","19":"pa_groesse-m","20":"pa_groesse-s","21":"pa_groesse-xl","22":"pif-has-gallery","23":"post-1","24":"odd","26":"first","27":"onbackorder","28":"taxable","29":"shipping-taxable","30":"purchasable","31":"product-type-variable","32":"has-default-attributes"},"yoast_head":"<!-- This site is optimized with the Yoast SEO plugin v27.2 - https:\/\/yoast.com\/product\/yoast-seo-wordpress\/ -->\n<title>Quick Fun Leggings Schwarz | leatherlike | silber | Eingriff | WOJOER<\/title>\n<meta name=\"description\" content=\"Quick Fun Leggings mit sehr d\u00fcnnem und dehnbarem schwarzen Leatherlike. Silberner Streifen als Rei\u00dfverschlussoptik und ein Netzsupsensorium mit Aussparung f\u00fcr den Penis. Jetzt Versandkostenfrei online bestellen.\" \/>\n<meta name=\"robots\" content=\"index, follow, max-snippet:-1, max-image-preview:large, max-video-preview:-1\" \/>\n<link rel=\"canonical\" href=\"https:\/\/www.wojoer.de\/en\/produkt\/silvercut-quick-fun-leggings-312w407\/\" \/>\n<meta name=\"twitter:card\" content=\"summary_large_image\" \/>\n<meta name=\"twitter:title\" content=\"Quick Fun Leggings Schwarz | leatherlike | silber | Eingriff | WOJOER\" \/>\n<meta name=\"twitter:description\" content=\"Quick Fun Leggings mit sehr d\u00fcnnem und dehnbarem schwarzen Leatherlike. Silberner Streifen als Rei\u00dfverschlussoptik und ein Netzsupsensorium mit Aussparung f\u00fcr den Penis. Jetzt Versandkostenfrei online bestellen.\" \/>\n<meta name=\"twitter:image\" content=\"https:\/\/www.wojoer.de\/wp-content\/uploads\/2018\/04\/312W407_leggings_side.jpg\" \/>\n<meta name=\"twitter:label1\" content=\"Estimated reading time\" \/>\n\t<meta name=\"twitter:data1\" content=\"1 minute\" \/>\n<script type=\"application\/ld+json\" class=\"yoast-schema-graph\">{\"@context\":\"https:\/\/schema.org\",\"@graph\":[{\"@type\":\"WebPage\",\"@id\":\"https:\/\/www.wojoer.de\/produkt\/silvercut-quick-fun-leggings-312w407\/\",\"url\":\"https:\/\/www.wojoer.de\/produkt\/silvercut-quick-fun-leggings-312w407\/\",\"name\":\"Quick Fun Leggings Schwarz | leatherlike | silber | Eingriff | WOJOER\",\"isPartOf\":{\"@id\":\"https:\/\/www.wojoer.de\/#website\"},\"primaryImageOfPage\":{\"@id\":\"https:\/\/www.wojoer.de\/produkt\/silvercut-quick-fun-leggings-312w407\/#primaryimage\"},\"image\":{\"@id\":\"https:\/\/www.wojoer.de\/produkt\/silvercut-quick-fun-leggings-312w407\/#primaryimage\"},\"thumbnailUrl\":\"https:\/\/www.wojoer.de\/wp-content\/uploads\/2018\/04\/312W407_leggings_side.jpg\",\"datePublished\":\"2018-04-17T05:00:14+00:00\",\"dateModified\":\"2024-06-26T10:54:07+00:00\",\"description\":\"Quick Fun Leggings mit sehr d\u00fcnnem und dehnbarem schwarzen Leatherlike. Silberner Streifen als Rei\u00dfverschlussoptik und ein Netzsupsensorium mit Aussparung f\u00fcr den Penis. Jetzt Versandkostenfrei online bestellen.\",\"breadcrumb\":{\"@id\":\"https:\/\/www.wojoer.de\/produkt\/silvercut-quick-fun-leggings-312w407\/#breadcrumb\"},\"inLanguage\":\"en-GB\",\"potentialAction\":[{\"@type\":\"ReadAction\",\"target\":[\"https:\/\/www.wojoer.de\/produkt\/silvercut-quick-fun-leggings-312w407\/\"]}]},{\"@type\":\"ImageObject\",\"inLanguage\":\"en-GB\",\"@id\":\"https:\/\/www.wojoer.de\/produkt\/silvercut-quick-fun-leggings-312w407\/#primaryimage\",\"url\":\"https:\/\/www.wojoer.de\/wp-content\/uploads\/2018\/04\/312W407_leggings_side.jpg\",\"contentUrl\":\"https:\/\/www.wojoer.de\/wp-content\/uploads\/2018\/04\/312W407_leggings_side.jpg\",\"width\":2002,\"height\":2001,\"caption\":\"Silvercut quick fun leggings\"},{\"@type\":\"BreadcrumbList\",\"@id\":\"https:\/\/www.wojoer.de\/produkt\/silvercut-quick-fun-leggings-312w407\/#breadcrumb\",\"itemListElement\":[{\"@type\":\"ListItem\",\"position\":1,\"name\":\"Startseite\",\"item\":\"https:\/\/www.wojoer.de\/\"},{\"@type\":\"ListItem\",\"position\":2,\"name\":\"SHOP\",\"item\":\"https:\/\/www.wojoer.de\/shop\/\"},{\"@type\":\"ListItem\",\"position\":3,\"name\":\"Silvercut Quick Fun Leggings 312W407\"}]},{\"@type\":\"WebSite\",\"@id\":\"https:\/\/www.wojoer.de\/#website\",\"url\":\"https:\/\/www.wojoer.de\/\",\"name\":\"WOJOER\",\"description\":\"clubwear for men\",\"publisher\":{\"@id\":\"https:\/\/www.wojoer.de\/#organization\"},\"potentialAction\":[{\"@type\":\"SearchAction\",\"target\":{\"@type\":\"EntryPoint\",\"urlTemplate\":\"https:\/\/www.wojoer.de\/?s={search_term_string}\"},\"query-input\":{\"@type\":\"PropertyValueSpecification\",\"valueRequired\":true,\"valueName\":\"search_term_string\"}}],\"inLanguage\":\"en-GB\"},{\"@type\":\"Organization\",\"@id\":\"https:\/\/www.wojoer.de\/#organization\",\"name\":\"Wonneberger-Manufaktur\",\"url\":\"https:\/\/www.wojoer.de\/\",\"logo\":{\"@type\":\"ImageObject\",\"inLanguage\":\"en-GB\",\"@id\":\"https:\/\/www.wojoer.de\/#\/schema\/logo\/image\/\",\"url\":\"https:\/\/www.wojoer.de\/wp-content\/uploads\/2016\/11\/wonnebergermanufaktur_logo_BUTTON.png\",\"contentUrl\":\"https:\/\/www.wojoer.de\/wp-content\/uploads\/2016\/11\/wonnebergermanufaktur_logo_BUTTON.png\",\"width\":765,\"height\":765,\"caption\":\"Wonneberger-Manufaktur\"},\"image\":{\"@id\":\"https:\/\/www.wojoer.de\/#\/schema\/logo\/image\/\"},\"sameAs\":[\"https:\/\/www.facebook.com\/wojoer\/\",\"https:\/\/de.pinterest.com\/W0J0ER\/\"]}]}<\/script>\n<!-- \/ Yoast SEO plugin. -->","yoast_head_json":{"title":"Quick Fun Leggings Schwarz | leatherlike | silber | Eingriff | WOJOER","description":"Quick Fun Leggings mit sehr d\u00fcnnem und dehnbarem schwarzen Leatherlike. Silberner Streifen als Rei\u00dfverschlussoptik und ein Netzsupsensorium mit Aussparung f\u00fcr den Penis. Jetzt Versandkostenfrei online bestellen.","robots":{"index":"index","follow":"follow","max-snippet":"max-snippet:-1","max-image-preview":"max-image-preview:large","max-video-preview":"max-video-preview:-1"},"canonical":"https:\/\/www.wojoer.de\/en\/produkt\/silvercut-quick-fun-leggings-312w407\/","twitter_card":"summary_large_image","twitter_title":"Quick Fun Leggings Schwarz | leatherlike | silber | Eingriff | WOJOER","twitter_description":"Quick Fun Leggings mit sehr d\u00fcnnem und dehnbarem schwarzen Leatherlike. Silberner Streifen als Rei\u00dfverschlussoptik und ein Netzsupsensorium mit Aussparung f\u00fcr den Penis. Jetzt Versandkostenfrei online bestellen.","twitter_image":"https:\/\/www.wojoer.de\/wp-content\/uploads\/2018\/04\/312W407_leggings_side.jpg","twitter_misc":{"Estimated reading time":"1 minute"},"schema":{"@context":"https:\/\/schema.org","@graph":[{"@type":"WebPage","@id":"https:\/\/www.wojoer.de\/produkt\/silvercut-quick-fun-leggings-312w407\/","url":"https:\/\/www.wojoer.de\/produkt\/silvercut-quick-fun-leggings-312w407\/","name":"Quick Fun Leggings Schwarz | leatherlike | silber | Eingriff | WOJOER","isPartOf":{"@id":"https:\/\/www.wojoer.de\/#website"},"primaryImageOfPage":{"@id":"https:\/\/www.wojoer.de\/produkt\/silvercut-quick-fun-leggings-312w407\/#primaryimage"},"image":{"@id":"https:\/\/www.wojoer.de\/produkt\/silvercut-quick-fun-leggings-312w407\/#primaryimage"},"thumbnailUrl":"https:\/\/www.wojoer.de\/wp-content\/uploads\/2018\/04\/312W407_leggings_side.jpg","datePublished":"2018-04-17T05:00:14+00:00","dateModified":"2024-06-26T10:54:07+00:00","description":"Quick Fun Leggings mit sehr d\u00fcnnem und dehnbarem schwarzen Leatherlike. Silberner Streifen als Rei\u00dfverschlussoptik und ein Netzsupsensorium mit Aussparung f\u00fcr den Penis. Jetzt Versandkostenfrei online bestellen.","breadcrumb":{"@id":"https:\/\/www.wojoer.de\/produkt\/silvercut-quick-fun-leggings-312w407\/#breadcrumb"},"inLanguage":"en-GB","potentialAction":[{"@type":"ReadAction","target":["https:\/\/www.wojoer.de\/produkt\/silvercut-quick-fun-leggings-312w407\/"]}]},{"@type":"ImageObject","inLanguage":"en-GB","@id":"https:\/\/www.wojoer.de\/produkt\/silvercut-quick-fun-leggings-312w407\/#primaryimage","url":"https:\/\/www.wojoer.de\/wp-content\/uploads\/2018\/04\/312W407_leggings_side.jpg","contentUrl":"https:\/\/www.wojoer.de\/wp-content\/uploads\/2018\/04\/312W407_leggings_side.jpg","width":2002,"height":2001,"caption":"Silvercut quick fun leggings"},{"@type":"BreadcrumbList","@id":"https:\/\/www.wojoer.de\/produkt\/silvercut-quick-fun-leggings-312w407\/#breadcrumb","itemListElement":[{"@type":"ListItem","position":1,"name":"Startseite","item":"https:\/\/www.wojoer.de\/"},{"@type":"ListItem","position":2,"name":"SHOP","item":"https:\/\/www.wojoer.de\/shop\/"},{"@type":"ListItem","position":3,"name":"Silvercut Quick Fun Leggings 312W407"}]},{"@type":"WebSite","@id":"https:\/\/www.wojoer.de\/#website","url":"https:\/\/www.wojoer.de\/","name":"WOJOER","description":"clubwear for men","publisher":{"@id":"https:\/\/www.wojoer.de\/#organization"},"potentialAction":[{"@type":"SearchAction","target":{"@type":"EntryPoint","urlTemplate":"https:\/\/www.wojoer.de\/?s={search_term_string}"},"query-input":{"@type":"PropertyValueSpecification","valueRequired":true,"valueName":"search_term_string"}}],"inLanguage":"en-GB"},{"@type":"Organization","@id":"https:\/\/www.wojoer.de\/#organization","name":"Wonneberger-Manufaktur","url":"https:\/\/www.wojoer.de\/","logo":{"@type":"ImageObject","inLanguage":"en-GB","@id":"https:\/\/www.wojoer.de\/#\/schema\/logo\/image\/","url":"https:\/\/www.wojoer.de\/wp-content\/uploads\/2016\/11\/wonnebergermanufaktur_logo_BUTTON.png","contentUrl":"https:\/\/www.wojoer.de\/wp-content\/uploads\/2016\/11\/wonnebergermanufaktur_logo_BUTTON.png","width":765,"height":765,"caption":"Wonneberger-Manufaktur"},"image":{"@id":"https:\/\/www.wojoer.de\/#\/schema\/logo\/image\/"},"sameAs":["https:\/\/www.facebook.com\/wojoer\/","https:\/\/de.pinterest.com\/W0J0ER\/"]}]}},"_links":{"self":[{"href":"https:\/\/www.wojoer.de\/en\/wp-json\/wp\/v2\/product\/14375","targetHints":{"allow":["GET"]}}],"collection":[{"href":"https:\/\/www.wojoer.de\/en\/wp-json\/wp\/v2\/product"}],"about":[{"href":"https:\/\/www.wojoer.de\/en\/wp-json\/wp\/v2\/types\/product"}],"replies":[{"embeddable":true,"href":"https:\/\/www.wojoer.de\/en\/wp-json\/wp\/v2\/comments?post=14375"}],"wp:featuredmedia":[{"embeddable":true,"href":"https:\/\/www.wojoer.de\/en\/wp-json\/wp\/v2\/media\/9900"}],"wp:attachment":[{"href":"https:\/\/www.wojoer.de\/en\/wp-json\/wp\/v2\/media?parent=14375"}],"wp:term":[{"taxonomy":"product_brand","embeddable":true,"href":"https:\/\/www.wojoer.de\/en\/wp-json\/wp\/v2\/product_brand?post=14375"},{"taxonomy":"product_cat","embeddable":true,"href":"https:\/\/www.wojoer.de\/en\/wp-json\/wp\/v2\/product_cat?post=14375"},{"taxonomy":"product_tag","embeddable":true,"href":"https:\/\/www.wojoer.de\/en\/wp-json\/wp\/v2\/product_tag?post=14375"}],"curies":[{"name":"wp","href":"https:\/\/api.w.org\/{rel}","templated":true}]}}