{"id":14704,"date":"2019-07-19T10:03:58","date_gmt":"2019-07-19T08:03:58","guid":{"rendered":"https:\/\/www.wojoer.de\/produkt\/damen-neopren-triangletop-309f104bp-neonpink\/"},"modified":"2024-06-28T18:02:03","modified_gmt":"2024-06-28T16:02:03","slug":"damen-neopren-triangletop-309f104b","status":"publish","type":"product","link":"https:\/\/www.wojoer.de\/en\/produkt\/damen-neopren-triangletop-309f104b\/","title":{"rendered":"Damen Neopren Triangeltop 309F104BP Neonpink"},"content":{"rendered":"<p>Dieses Damen Neopren Triangletop 309F104BP Neonpink geh\u00f6rt zu den Wojoer LIVE-Produkten. Sie werden ab Bestellung bei uns produziert. So k\u00f6nnen wir auf Kundenw\u00fcnsche individuell eingehen.<\/p>\n<h3>Gr\u00f6\u00dfen<\/h3>\n<p>S: \u00a0 \u00a0 70\u00a0\u00a0 CUP: A-B<\/p>\n<p>M:\u00a0 \u00a0 75\u00a0 CUP: A-B<\/p>\n<p>L:\u00a0\u00a0 \u00a0 80\u00a0 CUP: B-C<\/p>\n<p>XL:\u00a0 85\u00a0 CUP: B-C<\/p>\n<h3>Materialzusammensetzung<\/h3>\n<p>100% Glatthautneopren<\/p>\n<p>Innenkaschierung: 80% Polyamid, 20% Elasthan<\/p>\n<h3>Besonderheiten<\/h3>\n<p><a href=\"http:\/\/www.wojoer.de\/?s=nos&#038;post_type=product\">NOS Produkt<\/a> | elegant matte Oberfl\u00e4chenoptik | badetauglich | w\u00e4rmend | fest formendes Material | haut enge Passform | neonfarbene Akzentsetzung | verschiedene Farben | hochwertige Verarbeitung \u201eMade in Germany\u201c<\/p>\n<h3>Benutzerhinweise<\/h3>\n<p>Handw\u00e4sche | Neopren entwickelt Bewegungsfalten, wie gutes Leder und l\u00e4sst so nach und nach eine eigene Signatur eines jeden Tr\u00e4gers entstehen. Daher bitte druckgesch\u00fctzt und nicht zusammengelegt lagern und auf breite Kleiderb\u00fcgel aufziehen.<\/p>\n<h3>DAMEN NEOPREN TRIANGLETOP &#8211; BEACHWEAR Sexy Bikinitop<\/h3>\n<p>Nicht nur das aufwendig in Deutschland gefertigte Glatthaut-Neopren ist elegant und erotisch. Sondern auch die perfekt anliegende Passform, welche alle Blicke auf deine prallen Br\u00fcste zieht. Damit wird jeder Milimeter ideal geformt. Ausserdem hat Wojoer speziell f\u00fcr dieses hochwertige nur 2,5 mm d\u00fcnne Material eine einzigartige Verarbeitungstechnik entwickelt. Durch sie liegen alle N\u00e4hte glatt und ebenm\u00e4\u00dfig auf der Haut. Nur so kann die angenehm komfortable Hebeform f\u00fcr deinen Busen entstehen. \u00dcbrigens macht die Farbkombination von Neonpink und Schwarz dieses Triangletop zu einen frischen Hingucker. Egal ob auf Hawaii, im Club nebenan oder im eigenen Schlafzimmer, das Neopren Triangletop ist der burner. Vervollst\u00e4ndige dein Outfit noch mit dem passenden H\u00f6schen, denn damit bist du der absolute Hingucker! Und weil es so sexy und bequem gleicherma\u00dfen ist, gibt&#8217;s f\u00fcr deinen Partner den passenden <a href=\"https:\/\/www.wojoer.de\/produkt\/neopren-harness-neon-pink\/\">Partnerlook &#8211;<\/a>String dazu.<\/p>\n","protected":false},"excerpt":{"rendered":"<p>Dieses Damen Neopren Triangletop 309F104B geh\u00f6rt zu den Wojoer LIVE-Produkten. Sie werden ab Bestellung bei uns produziert. So k\u00f6nnen wir auf Kundenw\u00fcnsche individuell eingehen.<\/p>\n<p>Erh\u00e4ltlich in den Farben  Wei\u00df |  Schwarz |  Neonpink |  Eisblau | \u2026<\/p>\n","protected":false},"featured_media":15601,"comment_status":"open","ping_status":"closed","template":"","meta":[],"product_brand":[],"product_cat":[713,471,195],"product_tag":[108,485],"class_list":{"0":"post-14704","1":"product","2":"type-product","3":"status-publish","4":"has-post-thumbnail","6":"product_cat-neopren-ladies","7":"product_cat-partnerlook","8":"product_cat-produktion-auf-bestellung-liveproduktion","9":"product_tag-1beachwear","10":"product_tag-bikinitop","11":"product_shipping_class-neopren","12":"pa_farbe-eisblau","13":"pa_farbe-neongelb","14":"pa_farbe-neonpink","15":"pa_farbe-schwarz","16":"pa_farbe-weiss","17":"pa_groesse-l","18":"pa_groesse-m","19":"pa_groesse-s","20":"pa_groesse-xl","21":"pa_groesse-xxl","22":"pif-has-gallery","23":"post-1","24":"odd","26":"first","27":"onbackorder","28":"featured","29":"taxable","30":"shipping-taxable","31":"purchasable","32":"product-type-variable"},"yoast_head":"<!-- This site is optimized with the Yoast SEO plugin v27.2 - https:\/\/yoast.com\/product\/yoast-seo-wordpress\/ -->\n<title>Damen Neopren Triangletop | Bikini | Beachwear | d\u00fcnn &amp; bequem<\/title>\n<meta name=\"description\" content=\"Damen Neopren Triangletop. In Deutschland gefertigtes Glatthautneopren. Elegant &amp; erotisch umh\u00fcllt es deine Br\u00fcste. Jetzt Online versandkostenfrei bestellen!\" \/>\n<meta name=\"robots\" content=\"index, follow, max-snippet:-1, max-image-preview:large, max-video-preview:-1\" \/>\n<link rel=\"canonical\" href=\"https:\/\/www.wojoer.de\/en\/produkt\/damen-neopren-triangletop-309f104b\/\" \/>\n<meta name=\"twitter:card\" content=\"summary_large_image\" \/>\n<meta name=\"twitter:title\" content=\"Damen Neopren Triangletop | Bikini | Beachwear | d\u00fcnn &amp; bequem\" \/>\n<meta name=\"twitter:description\" content=\"Damen Neopren Triangletop. In Deutschland gefertigtes Glatthautneopren. Elegant &amp; erotisch umh\u00fcllt es deine Br\u00fcste. Jetzt Online versandkostenfrei bestellen!\" \/>\n<meta name=\"twitter:image\" content=\"https:\/\/www.wojoer.de\/wp-content\/uploads\/2019\/06\/309F6B_309F104B_Neopren_G_String_BH_pink_women_wojoer.jpg\" \/>\n<meta name=\"twitter:label1\" content=\"Estimated reading time\" \/>\n\t<meta name=\"twitter:data1\" content=\"3 minutes\" \/>\n<script type=\"application\/ld+json\" class=\"yoast-schema-graph\">{\"@context\":\"https:\/\/schema.org\",\"@graph\":[{\"@type\":\"WebPage\",\"@id\":\"https:\/\/www.wojoer.de\/produkt\/damen-neopren-triangletop-309f104b\/\",\"url\":\"https:\/\/www.wojoer.de\/produkt\/damen-neopren-triangletop-309f104b\/\",\"name\":\"Damen Neopren Triangletop | Bikini | Beachwear | d\u00fcnn & bequem\",\"isPartOf\":{\"@id\":\"https:\/\/www.wojoer.de\/#website\"},\"primaryImageOfPage\":{\"@id\":\"https:\/\/www.wojoer.de\/produkt\/damen-neopren-triangletop-309f104b\/#primaryimage\"},\"image\":{\"@id\":\"https:\/\/www.wojoer.de\/produkt\/damen-neopren-triangletop-309f104b\/#primaryimage\"},\"thumbnailUrl\":\"https:\/\/www.wojoer.de\/wp-content\/uploads\/2019\/06\/309F6B_309F104B_Neopren_G_String_BH_pink_women_wojoer.jpg\",\"datePublished\":\"2019-07-19T08:03:58+00:00\",\"dateModified\":\"2024-06-28T16:02:03+00:00\",\"description\":\"Damen Neopren Triangletop. In Deutschland gefertigtes Glatthautneopren. Elegant & erotisch umh\u00fcllt es deine Br\u00fcste. Jetzt Online versandkostenfrei bestellen!\",\"breadcrumb\":{\"@id\":\"https:\/\/www.wojoer.de\/produkt\/damen-neopren-triangletop-309f104b\/#breadcrumb\"},\"inLanguage\":\"en-GB\",\"potentialAction\":[{\"@type\":\"ReadAction\",\"target\":[\"https:\/\/www.wojoer.de\/produkt\/damen-neopren-triangletop-309f104b\/\"]}]},{\"@type\":\"ImageObject\",\"inLanguage\":\"en-GB\",\"@id\":\"https:\/\/www.wojoer.de\/produkt\/damen-neopren-triangletop-309f104b\/#primaryimage\",\"url\":\"https:\/\/www.wojoer.de\/wp-content\/uploads\/2019\/06\/309F6B_309F104B_Neopren_G_String_BH_pink_women_wojoer.jpg\",\"contentUrl\":\"https:\/\/www.wojoer.de\/wp-content\/uploads\/2019\/06\/309F6B_309F104B_Neopren_G_String_BH_pink_women_wojoer.jpg\",\"width\":1983,\"height\":1983},{\"@type\":\"BreadcrumbList\",\"@id\":\"https:\/\/www.wojoer.de\/produkt\/damen-neopren-triangletop-309f104b\/#breadcrumb\",\"itemListElement\":[{\"@type\":\"ListItem\",\"position\":1,\"name\":\"Startseite\",\"item\":\"https:\/\/www.wojoer.de\/\"},{\"@type\":\"ListItem\",\"position\":2,\"name\":\"SHOP\",\"item\":\"https:\/\/www.wojoer.de\/shop\/\"},{\"@type\":\"ListItem\",\"position\":3,\"name\":\"Damen Neopren Triangeltop 309F104B\"}]},{\"@type\":\"WebSite\",\"@id\":\"https:\/\/www.wojoer.de\/#website\",\"url\":\"https:\/\/www.wojoer.de\/\",\"name\":\"WOJOER\",\"description\":\"clubwear for men\",\"publisher\":{\"@id\":\"https:\/\/www.wojoer.de\/#organization\"},\"potentialAction\":[{\"@type\":\"SearchAction\",\"target\":{\"@type\":\"EntryPoint\",\"urlTemplate\":\"https:\/\/www.wojoer.de\/?s={search_term_string}\"},\"query-input\":{\"@type\":\"PropertyValueSpecification\",\"valueRequired\":true,\"valueName\":\"search_term_string\"}}],\"inLanguage\":\"en-GB\"},{\"@type\":\"Organization\",\"@id\":\"https:\/\/www.wojoer.de\/#organization\",\"name\":\"Wonneberger-Manufaktur\",\"url\":\"https:\/\/www.wojoer.de\/\",\"logo\":{\"@type\":\"ImageObject\",\"inLanguage\":\"en-GB\",\"@id\":\"https:\/\/www.wojoer.de\/#\/schema\/logo\/image\/\",\"url\":\"https:\/\/www.wojoer.de\/wp-content\/uploads\/2016\/11\/wonnebergermanufaktur_logo_BUTTON.png\",\"contentUrl\":\"https:\/\/www.wojoer.de\/wp-content\/uploads\/2016\/11\/wonnebergermanufaktur_logo_BUTTON.png\",\"width\":765,\"height\":765,\"caption\":\"Wonneberger-Manufaktur\"},\"image\":{\"@id\":\"https:\/\/www.wojoer.de\/#\/schema\/logo\/image\/\"},\"sameAs\":[\"https:\/\/www.facebook.com\/wojoer\/\",\"https:\/\/de.pinterest.com\/W0J0ER\/\"]}]}<\/script>\n<!-- \/ Yoast SEO plugin. -->","yoast_head_json":{"title":"Damen Neopren Triangletop | Bikini | Beachwear | d\u00fcnn & bequem","description":"Damen Neopren Triangletop. In Deutschland gefertigtes Glatthautneopren. Elegant & erotisch umh\u00fcllt es deine Br\u00fcste. Jetzt Online versandkostenfrei bestellen!","robots":{"index":"index","follow":"follow","max-snippet":"max-snippet:-1","max-image-preview":"max-image-preview:large","max-video-preview":"max-video-preview:-1"},"canonical":"https:\/\/www.wojoer.de\/en\/produkt\/damen-neopren-triangletop-309f104b\/","twitter_card":"summary_large_image","twitter_title":"Damen Neopren Triangletop | Bikini | Beachwear | d\u00fcnn & bequem","twitter_description":"Damen Neopren Triangletop. In Deutschland gefertigtes Glatthautneopren. Elegant & erotisch umh\u00fcllt es deine Br\u00fcste. Jetzt Online versandkostenfrei bestellen!","twitter_image":"https:\/\/www.wojoer.de\/wp-content\/uploads\/2019\/06\/309F6B_309F104B_Neopren_G_String_BH_pink_women_wojoer.jpg","twitter_misc":{"Estimated reading time":"3 minutes"},"schema":{"@context":"https:\/\/schema.org","@graph":[{"@type":"WebPage","@id":"https:\/\/www.wojoer.de\/produkt\/damen-neopren-triangletop-309f104b\/","url":"https:\/\/www.wojoer.de\/produkt\/damen-neopren-triangletop-309f104b\/","name":"Damen Neopren Triangletop | Bikini | Beachwear | d\u00fcnn & bequem","isPartOf":{"@id":"https:\/\/www.wojoer.de\/#website"},"primaryImageOfPage":{"@id":"https:\/\/www.wojoer.de\/produkt\/damen-neopren-triangletop-309f104b\/#primaryimage"},"image":{"@id":"https:\/\/www.wojoer.de\/produkt\/damen-neopren-triangletop-309f104b\/#primaryimage"},"thumbnailUrl":"https:\/\/www.wojoer.de\/wp-content\/uploads\/2019\/06\/309F6B_309F104B_Neopren_G_String_BH_pink_women_wojoer.jpg","datePublished":"2019-07-19T08:03:58+00:00","dateModified":"2024-06-28T16:02:03+00:00","description":"Damen Neopren Triangletop. In Deutschland gefertigtes Glatthautneopren. Elegant & erotisch umh\u00fcllt es deine Br\u00fcste. Jetzt Online versandkostenfrei bestellen!","breadcrumb":{"@id":"https:\/\/www.wojoer.de\/produkt\/damen-neopren-triangletop-309f104b\/#breadcrumb"},"inLanguage":"en-GB","potentialAction":[{"@type":"ReadAction","target":["https:\/\/www.wojoer.de\/produkt\/damen-neopren-triangletop-309f104b\/"]}]},{"@type":"ImageObject","inLanguage":"en-GB","@id":"https:\/\/www.wojoer.de\/produkt\/damen-neopren-triangletop-309f104b\/#primaryimage","url":"https:\/\/www.wojoer.de\/wp-content\/uploads\/2019\/06\/309F6B_309F104B_Neopren_G_String_BH_pink_women_wojoer.jpg","contentUrl":"https:\/\/www.wojoer.de\/wp-content\/uploads\/2019\/06\/309F6B_309F104B_Neopren_G_String_BH_pink_women_wojoer.jpg","width":1983,"height":1983},{"@type":"BreadcrumbList","@id":"https:\/\/www.wojoer.de\/produkt\/damen-neopren-triangletop-309f104b\/#breadcrumb","itemListElement":[{"@type":"ListItem","position":1,"name":"Startseite","item":"https:\/\/www.wojoer.de\/"},{"@type":"ListItem","position":2,"name":"SHOP","item":"https:\/\/www.wojoer.de\/shop\/"},{"@type":"ListItem","position":3,"name":"Damen Neopren Triangeltop 309F104B"}]},{"@type":"WebSite","@id":"https:\/\/www.wojoer.de\/#website","url":"https:\/\/www.wojoer.de\/","name":"WOJOER","description":"clubwear for men","publisher":{"@id":"https:\/\/www.wojoer.de\/#organization"},"potentialAction":[{"@type":"SearchAction","target":{"@type":"EntryPoint","urlTemplate":"https:\/\/www.wojoer.de\/?s={search_term_string}"},"query-input":{"@type":"PropertyValueSpecification","valueRequired":true,"valueName":"search_term_string"}}],"inLanguage":"en-GB"},{"@type":"Organization","@id":"https:\/\/www.wojoer.de\/#organization","name":"Wonneberger-Manufaktur","url":"https:\/\/www.wojoer.de\/","logo":{"@type":"ImageObject","inLanguage":"en-GB","@id":"https:\/\/www.wojoer.de\/#\/schema\/logo\/image\/","url":"https:\/\/www.wojoer.de\/wp-content\/uploads\/2016\/11\/wonnebergermanufaktur_logo_BUTTON.png","contentUrl":"https:\/\/www.wojoer.de\/wp-content\/uploads\/2016\/11\/wonnebergermanufaktur_logo_BUTTON.png","width":765,"height":765,"caption":"Wonneberger-Manufaktur"},"image":{"@id":"https:\/\/www.wojoer.de\/#\/schema\/logo\/image\/"},"sameAs":["https:\/\/www.facebook.com\/wojoer\/","https:\/\/de.pinterest.com\/W0J0ER\/"]}]}},"_links":{"self":[{"href":"https:\/\/www.wojoer.de\/en\/wp-json\/wp\/v2\/product\/14704","targetHints":{"allow":["GET"]}}],"collection":[{"href":"https:\/\/www.wojoer.de\/en\/wp-json\/wp\/v2\/product"}],"about":[{"href":"https:\/\/www.wojoer.de\/en\/wp-json\/wp\/v2\/types\/product"}],"replies":[{"embeddable":true,"href":"https:\/\/www.wojoer.de\/en\/wp-json\/wp\/v2\/comments?post=14704"}],"wp:featuredmedia":[{"embeddable":true,"href":"https:\/\/www.wojoer.de\/en\/wp-json\/wp\/v2\/media\/15601"}],"wp:attachment":[{"href":"https:\/\/www.wojoer.de\/en\/wp-json\/wp\/v2\/media?parent=14704"}],"wp:term":[{"taxonomy":"product_brand","embeddable":true,"href":"https:\/\/www.wojoer.de\/en\/wp-json\/wp\/v2\/product_brand?post=14704"},{"taxonomy":"product_cat","embeddable":true,"href":"https:\/\/www.wojoer.de\/en\/wp-json\/wp\/v2\/product_cat?post=14704"},{"taxonomy":"product_tag","embeddable":true,"href":"https:\/\/www.wojoer.de\/en\/wp-json\/wp\/v2\/product_tag?post=14704"}],"curies":[{"name":"wp","href":"https:\/\/api.w.org\/{rel}","templated":true}]}}