{"id":14770,"date":"2019-07-19T10:08:23","date_gmt":"2019-07-19T08:08:23","guid":{"rendered":"https:\/\/www.wojoer.de\/produkt\/damen-neopren-badetanga-309f6bsw\/"},"modified":"2025-08-28T13:30:09","modified_gmt":"2025-08-28T11:30:09","slug":"damen-neopren-badetanga-309f6b","status":"publish","type":"product","link":"https:\/\/www.wojoer.de\/en\/produkt\/damen-neopren-badetanga-309f6b\/","title":{"rendered":"Damen Neopren Bade G-String 309F6B"},"content":{"rendered":"<p>This womens neoprene bathing thong 309F6B black belongs to the Wojoer <a href=\"https:\/\/www.wojoer.de\/?s=NOS&#038;post_type=product\">Live products<\/a>. They are produced from order with us. So we can to costumers requests individually.<\/p>\n<h3>Sizes<\/h3>\n<p>Available in sizes S, M, L, XL<\/p>\n<h3>Material composition<\/h3>\n<p>100% smooth skin noeprene<\/p>\n<p>Inner lining : 80% polyamide, 20% spandex<\/p>\n<h3>Particularities<\/h3>\n<p><a href=\"https:\/\/www.wojoer.de\/produkt-kategorie\/onlyforme\/\">Live NOS product<\/a> | elegant matt surface look | swimwear | warming | firmly forming material| skin thigt fit | neon-colored accents | different colors | high quality \u201eMade in Germany\u201c<\/p>\n<h3>wash instructions<\/h3>\n<p>hand wash | neopren develops movement folds, such as good leahter, and so gradually creates its own signature of each wearer. Therefore, please store pressure protected and not folded and put wide on hangers.<\/p>\n<h3>DAMEN NEOPREN BATHING THONG &#8211; BEACHWEAR<\/h3>\n<p>Not only the elaborately made in Germany smooth skin neoprene is elegant and erotic. In addition, wojoer has developed a unique processing technology specifically for his high-quality, only 2,5mm thin material. Through them, all seams are smooth and even on the skin. Complete your outfit with the matchin triangle top, because you the absolute eye-catcher.Theres a matching <a href=\"https:\/\/www.wojoer.de\/?s=partnerlook&#038;post_type=product\">partnerlook<\/a> string for your partner.<\/p>\n<p>&nbsp;<\/p>\n<p>Click here for the<a href=\"https:\/\/www.wojoer.de\/groessentabelle\/\"> size chart!<\/a><\/p>\n","protected":false},"excerpt":{"rendered":"<p>Dieser Damen Neopren Badetanga 309F6B geh\u00f6rt zu den Wojoer LIVE-Produkten. Sie werden ab Bestellung bei uns produziert. So k\u00f6nnen wir auf Kundenw\u00fcnsche individuell eingehen.<\/p>\n<p>Erh\u00e4ltlich in den Farben  Wei\u00df |  Schwarz |  Neonpink |  Eisblau | \u2026<\/p>\n","protected":false},"featured_media":16220,"comment_status":"open","ping_status":"closed","template":"","meta":[],"product_brand":[],"product_cat":[112,713,471,195],"product_tag":[108,167],"class_list":{"0":"post-14770","1":"product","2":"type-product","3":"status-publish","4":"has-post-thumbnail","6":"product_cat-309-neopren","7":"product_cat-neopren-ladies","8":"product_cat-partnerlook","9":"product_cat-produktion-auf-bestellung-liveproduktion","10":"product_tag-1beachwear","11":"product_tag-tanga","12":"product_shipping_class-neopren","13":"pa_farbe-eisblau","14":"pa_farbe-neongelb","15":"pa_farbe-neonpink","16":"pa_farbe-schwarz","17":"pa_farbe-weiss","18":"pa_groesse-l","19":"pa_groesse-m","20":"pa_groesse-s","21":"pa_groesse-xl","22":"pif-has-gallery","23":"post-1","24":"odd","26":"first","27":"onbackorder","28":"featured","29":"taxable","30":"shipping-taxable","31":"purchasable","32":"product-type-variable"},"yoast_head":"<!-- This site is optimized with the Yoast SEO plugin v27.2 - https:\/\/yoast.com\/product\/yoast-seo-wordpress\/ -->\n<title>Damen Neopren Badetanga | Badehose | Beachwear | d\u00fcnn &amp; bequem<\/title>\n<meta name=\"description\" content=\"Damen Neopren Badetanga. In Deutschland gefertigtes Glatthautneopren. Elegant &amp; erotisch liegt es auf deinem knackicgen Po. Jetzt Online versandkostenfrei bestellen!\" \/>\n<meta name=\"robots\" content=\"index, follow, max-snippet:-1, max-image-preview:large, max-video-preview:-1\" \/>\n<link rel=\"canonical\" href=\"https:\/\/www.wojoer.de\/en\/produkt\/damen-neopren-badetanga-309f6b\/\" \/>\n<meta name=\"twitter:card\" content=\"summary_large_image\" \/>\n<meta name=\"twitter:title\" content=\"Damen Neopren Badetanga | Badehose | Beachwear | d\u00fcnn &amp; bequem\" \/>\n<meta name=\"twitter:description\" content=\"Damen Neopren Badetanga. In Deutschland gefertigtes Glatthautneopren. Elegant &amp; erotisch liegt es auf deinem knackicgen Po. Jetzt Online versandkostenfrei bestellen!\" \/>\n<meta name=\"twitter:image\" content=\"https:\/\/www.wojoer.de\/wp-content\/uploads\/2019\/04\/309F6B_Neopren_G_String_schwarz_back_women_wojoer_.jpg\" \/>\n<meta name=\"twitter:label1\" content=\"Estimated reading time\" \/>\n\t<meta name=\"twitter:data1\" content=\"3 minutes\" \/>\n<script type=\"application\/ld+json\" class=\"yoast-schema-graph\">{\"@context\":\"https:\/\/schema.org\",\"@graph\":[{\"@type\":\"WebPage\",\"@id\":\"https:\/\/www.wojoer.de\/produkt\/damen-neopren-badetanga-309f6b\/\",\"url\":\"https:\/\/www.wojoer.de\/produkt\/damen-neopren-badetanga-309f6b\/\",\"name\":\"Damen Neopren Badetanga | Badehose | Beachwear | d\u00fcnn & bequem\",\"isPartOf\":{\"@id\":\"https:\/\/www.wojoer.de\/#website\"},\"primaryImageOfPage\":{\"@id\":\"https:\/\/www.wojoer.de\/produkt\/damen-neopren-badetanga-309f6b\/#primaryimage\"},\"image\":{\"@id\":\"https:\/\/www.wojoer.de\/produkt\/damen-neopren-badetanga-309f6b\/#primaryimage\"},\"thumbnailUrl\":\"https:\/\/www.wojoer.de\/wp-content\/uploads\/2019\/04\/309F6B_Neopren_G_String_schwarz_back_women_wojoer_.jpg\",\"datePublished\":\"2019-07-19T08:08:23+00:00\",\"dateModified\":\"2025-08-28T11:30:09+00:00\",\"description\":\"Damen Neopren Badetanga. In Deutschland gefertigtes Glatthautneopren. Elegant & erotisch liegt es auf deinem knackicgen Po. Jetzt Online versandkostenfrei bestellen!\",\"breadcrumb\":{\"@id\":\"https:\/\/www.wojoer.de\/produkt\/damen-neopren-badetanga-309f6b\/#breadcrumb\"},\"inLanguage\":\"en-GB\",\"potentialAction\":[{\"@type\":\"ReadAction\",\"target\":[\"https:\/\/www.wojoer.de\/produkt\/damen-neopren-badetanga-309f6b\/\"]}]},{\"@type\":\"ImageObject\",\"inLanguage\":\"en-GB\",\"@id\":\"https:\/\/www.wojoer.de\/produkt\/damen-neopren-badetanga-309f6b\/#primaryimage\",\"url\":\"https:\/\/www.wojoer.de\/wp-content\/uploads\/2019\/04\/309F6B_Neopren_G_String_schwarz_back_women_wojoer_.jpg\",\"contentUrl\":\"https:\/\/www.wojoer.de\/wp-content\/uploads\/2019\/04\/309F6B_Neopren_G_String_schwarz_back_women_wojoer_.jpg\",\"width\":1113,\"height\":1113},{\"@type\":\"BreadcrumbList\",\"@id\":\"https:\/\/www.wojoer.de\/produkt\/damen-neopren-badetanga-309f6b\/#breadcrumb\",\"itemListElement\":[{\"@type\":\"ListItem\",\"position\":1,\"name\":\"Startseite\",\"item\":\"https:\/\/www.wojoer.de\/\"},{\"@type\":\"ListItem\",\"position\":2,\"name\":\"SHOP\",\"item\":\"https:\/\/www.wojoer.de\/shop\/\"},{\"@type\":\"ListItem\",\"position\":3,\"name\":\"Damen Neopren Bade G-String 309F6B\"}]},{\"@type\":\"WebSite\",\"@id\":\"https:\/\/www.wojoer.de\/#website\",\"url\":\"https:\/\/www.wojoer.de\/\",\"name\":\"WOJOER\",\"description\":\"clubwear for men\",\"publisher\":{\"@id\":\"https:\/\/www.wojoer.de\/#organization\"},\"potentialAction\":[{\"@type\":\"SearchAction\",\"target\":{\"@type\":\"EntryPoint\",\"urlTemplate\":\"https:\/\/www.wojoer.de\/?s={search_term_string}\"},\"query-input\":{\"@type\":\"PropertyValueSpecification\",\"valueRequired\":true,\"valueName\":\"search_term_string\"}}],\"inLanguage\":\"en-GB\"},{\"@type\":\"Organization\",\"@id\":\"https:\/\/www.wojoer.de\/#organization\",\"name\":\"Wonneberger-Manufaktur\",\"url\":\"https:\/\/www.wojoer.de\/\",\"logo\":{\"@type\":\"ImageObject\",\"inLanguage\":\"en-GB\",\"@id\":\"https:\/\/www.wojoer.de\/#\/schema\/logo\/image\/\",\"url\":\"https:\/\/www.wojoer.de\/wp-content\/uploads\/2016\/11\/wonnebergermanufaktur_logo_BUTTON.png\",\"contentUrl\":\"https:\/\/www.wojoer.de\/wp-content\/uploads\/2016\/11\/wonnebergermanufaktur_logo_BUTTON.png\",\"width\":765,\"height\":765,\"caption\":\"Wonneberger-Manufaktur\"},\"image\":{\"@id\":\"https:\/\/www.wojoer.de\/#\/schema\/logo\/image\/\"},\"sameAs\":[\"https:\/\/www.facebook.com\/wojoer\/\",\"https:\/\/de.pinterest.com\/W0J0ER\/\"]}]}<\/script>\n<!-- \/ Yoast SEO plugin. -->","yoast_head_json":{"title":"Damen Neopren Badetanga | Badehose | Beachwear | d\u00fcnn & bequem","description":"Damen Neopren Badetanga. In Deutschland gefertigtes Glatthautneopren. Elegant & erotisch liegt es auf deinem knackicgen Po. Jetzt Online versandkostenfrei bestellen!","robots":{"index":"index","follow":"follow","max-snippet":"max-snippet:-1","max-image-preview":"max-image-preview:large","max-video-preview":"max-video-preview:-1"},"canonical":"https:\/\/www.wojoer.de\/en\/produkt\/damen-neopren-badetanga-309f6b\/","twitter_card":"summary_large_image","twitter_title":"Damen Neopren Badetanga | Badehose | Beachwear | d\u00fcnn & bequem","twitter_description":"Damen Neopren Badetanga. In Deutschland gefertigtes Glatthautneopren. Elegant & erotisch liegt es auf deinem knackicgen Po. Jetzt Online versandkostenfrei bestellen!","twitter_image":"https:\/\/www.wojoer.de\/wp-content\/uploads\/2019\/04\/309F6B_Neopren_G_String_schwarz_back_women_wojoer_.jpg","twitter_misc":{"Estimated reading time":"3 minutes"},"schema":{"@context":"https:\/\/schema.org","@graph":[{"@type":"WebPage","@id":"https:\/\/www.wojoer.de\/produkt\/damen-neopren-badetanga-309f6b\/","url":"https:\/\/www.wojoer.de\/produkt\/damen-neopren-badetanga-309f6b\/","name":"Damen Neopren Badetanga | Badehose | Beachwear | d\u00fcnn & bequem","isPartOf":{"@id":"https:\/\/www.wojoer.de\/#website"},"primaryImageOfPage":{"@id":"https:\/\/www.wojoer.de\/produkt\/damen-neopren-badetanga-309f6b\/#primaryimage"},"image":{"@id":"https:\/\/www.wojoer.de\/produkt\/damen-neopren-badetanga-309f6b\/#primaryimage"},"thumbnailUrl":"https:\/\/www.wojoer.de\/wp-content\/uploads\/2019\/04\/309F6B_Neopren_G_String_schwarz_back_women_wojoer_.jpg","datePublished":"2019-07-19T08:08:23+00:00","dateModified":"2025-08-28T11:30:09+00:00","description":"Damen Neopren Badetanga. In Deutschland gefertigtes Glatthautneopren. Elegant & erotisch liegt es auf deinem knackicgen Po. Jetzt Online versandkostenfrei bestellen!","breadcrumb":{"@id":"https:\/\/www.wojoer.de\/produkt\/damen-neopren-badetanga-309f6b\/#breadcrumb"},"inLanguage":"en-GB","potentialAction":[{"@type":"ReadAction","target":["https:\/\/www.wojoer.de\/produkt\/damen-neopren-badetanga-309f6b\/"]}]},{"@type":"ImageObject","inLanguage":"en-GB","@id":"https:\/\/www.wojoer.de\/produkt\/damen-neopren-badetanga-309f6b\/#primaryimage","url":"https:\/\/www.wojoer.de\/wp-content\/uploads\/2019\/04\/309F6B_Neopren_G_String_schwarz_back_women_wojoer_.jpg","contentUrl":"https:\/\/www.wojoer.de\/wp-content\/uploads\/2019\/04\/309F6B_Neopren_G_String_schwarz_back_women_wojoer_.jpg","width":1113,"height":1113},{"@type":"BreadcrumbList","@id":"https:\/\/www.wojoer.de\/produkt\/damen-neopren-badetanga-309f6b\/#breadcrumb","itemListElement":[{"@type":"ListItem","position":1,"name":"Startseite","item":"https:\/\/www.wojoer.de\/"},{"@type":"ListItem","position":2,"name":"SHOP","item":"https:\/\/www.wojoer.de\/shop\/"},{"@type":"ListItem","position":3,"name":"Damen Neopren Bade G-String 309F6B"}]},{"@type":"WebSite","@id":"https:\/\/www.wojoer.de\/#website","url":"https:\/\/www.wojoer.de\/","name":"WOJOER","description":"clubwear for men","publisher":{"@id":"https:\/\/www.wojoer.de\/#organization"},"potentialAction":[{"@type":"SearchAction","target":{"@type":"EntryPoint","urlTemplate":"https:\/\/www.wojoer.de\/?s={search_term_string}"},"query-input":{"@type":"PropertyValueSpecification","valueRequired":true,"valueName":"search_term_string"}}],"inLanguage":"en-GB"},{"@type":"Organization","@id":"https:\/\/www.wojoer.de\/#organization","name":"Wonneberger-Manufaktur","url":"https:\/\/www.wojoer.de\/","logo":{"@type":"ImageObject","inLanguage":"en-GB","@id":"https:\/\/www.wojoer.de\/#\/schema\/logo\/image\/","url":"https:\/\/www.wojoer.de\/wp-content\/uploads\/2016\/11\/wonnebergermanufaktur_logo_BUTTON.png","contentUrl":"https:\/\/www.wojoer.de\/wp-content\/uploads\/2016\/11\/wonnebergermanufaktur_logo_BUTTON.png","width":765,"height":765,"caption":"Wonneberger-Manufaktur"},"image":{"@id":"https:\/\/www.wojoer.de\/#\/schema\/logo\/image\/"},"sameAs":["https:\/\/www.facebook.com\/wojoer\/","https:\/\/de.pinterest.com\/W0J0ER\/"]}]}},"_links":{"self":[{"href":"https:\/\/www.wojoer.de\/en\/wp-json\/wp\/v2\/product\/14770","targetHints":{"allow":["GET"]}}],"collection":[{"href":"https:\/\/www.wojoer.de\/en\/wp-json\/wp\/v2\/product"}],"about":[{"href":"https:\/\/www.wojoer.de\/en\/wp-json\/wp\/v2\/types\/product"}],"replies":[{"embeddable":true,"href":"https:\/\/www.wojoer.de\/en\/wp-json\/wp\/v2\/comments?post=14770"}],"wp:featuredmedia":[{"embeddable":true,"href":"https:\/\/www.wojoer.de\/en\/wp-json\/wp\/v2\/media\/16220"}],"wp:attachment":[{"href":"https:\/\/www.wojoer.de\/en\/wp-json\/wp\/v2\/media?parent=14770"}],"wp:term":[{"taxonomy":"product_brand","embeddable":true,"href":"https:\/\/www.wojoer.de\/en\/wp-json\/wp\/v2\/product_brand?post=14770"},{"taxonomy":"product_cat","embeddable":true,"href":"https:\/\/www.wojoer.de\/en\/wp-json\/wp\/v2\/product_cat?post=14770"},{"taxonomy":"product_tag","embeddable":true,"href":"https:\/\/www.wojoer.de\/en\/wp-json\/wp\/v2\/product_tag?post=14770"}],"curies":[{"name":"wp","href":"https:\/\/api.w.org\/{rel}","templated":true}]}}