{"id":14890,"date":"2019-05-14T08:00:07","date_gmt":"2019-05-14T06:00:07","guid":{"rendered":"https:\/\/www.wojoer.de\/produkt\/funplastic-hipster-pants-373w453-1\/"},"modified":"2025-06-20T17:23:17","modified_gmt":"2025-06-20T15:23:17","slug":"funplastic-hipster-pants-373w453-1","status":"publish","type":"product","link":"https:\/\/www.wojoer.de\/en\/produkt\/funplastic-hipster-pants-373w453-1\/","title":{"rendered":"Funplastic Hipster Pants 373W453.1"},"content":{"rendered":"<p>Hauteng zeigen sich diese Funplastic Hipster Pants 373W453.1 und geh\u00f6ren in die Kategorie &#8220;LIVE&#8221;-Produkte. Produktion nur auf Bestellung.<\/p>\n<h3>Gr\u00f6\u00dfen<\/h3>\n<p>Erh\u00e4ltlich in den Gr\u00f6\u00dfen S, M, L, XL<\/p>\n<h3>Materialzusammensetzung<\/h3>\n<p>Gummi: 100% Thermoplastisches Polyurethan TPU | Leather like: 92% Polyester\u00a0 und 8% Elasthan<\/p>\n<h3>Besonderheiten<\/h3>\n<p><a href=\"http:\/\/www.wojoer.de\/?s=live&#038;post_type=product\">LIVE Produkt<\/a> | Leatherlike |\u00a0 durchsichtiger Gummibund | hauteng | schwarz | hochwertige Verarbeitung &#8220;Made in Germany&#8221;<\/p>\n<h3>Benutzerhinweise<\/h3>\n<p>Handw\u00e4sche, nicht knittern und tropfnass aufh\u00e4ngen<\/p>\n<h3>FUNPLASTIC HIPSTER PANTS &#8211; hautenge Pants<\/h3>\n<p>Deine pralle M\u00e4nnlichkeit wird durch die hautenge und leicht pushende Passform \u00fcberaus lustvoll in Szene gesetzt! Sexy und erotisch wird es schon beim anziehen, denn der straffe und enge Gummibund umschlie\u00dft fest deine H\u00fcften! Deine Schenkel, dein knackiger Hintern &#8211; alles wird lustvoll betont und wie sanfte Ber\u00fchrungen umschlie\u00dft dich diese Shorts, entf\u00fchrt dich in hei\u00df-schmutzige, feuchte Fantasiewelten! Kann ein Tag besser beginnen? Am besten du packst vorsichtshalber noch Halsband, Leine und die Handschellen ein &#8230;<\/p>\n","protected":false},"excerpt":{"rendered":"<p>Hauteng zeigen sich diese Funplastic Hipster Pants 373W453.1 und geh\u00f6ren in die Kategorie &#8220;LIVE&#8221;-Produkte. Produktion nur auf Bestellung.<br \/>\nGr\u00f6\u00dfen<br \/>\nErh\u00e4ltlich in den Gr\u00f6\u00dfen S, M, L, XL<br \/>\nMaterialzusammensetzung<br \/>\nGummi: 100% Thermoplastisches Polyurethan TPU | Leather like: 92% Polyester\u00a0 und 8% Elasthan<br \/>\nBesonderheiten<br \/>\nLIVE Produkt | Leatherlike\u2026<\/p>\n","protected":false},"featured_media":14906,"comment_status":"open","ping_status":"closed","template":"","meta":[],"product_brand":[],"product_cat":[831,116,473,195,326],"product_tag":[456,543,194],"class_list":{"0":"post-14890","1":"product","2":"type-product","3":"status-publish","4":"has-post-thumbnail","6":"product_cat-373-synplastik","7":"product_cat-clubwear","8":"product_cat-men","9":"product_cat-produktion-auf-bestellung-liveproduktion","10":"product_cat-wojoer","11":"product_tag-gummi","12":"product_tag-hipster-pants","13":"product_tag-leatherlike","14":"product_shipping_class-beun","15":"pa_groesse-l","16":"pa_groesse-m","17":"pa_groesse-s","18":"pa_groesse-xl","19":"pif-has-gallery","20":"post-1","21":"odd","23":"first","24":"onbackorder","25":"taxable","26":"shipping-taxable","27":"purchasable","28":"product-type-variable"},"yoast_head":"<!-- This site is optimized with the Yoast SEO plugin v27.2 - https:\/\/yoast.com\/product\/yoast-seo-wordpress\/ -->\n<title>Funplastic Hipster Pants | Gummibund | Leatherlike | WOJOER<\/title>\n<meta name=\"description\" content=\"Funplastic Hipster Pants - hautenges und samtig schimmerndes Leatherlike, gepaart mit einem durchsichtigen und straffen Gummibund! Hei\u00df!!!\" \/>\n<meta name=\"robots\" content=\"index, follow, max-snippet:-1, max-image-preview:large, max-video-preview:-1\" \/>\n<link rel=\"canonical\" href=\"https:\/\/www.wojoer.de\/en\/produkt\/funplastic-hipster-pants-373w453-1\/\" \/>\n<meta name=\"twitter:card\" content=\"summary_large_image\" \/>\n<meta name=\"twitter:title\" content=\"Funplastic Hipster Pants | Gummibund | Leatherlike | WOJOER\" \/>\n<meta name=\"twitter:description\" content=\"Funplastic Hipster Pants - hautenges und samtig schimmerndes Leatherlike, gepaart mit einem durchsichtigen und straffen Gummibund! Hei\u00df!!!\" \/>\n<meta name=\"twitter:image\" content=\"https:\/\/www.wojoer.de\/wp-content\/uploads\/2019\/05\/373W453_1_fungum_Pants_wojoer.jpg\" \/>\n<meta name=\"twitter:label1\" content=\"Estimated reading time\" \/>\n\t<meta name=\"twitter:data1\" content=\"1 minute\" \/>\n<script type=\"application\/ld+json\" class=\"yoast-schema-graph\">{\"@context\":\"https:\/\/schema.org\",\"@graph\":[{\"@type\":\"WebPage\",\"@id\":\"https:\/\/www.wojoer.de\/en\/produkt\/funplastic-hipster-pants-373w453-1\/\",\"url\":\"https:\/\/www.wojoer.de\/en\/produkt\/funplastic-hipster-pants-373w453-1\/\",\"name\":\"Funplastic Hipster Pants | Gummibund | Leatherlike | WOJOER\",\"isPartOf\":{\"@id\":\"https:\/\/www.wojoer.de\/#website\"},\"primaryImageOfPage\":{\"@id\":\"https:\/\/www.wojoer.de\/en\/produkt\/funplastic-hipster-pants-373w453-1\/#primaryimage\"},\"image\":{\"@id\":\"https:\/\/www.wojoer.de\/en\/produkt\/funplastic-hipster-pants-373w453-1\/#primaryimage\"},\"thumbnailUrl\":\"https:\/\/www.wojoer.de\/wp-content\/uploads\/2019\/05\/373W453_1_fungum_Pants_wojoer.jpg\",\"datePublished\":\"2019-05-14T06:00:07+00:00\",\"dateModified\":\"2025-06-20T15:23:17+00:00\",\"description\":\"Funplastic Hipster Pants - hautenges und samtig schimmerndes Leatherlike, gepaart mit einem durchsichtigen und straffen Gummibund! Hei\u00df!!!\",\"breadcrumb\":{\"@id\":\"https:\/\/www.wojoer.de\/en\/produkt\/funplastic-hipster-pants-373w453-1\/#breadcrumb\"},\"inLanguage\":\"en-GB\",\"potentialAction\":[{\"@type\":\"ReadAction\",\"target\":[\"https:\/\/www.wojoer.de\/en\/produkt\/funplastic-hipster-pants-373w453-1\/\"]}]},{\"@type\":\"ImageObject\",\"inLanguage\":\"en-GB\",\"@id\":\"https:\/\/www.wojoer.de\/en\/produkt\/funplastic-hipster-pants-373w453-1\/#primaryimage\",\"url\":\"https:\/\/www.wojoer.de\/wp-content\/uploads\/2019\/05\/373W453_1_fungum_Pants_wojoer.jpg\",\"contentUrl\":\"https:\/\/www.wojoer.de\/wp-content\/uploads\/2019\/05\/373W453_1_fungum_Pants_wojoer.jpg\",\"width\":2002,\"height\":2002},{\"@type\":\"BreadcrumbList\",\"@id\":\"https:\/\/www.wojoer.de\/en\/produkt\/funplastic-hipster-pants-373w453-1\/#breadcrumb\",\"itemListElement\":[{\"@type\":\"ListItem\",\"position\":1,\"name\":\"Startseite\",\"item\":\"https:\/\/www.wojoer.de\/\"},{\"@type\":\"ListItem\",\"position\":2,\"name\":\"SHOP\",\"item\":\"https:\/\/www.wojoer.de\/shop\/\"},{\"@type\":\"ListItem\",\"position\":3,\"name\":\"Funplastic Hipster Pants 373W453.1\"}]},{\"@type\":\"WebSite\",\"@id\":\"https:\/\/www.wojoer.de\/#website\",\"url\":\"https:\/\/www.wojoer.de\/\",\"name\":\"WOJOER\",\"description\":\"clubwear for men\",\"publisher\":{\"@id\":\"https:\/\/www.wojoer.de\/#organization\"},\"potentialAction\":[{\"@type\":\"SearchAction\",\"target\":{\"@type\":\"EntryPoint\",\"urlTemplate\":\"https:\/\/www.wojoer.de\/?s={search_term_string}\"},\"query-input\":{\"@type\":\"PropertyValueSpecification\",\"valueRequired\":true,\"valueName\":\"search_term_string\"}}],\"inLanguage\":\"en-GB\"},{\"@type\":\"Organization\",\"@id\":\"https:\/\/www.wojoer.de\/#organization\",\"name\":\"Wonneberger-Manufaktur\",\"url\":\"https:\/\/www.wojoer.de\/\",\"logo\":{\"@type\":\"ImageObject\",\"inLanguage\":\"en-GB\",\"@id\":\"https:\/\/www.wojoer.de\/#\/schema\/logo\/image\/\",\"url\":\"https:\/\/www.wojoer.de\/wp-content\/uploads\/2016\/11\/wonnebergermanufaktur_logo_BUTTON.png\",\"contentUrl\":\"https:\/\/www.wojoer.de\/wp-content\/uploads\/2016\/11\/wonnebergermanufaktur_logo_BUTTON.png\",\"width\":765,\"height\":765,\"caption\":\"Wonneberger-Manufaktur\"},\"image\":{\"@id\":\"https:\/\/www.wojoer.de\/#\/schema\/logo\/image\/\"},\"sameAs\":[\"https:\/\/www.facebook.com\/wojoer\/\",\"https:\/\/de.pinterest.com\/W0J0ER\/\"]}]}<\/script>\n<!-- \/ Yoast SEO plugin. -->","yoast_head_json":{"title":"Funplastic Hipster Pants | Gummibund | Leatherlike | WOJOER","description":"Funplastic Hipster Pants - hautenges und samtig schimmerndes Leatherlike, gepaart mit einem durchsichtigen und straffen Gummibund! Hei\u00df!!!","robots":{"index":"index","follow":"follow","max-snippet":"max-snippet:-1","max-image-preview":"max-image-preview:large","max-video-preview":"max-video-preview:-1"},"canonical":"https:\/\/www.wojoer.de\/en\/produkt\/funplastic-hipster-pants-373w453-1\/","twitter_card":"summary_large_image","twitter_title":"Funplastic Hipster Pants | Gummibund | Leatherlike | WOJOER","twitter_description":"Funplastic Hipster Pants - hautenges und samtig schimmerndes Leatherlike, gepaart mit einem durchsichtigen und straffen Gummibund! Hei\u00df!!!","twitter_image":"https:\/\/www.wojoer.de\/wp-content\/uploads\/2019\/05\/373W453_1_fungum_Pants_wojoer.jpg","twitter_misc":{"Estimated reading time":"1 minute"},"schema":{"@context":"https:\/\/schema.org","@graph":[{"@type":"WebPage","@id":"https:\/\/www.wojoer.de\/en\/produkt\/funplastic-hipster-pants-373w453-1\/","url":"https:\/\/www.wojoer.de\/en\/produkt\/funplastic-hipster-pants-373w453-1\/","name":"Funplastic Hipster Pants | Gummibund | Leatherlike | WOJOER","isPartOf":{"@id":"https:\/\/www.wojoer.de\/#website"},"primaryImageOfPage":{"@id":"https:\/\/www.wojoer.de\/en\/produkt\/funplastic-hipster-pants-373w453-1\/#primaryimage"},"image":{"@id":"https:\/\/www.wojoer.de\/en\/produkt\/funplastic-hipster-pants-373w453-1\/#primaryimage"},"thumbnailUrl":"https:\/\/www.wojoer.de\/wp-content\/uploads\/2019\/05\/373W453_1_fungum_Pants_wojoer.jpg","datePublished":"2019-05-14T06:00:07+00:00","dateModified":"2025-06-20T15:23:17+00:00","description":"Funplastic Hipster Pants - hautenges und samtig schimmerndes Leatherlike, gepaart mit einem durchsichtigen und straffen Gummibund! Hei\u00df!!!","breadcrumb":{"@id":"https:\/\/www.wojoer.de\/en\/produkt\/funplastic-hipster-pants-373w453-1\/#breadcrumb"},"inLanguage":"en-GB","potentialAction":[{"@type":"ReadAction","target":["https:\/\/www.wojoer.de\/en\/produkt\/funplastic-hipster-pants-373w453-1\/"]}]},{"@type":"ImageObject","inLanguage":"en-GB","@id":"https:\/\/www.wojoer.de\/en\/produkt\/funplastic-hipster-pants-373w453-1\/#primaryimage","url":"https:\/\/www.wojoer.de\/wp-content\/uploads\/2019\/05\/373W453_1_fungum_Pants_wojoer.jpg","contentUrl":"https:\/\/www.wojoer.de\/wp-content\/uploads\/2019\/05\/373W453_1_fungum_Pants_wojoer.jpg","width":2002,"height":2002},{"@type":"BreadcrumbList","@id":"https:\/\/www.wojoer.de\/en\/produkt\/funplastic-hipster-pants-373w453-1\/#breadcrumb","itemListElement":[{"@type":"ListItem","position":1,"name":"Startseite","item":"https:\/\/www.wojoer.de\/"},{"@type":"ListItem","position":2,"name":"SHOP","item":"https:\/\/www.wojoer.de\/shop\/"},{"@type":"ListItem","position":3,"name":"Funplastic Hipster Pants 373W453.1"}]},{"@type":"WebSite","@id":"https:\/\/www.wojoer.de\/#website","url":"https:\/\/www.wojoer.de\/","name":"WOJOER","description":"clubwear for men","publisher":{"@id":"https:\/\/www.wojoer.de\/#organization"},"potentialAction":[{"@type":"SearchAction","target":{"@type":"EntryPoint","urlTemplate":"https:\/\/www.wojoer.de\/?s={search_term_string}"},"query-input":{"@type":"PropertyValueSpecification","valueRequired":true,"valueName":"search_term_string"}}],"inLanguage":"en-GB"},{"@type":"Organization","@id":"https:\/\/www.wojoer.de\/#organization","name":"Wonneberger-Manufaktur","url":"https:\/\/www.wojoer.de\/","logo":{"@type":"ImageObject","inLanguage":"en-GB","@id":"https:\/\/www.wojoer.de\/#\/schema\/logo\/image\/","url":"https:\/\/www.wojoer.de\/wp-content\/uploads\/2016\/11\/wonnebergermanufaktur_logo_BUTTON.png","contentUrl":"https:\/\/www.wojoer.de\/wp-content\/uploads\/2016\/11\/wonnebergermanufaktur_logo_BUTTON.png","width":765,"height":765,"caption":"Wonneberger-Manufaktur"},"image":{"@id":"https:\/\/www.wojoer.de\/#\/schema\/logo\/image\/"},"sameAs":["https:\/\/www.facebook.com\/wojoer\/","https:\/\/de.pinterest.com\/W0J0ER\/"]}]}},"_links":{"self":[{"href":"https:\/\/www.wojoer.de\/en\/wp-json\/wp\/v2\/product\/14890","targetHints":{"allow":["GET"]}}],"collection":[{"href":"https:\/\/www.wojoer.de\/en\/wp-json\/wp\/v2\/product"}],"about":[{"href":"https:\/\/www.wojoer.de\/en\/wp-json\/wp\/v2\/types\/product"}],"replies":[{"embeddable":true,"href":"https:\/\/www.wojoer.de\/en\/wp-json\/wp\/v2\/comments?post=14890"}],"wp:featuredmedia":[{"embeddable":true,"href":"https:\/\/www.wojoer.de\/en\/wp-json\/wp\/v2\/media\/14906"}],"wp:attachment":[{"href":"https:\/\/www.wojoer.de\/en\/wp-json\/wp\/v2\/media?parent=14890"}],"wp:term":[{"taxonomy":"product_brand","embeddable":true,"href":"https:\/\/www.wojoer.de\/en\/wp-json\/wp\/v2\/product_brand?post=14890"},{"taxonomy":"product_cat","embeddable":true,"href":"https:\/\/www.wojoer.de\/en\/wp-json\/wp\/v2\/product_cat?post=14890"},{"taxonomy":"product_tag","embeddable":true,"href":"https:\/\/www.wojoer.de\/en\/wp-json\/wp\/v2\/product_tag?post=14890"}],"curies":[{"name":"wp","href":"https:\/\/api.w.org\/{rel}","templated":true}]}}