{"id":14915,"date":"2020-03-12T10:48:33","date_gmt":"2020-03-12T09:48:33","guid":{"rendered":"https:\/\/www.wojoer.de\/produkt\/leatherlike-ouverte-mini-hipster-380b449-2\/"},"modified":"2025-10-01T13:03:17","modified_gmt":"2025-10-01T11:03:17","slug":"leatherlike-ouverte-mini-hipster-380w449-2","status":"publish","type":"product","link":"https:\/\/www.wojoer.de\/en\/produkt\/leatherlike-ouverte-mini-hipster-380w449-2\/","title":{"rendered":"LEATHERLIKE HALF OUVERTE Mini Hipster 380W449.2"},"content":{"rendered":"<p>Diesen Leatherlike Ouverte Mini Hipster 380W449.2 ist ein ganz besonderes Teil &#8211; Only for Me &#8211; schau selbst&#8230;<\/p>\n<h3>Gr\u00f6\u00dfe<\/h3>\n<p>S| M| L| XL<\/p>\n<h3>Materialzusammensetzung<\/h3>\n<p>93% Polyester, 7%Elasthan<\/p>\n<h3>Besonderheiten<\/h3>\n<p><a href=\"http:\/\/www.wojoer.de\/?s=LIVE&#038;post_type=product\">LIVE-Produkt<\/a>\u00a0 | softes Leatherlike\u00a0 | sehr gut dehnbar\u00a0 |\u00a0 eng anschmiegsamer Schnitt | Ouverte Suspensorium f\u00fcr deine Hoden | hochwertige Verarbeitung &#8220;Made in Germany&#8221;<\/p>\n<h3>Benutzerhinweise<\/h3>\n<p>Handw\u00e4sche | seperat von hellen und anderen, beschichteten Textilien lagern | nur mit dazwischen gelegtes Papier zusammenlegen oder locker auf einem B\u00fcgel h\u00e4ngen<\/p>\n<h3>LEATHERLIKE CHEEKY SLIP- Ouverte Hipster<\/h3>\n<p>Fetisch Fans aufgepasst. Wojoer hat etwas ganz Besonderes f\u00fcr Dich. Dieser Lack Cheeky slip ist ein echter Magnet. Sein softes Leatherlike verlockt unwillk\u00fcrlich ber\u00fchrt zu werden. Das Wetleather schmiegt sich angenehm weich um deine H\u00fcften und l\u00e4sst sie in einem erotisch schwarzen Glanz erstrahlen. Das Material ist sehr elastisch und hat eine lederartige Struktur wohingegen es angezogen, glatt, wie eine zweite Haut wird. Aber das Besondere Etwas kommt erst noch. Das wunderbar m\u00e4nnliche Suspensorium mit einer \u00d6ffnung f\u00fcr deine Hoden, legt sich gierig um deine M\u00e4nnlichkeit. Dadurch zieht sie alle Blicke auf diese unwiderstehlich geschmeidige W\u00f6lbung, die dich als Mann ausmacht. Du wirst aus der Ekstase nicht mehr herauskommen.<\/p>\n","protected":false},"excerpt":{"rendered":"<p>Diesen Leatherlike Halb Ouverte Mini Hipster 380W449.2 ist ein ganz besonderes Teil &#8211; Only for Me &#8211; schau selbst&#8230;<br \/>\nGr\u00f6\u00dfe<br \/>\nS M L XL<br \/>\nMaterialzusammensetzung<br \/>\n93% Polyester, 7%Elasthan<br \/>\nBesonderheiten<br \/>\nLIVE-Produkt\u00a0 | softes Leatherlike\u00a0 | sehr gut dehnbar\u00a0 |\u00a0 eng anschmiegsamer Schnitt | Ouverte Suspensorium f\u00fcr deine\u2026<\/p>\n","protected":false},"featured_media":12196,"comment_status":"open","ping_status":"closed","template":"","meta":[],"product_brand":[],"product_cat":[835,114,473,270,195,326],"product_tag":[102,194,209,487,295],"class_list":{"0":"post-14915","1":"product","2":"type-product","3":"status-publish","4":"has-post-thumbnail","6":"product_cat-ouvert","7":"product_cat-fetisch","8":"product_cat-men","9":"product_cat-onlyforme","10":"product_cat-produktion-auf-bestellung-liveproduktion","11":"product_cat-wojoer","12":"product_tag-hipster","13":"product_tag-leatherlike","14":"product_tag-mini-hipster","15":"product_tag-ouverte","16":"product_tag-slip","17":"product_shipping_class-beun","18":"pa_groesse-l","19":"pa_groesse-m","20":"pa_groesse-s","21":"pa_groesse-xl","22":"pif-has-gallery","23":"post-1","24":"odd","26":"first","27":"instock","28":"taxable","29":"shipping-taxable","30":"purchasable","31":"product-type-variable"},"yoast_head":"<!-- This site is optimized with the Yoast SEO plugin v27.2 - https:\/\/yoast.com\/product\/yoast-seo-wordpress\/ -->\n<title>Leatherlike Mini Hipster| Ouverte Suspensorium | schwarz | soft | WOJOER<\/title>\n<meta name=\"description\" content=\"Leatherlike Mini Hipster schwarz f\u00fcr M\u00e4nner. Wahnsinnig soft und angenehm weich dehnbar f\u00fcr h\u00f6chsten Tragekomfort und deine perfekte Passform! Jetzt versandkostenfrei innerhalb Deutschlands bestellen bei WOJOER!\" \/>\n<meta name=\"robots\" content=\"index, follow, max-snippet:-1, max-image-preview:large, max-video-preview:-1\" \/>\n<link rel=\"canonical\" href=\"https:\/\/www.wojoer.de\/en\/produkt\/leatherlike-ouverte-mini-hipster-380w449-2\/\" \/>\n<meta name=\"twitter:card\" content=\"summary_large_image\" \/>\n<meta name=\"twitter:title\" content=\"Leatherlike Mini Hipster| Ouverte Suspensorium | schwarz | soft | WOJOER\" \/>\n<meta name=\"twitter:description\" content=\"Leatherlike Mini Hipster schwarz f\u00fcr M\u00e4nner. Wahnsinnig soft und angenehm weich dehnbar f\u00fcr h\u00f6chsten Tragekomfort und deine perfekte Passform! Jetzt versandkostenfrei innerhalb Deutschlands bestellen bei WOJOER!\" \/>\n<meta name=\"twitter:image\" content=\"https:\/\/www.wojoer.de\/wp-content\/uploads\/2018\/12\/380W449_Overte_MiniHipster_back_wojoer.jpg\" \/>\n<meta name=\"twitter:label1\" content=\"Estimated reading time\" \/>\n\t<meta name=\"twitter:data1\" content=\"2 minutes\" \/>\n<script type=\"application\/ld+json\" class=\"yoast-schema-graph\">{\"@context\":\"https:\/\/schema.org\",\"@graph\":[{\"@type\":\"WebPage\",\"@id\":\"https:\/\/www.wojoer.de\/produkt\/leatherlike-ouverte-mini-hipster-380w449-2\/\",\"url\":\"https:\/\/www.wojoer.de\/produkt\/leatherlike-ouverte-mini-hipster-380w449-2\/\",\"name\":\"Leatherlike Mini Hipster| Ouverte Suspensorium | schwarz | soft | WOJOER\",\"isPartOf\":{\"@id\":\"https:\/\/www.wojoer.de\/#website\"},\"primaryImageOfPage\":{\"@id\":\"https:\/\/www.wojoer.de\/produkt\/leatherlike-ouverte-mini-hipster-380w449-2\/#primaryimage\"},\"image\":{\"@id\":\"https:\/\/www.wojoer.de\/produkt\/leatherlike-ouverte-mini-hipster-380w449-2\/#primaryimage\"},\"thumbnailUrl\":\"https:\/\/www.wojoer.de\/wp-content\/uploads\/2018\/12\/380W449_Overte_MiniHipster_back_wojoer.jpg\",\"datePublished\":\"2020-03-12T09:48:33+00:00\",\"dateModified\":\"2025-10-01T11:03:17+00:00\",\"description\":\"Leatherlike Mini Hipster schwarz f\u00fcr M\u00e4nner. Wahnsinnig soft und angenehm weich dehnbar f\u00fcr h\u00f6chsten Tragekomfort und deine perfekte Passform! Jetzt versandkostenfrei innerhalb Deutschlands bestellen bei WOJOER!\",\"breadcrumb\":{\"@id\":\"https:\/\/www.wojoer.de\/produkt\/leatherlike-ouverte-mini-hipster-380w449-2\/#breadcrumb\"},\"inLanguage\":\"en-GB\",\"potentialAction\":[{\"@type\":\"ReadAction\",\"target\":[\"https:\/\/www.wojoer.de\/produkt\/leatherlike-ouverte-mini-hipster-380w449-2\/\"]}]},{\"@type\":\"ImageObject\",\"inLanguage\":\"en-GB\",\"@id\":\"https:\/\/www.wojoer.de\/produkt\/leatherlike-ouverte-mini-hipster-380w449-2\/#primaryimage\",\"url\":\"https:\/\/www.wojoer.de\/wp-content\/uploads\/2018\/12\/380W449_Overte_MiniHipster_back_wojoer.jpg\",\"contentUrl\":\"https:\/\/www.wojoer.de\/wp-content\/uploads\/2018\/12\/380W449_Overte_MiniHipster_back_wojoer.jpg\",\"width\":2002,\"height\":2002,\"caption\":\"Mini Hipster, Overt, wojoer, offen, pur, schwarz, leatherlike, sexy\"},{\"@type\":\"BreadcrumbList\",\"@id\":\"https:\/\/www.wojoer.de\/produkt\/leatherlike-ouverte-mini-hipster-380w449-2\/#breadcrumb\",\"itemListElement\":[{\"@type\":\"ListItem\",\"position\":1,\"name\":\"Startseite\",\"item\":\"https:\/\/www.wojoer.de\/\"},{\"@type\":\"ListItem\",\"position\":2,\"name\":\"SHOP\",\"item\":\"https:\/\/www.wojoer.de\/shop\/\"},{\"@type\":\"ListItem\",\"position\":3,\"name\":\"LEATHERLIKE HALF OUVERT Mini Hipster 380W449.2\"}]},{\"@type\":\"WebSite\",\"@id\":\"https:\/\/www.wojoer.de\/#website\",\"url\":\"https:\/\/www.wojoer.de\/\",\"name\":\"WOJOER\",\"description\":\"clubwear for men\",\"publisher\":{\"@id\":\"https:\/\/www.wojoer.de\/#organization\"},\"potentialAction\":[{\"@type\":\"SearchAction\",\"target\":{\"@type\":\"EntryPoint\",\"urlTemplate\":\"https:\/\/www.wojoer.de\/?s={search_term_string}\"},\"query-input\":{\"@type\":\"PropertyValueSpecification\",\"valueRequired\":true,\"valueName\":\"search_term_string\"}}],\"inLanguage\":\"en-GB\"},{\"@type\":\"Organization\",\"@id\":\"https:\/\/www.wojoer.de\/#organization\",\"name\":\"Wonneberger-Manufaktur\",\"url\":\"https:\/\/www.wojoer.de\/\",\"logo\":{\"@type\":\"ImageObject\",\"inLanguage\":\"en-GB\",\"@id\":\"https:\/\/www.wojoer.de\/#\/schema\/logo\/image\/\",\"url\":\"https:\/\/www.wojoer.de\/wp-content\/uploads\/2016\/11\/wonnebergermanufaktur_logo_BUTTON.png\",\"contentUrl\":\"https:\/\/www.wojoer.de\/wp-content\/uploads\/2016\/11\/wonnebergermanufaktur_logo_BUTTON.png\",\"width\":765,\"height\":765,\"caption\":\"Wonneberger-Manufaktur\"},\"image\":{\"@id\":\"https:\/\/www.wojoer.de\/#\/schema\/logo\/image\/\"},\"sameAs\":[\"https:\/\/www.facebook.com\/wojoer\/\",\"https:\/\/de.pinterest.com\/W0J0ER\/\"]}]}<\/script>\n<!-- \/ Yoast SEO plugin. -->","yoast_head_json":{"title":"Leatherlike Mini Hipster| Ouverte Suspensorium | schwarz | soft | WOJOER","description":"Leatherlike Mini Hipster schwarz f\u00fcr M\u00e4nner. Wahnsinnig soft und angenehm weich dehnbar f\u00fcr h\u00f6chsten Tragekomfort und deine perfekte Passform! Jetzt versandkostenfrei innerhalb Deutschlands bestellen bei WOJOER!","robots":{"index":"index","follow":"follow","max-snippet":"max-snippet:-1","max-image-preview":"max-image-preview:large","max-video-preview":"max-video-preview:-1"},"canonical":"https:\/\/www.wojoer.de\/en\/produkt\/leatherlike-ouverte-mini-hipster-380w449-2\/","twitter_card":"summary_large_image","twitter_title":"[:de]Leatherlike Mini Hipster| Ouverte Suspensorium | schwarz | soft | WOJOER[:]","twitter_description":"[:de]Leatherlike Mini Hipster schwarz f\u00fcr M\u00e4nner. Wahnsinnig soft und angenehm weich dehnbar f\u00fcr h\u00f6chsten Tragekomfort und deine perfekte Passform! Jetzt versandkostenfrei innerhalb Deutschlands bestellen bei WOJOER![:]","twitter_image":"https:\/\/www.wojoer.de\/wp-content\/uploads\/2018\/12\/380W449_Overte_MiniHipster_back_wojoer.jpg","twitter_misc":{"Estimated reading time":"2 minutes"},"schema":{"@context":"https:\/\/schema.org","@graph":[{"@type":"WebPage","@id":"https:\/\/www.wojoer.de\/produkt\/leatherlike-ouverte-mini-hipster-380w449-2\/","url":"https:\/\/www.wojoer.de\/produkt\/leatherlike-ouverte-mini-hipster-380w449-2\/","name":"Leatherlike Mini Hipster| Ouverte Suspensorium | schwarz | soft | WOJOER","isPartOf":{"@id":"https:\/\/www.wojoer.de\/#website"},"primaryImageOfPage":{"@id":"https:\/\/www.wojoer.de\/produkt\/leatherlike-ouverte-mini-hipster-380w449-2\/#primaryimage"},"image":{"@id":"https:\/\/www.wojoer.de\/produkt\/leatherlike-ouverte-mini-hipster-380w449-2\/#primaryimage"},"thumbnailUrl":"https:\/\/www.wojoer.de\/wp-content\/uploads\/2018\/12\/380W449_Overte_MiniHipster_back_wojoer.jpg","datePublished":"2020-03-12T09:48:33+00:00","dateModified":"2025-10-01T11:03:17+00:00","description":"Leatherlike Mini Hipster schwarz f\u00fcr M\u00e4nner. Wahnsinnig soft und angenehm weich dehnbar f\u00fcr h\u00f6chsten Tragekomfort und deine perfekte Passform! Jetzt versandkostenfrei innerhalb Deutschlands bestellen bei WOJOER!","breadcrumb":{"@id":"https:\/\/www.wojoer.de\/produkt\/leatherlike-ouverte-mini-hipster-380w449-2\/#breadcrumb"},"inLanguage":"en-GB","potentialAction":[{"@type":"ReadAction","target":["https:\/\/www.wojoer.de\/produkt\/leatherlike-ouverte-mini-hipster-380w449-2\/"]}]},{"@type":"ImageObject","inLanguage":"en-GB","@id":"https:\/\/www.wojoer.de\/produkt\/leatherlike-ouverte-mini-hipster-380w449-2\/#primaryimage","url":"https:\/\/www.wojoer.de\/wp-content\/uploads\/2018\/12\/380W449_Overte_MiniHipster_back_wojoer.jpg","contentUrl":"https:\/\/www.wojoer.de\/wp-content\/uploads\/2018\/12\/380W449_Overte_MiniHipster_back_wojoer.jpg","width":2002,"height":2002,"caption":"Mini Hipster, Overt, wojoer, offen, pur, schwarz, leatherlike, sexy"},{"@type":"BreadcrumbList","@id":"https:\/\/www.wojoer.de\/produkt\/leatherlike-ouverte-mini-hipster-380w449-2\/#breadcrumb","itemListElement":[{"@type":"ListItem","position":1,"name":"Startseite","item":"https:\/\/www.wojoer.de\/"},{"@type":"ListItem","position":2,"name":"SHOP","item":"https:\/\/www.wojoer.de\/shop\/"},{"@type":"ListItem","position":3,"name":"LEATHERLIKE HALF OUVERT Mini Hipster 380W449.2"}]},{"@type":"WebSite","@id":"https:\/\/www.wojoer.de\/#website","url":"https:\/\/www.wojoer.de\/","name":"WOJOER","description":"clubwear for men","publisher":{"@id":"https:\/\/www.wojoer.de\/#organization"},"potentialAction":[{"@type":"SearchAction","target":{"@type":"EntryPoint","urlTemplate":"https:\/\/www.wojoer.de\/?s={search_term_string}"},"query-input":{"@type":"PropertyValueSpecification","valueRequired":true,"valueName":"search_term_string"}}],"inLanguage":"en-GB"},{"@type":"Organization","@id":"https:\/\/www.wojoer.de\/#organization","name":"Wonneberger-Manufaktur","url":"https:\/\/www.wojoer.de\/","logo":{"@type":"ImageObject","inLanguage":"en-GB","@id":"https:\/\/www.wojoer.de\/#\/schema\/logo\/image\/","url":"https:\/\/www.wojoer.de\/wp-content\/uploads\/2016\/11\/wonnebergermanufaktur_logo_BUTTON.png","contentUrl":"https:\/\/www.wojoer.de\/wp-content\/uploads\/2016\/11\/wonnebergermanufaktur_logo_BUTTON.png","width":765,"height":765,"caption":"Wonneberger-Manufaktur"},"image":{"@id":"https:\/\/www.wojoer.de\/#\/schema\/logo\/image\/"},"sameAs":["https:\/\/www.facebook.com\/wojoer\/","https:\/\/de.pinterest.com\/W0J0ER\/"]}]}},"_links":{"self":[{"href":"https:\/\/www.wojoer.de\/en\/wp-json\/wp\/v2\/product\/14915","targetHints":{"allow":["GET"]}}],"collection":[{"href":"https:\/\/www.wojoer.de\/en\/wp-json\/wp\/v2\/product"}],"about":[{"href":"https:\/\/www.wojoer.de\/en\/wp-json\/wp\/v2\/types\/product"}],"replies":[{"embeddable":true,"href":"https:\/\/www.wojoer.de\/en\/wp-json\/wp\/v2\/comments?post=14915"}],"wp:featuredmedia":[{"embeddable":true,"href":"https:\/\/www.wojoer.de\/en\/wp-json\/wp\/v2\/media\/12196"}],"wp:attachment":[{"href":"https:\/\/www.wojoer.de\/en\/wp-json\/wp\/v2\/media?parent=14915"}],"wp:term":[{"taxonomy":"product_brand","embeddable":true,"href":"https:\/\/www.wojoer.de\/en\/wp-json\/wp\/v2\/product_brand?post=14915"},{"taxonomy":"product_cat","embeddable":true,"href":"https:\/\/www.wojoer.de\/en\/wp-json\/wp\/v2\/product_cat?post=14915"},{"taxonomy":"product_tag","embeddable":true,"href":"https:\/\/www.wojoer.de\/en\/wp-json\/wp\/v2\/product_tag?post=14915"}],"curies":[{"name":"wp","href":"https:\/\/api.w.org\/{rel}","templated":true}]}}