{"id":15493,"date":"2019-05-15T08:01:00","date_gmt":"2019-05-15T06:01:00","guid":{"rendered":"https:\/\/www.wojoer.de\/produkt\/damen-lackkleid-365k2\/"},"modified":"2023-04-03T09:03:44","modified_gmt":"2023-04-03T07:03:44","slug":"damen-lackkleid-365k2-wetleather","status":"publish","type":"product","link":"https:\/\/www.wojoer.de\/en\/produkt\/damen-lackkleid-365k2-wetleather\/","title":{"rendered":"Wetleather Damen Lackkleid ohne Rei\u00dfverschluss 365K2"},"content":{"rendered":"<p>Dieses Damen Lackkleid geh\u00f6rt zu den Wojoer LIVE-Produkten. Sie werden ab Bestellung bei uns produziert. So k\u00f6nnen wir auf Kundenw\u00fcnsche individuell eingehen.<\/p>\n<h3>Gr\u00f6\u00dfen<\/h3>\n<p>Erh\u00e4ltlich in den Gr\u00f6\u00dfen 34, 36, 38, 40, 42, 44, 46, 48, 50<\/p>\n<h3>Materialzusammensetzung<\/h3>\n<p>WETLEATHER, super dehnbares, leicht strukturiertes Leatherlike mit Lackglanz: 95% Viskose, 5% Elasthan | 100% Polyester<\/p>\n<h3>Besonderheiten<\/h3>\n<p><a href=\"http:\/\/www.wojoer.de\/?s=live&#038;post_type=product\">LIVE Produkt<\/a> | glossy, strechy Leatherlike | sehr gut dehnbar | eng anschmiegsamer Schnitt | knappes Rockteil | Bustierkleid | hochwertige Verarbeitung \u201eMade in Germany\u201c<\/p>\n<h3>Benutzerhinweise<\/h3>\n<p>Handw\u00e4sche | seperat von hellen und anderen, beschichteten Textilien lagern | nur mit dazwischen gelegtes Papier zusammenlegen oder locker auf einem B\u00fcgel h\u00e4ngen<\/p>\n<h3>DAMEN LACKKLEID &#8211; Sexy Bustierkleid<\/h3>\n<p>Fetisch Fans aufgepasst. Wojoer hat etwas ganz Besonderes f\u00fcr Dich. Dieses hei\u00dfe Lackkleid ist ein echter Magnet. Das glossy Leatherlike verlockt unwillk\u00fcrlich ber\u00fchrt zu werden. Das Wetleather schmiegt sich angenehm weich um deinen hei\u00dfen Body und l\u00e4sst dich in einem erotisch schwarzen Glanz erstrahlen. Das Material ist sehr elastisch und hat eine lederartige Struktur wohingegen es angezogen, glatt, wie ein Lackmaterial wird.\u00a0 Das Rockteil ist wunderbar verspielt und bedeckt gerade das n\u00f6tigste von deinem Knackpo. Aber das Besondere Etwas kommt erst noch. Der wunderbar weibliche Bustierschnitt legt sich gierig um deine prallen Br\u00fcste. Dadurch ziehst du alle Blicke auf diese unwiderstehlich geschmeidigen W\u00f6lbungen, die dich als Frau ausmachen. Du wirst aus der Ekstase nicht mehr herauskommen.\u2026Und weil es so sexy und bequem gleicherma\u00dfen ist, gibt&#8217;s f\u00fcr deinen Partner den passenden <a href=\"https:\/\/www.wojoer.de\/produkt\/beun-stripe-g-string-neon-coral-322b6b\/\">Partnerlook \u00a0<\/a>dazu.<\/p>\n","protected":false},"excerpt":{"rendered":"<p>Dieses Damen Lackkleid geh\u00f6rt zu den Wojoer LIVE-Produkten. Sie werden ab Bestellung bei uns produziert. So k\u00f6nnen wir auf Kundenw\u00fcnsche individuell eingehen.<br \/>\nGr\u00f6\u00dfen<br \/>\nErh\u00e4ltlich in den Gr\u00f6\u00dfen 34, 36, 38, 40, 42, 44, 46, 48, 50<br \/>\nMaterialzusammensetzung<br \/>\nWETLEATHER, super dehnbares, leicht strukturiertes Leatherlike mit\u2026<\/p>\n","protected":false},"featured_media":15617,"comment_status":"open","ping_status":"closed","template":"","meta":[],"product_brand":[],"product_cat":[697,471,195],"product_tag":[555,560,855,247],"class_list":{"0":"post-15493","1":"product","2":"type-product","3":"status-publish","4":"has-post-thumbnail","6":"product_cat-wetleather-ladies","7":"product_cat-partnerlook","8":"product_cat-produktion-auf-bestellung-liveproduktion","9":"product_tag-bustier","10":"product_tag-glaenzend","11":"product_tag-kleid","12":"product_tag-wetlook","13":"product_shipping_class-beun","14":"pa_groesse-544","15":"pa_groesse-545","16":"pa_groesse-546","17":"pa_groesse-547","18":"pa_groesse-548","19":"pa_groesse-549","20":"pa_groesse-550","21":"pa_groesse-551","22":"pa_groesse-552","23":"pif-has-gallery","24":"post-1","25":"odd","27":"first","28":"instock","29":"taxable","30":"shipping-taxable","31":"purchasable","32":"product-type-variable"},"yoast_head":"<!-- This site is optimized with the Yoast SEO plugin v27.2 - https:\/\/yoast.com\/product\/yoast-seo-wordpress\/ -->\n<title>Damen Lackkleid | Wetleather | eng &amp; gl\u00e4nzend | Bustier<\/title>\n<meta name=\"description\" content=\"Damen Lackkleid. Gl\u00e4nzendes Wetleather. Enganliegend &amp; erotisch umh\u00fcllt es deine Br\u00fcste. Kurzer Rock umspielt deinen Knackpo. Jetzt Online versandkostenfrei bestellen!\" \/>\n<meta name=\"robots\" content=\"index, follow, max-snippet:-1, max-image-preview:large, max-video-preview:-1\" \/>\n<link rel=\"canonical\" href=\"https:\/\/www.wojoer.de\/en\/produkt\/damen-lackkleid-365k2-wetleather\/\" \/>\n<meta name=\"twitter:card\" content=\"summary_large_image\" \/>\n<meta name=\"twitter:title\" content=\"Damen Lackkleid | Wetleather | eng &amp; gl\u00e4nzend | Bustier\" \/>\n<meta name=\"twitter:description\" content=\"Damen Lackkleid. Gl\u00e4nzendes Wetleather. Enganliegend &amp; erotisch umh\u00fcllt es deine Br\u00fcste. Kurzer Rock umspielt deinen Knackpo. Jetzt Online versandkostenfrei bestellen!\" \/>\n<meta name=\"twitter:image\" content=\"https:\/\/www.wojoer.de\/wp-content\/uploads\/2019\/06\/365K2_Wetleather_Lack_Kleid_women_Wojoer.jpg\" \/>\n<meta name=\"twitter:label1\" content=\"Estimated reading time\" \/>\n\t<meta name=\"twitter:data1\" content=\"2 minutes\" \/>\n<script type=\"application\/ld+json\" class=\"yoast-schema-graph\">{\"@context\":\"https:\/\/schema.org\",\"@graph\":[{\"@type\":\"WebPage\",\"@id\":\"https:\/\/www.wojoer.de\/produkt\/damen-lackkleid-365k2-wetleather\/\",\"url\":\"https:\/\/www.wojoer.de\/produkt\/damen-lackkleid-365k2-wetleather\/\",\"name\":\"Damen Lackkleid | Wetleather | eng & gl\u00e4nzend | Bustier\",\"isPartOf\":{\"@id\":\"https:\/\/www.wojoer.de\/#website\"},\"primaryImageOfPage\":{\"@id\":\"https:\/\/www.wojoer.de\/produkt\/damen-lackkleid-365k2-wetleather\/#primaryimage\"},\"image\":{\"@id\":\"https:\/\/www.wojoer.de\/produkt\/damen-lackkleid-365k2-wetleather\/#primaryimage\"},\"thumbnailUrl\":\"https:\/\/www.wojoer.de\/wp-content\/uploads\/2019\/06\/365K2_Wetleather_Lack_Kleid_women_Wojoer.jpg\",\"datePublished\":\"2019-05-15T06:01:00+00:00\",\"dateModified\":\"2023-04-03T07:03:44+00:00\",\"description\":\"Damen Lackkleid. Gl\u00e4nzendes Wetleather. Enganliegend & erotisch umh\u00fcllt es deine Br\u00fcste. Kurzer Rock umspielt deinen Knackpo. Jetzt Online versandkostenfrei bestellen!\",\"breadcrumb\":{\"@id\":\"https:\/\/www.wojoer.de\/produkt\/damen-lackkleid-365k2-wetleather\/#breadcrumb\"},\"inLanguage\":\"en-GB\",\"potentialAction\":[{\"@type\":\"ReadAction\",\"target\":[\"https:\/\/www.wojoer.de\/produkt\/damen-lackkleid-365k2-wetleather\/\"]}]},{\"@type\":\"ImageObject\",\"inLanguage\":\"en-GB\",\"@id\":\"https:\/\/www.wojoer.de\/produkt\/damen-lackkleid-365k2-wetleather\/#primaryimage\",\"url\":\"https:\/\/www.wojoer.de\/wp-content\/uploads\/2019\/06\/365K2_Wetleather_Lack_Kleid_women_Wojoer.jpg\",\"contentUrl\":\"https:\/\/www.wojoer.de\/wp-content\/uploads\/2019\/06\/365K2_Wetleather_Lack_Kleid_women_Wojoer.jpg\",\"width\":2002,\"height\":2002},{\"@type\":\"BreadcrumbList\",\"@id\":\"https:\/\/www.wojoer.de\/produkt\/damen-lackkleid-365k2-wetleather\/#breadcrumb\",\"itemListElement\":[{\"@type\":\"ListItem\",\"position\":1,\"name\":\"Startseite\",\"item\":\"https:\/\/www.wojoer.de\/\"},{\"@type\":\"ListItem\",\"position\":2,\"name\":\"SHOP\",\"item\":\"https:\/\/www.wojoer.de\/shop\/\"},{\"@type\":\"ListItem\",\"position\":3,\"name\":\"Wetleather Damen Lackkleid ohne Rei\u00dfverschluss 365K2\"}]},{\"@type\":\"WebSite\",\"@id\":\"https:\/\/www.wojoer.de\/#website\",\"url\":\"https:\/\/www.wojoer.de\/\",\"name\":\"WOJOER\",\"description\":\"clubwear for men\",\"publisher\":{\"@id\":\"https:\/\/www.wojoer.de\/#organization\"},\"potentialAction\":[{\"@type\":\"SearchAction\",\"target\":{\"@type\":\"EntryPoint\",\"urlTemplate\":\"https:\/\/www.wojoer.de\/?s={search_term_string}\"},\"query-input\":{\"@type\":\"PropertyValueSpecification\",\"valueRequired\":true,\"valueName\":\"search_term_string\"}}],\"inLanguage\":\"en-GB\"},{\"@type\":\"Organization\",\"@id\":\"https:\/\/www.wojoer.de\/#organization\",\"name\":\"Wonneberger-Manufaktur\",\"url\":\"https:\/\/www.wojoer.de\/\",\"logo\":{\"@type\":\"ImageObject\",\"inLanguage\":\"en-GB\",\"@id\":\"https:\/\/www.wojoer.de\/#\/schema\/logo\/image\/\",\"url\":\"https:\/\/www.wojoer.de\/wp-content\/uploads\/2016\/11\/wonnebergermanufaktur_logo_BUTTON.png\",\"contentUrl\":\"https:\/\/www.wojoer.de\/wp-content\/uploads\/2016\/11\/wonnebergermanufaktur_logo_BUTTON.png\",\"width\":765,\"height\":765,\"caption\":\"Wonneberger-Manufaktur\"},\"image\":{\"@id\":\"https:\/\/www.wojoer.de\/#\/schema\/logo\/image\/\"},\"sameAs\":[\"https:\/\/www.facebook.com\/wojoer\/\",\"https:\/\/de.pinterest.com\/W0J0ER\/\"]}]}<\/script>\n<!-- \/ Yoast SEO plugin. -->","yoast_head_json":{"title":"Damen Lackkleid | Wetleather | eng & gl\u00e4nzend | Bustier","description":"Damen Lackkleid. Gl\u00e4nzendes Wetleather. Enganliegend & erotisch umh\u00fcllt es deine Br\u00fcste. Kurzer Rock umspielt deinen Knackpo. Jetzt Online versandkostenfrei bestellen!","robots":{"index":"index","follow":"follow","max-snippet":"max-snippet:-1","max-image-preview":"max-image-preview:large","max-video-preview":"max-video-preview:-1"},"canonical":"https:\/\/www.wojoer.de\/en\/produkt\/damen-lackkleid-365k2-wetleather\/","twitter_card":"summary_large_image","twitter_title":"Damen Lackkleid | Wetleather | eng & gl\u00e4nzend | Bustier","twitter_description":"Damen Lackkleid. Gl\u00e4nzendes Wetleather. Enganliegend & erotisch umh\u00fcllt es deine Br\u00fcste. Kurzer Rock umspielt deinen Knackpo. Jetzt Online versandkostenfrei bestellen!","twitter_image":"https:\/\/www.wojoer.de\/wp-content\/uploads\/2019\/06\/365K2_Wetleather_Lack_Kleid_women_Wojoer.jpg","twitter_misc":{"Estimated reading time":"2 minutes"},"schema":{"@context":"https:\/\/schema.org","@graph":[{"@type":"WebPage","@id":"https:\/\/www.wojoer.de\/produkt\/damen-lackkleid-365k2-wetleather\/","url":"https:\/\/www.wojoer.de\/produkt\/damen-lackkleid-365k2-wetleather\/","name":"Damen Lackkleid | Wetleather | eng & gl\u00e4nzend | Bustier","isPartOf":{"@id":"https:\/\/www.wojoer.de\/#website"},"primaryImageOfPage":{"@id":"https:\/\/www.wojoer.de\/produkt\/damen-lackkleid-365k2-wetleather\/#primaryimage"},"image":{"@id":"https:\/\/www.wojoer.de\/produkt\/damen-lackkleid-365k2-wetleather\/#primaryimage"},"thumbnailUrl":"https:\/\/www.wojoer.de\/wp-content\/uploads\/2019\/06\/365K2_Wetleather_Lack_Kleid_women_Wojoer.jpg","datePublished":"2019-05-15T06:01:00+00:00","dateModified":"2023-04-03T07:03:44+00:00","description":"Damen Lackkleid. Gl\u00e4nzendes Wetleather. Enganliegend & erotisch umh\u00fcllt es deine Br\u00fcste. Kurzer Rock umspielt deinen Knackpo. Jetzt Online versandkostenfrei bestellen!","breadcrumb":{"@id":"https:\/\/www.wojoer.de\/produkt\/damen-lackkleid-365k2-wetleather\/#breadcrumb"},"inLanguage":"en-GB","potentialAction":[{"@type":"ReadAction","target":["https:\/\/www.wojoer.de\/produkt\/damen-lackkleid-365k2-wetleather\/"]}]},{"@type":"ImageObject","inLanguage":"en-GB","@id":"https:\/\/www.wojoer.de\/produkt\/damen-lackkleid-365k2-wetleather\/#primaryimage","url":"https:\/\/www.wojoer.de\/wp-content\/uploads\/2019\/06\/365K2_Wetleather_Lack_Kleid_women_Wojoer.jpg","contentUrl":"https:\/\/www.wojoer.de\/wp-content\/uploads\/2019\/06\/365K2_Wetleather_Lack_Kleid_women_Wojoer.jpg","width":2002,"height":2002},{"@type":"BreadcrumbList","@id":"https:\/\/www.wojoer.de\/produkt\/damen-lackkleid-365k2-wetleather\/#breadcrumb","itemListElement":[{"@type":"ListItem","position":1,"name":"Startseite","item":"https:\/\/www.wojoer.de\/"},{"@type":"ListItem","position":2,"name":"SHOP","item":"https:\/\/www.wojoer.de\/shop\/"},{"@type":"ListItem","position":3,"name":"Wetleather Damen Lackkleid ohne Rei\u00dfverschluss 365K2"}]},{"@type":"WebSite","@id":"https:\/\/www.wojoer.de\/#website","url":"https:\/\/www.wojoer.de\/","name":"WOJOER","description":"clubwear for men","publisher":{"@id":"https:\/\/www.wojoer.de\/#organization"},"potentialAction":[{"@type":"SearchAction","target":{"@type":"EntryPoint","urlTemplate":"https:\/\/www.wojoer.de\/?s={search_term_string}"},"query-input":{"@type":"PropertyValueSpecification","valueRequired":true,"valueName":"search_term_string"}}],"inLanguage":"en-GB"},{"@type":"Organization","@id":"https:\/\/www.wojoer.de\/#organization","name":"Wonneberger-Manufaktur","url":"https:\/\/www.wojoer.de\/","logo":{"@type":"ImageObject","inLanguage":"en-GB","@id":"https:\/\/www.wojoer.de\/#\/schema\/logo\/image\/","url":"https:\/\/www.wojoer.de\/wp-content\/uploads\/2016\/11\/wonnebergermanufaktur_logo_BUTTON.png","contentUrl":"https:\/\/www.wojoer.de\/wp-content\/uploads\/2016\/11\/wonnebergermanufaktur_logo_BUTTON.png","width":765,"height":765,"caption":"Wonneberger-Manufaktur"},"image":{"@id":"https:\/\/www.wojoer.de\/#\/schema\/logo\/image\/"},"sameAs":["https:\/\/www.facebook.com\/wojoer\/","https:\/\/de.pinterest.com\/W0J0ER\/"]}]}},"_links":{"self":[{"href":"https:\/\/www.wojoer.de\/en\/wp-json\/wp\/v2\/product\/15493","targetHints":{"allow":["GET"]}}],"collection":[{"href":"https:\/\/www.wojoer.de\/en\/wp-json\/wp\/v2\/product"}],"about":[{"href":"https:\/\/www.wojoer.de\/en\/wp-json\/wp\/v2\/types\/product"}],"replies":[{"embeddable":true,"href":"https:\/\/www.wojoer.de\/en\/wp-json\/wp\/v2\/comments?post=15493"}],"wp:featuredmedia":[{"embeddable":true,"href":"https:\/\/www.wojoer.de\/en\/wp-json\/wp\/v2\/media\/15617"}],"wp:attachment":[{"href":"https:\/\/www.wojoer.de\/en\/wp-json\/wp\/v2\/media?parent=15493"}],"wp:term":[{"taxonomy":"product_brand","embeddable":true,"href":"https:\/\/www.wojoer.de\/en\/wp-json\/wp\/v2\/product_brand?post=15493"},{"taxonomy":"product_cat","embeddable":true,"href":"https:\/\/www.wojoer.de\/en\/wp-json\/wp\/v2\/product_cat?post=15493"},{"taxonomy":"product_tag","embeddable":true,"href":"https:\/\/www.wojoer.de\/en\/wp-json\/wp\/v2\/product_tag?post=15493"}],"curies":[{"name":"wp","href":"https:\/\/api.w.org\/{rel}","templated":true}]}}