{"id":15513,"date":"2019-05-15T08:42:26","date_gmt":"2019-05-15T06:42:26","guid":{"rendered":"https:\/\/www.wojoer.de\/produkt\/damen-camouflagekleid-330k1\/"},"modified":"2020-12-10T14:44:32","modified_gmt":"2020-12-10T13:44:32","slug":"damen-camouflagekleid-330k1","status":"publish","type":"product","link":"https:\/\/www.wojoer.de\/en\/produkt\/damen-camouflagekleid-330k1\/","title":{"rendered":"Damen Camouflagekleid 330K1"},"content":{"rendered":"<p>Dieses Damen Camouflagekleid geh\u00f6rt zu den Wojoer LIVE-Produkten. Sie werden ab Bestellung bei uns produziert. So k\u00f6nnen wir auf Kundenw\u00fcnsche individuell eingehen.<\/p>\n<h3>Gr\u00f6\u00dfen<\/h3>\n<p>Erh\u00e4ltlich in den Gr\u00f6\u00dfen 34, 36, 38, 40, 42, 44, 46, 48, 50<\/p>\n<h3>Materialzusammensetzung<\/h3>\n<p>CAMOUFLAGE: Polyester 95%, Elasthan 5%<\/p>\n<p>POWERNET: Polyester 96%, Elasthan 4%<\/p>\n<p>T\u00dcLL: Polyamid 100%<\/p>\n<h3>Besonderheiten<\/h3>\n<p><a href=\"http:\/\/www.wojoer.de\/?s=live&#038;post_type=product\">LIVE Produkt<\/a> | Powerneteins\u00e4tze | matt raue Oberfl\u00e4chenoptik | gedeckt schwarz antrazit camouflage | hauteng &#038; sexy | T\u00fcllunterrock | hochwertige Verarbeitung \u201eMade in Germany\u201c<\/p>\n<h3>Benutzerhinweise<\/h3>\n<p>Handw\u00e4sche<\/p>\n<h3>DAMEN Camouflagekleid &#8211; Sexy Bustierkleid<\/h3>\n<p>Dominant und milit\u00e4risch ist die \u00e4u\u00dfere Erscheinung des schwarzen WOJOER Camouflagekleides. In Verbidnung mit den schwarzen Powerneteins\u00e4tzen an Brust und Bauch, wird es dann gef\u00e4hrlich hei\u00df! Zus\u00e4tzlich wibbt der T\u00fcllrock bei jedem deiner Schritte sexy auf und ab und l\u00e4sst deine anregende Weiblichkeit nur erahnen! So sind der Spielfreude keine Grenzen gesetzt sind. Und weil es so sexy und bequem gleicherma\u00dfen ist, gibt&#8217;s f\u00fcr deinen Partner den passenden <a href=\"https:\/\/www.wojoer.de\/produkt\/camouflage-shirt-netz-schwarz\/\">Partnerlook \u00a0<\/a>dazu. Zudem wird viel Wert auf deutsche Qualit\u00e4t und hochwertige Verarbeitung gelegt. Mit anderen Worten dieses hei\u00dfe Kleid hat sein Label \u201eMade in Germany\u201c verdient.<\/p>\n","protected":false},"excerpt":{"rendered":"<p>Dieses Damen Camouflagekleid geh\u00f6rt zu den Wojoer LIVE-Produkten. Sie werden ab Bestellung bei uns produziert. So k\u00f6nnen wir auf Kundenw\u00fcnsche individuell eingehen.<br \/>\nGr\u00f6\u00dfen<br \/>\nErh\u00e4ltlich in den Gr\u00f6\u00dfen 34, 36, 38, 40, 42, 44, 46, 48, 50<br \/>\nMaterialzusammensetzung<br \/>\nCAMOUFLAGE: Polyester 95%, Elasthan 5%<\/p>\n<p>POWERNET: Polyester 96%,\u2026<\/p>\n","protected":false},"featured_media":15608,"comment_status":"open","ping_status":"closed","template":"","meta":[],"product_brand":[],"product_cat":[695,471,195],"product_tag":[555,296,430],"class_list":{"0":"post-15513","1":"product","2":"type-product","3":"status-publish","4":"has-post-thumbnail","6":"product_cat-camouflage-ladies","7":"product_cat-partnerlook","8":"product_cat-produktion-auf-bestellung-liveproduktion","9":"product_tag-bustier","10":"product_tag-camouflage","11":"product_tag-powernet","12":"product_shipping_class-beun","13":"pa_groesse-544","14":"pa_groesse-545","15":"pa_groesse-546","16":"pa_groesse-547","17":"pa_groesse-548","18":"pa_groesse-549","19":"pa_groesse-550","20":"pa_groesse-551","21":"pa_groesse-552","22":"pif-has-gallery","23":"post-1","24":"odd","26":"first","27":"onbackorder","28":"featured","29":"taxable","30":"shipping-taxable","31":"purchasable","32":"product-type-variable"},"yoast_head":"<!-- This site is optimized with the Yoast SEO plugin v27.2 - https:\/\/yoast.com\/product\/yoast-seo-wordpress\/ -->\n<title>Damen Camouflagekleid | Powernet und T\u00fcll | eng &amp; sexy | Bustier<\/title>\n<meta name=\"description\" content=\"Damen Camouflagekleid. Milit\u00e4roptik. Enganliegend &amp; erotisch umh\u00fcllt es deine Br\u00fcste. Kurzer T\u00fcllrock umspielt deinen Knackpo. Jetzt Online versandkostenfrei bestellen!\" \/>\n<meta name=\"robots\" content=\"index, follow, max-snippet:-1, max-image-preview:large, max-video-preview:-1\" \/>\n<link rel=\"canonical\" href=\"https:\/\/www.wojoer.de\/en\/produkt\/damen-camouflagekleid-330k1\/\" \/>\n<meta name=\"twitter:card\" content=\"summary_large_image\" \/>\n<meta name=\"twitter:title\" content=\"Damen Camouflagekleid | Powernet und T\u00fcll | eng &amp; sexy | Bustier\" \/>\n<meta name=\"twitter:description\" content=\"Damen Camouflagekleid. Milit\u00e4roptik. Enganliegend &amp; erotisch umh\u00fcllt es deine Br\u00fcste. Kurzer T\u00fcllrock umspielt deinen Knackpo. Jetzt Online versandkostenfrei bestellen!\" \/>\n<meta name=\"twitter:image\" content=\"https:\/\/www.wojoer.de\/wp-content\/uploads\/2019\/06\/330K1_Camouflage_Kleid_schwarz_tuell_wojoer.jpg\" \/>\n<meta name=\"twitter:label1\" content=\"Estimated reading time\" \/>\n\t<meta name=\"twitter:data1\" content=\"1 minute\" \/>\n<script type=\"application\/ld+json\" class=\"yoast-schema-graph\">{\"@context\":\"https:\/\/schema.org\",\"@graph\":[{\"@type\":\"WebPage\",\"@id\":\"https:\/\/www.wojoer.de\/produkt\/damen-camouflagekleid-330k1\/\",\"url\":\"https:\/\/www.wojoer.de\/produkt\/damen-camouflagekleid-330k1\/\",\"name\":\"Damen Camouflagekleid | Powernet und T\u00fcll | eng & sexy | Bustier\",\"isPartOf\":{\"@id\":\"https:\/\/www.wojoer.de\/#website\"},\"primaryImageOfPage\":{\"@id\":\"https:\/\/www.wojoer.de\/produkt\/damen-camouflagekleid-330k1\/#primaryimage\"},\"image\":{\"@id\":\"https:\/\/www.wojoer.de\/produkt\/damen-camouflagekleid-330k1\/#primaryimage\"},\"thumbnailUrl\":\"https:\/\/www.wojoer.de\/wp-content\/uploads\/2019\/06\/330K1_Camouflage_Kleid_schwarz_tuell_wojoer.jpg\",\"datePublished\":\"2019-05-15T06:42:26+00:00\",\"dateModified\":\"2020-12-10T13:44:32+00:00\",\"description\":\"Damen Camouflagekleid. Milit\u00e4roptik. Enganliegend & erotisch umh\u00fcllt es deine Br\u00fcste. Kurzer T\u00fcllrock umspielt deinen Knackpo. Jetzt Online versandkostenfrei bestellen!\",\"breadcrumb\":{\"@id\":\"https:\/\/www.wojoer.de\/produkt\/damen-camouflagekleid-330k1\/#breadcrumb\"},\"inLanguage\":\"en-GB\",\"potentialAction\":[{\"@type\":\"ReadAction\",\"target\":[\"https:\/\/www.wojoer.de\/produkt\/damen-camouflagekleid-330k1\/\"]}]},{\"@type\":\"ImageObject\",\"inLanguage\":\"en-GB\",\"@id\":\"https:\/\/www.wojoer.de\/produkt\/damen-camouflagekleid-330k1\/#primaryimage\",\"url\":\"https:\/\/www.wojoer.de\/wp-content\/uploads\/2019\/06\/330K1_Camouflage_Kleid_schwarz_tuell_wojoer.jpg\",\"contentUrl\":\"https:\/\/www.wojoer.de\/wp-content\/uploads\/2019\/06\/330K1_Camouflage_Kleid_schwarz_tuell_wojoer.jpg\",\"width\":2002,\"height\":2002},{\"@type\":\"BreadcrumbList\",\"@id\":\"https:\/\/www.wojoer.de\/produkt\/damen-camouflagekleid-330k1\/#breadcrumb\",\"itemListElement\":[{\"@type\":\"ListItem\",\"position\":1,\"name\":\"Startseite\",\"item\":\"https:\/\/www.wojoer.de\/\"},{\"@type\":\"ListItem\",\"position\":2,\"name\":\"SHOP\",\"item\":\"https:\/\/www.wojoer.de\/shop\/\"},{\"@type\":\"ListItem\",\"position\":3,\"name\":\"Damen Camouflagekleid 330K1\"}]},{\"@type\":\"WebSite\",\"@id\":\"https:\/\/www.wojoer.de\/#website\",\"url\":\"https:\/\/www.wojoer.de\/\",\"name\":\"WOJOER\",\"description\":\"clubwear for men\",\"publisher\":{\"@id\":\"https:\/\/www.wojoer.de\/#organization\"},\"potentialAction\":[{\"@type\":\"SearchAction\",\"target\":{\"@type\":\"EntryPoint\",\"urlTemplate\":\"https:\/\/www.wojoer.de\/?s={search_term_string}\"},\"query-input\":{\"@type\":\"PropertyValueSpecification\",\"valueRequired\":true,\"valueName\":\"search_term_string\"}}],\"inLanguage\":\"en-GB\"},{\"@type\":\"Organization\",\"@id\":\"https:\/\/www.wojoer.de\/#organization\",\"name\":\"Wonneberger-Manufaktur\",\"url\":\"https:\/\/www.wojoer.de\/\",\"logo\":{\"@type\":\"ImageObject\",\"inLanguage\":\"en-GB\",\"@id\":\"https:\/\/www.wojoer.de\/#\/schema\/logo\/image\/\",\"url\":\"https:\/\/www.wojoer.de\/wp-content\/uploads\/2016\/11\/wonnebergermanufaktur_logo_BUTTON.png\",\"contentUrl\":\"https:\/\/www.wojoer.de\/wp-content\/uploads\/2016\/11\/wonnebergermanufaktur_logo_BUTTON.png\",\"width\":765,\"height\":765,\"caption\":\"Wonneberger-Manufaktur\"},\"image\":{\"@id\":\"https:\/\/www.wojoer.de\/#\/schema\/logo\/image\/\"},\"sameAs\":[\"https:\/\/www.facebook.com\/wojoer\/\",\"https:\/\/de.pinterest.com\/W0J0ER\/\"]}]}<\/script>\n<!-- \/ Yoast SEO plugin. -->","yoast_head_json":{"title":"Damen Camouflagekleid | Powernet und T\u00fcll | eng & sexy | Bustier","description":"Damen Camouflagekleid. Milit\u00e4roptik. Enganliegend & erotisch umh\u00fcllt es deine Br\u00fcste. Kurzer T\u00fcllrock umspielt deinen Knackpo. Jetzt Online versandkostenfrei bestellen!","robots":{"index":"index","follow":"follow","max-snippet":"max-snippet:-1","max-image-preview":"max-image-preview:large","max-video-preview":"max-video-preview:-1"},"canonical":"https:\/\/www.wojoer.de\/en\/produkt\/damen-camouflagekleid-330k1\/","twitter_card":"summary_large_image","twitter_title":"Damen Camouflagekleid | Powernet und T\u00fcll | eng & sexy | Bustier","twitter_description":"Damen Camouflagekleid. Milit\u00e4roptik. Enganliegend & erotisch umh\u00fcllt es deine Br\u00fcste. Kurzer T\u00fcllrock umspielt deinen Knackpo. Jetzt Online versandkostenfrei bestellen!","twitter_image":"https:\/\/www.wojoer.de\/wp-content\/uploads\/2019\/06\/330K1_Camouflage_Kleid_schwarz_tuell_wojoer.jpg","twitter_misc":{"Estimated reading time":"1 minute"},"schema":{"@context":"https:\/\/schema.org","@graph":[{"@type":"WebPage","@id":"https:\/\/www.wojoer.de\/produkt\/damen-camouflagekleid-330k1\/","url":"https:\/\/www.wojoer.de\/produkt\/damen-camouflagekleid-330k1\/","name":"Damen Camouflagekleid | Powernet und T\u00fcll | eng & sexy | Bustier","isPartOf":{"@id":"https:\/\/www.wojoer.de\/#website"},"primaryImageOfPage":{"@id":"https:\/\/www.wojoer.de\/produkt\/damen-camouflagekleid-330k1\/#primaryimage"},"image":{"@id":"https:\/\/www.wojoer.de\/produkt\/damen-camouflagekleid-330k1\/#primaryimage"},"thumbnailUrl":"https:\/\/www.wojoer.de\/wp-content\/uploads\/2019\/06\/330K1_Camouflage_Kleid_schwarz_tuell_wojoer.jpg","datePublished":"2019-05-15T06:42:26+00:00","dateModified":"2020-12-10T13:44:32+00:00","description":"Damen Camouflagekleid. Milit\u00e4roptik. Enganliegend & erotisch umh\u00fcllt es deine Br\u00fcste. Kurzer T\u00fcllrock umspielt deinen Knackpo. Jetzt Online versandkostenfrei bestellen!","breadcrumb":{"@id":"https:\/\/www.wojoer.de\/produkt\/damen-camouflagekleid-330k1\/#breadcrumb"},"inLanguage":"en-GB","potentialAction":[{"@type":"ReadAction","target":["https:\/\/www.wojoer.de\/produkt\/damen-camouflagekleid-330k1\/"]}]},{"@type":"ImageObject","inLanguage":"en-GB","@id":"https:\/\/www.wojoer.de\/produkt\/damen-camouflagekleid-330k1\/#primaryimage","url":"https:\/\/www.wojoer.de\/wp-content\/uploads\/2019\/06\/330K1_Camouflage_Kleid_schwarz_tuell_wojoer.jpg","contentUrl":"https:\/\/www.wojoer.de\/wp-content\/uploads\/2019\/06\/330K1_Camouflage_Kleid_schwarz_tuell_wojoer.jpg","width":2002,"height":2002},{"@type":"BreadcrumbList","@id":"https:\/\/www.wojoer.de\/produkt\/damen-camouflagekleid-330k1\/#breadcrumb","itemListElement":[{"@type":"ListItem","position":1,"name":"Startseite","item":"https:\/\/www.wojoer.de\/"},{"@type":"ListItem","position":2,"name":"SHOP","item":"https:\/\/www.wojoer.de\/shop\/"},{"@type":"ListItem","position":3,"name":"Damen Camouflagekleid 330K1"}]},{"@type":"WebSite","@id":"https:\/\/www.wojoer.de\/#website","url":"https:\/\/www.wojoer.de\/","name":"WOJOER","description":"clubwear for men","publisher":{"@id":"https:\/\/www.wojoer.de\/#organization"},"potentialAction":[{"@type":"SearchAction","target":{"@type":"EntryPoint","urlTemplate":"https:\/\/www.wojoer.de\/?s={search_term_string}"},"query-input":{"@type":"PropertyValueSpecification","valueRequired":true,"valueName":"search_term_string"}}],"inLanguage":"en-GB"},{"@type":"Organization","@id":"https:\/\/www.wojoer.de\/#organization","name":"Wonneberger-Manufaktur","url":"https:\/\/www.wojoer.de\/","logo":{"@type":"ImageObject","inLanguage":"en-GB","@id":"https:\/\/www.wojoer.de\/#\/schema\/logo\/image\/","url":"https:\/\/www.wojoer.de\/wp-content\/uploads\/2016\/11\/wonnebergermanufaktur_logo_BUTTON.png","contentUrl":"https:\/\/www.wojoer.de\/wp-content\/uploads\/2016\/11\/wonnebergermanufaktur_logo_BUTTON.png","width":765,"height":765,"caption":"Wonneberger-Manufaktur"},"image":{"@id":"https:\/\/www.wojoer.de\/#\/schema\/logo\/image\/"},"sameAs":["https:\/\/www.facebook.com\/wojoer\/","https:\/\/de.pinterest.com\/W0J0ER\/"]}]}},"_links":{"self":[{"href":"https:\/\/www.wojoer.de\/en\/wp-json\/wp\/v2\/product\/15513","targetHints":{"allow":["GET"]}}],"collection":[{"href":"https:\/\/www.wojoer.de\/en\/wp-json\/wp\/v2\/product"}],"about":[{"href":"https:\/\/www.wojoer.de\/en\/wp-json\/wp\/v2\/types\/product"}],"replies":[{"embeddable":true,"href":"https:\/\/www.wojoer.de\/en\/wp-json\/wp\/v2\/comments?post=15513"}],"wp:featuredmedia":[{"embeddable":true,"href":"https:\/\/www.wojoer.de\/en\/wp-json\/wp\/v2\/media\/15608"}],"wp:attachment":[{"href":"https:\/\/www.wojoer.de\/en\/wp-json\/wp\/v2\/media?parent=15513"}],"wp:term":[{"taxonomy":"product_brand","embeddable":true,"href":"https:\/\/www.wojoer.de\/en\/wp-json\/wp\/v2\/product_brand?post=15513"},{"taxonomy":"product_cat","embeddable":true,"href":"https:\/\/www.wojoer.de\/en\/wp-json\/wp\/v2\/product_cat?post=15513"},{"taxonomy":"product_tag","embeddable":true,"href":"https:\/\/www.wojoer.de\/en\/wp-json\/wp\/v2\/product_tag?post=15513"}],"curies":[{"name":"wp","href":"https:\/\/api.w.org\/{rel}","templated":true}]}}