{"id":15523,"date":"2020-03-13T15:20:14","date_gmt":"2020-03-13T14:20:14","guid":{"rendered":"https:\/\/www.wojoer.de\/produkt\/damen-ouverte-body-380fs1-2\/"},"modified":"2024-12-07T19:13:09","modified_gmt":"2024-12-07T18:13:09","slug":"damen-ouverte-body-380fs1-2","status":"publish","type":"product","link":"https:\/\/www.wojoer.de\/en\/produkt\/damen-ouverte-body-380fs1-2\/","title":{"rendered":"Ouvert Leatherlike Body Damen mit Schlitz 380FS1.2"},"content":{"rendered":"<p>Dieser Frauen Ouverte Body geh\u00f6rt zu den Wojoer LIVE-Produkten. Sie werden ab Bestellung bei uns produziert. So k\u00f6nnen wir auf Kundenw\u00fcnsche individuell eingehen.<\/p>\n<h3>Gr\u00f6\u00dfen<\/h3>\n<p>Erh\u00e4ltlich in den Gr\u00f6\u00dfen 32-42<\/p>\n<h3>Materialzusammensetzung<\/h3>\n<p>Leatherlike: 92% Polyester | 8% Elasthan<\/p>\n<h3>Besonderheiten<\/h3>\n<p><a href=\"http:\/\/www.wojoer.de\/?s=live&#038;post_type=product\">LIVE Produkt<\/a> | frontaler Ouvert Schlitz im Schritt | mattes feines Leatherlike | sehr dehnbar | angenehm elastisch | Druckknopf vorn am Hals | hochwertige Verarbeitung \u201eMade in Germany\u201c<\/p>\n<h3>Benutzerhinweise<\/h3>\n<p>Handw\u00e4sche |<\/p>\n<h3>DAMEN OUVERTE BODY &#8211; Frauen Body offen &#8211; Women Overt Body &#8211; Sexy Neckholderbody<\/h3>\n<p>Luftig, frei und PUR \u2013 geh auf Tuchf\u00fchlung, tanze eng, lass fremde H\u00e4nde in deinen Schritt gleiten und dein Partner wird deine pure Weiblichkeit sp\u00fcren bis es kein Halten mehr gibt. Vielleicht in die Besenkammer, die Umkleide, auf die Toilette!? Oder doch am Strand, gleich neben der hippen Beachparty? Hier ist kein Klischee zu kitschig! Dieser Body ist so aufregend hei\u00df und perfekt f\u00fcr den abenteuerlichen , hei\u00dfen Quiky zwischendurch. Der Ouverte String Body ist daf\u00fcr geschaffen, dein Sexleben auf dem h\u00f6chsten Level zu halten! Rein ins Vergn\u00fcgen! Und weil es so sexy und bequem gleicherma\u00dfen ist, gibt&#8217;s f\u00fcr deinen Partner den passenden <a href=\"https:\/\/www.wojoer.de\/?s=ouverte&#038;post_type=product\">Partnerlook \u00a0<\/a>dazu.<\/p>\n","protected":false},"excerpt":{"rendered":"<p>Dieser Frauen Ouverte Body geh\u00f6rt zu den Wojoer LIVE-Produkten. Sie werden ab Bestellung bei uns produziert. So k\u00f6nnen wir auf Kundenw\u00fcnsche individuell eingehen.<br \/>\nGr\u00f6\u00dfen<br \/>\nErh\u00e4ltlich in den Gr\u00f6\u00dfen 32-42<br \/>\nMaterialzusammensetzung<br \/>\nLeatherlike: 92% Polyester | 8% Elasthan<br \/>\nBesonderheiten<br \/>\nLIVE Produkt | frontaler Ouvert Schlitz im Schritt |\u2026<\/p>\n","protected":false},"featured_media":21036,"comment_status":"open","ping_status":"closed","template":"","meta":[],"product_brand":[],"product_cat":[699,835,114,169,471],"product_tag":[186,251,194,487,901],"class_list":{"0":"post-15523","1":"product","2":"type-product","3":"status-publish","4":"has-post-thumbnail","6":"product_cat-leatherlike-ouverte-ladies","7":"product_cat-ouvert","8":"product_cat-fetisch","9":"product_cat-nos-never-out-of-stock","10":"product_cat-partnerlook","11":"product_tag-body","12":"product_tag-druckknopf","13":"product_tag-leatherlike","14":"product_tag-ouverte","15":"product_tag-stringb","16":"pa_groesse-583","17":"pa_groesse-544","18":"pa_groesse-545","19":"pa_groesse-546","20":"pa_groesse-547","21":"pa_groesse-548","22":"pif-has-gallery","23":"post-1","24":"odd","26":"first","27":"onbackorder","28":"featured","29":"taxable","30":"shipping-taxable","31":"purchasable","32":"product-type-variable"},"yoast_head":"<!-- This site is optimized with the Yoast SEO plugin v27.2 - https:\/\/yoast.com\/product\/yoast-seo-wordpress\/ -->\n<title>Damen Ouverte Body | softes Leatherlike | eng &amp; sexy | WOJOER<\/title>\n<meta name=\"description\" content=\"Damen Ouverte Body. softes Leatherlike. Enganliegend &amp; erotisch umh\u00fcllt es deine H\u00fcften. Jetzt Online versandkostenfrei bei WOJOER bestellen!\" \/>\n<meta name=\"robots\" content=\"index, follow, max-snippet:-1, max-image-preview:large, max-video-preview:-1\" \/>\n<link rel=\"canonical\" href=\"https:\/\/www.wojoer.de\/en\/produkt\/damen-ouverte-body-380fs1-2\/\" \/>\n<meta name=\"twitter:card\" content=\"summary_large_image\" \/>\n<meta name=\"twitter:title\" content=\"Damen Ouverte Body | softes Leatherlike | eng &amp; sexy | WOJOER\" \/>\n<meta name=\"twitter:description\" content=\"Damen Ouverte Body. softes Leatherlike. Enganliegend &amp; erotisch umh\u00fcllt es deine H\u00fcften. Jetzt Online versandkostenfrei bei WOJOER bestellen!\" \/>\n<meta name=\"twitter:image\" content=\"https:\/\/www.wojoer.de\/wp-content\/uploads\/2019\/05\/380FS1_2_OUVERTE_Leatherlike_string_body_women_gepixelt_wojoer_.jpg\" \/>\n<meta name=\"twitter:label1\" content=\"Estimated reading time\" \/>\n\t<meta name=\"twitter:data1\" content=\"2 minutes\" \/>\n<script type=\"application\/ld+json\" class=\"yoast-schema-graph\">{\"@context\":\"https:\/\/schema.org\",\"@graph\":[{\"@type\":\"WebPage\",\"@id\":\"https:\/\/www.wojoer.de\/produkt\/damen-ouverte-body-380fs1-2\/\",\"url\":\"https:\/\/www.wojoer.de\/produkt\/damen-ouverte-body-380fs1-2\/\",\"name\":\"Damen Ouverte Body | softes Leatherlike | eng & sexy | WOJOER\",\"isPartOf\":{\"@id\":\"https:\/\/www.wojoer.de\/#website\"},\"primaryImageOfPage\":{\"@id\":\"https:\/\/www.wojoer.de\/produkt\/damen-ouverte-body-380fs1-2\/#primaryimage\"},\"image\":{\"@id\":\"https:\/\/www.wojoer.de\/produkt\/damen-ouverte-body-380fs1-2\/#primaryimage\"},\"thumbnailUrl\":\"https:\/\/www.wojoer.de\/wp-content\/uploads\/2019\/05\/380FS1_2_OUVERTE_Leatherlike_string_body_women_gepixelt_wojoer_.jpg\",\"datePublished\":\"2020-03-13T14:20:14+00:00\",\"dateModified\":\"2024-12-07T18:13:09+00:00\",\"description\":\"Damen Ouverte Body. softes Leatherlike. Enganliegend & erotisch umh\u00fcllt es deine H\u00fcften. Jetzt Online versandkostenfrei bei WOJOER bestellen!\",\"breadcrumb\":{\"@id\":\"https:\/\/www.wojoer.de\/produkt\/damen-ouverte-body-380fs1-2\/#breadcrumb\"},\"inLanguage\":\"en-GB\",\"potentialAction\":[{\"@type\":\"ReadAction\",\"target\":[\"https:\/\/www.wojoer.de\/produkt\/damen-ouverte-body-380fs1-2\/\"]}]},{\"@type\":\"ImageObject\",\"inLanguage\":\"en-GB\",\"@id\":\"https:\/\/www.wojoer.de\/produkt\/damen-ouverte-body-380fs1-2\/#primaryimage\",\"url\":\"https:\/\/www.wojoer.de\/wp-content\/uploads\/2019\/05\/380FS1_2_OUVERTE_Leatherlike_string_body_women_gepixelt_wojoer_.jpg\",\"contentUrl\":\"https:\/\/www.wojoer.de\/wp-content\/uploads\/2019\/05\/380FS1_2_OUVERTE_Leatherlike_string_body_women_gepixelt_wojoer_.jpg\",\"width\":1936,\"height\":1936},{\"@type\":\"BreadcrumbList\",\"@id\":\"https:\/\/www.wojoer.de\/produkt\/damen-ouverte-body-380fs1-2\/#breadcrumb\",\"itemListElement\":[{\"@type\":\"ListItem\",\"position\":1,\"name\":\"Startseite\",\"item\":\"https:\/\/www.wojoer.de\/\"},{\"@type\":\"ListItem\",\"position\":2,\"name\":\"SHOP\",\"item\":\"https:\/\/www.wojoer.de\/shop\/\"},{\"@type\":\"ListItem\",\"position\":3,\"name\":\"Ouvert Leatherlike Body Damen mit Schlitz 380FS1.2\"}]},{\"@type\":\"WebSite\",\"@id\":\"https:\/\/www.wojoer.de\/#website\",\"url\":\"https:\/\/www.wojoer.de\/\",\"name\":\"WOJOER\",\"description\":\"clubwear for men\",\"publisher\":{\"@id\":\"https:\/\/www.wojoer.de\/#organization\"},\"potentialAction\":[{\"@type\":\"SearchAction\",\"target\":{\"@type\":\"EntryPoint\",\"urlTemplate\":\"https:\/\/www.wojoer.de\/?s={search_term_string}\"},\"query-input\":{\"@type\":\"PropertyValueSpecification\",\"valueRequired\":true,\"valueName\":\"search_term_string\"}}],\"inLanguage\":\"en-GB\"},{\"@type\":\"Organization\",\"@id\":\"https:\/\/www.wojoer.de\/#organization\",\"name\":\"Wonneberger-Manufaktur\",\"url\":\"https:\/\/www.wojoer.de\/\",\"logo\":{\"@type\":\"ImageObject\",\"inLanguage\":\"en-GB\",\"@id\":\"https:\/\/www.wojoer.de\/#\/schema\/logo\/image\/\",\"url\":\"https:\/\/www.wojoer.de\/wp-content\/uploads\/2016\/11\/wonnebergermanufaktur_logo_BUTTON.png\",\"contentUrl\":\"https:\/\/www.wojoer.de\/wp-content\/uploads\/2016\/11\/wonnebergermanufaktur_logo_BUTTON.png\",\"width\":765,\"height\":765,\"caption\":\"Wonneberger-Manufaktur\"},\"image\":{\"@id\":\"https:\/\/www.wojoer.de\/#\/schema\/logo\/image\/\"},\"sameAs\":[\"https:\/\/www.facebook.com\/wojoer\/\",\"https:\/\/de.pinterest.com\/W0J0ER\/\"]}]}<\/script>\n<!-- \/ Yoast SEO plugin. -->","yoast_head_json":{"title":"Damen Ouverte Body | softes Leatherlike | eng & sexy | WOJOER","description":"Damen Ouverte Body. softes Leatherlike. Enganliegend & erotisch umh\u00fcllt es deine H\u00fcften. Jetzt Online versandkostenfrei bei WOJOER bestellen!","robots":{"index":"index","follow":"follow","max-snippet":"max-snippet:-1","max-image-preview":"max-image-preview:large","max-video-preview":"max-video-preview:-1"},"canonical":"https:\/\/www.wojoer.de\/en\/produkt\/damen-ouverte-body-380fs1-2\/","twitter_card":"summary_large_image","twitter_title":"[:de]Damen Ouverte Body | softes Leatherlike | eng & sexy | WOJOER[:]","twitter_description":"[:de]Damen Ouverte Body. softes Leatherlike. Enganliegend & erotisch umh\u00fcllt es deine H\u00fcften. Jetzt Online versandkostenfrei bei WOJOER bestellen![:]","twitter_image":"https:\/\/www.wojoer.de\/wp-content\/uploads\/2019\/05\/380FS1_2_OUVERTE_Leatherlike_string_body_women_gepixelt_wojoer_.jpg","twitter_misc":{"Estimated reading time":"2 minutes"},"schema":{"@context":"https:\/\/schema.org","@graph":[{"@type":"WebPage","@id":"https:\/\/www.wojoer.de\/produkt\/damen-ouverte-body-380fs1-2\/","url":"https:\/\/www.wojoer.de\/produkt\/damen-ouverte-body-380fs1-2\/","name":"Damen Ouverte Body | softes Leatherlike | eng & sexy | WOJOER","isPartOf":{"@id":"https:\/\/www.wojoer.de\/#website"},"primaryImageOfPage":{"@id":"https:\/\/www.wojoer.de\/produkt\/damen-ouverte-body-380fs1-2\/#primaryimage"},"image":{"@id":"https:\/\/www.wojoer.de\/produkt\/damen-ouverte-body-380fs1-2\/#primaryimage"},"thumbnailUrl":"https:\/\/www.wojoer.de\/wp-content\/uploads\/2019\/05\/380FS1_2_OUVERTE_Leatherlike_string_body_women_gepixelt_wojoer_.jpg","datePublished":"2020-03-13T14:20:14+00:00","dateModified":"2024-12-07T18:13:09+00:00","description":"Damen Ouverte Body. softes Leatherlike. Enganliegend & erotisch umh\u00fcllt es deine H\u00fcften. Jetzt Online versandkostenfrei bei WOJOER bestellen!","breadcrumb":{"@id":"https:\/\/www.wojoer.de\/produkt\/damen-ouverte-body-380fs1-2\/#breadcrumb"},"inLanguage":"en-GB","potentialAction":[{"@type":"ReadAction","target":["https:\/\/www.wojoer.de\/produkt\/damen-ouverte-body-380fs1-2\/"]}]},{"@type":"ImageObject","inLanguage":"en-GB","@id":"https:\/\/www.wojoer.de\/produkt\/damen-ouverte-body-380fs1-2\/#primaryimage","url":"https:\/\/www.wojoer.de\/wp-content\/uploads\/2019\/05\/380FS1_2_OUVERTE_Leatherlike_string_body_women_gepixelt_wojoer_.jpg","contentUrl":"https:\/\/www.wojoer.de\/wp-content\/uploads\/2019\/05\/380FS1_2_OUVERTE_Leatherlike_string_body_women_gepixelt_wojoer_.jpg","width":1936,"height":1936},{"@type":"BreadcrumbList","@id":"https:\/\/www.wojoer.de\/produkt\/damen-ouverte-body-380fs1-2\/#breadcrumb","itemListElement":[{"@type":"ListItem","position":1,"name":"Startseite","item":"https:\/\/www.wojoer.de\/"},{"@type":"ListItem","position":2,"name":"SHOP","item":"https:\/\/www.wojoer.de\/shop\/"},{"@type":"ListItem","position":3,"name":"Ouvert Leatherlike Body Damen mit Schlitz 380FS1.2"}]},{"@type":"WebSite","@id":"https:\/\/www.wojoer.de\/#website","url":"https:\/\/www.wojoer.de\/","name":"WOJOER","description":"clubwear for men","publisher":{"@id":"https:\/\/www.wojoer.de\/#organization"},"potentialAction":[{"@type":"SearchAction","target":{"@type":"EntryPoint","urlTemplate":"https:\/\/www.wojoer.de\/?s={search_term_string}"},"query-input":{"@type":"PropertyValueSpecification","valueRequired":true,"valueName":"search_term_string"}}],"inLanguage":"en-GB"},{"@type":"Organization","@id":"https:\/\/www.wojoer.de\/#organization","name":"Wonneberger-Manufaktur","url":"https:\/\/www.wojoer.de\/","logo":{"@type":"ImageObject","inLanguage":"en-GB","@id":"https:\/\/www.wojoer.de\/#\/schema\/logo\/image\/","url":"https:\/\/www.wojoer.de\/wp-content\/uploads\/2016\/11\/wonnebergermanufaktur_logo_BUTTON.png","contentUrl":"https:\/\/www.wojoer.de\/wp-content\/uploads\/2016\/11\/wonnebergermanufaktur_logo_BUTTON.png","width":765,"height":765,"caption":"Wonneberger-Manufaktur"},"image":{"@id":"https:\/\/www.wojoer.de\/#\/schema\/logo\/image\/"},"sameAs":["https:\/\/www.facebook.com\/wojoer\/","https:\/\/de.pinterest.com\/W0J0ER\/"]}]}},"_links":{"self":[{"href":"https:\/\/www.wojoer.de\/en\/wp-json\/wp\/v2\/product\/15523","targetHints":{"allow":["GET"]}}],"collection":[{"href":"https:\/\/www.wojoer.de\/en\/wp-json\/wp\/v2\/product"}],"about":[{"href":"https:\/\/www.wojoer.de\/en\/wp-json\/wp\/v2\/types\/product"}],"replies":[{"embeddable":true,"href":"https:\/\/www.wojoer.de\/en\/wp-json\/wp\/v2\/comments?post=15523"}],"wp:featuredmedia":[{"embeddable":true,"href":"https:\/\/www.wojoer.de\/en\/wp-json\/wp\/v2\/media\/21036"}],"wp:attachment":[{"href":"https:\/\/www.wojoer.de\/en\/wp-json\/wp\/v2\/media?parent=15523"}],"wp:term":[{"taxonomy":"product_brand","embeddable":true,"href":"https:\/\/www.wojoer.de\/en\/wp-json\/wp\/v2\/product_brand?post=15523"},{"taxonomy":"product_cat","embeddable":true,"href":"https:\/\/www.wojoer.de\/en\/wp-json\/wp\/v2\/product_cat?post=15523"},{"taxonomy":"product_tag","embeddable":true,"href":"https:\/\/www.wojoer.de\/en\/wp-json\/wp\/v2\/product_tag?post=15523"}],"curies":[{"name":"wp","href":"https:\/\/api.w.org\/{rel}","templated":true}]}}