{"id":15907,"date":"2019-06-13T09:32:15","date_gmt":"2019-06-13T07:32:15","guid":{"rendered":"https:\/\/www.wojoer.de\/produkt\/damen-redlinekleid-357k2\/"},"modified":"2024-09-18T11:26:51","modified_gmt":"2024-09-18T09:26:51","slug":"damen-redblackkleid-367k2","status":"publish","type":"product","link":"https:\/\/www.wojoer.de\/en\/produkt\/damen-redblackkleid-367k2\/","title":{"rendered":"Damen Redblackkleid"},"content":{"rendered":"<p>Dieses Damen Redblackkleid 0367-KF02 geh\u00f6rt zu den Wojoer LIVE-Produkten. Sie werden ab Bestellung bei uns produziert. So k\u00f6nnen wir auf Kundenw\u00fcnsche individuell eingehen.<\/p>\n<h3>Gr\u00f6\u00dfen<\/h3>\n<p>Erh\u00e4ltlich in den Gr\u00f6\u00dfen 34, 36, 38, 40, 42, 44, 46, 48, 50<\/p>\n<h3>Materialzusammensetzung<\/h3>\n<p>73% Nylon, 27% Elasthan | 94% Polyester, 6% Elasthan<\/p>\n<h3>Besonderheiten<\/h3>\n<p><a href=\"http:\/\/www.wojoer.de\/?s=live&#038;post_type=product\">LIVE Produkt<\/a> | Powernet Bustier | gl\u00e4nzend schwarzer Microfaser Stoff | Power net unterrock | hauteng &#038; sexy | hochwertige Verarbeitung \u201eMade in Germany\u201c<\/p>\n<h3>Benutzerhinweise<\/h3>\n<p>Handw\u00e4sche<\/p>\n<h3>DAMEN REDblackkleid &#8211; Sexy Bustierkleid<\/h3>\n<p>Dieses super leichte und matt-gl\u00e4nzende Redblackkleid umh\u00fcllt dich wie eine zweite Haut, pure Verschmelzung! Schl\u00fcpf rein und ganz schnell wieder raus, denn dabei steigt die Lust ins Unermessliche! Auf der einen Seite ist das Material super leicht und wahnsinnig flexibel, und auf der anderen Seite schnell trocknend. Damit wird dieses sportliche Bustierkleid zum perfekten Begleiter nach feuchten, hei\u00dfen Stunden. Nicht nur das, denn die feurig rote Bustiereinfassung aus Powernet umrahmt kunstvoll deine Br\u00fcste, welche so perfekt in Szene gesetzt werden! Dein knackiges Hinterteil wird ebenfalls durch den roten Powernetunterrock anregend betont! Und weil es so sexy und bequem gleicherma\u00dfen ist, gibt&#8217;s f\u00fcr deinen Partner den passenden <a href=\"https:\/\/www.wojoer.de\/?s=redblack&#038;post_type=product\">Partnerlook \u00a0<\/a>dazu.<\/p>\n","protected":false},"excerpt":{"rendered":"<p>Dieses Damen Redblackkleid 0367-KF02 geh\u00f6rt zu den Wojoer LIVE-Produkten. Sie werden ab Bestellung bei uns produziert. So k\u00f6nnen wir auf Kundenw\u00fcnsche individuell eingehen.<br \/>\nGr\u00f6\u00dfen<br \/>\nErh\u00e4ltlich in den Gr\u00f6\u00dfen 34, 36, 38, 40, 42, 44, 46, 48, 50<br \/>\nMaterialzusammensetzung<br \/>\n73% Nylon, 27% Elasthan | 94%\u2026<\/p>\n","protected":false},"featured_media":15631,"comment_status":"open","ping_status":"closed","template":"","meta":[],"product_brand":[],"product_cat":[826,471,195],"product_tag":[555,428,430],"class_list":{"0":"post-15907","1":"product","2":"type-product","3":"status-publish","4":"has-post-thumbnail","6":"product_cat-367-redblack","7":"product_cat-partnerlook","8":"product_cat-produktion-auf-bestellung-liveproduktion","9":"product_tag-bustier","10":"product_tag-micro","11":"product_tag-powernet","12":"product_shipping_class-beun","13":"pa_groesse-544","14":"pa_groesse-545","15":"pa_groesse-546","16":"pa_groesse-547","17":"pa_groesse-548","18":"pa_groesse-549","19":"pa_groesse-550","20":"pa_groesse-551","21":"pa_groesse-552","22":"pif-has-gallery","23":"post-1","24":"odd","26":"first","27":"onbackorder","28":"taxable","29":"shipping-taxable","30":"purchasable","31":"product-type-variable"},"yoast_head":"<!-- This site is optimized with the Yoast SEO plugin v27.2 - https:\/\/yoast.com\/product\/yoast-seo-wordpress\/ -->\n<title>Damen Redblackkleid | Micro und Powernet | eng &amp; sexy | Bustier<\/title>\n<meta name=\"description\" content=\"Damen Redblackkleid. Microstoff mit feurigen Powernet. Enganliegend &amp; erotisch umh\u00fcllt es deine Br\u00fcste. Kurzes Rockteil umspielt deinen Knackpo. Jetzt Online versandkostenfrei bestellen!\" \/>\n<meta name=\"robots\" content=\"index, follow, max-snippet:-1, max-image-preview:large, max-video-preview:-1\" \/>\n<link rel=\"canonical\" href=\"https:\/\/www.wojoer.de\/en\/produkt\/damen-redblackkleid-367k2\/\" \/>\n<meta name=\"twitter:card\" content=\"summary_large_image\" \/>\n<meta name=\"twitter:title\" content=\"Damen Redblackkleid | Micro und Powernet | eng &amp; sexy | Bustier\" \/>\n<meta name=\"twitter:description\" content=\"Damen Redblackkleid. Microstoff mit feurigen Powernet. Enganliegend &amp; erotisch umh\u00fcllt es deine Br\u00fcste. Kurzes Rockteil umspielt deinen Knackpo. Jetzt Online versandkostenfrei bestellen!\" \/>\n<meta name=\"twitter:label1\" content=\"Estimated reading time\" \/>\n\t<meta name=\"twitter:data1\" content=\"2 minutes\" \/>\n<script type=\"application\/ld+json\" class=\"yoast-schema-graph\">{\"@context\":\"https:\/\/schema.org\",\"@graph\":[{\"@type\":\"WebPage\",\"@id\":\"https:\/\/www.wojoer.de\/produkt\/damen-redblackkleid-367k2\/\",\"url\":\"https:\/\/www.wojoer.de\/produkt\/damen-redblackkleid-367k2\/\",\"name\":\"Damen Redblackkleid | Micro und Powernet | eng & sexy | Bustier\",\"isPartOf\":{\"@id\":\"https:\/\/www.wojoer.de\/#website\"},\"primaryImageOfPage\":{\"@id\":\"https:\/\/www.wojoer.de\/produkt\/damen-redblackkleid-367k2\/#primaryimage\"},\"image\":{\"@id\":\"https:\/\/www.wojoer.de\/produkt\/damen-redblackkleid-367k2\/#primaryimage\"},\"thumbnailUrl\":\"\",\"datePublished\":\"2019-06-13T07:32:15+00:00\",\"dateModified\":\"2024-09-18T09:26:51+00:00\",\"description\":\"Damen Redblackkleid. Microstoff mit feurigen Powernet. Enganliegend & erotisch umh\u00fcllt es deine Br\u00fcste. Kurzes Rockteil umspielt deinen Knackpo. Jetzt Online versandkostenfrei bestellen!\",\"breadcrumb\":{\"@id\":\"https:\/\/www.wojoer.de\/produkt\/damen-redblackkleid-367k2\/#breadcrumb\"},\"inLanguage\":\"en-GB\",\"potentialAction\":[{\"@type\":\"ReadAction\",\"target\":[\"https:\/\/www.wojoer.de\/produkt\/damen-redblackkleid-367k2\/\"]}]},{\"@type\":\"ImageObject\",\"inLanguage\":\"en-GB\",\"@id\":\"https:\/\/www.wojoer.de\/produkt\/damen-redblackkleid-367k2\/#primaryimage\",\"url\":\"\",\"contentUrl\":\"\"},{\"@type\":\"BreadcrumbList\",\"@id\":\"https:\/\/www.wojoer.de\/produkt\/damen-redblackkleid-367k2\/#breadcrumb\",\"itemListElement\":[{\"@type\":\"ListItem\",\"position\":1,\"name\":\"Startseite\",\"item\":\"https:\/\/www.wojoer.de\/\"},{\"@type\":\"ListItem\",\"position\":2,\"name\":\"SHOP\",\"item\":\"https:\/\/www.wojoer.de\/shop\/\"},{\"@type\":\"ListItem\",\"position\":3,\"name\":\"Damen Redblackkleid\"}]},{\"@type\":\"WebSite\",\"@id\":\"https:\/\/www.wojoer.de\/#website\",\"url\":\"https:\/\/www.wojoer.de\/\",\"name\":\"WOJOER\",\"description\":\"clubwear for men\",\"publisher\":{\"@id\":\"https:\/\/www.wojoer.de\/#organization\"},\"potentialAction\":[{\"@type\":\"SearchAction\",\"target\":{\"@type\":\"EntryPoint\",\"urlTemplate\":\"https:\/\/www.wojoer.de\/?s={search_term_string}\"},\"query-input\":{\"@type\":\"PropertyValueSpecification\",\"valueRequired\":true,\"valueName\":\"search_term_string\"}}],\"inLanguage\":\"en-GB\"},{\"@type\":\"Organization\",\"@id\":\"https:\/\/www.wojoer.de\/#organization\",\"name\":\"Wonneberger-Manufaktur\",\"url\":\"https:\/\/www.wojoer.de\/\",\"logo\":{\"@type\":\"ImageObject\",\"inLanguage\":\"en-GB\",\"@id\":\"https:\/\/www.wojoer.de\/#\/schema\/logo\/image\/\",\"url\":\"https:\/\/www.wojoer.de\/wp-content\/uploads\/2016\/11\/wonnebergermanufaktur_logo_BUTTON.png\",\"contentUrl\":\"https:\/\/www.wojoer.de\/wp-content\/uploads\/2016\/11\/wonnebergermanufaktur_logo_BUTTON.png\",\"width\":765,\"height\":765,\"caption\":\"Wonneberger-Manufaktur\"},\"image\":{\"@id\":\"https:\/\/www.wojoer.de\/#\/schema\/logo\/image\/\"},\"sameAs\":[\"https:\/\/www.facebook.com\/wojoer\/\",\"https:\/\/de.pinterest.com\/W0J0ER\/\"]}]}<\/script>\n<!-- \/ Yoast SEO plugin. -->","yoast_head_json":{"title":"Damen Redblackkleid | Micro und Powernet | eng & sexy | Bustier","description":"Damen Redblackkleid. Microstoff mit feurigen Powernet. Enganliegend & erotisch umh\u00fcllt es deine Br\u00fcste. Kurzes Rockteil umspielt deinen Knackpo. Jetzt Online versandkostenfrei bestellen!","robots":{"index":"index","follow":"follow","max-snippet":"max-snippet:-1","max-image-preview":"max-image-preview:large","max-video-preview":"max-video-preview:-1"},"canonical":"https:\/\/www.wojoer.de\/en\/produkt\/damen-redblackkleid-367k2\/","twitter_card":"summary_large_image","twitter_title":"[:de]Damen Redblackkleid | Micro und Powernet | eng & sexy | Bustier[:]","twitter_description":"[:de]Damen Redblackkleid. Microstoff mit feurigen Powernet. Enganliegend & erotisch umh\u00fcllt es deine Br\u00fcste. Kurzes Rockteil umspielt deinen Knackpo. Jetzt Online versandkostenfrei bestellen![:]","twitter_misc":{"Estimated reading time":"2 minutes"},"schema":{"@context":"https:\/\/schema.org","@graph":[{"@type":"WebPage","@id":"https:\/\/www.wojoer.de\/produkt\/damen-redblackkleid-367k2\/","url":"https:\/\/www.wojoer.de\/produkt\/damen-redblackkleid-367k2\/","name":"Damen Redblackkleid | Micro und Powernet | eng & sexy | Bustier","isPartOf":{"@id":"https:\/\/www.wojoer.de\/#website"},"primaryImageOfPage":{"@id":"https:\/\/www.wojoer.de\/produkt\/damen-redblackkleid-367k2\/#primaryimage"},"image":{"@id":"https:\/\/www.wojoer.de\/produkt\/damen-redblackkleid-367k2\/#primaryimage"},"thumbnailUrl":"","datePublished":"2019-06-13T07:32:15+00:00","dateModified":"2024-09-18T09:26:51+00:00","description":"Damen Redblackkleid. Microstoff mit feurigen Powernet. Enganliegend & erotisch umh\u00fcllt es deine Br\u00fcste. Kurzes Rockteil umspielt deinen Knackpo. Jetzt Online versandkostenfrei bestellen!","breadcrumb":{"@id":"https:\/\/www.wojoer.de\/produkt\/damen-redblackkleid-367k2\/#breadcrumb"},"inLanguage":"en-GB","potentialAction":[{"@type":"ReadAction","target":["https:\/\/www.wojoer.de\/produkt\/damen-redblackkleid-367k2\/"]}]},{"@type":"ImageObject","inLanguage":"en-GB","@id":"https:\/\/www.wojoer.de\/produkt\/damen-redblackkleid-367k2\/#primaryimage","url":"","contentUrl":""},{"@type":"BreadcrumbList","@id":"https:\/\/www.wojoer.de\/produkt\/damen-redblackkleid-367k2\/#breadcrumb","itemListElement":[{"@type":"ListItem","position":1,"name":"Startseite","item":"https:\/\/www.wojoer.de\/"},{"@type":"ListItem","position":2,"name":"SHOP","item":"https:\/\/www.wojoer.de\/shop\/"},{"@type":"ListItem","position":3,"name":"Damen Redblackkleid"}]},{"@type":"WebSite","@id":"https:\/\/www.wojoer.de\/#website","url":"https:\/\/www.wojoer.de\/","name":"WOJOER","description":"clubwear for men","publisher":{"@id":"https:\/\/www.wojoer.de\/#organization"},"potentialAction":[{"@type":"SearchAction","target":{"@type":"EntryPoint","urlTemplate":"https:\/\/www.wojoer.de\/?s={search_term_string}"},"query-input":{"@type":"PropertyValueSpecification","valueRequired":true,"valueName":"search_term_string"}}],"inLanguage":"en-GB"},{"@type":"Organization","@id":"https:\/\/www.wojoer.de\/#organization","name":"Wonneberger-Manufaktur","url":"https:\/\/www.wojoer.de\/","logo":{"@type":"ImageObject","inLanguage":"en-GB","@id":"https:\/\/www.wojoer.de\/#\/schema\/logo\/image\/","url":"https:\/\/www.wojoer.de\/wp-content\/uploads\/2016\/11\/wonnebergermanufaktur_logo_BUTTON.png","contentUrl":"https:\/\/www.wojoer.de\/wp-content\/uploads\/2016\/11\/wonnebergermanufaktur_logo_BUTTON.png","width":765,"height":765,"caption":"Wonneberger-Manufaktur"},"image":{"@id":"https:\/\/www.wojoer.de\/#\/schema\/logo\/image\/"},"sameAs":["https:\/\/www.facebook.com\/wojoer\/","https:\/\/de.pinterest.com\/W0J0ER\/"]}]}},"_links":{"self":[{"href":"https:\/\/www.wojoer.de\/en\/wp-json\/wp\/v2\/product\/15907","targetHints":{"allow":["GET"]}}],"collection":[{"href":"https:\/\/www.wojoer.de\/en\/wp-json\/wp\/v2\/product"}],"about":[{"href":"https:\/\/www.wojoer.de\/en\/wp-json\/wp\/v2\/types\/product"}],"replies":[{"embeddable":true,"href":"https:\/\/www.wojoer.de\/en\/wp-json\/wp\/v2\/comments?post=15907"}],"wp:featuredmedia":[{"embeddable":true,"href":"https:\/\/www.wojoer.de\/en\/wp-json\/"}],"wp:attachment":[{"href":"https:\/\/www.wojoer.de\/en\/wp-json\/wp\/v2\/media?parent=15907"}],"wp:term":[{"taxonomy":"product_brand","embeddable":true,"href":"https:\/\/www.wojoer.de\/en\/wp-json\/wp\/v2\/product_brand?post=15907"},{"taxonomy":"product_cat","embeddable":true,"href":"https:\/\/www.wojoer.de\/en\/wp-json\/wp\/v2\/product_cat?post=15907"},{"taxonomy":"product_tag","embeddable":true,"href":"https:\/\/www.wojoer.de\/en\/wp-json\/wp\/v2\/product_tag?post=15907"}],"curies":[{"name":"wp","href":"https:\/\/api.w.org\/{rel}","templated":true}]}}