{"id":15968,"date":"2019-06-18T13:40:08","date_gmt":"2019-06-18T11:40:08","guid":{"rendered":"https:\/\/www.wojoer.de\/produkt\/damen-lackrock-355g2\/"},"modified":"2021-04-18T13:50:29","modified_gmt":"2021-04-18T11:50:29","slug":"damen-leatherlike-rock-355g2","status":"publish","type":"product","link":"https:\/\/www.wojoer.de\/en\/produkt\/damen-leatherlike-rock-355g2\/","title":{"rendered":"Damen Leatherlike Rock mit Pelzimitat 355G2"},"content":{"rendered":"<p>Dieser Damen Leatherlike Rock geh\u00f6rt zu den Wojoer LIVE-Produkten. Sie werden ab Bestellung bei uns produziert. So k\u00f6nnen wir auf Kundenw\u00fcnsche individuell eingehen.<\/p>\n<h3>Gr\u00f6\u00dfen<\/h3>\n<p>Erh\u00e4ltlich in den Gr\u00f6\u00dfen S, M, L, XL<\/p>\n<h3>Materialzusammensetzung<\/h3>\n<p>Wei\u00df: 100% Polyester<\/p>\n<p>Fellimitat: Modal 89%, Polyester 11%<\/p>\n<h3>Besonderheiten<\/h3>\n<p><a href=\"http:\/\/www.wojoer.de\/?s=live&#038;post_type=product\">LIVE Produkt<\/a> | matte und glatt gl\u00e4nzende Oberfl\u00e4chenoptik | wei\u00dfer Lack | fest formendes Material | haut enge Passform | besonderer Fellimitatbund | hochwertige Verarbeitung \u201eMade in Germany\u201c<\/p>\n<h3>Benutzerhinweise<\/h3>\n<p>Handw\u00e4sche<\/p>\n<h3>DAMEN Leatherlike Rock &#8211; Sexy Rock mit Pelzimitat<\/h3>\n<p>Was passiert, wenn wei\u00dfe S\u00fcnde auf schwarze Verf\u00fchrung trifft? Wow, dann entsteht eine hei\u00dfe Mischung aus Eleganz und Extravaganz. Denn der wei\u00dfe Hochglanzlack dieses Rockes verlangt nach sofortiger Ber\u00fchrung. Und das tierisch hei\u00dfe Fellimitat steigert die Begierde. Schwarze, grobe N\u00e4hte verbinden diese Extreme und lassen einen h\u00f6chst extravaganten Stil entstehen. Sei elegant, tierisch wild und besonders zugleich, mit dem WOJOER Lackrock. Und weil es so sexy und bequem gleicherma\u00dfen ist, gibt&#8217;s f\u00fcr deinen Partner den passenden <a href=\"https:\/\/www.wojoer.de\/produkt\/lack-neopren-longpants\/\">Partnerlook \u00a0<\/a>dazu. Zudem wird viel Wert auf deutsche Qualit\u00e4t und hochwertige Verarbeitung gelegt. Mit anderen Worten dieses hei\u00dfe Kleid hat sein Label \u201eMade in Germany\u201c verdient.<\/p>\n","protected":false},"excerpt":{"rendered":"<p>Dieser Damen Leatherlike Rock geh\u00f6rt zu den Wojoer LIVE-Produkten. Sie werden ab Bestellung bei uns produziert. So k\u00f6nnen wir auf Kundenw\u00fcnsche individuell eingehen.<br \/>\nGr\u00f6\u00dfen<br \/>\nErh\u00e4ltlich in den Gr\u00f6\u00dfen S, M, L, XL<br \/>\nMaterialzusammensetzung<br \/>\nWei\u00df: 100% Polyester<\/p>\n<p>Fellimitat: Modal 89%, Polyester 11%<br \/>\nBesonderheiten<br \/>\nLIVE Produkt | matte und\u2026<\/p>\n","protected":false},"featured_media":15967,"comment_status":"open","ping_status":"closed","template":"","meta":[],"product_brand":[],"product_cat":[713,817,116,114,471,195,326],"product_tag":[339,560,294],"class_list":{"0":"post-15968","1":"product","2":"type-product","3":"status-publish","4":"has-post-thumbnail","6":"product_cat-neopren-ladies","7":"product_cat-355-lack-neopren","8":"product_cat-clubwear","9":"product_cat-fetisch","10":"product_cat-partnerlook","11":"product_cat-produktion-auf-bestellung-liveproduktion","12":"product_cat-wojoer","13":"product_tag-fell","14":"product_tag-glaenzend","15":"product_tag-lack","16":"product_shipping_class-beun","17":"pa_groesse-l","18":"pa_groesse-m","19":"pa_groesse-s","20":"pa_groesse-xl","21":"pif-has-gallery","22":"post-1","23":"odd","25":"first","26":"onbackorder","27":"featured","28":"taxable","29":"shipping-taxable","30":"purchasable","31":"product-type-variable"},"yoast_head":"<!-- This site is optimized with the Yoast SEO plugin v27.2 - https:\/\/yoast.com\/product\/yoast-seo-wordpress\/ -->\n<title>Damen leatherlike rock | veganer Pelz | eng &amp; sexy | gl\u00e4nzend<\/title>\n<meta name=\"description\" content=\"Damen leatherlike Rock. wei\u00dfer Lack. Enganliegend &amp; erotisch umh\u00fcllt es deinen Knackpo. Prall, eng und kurz mit Pelzimitat.. versandkostenfrei bestellen!\" \/>\n<meta name=\"robots\" content=\"index, follow, max-snippet:-1, max-image-preview:large, max-video-preview:-1\" \/>\n<link rel=\"canonical\" href=\"https:\/\/www.wojoer.de\/en\/produkt\/damen-leatherlike-rock-355g2\/\" \/>\n<meta name=\"twitter:card\" content=\"summary_large_image\" \/>\n<meta name=\"twitter:title\" content=\"Damen leatherlike rock | veganer Pelz | eng &amp; sexy | gl\u00e4nzend\" \/>\n<meta name=\"twitter:description\" content=\"Damen leatherlike Rock. wei\u00dfer Lack. Enganliegend &amp; erotisch umh\u00fcllt es deinen Knackpo. Prall, eng und kurz mit Pelzimitat.. versandkostenfrei bestellen!\" \/>\n<meta name=\"twitter:image\" content=\"https:\/\/www.wojoer.de\/wp-content\/uploads\/2019\/06\/355G2_Lack_Fell_rock_side_women_wojoer.jpg\" \/>\n<meta name=\"twitter:label1\" content=\"Estimated reading time\" \/>\n\t<meta name=\"twitter:data1\" content=\"1 minute\" \/>\n<script type=\"application\/ld+json\" class=\"yoast-schema-graph\">{\"@context\":\"https:\/\/schema.org\",\"@graph\":[{\"@type\":\"WebPage\",\"@id\":\"https:\/\/www.wojoer.de\/produkt\/damen-leatherlike-rock-355g2\/\",\"url\":\"https:\/\/www.wojoer.de\/produkt\/damen-leatherlike-rock-355g2\/\",\"name\":\"Damen leatherlike rock | veganer Pelz | eng & sexy | gl\u00e4nzend\",\"isPartOf\":{\"@id\":\"https:\/\/www.wojoer.de\/#website\"},\"primaryImageOfPage\":{\"@id\":\"https:\/\/www.wojoer.de\/produkt\/damen-leatherlike-rock-355g2\/#primaryimage\"},\"image\":{\"@id\":\"https:\/\/www.wojoer.de\/produkt\/damen-leatherlike-rock-355g2\/#primaryimage\"},\"thumbnailUrl\":\"https:\/\/www.wojoer.de\/wp-content\/uploads\/2019\/06\/355G2_Lack_Fell_rock_side_women_wojoer.jpg\",\"datePublished\":\"2019-06-18T11:40:08+00:00\",\"dateModified\":\"2021-04-18T11:50:29+00:00\",\"description\":\"Damen leatherlike Rock. wei\u00dfer Lack. Enganliegend & erotisch umh\u00fcllt es deinen Knackpo. Prall, eng und kurz mit Pelzimitat.. versandkostenfrei bestellen!\",\"breadcrumb\":{\"@id\":\"https:\/\/www.wojoer.de\/produkt\/damen-leatherlike-rock-355g2\/#breadcrumb\"},\"inLanguage\":\"en-GB\",\"potentialAction\":[{\"@type\":\"ReadAction\",\"target\":[\"https:\/\/www.wojoer.de\/produkt\/damen-leatherlike-rock-355g2\/\"]}]},{\"@type\":\"ImageObject\",\"inLanguage\":\"en-GB\",\"@id\":\"https:\/\/www.wojoer.de\/produkt\/damen-leatherlike-rock-355g2\/#primaryimage\",\"url\":\"https:\/\/www.wojoer.de\/wp-content\/uploads\/2019\/06\/355G2_Lack_Fell_rock_side_women_wojoer.jpg\",\"contentUrl\":\"https:\/\/www.wojoer.de\/wp-content\/uploads\/2019\/06\/355G2_Lack_Fell_rock_side_women_wojoer.jpg\",\"width\":2002,\"height\":2002},{\"@type\":\"BreadcrumbList\",\"@id\":\"https:\/\/www.wojoer.de\/produkt\/damen-leatherlike-rock-355g2\/#breadcrumb\",\"itemListElement\":[{\"@type\":\"ListItem\",\"position\":1,\"name\":\"Startseite\",\"item\":\"https:\/\/www.wojoer.de\/\"},{\"@type\":\"ListItem\",\"position\":2,\"name\":\"SHOP\",\"item\":\"https:\/\/www.wojoer.de\/shop\/\"},{\"@type\":\"ListItem\",\"position\":3,\"name\":\"Damen Leatherlike Rock mit Pelzimitat 355G2\"}]},{\"@type\":\"WebSite\",\"@id\":\"https:\/\/www.wojoer.de\/#website\",\"url\":\"https:\/\/www.wojoer.de\/\",\"name\":\"WOJOER\",\"description\":\"clubwear for men\",\"publisher\":{\"@id\":\"https:\/\/www.wojoer.de\/#organization\"},\"potentialAction\":[{\"@type\":\"SearchAction\",\"target\":{\"@type\":\"EntryPoint\",\"urlTemplate\":\"https:\/\/www.wojoer.de\/?s={search_term_string}\"},\"query-input\":{\"@type\":\"PropertyValueSpecification\",\"valueRequired\":true,\"valueName\":\"search_term_string\"}}],\"inLanguage\":\"en-GB\"},{\"@type\":\"Organization\",\"@id\":\"https:\/\/www.wojoer.de\/#organization\",\"name\":\"Wonneberger-Manufaktur\",\"url\":\"https:\/\/www.wojoer.de\/\",\"logo\":{\"@type\":\"ImageObject\",\"inLanguage\":\"en-GB\",\"@id\":\"https:\/\/www.wojoer.de\/#\/schema\/logo\/image\/\",\"url\":\"https:\/\/www.wojoer.de\/wp-content\/uploads\/2016\/11\/wonnebergermanufaktur_logo_BUTTON.png\",\"contentUrl\":\"https:\/\/www.wojoer.de\/wp-content\/uploads\/2016\/11\/wonnebergermanufaktur_logo_BUTTON.png\",\"width\":765,\"height\":765,\"caption\":\"Wonneberger-Manufaktur\"},\"image\":{\"@id\":\"https:\/\/www.wojoer.de\/#\/schema\/logo\/image\/\"},\"sameAs\":[\"https:\/\/www.facebook.com\/wojoer\/\",\"https:\/\/de.pinterest.com\/W0J0ER\/\"]}]}<\/script>\n<!-- \/ Yoast SEO plugin. -->","yoast_head_json":{"title":"Damen leatherlike rock | veganer Pelz | eng & sexy | gl\u00e4nzend","description":"Damen leatherlike Rock. wei\u00dfer Lack. Enganliegend & erotisch umh\u00fcllt es deinen Knackpo. Prall, eng und kurz mit Pelzimitat.. versandkostenfrei bestellen!","robots":{"index":"index","follow":"follow","max-snippet":"max-snippet:-1","max-image-preview":"max-image-preview:large","max-video-preview":"max-video-preview:-1"},"canonical":"https:\/\/www.wojoer.de\/en\/produkt\/damen-leatherlike-rock-355g2\/","twitter_card":"summary_large_image","twitter_title":"Damen leatherlike rock | veganer Pelz | eng & sexy | gl\u00e4nzend","twitter_description":"Damen leatherlike Rock. wei\u00dfer Lack. Enganliegend & erotisch umh\u00fcllt es deinen Knackpo. Prall, eng und kurz mit Pelzimitat.. versandkostenfrei bestellen!","twitter_image":"https:\/\/www.wojoer.de\/wp-content\/uploads\/2019\/06\/355G2_Lack_Fell_rock_side_women_wojoer.jpg","twitter_misc":{"Estimated reading time":"1 minute"},"schema":{"@context":"https:\/\/schema.org","@graph":[{"@type":"WebPage","@id":"https:\/\/www.wojoer.de\/produkt\/damen-leatherlike-rock-355g2\/","url":"https:\/\/www.wojoer.de\/produkt\/damen-leatherlike-rock-355g2\/","name":"Damen leatherlike rock | veganer Pelz | eng & sexy | gl\u00e4nzend","isPartOf":{"@id":"https:\/\/www.wojoer.de\/#website"},"primaryImageOfPage":{"@id":"https:\/\/www.wojoer.de\/produkt\/damen-leatherlike-rock-355g2\/#primaryimage"},"image":{"@id":"https:\/\/www.wojoer.de\/produkt\/damen-leatherlike-rock-355g2\/#primaryimage"},"thumbnailUrl":"https:\/\/www.wojoer.de\/wp-content\/uploads\/2019\/06\/355G2_Lack_Fell_rock_side_women_wojoer.jpg","datePublished":"2019-06-18T11:40:08+00:00","dateModified":"2021-04-18T11:50:29+00:00","description":"Damen leatherlike Rock. wei\u00dfer Lack. Enganliegend & erotisch umh\u00fcllt es deinen Knackpo. Prall, eng und kurz mit Pelzimitat.. versandkostenfrei bestellen!","breadcrumb":{"@id":"https:\/\/www.wojoer.de\/produkt\/damen-leatherlike-rock-355g2\/#breadcrumb"},"inLanguage":"en-GB","potentialAction":[{"@type":"ReadAction","target":["https:\/\/www.wojoer.de\/produkt\/damen-leatherlike-rock-355g2\/"]}]},{"@type":"ImageObject","inLanguage":"en-GB","@id":"https:\/\/www.wojoer.de\/produkt\/damen-leatherlike-rock-355g2\/#primaryimage","url":"https:\/\/www.wojoer.de\/wp-content\/uploads\/2019\/06\/355G2_Lack_Fell_rock_side_women_wojoer.jpg","contentUrl":"https:\/\/www.wojoer.de\/wp-content\/uploads\/2019\/06\/355G2_Lack_Fell_rock_side_women_wojoer.jpg","width":2002,"height":2002},{"@type":"BreadcrumbList","@id":"https:\/\/www.wojoer.de\/produkt\/damen-leatherlike-rock-355g2\/#breadcrumb","itemListElement":[{"@type":"ListItem","position":1,"name":"Startseite","item":"https:\/\/www.wojoer.de\/"},{"@type":"ListItem","position":2,"name":"SHOP","item":"https:\/\/www.wojoer.de\/shop\/"},{"@type":"ListItem","position":3,"name":"Damen Leatherlike Rock mit Pelzimitat 355G2"}]},{"@type":"WebSite","@id":"https:\/\/www.wojoer.de\/#website","url":"https:\/\/www.wojoer.de\/","name":"WOJOER","description":"clubwear for men","publisher":{"@id":"https:\/\/www.wojoer.de\/#organization"},"potentialAction":[{"@type":"SearchAction","target":{"@type":"EntryPoint","urlTemplate":"https:\/\/www.wojoer.de\/?s={search_term_string}"},"query-input":{"@type":"PropertyValueSpecification","valueRequired":true,"valueName":"search_term_string"}}],"inLanguage":"en-GB"},{"@type":"Organization","@id":"https:\/\/www.wojoer.de\/#organization","name":"Wonneberger-Manufaktur","url":"https:\/\/www.wojoer.de\/","logo":{"@type":"ImageObject","inLanguage":"en-GB","@id":"https:\/\/www.wojoer.de\/#\/schema\/logo\/image\/","url":"https:\/\/www.wojoer.de\/wp-content\/uploads\/2016\/11\/wonnebergermanufaktur_logo_BUTTON.png","contentUrl":"https:\/\/www.wojoer.de\/wp-content\/uploads\/2016\/11\/wonnebergermanufaktur_logo_BUTTON.png","width":765,"height":765,"caption":"Wonneberger-Manufaktur"},"image":{"@id":"https:\/\/www.wojoer.de\/#\/schema\/logo\/image\/"},"sameAs":["https:\/\/www.facebook.com\/wojoer\/","https:\/\/de.pinterest.com\/W0J0ER\/"]}]}},"_links":{"self":[{"href":"https:\/\/www.wojoer.de\/en\/wp-json\/wp\/v2\/product\/15968","targetHints":{"allow":["GET"]}}],"collection":[{"href":"https:\/\/www.wojoer.de\/en\/wp-json\/wp\/v2\/product"}],"about":[{"href":"https:\/\/www.wojoer.de\/en\/wp-json\/wp\/v2\/types\/product"}],"replies":[{"embeddable":true,"href":"https:\/\/www.wojoer.de\/en\/wp-json\/wp\/v2\/comments?post=15968"}],"wp:featuredmedia":[{"embeddable":true,"href":"https:\/\/www.wojoer.de\/en\/wp-json\/wp\/v2\/media\/15967"}],"wp:attachment":[{"href":"https:\/\/www.wojoer.de\/en\/wp-json\/wp\/v2\/media?parent=15968"}],"wp:term":[{"taxonomy":"product_brand","embeddable":true,"href":"https:\/\/www.wojoer.de\/en\/wp-json\/wp\/v2\/product_brand?post=15968"},{"taxonomy":"product_cat","embeddable":true,"href":"https:\/\/www.wojoer.de\/en\/wp-json\/wp\/v2\/product_cat?post=15968"},{"taxonomy":"product_tag","embeddable":true,"href":"https:\/\/www.wojoer.de\/en\/wp-json\/wp\/v2\/product_tag?post=15968"}],"curies":[{"name":"wp","href":"https:\/\/api.w.org\/{rel}","templated":true}]}}