{"id":15992,"date":"2019-07-26T09:01:00","date_gmt":"2019-07-26T07:01:00","guid":{"rendered":"https:\/\/www.wojoer.de\/produkt\/rebel-netz-shirt-mit-lack-363tx3ns\/"},"modified":"2025-10-11T13:08:52","modified_gmt":"2025-10-11T11:08:52","slug":"rebel-netz-shirt-mit-lack-363tx3ns","status":"publish","type":"product","link":"https:\/\/www.wojoer.de\/en\/produkt\/rebel-netz-shirt-mit-lack-363tx3ns\/","title":{"rendered":"REBEL Netz Shirt mit Lack 363TX3NS"},"content":{"rendered":"<p>Das Rebel Netz Lack Shirt 363TX3NS geh\u00f6rt zu den Wojoer LIVE-Produkten. Sie werden ab Bestellung bei uns produziert. So k\u00f6nnen wir auf Kundenw\u00fcnsche individuell eingehen.<\/p>\n<h3>Gr\u00f6\u00dfen<\/h3>\n<p>Erh\u00e4ltlich in den Gr\u00f6\u00dfen S, M, L, XL<\/p>\n<h3>Materialzusammensetzung<\/h3>\n<p>80% Polyester, 12% Urethan, 8% Elasthan<\/p>\n<p>94% Polyester, 6% Elasthan<\/p>\n<h3>Besonderheiten<\/h3>\n<p><a href=\"http:\/\/www.wojoer.de\/?s=LIVE&#038;post_type=product\">LIVE-Produkt<\/a> \u00a0 | schwarzes, extrem dehnbares Netz | tight shape eng anliegend |\u00a0 aufstehende Lackschuppen | hochwertige Verarbeitung &#8220;Made in Germany&#8221;<\/p>\n<h3>Benutzerhinweise<\/h3>\n<p>Handw\u00e4sche<\/p>\n<h3>REBEL NETZ LACK SHIRT<\/h3>\n<p>Ein hei\u00dfes Shirt in einem mystischen schwarz mit aufregenden Lackapplikationen zieht jeden Blick auf DICH! Das anschmiegsame Material ummantelt sanft jede einzelne Proportion deines Adonis-K\u00f6rpers und l\u00e4dt somit zum Ber\u00fchren ein. Nicht nur das, denn auff\u00e4llige Lackapplikationen lassen deine Schultern und Arme stattlich m\u00e4nnlich aussehen, die Lackschuppen stellen sich wie ein Reptilienkamm auf und verleihen dir die n\u00f6tige St\u00e4rke und Dominanz. Der Look des <span class=\"hiddenSpellError\">Shirts<\/span> ist feurig verlockend, angriffsbereit und zum Anbei\u00dfen lecker. Der weiche Netzstoff ist atmungsaktiv, extrem flexibel und schnell trocknend. Und wenn du es richtig knallig eng und besonders transparent willst, bestell dir einfach eine Nummer kleiner.<br \/>\nDu willst es \u2013 du kriegst es!<\/p>\n<p><span class=\"sku\">Das Rebel Shirt mit Lack 363TX3NS <\/span>kannst Du jetzt online bestellen!<\/p>\n","protected":false},"excerpt":{"rendered":"<p>Das Rebel Netz Lack Shirt 363TX3NS geh\u00f6rt zu den Wojoer LIVE-Produkten. Sie werden ab Bestellung bei uns produziert. So k\u00f6nnen wir auf Kundenw\u00fcnsche individuell eingehen.<br \/>\nGr\u00f6\u00dfen<br \/>\nErh\u00e4ltlich in den Gr\u00f6\u00dfen S, M, L, XL<br \/>\nMaterialzusammensetzung<br \/>\n80% Polyester, 12% Urethan, 8% Elasthan<\/p>\n<p>94% Polyester, 6% Elasthan<br \/>\nBesonderheiten<br \/>\nLIVE-Produkt\u2026<\/p>\n","protected":false},"featured_media":16501,"comment_status":"open","ping_status":"closed","template":"","meta":[],"product_brand":[],"product_cat":[823,114,473,195,326],"product_tag":[294,246,856],"class_list":{"0":"post-15992","1":"product","2":"type-product","3":"status-publish","4":"has-post-thumbnail","6":"product_cat-363-rebel","7":"product_cat-fetisch","8":"product_cat-men","9":"product_cat-produktion-auf-bestellung-liveproduktion","10":"product_cat-wojoer","11":"product_tag-lack","12":"product_tag-netz","13":"product_tag-shirt","14":"product_shipping_class-beun","15":"pa_farbe-schwarz","16":"pa_groesse-l","17":"pa_groesse-m","18":"pa_groesse-s","19":"pa_groesse-xl","20":"pif-has-gallery","21":"post-1","22":"odd","24":"first","25":"onbackorder","26":"taxable","27":"shipping-taxable","28":"purchasable","29":"product-type-variable"},"yoast_head":"<!-- This site is optimized with the Yoast SEO plugin v27.2 - https:\/\/yoast.com\/product\/yoast-seo-wordpress\/ -->\n<title>Netz Lack Shirt | Fetisch oder Clubwear | atmungsaktiv | WOJOER<\/title>\n<meta name=\"description\" content=\"Netz Lack Shirt. Mystisch schwarzes Netz und gl\u00e4nzend schwarzer Lack mit aufgestellten Schuppen. Clubwear for men. Aufregend anders. Deadpool l\u00e4sst gr\u00fc\u00dfen! Jetzt versandkostenfrei online innerhalb Deutschlands bestellen und kosteng\u00fcnstig in die ganze Welt.\" \/>\n<meta name=\"robots\" content=\"index, follow, max-snippet:-1, max-image-preview:large, max-video-preview:-1\" \/>\n<link rel=\"canonical\" href=\"https:\/\/www.wojoer.de\/en\/produkt\/rebel-netz-shirt-mit-lack-363tx3ns\/\" \/>\n<meta name=\"twitter:card\" content=\"summary_large_image\" \/>\n<meta name=\"twitter:title\" content=\"Netz Lack Shirt | Fetisch oder Clubwear | atmungsaktiv | WOJOER\" \/>\n<meta name=\"twitter:description\" content=\"Netz Lack Shirt. Mystisch schwarzes Netz und gl\u00e4nzend schwarzer Lack mit aufgestellten Schuppen. Clubwear for men. Aufregend anders. Deadpool l\u00e4sst gr\u00fc\u00dfen! Jetzt versandkostenfrei online innerhalb Deutschlands bestellen und kosteng\u00fcnstig in die ganze Welt.\" \/>\n<meta name=\"twitter:image\" content=\"https:\/\/www.wojoer.de\/wp-content\/uploads\/2019\/07\/363TX3N_Rebel_Shirt_schwarz_netz_wojoer_.jpg\" \/>\n<meta name=\"twitter:label1\" content=\"Estimated reading time\" \/>\n\t<meta name=\"twitter:data1\" content=\"1 minute\" \/>\n<script type=\"application\/ld+json\" class=\"yoast-schema-graph\">{\"@context\":\"https:\/\/schema.org\",\"@graph\":[{\"@type\":\"WebPage\",\"@id\":\"https:\/\/www.wojoer.de\/en\/produkt\/rebel-netz-shirt-mit-lack-363tx3ns\/\",\"url\":\"https:\/\/www.wojoer.de\/en\/produkt\/rebel-netz-shirt-mit-lack-363tx3ns\/\",\"name\":\"Netz Lack Shirt | Fetisch oder Clubwear | atmungsaktiv | WOJOER\",\"isPartOf\":{\"@id\":\"https:\/\/www.wojoer.de\/#website\"},\"primaryImageOfPage\":{\"@id\":\"https:\/\/www.wojoer.de\/en\/produkt\/rebel-netz-shirt-mit-lack-363tx3ns\/#primaryimage\"},\"image\":{\"@id\":\"https:\/\/www.wojoer.de\/en\/produkt\/rebel-netz-shirt-mit-lack-363tx3ns\/#primaryimage\"},\"thumbnailUrl\":\"https:\/\/www.wojoer.de\/wp-content\/uploads\/2019\/07\/363TX3N_Rebel_Shirt_schwarz_netz_wojoer_.jpg\",\"datePublished\":\"2019-07-26T07:01:00+00:00\",\"dateModified\":\"2025-10-11T11:08:52+00:00\",\"description\":\"Netz Lack Shirt. Mystisch schwarzes Netz und gl\u00e4nzend schwarzer Lack mit aufgestellten Schuppen. Clubwear for men. Aufregend anders. Deadpool l\u00e4sst gr\u00fc\u00dfen! Jetzt versandkostenfrei online innerhalb Deutschlands bestellen und kosteng\u00fcnstig in die ganze Welt.\",\"breadcrumb\":{\"@id\":\"https:\/\/www.wojoer.de\/en\/produkt\/rebel-netz-shirt-mit-lack-363tx3ns\/#breadcrumb\"},\"inLanguage\":\"en-GB\",\"potentialAction\":[{\"@type\":\"ReadAction\",\"target\":[\"https:\/\/www.wojoer.de\/en\/produkt\/rebel-netz-shirt-mit-lack-363tx3ns\/\"]}]},{\"@type\":\"ImageObject\",\"inLanguage\":\"en-GB\",\"@id\":\"https:\/\/www.wojoer.de\/en\/produkt\/rebel-netz-shirt-mit-lack-363tx3ns\/#primaryimage\",\"url\":\"https:\/\/www.wojoer.de\/wp-content\/uploads\/2019\/07\/363TX3N_Rebel_Shirt_schwarz_netz_wojoer_.jpg\",\"contentUrl\":\"https:\/\/www.wojoer.de\/wp-content\/uploads\/2019\/07\/363TX3N_Rebel_Shirt_schwarz_netz_wojoer_.jpg\",\"width\":951,\"height\":950},{\"@type\":\"BreadcrumbList\",\"@id\":\"https:\/\/www.wojoer.de\/en\/produkt\/rebel-netz-shirt-mit-lack-363tx3ns\/#breadcrumb\",\"itemListElement\":[{\"@type\":\"ListItem\",\"position\":1,\"name\":\"Startseite\",\"item\":\"https:\/\/www.wojoer.de\/\"},{\"@type\":\"ListItem\",\"position\":2,\"name\":\"SHOP\",\"item\":\"https:\/\/www.wojoer.de\/shop\/\"},{\"@type\":\"ListItem\",\"position\":3,\"name\":\"REBEL Netz Shirt mit Lack 363TX3NS\"}]},{\"@type\":\"WebSite\",\"@id\":\"https:\/\/www.wojoer.de\/#website\",\"url\":\"https:\/\/www.wojoer.de\/\",\"name\":\"WOJOER\",\"description\":\"clubwear for men\",\"publisher\":{\"@id\":\"https:\/\/www.wojoer.de\/#organization\"},\"potentialAction\":[{\"@type\":\"SearchAction\",\"target\":{\"@type\":\"EntryPoint\",\"urlTemplate\":\"https:\/\/www.wojoer.de\/?s={search_term_string}\"},\"query-input\":{\"@type\":\"PropertyValueSpecification\",\"valueRequired\":true,\"valueName\":\"search_term_string\"}}],\"inLanguage\":\"en-GB\"},{\"@type\":\"Organization\",\"@id\":\"https:\/\/www.wojoer.de\/#organization\",\"name\":\"Wonneberger-Manufaktur\",\"url\":\"https:\/\/www.wojoer.de\/\",\"logo\":{\"@type\":\"ImageObject\",\"inLanguage\":\"en-GB\",\"@id\":\"https:\/\/www.wojoer.de\/#\/schema\/logo\/image\/\",\"url\":\"https:\/\/www.wojoer.de\/wp-content\/uploads\/2016\/11\/wonnebergermanufaktur_logo_BUTTON.png\",\"contentUrl\":\"https:\/\/www.wojoer.de\/wp-content\/uploads\/2016\/11\/wonnebergermanufaktur_logo_BUTTON.png\",\"width\":765,\"height\":765,\"caption\":\"Wonneberger-Manufaktur\"},\"image\":{\"@id\":\"https:\/\/www.wojoer.de\/#\/schema\/logo\/image\/\"},\"sameAs\":[\"https:\/\/www.facebook.com\/wojoer\/\",\"https:\/\/de.pinterest.com\/W0J0ER\/\"]}]}<\/script>\n<!-- \/ Yoast SEO plugin. -->","yoast_head_json":{"title":"Netz Lack Shirt | Fetisch oder Clubwear | atmungsaktiv | WOJOER","description":"Netz Lack Shirt. Mystisch schwarzes Netz und gl\u00e4nzend schwarzer Lack mit aufgestellten Schuppen. Clubwear for men. Aufregend anders. Deadpool l\u00e4sst gr\u00fc\u00dfen! Jetzt versandkostenfrei online innerhalb Deutschlands bestellen und kosteng\u00fcnstig in die ganze Welt.","robots":{"index":"index","follow":"follow","max-snippet":"max-snippet:-1","max-image-preview":"max-image-preview:large","max-video-preview":"max-video-preview:-1"},"canonical":"https:\/\/www.wojoer.de\/en\/produkt\/rebel-netz-shirt-mit-lack-363tx3ns\/","twitter_card":"summary_large_image","twitter_title":"Netz Lack Shirt | Fetisch oder Clubwear | atmungsaktiv | WOJOER","twitter_description":"Netz Lack Shirt. Mystisch schwarzes Netz und gl\u00e4nzend schwarzer Lack mit aufgestellten Schuppen. Clubwear for men. Aufregend anders. Deadpool l\u00e4sst gr\u00fc\u00dfen! Jetzt versandkostenfrei online innerhalb Deutschlands bestellen und kosteng\u00fcnstig in die ganze Welt.","twitter_image":"https:\/\/www.wojoer.de\/wp-content\/uploads\/2019\/07\/363TX3N_Rebel_Shirt_schwarz_netz_wojoer_.jpg","twitter_misc":{"Estimated reading time":"1 minute"},"schema":{"@context":"https:\/\/schema.org","@graph":[{"@type":"WebPage","@id":"https:\/\/www.wojoer.de\/en\/produkt\/rebel-netz-shirt-mit-lack-363tx3ns\/","url":"https:\/\/www.wojoer.de\/en\/produkt\/rebel-netz-shirt-mit-lack-363tx3ns\/","name":"Netz Lack Shirt | Fetisch oder Clubwear | atmungsaktiv | WOJOER","isPartOf":{"@id":"https:\/\/www.wojoer.de\/#website"},"primaryImageOfPage":{"@id":"https:\/\/www.wojoer.de\/en\/produkt\/rebel-netz-shirt-mit-lack-363tx3ns\/#primaryimage"},"image":{"@id":"https:\/\/www.wojoer.de\/en\/produkt\/rebel-netz-shirt-mit-lack-363tx3ns\/#primaryimage"},"thumbnailUrl":"https:\/\/www.wojoer.de\/wp-content\/uploads\/2019\/07\/363TX3N_Rebel_Shirt_schwarz_netz_wojoer_.jpg","datePublished":"2019-07-26T07:01:00+00:00","dateModified":"2025-10-11T11:08:52+00:00","description":"Netz Lack Shirt. Mystisch schwarzes Netz und gl\u00e4nzend schwarzer Lack mit aufgestellten Schuppen. Clubwear for men. Aufregend anders. Deadpool l\u00e4sst gr\u00fc\u00dfen! Jetzt versandkostenfrei online innerhalb Deutschlands bestellen und kosteng\u00fcnstig in die ganze Welt.","breadcrumb":{"@id":"https:\/\/www.wojoer.de\/en\/produkt\/rebel-netz-shirt-mit-lack-363tx3ns\/#breadcrumb"},"inLanguage":"en-GB","potentialAction":[{"@type":"ReadAction","target":["https:\/\/www.wojoer.de\/en\/produkt\/rebel-netz-shirt-mit-lack-363tx3ns\/"]}]},{"@type":"ImageObject","inLanguage":"en-GB","@id":"https:\/\/www.wojoer.de\/en\/produkt\/rebel-netz-shirt-mit-lack-363tx3ns\/#primaryimage","url":"https:\/\/www.wojoer.de\/wp-content\/uploads\/2019\/07\/363TX3N_Rebel_Shirt_schwarz_netz_wojoer_.jpg","contentUrl":"https:\/\/www.wojoer.de\/wp-content\/uploads\/2019\/07\/363TX3N_Rebel_Shirt_schwarz_netz_wojoer_.jpg","width":951,"height":950},{"@type":"BreadcrumbList","@id":"https:\/\/www.wojoer.de\/en\/produkt\/rebel-netz-shirt-mit-lack-363tx3ns\/#breadcrumb","itemListElement":[{"@type":"ListItem","position":1,"name":"Startseite","item":"https:\/\/www.wojoer.de\/"},{"@type":"ListItem","position":2,"name":"SHOP","item":"https:\/\/www.wojoer.de\/shop\/"},{"@type":"ListItem","position":3,"name":"REBEL Netz Shirt mit Lack 363TX3NS"}]},{"@type":"WebSite","@id":"https:\/\/www.wojoer.de\/#website","url":"https:\/\/www.wojoer.de\/","name":"WOJOER","description":"clubwear for men","publisher":{"@id":"https:\/\/www.wojoer.de\/#organization"},"potentialAction":[{"@type":"SearchAction","target":{"@type":"EntryPoint","urlTemplate":"https:\/\/www.wojoer.de\/?s={search_term_string}"},"query-input":{"@type":"PropertyValueSpecification","valueRequired":true,"valueName":"search_term_string"}}],"inLanguage":"en-GB"},{"@type":"Organization","@id":"https:\/\/www.wojoer.de\/#organization","name":"Wonneberger-Manufaktur","url":"https:\/\/www.wojoer.de\/","logo":{"@type":"ImageObject","inLanguage":"en-GB","@id":"https:\/\/www.wojoer.de\/#\/schema\/logo\/image\/","url":"https:\/\/www.wojoer.de\/wp-content\/uploads\/2016\/11\/wonnebergermanufaktur_logo_BUTTON.png","contentUrl":"https:\/\/www.wojoer.de\/wp-content\/uploads\/2016\/11\/wonnebergermanufaktur_logo_BUTTON.png","width":765,"height":765,"caption":"Wonneberger-Manufaktur"},"image":{"@id":"https:\/\/www.wojoer.de\/#\/schema\/logo\/image\/"},"sameAs":["https:\/\/www.facebook.com\/wojoer\/","https:\/\/de.pinterest.com\/W0J0ER\/"]}]}},"_links":{"self":[{"href":"https:\/\/www.wojoer.de\/en\/wp-json\/wp\/v2\/product\/15992","targetHints":{"allow":["GET"]}}],"collection":[{"href":"https:\/\/www.wojoer.de\/en\/wp-json\/wp\/v2\/product"}],"about":[{"href":"https:\/\/www.wojoer.de\/en\/wp-json\/wp\/v2\/types\/product"}],"replies":[{"embeddable":true,"href":"https:\/\/www.wojoer.de\/en\/wp-json\/wp\/v2\/comments?post=15992"}],"wp:featuredmedia":[{"embeddable":true,"href":"https:\/\/www.wojoer.de\/en\/wp-json\/wp\/v2\/media\/16501"}],"wp:attachment":[{"href":"https:\/\/www.wojoer.de\/en\/wp-json\/wp\/v2\/media?parent=15992"}],"wp:term":[{"taxonomy":"product_brand","embeddable":true,"href":"https:\/\/www.wojoer.de\/en\/wp-json\/wp\/v2\/product_brand?post=15992"},{"taxonomy":"product_cat","embeddable":true,"href":"https:\/\/www.wojoer.de\/en\/wp-json\/wp\/v2\/product_cat?post=15992"},{"taxonomy":"product_tag","embeddable":true,"href":"https:\/\/www.wojoer.de\/en\/wp-json\/wp\/v2\/product_tag?post=15992"}],"curies":[{"name":"wp","href":"https:\/\/api.w.org\/{rel}","templated":true}]}}