{"id":16009,"date":"2020-06-11T00:00:12","date_gmt":"2020-06-10T22:00:12","guid":{"rendered":"https:\/\/www.wojoer.de\/produkt\/dr-love-leatherlike-leggings-387t269-1\/"},"modified":"2025-11-06T09:10:48","modified_gmt":"2025-11-06T08:10:48","slug":"coral-net-string","status":"publish","type":"product","link":"https:\/\/www.wojoer.de\/en\/produkt\/coral-net-string\/","title":{"rendered":"CoralNet Thong"},"content":{"rendered":"<p>The Coral Net String 0393-S058 belong to the Wojoer <a href=\"https:\/\/www.wojoer.de\/produkt-kategorie\/produktion-auf-bestellung-liveproduktion\/page\/2\/\">LIVE products<\/a>. They are produced from our order. This enables us to respond individually to customer requests.<\/p>\n<h3>Sizes<\/h3>\n<p>Available in sizes S, M, L, XL<\/p>\n<h3>Material composition<\/h3>\n<p>94% polyester | 6% elastane | 82% polyamide | 18% elastane<\/p>\n<h3>particularities<\/h3>\n<p><a href=\"https:\/\/www.wojoer.de\/produkt-kategorie\/produktion-auf-bestellung-liveproduktion\/page\/2\/\">LIVE product<\/a> | matt surface optics | transparent | coral colored Power net | loose fit | pleasant elasticity | high quality workmanship &#8220;Made in Germany&#8221;<\/p>\n<h3>Wash instructions<\/h3>\n<p>30 \u00b0 gentle wash, <strong>no fabric softener<\/strong><\/p>\n<h3>Coral Net String 0393-S058-0D-46 &#8211; sexy String for men<\/h3>\n<p>You walk along the beach in your coral colored bathing briefs. Sheer mesh covers your body and the sun&#8217;s rays flatter your skin. Nothing can stop you from jumping into the cool water. Our underwear gives you the necessary hold with the cord straps to ensure the best possible wearing quality. The panties also give you a feeling of freedom and nudity. The fine net ensures quick drying on the body. Chlorine and salt water resistant.<\/p>\n<p>Here is the <a href=\"https:\/\/www.wojoer.de\/groessentabelle\/\">size chart<\/a>.<\/p>\n","protected":false},"excerpt":{"rendered":"<p>Die Coral Net String 0393-S058geh\u00f6ren zu den Wojoer LIVE-Produkten. Sie werden ab Bestellung bei uns produziert. So k\u00f6nnen wir auf Kundenw\u00fcnsche individuell eingehen.<br \/>\nGr\u00f6\u00dfen<br \/>\nErh\u00e4ltlich in den Gr\u00f6\u00dfen S| M| L| XL<br \/>\nMaterialzusammensetzung<br \/>\n94% Polyester | 6% Elasthan | 82% Polyamid | 18% Elasthan<br \/>\nBesonderheiten<br \/>\nLIVE-Produkt\u2026<\/p>\n","protected":false},"featured_media":27478,"comment_status":"open","ping_status":"closed","template":"","meta":[],"product_brand":[],"product_cat":[115,195,326],"product_tag":[430,387],"class_list":{"0":"post-16009","1":"product","2":"type-product","3":"status-publish","4":"has-post-thumbnail","6":"product_cat-beachwear","7":"product_cat-produktion-auf-bestellung-liveproduktion","8":"product_cat-wojoer","9":"product_tag-powernet","10":"product_tag-transparent","11":"product_shipping_class-beun","12":"pa_groesse-l","13":"pa_groesse-m","14":"pa_groesse-s","15":"pa_groesse-xl","16":"pa_groesse-xxl","17":"pa_groesse-xxxl","18":"pif-has-gallery","19":"post-1","20":"odd","22":"first","23":"instock","24":"taxable","25":"shipping-taxable","26":"purchasable","27":"product-type-variable"},"yoast_head":"<!-- This site is optimized with the Yoast SEO plugin v27.2 - https:\/\/yoast.com\/product\/yoast-seo-wordpress\/ -->\n<title>CoralNet String | coral | Powernet | Kordelb\u00e4nder | schwarz | WOJOER<\/title>\n<meta name=\"description\" content=\"In deinem Coralfarben Bade Slip l\u00e4ufst du den Strand entlang. Hauchd\u00fcnnes Netz bedeckt deinen K\u00f6rper und die Sonnenstrahlen schmeicheln deiner Haut. Jetzt versandkostenfrei online bestellen.\" \/>\n<meta name=\"robots\" content=\"index, follow, max-snippet:-1, max-image-preview:large, max-video-preview:-1\" \/>\n<link rel=\"canonical\" href=\"https:\/\/www.wojoer.de\/en\/produkt\/coral-net-string\/\" \/>\n<meta name=\"twitter:card\" content=\"summary_large_image\" \/>\n<meta name=\"twitter:title\" content=\"CoralNet String | coral | Powernet | Kordelb\u00e4nder | schwarz | WOJOER\" \/>\n<meta name=\"twitter:description\" content=\"In deinem Coralfarben Bade Slip l\u00e4ufst du den Strand entlang. Hauchd\u00fcnnes Netz bedeckt deinen K\u00f6rper und die Sonnenstrahlen schmeicheln deiner Haut. Jetzt versandkostenfrei online bestellen.\" \/>\n<meta name=\"twitter:image\" content=\"https:\/\/www.wojoer.de\/wp-content\/uploads\/2020\/06\/393W457_CoralNet_String_Wojoer.jpg\" \/>\n<meta name=\"twitter:label1\" content=\"Estimated reading time\" \/>\n\t<meta name=\"twitter:data1\" content=\"2 minutes\" \/>\n<script type=\"application\/ld+json\" class=\"yoast-schema-graph\">{\"@context\":\"https:\/\/schema.org\",\"@graph\":[{\"@type\":\"WebPage\",\"@id\":\"https:\/\/www.wojoer.de\/en\/produkt\/coral-net-string\/\",\"url\":\"https:\/\/www.wojoer.de\/en\/produkt\/coral-net-string\/\",\"name\":\"CoralNet String | coral | Powernet | Kordelb\u00e4nder | schwarz | WOJOER\",\"isPartOf\":{\"@id\":\"https:\/\/www.wojoer.de\/#website\"},\"primaryImageOfPage\":{\"@id\":\"https:\/\/www.wojoer.de\/en\/produkt\/coral-net-string\/#primaryimage\"},\"image\":{\"@id\":\"https:\/\/www.wojoer.de\/en\/produkt\/coral-net-string\/#primaryimage\"},\"thumbnailUrl\":\"https:\/\/www.wojoer.de\/wp-content\/uploads\/2020\/06\/393W457_CoralNet_String_Wojoer.jpg\",\"datePublished\":\"2020-06-10T22:00:12+00:00\",\"dateModified\":\"2025-11-06T08:10:48+00:00\",\"description\":\"In deinem Coralfarben Bade Slip l\u00e4ufst du den Strand entlang. Hauchd\u00fcnnes Netz bedeckt deinen K\u00f6rper und die Sonnenstrahlen schmeicheln deiner Haut. Jetzt versandkostenfrei online bestellen.\",\"breadcrumb\":{\"@id\":\"https:\/\/www.wojoer.de\/en\/produkt\/coral-net-string\/#breadcrumb\"},\"inLanguage\":\"en-GB\",\"potentialAction\":[{\"@type\":\"ReadAction\",\"target\":[\"https:\/\/www.wojoer.de\/en\/produkt\/coral-net-string\/\"]}]},{\"@type\":\"ImageObject\",\"inLanguage\":\"en-GB\",\"@id\":\"https:\/\/www.wojoer.de\/en\/produkt\/coral-net-string\/#primaryimage\",\"url\":\"https:\/\/www.wojoer.de\/wp-content\/uploads\/2020\/06\/393W457_CoralNet_String_Wojoer.jpg\",\"contentUrl\":\"https:\/\/www.wojoer.de\/wp-content\/uploads\/2020\/06\/393W457_CoralNet_String_Wojoer.jpg\",\"width\":2002,\"height\":2002},{\"@type\":\"BreadcrumbList\",\"@id\":\"https:\/\/www.wojoer.de\/en\/produkt\/coral-net-string\/#breadcrumb\",\"itemListElement\":[{\"@type\":\"ListItem\",\"position\":1,\"name\":\"Startseite\",\"item\":\"https:\/\/www.wojoer.de\/\"},{\"@type\":\"ListItem\",\"position\":2,\"name\":\"SHOP\",\"item\":\"https:\/\/www.wojoer.de\/shop\/\"},{\"@type\":\"ListItem\",\"position\":3,\"name\":\"CoralNet Thong\"}]},{\"@type\":\"WebSite\",\"@id\":\"https:\/\/www.wojoer.de\/#website\",\"url\":\"https:\/\/www.wojoer.de\/\",\"name\":\"WOJOER\",\"description\":\"clubwear for men\",\"publisher\":{\"@id\":\"https:\/\/www.wojoer.de\/#organization\"},\"potentialAction\":[{\"@type\":\"SearchAction\",\"target\":{\"@type\":\"EntryPoint\",\"urlTemplate\":\"https:\/\/www.wojoer.de\/?s={search_term_string}\"},\"query-input\":{\"@type\":\"PropertyValueSpecification\",\"valueRequired\":true,\"valueName\":\"search_term_string\"}}],\"inLanguage\":\"en-GB\"},{\"@type\":\"Organization\",\"@id\":\"https:\/\/www.wojoer.de\/#organization\",\"name\":\"Wonneberger-Manufaktur\",\"url\":\"https:\/\/www.wojoer.de\/\",\"logo\":{\"@type\":\"ImageObject\",\"inLanguage\":\"en-GB\",\"@id\":\"https:\/\/www.wojoer.de\/#\/schema\/logo\/image\/\",\"url\":\"https:\/\/www.wojoer.de\/wp-content\/uploads\/2016\/11\/wonnebergermanufaktur_logo_BUTTON.png\",\"contentUrl\":\"https:\/\/www.wojoer.de\/wp-content\/uploads\/2016\/11\/wonnebergermanufaktur_logo_BUTTON.png\",\"width\":765,\"height\":765,\"caption\":\"Wonneberger-Manufaktur\"},\"image\":{\"@id\":\"https:\/\/www.wojoer.de\/#\/schema\/logo\/image\/\"},\"sameAs\":[\"https:\/\/www.facebook.com\/wojoer\/\",\"https:\/\/de.pinterest.com\/W0J0ER\/\"]}]}<\/script>\n<!-- \/ Yoast SEO plugin. -->","yoast_head_json":{"title":"CoralNet String | coral | Powernet | Kordelb\u00e4nder | schwarz | WOJOER","description":"In deinem Coralfarben Bade Slip l\u00e4ufst du den Strand entlang. Hauchd\u00fcnnes Netz bedeckt deinen K\u00f6rper und die Sonnenstrahlen schmeicheln deiner Haut. Jetzt versandkostenfrei online bestellen.","robots":{"index":"index","follow":"follow","max-snippet":"max-snippet:-1","max-image-preview":"max-image-preview:large","max-video-preview":"max-video-preview:-1"},"canonical":"https:\/\/www.wojoer.de\/en\/produkt\/coral-net-string\/","twitter_card":"summary_large_image","twitter_title":"[:de]Coral Net String | coral | kurdelb\u00e4nder | Powernet | WOJOER[:en]CoralNet String | coral | Powernet | Kordelb\u00e4nder | schwarz | WOJOER[:]","twitter_description":"[:de]In deinem Coralfarben Bade Slip l\u00e4ufst du den Strand entlang. Hauchd\u00fcnnes Netz bedeckt deinen K\u00f6rper und die Sonnenstrahlen schmeicheln deiner Haut. Jetzt versandkostenfrei online bestellen.[:]","twitter_image":"https:\/\/www.wojoer.de\/wp-content\/uploads\/2020\/06\/393W457_CoralNet_String_Wojoer.jpg","twitter_misc":{"Estimated reading time":"2 minutes"},"schema":{"@context":"https:\/\/schema.org","@graph":[{"@type":"WebPage","@id":"https:\/\/www.wojoer.de\/en\/produkt\/coral-net-string\/","url":"https:\/\/www.wojoer.de\/en\/produkt\/coral-net-string\/","name":"CoralNet String | coral | Powernet | Kordelb\u00e4nder | schwarz | WOJOER","isPartOf":{"@id":"https:\/\/www.wojoer.de\/#website"},"primaryImageOfPage":{"@id":"https:\/\/www.wojoer.de\/en\/produkt\/coral-net-string\/#primaryimage"},"image":{"@id":"https:\/\/www.wojoer.de\/en\/produkt\/coral-net-string\/#primaryimage"},"thumbnailUrl":"https:\/\/www.wojoer.de\/wp-content\/uploads\/2020\/06\/393W457_CoralNet_String_Wojoer.jpg","datePublished":"2020-06-10T22:00:12+00:00","dateModified":"2025-11-06T08:10:48+00:00","description":"In deinem Coralfarben Bade Slip l\u00e4ufst du den Strand entlang. Hauchd\u00fcnnes Netz bedeckt deinen K\u00f6rper und die Sonnenstrahlen schmeicheln deiner Haut. Jetzt versandkostenfrei online bestellen.","breadcrumb":{"@id":"https:\/\/www.wojoer.de\/en\/produkt\/coral-net-string\/#breadcrumb"},"inLanguage":"en-GB","potentialAction":[{"@type":"ReadAction","target":["https:\/\/www.wojoer.de\/en\/produkt\/coral-net-string\/"]}]},{"@type":"ImageObject","inLanguage":"en-GB","@id":"https:\/\/www.wojoer.de\/en\/produkt\/coral-net-string\/#primaryimage","url":"https:\/\/www.wojoer.de\/wp-content\/uploads\/2020\/06\/393W457_CoralNet_String_Wojoer.jpg","contentUrl":"https:\/\/www.wojoer.de\/wp-content\/uploads\/2020\/06\/393W457_CoralNet_String_Wojoer.jpg","width":2002,"height":2002},{"@type":"BreadcrumbList","@id":"https:\/\/www.wojoer.de\/en\/produkt\/coral-net-string\/#breadcrumb","itemListElement":[{"@type":"ListItem","position":1,"name":"Startseite","item":"https:\/\/www.wojoer.de\/"},{"@type":"ListItem","position":2,"name":"SHOP","item":"https:\/\/www.wojoer.de\/shop\/"},{"@type":"ListItem","position":3,"name":"CoralNet Thong"}]},{"@type":"WebSite","@id":"https:\/\/www.wojoer.de\/#website","url":"https:\/\/www.wojoer.de\/","name":"WOJOER","description":"clubwear for men","publisher":{"@id":"https:\/\/www.wojoer.de\/#organization"},"potentialAction":[{"@type":"SearchAction","target":{"@type":"EntryPoint","urlTemplate":"https:\/\/www.wojoer.de\/?s={search_term_string}"},"query-input":{"@type":"PropertyValueSpecification","valueRequired":true,"valueName":"search_term_string"}}],"inLanguage":"en-GB"},{"@type":"Organization","@id":"https:\/\/www.wojoer.de\/#organization","name":"Wonneberger-Manufaktur","url":"https:\/\/www.wojoer.de\/","logo":{"@type":"ImageObject","inLanguage":"en-GB","@id":"https:\/\/www.wojoer.de\/#\/schema\/logo\/image\/","url":"https:\/\/www.wojoer.de\/wp-content\/uploads\/2016\/11\/wonnebergermanufaktur_logo_BUTTON.png","contentUrl":"https:\/\/www.wojoer.de\/wp-content\/uploads\/2016\/11\/wonnebergermanufaktur_logo_BUTTON.png","width":765,"height":765,"caption":"Wonneberger-Manufaktur"},"image":{"@id":"https:\/\/www.wojoer.de\/#\/schema\/logo\/image\/"},"sameAs":["https:\/\/www.facebook.com\/wojoer\/","https:\/\/de.pinterest.com\/W0J0ER\/"]}]}},"_links":{"self":[{"href":"https:\/\/www.wojoer.de\/en\/wp-json\/wp\/v2\/product\/16009","targetHints":{"allow":["GET"]}}],"collection":[{"href":"https:\/\/www.wojoer.de\/en\/wp-json\/wp\/v2\/product"}],"about":[{"href":"https:\/\/www.wojoer.de\/en\/wp-json\/wp\/v2\/types\/product"}],"replies":[{"embeddable":true,"href":"https:\/\/www.wojoer.de\/en\/wp-json\/wp\/v2\/comments?post=16009"}],"wp:featuredmedia":[{"embeddable":true,"href":"https:\/\/www.wojoer.de\/en\/wp-json\/wp\/v2\/media\/27478"}],"wp:attachment":[{"href":"https:\/\/www.wojoer.de\/en\/wp-json\/wp\/v2\/media?parent=16009"}],"wp:term":[{"taxonomy":"product_brand","embeddable":true,"href":"https:\/\/www.wojoer.de\/en\/wp-json\/wp\/v2\/product_brand?post=16009"},{"taxonomy":"product_cat","embeddable":true,"href":"https:\/\/www.wojoer.de\/en\/wp-json\/wp\/v2\/product_cat?post=16009"},{"taxonomy":"product_tag","embeddable":true,"href":"https:\/\/www.wojoer.de\/en\/wp-json\/wp\/v2\/product_tag?post=16009"}],"curies":[{"name":"wp","href":"https:\/\/api.w.org\/{rel}","templated":true}]}}