{"id":16014,"date":"2023-10-30T15:18:58","date_gmt":"2023-10-30T14:18:58","guid":{"rendered":"https:\/\/www.wojoer.de\/produkt\/dr-love-poloshirt-387p1\/"},"modified":"2023-11-16T15:23:40","modified_gmt":"2023-11-16T14:23:40","slug":"dr-love-poloshirt-387p1","status":"publish","type":"product","link":"https:\/\/www.wojoer.de\/en\/produkt\/dr-love-poloshirt-387p1\/","title":{"rendered":"Dr. Love Lack Poloshirt 387P1"},"content":{"rendered":"<p>Das Dr. Love Poloshirt 387P1 geh\u00f6rt zu den Wojoer LIVE-Produkten. Sie werden ab Bestellung bei uns produziert. So k\u00f6nnen wir auf Kundenw\u00fcnsche individuell eingehen.<\/p>\n<h3>Gr\u00f6\u00dfen<\/h3>\n<p>Erh\u00e4ltlich in den Gr\u00f6\u00dfen S, M, L, XL<\/p>\n<h3>Materialzusammensetzung<\/h3>\n<p>rotes Netz: 94% Polyester, 6% Elasthan<\/p>\n<p>Wei\u00df: 100% Polyester, 100% Polyurethan<\/p>\n<h3>Besonderheiten<\/h3>\n<p><a href=\"http:\/\/www.wojoer.de\/?s=LIVE&#038;post_type=product\">LIVE-Produkt<\/a> \u00a0| matte und glatt gl\u00e4nzende Oberfl\u00e4chenoptik | wei\u00dfes Leatherlike | feurig rotes Powernet | haut enge Passform\u00a0 | stabil und bi-elastisch | hochwertige Verarbeitung &#8220;Made in Germany&#8221;<\/p>\n<h3><strong>Benutzerhinweise<\/strong><\/h3>\n<p>30\u00b0 Grad Schonw\u00e4sche, keine Weichsp\u00fcler<\/p>\n<h3>DR. LOVE POLOSHIRT &#8211; sexy Shirt for men<\/h3>\n<p>Was passiert, wenn wei\u00dfe S\u00fcnde auf feurig, rote Verf\u00fchrung trifft? Dann hei\u00dft es &#8220;Freimachen bitte!&#8221; Habt ihr nun auch gleich erotische Doktorspielchen im Kopf? Egal ob du als strenger Oberarzt lustvoll deine Patienten und Patientinnen abtastest, oder als h\u00fcbscher Krankenpfleger sanfte Hilfestellung beim Entkleiden gibst, deiner Fantasie sind keine Grenzen gesetzt! Der wei\u00dfe, seri\u00f6se Kragen verleiht dir ein dominantes Erscheinungsbild. Das \u00e4u\u00dferst angenehme, sehr stabile und Bi-elastische Leatherlike ist dank seiner Eigenschaften der perfekte Begleiter, wenn es wild und vorallem feucht zugeht! Zudem gibt dir das super dehnbare Powernet jegliche Bewegungsfreiheit, ist super atmungsaktiv und schnell trocknend! So lasst die Spiele beginnen!<\/p>\n","protected":false},"excerpt":{"rendered":"<p>Das Dr. Love Poloshirt 387P1 geh\u00f6rt zu den Wojoer LIVE-Produkten. Sie werden ab Bestellung bei uns produziert. So k\u00f6nnen wir auf Kundenw\u00fcnsche individuell eingehen.<br \/>\nGr\u00f6\u00dfen<br \/>\nErh\u00e4ltlich in den Gr\u00f6\u00dfen S, M, L, XL<br \/>\nMaterialzusammensetzung<br \/>\nrotes Netz: 94% Polyester, 6% Elasthan<\/p>\n<p>Wei\u00df: 100% Polyester, 100% Polyurethan<br \/>\nBesonderheiten<br \/>\nLIVE-Produkt\u2026<\/p>\n","protected":false},"featured_media":15856,"comment_status":"open","ping_status":"closed","template":"","meta":[],"product_brand":[],"product_cat":[842,114,473,195,326],"product_tag":[194,561,430,856],"class_list":{"0":"post-16014","1":"product","2":"type-product","3":"status-publish","4":"has-post-thumbnail","6":"product_cat-doctorlove","7":"product_cat-fetisch","8":"product_cat-men","9":"product_cat-produktion-auf-bestellung-liveproduktion","10":"product_cat-wojoer","11":"product_tag-leatherlike","12":"product_tag-poloshirt","13":"product_tag-powernet","14":"product_tag-shirt","15":"product_shipping_class-beun","16":"pa_groesse-l","17":"pa_groesse-m","18":"pa_groesse-s","19":"pa_groesse-xl","20":"pif-has-gallery","21":"post-1","22":"odd","24":"first","25":"onbackorder","26":"taxable","27":"shipping-taxable","28":"purchasable","29":"product-type-variable","30":"has-default-attributes"},"yoast_head":"<!-- This site is optimized with the Yoast SEO plugin v27.2 - https:\/\/yoast.com\/product\/yoast-seo-wordpress\/ -->\n<title>Dr. Love Poloshirt | Wei\u00df | Lack | Powernet | Rot | WOJOER<\/title>\n<meta name=\"description\" content=\"Dr. Love Poloshirt. Nicht nur das hautenge, wei\u00dfe Leatherlike ist ungewohnt erotisch, auch die Kombination mit dem feurig, hei\u00dfen Powernet ist \u00e4u\u00dferst erregend. Doktorspiele non stop, nur bei Wojoer. Jetzt versandkostenfrei online bestellen.\" \/>\n<meta name=\"robots\" content=\"index, follow, max-snippet:-1, max-image-preview:large, max-video-preview:-1\" \/>\n<link rel=\"canonical\" href=\"https:\/\/www.wojoer.de\/en\/produkt\/dr-love-poloshirt-387p1\/\" \/>\n<meta name=\"twitter:card\" content=\"summary_large_image\" \/>\n<meta name=\"twitter:title\" content=\"Dr. Love Poloshirt | Wei\u00df | Lack | Powernet | Rot | WOJOER\" \/>\n<meta name=\"twitter:description\" content=\"Dr. Love Poloshirt. Nicht nur das hautenge, wei\u00dfe Leatherlike ist ungewohnt erotisch, auch die Kombination mit dem feurig, hei\u00dfen Powernet ist \u00e4u\u00dferst erregend. Doktorspiele non stop, nur bei Wojoer. Jetzt versandkostenfrei online bestellen.\" \/>\n<meta name=\"twitter:image\" content=\"https:\/\/www.wojoer.de\/wp-content\/uploads\/2019\/06\/387P1_DrLove_PoloShirts_wojoer-scaled.jpg\" \/>\n<meta name=\"twitter:label1\" content=\"Estimated reading time\" \/>\n\t<meta name=\"twitter:data1\" content=\"1 minute\" \/>\n<script type=\"application\/ld+json\" class=\"yoast-schema-graph\">{\"@context\":\"https:\/\/schema.org\",\"@graph\":[{\"@type\":\"WebPage\",\"@id\":\"https:\/\/www.wojoer.de\/produkt\/dr-love-poloshirt-387p1\/\",\"url\":\"https:\/\/www.wojoer.de\/produkt\/dr-love-poloshirt-387p1\/\",\"name\":\"Dr. Love Poloshirt | Wei\u00df | Lack | Powernet | Rot | WOJOER\",\"isPartOf\":{\"@id\":\"https:\/\/www.wojoer.de\/#website\"},\"primaryImageOfPage\":{\"@id\":\"https:\/\/www.wojoer.de\/produkt\/dr-love-poloshirt-387p1\/#primaryimage\"},\"image\":{\"@id\":\"https:\/\/www.wojoer.de\/produkt\/dr-love-poloshirt-387p1\/#primaryimage\"},\"thumbnailUrl\":\"https:\/\/www.wojoer.de\/wp-content\/uploads\/2019\/06\/387P1_DrLove_PoloShirts_wojoer-scaled.jpg\",\"datePublished\":\"2023-10-30T14:18:58+00:00\",\"dateModified\":\"2023-11-16T14:23:40+00:00\",\"description\":\"Dr. Love Poloshirt. Nicht nur das hautenge, wei\u00dfe Leatherlike ist ungewohnt erotisch, auch die Kombination mit dem feurig, hei\u00dfen Powernet ist \u00e4u\u00dferst erregend. Doktorspiele non stop, nur bei Wojoer. Jetzt versandkostenfrei online bestellen.\",\"breadcrumb\":{\"@id\":\"https:\/\/www.wojoer.de\/produkt\/dr-love-poloshirt-387p1\/#breadcrumb\"},\"inLanguage\":\"en-GB\",\"potentialAction\":[{\"@type\":\"ReadAction\",\"target\":[\"https:\/\/www.wojoer.de\/produkt\/dr-love-poloshirt-387p1\/\"]}]},{\"@type\":\"ImageObject\",\"inLanguage\":\"en-GB\",\"@id\":\"https:\/\/www.wojoer.de\/produkt\/dr-love-poloshirt-387p1\/#primaryimage\",\"url\":\"https:\/\/www.wojoer.de\/wp-content\/uploads\/2019\/06\/387P1_DrLove_PoloShirts_wojoer-scaled.jpg\",\"contentUrl\":\"https:\/\/www.wojoer.de\/wp-content\/uploads\/2019\/06\/387P1_DrLove_PoloShirts_wojoer-scaled.jpg\",\"width\":2560,\"height\":2560},{\"@type\":\"BreadcrumbList\",\"@id\":\"https:\/\/www.wojoer.de\/produkt\/dr-love-poloshirt-387p1\/#breadcrumb\",\"itemListElement\":[{\"@type\":\"ListItem\",\"position\":1,\"name\":\"Startseite\",\"item\":\"https:\/\/www.wojoer.de\/\"},{\"@type\":\"ListItem\",\"position\":2,\"name\":\"SHOP\",\"item\":\"https:\/\/www.wojoer.de\/shop\/\"},{\"@type\":\"ListItem\",\"position\":3,\"name\":\"Dr. Love Lack Poloshirt 387P1\"}]},{\"@type\":\"WebSite\",\"@id\":\"https:\/\/www.wojoer.de\/#website\",\"url\":\"https:\/\/www.wojoer.de\/\",\"name\":\"WOJOER\",\"description\":\"clubwear for men\",\"publisher\":{\"@id\":\"https:\/\/www.wojoer.de\/#organization\"},\"potentialAction\":[{\"@type\":\"SearchAction\",\"target\":{\"@type\":\"EntryPoint\",\"urlTemplate\":\"https:\/\/www.wojoer.de\/?s={search_term_string}\"},\"query-input\":{\"@type\":\"PropertyValueSpecification\",\"valueRequired\":true,\"valueName\":\"search_term_string\"}}],\"inLanguage\":\"en-GB\"},{\"@type\":\"Organization\",\"@id\":\"https:\/\/www.wojoer.de\/#organization\",\"name\":\"Wonneberger-Manufaktur\",\"url\":\"https:\/\/www.wojoer.de\/\",\"logo\":{\"@type\":\"ImageObject\",\"inLanguage\":\"en-GB\",\"@id\":\"https:\/\/www.wojoer.de\/#\/schema\/logo\/image\/\",\"url\":\"https:\/\/www.wojoer.de\/wp-content\/uploads\/2016\/11\/wonnebergermanufaktur_logo_BUTTON.png\",\"contentUrl\":\"https:\/\/www.wojoer.de\/wp-content\/uploads\/2016\/11\/wonnebergermanufaktur_logo_BUTTON.png\",\"width\":765,\"height\":765,\"caption\":\"Wonneberger-Manufaktur\"},\"image\":{\"@id\":\"https:\/\/www.wojoer.de\/#\/schema\/logo\/image\/\"},\"sameAs\":[\"https:\/\/www.facebook.com\/wojoer\/\",\"https:\/\/de.pinterest.com\/W0J0ER\/\"]}]}<\/script>\n<!-- \/ Yoast SEO plugin. -->","yoast_head_json":{"title":"Dr. Love Poloshirt | Wei\u00df | Lack | Powernet | Rot | WOJOER","description":"Dr. Love Poloshirt. Nicht nur das hautenge, wei\u00dfe Leatherlike ist ungewohnt erotisch, auch die Kombination mit dem feurig, hei\u00dfen Powernet ist \u00e4u\u00dferst erregend. Doktorspiele non stop, nur bei Wojoer. Jetzt versandkostenfrei online bestellen.","robots":{"index":"index","follow":"follow","max-snippet":"max-snippet:-1","max-image-preview":"max-image-preview:large","max-video-preview":"max-video-preview:-1"},"canonical":"https:\/\/www.wojoer.de\/en\/produkt\/dr-love-poloshirt-387p1\/","twitter_card":"summary_large_image","twitter_title":"Dr. Love Poloshirt | Wei\u00df | Lack | Powernet | Rot | WOJOER","twitter_description":"Dr. Love Poloshirt. Nicht nur das hautenge, wei\u00dfe Leatherlike ist ungewohnt erotisch, auch die Kombination mit dem feurig, hei\u00dfen Powernet ist \u00e4u\u00dferst erregend. Doktorspiele non stop, nur bei Wojoer. Jetzt versandkostenfrei online bestellen.","twitter_image":"https:\/\/www.wojoer.de\/wp-content\/uploads\/2019\/06\/387P1_DrLove_PoloShirts_wojoer-scaled.jpg","twitter_misc":{"Estimated reading time":"1 minute"},"schema":{"@context":"https:\/\/schema.org","@graph":[{"@type":"WebPage","@id":"https:\/\/www.wojoer.de\/produkt\/dr-love-poloshirt-387p1\/","url":"https:\/\/www.wojoer.de\/produkt\/dr-love-poloshirt-387p1\/","name":"Dr. Love Poloshirt | Wei\u00df | Lack | Powernet | Rot | WOJOER","isPartOf":{"@id":"https:\/\/www.wojoer.de\/#website"},"primaryImageOfPage":{"@id":"https:\/\/www.wojoer.de\/produkt\/dr-love-poloshirt-387p1\/#primaryimage"},"image":{"@id":"https:\/\/www.wojoer.de\/produkt\/dr-love-poloshirt-387p1\/#primaryimage"},"thumbnailUrl":"https:\/\/www.wojoer.de\/wp-content\/uploads\/2019\/06\/387P1_DrLove_PoloShirts_wojoer-scaled.jpg","datePublished":"2023-10-30T14:18:58+00:00","dateModified":"2023-11-16T14:23:40+00:00","description":"Dr. Love Poloshirt. Nicht nur das hautenge, wei\u00dfe Leatherlike ist ungewohnt erotisch, auch die Kombination mit dem feurig, hei\u00dfen Powernet ist \u00e4u\u00dferst erregend. Doktorspiele non stop, nur bei Wojoer. Jetzt versandkostenfrei online bestellen.","breadcrumb":{"@id":"https:\/\/www.wojoer.de\/produkt\/dr-love-poloshirt-387p1\/#breadcrumb"},"inLanguage":"en-GB","potentialAction":[{"@type":"ReadAction","target":["https:\/\/www.wojoer.de\/produkt\/dr-love-poloshirt-387p1\/"]}]},{"@type":"ImageObject","inLanguage":"en-GB","@id":"https:\/\/www.wojoer.de\/produkt\/dr-love-poloshirt-387p1\/#primaryimage","url":"https:\/\/www.wojoer.de\/wp-content\/uploads\/2019\/06\/387P1_DrLove_PoloShirts_wojoer-scaled.jpg","contentUrl":"https:\/\/www.wojoer.de\/wp-content\/uploads\/2019\/06\/387P1_DrLove_PoloShirts_wojoer-scaled.jpg","width":2560,"height":2560},{"@type":"BreadcrumbList","@id":"https:\/\/www.wojoer.de\/produkt\/dr-love-poloshirt-387p1\/#breadcrumb","itemListElement":[{"@type":"ListItem","position":1,"name":"Startseite","item":"https:\/\/www.wojoer.de\/"},{"@type":"ListItem","position":2,"name":"SHOP","item":"https:\/\/www.wojoer.de\/shop\/"},{"@type":"ListItem","position":3,"name":"Dr. Love Lack Poloshirt 387P1"}]},{"@type":"WebSite","@id":"https:\/\/www.wojoer.de\/#website","url":"https:\/\/www.wojoer.de\/","name":"WOJOER","description":"clubwear for men","publisher":{"@id":"https:\/\/www.wojoer.de\/#organization"},"potentialAction":[{"@type":"SearchAction","target":{"@type":"EntryPoint","urlTemplate":"https:\/\/www.wojoer.de\/?s={search_term_string}"},"query-input":{"@type":"PropertyValueSpecification","valueRequired":true,"valueName":"search_term_string"}}],"inLanguage":"en-GB"},{"@type":"Organization","@id":"https:\/\/www.wojoer.de\/#organization","name":"Wonneberger-Manufaktur","url":"https:\/\/www.wojoer.de\/","logo":{"@type":"ImageObject","inLanguage":"en-GB","@id":"https:\/\/www.wojoer.de\/#\/schema\/logo\/image\/","url":"https:\/\/www.wojoer.de\/wp-content\/uploads\/2016\/11\/wonnebergermanufaktur_logo_BUTTON.png","contentUrl":"https:\/\/www.wojoer.de\/wp-content\/uploads\/2016\/11\/wonnebergermanufaktur_logo_BUTTON.png","width":765,"height":765,"caption":"Wonneberger-Manufaktur"},"image":{"@id":"https:\/\/www.wojoer.de\/#\/schema\/logo\/image\/"},"sameAs":["https:\/\/www.facebook.com\/wojoer\/","https:\/\/de.pinterest.com\/W0J0ER\/"]}]}},"_links":{"self":[{"href":"https:\/\/www.wojoer.de\/en\/wp-json\/wp\/v2\/product\/16014","targetHints":{"allow":["GET"]}}],"collection":[{"href":"https:\/\/www.wojoer.de\/en\/wp-json\/wp\/v2\/product"}],"about":[{"href":"https:\/\/www.wojoer.de\/en\/wp-json\/wp\/v2\/types\/product"}],"replies":[{"embeddable":true,"href":"https:\/\/www.wojoer.de\/en\/wp-json\/wp\/v2\/comments?post=16014"}],"wp:featuredmedia":[{"embeddable":true,"href":"https:\/\/www.wojoer.de\/en\/wp-json\/wp\/v2\/media\/15856"}],"wp:attachment":[{"href":"https:\/\/www.wojoer.de\/en\/wp-json\/wp\/v2\/media?parent=16014"}],"wp:term":[{"taxonomy":"product_brand","embeddable":true,"href":"https:\/\/www.wojoer.de\/en\/wp-json\/wp\/v2\/product_brand?post=16014"},{"taxonomy":"product_cat","embeddable":true,"href":"https:\/\/www.wojoer.de\/en\/wp-json\/wp\/v2\/product_cat?post=16014"},{"taxonomy":"product_tag","embeddable":true,"href":"https:\/\/www.wojoer.de\/en\/wp-json\/wp\/v2\/product_tag?post=16014"}],"curies":[{"name":"wp","href":"https:\/\/api.w.org\/{rel}","templated":true}]}}