{"id":16029,"date":"2019-06-25T08:57:50","date_gmt":"2019-06-25T06:57:50","guid":{"rendered":"https:\/\/www.wojoer.de\/produkt\/dr-love-leatherlike-pushup-string-387b55\/"},"modified":"2026-04-07T00:28:36","modified_gmt":"2026-04-06T22:28:36","slug":"dr-love-lack-pushup-string-387b55","status":"publish","type":"product","link":"https:\/\/www.wojoer.de\/en\/produkt\/dr-love-lack-pushup-string-387b55\/","title":{"rendered":"Dr. Love Lack PushUp String 387B55EXT"},"content":{"rendered":"<p>Der Dr. Love Leatherlike PushUp String 387B55EXT geh\u00f6rt zu den Wojoer LIVE-Produkten. Sie werden ab Bestellung bei uns produziert. So k\u00f6nnen wir auf Kundenw\u00fcnsche individuell eingehen.<\/p>\n<h3>Gr\u00f6\u00dfen<\/h3>\n<p>Erh\u00e4ltlich in den Gr\u00f6\u00dfen S, M, L, XL<\/p>\n<h3>Materialzusammensetzung<\/h3>\n<p>rotes Netz: 94% Polyester, 6% Elasthan<\/p>\n<p>Wei\u00df: 100% Polyester, 100% Polyurethan<\/p>\n<h3>Besonderheiten<\/h3>\n<p><a href=\"http:\/\/www.wojoer.de\/?s=LIVE&#038;post_type=product\">LIVE-Produkt<\/a> \u00a0| matte und glatt gl\u00e4nzende Oberfl\u00e4chenoptik | wei\u00dfes Leatherlike | feurig rotes Powernet | haut enge Passform\u00a0 | stabil und bi-elastisch | hochwertige Verarbeitung &#8220;Made in Germany&#8221;<\/p>\n<h3><strong>Benutzerhinweise<\/strong><\/h3>\n<p>30\u00b0 Grad Schonw\u00e4sche, keine Weichsp\u00fcler<\/p>\n<h3>DR. LOVE LEATHERLIKE PUSHUP STRING &#8211; sexy String for men<\/h3>\n<p>Was passiert, wenn wei\u00dfe S\u00fcnde auf feurig, rote Verf\u00fchrung trifft? Dann hei\u00dft es &#8220;Freimachen bitte!&#8221; Habt ihr nun auch gleich erotische Doktorspielchen im Kopf? Egal ob du als strenger Oberarzt lustvoll deine Patienten und Patientinnen abtastest, oder als h\u00fcbscher Krankenpfleger sanfte Hilfestellung beim Entkleiden gibst, deiner Fantasie sind keine Grenzen gesetzt! Das \u00e4u\u00dferst angenehme, sehr stabile und Bi-elastische Leatherlike ist dank seiner Eigenschaften der perfekte Begleiter, wenn es wild und vorallem feucht zugeht! Zudem kommt noch die leichte PushUp Funktion und das super dehnbare Powernet, welches dir jegliche Bewegungsfreiheit schenkt! So lasst die Spiele beginnen!<\/p>\n","protected":false},"excerpt":{"rendered":"<p>Der Dr. Love Leatherlike PushUp String 387B55EXT geh\u00f6rt zu den Wojoer LIVE-Produkten. Sie werden ab Bestellung bei uns produziert. So k\u00f6nnen wir auf Kundenw\u00fcnsche individuell eingehen.<br \/>\nGr\u00f6\u00dfen<br \/>\nErh\u00e4ltlich in den Gr\u00f6\u00dfen S, M, L, XL<br \/>\nMaterialzusammensetzung<br \/>\nrotes Netz: 94% Polyester, 6% Elasthan<\/p>\n<p>Wei\u00df: 100% Polyester,\u2026<\/p>\n","protected":false},"featured_media":15847,"comment_status":"open","ping_status":"closed","template":"","meta":[],"product_brand":[],"product_cat":[842,114,473,195,326],"product_tag":[194,430,184,119],"class_list":{"0":"post-16029","1":"product","2":"type-product","3":"status-publish","4":"has-post-thumbnail","6":"product_cat-doctorlove","7":"product_cat-fetisch","8":"product_cat-men","9":"product_cat-produktion-auf-bestellung-liveproduktion","10":"product_cat-wojoer","11":"product_tag-leatherlike","12":"product_tag-powernet","13":"product_tag-push-up","14":"product_tag-string","15":"product_shipping_class-beun","16":"pa_groesse-l","17":"pa_groesse-m","18":"pa_groesse-s","19":"pa_groesse-xl","20":"pif-has-gallery","21":"post-1","22":"odd","24":"first","25":"onbackorder","26":"taxable","27":"shipping-taxable","28":"purchasable","29":"product-type-variable","30":"has-default-attributes"},"yoast_head":"<!-- This site is optimized with the Yoast SEO plugin v27.2 - https:\/\/yoast.com\/product\/yoast-seo-wordpress\/ -->\n<title>Dr. Love Leatherlike PushUp String | Wei\u00df | Powernet | Rot | WOJOER<\/title>\n<meta name=\"description\" content=\"Dr. Love Leatherlike PushUp String. Nicht nur das hautenge, wei\u00dfe Leatherlike ist ungewohnt erotisch, auch die Kombination mit dem feurig, hei\u00dfen Powernet ist \u00e4u\u00dferst erregend. Doktorspiele non stop, nur bei Wojoer. Jetzt versandkostenfrei online bestellen.\" \/>\n<meta name=\"robots\" content=\"index, follow, max-snippet:-1, max-image-preview:large, max-video-preview:-1\" \/>\n<link rel=\"canonical\" href=\"https:\/\/www.wojoer.de\/en\/produkt\/dr-love-lack-pushup-string-387b55\/\" \/>\n<meta name=\"twitter:card\" content=\"summary_large_image\" \/>\n<meta name=\"twitter:title\" content=\"Dr. Love Leatherlike PushUp String | Wei\u00df | Powernet | Rot | WOJOER\" \/>\n<meta name=\"twitter:description\" content=\"Dr. Love Leatherlike PushUp String. Nicht nur das hautenge, wei\u00dfe Leatherlike ist ungewohnt erotisch, auch die Kombination mit dem feurig, hei\u00dfen Powernet ist \u00e4u\u00dferst erregend. Doktorspiele non stop, nur bei Wojoer. Jetzt versandkostenfrei online bestellen.\" \/>\n<meta name=\"twitter:image\" content=\"https:\/\/www.wojoer.de\/wp-content\/uploads\/2019\/06\/387B55_DrLove_PushUpString_wojoer.jpg\" \/>\n<meta name=\"twitter:label1\" content=\"Estimated reading time\" \/>\n\t<meta name=\"twitter:data1\" content=\"1 minute\" \/>\n<script type=\"application\/ld+json\" class=\"yoast-schema-graph\">{\"@context\":\"https:\/\/schema.org\",\"@graph\":[{\"@type\":\"WebPage\",\"@id\":\"https:\/\/www.wojoer.de\/produkt\/dr-love-lack-pushup-string-387b55\/\",\"url\":\"https:\/\/www.wojoer.de\/produkt\/dr-love-lack-pushup-string-387b55\/\",\"name\":\"Dr. Love Leatherlike PushUp String | Wei\u00df | Powernet | Rot | WOJOER\",\"isPartOf\":{\"@id\":\"https:\/\/www.wojoer.de\/#website\"},\"primaryImageOfPage\":{\"@id\":\"https:\/\/www.wojoer.de\/produkt\/dr-love-lack-pushup-string-387b55\/#primaryimage\"},\"image\":{\"@id\":\"https:\/\/www.wojoer.de\/produkt\/dr-love-lack-pushup-string-387b55\/#primaryimage\"},\"thumbnailUrl\":\"https:\/\/www.wojoer.de\/wp-content\/uploads\/2019\/06\/387B55_DrLove_PushUpString_wojoer.jpg\",\"datePublished\":\"2019-06-25T06:57:50+00:00\",\"dateModified\":\"2026-04-06T22:28:36+00:00\",\"description\":\"Dr. Love Leatherlike PushUp String. Nicht nur das hautenge, wei\u00dfe Leatherlike ist ungewohnt erotisch, auch die Kombination mit dem feurig, hei\u00dfen Powernet ist \u00e4u\u00dferst erregend. Doktorspiele non stop, nur bei Wojoer. Jetzt versandkostenfrei online bestellen.\",\"breadcrumb\":{\"@id\":\"https:\/\/www.wojoer.de\/produkt\/dr-love-lack-pushup-string-387b55\/#breadcrumb\"},\"inLanguage\":\"en-GB\",\"potentialAction\":[{\"@type\":\"ReadAction\",\"target\":[\"https:\/\/www.wojoer.de\/produkt\/dr-love-lack-pushup-string-387b55\/\"]}]},{\"@type\":\"ImageObject\",\"inLanguage\":\"en-GB\",\"@id\":\"https:\/\/www.wojoer.de\/produkt\/dr-love-lack-pushup-string-387b55\/#primaryimage\",\"url\":\"https:\/\/www.wojoer.de\/wp-content\/uploads\/2019\/06\/387B55_DrLove_PushUpString_wojoer.jpg\",\"contentUrl\":\"https:\/\/www.wojoer.de\/wp-content\/uploads\/2019\/06\/387B55_DrLove_PushUpString_wojoer.jpg\",\"width\":2466,\"height\":2466},{\"@type\":\"BreadcrumbList\",\"@id\":\"https:\/\/www.wojoer.de\/produkt\/dr-love-lack-pushup-string-387b55\/#breadcrumb\",\"itemListElement\":[{\"@type\":\"ListItem\",\"position\":1,\"name\":\"Startseite\",\"item\":\"https:\/\/www.wojoer.de\/\"},{\"@type\":\"ListItem\",\"position\":2,\"name\":\"SHOP\",\"item\":\"https:\/\/www.wojoer.de\/shop\/\"},{\"@type\":\"ListItem\",\"position\":3,\"name\":\"Dr. Love Lack PushUp String 387B55EXT\"}]},{\"@type\":\"WebSite\",\"@id\":\"https:\/\/www.wojoer.de\/#website\",\"url\":\"https:\/\/www.wojoer.de\/\",\"name\":\"WOJOER\",\"description\":\"clubwear for men\",\"publisher\":{\"@id\":\"https:\/\/www.wojoer.de\/#organization\"},\"potentialAction\":[{\"@type\":\"SearchAction\",\"target\":{\"@type\":\"EntryPoint\",\"urlTemplate\":\"https:\/\/www.wojoer.de\/?s={search_term_string}\"},\"query-input\":{\"@type\":\"PropertyValueSpecification\",\"valueRequired\":true,\"valueName\":\"search_term_string\"}}],\"inLanguage\":\"en-GB\"},{\"@type\":\"Organization\",\"@id\":\"https:\/\/www.wojoer.de\/#organization\",\"name\":\"Wonneberger-Manufaktur\",\"url\":\"https:\/\/www.wojoer.de\/\",\"logo\":{\"@type\":\"ImageObject\",\"inLanguage\":\"en-GB\",\"@id\":\"https:\/\/www.wojoer.de\/#\/schema\/logo\/image\/\",\"url\":\"https:\/\/www.wojoer.de\/wp-content\/uploads\/2016\/11\/wonnebergermanufaktur_logo_BUTTON.png\",\"contentUrl\":\"https:\/\/www.wojoer.de\/wp-content\/uploads\/2016\/11\/wonnebergermanufaktur_logo_BUTTON.png\",\"width\":765,\"height\":765,\"caption\":\"Wonneberger-Manufaktur\"},\"image\":{\"@id\":\"https:\/\/www.wojoer.de\/#\/schema\/logo\/image\/\"},\"sameAs\":[\"https:\/\/www.facebook.com\/wojoer\/\",\"https:\/\/de.pinterest.com\/W0J0ER\/\"]}]}<\/script>\n<!-- \/ Yoast SEO plugin. -->","yoast_head_json":{"title":"Dr. Love Leatherlike PushUp String | Wei\u00df | Powernet | Rot | WOJOER","description":"Dr. Love Leatherlike PushUp String. Nicht nur das hautenge, wei\u00dfe Leatherlike ist ungewohnt erotisch, auch die Kombination mit dem feurig, hei\u00dfen Powernet ist \u00e4u\u00dferst erregend. Doktorspiele non stop, nur bei Wojoer. Jetzt versandkostenfrei online bestellen.","robots":{"index":"index","follow":"follow","max-snippet":"max-snippet:-1","max-image-preview":"max-image-preview:large","max-video-preview":"max-video-preview:-1"},"canonical":"https:\/\/www.wojoer.de\/en\/produkt\/dr-love-lack-pushup-string-387b55\/","twitter_card":"summary_large_image","twitter_title":"Dr. Love Leatherlike PushUp String | Wei\u00df | Powernet | Rot | WOJOER","twitter_description":"Dr. Love Leatherlike PushUp String. Nicht nur das hautenge, wei\u00dfe Leatherlike ist ungewohnt erotisch, auch die Kombination mit dem feurig, hei\u00dfen Powernet ist \u00e4u\u00dferst erregend. Doktorspiele non stop, nur bei Wojoer. Jetzt versandkostenfrei online bestellen.","twitter_image":"https:\/\/www.wojoer.de\/wp-content\/uploads\/2019\/06\/387B55_DrLove_PushUpString_wojoer.jpg","twitter_misc":{"Estimated reading time":"1 minute"},"schema":{"@context":"https:\/\/schema.org","@graph":[{"@type":"WebPage","@id":"https:\/\/www.wojoer.de\/produkt\/dr-love-lack-pushup-string-387b55\/","url":"https:\/\/www.wojoer.de\/produkt\/dr-love-lack-pushup-string-387b55\/","name":"Dr. Love Leatherlike PushUp String | Wei\u00df | Powernet | Rot | WOJOER","isPartOf":{"@id":"https:\/\/www.wojoer.de\/#website"},"primaryImageOfPage":{"@id":"https:\/\/www.wojoer.de\/produkt\/dr-love-lack-pushup-string-387b55\/#primaryimage"},"image":{"@id":"https:\/\/www.wojoer.de\/produkt\/dr-love-lack-pushup-string-387b55\/#primaryimage"},"thumbnailUrl":"https:\/\/www.wojoer.de\/wp-content\/uploads\/2019\/06\/387B55_DrLove_PushUpString_wojoer.jpg","datePublished":"2019-06-25T06:57:50+00:00","dateModified":"2026-04-06T22:28:36+00:00","description":"Dr. Love Leatherlike PushUp String. Nicht nur das hautenge, wei\u00dfe Leatherlike ist ungewohnt erotisch, auch die Kombination mit dem feurig, hei\u00dfen Powernet ist \u00e4u\u00dferst erregend. Doktorspiele non stop, nur bei Wojoer. Jetzt versandkostenfrei online bestellen.","breadcrumb":{"@id":"https:\/\/www.wojoer.de\/produkt\/dr-love-lack-pushup-string-387b55\/#breadcrumb"},"inLanguage":"en-GB","potentialAction":[{"@type":"ReadAction","target":["https:\/\/www.wojoer.de\/produkt\/dr-love-lack-pushup-string-387b55\/"]}]},{"@type":"ImageObject","inLanguage":"en-GB","@id":"https:\/\/www.wojoer.de\/produkt\/dr-love-lack-pushup-string-387b55\/#primaryimage","url":"https:\/\/www.wojoer.de\/wp-content\/uploads\/2019\/06\/387B55_DrLove_PushUpString_wojoer.jpg","contentUrl":"https:\/\/www.wojoer.de\/wp-content\/uploads\/2019\/06\/387B55_DrLove_PushUpString_wojoer.jpg","width":2466,"height":2466},{"@type":"BreadcrumbList","@id":"https:\/\/www.wojoer.de\/produkt\/dr-love-lack-pushup-string-387b55\/#breadcrumb","itemListElement":[{"@type":"ListItem","position":1,"name":"Startseite","item":"https:\/\/www.wojoer.de\/"},{"@type":"ListItem","position":2,"name":"SHOP","item":"https:\/\/www.wojoer.de\/shop\/"},{"@type":"ListItem","position":3,"name":"Dr. Love Lack PushUp String 387B55EXT"}]},{"@type":"WebSite","@id":"https:\/\/www.wojoer.de\/#website","url":"https:\/\/www.wojoer.de\/","name":"WOJOER","description":"clubwear for men","publisher":{"@id":"https:\/\/www.wojoer.de\/#organization"},"potentialAction":[{"@type":"SearchAction","target":{"@type":"EntryPoint","urlTemplate":"https:\/\/www.wojoer.de\/?s={search_term_string}"},"query-input":{"@type":"PropertyValueSpecification","valueRequired":true,"valueName":"search_term_string"}}],"inLanguage":"en-GB"},{"@type":"Organization","@id":"https:\/\/www.wojoer.de\/#organization","name":"Wonneberger-Manufaktur","url":"https:\/\/www.wojoer.de\/","logo":{"@type":"ImageObject","inLanguage":"en-GB","@id":"https:\/\/www.wojoer.de\/#\/schema\/logo\/image\/","url":"https:\/\/www.wojoer.de\/wp-content\/uploads\/2016\/11\/wonnebergermanufaktur_logo_BUTTON.png","contentUrl":"https:\/\/www.wojoer.de\/wp-content\/uploads\/2016\/11\/wonnebergermanufaktur_logo_BUTTON.png","width":765,"height":765,"caption":"Wonneberger-Manufaktur"},"image":{"@id":"https:\/\/www.wojoer.de\/#\/schema\/logo\/image\/"},"sameAs":["https:\/\/www.facebook.com\/wojoer\/","https:\/\/de.pinterest.com\/W0J0ER\/"]}]}},"_links":{"self":[{"href":"https:\/\/www.wojoer.de\/en\/wp-json\/wp\/v2\/product\/16029","targetHints":{"allow":["GET"]}}],"collection":[{"href":"https:\/\/www.wojoer.de\/en\/wp-json\/wp\/v2\/product"}],"about":[{"href":"https:\/\/www.wojoer.de\/en\/wp-json\/wp\/v2\/types\/product"}],"replies":[{"embeddable":true,"href":"https:\/\/www.wojoer.de\/en\/wp-json\/wp\/v2\/comments?post=16029"}],"wp:featuredmedia":[{"embeddable":true,"href":"https:\/\/www.wojoer.de\/en\/wp-json\/wp\/v2\/media\/15847"}],"wp:attachment":[{"href":"https:\/\/www.wojoer.de\/en\/wp-json\/wp\/v2\/media?parent=16029"}],"wp:term":[{"taxonomy":"product_brand","embeddable":true,"href":"https:\/\/www.wojoer.de\/en\/wp-json\/wp\/v2\/product_brand?post=16029"},{"taxonomy":"product_cat","embeddable":true,"href":"https:\/\/www.wojoer.de\/en\/wp-json\/wp\/v2\/product_cat?post=16029"},{"taxonomy":"product_tag","embeddable":true,"href":"https:\/\/www.wojoer.de\/en\/wp-json\/wp\/v2\/product_tag?post=16029"}],"curies":[{"name":"wp","href":"https:\/\/api.w.org\/{rel}","templated":true}]}}