{"id":16062,"date":"2019-06-25T14:26:32","date_gmt":"2019-06-25T12:26:32","guid":{"rendered":"https:\/\/www.wojoer.de\/produkt\/space-brasil-slip-386t399\/"},"modified":"2021-02-28T23:34:21","modified_gmt":"2021-02-28T22:34:21","slug":"space-brasil-slip-386t399","status":"publish","type":"product","link":"https:\/\/www.wojoer.de\/en\/produkt\/space-brasil-slip-386t399\/","title":{"rendered":"Space Brasil Slip 386D399"},"content":{"rendered":"<p>Der Space Brasil Slip 386D399 geh\u00f6rt zu den Wojoer LIVE-Produkten. Sie werden ab Bestellung bei uns produziert. So k\u00f6nnen wir auf Kundenw\u00fcnsche individuell eingehen.<\/p>\n<h3>Gr\u00f6\u00dfen<\/h3>\n<p>Erh\u00e4ltlich in den Gr\u00f6\u00dfen S, M, L, XL<\/p>\n<h3>Materialzusammensetzung<\/h3>\n<p>87% Polyamid, 8% Polyester, 5% Elasthan<\/p>\n<h3>Besonderheiten<\/h3>\n<p><a href=\"http:\/\/www.wojoer.de\/?s=LIVE&#038;post_type=product\">LIVE-Produkt<\/a> \u00a0| holografischer Wabendruck | wei\u00dfes, festes Netz | Einfassung aus wei\u00dfen Leatherlike | schillernd\u00a0 |glitzernde Silberf\u00e4den | hochwertige Verarbeitung &#8220;Made in Germany&#8221;<\/p>\n<h3><strong>Benutzerhinweise<\/strong><\/h3>\n<p>30\u00b0 Grad Schonw\u00e4sche, keine Weichsp\u00fcler<\/p>\n<h3>SPACE Brasil Slip &#8211; sexy Slip for men<\/h3>\n<p>High, high, high to tight &#8211; Spacetaxi to the sky! In jeden Club, auf jeder Mottoparty und im Bett, ganz egal wo, du bist immer der absolut schillernde Hingucker! Wild tanzend gl\u00e4nzt du in allen erdenklichen Farben und verzauberst alle um dich herum. Fester Netzstoff, durchzogen mit elden Silberf\u00e4den und bedruckt mit holografischen Waben, umh\u00fcllt dich sanft und wird aus einem weichen, wei\u00dfen Leatherlikebund eingerahmt. So kannst du wild, sanft, abenteuerlich abheben &#8211; ganz egal wie, diesen Outfit l\u00e4sst dich erstrahlen!<\/p>\n","protected":false},"excerpt":{"rendered":"<p>Der Space Brasil Slip 386D399 geh\u00f6rt zu den Wojoer LIVE-Produkten. Sie werden ab Bestellung bei uns produziert. So k\u00f6nnen wir auf Kundenw\u00fcnsche individuell eingehen.<br \/>\nGr\u00f6\u00dfen<br \/>\nErh\u00e4ltlich in den Gr\u00f6\u00dfen S, M, L, XL<br \/>\nMaterialzusammensetzung<br \/>\n87% Polyamid, 8% Polyester, 5% Elasthan<br \/>\nBesonderheiten<br \/>\nLIVE-Produkt \u00a0| holografischer Wabendruck |\u2026<\/p>\n","protected":false},"featured_media":15834,"comment_status":"open","ping_status":"closed","template":"","meta":[],"product_brand":[],"product_cat":[841,116,473,195,326],"product_tag":[170,560,303,194,501,295],"class_list":{"0":"post-16062","1":"product","2":"type-product","3":"status-publish","4":"has-post-thumbnail","6":"product_cat-space","7":"product_cat-clubwear","8":"product_cat-men","9":"product_cat-produktion-auf-bestellung-liveproduktion","10":"product_cat-wojoer","11":"product_tag-brasil-slip","12":"product_tag-glaenzend","13":"product_tag-glitzer","14":"product_tag-leatherlike","15":"product_tag-schillernd","16":"product_tag-slip","17":"product_shipping_class-beun","18":"pa_groesse-l","19":"pa_groesse-m","20":"pa_groesse-s","21":"pa_groesse-xl","22":"pif-has-gallery","23":"post-1","24":"odd","26":"first","27":"onbackorder","28":"taxable","29":"shipping-taxable","30":"purchasable","31":"product-type-variable","32":"has-default-attributes"},"yoast_head":"<!-- This site is optimized with the Yoast SEO plugin v27.2 - https:\/\/yoast.com\/product\/yoast-seo-wordpress\/ -->\n<title>Space Brasil Slip | wei\u00dfes Netz | holografisch | Leatherlike | WOJOER<\/title>\n<meta name=\"description\" content=\"Space Brasil Slip. Wei\u00dfes, mit silberf\u00e4den durchzogenes und holografisch bedrucktes Netz! Umrahmt mit weichen, wei\u00dfen Leatherlike! Nur bei Wojoer. Jetzt versandkostenfrei online bestellen.\" \/>\n<meta name=\"robots\" content=\"index, follow, max-snippet:-1, max-image-preview:large, max-video-preview:-1\" \/>\n<link rel=\"canonical\" href=\"https:\/\/www.wojoer.de\/en\/produkt\/space-brasil-slip-386t399\/\" \/>\n<meta name=\"twitter:card\" content=\"summary_large_image\" \/>\n<meta name=\"twitter:title\" content=\"Space Brasil Slip | wei\u00dfes Netz | holografisch | Leatherlike | WOJOER\" \/>\n<meta name=\"twitter:description\" content=\"Space Brasil Slip. Wei\u00dfes, mit silberf\u00e4den durchzogenes und holografisch bedrucktes Netz! Umrahmt mit weichen, wei\u00dfen Leatherlike! Nur bei Wojoer. Jetzt versandkostenfrei online bestellen.\" \/>\n<meta name=\"twitter:image\" content=\"https:\/\/www.wojoer.de\/wp-content\/uploads\/2019\/06\/386T399_space_brasil_wojoer.jpg\" \/>\n<meta name=\"twitter:label1\" content=\"Estimated reading time\" \/>\n\t<meta name=\"twitter:data1\" content=\"1 minute\" \/>\n<script type=\"application\/ld+json\" class=\"yoast-schema-graph\">{\"@context\":\"https:\/\/schema.org\",\"@graph\":[{\"@type\":\"WebPage\",\"@id\":\"https:\/\/www.wojoer.de\/en\/produkt\/space-brasil-slip-386t399\/\",\"url\":\"https:\/\/www.wojoer.de\/en\/produkt\/space-brasil-slip-386t399\/\",\"name\":\"Space Brasil Slip | wei\u00dfes Netz | holografisch | Leatherlike | WOJOER\",\"isPartOf\":{\"@id\":\"https:\/\/www.wojoer.de\/#website\"},\"primaryImageOfPage\":{\"@id\":\"https:\/\/www.wojoer.de\/en\/produkt\/space-brasil-slip-386t399\/#primaryimage\"},\"image\":{\"@id\":\"https:\/\/www.wojoer.de\/en\/produkt\/space-brasil-slip-386t399\/#primaryimage\"},\"thumbnailUrl\":\"https:\/\/www.wojoer.de\/wp-content\/uploads\/2019\/06\/386T399_space_brasil_wojoer.jpg\",\"datePublished\":\"2019-06-25T12:26:32+00:00\",\"dateModified\":\"2021-02-28T22:34:21+00:00\",\"description\":\"Space Brasil Slip. Wei\u00dfes, mit silberf\u00e4den durchzogenes und holografisch bedrucktes Netz! Umrahmt mit weichen, wei\u00dfen Leatherlike! Nur bei Wojoer. Jetzt versandkostenfrei online bestellen.\",\"breadcrumb\":{\"@id\":\"https:\/\/www.wojoer.de\/en\/produkt\/space-brasil-slip-386t399\/#breadcrumb\"},\"inLanguage\":\"en-GB\",\"potentialAction\":[{\"@type\":\"ReadAction\",\"target\":[\"https:\/\/www.wojoer.de\/en\/produkt\/space-brasil-slip-386t399\/\"]}]},{\"@type\":\"ImageObject\",\"inLanguage\":\"en-GB\",\"@id\":\"https:\/\/www.wojoer.de\/en\/produkt\/space-brasil-slip-386t399\/#primaryimage\",\"url\":\"https:\/\/www.wojoer.de\/wp-content\/uploads\/2019\/06\/386T399_space_brasil_wojoer.jpg\",\"contentUrl\":\"https:\/\/www.wojoer.de\/wp-content\/uploads\/2019\/06\/386T399_space_brasil_wojoer.jpg\",\"width\":2373,\"height\":2373},{\"@type\":\"BreadcrumbList\",\"@id\":\"https:\/\/www.wojoer.de\/en\/produkt\/space-brasil-slip-386t399\/#breadcrumb\",\"itemListElement\":[{\"@type\":\"ListItem\",\"position\":1,\"name\":\"Startseite\",\"item\":\"https:\/\/www.wojoer.de\/\"},{\"@type\":\"ListItem\",\"position\":2,\"name\":\"SHOP\",\"item\":\"https:\/\/www.wojoer.de\/shop\/\"},{\"@type\":\"ListItem\",\"position\":3,\"name\":\"Space Brasil Slip 386D399\"}]},{\"@type\":\"WebSite\",\"@id\":\"https:\/\/www.wojoer.de\/#website\",\"url\":\"https:\/\/www.wojoer.de\/\",\"name\":\"WOJOER\",\"description\":\"clubwear for men\",\"publisher\":{\"@id\":\"https:\/\/www.wojoer.de\/#organization\"},\"potentialAction\":[{\"@type\":\"SearchAction\",\"target\":{\"@type\":\"EntryPoint\",\"urlTemplate\":\"https:\/\/www.wojoer.de\/?s={search_term_string}\"},\"query-input\":{\"@type\":\"PropertyValueSpecification\",\"valueRequired\":true,\"valueName\":\"search_term_string\"}}],\"inLanguage\":\"en-GB\"},{\"@type\":\"Organization\",\"@id\":\"https:\/\/www.wojoer.de\/#organization\",\"name\":\"Wonneberger-Manufaktur\",\"url\":\"https:\/\/www.wojoer.de\/\",\"logo\":{\"@type\":\"ImageObject\",\"inLanguage\":\"en-GB\",\"@id\":\"https:\/\/www.wojoer.de\/#\/schema\/logo\/image\/\",\"url\":\"https:\/\/www.wojoer.de\/wp-content\/uploads\/2016\/11\/wonnebergermanufaktur_logo_BUTTON.png\",\"contentUrl\":\"https:\/\/www.wojoer.de\/wp-content\/uploads\/2016\/11\/wonnebergermanufaktur_logo_BUTTON.png\",\"width\":765,\"height\":765,\"caption\":\"Wonneberger-Manufaktur\"},\"image\":{\"@id\":\"https:\/\/www.wojoer.de\/#\/schema\/logo\/image\/\"},\"sameAs\":[\"https:\/\/www.facebook.com\/wojoer\/\",\"https:\/\/de.pinterest.com\/W0J0ER\/\"]}]}<\/script>\n<!-- \/ Yoast SEO plugin. -->","yoast_head_json":{"title":"Space Brasil Slip | wei\u00dfes Netz | holografisch | Leatherlike | WOJOER","description":"Space Brasil Slip. Wei\u00dfes, mit silberf\u00e4den durchzogenes und holografisch bedrucktes Netz! Umrahmt mit weichen, wei\u00dfen Leatherlike! Nur bei Wojoer. Jetzt versandkostenfrei online bestellen.","robots":{"index":"index","follow":"follow","max-snippet":"max-snippet:-1","max-image-preview":"max-image-preview:large","max-video-preview":"max-video-preview:-1"},"canonical":"https:\/\/www.wojoer.de\/en\/produkt\/space-brasil-slip-386t399\/","twitter_card":"summary_large_image","twitter_title":"Space Brasil Slip | wei\u00dfes Netz | holografisch | Leatherlike | WOJOER","twitter_description":"Space Brasil Slip. Wei\u00dfes, mit silberf\u00e4den durchzogenes und holografisch bedrucktes Netz! Umrahmt mit weichen, wei\u00dfen Leatherlike! Nur bei Wojoer. Jetzt versandkostenfrei online bestellen.","twitter_image":"https:\/\/www.wojoer.de\/wp-content\/uploads\/2019\/06\/386T399_space_brasil_wojoer.jpg","twitter_misc":{"Estimated reading time":"1 minute"},"schema":{"@context":"https:\/\/schema.org","@graph":[{"@type":"WebPage","@id":"https:\/\/www.wojoer.de\/en\/produkt\/space-brasil-slip-386t399\/","url":"https:\/\/www.wojoer.de\/en\/produkt\/space-brasil-slip-386t399\/","name":"Space Brasil Slip | wei\u00dfes Netz | holografisch | Leatherlike | WOJOER","isPartOf":{"@id":"https:\/\/www.wojoer.de\/#website"},"primaryImageOfPage":{"@id":"https:\/\/www.wojoer.de\/en\/produkt\/space-brasil-slip-386t399\/#primaryimage"},"image":{"@id":"https:\/\/www.wojoer.de\/en\/produkt\/space-brasil-slip-386t399\/#primaryimage"},"thumbnailUrl":"https:\/\/www.wojoer.de\/wp-content\/uploads\/2019\/06\/386T399_space_brasil_wojoer.jpg","datePublished":"2019-06-25T12:26:32+00:00","dateModified":"2021-02-28T22:34:21+00:00","description":"Space Brasil Slip. Wei\u00dfes, mit silberf\u00e4den durchzogenes und holografisch bedrucktes Netz! Umrahmt mit weichen, wei\u00dfen Leatherlike! Nur bei Wojoer. Jetzt versandkostenfrei online bestellen.","breadcrumb":{"@id":"https:\/\/www.wojoer.de\/en\/produkt\/space-brasil-slip-386t399\/#breadcrumb"},"inLanguage":"en-GB","potentialAction":[{"@type":"ReadAction","target":["https:\/\/www.wojoer.de\/en\/produkt\/space-brasil-slip-386t399\/"]}]},{"@type":"ImageObject","inLanguage":"en-GB","@id":"https:\/\/www.wojoer.de\/en\/produkt\/space-brasil-slip-386t399\/#primaryimage","url":"https:\/\/www.wojoer.de\/wp-content\/uploads\/2019\/06\/386T399_space_brasil_wojoer.jpg","contentUrl":"https:\/\/www.wojoer.de\/wp-content\/uploads\/2019\/06\/386T399_space_brasil_wojoer.jpg","width":2373,"height":2373},{"@type":"BreadcrumbList","@id":"https:\/\/www.wojoer.de\/en\/produkt\/space-brasil-slip-386t399\/#breadcrumb","itemListElement":[{"@type":"ListItem","position":1,"name":"Startseite","item":"https:\/\/www.wojoer.de\/"},{"@type":"ListItem","position":2,"name":"SHOP","item":"https:\/\/www.wojoer.de\/shop\/"},{"@type":"ListItem","position":3,"name":"Space Brasil Slip 386D399"}]},{"@type":"WebSite","@id":"https:\/\/www.wojoer.de\/#website","url":"https:\/\/www.wojoer.de\/","name":"WOJOER","description":"clubwear for men","publisher":{"@id":"https:\/\/www.wojoer.de\/#organization"},"potentialAction":[{"@type":"SearchAction","target":{"@type":"EntryPoint","urlTemplate":"https:\/\/www.wojoer.de\/?s={search_term_string}"},"query-input":{"@type":"PropertyValueSpecification","valueRequired":true,"valueName":"search_term_string"}}],"inLanguage":"en-GB"},{"@type":"Organization","@id":"https:\/\/www.wojoer.de\/#organization","name":"Wonneberger-Manufaktur","url":"https:\/\/www.wojoer.de\/","logo":{"@type":"ImageObject","inLanguage":"en-GB","@id":"https:\/\/www.wojoer.de\/#\/schema\/logo\/image\/","url":"https:\/\/www.wojoer.de\/wp-content\/uploads\/2016\/11\/wonnebergermanufaktur_logo_BUTTON.png","contentUrl":"https:\/\/www.wojoer.de\/wp-content\/uploads\/2016\/11\/wonnebergermanufaktur_logo_BUTTON.png","width":765,"height":765,"caption":"Wonneberger-Manufaktur"},"image":{"@id":"https:\/\/www.wojoer.de\/#\/schema\/logo\/image\/"},"sameAs":["https:\/\/www.facebook.com\/wojoer\/","https:\/\/de.pinterest.com\/W0J0ER\/"]}]}},"_links":{"self":[{"href":"https:\/\/www.wojoer.de\/en\/wp-json\/wp\/v2\/product\/16062","targetHints":{"allow":["GET"]}}],"collection":[{"href":"https:\/\/www.wojoer.de\/en\/wp-json\/wp\/v2\/product"}],"about":[{"href":"https:\/\/www.wojoer.de\/en\/wp-json\/wp\/v2\/types\/product"}],"replies":[{"embeddable":true,"href":"https:\/\/www.wojoer.de\/en\/wp-json\/wp\/v2\/comments?post=16062"}],"wp:featuredmedia":[{"embeddable":true,"href":"https:\/\/www.wojoer.de\/en\/wp-json\/wp\/v2\/media\/15834"}],"wp:attachment":[{"href":"https:\/\/www.wojoer.de\/en\/wp-json\/wp\/v2\/media?parent=16062"}],"wp:term":[{"taxonomy":"product_brand","embeddable":true,"href":"https:\/\/www.wojoer.de\/en\/wp-json\/wp\/v2\/product_brand?post=16062"},{"taxonomy":"product_cat","embeddable":true,"href":"https:\/\/www.wojoer.de\/en\/wp-json\/wp\/v2\/product_cat?post=16062"},{"taxonomy":"product_tag","embeddable":true,"href":"https:\/\/www.wojoer.de\/en\/wp-json\/wp\/v2\/product_tag?post=16062"}],"curies":[{"name":"wp","href":"https:\/\/api.w.org\/{rel}","templated":true}]}}