{"id":16085,"date":"2019-06-26T09:03:24","date_gmt":"2019-06-26T07:03:24","guid":{"rendered":"https:\/\/www.wojoer.de\/produkt\/leosnake-mini-push-tanga-388b14\/"},"modified":"2026-05-06T14:08:51","modified_gmt":"2026-05-06T12:08:51","slug":"leosnake-mini-push-tanga-388b14","status":"publish","type":"product","link":"https:\/\/www.wojoer.de\/en\/produkt\/leosnake-mini-push-tanga-388b14\/","title":{"rendered":"LeoSnake Mini Push Tanga 388B14"},"content":{"rendered":"<p>Der LeoSnake Mini Push Tanga 388B14 geh\u00f6rt zu den Wojoer LIVE-Produkten. Sie werden ab Bestellung bei uns produziert. So k\u00f6nnen wir auf Kundenw\u00fcnsche individuell eingehen.<\/p>\n<h3>Gr\u00f6\u00dfen<\/h3>\n<p>Erh\u00e4ltlich in den Gr\u00f6\u00dfen S, M, L, XL<\/p>\n<h3>Materialzusammensetzung<\/h3>\n<p>96% Polyester, 4% Elasthan<\/p>\n<h3>Besonderheiten<\/h3>\n<p><a href=\"http:\/\/www.wojoer.de\/?s=LIVE&#038;post_type=product\">LIVE-Produkt<\/a> \u00a0| hoher Schnitt | elastisch mattes Jersey | animalischer Druck | schwarz-wei\u00df T\u00f6ne | hochwertige Verarbeitung \u201eMade in Germany\u201c<\/p>\n<h3><strong>Benutzerhinweise<\/strong><\/h3>\n<p>30\u00b0 Grad Schonw\u00e4sche, keine Weichsp\u00fcler<\/p>\n<h3>LEOSKNAKE MINI PUSH TANGA &#8211; elastischer Slip for men<\/h3>\n<p>Feinstes Unterw\u00e4schematerial trifft auf aufreizend eleganten Schlangen-Leoparden-Druck. Ausgesprochen angenehm weich, sehr d\u00fcnn und atmungsaktiv auf der einen Seite und sexy enganliegend auf der anderen, genau das sind die besonderen Eigenschaften, welchen diesen Jerseystoff zu deiner Wohlf\u00fchlunterw\u00e4sche machen. Sein besonderes Merkmal ist seine maximale Hebeform im Suspensorium, die der M\u00e4nnlichkeit verf\u00fchrerischen Aufschwung bringt. So l\u00e4sst sch schon erahnen, welch gierige Schlange lauernd auf Befriedigung wartet.<\/p>\n","protected":false},"excerpt":{"rendered":"<p>Der LeoSnake Mini Push Tanga 388B14 geh\u00f6rt zu den Wojoer LIVE-Produkten. Sie werden ab Bestellung bei uns produziert. So k\u00f6nnen wir auf Kundenw\u00fcnsche individuell eingehen.<br \/>\nGr\u00f6\u00dfen<br \/>\nErh\u00e4ltlich in den Gr\u00f6\u00dfen S, M, L, XL<br \/>\nMaterialzusammensetzung<br \/>\n96% Polyester, 4% Elasthan<br \/>\nBesonderheiten<br \/>\nLIVE-Produkt \u00a0| hoher Schnitt | elastisch\u2026<\/p>\n","protected":false},"featured_media":15865,"comment_status":"open","ping_status":"closed","template":"","meta":[],"product_brand":[],"product_cat":[843,473,195,121,326],"product_tag":[194,295,167],"class_list":{"0":"post-16085","1":"product","2":"type-product","3":"status-publish","4":"has-post-thumbnail","6":"product_cat-leosnake","7":"product_cat-men","8":"product_cat-produktion-auf-bestellung-liveproduktion","9":"product_cat-underwear","10":"product_cat-wojoer","11":"product_tag-leatherlike","12":"product_tag-slip","13":"product_tag-tanga","14":"product_shipping_class-beun","15":"pa_groesse-l","16":"pa_groesse-m","17":"pa_groesse-s","18":"pa_groesse-xl","19":"pif-has-gallery","20":"post-1","21":"odd","23":"first","24":"onbackorder","25":"taxable","26":"shipping-taxable","27":"purchasable","28":"product-type-variable","29":"has-default-attributes"},"yoast_head":"<!-- This site is optimized with the Yoast SEO plugin v27.5 - https:\/\/yoast.com\/product\/yoast-seo-wordpress\/ -->\n<title>LeoSnake Mini Push Tanga | Leomuster | Schlangemuster | WOJOER<\/title>\n<meta name=\"description\" content=\"LeoSnake Mini Push Tanga. Elastisch knapper, angenehmer M\u00e4nner Tanga. Wie feinste Baumwolle. Jetzt online Versandkostenfrei bestellen bei WOJOER!Nur bei Wojoer. Jetzt versandkostenfrei online bestellen.\" \/>\n<meta name=\"robots\" content=\"index, follow, max-snippet:-1, max-image-preview:large, max-video-preview:-1\" \/>\n<link rel=\"canonical\" href=\"https:\/\/www.wojoer.de\/en\/produkt\/leosnake-mini-push-tanga-388b14\/\" \/>\n<meta name=\"twitter:card\" content=\"summary_large_image\" \/>\n<meta name=\"twitter:title\" content=\"LeoSnake Mini Push Tanga | Leomuster | Schlangemuster | WOJOER\" \/>\n<meta name=\"twitter:description\" content=\"LeoSnake Mini Push Tanga. Elastisch knapper, angenehmer M\u00e4nner Tanga. Wie feinste Baumwolle. Jetzt online Versandkostenfrei bestellen bei WOJOER!Nur bei Wojoer. Jetzt versandkostenfrei online bestellen.\" \/>\n<meta name=\"twitter:image\" content=\"https:\/\/www.wojoer.de\/wp-content\/uploads\/2019\/06\/388B14_Leosnake_MiniPushUpTanga_wojoer.jpg\" \/>\n<meta name=\"twitter:label1\" content=\"Estimated reading time\" \/>\n\t<meta name=\"twitter:data1\" content=\"1 minute\" \/>\n<script type=\"application\/ld+json\" class=\"yoast-schema-graph\">{\"@context\":\"https:\\\/\\\/schema.org\",\"@graph\":[{\"@type\":\"WebPage\",\"@id\":\"https:\\\/\\\/www.wojoer.de\\\/produkt\\\/leosnake-mini-push-tanga-388b14\\\/\",\"url\":\"https:\\\/\\\/www.wojoer.de\\\/produkt\\\/leosnake-mini-push-tanga-388b14\\\/\",\"name\":\"LeoSnake Mini Push Tanga | Leomuster | Schlangemuster | WOJOER\",\"isPartOf\":{\"@id\":\"https:\\\/\\\/www.wojoer.de\\\/#website\"},\"primaryImageOfPage\":{\"@id\":\"https:\\\/\\\/www.wojoer.de\\\/produkt\\\/leosnake-mini-push-tanga-388b14\\\/#primaryimage\"},\"image\":{\"@id\":\"https:\\\/\\\/www.wojoer.de\\\/produkt\\\/leosnake-mini-push-tanga-388b14\\\/#primaryimage\"},\"thumbnailUrl\":\"https:\\\/\\\/www.wojoer.de\\\/wp-content\\\/uploads\\\/2019\\\/06\\\/388B14_Leosnake_MiniPushUpTanga_wojoer.jpg\",\"datePublished\":\"2019-06-26T07:03:24+00:00\",\"dateModified\":\"2026-05-06T12:08:51+00:00\",\"description\":\"LeoSnake Mini Push Tanga. Elastisch knapper, angenehmer M\u00e4nner Tanga. Wie feinste Baumwolle. Jetzt online Versandkostenfrei bestellen bei WOJOER!Nur bei Wojoer. Jetzt versandkostenfrei online bestellen.\",\"breadcrumb\":{\"@id\":\"https:\\\/\\\/www.wojoer.de\\\/produkt\\\/leosnake-mini-push-tanga-388b14\\\/#breadcrumb\"},\"inLanguage\":\"en-GB\",\"potentialAction\":[{\"@type\":\"ReadAction\",\"target\":[\"https:\\\/\\\/www.wojoer.de\\\/produkt\\\/leosnake-mini-push-tanga-388b14\\\/\"]}]},{\"@type\":\"ImageObject\",\"inLanguage\":\"en-GB\",\"@id\":\"https:\\\/\\\/www.wojoer.de\\\/produkt\\\/leosnake-mini-push-tanga-388b14\\\/#primaryimage\",\"url\":\"https:\\\/\\\/www.wojoer.de\\\/wp-content\\\/uploads\\\/2019\\\/06\\\/388B14_Leosnake_MiniPushUpTanga_wojoer.jpg\",\"contentUrl\":\"https:\\\/\\\/www.wojoer.de\\\/wp-content\\\/uploads\\\/2019\\\/06\\\/388B14_Leosnake_MiniPushUpTanga_wojoer.jpg\",\"width\":2460,\"height\":2460},{\"@type\":\"BreadcrumbList\",\"@id\":\"https:\\\/\\\/www.wojoer.de\\\/produkt\\\/leosnake-mini-push-tanga-388b14\\\/#breadcrumb\",\"itemListElement\":[{\"@type\":\"ListItem\",\"position\":1,\"name\":\"Startseite\",\"item\":\"https:\\\/\\\/www.wojoer.de\\\/\"},{\"@type\":\"ListItem\",\"position\":2,\"name\":\"SHOP\",\"item\":\"https:\\\/\\\/www.wojoer.de\\\/shop\\\/\"},{\"@type\":\"ListItem\",\"position\":3,\"name\":\"LeoSnake Mini Push Tanga 388B14\"}]},{\"@type\":\"WebSite\",\"@id\":\"https:\\\/\\\/www.wojoer.de\\\/#website\",\"url\":\"https:\\\/\\\/www.wojoer.de\\\/\",\"name\":\"WOJOER\",\"description\":\"clubwear for men\",\"publisher\":{\"@id\":\"https:\\\/\\\/www.wojoer.de\\\/#organization\"},\"potentialAction\":[{\"@type\":\"SearchAction\",\"target\":{\"@type\":\"EntryPoint\",\"urlTemplate\":\"https:\\\/\\\/www.wojoer.de\\\/?s={search_term_string}\"},\"query-input\":{\"@type\":\"PropertyValueSpecification\",\"valueRequired\":true,\"valueName\":\"search_term_string\"}}],\"inLanguage\":\"en-GB\"},{\"@type\":\"Organization\",\"@id\":\"https:\\\/\\\/www.wojoer.de\\\/#organization\",\"name\":\"Wonneberger-Manufaktur\",\"url\":\"https:\\\/\\\/www.wojoer.de\\\/\",\"logo\":{\"@type\":\"ImageObject\",\"inLanguage\":\"en-GB\",\"@id\":\"https:\\\/\\\/www.wojoer.de\\\/#\\\/schema\\\/logo\\\/image\\\/\",\"url\":\"https:\\\/\\\/www.wojoer.de\\\/wp-content\\\/uploads\\\/2016\\\/11\\\/wonnebergermanufaktur_logo_BUTTON.png\",\"contentUrl\":\"https:\\\/\\\/www.wojoer.de\\\/wp-content\\\/uploads\\\/2016\\\/11\\\/wonnebergermanufaktur_logo_BUTTON.png\",\"width\":765,\"height\":765,\"caption\":\"Wonneberger-Manufaktur\"},\"image\":{\"@id\":\"https:\\\/\\\/www.wojoer.de\\\/#\\\/schema\\\/logo\\\/image\\\/\"},\"sameAs\":[\"https:\\\/\\\/www.facebook.com\\\/wojoer\\\/\",\"https:\\\/\\\/de.pinterest.com\\\/W0J0ER\\\/\"]}]}<\/script>\n<!-- \/ Yoast SEO plugin. -->","yoast_head_json":{"title":"LeoSnake Mini Push Tanga | Leomuster | Schlangemuster | WOJOER","description":"LeoSnake Mini Push Tanga. Elastisch knapper, angenehmer M\u00e4nner Tanga. Wie feinste Baumwolle. Jetzt online Versandkostenfrei bestellen bei WOJOER!Nur bei Wojoer. Jetzt versandkostenfrei online bestellen.","robots":{"index":"index","follow":"follow","max-snippet":"max-snippet:-1","max-image-preview":"max-image-preview:large","max-video-preview":"max-video-preview:-1"},"canonical":"https:\/\/www.wojoer.de\/en\/produkt\/leosnake-mini-push-tanga-388b14\/","twitter_card":"summary_large_image","twitter_title":"LeoSnake Mini Push Tanga | Leomuster | Schlangemuster | WOJOER","twitter_description":"LeoSnake Mini Push Tanga. Elastisch knapper, angenehmer M\u00e4nner Tanga. Wie feinste Baumwolle. Jetzt online Versandkostenfrei bestellen bei WOJOER!Nur bei Wojoer. Jetzt versandkostenfrei online bestellen.","twitter_image":"https:\/\/www.wojoer.de\/wp-content\/uploads\/2019\/06\/388B14_Leosnake_MiniPushUpTanga_wojoer.jpg","twitter_misc":{"Estimated reading time":"1 minute"},"schema":{"@context":"https:\/\/schema.org","@graph":[{"@type":"WebPage","@id":"https:\/\/www.wojoer.de\/produkt\/leosnake-mini-push-tanga-388b14\/","url":"https:\/\/www.wojoer.de\/produkt\/leosnake-mini-push-tanga-388b14\/","name":"LeoSnake Mini Push Tanga | Leomuster | Schlangemuster | WOJOER","isPartOf":{"@id":"https:\/\/www.wojoer.de\/#website"},"primaryImageOfPage":{"@id":"https:\/\/www.wojoer.de\/produkt\/leosnake-mini-push-tanga-388b14\/#primaryimage"},"image":{"@id":"https:\/\/www.wojoer.de\/produkt\/leosnake-mini-push-tanga-388b14\/#primaryimage"},"thumbnailUrl":"https:\/\/www.wojoer.de\/wp-content\/uploads\/2019\/06\/388B14_Leosnake_MiniPushUpTanga_wojoer.jpg","datePublished":"2019-06-26T07:03:24+00:00","dateModified":"2026-05-06T12:08:51+00:00","description":"LeoSnake Mini Push Tanga. Elastisch knapper, angenehmer M\u00e4nner Tanga. Wie feinste Baumwolle. Jetzt online Versandkostenfrei bestellen bei WOJOER!Nur bei Wojoer. Jetzt versandkostenfrei online bestellen.","breadcrumb":{"@id":"https:\/\/www.wojoer.de\/produkt\/leosnake-mini-push-tanga-388b14\/#breadcrumb"},"inLanguage":"en-GB","potentialAction":[{"@type":"ReadAction","target":["https:\/\/www.wojoer.de\/produkt\/leosnake-mini-push-tanga-388b14\/"]}]},{"@type":"ImageObject","inLanguage":"en-GB","@id":"https:\/\/www.wojoer.de\/produkt\/leosnake-mini-push-tanga-388b14\/#primaryimage","url":"https:\/\/www.wojoer.de\/wp-content\/uploads\/2019\/06\/388B14_Leosnake_MiniPushUpTanga_wojoer.jpg","contentUrl":"https:\/\/www.wojoer.de\/wp-content\/uploads\/2019\/06\/388B14_Leosnake_MiniPushUpTanga_wojoer.jpg","width":2460,"height":2460},{"@type":"BreadcrumbList","@id":"https:\/\/www.wojoer.de\/produkt\/leosnake-mini-push-tanga-388b14\/#breadcrumb","itemListElement":[{"@type":"ListItem","position":1,"name":"Startseite","item":"https:\/\/www.wojoer.de\/"},{"@type":"ListItem","position":2,"name":"SHOP","item":"https:\/\/www.wojoer.de\/shop\/"},{"@type":"ListItem","position":3,"name":"LeoSnake Mini Push Tanga 388B14"}]},{"@type":"WebSite","@id":"https:\/\/www.wojoer.de\/#website","url":"https:\/\/www.wojoer.de\/","name":"WOJOER","description":"clubwear for men","publisher":{"@id":"https:\/\/www.wojoer.de\/#organization"},"potentialAction":[{"@type":"SearchAction","target":{"@type":"EntryPoint","urlTemplate":"https:\/\/www.wojoer.de\/?s={search_term_string}"},"query-input":{"@type":"PropertyValueSpecification","valueRequired":true,"valueName":"search_term_string"}}],"inLanguage":"en-GB"},{"@type":"Organization","@id":"https:\/\/www.wojoer.de\/#organization","name":"Wonneberger-Manufaktur","url":"https:\/\/www.wojoer.de\/","logo":{"@type":"ImageObject","inLanguage":"en-GB","@id":"https:\/\/www.wojoer.de\/#\/schema\/logo\/image\/","url":"https:\/\/www.wojoer.de\/wp-content\/uploads\/2016\/11\/wonnebergermanufaktur_logo_BUTTON.png","contentUrl":"https:\/\/www.wojoer.de\/wp-content\/uploads\/2016\/11\/wonnebergermanufaktur_logo_BUTTON.png","width":765,"height":765,"caption":"Wonneberger-Manufaktur"},"image":{"@id":"https:\/\/www.wojoer.de\/#\/schema\/logo\/image\/"},"sameAs":["https:\/\/www.facebook.com\/wojoer\/","https:\/\/de.pinterest.com\/W0J0ER\/"]}]}},"_links":{"self":[{"href":"https:\/\/www.wojoer.de\/en\/wp-json\/wp\/v2\/product\/16085","targetHints":{"allow":["GET"]}}],"collection":[{"href":"https:\/\/www.wojoer.de\/en\/wp-json\/wp\/v2\/product"}],"about":[{"href":"https:\/\/www.wojoer.de\/en\/wp-json\/wp\/v2\/types\/product"}],"replies":[{"embeddable":true,"href":"https:\/\/www.wojoer.de\/en\/wp-json\/wp\/v2\/comments?post=16085"}],"wp:featuredmedia":[{"embeddable":true,"href":"https:\/\/www.wojoer.de\/en\/wp-json\/wp\/v2\/media\/15865"}],"wp:attachment":[{"href":"https:\/\/www.wojoer.de\/en\/wp-json\/wp\/v2\/media?parent=16085"}],"wp:term":[{"taxonomy":"product_brand","embeddable":true,"href":"https:\/\/www.wojoer.de\/en\/wp-json\/wp\/v2\/product_brand?post=16085"},{"taxonomy":"product_cat","embeddable":true,"href":"https:\/\/www.wojoer.de\/en\/wp-json\/wp\/v2\/product_cat?post=16085"},{"taxonomy":"product_tag","embeddable":true,"href":"https:\/\/www.wojoer.de\/en\/wp-json\/wp\/v2\/product_tag?post=16085"}],"curies":[{"name":"wp","href":"https:\/\/api.w.org\/{rel}","templated":true}]}}