{"id":16149,"date":"2025-10-20T07:20:45","date_gmt":"2025-10-20T05:20:45","guid":{"rendered":"https:\/\/www.wojoer.de\/en\/produkt\/camouflage-spitzen-longsocks-383ls\/"},"modified":"2025-10-22T12:46:50","modified_gmt":"2025-10-22T10:46:50","slug":"camouflage-spitzen-longsocks-383ls","status":"publish","type":"product","link":"https:\/\/www.wojoer.de\/en\/produkt\/camouflage-spitzen-longsocks-383ls\/","title":{"rendered":"Camouflage Spitzen Longsocks 383LS"},"content":{"rendered":"<p>Elegant und Edel zeigt sich diese Camouflage Spitzen Longsocks\u00a0383LS und geh\u00f6ren in die Kategorie &#8220;LIVE&#8221;-Produkte. Produktion nur auf Bestellung.<\/p>\n<h3>UNISEX<\/h3>\n<h3>Gr\u00f6\u00dfen<\/h3>\n<p>SM : 36-42; Oberschenkelumfang: 42-50cm<br \/>\nML : 40-46; Oberschenkelumfang: 47-55cm<br \/>\nL XL: 44-50; Oberschenkelumfang: 42-60cm<\/p>\n<h3>Materialzusammensetzung<\/h3>\n<p>95% Polyamid | 5% Elasthan | 94% Polyester | 6% Elasthan<\/p>\n<h3>Besonderheiten<\/h3>\n<p><a href=\"http:\/\/www.wojoer.de\/?s=live&#038;post_type=product\">LIVE Produkt<\/a> | Spitzenstoff mit Camouflagemuster | edel schwarz | angenehm elastisch | filigran | Silikonnoppenbund f\u00fcr perfekten Halt | hochwertige Verarbeitung &#8220;Made in Germany&#8221;<\/p>\n<h3>Benutzerhinweise<\/h3>\n<p>Handw\u00e4sche<\/p>\n<h3>CAMOUFLAGE SPITZEN LONGSOCKS &#8211; filigrane Spitzenstr\u00fcmpfe<\/h3>\n<p>In diesen eleganten Longsocks bist du der IT-Boy\/ das IT-Girl des Abends, im Club oder ganz verf\u00fchrerisch zuhause! Ein Hauch von Luxus h\u00fcllt dich ein und macht dich unnahbar und anziehend gleicherma\u00dfen. Die zarte und dehnbare Spitze mit milit\u00e4rischen Muster l\u00e4sst dich facettenreich erstrahlen und es fragen sich Alle, was sie wohl erwartet! Den\/die sinnliche\/n Romantiker\/in, eine Luxusqueen oder doch eher den\/die dominate\/n Verf\u00fchrer\/in? Vielleicht auch nichts von all dem &#8211; sie werden dir wohl einen Drink spendieren um es endlich herauszufinden! Zeig ihnen dein wahres Gesicht&#8230;<\/p>\n","protected":false},"excerpt":{"rendered":"<p>Elegant und Edel zeigt sich diese Camouflage Spitzen Longsocks\u00a0383LS und geh\u00f6ren in die Kategorie &#8220;LIVE&#8221;-Produkte. Produktion nur auf Bestellung.<br \/>\nUNISEX<br \/>\nGr\u00f6\u00dfen<br \/>\nSM : 36-42; Oberschenkelumfang: 42-50cm<br \/>\nML : 40-46; Oberschenkelumfang: 47-55cm<br \/>\nL XL: 44-50; Oberschenkelumfang: 42-60cm<br \/>\nMaterialzusammensetzung<br \/>\n95% Polyamid | 5% Elasthan | 94% Polyester | 6%\u2026<\/p>\n","protected":false},"featured_media":20740,"comment_status":"open","ping_status":"closed","template":"","meta":[],"product_brand":[],"product_cat":[838,116,473,195,121,326],"product_tag":[296,194,458,449],"class_list":{"0":"post-16149","1":"product","2":"type-product","3":"status-publish","4":"has-post-thumbnail","6":"product_cat-camouflagespitze","7":"product_cat-clubwear","8":"product_cat-men","9":"product_cat-produktion-auf-bestellung-liveproduktion","10":"product_cat-underwear","11":"product_cat-wojoer","12":"product_tag-camouflage","13":"product_tag-leatherlike","14":"product_tag-longsocks","15":"product_tag-spitze","16":"product_shipping_class-beun","17":"pa_groesse-lxl","18":"pa_groesse-ml","19":"pa_groesse-sm","20":"pif-has-gallery","21":"post-1","22":"odd","24":"first","25":"onbackorder","26":"taxable","27":"shipping-taxable","28":"purchasable","29":"product-type-variable"},"yoast_head":"<!-- This site is optimized with the Yoast SEO plugin v27.2 - https:\/\/yoast.com\/product\/yoast-seo-wordpress\/ -->\n<title>Camouflage Spitzen Longsocks | Milit\u00e4rmuster | Spitze | WOJOER<\/title>\n<meta name=\"description\" content=\"Camouflage Spitzen Longsocks - die Underwear f\u00fcr deinen luxuri\u00f6s milit\u00e4rischen Auftritt. Edle Spitze h\u00fcllt dich elegant ein! Nur bei Wojoer, jetzt online bestellen!\" \/>\n<meta name=\"robots\" content=\"index, follow, max-snippet:-1, max-image-preview:large, max-video-preview:-1\" \/>\n<link rel=\"canonical\" href=\"https:\/\/www.wojoer.de\/en\/produkt\/camouflage-spitzen-longsocks-383ls\/\" \/>\n<meta name=\"twitter:card\" content=\"summary_large_image\" \/>\n<meta name=\"twitter:title\" content=\"Camouflage Spitzen Longsocks | Milit\u00e4rmuster | Spitze | WOJOER\" \/>\n<meta name=\"twitter:description\" content=\"Camouflage Spitzen Longsocks - die Underwear f\u00fcr deinen luxuri\u00f6s milit\u00e4rischen Auftritt. Edle Spitze h\u00fcllt dich elegant ein! Nur bei Wojoer, jetzt online bestellen!\" \/>\n<meta name=\"twitter:image\" content=\"https:\/\/www.wojoer.de\/wp-content\/uploads\/2019\/11\/383F33_LS_M2_CamouflageSpitze_String_Longsocks_Maske_partnerlook_side_wojoer.jpg\" \/>\n<meta name=\"twitter:label1\" content=\"Estimated reading time\" \/>\n\t<meta name=\"twitter:data1\" content=\"2 minutes\" \/>\n<script type=\"application\/ld+json\" class=\"yoast-schema-graph\">{\"@context\":\"https:\/\/schema.org\",\"@graph\":[{\"@type\":\"WebPage\",\"@id\":\"https:\/\/www.wojoer.de\/en\/produkt\/camouflage-spitzen-longsocks-383ls\/\",\"url\":\"https:\/\/www.wojoer.de\/en\/produkt\/camouflage-spitzen-longsocks-383ls\/\",\"name\":\"Camouflage Spitzen Longsocks | Milit\u00e4rmuster | Spitze | WOJOER\",\"isPartOf\":{\"@id\":\"https:\/\/www.wojoer.de\/#website\"},\"primaryImageOfPage\":{\"@id\":\"https:\/\/www.wojoer.de\/en\/produkt\/camouflage-spitzen-longsocks-383ls\/#primaryimage\"},\"image\":{\"@id\":\"https:\/\/www.wojoer.de\/en\/produkt\/camouflage-spitzen-longsocks-383ls\/#primaryimage\"},\"thumbnailUrl\":\"https:\/\/www.wojoer.de\/wp-content\/uploads\/2019\/11\/383F33_LS_M2_CamouflageSpitze_String_Longsocks_Maske_partnerlook_side_wojoer.jpg\",\"datePublished\":\"2025-10-20T05:20:45+00:00\",\"dateModified\":\"2025-10-22T10:46:50+00:00\",\"description\":\"Camouflage Spitzen Longsocks - die Underwear f\u00fcr deinen luxuri\u00f6s milit\u00e4rischen Auftritt. Edle Spitze h\u00fcllt dich elegant ein! Nur bei Wojoer, jetzt online bestellen!\",\"breadcrumb\":{\"@id\":\"https:\/\/www.wojoer.de\/en\/produkt\/camouflage-spitzen-longsocks-383ls\/#breadcrumb\"},\"inLanguage\":\"en-GB\",\"potentialAction\":[{\"@type\":\"ReadAction\",\"target\":[\"https:\/\/www.wojoer.de\/en\/produkt\/camouflage-spitzen-longsocks-383ls\/\"]}]},{\"@type\":\"ImageObject\",\"inLanguage\":\"en-GB\",\"@id\":\"https:\/\/www.wojoer.de\/en\/produkt\/camouflage-spitzen-longsocks-383ls\/#primaryimage\",\"url\":\"https:\/\/www.wojoer.de\/wp-content\/uploads\/2019\/11\/383F33_LS_M2_CamouflageSpitze_String_Longsocks_Maske_partnerlook_side_wojoer.jpg\",\"contentUrl\":\"https:\/\/www.wojoer.de\/wp-content\/uploads\/2019\/11\/383F33_LS_M2_CamouflageSpitze_String_Longsocks_Maske_partnerlook_side_wojoer.jpg\",\"width\":2002,\"height\":2002},{\"@type\":\"BreadcrumbList\",\"@id\":\"https:\/\/www.wojoer.de\/en\/produkt\/camouflage-spitzen-longsocks-383ls\/#breadcrumb\",\"itemListElement\":[{\"@type\":\"ListItem\",\"position\":1,\"name\":\"Startseite\",\"item\":\"https:\/\/www.wojoer.de\/\"},{\"@type\":\"ListItem\",\"position\":2,\"name\":\"SHOP\",\"item\":\"https:\/\/www.wojoer.de\/shop\/\"},{\"@type\":\"ListItem\",\"position\":3,\"name\":\"Camouflage Spitzen Longsocks 383LS\"}]},{\"@type\":\"WebSite\",\"@id\":\"https:\/\/www.wojoer.de\/#website\",\"url\":\"https:\/\/www.wojoer.de\/\",\"name\":\"WOJOER\",\"description\":\"clubwear for men\",\"publisher\":{\"@id\":\"https:\/\/www.wojoer.de\/#organization\"},\"potentialAction\":[{\"@type\":\"SearchAction\",\"target\":{\"@type\":\"EntryPoint\",\"urlTemplate\":\"https:\/\/www.wojoer.de\/?s={search_term_string}\"},\"query-input\":{\"@type\":\"PropertyValueSpecification\",\"valueRequired\":true,\"valueName\":\"search_term_string\"}}],\"inLanguage\":\"en-GB\"},{\"@type\":\"Organization\",\"@id\":\"https:\/\/www.wojoer.de\/#organization\",\"name\":\"Wonneberger-Manufaktur\",\"url\":\"https:\/\/www.wojoer.de\/\",\"logo\":{\"@type\":\"ImageObject\",\"inLanguage\":\"en-GB\",\"@id\":\"https:\/\/www.wojoer.de\/#\/schema\/logo\/image\/\",\"url\":\"https:\/\/www.wojoer.de\/wp-content\/uploads\/2016\/11\/wonnebergermanufaktur_logo_BUTTON.png\",\"contentUrl\":\"https:\/\/www.wojoer.de\/wp-content\/uploads\/2016\/11\/wonnebergermanufaktur_logo_BUTTON.png\",\"width\":765,\"height\":765,\"caption\":\"Wonneberger-Manufaktur\"},\"image\":{\"@id\":\"https:\/\/www.wojoer.de\/#\/schema\/logo\/image\/\"},\"sameAs\":[\"https:\/\/www.facebook.com\/wojoer\/\",\"https:\/\/de.pinterest.com\/W0J0ER\/\"]}]}<\/script>\n<!-- \/ Yoast SEO plugin. -->","yoast_head_json":{"title":"Camouflage Spitzen Longsocks | Milit\u00e4rmuster | Spitze | WOJOER","description":"Camouflage Spitzen Longsocks - die Underwear f\u00fcr deinen luxuri\u00f6s milit\u00e4rischen Auftritt. Edle Spitze h\u00fcllt dich elegant ein! Nur bei Wojoer, jetzt online bestellen!","robots":{"index":"index","follow":"follow","max-snippet":"max-snippet:-1","max-image-preview":"max-image-preview:large","max-video-preview":"max-video-preview:-1"},"canonical":"https:\/\/www.wojoer.de\/en\/produkt\/camouflage-spitzen-longsocks-383ls\/","twitter_card":"summary_large_image","twitter_title":"Camouflage Spitzen Longsocks | Milit\u00e4rmuster | Spitze | WOJOER","twitter_description":"Camouflage Spitzen Longsocks - die Underwear f\u00fcr deinen luxuri\u00f6s milit\u00e4rischen Auftritt. Edle Spitze h\u00fcllt dich elegant ein! Nur bei Wojoer, jetzt online bestellen!","twitter_image":"https:\/\/www.wojoer.de\/wp-content\/uploads\/2019\/11\/383F33_LS_M2_CamouflageSpitze_String_Longsocks_Maske_partnerlook_side_wojoer.jpg","twitter_misc":{"Estimated reading time":"2 minutes"},"schema":{"@context":"https:\/\/schema.org","@graph":[{"@type":"WebPage","@id":"https:\/\/www.wojoer.de\/en\/produkt\/camouflage-spitzen-longsocks-383ls\/","url":"https:\/\/www.wojoer.de\/en\/produkt\/camouflage-spitzen-longsocks-383ls\/","name":"Camouflage Spitzen Longsocks | Milit\u00e4rmuster | Spitze | WOJOER","isPartOf":{"@id":"https:\/\/www.wojoer.de\/#website"},"primaryImageOfPage":{"@id":"https:\/\/www.wojoer.de\/en\/produkt\/camouflage-spitzen-longsocks-383ls\/#primaryimage"},"image":{"@id":"https:\/\/www.wojoer.de\/en\/produkt\/camouflage-spitzen-longsocks-383ls\/#primaryimage"},"thumbnailUrl":"https:\/\/www.wojoer.de\/wp-content\/uploads\/2019\/11\/383F33_LS_M2_CamouflageSpitze_String_Longsocks_Maske_partnerlook_side_wojoer.jpg","datePublished":"2025-10-20T05:20:45+00:00","dateModified":"2025-10-22T10:46:50+00:00","description":"Camouflage Spitzen Longsocks - die Underwear f\u00fcr deinen luxuri\u00f6s milit\u00e4rischen Auftritt. Edle Spitze h\u00fcllt dich elegant ein! Nur bei Wojoer, jetzt online bestellen!","breadcrumb":{"@id":"https:\/\/www.wojoer.de\/en\/produkt\/camouflage-spitzen-longsocks-383ls\/#breadcrumb"},"inLanguage":"en-GB","potentialAction":[{"@type":"ReadAction","target":["https:\/\/www.wojoer.de\/en\/produkt\/camouflage-spitzen-longsocks-383ls\/"]}]},{"@type":"ImageObject","inLanguage":"en-GB","@id":"https:\/\/www.wojoer.de\/en\/produkt\/camouflage-spitzen-longsocks-383ls\/#primaryimage","url":"https:\/\/www.wojoer.de\/wp-content\/uploads\/2019\/11\/383F33_LS_M2_CamouflageSpitze_String_Longsocks_Maske_partnerlook_side_wojoer.jpg","contentUrl":"https:\/\/www.wojoer.de\/wp-content\/uploads\/2019\/11\/383F33_LS_M2_CamouflageSpitze_String_Longsocks_Maske_partnerlook_side_wojoer.jpg","width":2002,"height":2002},{"@type":"BreadcrumbList","@id":"https:\/\/www.wojoer.de\/en\/produkt\/camouflage-spitzen-longsocks-383ls\/#breadcrumb","itemListElement":[{"@type":"ListItem","position":1,"name":"Startseite","item":"https:\/\/www.wojoer.de\/"},{"@type":"ListItem","position":2,"name":"SHOP","item":"https:\/\/www.wojoer.de\/shop\/"},{"@type":"ListItem","position":3,"name":"Camouflage Spitzen Longsocks 383LS"}]},{"@type":"WebSite","@id":"https:\/\/www.wojoer.de\/#website","url":"https:\/\/www.wojoer.de\/","name":"WOJOER","description":"clubwear for men","publisher":{"@id":"https:\/\/www.wojoer.de\/#organization"},"potentialAction":[{"@type":"SearchAction","target":{"@type":"EntryPoint","urlTemplate":"https:\/\/www.wojoer.de\/?s={search_term_string}"},"query-input":{"@type":"PropertyValueSpecification","valueRequired":true,"valueName":"search_term_string"}}],"inLanguage":"en-GB"},{"@type":"Organization","@id":"https:\/\/www.wojoer.de\/#organization","name":"Wonneberger-Manufaktur","url":"https:\/\/www.wojoer.de\/","logo":{"@type":"ImageObject","inLanguage":"en-GB","@id":"https:\/\/www.wojoer.de\/#\/schema\/logo\/image\/","url":"https:\/\/www.wojoer.de\/wp-content\/uploads\/2016\/11\/wonnebergermanufaktur_logo_BUTTON.png","contentUrl":"https:\/\/www.wojoer.de\/wp-content\/uploads\/2016\/11\/wonnebergermanufaktur_logo_BUTTON.png","width":765,"height":765,"caption":"Wonneberger-Manufaktur"},"image":{"@id":"https:\/\/www.wojoer.de\/#\/schema\/logo\/image\/"},"sameAs":["https:\/\/www.facebook.com\/wojoer\/","https:\/\/de.pinterest.com\/W0J0ER\/"]}]}},"_links":{"self":[{"href":"https:\/\/www.wojoer.de\/en\/wp-json\/wp\/v2\/product\/16149","targetHints":{"allow":["GET"]}}],"collection":[{"href":"https:\/\/www.wojoer.de\/en\/wp-json\/wp\/v2\/product"}],"about":[{"href":"https:\/\/www.wojoer.de\/en\/wp-json\/wp\/v2\/types\/product"}],"replies":[{"embeddable":true,"href":"https:\/\/www.wojoer.de\/en\/wp-json\/wp\/v2\/comments?post=16149"}],"wp:featuredmedia":[{"embeddable":true,"href":"https:\/\/www.wojoer.de\/en\/wp-json\/wp\/v2\/media\/20740"}],"wp:attachment":[{"href":"https:\/\/www.wojoer.de\/en\/wp-json\/wp\/v2\/media?parent=16149"}],"wp:term":[{"taxonomy":"product_brand","embeddable":true,"href":"https:\/\/www.wojoer.de\/en\/wp-json\/wp\/v2\/product_brand?post=16149"},{"taxonomy":"product_cat","embeddable":true,"href":"https:\/\/www.wojoer.de\/en\/wp-json\/wp\/v2\/product_cat?post=16149"},{"taxonomy":"product_tag","embeddable":true,"href":"https:\/\/www.wojoer.de\/en\/wp-json\/wp\/v2\/product_tag?post=16149"}],"curies":[{"name":"wp","href":"https:\/\/api.w.org\/{rel}","templated":true}]}}