{"id":16157,"date":"2019-11-15T12:30:43","date_gmt":"2019-11-15T11:30:43","guid":{"rendered":"https:\/\/www.wojoer.de\/en\/produkt\/camouflage-spitzen-maske-383m2\/"},"modified":"2025-10-20T08:29:32","modified_gmt":"2025-10-20T06:29:32","slug":"camouflage-spitzen-maske-383m2","status":"publish","type":"product","link":"https:\/\/www.wojoer.de\/en\/produkt\/camouflage-spitzen-maske-383m2\/","title":{"rendered":"Camouflage Spitzen Maske 383M2"},"content":{"rendered":"<p>Elegant und Edel zeigt sich diese Camouflage Spitzen Maske\u00a0383M2 und geh\u00f6rt in die Kategorie &#8220;LIVE&#8221;-Produkte. Produktion nur auf Bestellung.<\/p>\n<h3>UNISEX<\/h3>\n<h3>Gr\u00f6\u00dfen<\/h3>\n<p>SM | LXL<\/p>\n<h3>Materialzusammensetzung<\/h3>\n<p>95% Polyamid | 5% Elasthan | 94% Polyester | 6% Elasthan<\/p>\n<h3>Besonderheiten<\/h3>\n<p><a href=\"http:\/\/www.wojoer.de\/?s=live&#038;post_type=product\">LIVE Produkt<\/a> | Spitzenstoff mit Camouflagemuster | edel schwarz | angenehm elastisch | Leatherlikekamm | filigran | Druckknopf im Nacken | Leinen\u00f6se im Nacken | hochwertige Verarbeitung &#8220;Made in Germany&#8221;<\/p>\n<h3>Benutzerhinweise<\/h3>\n<p>Handw\u00e4sche<\/p>\n<h3>CAMOUFLAGE SPITZEN MASKE &#8211; filigrane Maske<\/h3>\n<p>In dieser eleganten und mystischen Maske bist du der IT-Boy\/ das IT-Girl des Abends, im Club oder ganz verf\u00fchrerisch zuhause! Ein Hauch von Luxus h\u00fcllt dich ein und macht dich unnahbar und anziehend gleicherma\u00dfen. Die zarte und dehnbare Spitze mit milit\u00e4rischen Muster und dem Leatherlikekamm l\u00e4sst dich facettenreich erstrahlen und es fragen sich Alle, was sie wohl erwartet! Den\/die sinnliche\/n Romantiker\/in, eine Luxusqueen oder doch eher den\/die dominate\/n Verf\u00fchrer\/in? Vielleicht auch nichts von all dem &#8211; sie werden dir wohl einen Drink spendieren um es endlich herauszufinden! Zeig ihnen dein wahres Gesicht&#8230;<\/p>\n<p>Passend dazu gibt&#8217;s noch diese hei\u00dfes <a href=\"https:\/\/www.wojoer.de\/produkt\/piercing-body-set-369bb\/\">Bodyset<\/a>, bestehend aus Leine, Halsband und Fesseln.<\/p>\n","protected":false},"excerpt":{"rendered":"<p>Elegant und Edel zeigt sich diese Camouflage Spitzen Maske\u00a0383M2 und geh\u00f6rt in die Kategorie &#8220;LIVE&#8221;-Produkte. Produktion nur auf Bestellung.<br \/>\nUNISEX<br \/>\nGr\u00f6\u00dfen<br \/>\nSM | LXL<br \/>\nMaterialzusammensetzung<br \/>\n95% Polyamid | 5% Elasthan | 94% Polyester | 6% Elasthan<br \/>\nBesonderheiten<br \/>\nLIVE Produkt | Spitzenstoff mit Camouflagemuster | edel schwarz |\u2026<\/p>\n","protected":false},"featured_media":16177,"comment_status":"open","ping_status":"closed","template":"","meta":[],"product_brand":[],"product_cat":[838,116,473,471,195,121,326],"product_tag":[296,251,194,426,449],"class_list":{"0":"post-16157","1":"product","2":"type-product","3":"status-publish","4":"has-post-thumbnail","6":"product_cat-camouflagespitze","7":"product_cat-clubwear","8":"product_cat-men","9":"product_cat-partnerlook","10":"product_cat-produktion-auf-bestellung-liveproduktion","11":"product_cat-underwear","12":"product_cat-wojoer","13":"product_tag-camouflage","14":"product_tag-druckknopf","15":"product_tag-leatherlike","16":"product_tag-maske","17":"product_tag-spitze","18":"product_shipping_class-beun","19":"pa_groesse-lxl","20":"pa_groesse-sm","21":"pif-has-gallery","22":"post-1","23":"odd","25":"first","26":"onbackorder","27":"taxable","28":"shipping-taxable","29":"purchasable","30":"product-type-variable"},"yoast_head":"<!-- This site is optimized with the Yoast SEO plugin v27.2 - https:\/\/yoast.com\/product\/yoast-seo-wordpress\/ -->\n<title>Camouflage Spitzen Maske | Milit\u00e4rmuster | Spitze | WOJOER<\/title>\n<meta name=\"description\" content=\"Camouflage Spitzen Maske - die Underwear f\u00fcr deinen luxuri\u00f6s milit\u00e4rischen Auftritt. Edle Spitze h\u00fcllt dich elegant ein! Nur bei Wojoer, jetzt online bestellen!\" \/>\n<meta name=\"robots\" content=\"index, follow, max-snippet:-1, max-image-preview:large, max-video-preview:-1\" \/>\n<link rel=\"canonical\" href=\"https:\/\/www.wojoer.de\/en\/produkt\/camouflage-spitzen-maske-383m2\/\" \/>\n<meta name=\"twitter:card\" content=\"summary_large_image\" \/>\n<meta name=\"twitter:title\" content=\"Camouflage Spitzen Maske | Milit\u00e4rmuster | Spitze | WOJOER\" \/>\n<meta name=\"twitter:description\" content=\"Camouflage Spitzen Maske - die Underwear f\u00fcr deinen luxuri\u00f6s milit\u00e4rischen Auftritt. Edle Spitze h\u00fcllt dich elegant ein! Nur bei Wojoer, jetzt online bestellen!\" \/>\n<meta name=\"twitter:image\" content=\"https:\/\/www.wojoer.de\/wp-content\/uploads\/2019\/06\/383M2_CanouflageSpitze_Maske_side_unisex_wojoer.jpg\" \/>\n<meta name=\"twitter:label1\" content=\"Estimated reading time\" \/>\n\t<meta name=\"twitter:data1\" content=\"2 minutes\" \/>\n<script type=\"application\/ld+json\" class=\"yoast-schema-graph\">{\"@context\":\"https:\/\/schema.org\",\"@graph\":[{\"@type\":\"WebPage\",\"@id\":\"https:\/\/www.wojoer.de\/produkt\/camouflage-spitzen-maske-383m2\/\",\"url\":\"https:\/\/www.wojoer.de\/produkt\/camouflage-spitzen-maske-383m2\/\",\"name\":\"Camouflage Spitzen Maske | Milit\u00e4rmuster | Spitze | WOJOER\",\"isPartOf\":{\"@id\":\"https:\/\/www.wojoer.de\/#website\"},\"primaryImageOfPage\":{\"@id\":\"https:\/\/www.wojoer.de\/produkt\/camouflage-spitzen-maske-383m2\/#primaryimage\"},\"image\":{\"@id\":\"https:\/\/www.wojoer.de\/produkt\/camouflage-spitzen-maske-383m2\/#primaryimage\"},\"thumbnailUrl\":\"https:\/\/www.wojoer.de\/wp-content\/uploads\/2019\/06\/383M2_CanouflageSpitze_Maske_side_unisex_wojoer.jpg\",\"datePublished\":\"2019-11-15T11:30:43+00:00\",\"dateModified\":\"2025-10-20T06:29:32+00:00\",\"description\":\"Camouflage Spitzen Maske - die Underwear f\u00fcr deinen luxuri\u00f6s milit\u00e4rischen Auftritt. Edle Spitze h\u00fcllt dich elegant ein! Nur bei Wojoer, jetzt online bestellen!\",\"breadcrumb\":{\"@id\":\"https:\/\/www.wojoer.de\/produkt\/camouflage-spitzen-maske-383m2\/#breadcrumb\"},\"inLanguage\":\"en-GB\",\"potentialAction\":[{\"@type\":\"ReadAction\",\"target\":[\"https:\/\/www.wojoer.de\/produkt\/camouflage-spitzen-maske-383m2\/\"]}]},{\"@type\":\"ImageObject\",\"inLanguage\":\"en-GB\",\"@id\":\"https:\/\/www.wojoer.de\/produkt\/camouflage-spitzen-maske-383m2\/#primaryimage\",\"url\":\"https:\/\/www.wojoer.de\/wp-content\/uploads\/2019\/06\/383M2_CanouflageSpitze_Maske_side_unisex_wojoer.jpg\",\"contentUrl\":\"https:\/\/www.wojoer.de\/wp-content\/uploads\/2019\/06\/383M2_CanouflageSpitze_Maske_side_unisex_wojoer.jpg\",\"width\":1623,\"height\":1623},{\"@type\":\"BreadcrumbList\",\"@id\":\"https:\/\/www.wojoer.de\/produkt\/camouflage-spitzen-maske-383m2\/#breadcrumb\",\"itemListElement\":[{\"@type\":\"ListItem\",\"position\":1,\"name\":\"Startseite\",\"item\":\"https:\/\/www.wojoer.de\/\"},{\"@type\":\"ListItem\",\"position\":2,\"name\":\"SHOP\",\"item\":\"https:\/\/www.wojoer.de\/shop\/\"},{\"@type\":\"ListItem\",\"position\":3,\"name\":\"Camouflage Spitzen Maske 383M2\"}]},{\"@type\":\"WebSite\",\"@id\":\"https:\/\/www.wojoer.de\/#website\",\"url\":\"https:\/\/www.wojoer.de\/\",\"name\":\"WOJOER\",\"description\":\"clubwear for men\",\"publisher\":{\"@id\":\"https:\/\/www.wojoer.de\/#organization\"},\"potentialAction\":[{\"@type\":\"SearchAction\",\"target\":{\"@type\":\"EntryPoint\",\"urlTemplate\":\"https:\/\/www.wojoer.de\/?s={search_term_string}\"},\"query-input\":{\"@type\":\"PropertyValueSpecification\",\"valueRequired\":true,\"valueName\":\"search_term_string\"}}],\"inLanguage\":\"en-GB\"},{\"@type\":\"Organization\",\"@id\":\"https:\/\/www.wojoer.de\/#organization\",\"name\":\"Wonneberger-Manufaktur\",\"url\":\"https:\/\/www.wojoer.de\/\",\"logo\":{\"@type\":\"ImageObject\",\"inLanguage\":\"en-GB\",\"@id\":\"https:\/\/www.wojoer.de\/#\/schema\/logo\/image\/\",\"url\":\"https:\/\/www.wojoer.de\/wp-content\/uploads\/2016\/11\/wonnebergermanufaktur_logo_BUTTON.png\",\"contentUrl\":\"https:\/\/www.wojoer.de\/wp-content\/uploads\/2016\/11\/wonnebergermanufaktur_logo_BUTTON.png\",\"width\":765,\"height\":765,\"caption\":\"Wonneberger-Manufaktur\"},\"image\":{\"@id\":\"https:\/\/www.wojoer.de\/#\/schema\/logo\/image\/\"},\"sameAs\":[\"https:\/\/www.facebook.com\/wojoer\/\",\"https:\/\/de.pinterest.com\/W0J0ER\/\"]}]}<\/script>\n<!-- \/ Yoast SEO plugin. -->","yoast_head_json":{"title":"Camouflage Spitzen Maske | Milit\u00e4rmuster | Spitze | WOJOER","description":"Camouflage Spitzen Maske - die Underwear f\u00fcr deinen luxuri\u00f6s milit\u00e4rischen Auftritt. Edle Spitze h\u00fcllt dich elegant ein! Nur bei Wojoer, jetzt online bestellen!","robots":{"index":"index","follow":"follow","max-snippet":"max-snippet:-1","max-image-preview":"max-image-preview:large","max-video-preview":"max-video-preview:-1"},"canonical":"https:\/\/www.wojoer.de\/en\/produkt\/camouflage-spitzen-maske-383m2\/","twitter_card":"summary_large_image","twitter_title":"Camouflage Spitzen Maske | Milit\u00e4rmuster | Spitze | WOJOER","twitter_description":"Camouflage Spitzen Maske - die Underwear f\u00fcr deinen luxuri\u00f6s milit\u00e4rischen Auftritt. Edle Spitze h\u00fcllt dich elegant ein! Nur bei Wojoer, jetzt online bestellen!","twitter_image":"https:\/\/www.wojoer.de\/wp-content\/uploads\/2019\/06\/383M2_CanouflageSpitze_Maske_side_unisex_wojoer.jpg","twitter_misc":{"Estimated reading time":"2 minutes"},"schema":{"@context":"https:\/\/schema.org","@graph":[{"@type":"WebPage","@id":"https:\/\/www.wojoer.de\/produkt\/camouflage-spitzen-maske-383m2\/","url":"https:\/\/www.wojoer.de\/produkt\/camouflage-spitzen-maske-383m2\/","name":"Camouflage Spitzen Maske | Milit\u00e4rmuster | Spitze | WOJOER","isPartOf":{"@id":"https:\/\/www.wojoer.de\/#website"},"primaryImageOfPage":{"@id":"https:\/\/www.wojoer.de\/produkt\/camouflage-spitzen-maske-383m2\/#primaryimage"},"image":{"@id":"https:\/\/www.wojoer.de\/produkt\/camouflage-spitzen-maske-383m2\/#primaryimage"},"thumbnailUrl":"https:\/\/www.wojoer.de\/wp-content\/uploads\/2019\/06\/383M2_CanouflageSpitze_Maske_side_unisex_wojoer.jpg","datePublished":"2019-11-15T11:30:43+00:00","dateModified":"2025-10-20T06:29:32+00:00","description":"Camouflage Spitzen Maske - die Underwear f\u00fcr deinen luxuri\u00f6s milit\u00e4rischen Auftritt. Edle Spitze h\u00fcllt dich elegant ein! Nur bei Wojoer, jetzt online bestellen!","breadcrumb":{"@id":"https:\/\/www.wojoer.de\/produkt\/camouflage-spitzen-maske-383m2\/#breadcrumb"},"inLanguage":"en-GB","potentialAction":[{"@type":"ReadAction","target":["https:\/\/www.wojoer.de\/produkt\/camouflage-spitzen-maske-383m2\/"]}]},{"@type":"ImageObject","inLanguage":"en-GB","@id":"https:\/\/www.wojoer.de\/produkt\/camouflage-spitzen-maske-383m2\/#primaryimage","url":"https:\/\/www.wojoer.de\/wp-content\/uploads\/2019\/06\/383M2_CanouflageSpitze_Maske_side_unisex_wojoer.jpg","contentUrl":"https:\/\/www.wojoer.de\/wp-content\/uploads\/2019\/06\/383M2_CanouflageSpitze_Maske_side_unisex_wojoer.jpg","width":1623,"height":1623},{"@type":"BreadcrumbList","@id":"https:\/\/www.wojoer.de\/produkt\/camouflage-spitzen-maske-383m2\/#breadcrumb","itemListElement":[{"@type":"ListItem","position":1,"name":"Startseite","item":"https:\/\/www.wojoer.de\/"},{"@type":"ListItem","position":2,"name":"SHOP","item":"https:\/\/www.wojoer.de\/shop\/"},{"@type":"ListItem","position":3,"name":"Camouflage Spitzen Maske 383M2"}]},{"@type":"WebSite","@id":"https:\/\/www.wojoer.de\/#website","url":"https:\/\/www.wojoer.de\/","name":"WOJOER","description":"clubwear for men","publisher":{"@id":"https:\/\/www.wojoer.de\/#organization"},"potentialAction":[{"@type":"SearchAction","target":{"@type":"EntryPoint","urlTemplate":"https:\/\/www.wojoer.de\/?s={search_term_string}"},"query-input":{"@type":"PropertyValueSpecification","valueRequired":true,"valueName":"search_term_string"}}],"inLanguage":"en-GB"},{"@type":"Organization","@id":"https:\/\/www.wojoer.de\/#organization","name":"Wonneberger-Manufaktur","url":"https:\/\/www.wojoer.de\/","logo":{"@type":"ImageObject","inLanguage":"en-GB","@id":"https:\/\/www.wojoer.de\/#\/schema\/logo\/image\/","url":"https:\/\/www.wojoer.de\/wp-content\/uploads\/2016\/11\/wonnebergermanufaktur_logo_BUTTON.png","contentUrl":"https:\/\/www.wojoer.de\/wp-content\/uploads\/2016\/11\/wonnebergermanufaktur_logo_BUTTON.png","width":765,"height":765,"caption":"Wonneberger-Manufaktur"},"image":{"@id":"https:\/\/www.wojoer.de\/#\/schema\/logo\/image\/"},"sameAs":["https:\/\/www.facebook.com\/wojoer\/","https:\/\/de.pinterest.com\/W0J0ER\/"]}]}},"_links":{"self":[{"href":"https:\/\/www.wojoer.de\/en\/wp-json\/wp\/v2\/product\/16157","targetHints":{"allow":["GET"]}}],"collection":[{"href":"https:\/\/www.wojoer.de\/en\/wp-json\/wp\/v2\/product"}],"about":[{"href":"https:\/\/www.wojoer.de\/en\/wp-json\/wp\/v2\/types\/product"}],"replies":[{"embeddable":true,"href":"https:\/\/www.wojoer.de\/en\/wp-json\/wp\/v2\/comments?post=16157"}],"wp:featuredmedia":[{"embeddable":true,"href":"https:\/\/www.wojoer.de\/en\/wp-json\/wp\/v2\/media\/16177"}],"wp:attachment":[{"href":"https:\/\/www.wojoer.de\/en\/wp-json\/wp\/v2\/media?parent=16157"}],"wp:term":[{"taxonomy":"product_brand","embeddable":true,"href":"https:\/\/www.wojoer.de\/en\/wp-json\/wp\/v2\/product_brand?post=16157"},{"taxonomy":"product_cat","embeddable":true,"href":"https:\/\/www.wojoer.de\/en\/wp-json\/wp\/v2\/product_cat?post=16157"},{"taxonomy":"product_tag","embeddable":true,"href":"https:\/\/www.wojoer.de\/en\/wp-json\/wp\/v2\/product_tag?post=16157"}],"curies":[{"name":"wp","href":"https:\/\/api.w.org\/{rel}","templated":true}]}}