{"id":16183,"date":"2019-06-28T07:31:06","date_gmt":"2019-06-28T05:31:06","guid":{"rendered":"https:\/\/www.wojoer.de\/produkt\/wetjeans-minipush-tanga-381b44\/"},"modified":"2026-03-22T12:14:08","modified_gmt":"2026-03-22T11:14:08","slug":"wetjeans-minipush-tanga-381b44","status":"publish","type":"product","link":"https:\/\/www.wojoer.de\/en\/produkt\/wetjeans-minipush-tanga-381b44\/","title":{"rendered":"Wetjeans MiniPush Tanga 381B44"},"content":{"rendered":"<p>Produktion auf Bestellung, denn der schwarze Wetjeans MiniPush Tanga 381B44 geh\u00f6rt in die Kategorie: Wojoer \u201eLIVE-Produkte\u201c!<\/p>\n<h3>Gr\u00f6\u00dfen<\/h3>\n<p>Erh\u00e4ltlich in den Gr\u00f6\u00dfen S, M, L, XL<\/p>\n<h3>Materialzusammensetzung<\/h3>\n<p>92% Polyester | 8% Elasthan<\/p>\n<h3>Besonderheiten<\/h3>\n<p><a href=\"http:\/\/www.wojoer.de\/?s=live&#038;post_type=product\">LIVE Produkt<\/a> | matt gl\u00e4nzendes, sehr dehnbares Material | super fein und leicht | hautenge Passform | Wet-Optik | rote Kontrastn\u00e4hte | hochwertige Verarbeitung \u201eMade in Germany\u201c<\/p>\n<h3>Benutzerhinweise<\/h3>\n<p>Handw\u00e4sche<\/p>\n<h3>WETJEANS MINIPUSH TANGA &#8211; gl\u00e4nzender Wetlook Slip<\/h3>\n<p>Kaum zu glauben! Aber dieser Wetjeans MiniPush Tanga ist keine Hose wie jede andere. Weil dieses edle Exemplar einfach perfekt sitzt und wunderbar bequem ist. Der Griff ist ein wahrer Traum und dazu kommt sein unwiederstehlich bestechernd matter Glanz, der seine Materialoberfl\u00e4che erotisch glatt anf\u00fchlen l\u00e4sst. Der Stoff ist super d\u00fcnn und umh\u00fcllt dich wie ein Hauch von nichts &#8211; erotik pur! Die roten Kontrastn\u00e4hte runden deinen Look perfekt ab und lassen dich in einer cool-anregenden Jeansoptik strahlen. Das Beste zum Schluss, ist das maximal pushende Suspensorium, das deine goldene Mitte einfach noch prachtvoller aussehen l\u00e4sst. Also, ein Blickfang in jeder Situation!<\/p>\n<p>Hier geht\u2019s zur <a href=\"http:\/\/www.wojoer.de\/groessentabelle\/\">Gr\u00f6\u00dfentabelle<\/a>.<\/p>\n<p>&nbsp;<\/p>\n<hr \/>\n<h3>CUSTOMER PHOTOS Wetjeans mini Push Tanga<\/h3>\n<p><a href=\"https:\/\/www.wojoer.de\/wp-content\/uploads\/2018\/04\/image2-1-scaled.jpeg\"><img loading=\"lazy\" decoding=\"async\" class=\"alignnone size-medium wp-image-36328\" src=\"https:\/\/www.wojoer.de\/wp-content\/uploads\/2018\/04\/image2-1-300x225.jpeg\" alt=\"\" width=\"300\" height=\"225\" \/><\/a>\u00a0 <a href=\"https:\/\/www.wojoer.de\/wp-content\/uploads\/2018\/04\/image1-1-scaled.jpeg\"><img loading=\"lazy\" decoding=\"async\" class=\"alignnone size-medium wp-image-36327\" src=\"https:\/\/www.wojoer.de\/wp-content\/uploads\/2018\/04\/image1-1-300x225.jpeg\" alt=\"\" width=\"300\" height=\"225\" \/><\/a><\/p>\n","protected":false},"excerpt":{"rendered":"<p>Produktion auf Bestellung, denn der schwarze Wetjeans MiniPush Tanga 381B44 geh\u00f6rt in die Kategorie: Wojoer \u201eLIVE-Produkte\u201c!<br \/>\nGr\u00f6\u00dfen<br \/>\nErh\u00e4ltlich in den Gr\u00f6\u00dfen S, M, L, XL<br \/>\nMaterialzusammensetzung<br \/>\n92% Polyester | 8% Elasthan<br \/>\nBesonderheiten<br \/>\nLIVE Produkt | matt gl\u00e4nzendes, sehr dehnbares Material | super fein und leicht |\u2026<\/p>\n","protected":false},"featured_media":38685,"comment_status":"open","ping_status":"closed","template":"","meta":[],"product_brand":[],"product_cat":[836,116,473,195,326],"product_tag":[560,565,566,184,295,449,167,247],"class_list":{"0":"post-16183","1":"product","2":"type-product","3":"status-publish","4":"has-post-thumbnail","6":"product_cat-wetjeans","7":"product_cat-clubwear","8":"product_cat-men","9":"product_cat-produktion-auf-bestellung-liveproduktion","10":"product_cat-wojoer","11":"product_tag-glaenzend","12":"product_tag-jeansoptik","13":"product_tag-kontrastnaehte","14":"product_tag-push-up","15":"product_tag-slip","16":"product_tag-spitze","17":"product_tag-tanga","18":"product_tag-wetlook","19":"product_shipping_class-beun","20":"pa_groesse-l","21":"pa_groesse-m","22":"pa_groesse-s","23":"pa_groesse-xl","24":"pif-has-gallery","25":"post-1","26":"odd","28":"first","29":"onbackorder","30":"taxable","31":"shipping-taxable","32":"purchasable","33":"product-type-variable"},"yoast_head":"<!-- This site is optimized with the Yoast SEO plugin v27.2 - https:\/\/yoast.com\/product\/yoast-seo-wordpress\/ -->\n<title>Wetjeans MiniPush Tanga | Wetlook | matter glanz | rote N\u00e4hte | WOJOER<\/title>\n<meta name=\"description\" content=\"Schwarzer Wetjeans MiniPush tanga. Besonders fein &amp; matt gl\u00e4nzender Slip in Schwarz mit roten Kontrastn\u00e4hten. Bequeme Passform, aufreizend edles Material. Nur bei Wojoer, jetzt online bestellen!\" \/>\n<meta name=\"robots\" content=\"index, follow, max-snippet:-1, max-image-preview:large, max-video-preview:-1\" \/>\n<link rel=\"canonical\" href=\"https:\/\/www.wojoer.de\/en\/produkt\/wetjeans-minipush-tanga-381b44\/\" \/>\n<meta name=\"twitter:card\" content=\"summary_large_image\" \/>\n<meta name=\"twitter:title\" content=\"Wetjeans MiniPush Tanga | Wetlook | matter glanz | rote N\u00e4hte | WOJOER\" \/>\n<meta name=\"twitter:description\" content=\"Schwarzer Wetjeans MiniPush tanga. Besonders fein &amp; matt gl\u00e4nzender Slip in Schwarz mit roten Kontrastn\u00e4hten. Bequeme Passform, aufreizend edles Material. Nur bei Wojoer, jetzt online bestellen!\" \/>\n<meta name=\"twitter:label1\" content=\"Estimated reading time\" \/>\n\t<meta name=\"twitter:data1\" content=\"2 minutes\" \/>\n<script type=\"application\/ld+json\" class=\"yoast-schema-graph\">{\"@context\":\"https:\/\/schema.org\",\"@graph\":[{\"@type\":\"WebPage\",\"@id\":\"https:\/\/www.wojoer.de\/produkt\/wetjeans-minipush-tanga-381b44\/\",\"url\":\"https:\/\/www.wojoer.de\/produkt\/wetjeans-minipush-tanga-381b44\/\",\"name\":\"Wetjeans MiniPush Tanga | Wetlook | matter glanz | rote N\u00e4hte | WOJOER\",\"isPartOf\":{\"@id\":\"https:\/\/www.wojoer.de\/#website\"},\"primaryImageOfPage\":{\"@id\":\"https:\/\/www.wojoer.de\/produkt\/wetjeans-minipush-tanga-381b44\/#primaryimage\"},\"image\":{\"@id\":\"https:\/\/www.wojoer.de\/produkt\/wetjeans-minipush-tanga-381b44\/#primaryimage\"},\"thumbnailUrl\":\"https:\/\/www.wojoer.de\/wp-content\/uploads\/2022\/07\/381B15_7_Wetjeans_MiniPiushString_wojoer_B15_7.jpg\",\"datePublished\":\"2019-06-28T05:31:06+00:00\",\"dateModified\":\"2026-03-22T11:14:08+00:00\",\"description\":\"Schwarzer Wetjeans MiniPush tanga. Besonders fein & matt gl\u00e4nzender Slip in Schwarz mit roten Kontrastn\u00e4hten. Bequeme Passform, aufreizend edles Material. Nur bei Wojoer, jetzt online bestellen!\",\"breadcrumb\":{\"@id\":\"https:\/\/www.wojoer.de\/produkt\/wetjeans-minipush-tanga-381b44\/#breadcrumb\"},\"inLanguage\":\"en-GB\",\"potentialAction\":[{\"@type\":\"ReadAction\",\"target\":[\"https:\/\/www.wojoer.de\/produkt\/wetjeans-minipush-tanga-381b44\/\"]}]},{\"@type\":\"ImageObject\",\"inLanguage\":\"en-GB\",\"@id\":\"https:\/\/www.wojoer.de\/produkt\/wetjeans-minipush-tanga-381b44\/#primaryimage\",\"url\":\"https:\/\/www.wojoer.de\/wp-content\/uploads\/2022\/07\/381B15_7_Wetjeans_MiniPiushString_wojoer_B15_7.jpg\",\"contentUrl\":\"https:\/\/www.wojoer.de\/wp-content\/uploads\/2022\/07\/381B15_7_Wetjeans_MiniPiushString_wojoer_B15_7.jpg\",\"width\":2002,\"height\":2002},{\"@type\":\"BreadcrumbList\",\"@id\":\"https:\/\/www.wojoer.de\/produkt\/wetjeans-minipush-tanga-381b44\/#breadcrumb\",\"itemListElement\":[{\"@type\":\"ListItem\",\"position\":1,\"name\":\"Startseite\",\"item\":\"https:\/\/www.wojoer.de\/\"},{\"@type\":\"ListItem\",\"position\":2,\"name\":\"SHOP\",\"item\":\"https:\/\/www.wojoer.de\/shop\/\"},{\"@type\":\"ListItem\",\"position\":3,\"name\":\"Wetjeans MiniPush Tanga 381B44\"}]},{\"@type\":\"WebSite\",\"@id\":\"https:\/\/www.wojoer.de\/#website\",\"url\":\"https:\/\/www.wojoer.de\/\",\"name\":\"WOJOER\",\"description\":\"clubwear for men\",\"publisher\":{\"@id\":\"https:\/\/www.wojoer.de\/#organization\"},\"potentialAction\":[{\"@type\":\"SearchAction\",\"target\":{\"@type\":\"EntryPoint\",\"urlTemplate\":\"https:\/\/www.wojoer.de\/?s={search_term_string}\"},\"query-input\":{\"@type\":\"PropertyValueSpecification\",\"valueRequired\":true,\"valueName\":\"search_term_string\"}}],\"inLanguage\":\"en-GB\"},{\"@type\":\"Organization\",\"@id\":\"https:\/\/www.wojoer.de\/#organization\",\"name\":\"Wonneberger-Manufaktur\",\"url\":\"https:\/\/www.wojoer.de\/\",\"logo\":{\"@type\":\"ImageObject\",\"inLanguage\":\"en-GB\",\"@id\":\"https:\/\/www.wojoer.de\/#\/schema\/logo\/image\/\",\"url\":\"https:\/\/www.wojoer.de\/wp-content\/uploads\/2016\/11\/wonnebergermanufaktur_logo_BUTTON.png\",\"contentUrl\":\"https:\/\/www.wojoer.de\/wp-content\/uploads\/2016\/11\/wonnebergermanufaktur_logo_BUTTON.png\",\"width\":765,\"height\":765,\"caption\":\"Wonneberger-Manufaktur\"},\"image\":{\"@id\":\"https:\/\/www.wojoer.de\/#\/schema\/logo\/image\/\"},\"sameAs\":[\"https:\/\/www.facebook.com\/wojoer\/\",\"https:\/\/de.pinterest.com\/W0J0ER\/\"]}]}<\/script>\n<!-- \/ Yoast SEO plugin. -->","yoast_head_json":{"title":"Wetjeans MiniPush Tanga | Wetlook | matter glanz | rote N\u00e4hte | WOJOER","description":"Schwarzer Wetjeans MiniPush tanga. Besonders fein & matt gl\u00e4nzender Slip in Schwarz mit roten Kontrastn\u00e4hten. Bequeme Passform, aufreizend edles Material. Nur bei Wojoer, jetzt online bestellen!","robots":{"index":"index","follow":"follow","max-snippet":"max-snippet:-1","max-image-preview":"max-image-preview:large","max-video-preview":"max-video-preview:-1"},"canonical":"https:\/\/www.wojoer.de\/en\/produkt\/wetjeans-minipush-tanga-381b44\/","twitter_card":"summary_large_image","twitter_title":"Wetjeans MiniPush Tanga | Wetlook | matter glanz | rote N\u00e4hte | WOJOER","twitter_description":"Schwarzer Wetjeans MiniPush tanga. Besonders fein & matt gl\u00e4nzender Slip in Schwarz mit roten Kontrastn\u00e4hten. Bequeme Passform, aufreizend edles Material. Nur bei Wojoer, jetzt online bestellen!","twitter_misc":{"Estimated reading time":"2 minutes"},"schema":{"@context":"https:\/\/schema.org","@graph":[{"@type":"WebPage","@id":"https:\/\/www.wojoer.de\/produkt\/wetjeans-minipush-tanga-381b44\/","url":"https:\/\/www.wojoer.de\/produkt\/wetjeans-minipush-tanga-381b44\/","name":"Wetjeans MiniPush Tanga | Wetlook | matter glanz | rote N\u00e4hte | WOJOER","isPartOf":{"@id":"https:\/\/www.wojoer.de\/#website"},"primaryImageOfPage":{"@id":"https:\/\/www.wojoer.de\/produkt\/wetjeans-minipush-tanga-381b44\/#primaryimage"},"image":{"@id":"https:\/\/www.wojoer.de\/produkt\/wetjeans-minipush-tanga-381b44\/#primaryimage"},"thumbnailUrl":"https:\/\/www.wojoer.de\/wp-content\/uploads\/2022\/07\/381B15_7_Wetjeans_MiniPiushString_wojoer_B15_7.jpg","datePublished":"2019-06-28T05:31:06+00:00","dateModified":"2026-03-22T11:14:08+00:00","description":"Schwarzer Wetjeans MiniPush tanga. Besonders fein & matt gl\u00e4nzender Slip in Schwarz mit roten Kontrastn\u00e4hten. Bequeme Passform, aufreizend edles Material. Nur bei Wojoer, jetzt online bestellen!","breadcrumb":{"@id":"https:\/\/www.wojoer.de\/produkt\/wetjeans-minipush-tanga-381b44\/#breadcrumb"},"inLanguage":"en-GB","potentialAction":[{"@type":"ReadAction","target":["https:\/\/www.wojoer.de\/produkt\/wetjeans-minipush-tanga-381b44\/"]}]},{"@type":"ImageObject","inLanguage":"en-GB","@id":"https:\/\/www.wojoer.de\/produkt\/wetjeans-minipush-tanga-381b44\/#primaryimage","url":"https:\/\/www.wojoer.de\/wp-content\/uploads\/2022\/07\/381B15_7_Wetjeans_MiniPiushString_wojoer_B15_7.jpg","contentUrl":"https:\/\/www.wojoer.de\/wp-content\/uploads\/2022\/07\/381B15_7_Wetjeans_MiniPiushString_wojoer_B15_7.jpg","width":2002,"height":2002},{"@type":"BreadcrumbList","@id":"https:\/\/www.wojoer.de\/produkt\/wetjeans-minipush-tanga-381b44\/#breadcrumb","itemListElement":[{"@type":"ListItem","position":1,"name":"Startseite","item":"https:\/\/www.wojoer.de\/"},{"@type":"ListItem","position":2,"name":"SHOP","item":"https:\/\/www.wojoer.de\/shop\/"},{"@type":"ListItem","position":3,"name":"Wetjeans MiniPush Tanga 381B44"}]},{"@type":"WebSite","@id":"https:\/\/www.wojoer.de\/#website","url":"https:\/\/www.wojoer.de\/","name":"WOJOER","description":"clubwear for men","publisher":{"@id":"https:\/\/www.wojoer.de\/#organization"},"potentialAction":[{"@type":"SearchAction","target":{"@type":"EntryPoint","urlTemplate":"https:\/\/www.wojoer.de\/?s={search_term_string}"},"query-input":{"@type":"PropertyValueSpecification","valueRequired":true,"valueName":"search_term_string"}}],"inLanguage":"en-GB"},{"@type":"Organization","@id":"https:\/\/www.wojoer.de\/#organization","name":"Wonneberger-Manufaktur","url":"https:\/\/www.wojoer.de\/","logo":{"@type":"ImageObject","inLanguage":"en-GB","@id":"https:\/\/www.wojoer.de\/#\/schema\/logo\/image\/","url":"https:\/\/www.wojoer.de\/wp-content\/uploads\/2016\/11\/wonnebergermanufaktur_logo_BUTTON.png","contentUrl":"https:\/\/www.wojoer.de\/wp-content\/uploads\/2016\/11\/wonnebergermanufaktur_logo_BUTTON.png","width":765,"height":765,"caption":"Wonneberger-Manufaktur"},"image":{"@id":"https:\/\/www.wojoer.de\/#\/schema\/logo\/image\/"},"sameAs":["https:\/\/www.facebook.com\/wojoer\/","https:\/\/de.pinterest.com\/W0J0ER\/"]}]}},"_links":{"self":[{"href":"https:\/\/www.wojoer.de\/en\/wp-json\/wp\/v2\/product\/16183","targetHints":{"allow":["GET"]}}],"collection":[{"href":"https:\/\/www.wojoer.de\/en\/wp-json\/wp\/v2\/product"}],"about":[{"href":"https:\/\/www.wojoer.de\/en\/wp-json\/wp\/v2\/types\/product"}],"replies":[{"embeddable":true,"href":"https:\/\/www.wojoer.de\/en\/wp-json\/wp\/v2\/comments?post=16183"}],"wp:featuredmedia":[{"embeddable":true,"href":"https:\/\/www.wojoer.de\/en\/wp-json\/wp\/v2\/media\/38685"}],"wp:attachment":[{"href":"https:\/\/www.wojoer.de\/en\/wp-json\/wp\/v2\/media?parent=16183"}],"wp:term":[{"taxonomy":"product_brand","embeddable":true,"href":"https:\/\/www.wojoer.de\/en\/wp-json\/wp\/v2\/product_brand?post=16183"},{"taxonomy":"product_cat","embeddable":true,"href":"https:\/\/www.wojoer.de\/en\/wp-json\/wp\/v2\/product_cat?post=16183"},{"taxonomy":"product_tag","embeddable":true,"href":"https:\/\/www.wojoer.de\/en\/wp-json\/wp\/v2\/product_tag?post=16183"}],"curies":[{"name":"wp","href":"https:\/\/api.w.org\/{rel}","templated":true}]}}