{"id":16193,"date":"2023-04-28T07:56:29","date_gmt":"2023-04-28T05:56:29","guid":{"rendered":"https:\/\/www.wojoer.de\/produkt\/wetjeans-muscle-shirt-381tx4\/"},"modified":"2023-11-07T01:38:44","modified_gmt":"2023-11-07T00:38:44","slug":"wetjeans-muscle-shirt-381tx4","status":"publish","type":"product","link":"https:\/\/www.wojoer.de\/en\/produkt\/wetjeans-muscle-shirt-381tx4\/","title":{"rendered":"Wetjeans Muscle Shirt 381TX4"},"content":{"rendered":"<p>Produktion auf Bestellung, denn das schwarze Wetjeans Muscle Shirt\u00a0381TX4 geh\u00f6rt in die Kategorie: Wojoer \u201eLIVE-Produkte\u201c!<\/p>\n<h3>Gr\u00f6\u00dfen<\/h3>\n<p>Erh\u00e4ltlich in den Gr\u00f6\u00dfen S, M, L, XL<\/p>\n<h3>Materialzusammensetzung<\/h3>\n<p>92% Polyester | 8% Elasthan<\/p>\n<h3>Besonderheiten<\/h3>\n<p><a href=\"http:\/\/www.wojoer.de\/?s=live&#038;post_type=product\">LIVE Produkt<\/a> | matt gl\u00e4nzendes, sehr dehnbares Material | super d\u00fcnn und leicht | Tanktop | Wet-Optik | rote Kontrastn\u00e4hte | hochwertige Verarbeitung \u201eMade in Germany\u201c<\/p>\n<h3>Benutzerhinweise<\/h3>\n<p>Handw\u00e4sche<\/p>\n<h3>WETJEANS MUSCLE SHIRT &#8211; gl\u00e4nzendes Wetlook Top<\/h3>\n<p>Kaum zu glauben! Aber diese Wetjeans Muscle Shirt ist nicht wie jedes andere. Dieses Shirt ist einfach Sahne, weil sie alles zeigt was du hast ohne die Spur von Untertreibung. Was das hei\u00dft? Mit seiner arrogant m\u00e4nnlichen und sportlichen Form macht es Weggucken unm\u00f6glich. Dieses edle Exemplar sitzt einfach perfekt und ist wunderbar bequem. Der Griff ist ein wahrer Traum und dazu kommt sein unwiederstehlich bestechernd matter Glanz, der seine Materialoberfl\u00e4che erotisch glatt anf\u00fchlen l\u00e4sst. Der Stoff ist super d\u00fcnn und umh\u00fcllt dich wie ein Hauch von nichts &#8211; erotik pur! Die roten Kontrastn\u00e4hte runden deinen Look perfekt ab und lassen dich in einer cool-anregenden Jeansoptik strahlen. So steht deinem m\u00e4nnlich coolen Auftritt im Club nichts mehr im Wege!<\/p>\n<p>Hier geht\u2019s zur <a href=\"http:\/\/www.wojoer.de\/groessentabelle\/\">Gr\u00f6\u00dfentabelle<\/a>.<\/p>\n","protected":false},"excerpt":{"rendered":"<p>Produktion auf Bestellung, denn das schwarze Wetjeans Muscle Shirt\u00a0381TX4 geh\u00f6rt in die Kategorie: Wojoer \u201eLIVE-Produkte\u201c!<br \/>\nGr\u00f6\u00dfen<br \/>\nErh\u00e4ltlich in den Gr\u00f6\u00dfen S, M, L, XL<br \/>\nMaterialzusammensetzung<br \/>\n92% Polyester | 8% Elasthan<br \/>\nBesonderheiten<br \/>\nLIVE Produkt | matt gl\u00e4nzendes, sehr dehnbares Material | super d\u00fcnn und leicht | Tanktop\u2026<\/p>\n","protected":false},"featured_media":15685,"comment_status":"open","ping_status":"closed","template":"","meta":[],"product_brand":[],"product_cat":[836,116,473,195,326],"product_tag":[560,565,566,856,449,247],"class_list":{"0":"post-16193","1":"product","2":"type-product","3":"status-publish","4":"has-post-thumbnail","6":"product_cat-wetjeans","7":"product_cat-clubwear","8":"product_cat-men","9":"product_cat-produktion-auf-bestellung-liveproduktion","10":"product_cat-wojoer","11":"product_tag-glaenzend","12":"product_tag-jeansoptik","13":"product_tag-kontrastnaehte","14":"product_tag-shirt","15":"product_tag-spitze","16":"product_tag-wetlook","17":"product_shipping_class-beun","18":"pa_groesse-l","19":"pa_groesse-m","20":"pa_groesse-s","21":"pa_groesse-xl","22":"pif-has-gallery","23":"post-1","24":"odd","26":"first","27":"onbackorder","28":"taxable","29":"shipping-taxable","30":"purchasable","31":"product-type-variable"},"yoast_head":"<!-- This site is optimized with the Yoast SEO plugin v27.2 - https:\/\/yoast.com\/product\/yoast-seo-wordpress\/ -->\n<title>Wetjeans Muscle Shirt | matter glanz | rote Kontrasn\u00e4hte | WOJOER<\/title>\n<meta name=\"description\" content=\"Schwarzes Wetjeans Muscle Shirt. Besonders fein &amp; matt gl\u00e4nzende Leggings in Schwarz mit roten Kontrastn\u00e4hten. Knallig eng. Bequeme Passform, aufreizend edles Material. Nur bei Wojoer, jetzt online bestellen!\" \/>\n<meta name=\"robots\" content=\"index, follow, max-snippet:-1, max-image-preview:large, max-video-preview:-1\" \/>\n<link rel=\"canonical\" href=\"https:\/\/www.wojoer.de\/en\/produkt\/wetjeans-muscle-shirt-381tx4\/\" \/>\n<meta name=\"twitter:card\" content=\"summary_large_image\" \/>\n<meta name=\"twitter:title\" content=\"Wetjeans Muscle Shirt | matter glanz | rote Kontrasn\u00e4hte | WOJOER\" \/>\n<meta name=\"twitter:description\" content=\"Schwarzes Wetjeans Muscle Shirt. Besonders fein &amp; matt gl\u00e4nzende Leggings in Schwarz mit roten Kontrastn\u00e4hten. Knallig eng. Bequeme Passform, aufreizend edles Material. Nur bei Wojoer, jetzt online bestellen!\" \/>\n<meta name=\"twitter:image\" content=\"https:\/\/www.wojoer.de\/wp-content\/uploads\/2019\/06\/381TX4_Wetjeans_MuscleShirt_back_wojoer.jpg\" \/>\n<meta name=\"twitter:label1\" content=\"Estimated reading time\" \/>\n\t<meta name=\"twitter:data1\" content=\"2 minutes\" \/>\n<script type=\"application\/ld+json\" class=\"yoast-schema-graph\">{\"@context\":\"https:\/\/schema.org\",\"@graph\":[{\"@type\":\"WebPage\",\"@id\":\"https:\/\/www.wojoer.de\/produkt\/wetjeans-muscle-shirt-381tx4\/\",\"url\":\"https:\/\/www.wojoer.de\/produkt\/wetjeans-muscle-shirt-381tx4\/\",\"name\":\"Wetjeans Muscle Shirt | matter glanz | rote Kontrasn\u00e4hte | WOJOER\",\"isPartOf\":{\"@id\":\"https:\/\/www.wojoer.de\/#website\"},\"primaryImageOfPage\":{\"@id\":\"https:\/\/www.wojoer.de\/produkt\/wetjeans-muscle-shirt-381tx4\/#primaryimage\"},\"image\":{\"@id\":\"https:\/\/www.wojoer.de\/produkt\/wetjeans-muscle-shirt-381tx4\/#primaryimage\"},\"thumbnailUrl\":\"https:\/\/www.wojoer.de\/wp-content\/uploads\/2019\/06\/381TX4_Wetjeans_MuscleShirt_back_wojoer.jpg\",\"datePublished\":\"2023-04-28T05:56:29+00:00\",\"dateModified\":\"2023-11-07T00:38:44+00:00\",\"description\":\"Schwarzes Wetjeans Muscle Shirt. Besonders fein & matt gl\u00e4nzende Leggings in Schwarz mit roten Kontrastn\u00e4hten. Knallig eng. Bequeme Passform, aufreizend edles Material. Nur bei Wojoer, jetzt online bestellen!\",\"breadcrumb\":{\"@id\":\"https:\/\/www.wojoer.de\/produkt\/wetjeans-muscle-shirt-381tx4\/#breadcrumb\"},\"inLanguage\":\"en-GB\",\"potentialAction\":[{\"@type\":\"ReadAction\",\"target\":[\"https:\/\/www.wojoer.de\/produkt\/wetjeans-muscle-shirt-381tx4\/\"]}]},{\"@type\":\"ImageObject\",\"inLanguage\":\"en-GB\",\"@id\":\"https:\/\/www.wojoer.de\/produkt\/wetjeans-muscle-shirt-381tx4\/#primaryimage\",\"url\":\"https:\/\/www.wojoer.de\/wp-content\/uploads\/2019\/06\/381TX4_Wetjeans_MuscleShirt_back_wojoer.jpg\",\"contentUrl\":\"https:\/\/www.wojoer.de\/wp-content\/uploads\/2019\/06\/381TX4_Wetjeans_MuscleShirt_back_wojoer.jpg\",\"width\":2002,\"height\":2002},{\"@type\":\"BreadcrumbList\",\"@id\":\"https:\/\/www.wojoer.de\/produkt\/wetjeans-muscle-shirt-381tx4\/#breadcrumb\",\"itemListElement\":[{\"@type\":\"ListItem\",\"position\":1,\"name\":\"Startseite\",\"item\":\"https:\/\/www.wojoer.de\/\"},{\"@type\":\"ListItem\",\"position\":2,\"name\":\"SHOP\",\"item\":\"https:\/\/www.wojoer.de\/shop\/\"},{\"@type\":\"ListItem\",\"position\":3,\"name\":\"Wetjeans Muscle Shirt 381TX4\"}]},{\"@type\":\"WebSite\",\"@id\":\"https:\/\/www.wojoer.de\/#website\",\"url\":\"https:\/\/www.wojoer.de\/\",\"name\":\"WOJOER\",\"description\":\"clubwear for men\",\"publisher\":{\"@id\":\"https:\/\/www.wojoer.de\/#organization\"},\"potentialAction\":[{\"@type\":\"SearchAction\",\"target\":{\"@type\":\"EntryPoint\",\"urlTemplate\":\"https:\/\/www.wojoer.de\/?s={search_term_string}\"},\"query-input\":{\"@type\":\"PropertyValueSpecification\",\"valueRequired\":true,\"valueName\":\"search_term_string\"}}],\"inLanguage\":\"en-GB\"},{\"@type\":\"Organization\",\"@id\":\"https:\/\/www.wojoer.de\/#organization\",\"name\":\"Wonneberger-Manufaktur\",\"url\":\"https:\/\/www.wojoer.de\/\",\"logo\":{\"@type\":\"ImageObject\",\"inLanguage\":\"en-GB\",\"@id\":\"https:\/\/www.wojoer.de\/#\/schema\/logo\/image\/\",\"url\":\"https:\/\/www.wojoer.de\/wp-content\/uploads\/2016\/11\/wonnebergermanufaktur_logo_BUTTON.png\",\"contentUrl\":\"https:\/\/www.wojoer.de\/wp-content\/uploads\/2016\/11\/wonnebergermanufaktur_logo_BUTTON.png\",\"width\":765,\"height\":765,\"caption\":\"Wonneberger-Manufaktur\"},\"image\":{\"@id\":\"https:\/\/www.wojoer.de\/#\/schema\/logo\/image\/\"},\"sameAs\":[\"https:\/\/www.facebook.com\/wojoer\/\",\"https:\/\/de.pinterest.com\/W0J0ER\/\"]}]}<\/script>\n<!-- \/ Yoast SEO plugin. -->","yoast_head_json":{"title":"Wetjeans Muscle Shirt | matter glanz | rote Kontrasn\u00e4hte | WOJOER","description":"Schwarzes Wetjeans Muscle Shirt. Besonders fein & matt gl\u00e4nzende Leggings in Schwarz mit roten Kontrastn\u00e4hten. Knallig eng. Bequeme Passform, aufreizend edles Material. Nur bei Wojoer, jetzt online bestellen!","robots":{"index":"index","follow":"follow","max-snippet":"max-snippet:-1","max-image-preview":"max-image-preview:large","max-video-preview":"max-video-preview:-1"},"canonical":"https:\/\/www.wojoer.de\/en\/produkt\/wetjeans-muscle-shirt-381tx4\/","twitter_card":"summary_large_image","twitter_title":"Wetjeans Muscle Shirt | matter glanz | rote Kontrasn\u00e4hte | WOJOER","twitter_description":"Schwarzes Wetjeans Muscle Shirt. Besonders fein & matt gl\u00e4nzende Leggings in Schwarz mit roten Kontrastn\u00e4hten. Knallig eng. Bequeme Passform, aufreizend edles Material. Nur bei Wojoer, jetzt online bestellen!","twitter_image":"https:\/\/www.wojoer.de\/wp-content\/uploads\/2019\/06\/381TX4_Wetjeans_MuscleShirt_back_wojoer.jpg","twitter_misc":{"Estimated reading time":"2 minutes"},"schema":{"@context":"https:\/\/schema.org","@graph":[{"@type":"WebPage","@id":"https:\/\/www.wojoer.de\/produkt\/wetjeans-muscle-shirt-381tx4\/","url":"https:\/\/www.wojoer.de\/produkt\/wetjeans-muscle-shirt-381tx4\/","name":"Wetjeans Muscle Shirt | matter glanz | rote Kontrasn\u00e4hte | WOJOER","isPartOf":{"@id":"https:\/\/www.wojoer.de\/#website"},"primaryImageOfPage":{"@id":"https:\/\/www.wojoer.de\/produkt\/wetjeans-muscle-shirt-381tx4\/#primaryimage"},"image":{"@id":"https:\/\/www.wojoer.de\/produkt\/wetjeans-muscle-shirt-381tx4\/#primaryimage"},"thumbnailUrl":"https:\/\/www.wojoer.de\/wp-content\/uploads\/2019\/06\/381TX4_Wetjeans_MuscleShirt_back_wojoer.jpg","datePublished":"2023-04-28T05:56:29+00:00","dateModified":"2023-11-07T00:38:44+00:00","description":"Schwarzes Wetjeans Muscle Shirt. Besonders fein & matt gl\u00e4nzende Leggings in Schwarz mit roten Kontrastn\u00e4hten. Knallig eng. Bequeme Passform, aufreizend edles Material. Nur bei Wojoer, jetzt online bestellen!","breadcrumb":{"@id":"https:\/\/www.wojoer.de\/produkt\/wetjeans-muscle-shirt-381tx4\/#breadcrumb"},"inLanguage":"en-GB","potentialAction":[{"@type":"ReadAction","target":["https:\/\/www.wojoer.de\/produkt\/wetjeans-muscle-shirt-381tx4\/"]}]},{"@type":"ImageObject","inLanguage":"en-GB","@id":"https:\/\/www.wojoer.de\/produkt\/wetjeans-muscle-shirt-381tx4\/#primaryimage","url":"https:\/\/www.wojoer.de\/wp-content\/uploads\/2019\/06\/381TX4_Wetjeans_MuscleShirt_back_wojoer.jpg","contentUrl":"https:\/\/www.wojoer.de\/wp-content\/uploads\/2019\/06\/381TX4_Wetjeans_MuscleShirt_back_wojoer.jpg","width":2002,"height":2002},{"@type":"BreadcrumbList","@id":"https:\/\/www.wojoer.de\/produkt\/wetjeans-muscle-shirt-381tx4\/#breadcrumb","itemListElement":[{"@type":"ListItem","position":1,"name":"Startseite","item":"https:\/\/www.wojoer.de\/"},{"@type":"ListItem","position":2,"name":"SHOP","item":"https:\/\/www.wojoer.de\/shop\/"},{"@type":"ListItem","position":3,"name":"Wetjeans Muscle Shirt 381TX4"}]},{"@type":"WebSite","@id":"https:\/\/www.wojoer.de\/#website","url":"https:\/\/www.wojoer.de\/","name":"WOJOER","description":"clubwear for men","publisher":{"@id":"https:\/\/www.wojoer.de\/#organization"},"potentialAction":[{"@type":"SearchAction","target":{"@type":"EntryPoint","urlTemplate":"https:\/\/www.wojoer.de\/?s={search_term_string}"},"query-input":{"@type":"PropertyValueSpecification","valueRequired":true,"valueName":"search_term_string"}}],"inLanguage":"en-GB"},{"@type":"Organization","@id":"https:\/\/www.wojoer.de\/#organization","name":"Wonneberger-Manufaktur","url":"https:\/\/www.wojoer.de\/","logo":{"@type":"ImageObject","inLanguage":"en-GB","@id":"https:\/\/www.wojoer.de\/#\/schema\/logo\/image\/","url":"https:\/\/www.wojoer.de\/wp-content\/uploads\/2016\/11\/wonnebergermanufaktur_logo_BUTTON.png","contentUrl":"https:\/\/www.wojoer.de\/wp-content\/uploads\/2016\/11\/wonnebergermanufaktur_logo_BUTTON.png","width":765,"height":765,"caption":"Wonneberger-Manufaktur"},"image":{"@id":"https:\/\/www.wojoer.de\/#\/schema\/logo\/image\/"},"sameAs":["https:\/\/www.facebook.com\/wojoer\/","https:\/\/de.pinterest.com\/W0J0ER\/"]}]}},"_links":{"self":[{"href":"https:\/\/www.wojoer.de\/en\/wp-json\/wp\/v2\/product\/16193","targetHints":{"allow":["GET"]}}],"collection":[{"href":"https:\/\/www.wojoer.de\/en\/wp-json\/wp\/v2\/product"}],"about":[{"href":"https:\/\/www.wojoer.de\/en\/wp-json\/wp\/v2\/types\/product"}],"replies":[{"embeddable":true,"href":"https:\/\/www.wojoer.de\/en\/wp-json\/wp\/v2\/comments?post=16193"}],"wp:featuredmedia":[{"embeddable":true,"href":"https:\/\/www.wojoer.de\/en\/wp-json\/wp\/v2\/media\/15685"}],"wp:attachment":[{"href":"https:\/\/www.wojoer.de\/en\/wp-json\/wp\/v2\/media?parent=16193"}],"wp:term":[{"taxonomy":"product_brand","embeddable":true,"href":"https:\/\/www.wojoer.de\/en\/wp-json\/wp\/v2\/product_brand?post=16193"},{"taxonomy":"product_cat","embeddable":true,"href":"https:\/\/www.wojoer.de\/en\/wp-json\/wp\/v2\/product_cat?post=16193"},{"taxonomy":"product_tag","embeddable":true,"href":"https:\/\/www.wojoer.de\/en\/wp-json\/wp\/v2\/product_tag?post=16193"}],"curies":[{"name":"wp","href":"https:\/\/api.w.org\/{rel}","templated":true}]}}