{"id":16331,"date":"2019-07-24T07:31:29","date_gmt":"2019-07-24T05:31:29","guid":{"rendered":"https:\/\/www.wojoer.de\/produkt\/beach-wet-minisock-string-324b3\/"},"modified":"2026-04-10T19:23:40","modified_gmt":"2026-04-10T17:23:40","slug":"beach-wet-minisock-string-324b3","status":"publish","type":"product","link":"https:\/\/www.wojoer.de\/en\/produkt\/beach-wet-minisock-string-324b3\/","title":{"rendered":"BeachWet Minisock String 324B3"},"content":{"rendered":"<p>Produktion auf Bestellung, denn der schwarze BeachWet Minisock String 324B3 geh\u00f6rt in die Kategorie: Wojoer &#8220;LIVE-Produkte&#8221;!<\/p>\n<h3>Gr\u00f6\u00dfen<\/h3>\n<p>Erh\u00e4ltlich in den Gr\u00f6\u00dfen S, M, L, XL<\/p>\n<h3>Materialzusammensetzung<\/h3>\n<p>Feines Glanz-Matt-Jersey: 79% Polyamid\u00a0 21% Elasthan<\/p>\n<h3>Besonderheiten<\/h3>\n<p><a href=\"http:\/\/www.wojoer.de\/?s=live&#038;post_type=product\">LIVE Produkt<\/a> | matt gl\u00e4nzendes, sehr dehnbares Material | Mini String |Badetauglich | hautenge Passform | leichte Hebefunktion | hochwertige Verarbeitung &#8220;Made in Germany&#8221;<\/p>\n<h3>Benutzerhinweise<\/h3>\n<p>30\u00b0 Schonw\u00e4sche | Chlor- und Salzwasserresistent<\/p>\n<h3>BEACH WET MINISOCK STRING &#8211; Minisock gl\u00e4nzend schwarz<\/h3>\n<p>Geschmeidig! Darum ist der BeachWet Minisock String keine Badehose wie jede andere. Und das nicht nur, weil er sexy knapp nur dein Suspensorium bedeckt oder einfach perfekt sitzt und angenehm bequem ist. Nein, vor allem der silky Touch ist das besondere Plus. Weil der bestechend matte Glanz ein unwiderstehlicher Traum ist, durch den sich die Material-Oberfl\u00e4che erotisch glatt und fein anf\u00fchlt. Zudem ist dieser String badetauglich f\u00fcr Chlor- und Salzwasser.<\/p>\n","protected":false},"excerpt":{"rendered":"<p>Produktion auf Bestellung, denn der schwarze BeachWet Minisock String 324B3 geh\u00f6rt in die Kategorie: Wojoer &#8220;LIVE-Produkte&#8221;!<br \/>\nGr\u00f6\u00dfen<br \/>\nErh\u00e4ltlich in den Gr\u00f6\u00dfen S, M, L, XL<br \/>\nMaterialzusammensetzung<br \/>\nFeines Glanz-Matt-Jersey: 79% Polyamid\u00a0 21% Elasthan<br \/>\nBesonderheiten<br \/>\nLIVE Produkt | matt gl\u00e4nzendes, sehr dehnbares Material | Mini String |Badetauglich |\u2026<\/p>\n","protected":false},"featured_media":34473,"comment_status":"open","ping_status":"closed","template":"","meta":[],"product_brand":[],"product_cat":[800,115,116,473,195,326],"product_tag":[276,108,574,573,119],"class_list":{"0":"post-16331","1":"product","2":"type-product","3":"status-publish","4":"has-post-thumbnail","6":"product_cat-324-beachwet","7":"product_cat-beachwear","8":"product_cat-clubwear","9":"product_cat-men","10":"product_cat-produktion-auf-bestellung-liveproduktion","11":"product_cat-wojoer","12":"product_tag-badeglanz","13":"product_tag-1beachwear","14":"product_tag-beachwet","15":"product_tag-minisock","16":"product_tag-string","17":"product_shipping_class-beun","18":"pa_groesse-l","19":"pa_groesse-m","20":"pa_groesse-s","21":"pa_groesse-xl","22":"pif-has-gallery","23":"post-1","24":"odd","26":"first","27":"instock","28":"taxable","29":"shipping-taxable","30":"purchasable","31":"product-type-variable"},"yoast_head":"<!-- This site is optimized with the Yoast SEO plugin v27.2 - https:\/\/yoast.com\/product\/yoast-seo-wordpress\/ -->\n<title>BeachWet Minisock String Mini String| schwarz | matt gl\u00e4nzend | WOJOER<\/title>\n<meta name=\"description\" content=\"Schwarzer BeachWet Minisock String. Eleganter matt gl\u00e4nzender Sock von WOJOER. Bequeme Passform, aufreizend edles, badetaugliches Material.\" \/>\n<meta name=\"robots\" content=\"index, follow, max-snippet:-1, max-image-preview:large, max-video-preview:-1\" \/>\n<link rel=\"canonical\" href=\"https:\/\/www.wojoer.de\/en\/produkt\/beach-wet-minisock-string-324b3\/\" \/>\n<meta name=\"twitter:card\" content=\"summary_large_image\" \/>\n<meta name=\"twitter:title\" content=\"BeachWet Minisock String Mini String| schwarz | matt gl\u00e4nzend | WOJOER\" \/>\n<meta name=\"twitter:description\" content=\"Schwarzer BeachWet Minisock String. Eleganter matt gl\u00e4nzender Sock von WOJOER. Bequeme Passform, aufreizend edles, badetaugliches Material.\" \/>\n<meta name=\"twitter:image\" content=\"https:\/\/www.wojoer.de\/wp-content\/uploads\/2019\/07\/324B3_Beachwet_Minisock_string_wojoer-1.jpg\" \/>\n<meta name=\"twitter:label1\" content=\"Estimated reading time\" \/>\n\t<meta name=\"twitter:data1\" content=\"1 minute\" \/>\n<script type=\"application\/ld+json\" class=\"yoast-schema-graph\">{\"@context\":\"https:\/\/schema.org\",\"@graph\":[{\"@type\":\"WebPage\",\"@id\":\"https:\/\/www.wojoer.de\/produkt\/beach-wet-minisock-string-324b3\/\",\"url\":\"https:\/\/www.wojoer.de\/produkt\/beach-wet-minisock-string-324b3\/\",\"name\":\"BeachWet Minisock String Mini String| schwarz | matt gl\u00e4nzend | WOJOER\",\"isPartOf\":{\"@id\":\"https:\/\/www.wojoer.de\/#website\"},\"primaryImageOfPage\":{\"@id\":\"https:\/\/www.wojoer.de\/produkt\/beach-wet-minisock-string-324b3\/#primaryimage\"},\"image\":{\"@id\":\"https:\/\/www.wojoer.de\/produkt\/beach-wet-minisock-string-324b3\/#primaryimage\"},\"thumbnailUrl\":\"https:\/\/www.wojoer.de\/wp-content\/uploads\/2019\/07\/324B3_Beachwet_Minisock_string_wojoer-1.jpg\",\"datePublished\":\"2019-07-24T05:31:29+00:00\",\"dateModified\":\"2026-04-10T17:23:40+00:00\",\"description\":\"Schwarzer BeachWet Minisock String. Eleganter matt gl\u00e4nzender Sock von WOJOER. Bequeme Passform, aufreizend edles, badetaugliches Material.\",\"breadcrumb\":{\"@id\":\"https:\/\/www.wojoer.de\/produkt\/beach-wet-minisock-string-324b3\/#breadcrumb\"},\"inLanguage\":\"en-GB\",\"potentialAction\":[{\"@type\":\"ReadAction\",\"target\":[\"https:\/\/www.wojoer.de\/produkt\/beach-wet-minisock-string-324b3\/\"]}]},{\"@type\":\"ImageObject\",\"inLanguage\":\"en-GB\",\"@id\":\"https:\/\/www.wojoer.de\/produkt\/beach-wet-minisock-string-324b3\/#primaryimage\",\"url\":\"https:\/\/www.wojoer.de\/wp-content\/uploads\/2019\/07\/324B3_Beachwet_Minisock_string_wojoer-1.jpg\",\"contentUrl\":\"https:\/\/www.wojoer.de\/wp-content\/uploads\/2019\/07\/324B3_Beachwet_Minisock_string_wojoer-1.jpg\",\"width\":2002,\"height\":2002},{\"@type\":\"BreadcrumbList\",\"@id\":\"https:\/\/www.wojoer.de\/produkt\/beach-wet-minisock-string-324b3\/#breadcrumb\",\"itemListElement\":[{\"@type\":\"ListItem\",\"position\":1,\"name\":\"Startseite\",\"item\":\"https:\/\/www.wojoer.de\/\"},{\"@type\":\"ListItem\",\"position\":2,\"name\":\"SHOP\",\"item\":\"https:\/\/www.wojoer.de\/shop\/\"},{\"@type\":\"ListItem\",\"position\":3,\"name\":\"BeachWet Minisock String 324B3\"}]},{\"@type\":\"WebSite\",\"@id\":\"https:\/\/www.wojoer.de\/#website\",\"url\":\"https:\/\/www.wojoer.de\/\",\"name\":\"WOJOER\",\"description\":\"clubwear for men\",\"publisher\":{\"@id\":\"https:\/\/www.wojoer.de\/#organization\"},\"potentialAction\":[{\"@type\":\"SearchAction\",\"target\":{\"@type\":\"EntryPoint\",\"urlTemplate\":\"https:\/\/www.wojoer.de\/?s={search_term_string}\"},\"query-input\":{\"@type\":\"PropertyValueSpecification\",\"valueRequired\":true,\"valueName\":\"search_term_string\"}}],\"inLanguage\":\"en-GB\"},{\"@type\":\"Organization\",\"@id\":\"https:\/\/www.wojoer.de\/#organization\",\"name\":\"Wonneberger-Manufaktur\",\"url\":\"https:\/\/www.wojoer.de\/\",\"logo\":{\"@type\":\"ImageObject\",\"inLanguage\":\"en-GB\",\"@id\":\"https:\/\/www.wojoer.de\/#\/schema\/logo\/image\/\",\"url\":\"https:\/\/www.wojoer.de\/wp-content\/uploads\/2016\/11\/wonnebergermanufaktur_logo_BUTTON.png\",\"contentUrl\":\"https:\/\/www.wojoer.de\/wp-content\/uploads\/2016\/11\/wonnebergermanufaktur_logo_BUTTON.png\",\"width\":765,\"height\":765,\"caption\":\"Wonneberger-Manufaktur\"},\"image\":{\"@id\":\"https:\/\/www.wojoer.de\/#\/schema\/logo\/image\/\"},\"sameAs\":[\"https:\/\/www.facebook.com\/wojoer\/\",\"https:\/\/de.pinterest.com\/W0J0ER\/\"]}]}<\/script>\n<!-- \/ Yoast SEO plugin. -->","yoast_head_json":{"title":"BeachWet Minisock String Mini String| schwarz | matt gl\u00e4nzend | WOJOER","description":"Schwarzer BeachWet Minisock String. Eleganter matt gl\u00e4nzender Sock von WOJOER. Bequeme Passform, aufreizend edles, badetaugliches Material.","robots":{"index":"index","follow":"follow","max-snippet":"max-snippet:-1","max-image-preview":"max-image-preview:large","max-video-preview":"max-video-preview:-1"},"canonical":"https:\/\/www.wojoer.de\/en\/produkt\/beach-wet-minisock-string-324b3\/","twitter_card":"summary_large_image","twitter_title":"[:de]BeachWet Minisock String Mini String| schwarz | matt gl\u00e4nzend | WOJOER[:]","twitter_description":"[:de]Schwarzer BeachWet Minisock String. Eleganter matt gl\u00e4nzender Sock von WOJOER. Bequeme Passform, aufreizend edles, badetaugliches Material.[:]","twitter_image":"https:\/\/www.wojoer.de\/wp-content\/uploads\/2019\/07\/324B3_Beachwet_Minisock_string_wojoer-1.jpg","twitter_misc":{"Estimated reading time":"1 minute"},"schema":{"@context":"https:\/\/schema.org","@graph":[{"@type":"WebPage","@id":"https:\/\/www.wojoer.de\/produkt\/beach-wet-minisock-string-324b3\/","url":"https:\/\/www.wojoer.de\/produkt\/beach-wet-minisock-string-324b3\/","name":"BeachWet Minisock String Mini String| schwarz | matt gl\u00e4nzend | WOJOER","isPartOf":{"@id":"https:\/\/www.wojoer.de\/#website"},"primaryImageOfPage":{"@id":"https:\/\/www.wojoer.de\/produkt\/beach-wet-minisock-string-324b3\/#primaryimage"},"image":{"@id":"https:\/\/www.wojoer.de\/produkt\/beach-wet-minisock-string-324b3\/#primaryimage"},"thumbnailUrl":"https:\/\/www.wojoer.de\/wp-content\/uploads\/2019\/07\/324B3_Beachwet_Minisock_string_wojoer-1.jpg","datePublished":"2019-07-24T05:31:29+00:00","dateModified":"2026-04-10T17:23:40+00:00","description":"Schwarzer BeachWet Minisock String. Eleganter matt gl\u00e4nzender Sock von WOJOER. Bequeme Passform, aufreizend edles, badetaugliches Material.","breadcrumb":{"@id":"https:\/\/www.wojoer.de\/produkt\/beach-wet-minisock-string-324b3\/#breadcrumb"},"inLanguage":"en-GB","potentialAction":[{"@type":"ReadAction","target":["https:\/\/www.wojoer.de\/produkt\/beach-wet-minisock-string-324b3\/"]}]},{"@type":"ImageObject","inLanguage":"en-GB","@id":"https:\/\/www.wojoer.de\/produkt\/beach-wet-minisock-string-324b3\/#primaryimage","url":"https:\/\/www.wojoer.de\/wp-content\/uploads\/2019\/07\/324B3_Beachwet_Minisock_string_wojoer-1.jpg","contentUrl":"https:\/\/www.wojoer.de\/wp-content\/uploads\/2019\/07\/324B3_Beachwet_Minisock_string_wojoer-1.jpg","width":2002,"height":2002},{"@type":"BreadcrumbList","@id":"https:\/\/www.wojoer.de\/produkt\/beach-wet-minisock-string-324b3\/#breadcrumb","itemListElement":[{"@type":"ListItem","position":1,"name":"Startseite","item":"https:\/\/www.wojoer.de\/"},{"@type":"ListItem","position":2,"name":"SHOP","item":"https:\/\/www.wojoer.de\/shop\/"},{"@type":"ListItem","position":3,"name":"BeachWet Minisock String 324B3"}]},{"@type":"WebSite","@id":"https:\/\/www.wojoer.de\/#website","url":"https:\/\/www.wojoer.de\/","name":"WOJOER","description":"clubwear for men","publisher":{"@id":"https:\/\/www.wojoer.de\/#organization"},"potentialAction":[{"@type":"SearchAction","target":{"@type":"EntryPoint","urlTemplate":"https:\/\/www.wojoer.de\/?s={search_term_string}"},"query-input":{"@type":"PropertyValueSpecification","valueRequired":true,"valueName":"search_term_string"}}],"inLanguage":"en-GB"},{"@type":"Organization","@id":"https:\/\/www.wojoer.de\/#organization","name":"Wonneberger-Manufaktur","url":"https:\/\/www.wojoer.de\/","logo":{"@type":"ImageObject","inLanguage":"en-GB","@id":"https:\/\/www.wojoer.de\/#\/schema\/logo\/image\/","url":"https:\/\/www.wojoer.de\/wp-content\/uploads\/2016\/11\/wonnebergermanufaktur_logo_BUTTON.png","contentUrl":"https:\/\/www.wojoer.de\/wp-content\/uploads\/2016\/11\/wonnebergermanufaktur_logo_BUTTON.png","width":765,"height":765,"caption":"Wonneberger-Manufaktur"},"image":{"@id":"https:\/\/www.wojoer.de\/#\/schema\/logo\/image\/"},"sameAs":["https:\/\/www.facebook.com\/wojoer\/","https:\/\/de.pinterest.com\/W0J0ER\/"]}]}},"_links":{"self":[{"href":"https:\/\/www.wojoer.de\/en\/wp-json\/wp\/v2\/product\/16331","targetHints":{"allow":["GET"]}}],"collection":[{"href":"https:\/\/www.wojoer.de\/en\/wp-json\/wp\/v2\/product"}],"about":[{"href":"https:\/\/www.wojoer.de\/en\/wp-json\/wp\/v2\/types\/product"}],"replies":[{"embeddable":true,"href":"https:\/\/www.wojoer.de\/en\/wp-json\/wp\/v2\/comments?post=16331"}],"wp:featuredmedia":[{"embeddable":true,"href":"https:\/\/www.wojoer.de\/en\/wp-json\/wp\/v2\/media\/34473"}],"wp:attachment":[{"href":"https:\/\/www.wojoer.de\/en\/wp-json\/wp\/v2\/media?parent=16331"}],"wp:term":[{"taxonomy":"product_brand","embeddable":true,"href":"https:\/\/www.wojoer.de\/en\/wp-json\/wp\/v2\/product_brand?post=16331"},{"taxonomy":"product_cat","embeddable":true,"href":"https:\/\/www.wojoer.de\/en\/wp-json\/wp\/v2\/product_cat?post=16331"},{"taxonomy":"product_tag","embeddable":true,"href":"https:\/\/www.wojoer.de\/en\/wp-json\/wp\/v2\/product_tag?post=16331"}],"curies":[{"name":"wp","href":"https:\/\/api.w.org\/{rel}","templated":true}]}}