{"id":16389,"date":"2020-03-12T07:57:57","date_gmt":"2020-03-12T06:57:57","guid":{"rendered":"https:\/\/www.wojoer.de\/produkt\/damen-ouverte-string-380f2-2\/"},"modified":"2024-12-12T16:33:55","modified_gmt":"2024-12-12T15:33:55","slug":"damen-ouverte-string-380f2","status":"publish","type":"product","link":"https:\/\/www.wojoer.de\/en\/produkt\/damen-ouverte-string-380f2\/","title":{"rendered":"Damen Ouverte Thong leatherlike 380F2.2"},"content":{"rendered":"<p>This women Thong belongs to the Wojoer<a href=\"https:\/\/www.wojoer.de\/?s=live&#038;post_type=product\"> LIVE products<\/a>. They are produced from our order. This enables us to respond individually to customer requests.<\/p>\n<p><strong>Sizes<\/strong><\/p>\n<p>Available in sizes 32-42<\/p>\n<p><strong>Material composition<\/strong><\/p>\n<p>Leather like: 92% polyester | 8% elastane<\/p>\n<p><strong>Particularities<\/strong><\/p>\n<p><a href=\"https:\/\/www.wojoer.de\/?s=live&#038;post_type=product\">LIVE product<\/a> | matt fine leather like | very stretchy | pleasantly elastic | high quality | Made in Germany<\/p>\n<p><strong>Wash instructions<\/strong><\/p>\n<p>Hand wash<\/p>\n<p><strong>Leatherlike Thong female &#8211; female String\u00a0 &#8211; Sexy Ouverte female Thong<br \/>\n<\/strong><\/p>\n<p>Airy, free and PUR &#8211; get in touch, dance closely, let strange hands slide into your crotch and your partner will feel your pure femininity until there is no stopping you. Maybe in the broom closet, the locker room, on the toilet!? Or on the beach, right next to the hip beach party? No clich\u00e9 is too cheesy here! This body is so excitingly hot and perfect for the adventurous, hot quickie in between. The vegan string body is made to keep your sex life at the highest level! Into the pleasure! And because it is so sexy and comfortable at the same time, there is the right partner look for your partner.<\/p>\n<p>Click here for the <a href=\"https:\/\/www.wojoer.de\/groessentabelle\/\">size chart<\/a>.<\/p>\n","protected":false},"excerpt":{"rendered":"<p>Dieser Damen Ouverte String geh\u00f6rt zu den Wojoer LIVE-Produkten. Sie werden ab Bestellung bei uns produziert. So k\u00f6nnen wir auf Kundenw\u00fcnsche individuell eingehen.<br \/>\nGr\u00f6\u00dfen<br \/>\nErh\u00e4ltlich in den Gr\u00f6\u00dfen S, M, L, XL<br \/>\nMaterialzusammensetzung<br \/>\nLeatherlike: 92% Polyester | 8% Elasthan<br \/>\nBesonderheiten<br \/>\nLIVE Produkt | frontaler Ouverte Schlitz\u2026<\/p>\n","protected":false},"featured_media":16387,"comment_status":"open","ping_status":"closed","template":"","meta":[],"product_brand":[],"product_cat":[699,835,114,169,471],"product_tag":[194,487,119],"class_list":{"0":"post-16389","1":"product","2":"type-product","3":"status-publish","4":"has-post-thumbnail","6":"product_cat-leatherlike-ouverte-ladies","7":"product_cat-ouvert","8":"product_cat-fetisch","9":"product_cat-nos-never-out-of-stock","10":"product_cat-partnerlook","11":"product_tag-leatherlike","12":"product_tag-ouverte","13":"product_tag-string","14":"product_shipping_class-beun","15":"pa_groesse-l","16":"pa_groesse-m","17":"pa_groesse-s","18":"pa_groesse-xl","19":"pif-has-gallery","20":"post-1","21":"odd","23":"first","24":"onbackorder","25":"featured","26":"taxable","27":"shipping-taxable","28":"purchasable","29":"product-type-variable"},"yoast_head":"<!-- This site is optimized with the Yoast SEO plugin v27.2 - https:\/\/yoast.com\/product\/yoast-seo-wordpress\/ -->\n<title>Female Ouverte Thong | soft Leatherlike | tight &amp; sexy | Wojoer<\/title>\n<meta name=\"description\" content=\"Women&#039;s ouverte thong. soft leatherlike. It fits your hips tightly and erotically. Order now free shipping online from Wojoer!\" \/>\n<meta name=\"robots\" content=\"index, follow, max-snippet:-1, max-image-preview:large, max-video-preview:-1\" \/>\n<link rel=\"canonical\" href=\"https:\/\/www.wojoer.de\/en\/produkt\/damen-ouverte-string-380f2\/\" \/>\n<meta name=\"twitter:card\" content=\"summary_large_image\" \/>\n<meta name=\"twitter:title\" content=\"Female Ouverte Thong | soft Leatherlike | tight &amp; sexy | Wojoer\" \/>\n<meta name=\"twitter:description\" content=\"Women&#039;s ouverte thong. soft leatherlike. It fits your hips tightly and erotically. Order now free shipping online from Wojoer!\" \/>\n<meta name=\"twitter:image\" content=\"https:\/\/www.wojoer.de\/wp-content\/uploads\/2019\/07\/380F2_2_String_OUVERTE_leatherlike_women_wojoer.jpg\" \/>\n<meta name=\"twitter:label1\" content=\"Estimated reading time\" \/>\n\t<meta name=\"twitter:data1\" content=\"1 minute\" \/>\n<script type=\"application\/ld+json\" class=\"yoast-schema-graph\">{\"@context\":\"https:\/\/schema.org\",\"@graph\":[{\"@type\":\"WebPage\",\"@id\":\"https:\/\/www.wojoer.de\/produkt\/damen-ouverte-string-380f2\/\",\"url\":\"https:\/\/www.wojoer.de\/produkt\/damen-ouverte-string-380f2\/\",\"name\":\"Female Ouverte Thong | soft Leatherlike | tight & sexy | Wojoer\",\"isPartOf\":{\"@id\":\"https:\/\/www.wojoer.de\/#website\"},\"primaryImageOfPage\":{\"@id\":\"https:\/\/www.wojoer.de\/produkt\/damen-ouverte-string-380f2\/#primaryimage\"},\"image\":{\"@id\":\"https:\/\/www.wojoer.de\/produkt\/damen-ouverte-string-380f2\/#primaryimage\"},\"thumbnailUrl\":\"https:\/\/www.wojoer.de\/wp-content\/uploads\/2019\/07\/380F2_2_String_OUVERTE_leatherlike_women_wojoer.jpg\",\"datePublished\":\"2020-03-12T06:57:57+00:00\",\"dateModified\":\"2024-12-12T15:33:55+00:00\",\"description\":\"Women's ouverte thong. soft leatherlike. It fits your hips tightly and erotically. Order now free shipping online from Wojoer!\",\"breadcrumb\":{\"@id\":\"https:\/\/www.wojoer.de\/produkt\/damen-ouverte-string-380f2\/#breadcrumb\"},\"inLanguage\":\"en-GB\",\"potentialAction\":[{\"@type\":\"ReadAction\",\"target\":[\"https:\/\/www.wojoer.de\/produkt\/damen-ouverte-string-380f2\/\"]}]},{\"@type\":\"ImageObject\",\"inLanguage\":\"en-GB\",\"@id\":\"https:\/\/www.wojoer.de\/produkt\/damen-ouverte-string-380f2\/#primaryimage\",\"url\":\"https:\/\/www.wojoer.de\/wp-content\/uploads\/2019\/07\/380F2_2_String_OUVERTE_leatherlike_women_wojoer.jpg\",\"contentUrl\":\"https:\/\/www.wojoer.de\/wp-content\/uploads\/2019\/07\/380F2_2_String_OUVERTE_leatherlike_women_wojoer.jpg\",\"width\":1260,\"height\":1260},{\"@type\":\"BreadcrumbList\",\"@id\":\"https:\/\/www.wojoer.de\/produkt\/damen-ouverte-string-380f2\/#breadcrumb\",\"itemListElement\":[{\"@type\":\"ListItem\",\"position\":1,\"name\":\"Startseite\",\"item\":\"https:\/\/www.wojoer.de\/\"},{\"@type\":\"ListItem\",\"position\":2,\"name\":\"SHOP\",\"item\":\"https:\/\/www.wojoer.de\/shop\/\"},{\"@type\":\"ListItem\",\"position\":3,\"name\":\"Damen Ouverte String leatherlike 380F2.2\"}]},{\"@type\":\"WebSite\",\"@id\":\"https:\/\/www.wojoer.de\/#website\",\"url\":\"https:\/\/www.wojoer.de\/\",\"name\":\"WOJOER\",\"description\":\"clubwear for men\",\"publisher\":{\"@id\":\"https:\/\/www.wojoer.de\/#organization\"},\"potentialAction\":[{\"@type\":\"SearchAction\",\"target\":{\"@type\":\"EntryPoint\",\"urlTemplate\":\"https:\/\/www.wojoer.de\/?s={search_term_string}\"},\"query-input\":{\"@type\":\"PropertyValueSpecification\",\"valueRequired\":true,\"valueName\":\"search_term_string\"}}],\"inLanguage\":\"en-GB\"},{\"@type\":\"Organization\",\"@id\":\"https:\/\/www.wojoer.de\/#organization\",\"name\":\"Wonneberger-Manufaktur\",\"url\":\"https:\/\/www.wojoer.de\/\",\"logo\":{\"@type\":\"ImageObject\",\"inLanguage\":\"en-GB\",\"@id\":\"https:\/\/www.wojoer.de\/#\/schema\/logo\/image\/\",\"url\":\"https:\/\/www.wojoer.de\/wp-content\/uploads\/2016\/11\/wonnebergermanufaktur_logo_BUTTON.png\",\"contentUrl\":\"https:\/\/www.wojoer.de\/wp-content\/uploads\/2016\/11\/wonnebergermanufaktur_logo_BUTTON.png\",\"width\":765,\"height\":765,\"caption\":\"Wonneberger-Manufaktur\"},\"image\":{\"@id\":\"https:\/\/www.wojoer.de\/#\/schema\/logo\/image\/\"},\"sameAs\":[\"https:\/\/www.facebook.com\/wojoer\/\",\"https:\/\/de.pinterest.com\/W0J0ER\/\"]}]}<\/script>\n<!-- \/ Yoast SEO plugin. -->","yoast_head_json":{"title":"Female Ouverte Thong | soft Leatherlike | tight & sexy | Wojoer","description":"Women's ouverte thong. soft leatherlike. It fits your hips tightly and erotically. Order now free shipping online from Wojoer!","robots":{"index":"index","follow":"follow","max-snippet":"max-snippet:-1","max-image-preview":"max-image-preview:large","max-video-preview":"max-video-preview:-1"},"canonical":"https:\/\/www.wojoer.de\/en\/produkt\/damen-ouverte-string-380f2\/","twitter_card":"summary_large_image","twitter_title":"[:de]Damen Ouverte String | softes Leatherlike | eng & sexy | Wojoer[:en]Female Ouverte Thong | soft Leatherlike | tight & sexy | Wojoer[:]","twitter_description":"[:de]Damen Ouverte String. softes Leatherlike. Enganliegend & erotisch umh\u00fcllt es deine H\u00fcften. Jetzt Online versandkostenfrei bei Wojoer bestellen![:en]Women's ouverte thong. soft leatherlike. It fits your hips tightly and erotically. Order now free shipping online from Wojoer![:]","twitter_image":"https:\/\/www.wojoer.de\/wp-content\/uploads\/2019\/07\/380F2_2_String_OUVERTE_leatherlike_women_wojoer.jpg","twitter_misc":{"Estimated reading time":"1 minute"},"schema":{"@context":"https:\/\/schema.org","@graph":[{"@type":"WebPage","@id":"https:\/\/www.wojoer.de\/produkt\/damen-ouverte-string-380f2\/","url":"https:\/\/www.wojoer.de\/produkt\/damen-ouverte-string-380f2\/","name":"Female Ouverte Thong | soft Leatherlike | tight & sexy | Wojoer","isPartOf":{"@id":"https:\/\/www.wojoer.de\/#website"},"primaryImageOfPage":{"@id":"https:\/\/www.wojoer.de\/produkt\/damen-ouverte-string-380f2\/#primaryimage"},"image":{"@id":"https:\/\/www.wojoer.de\/produkt\/damen-ouverte-string-380f2\/#primaryimage"},"thumbnailUrl":"https:\/\/www.wojoer.de\/wp-content\/uploads\/2019\/07\/380F2_2_String_OUVERTE_leatherlike_women_wojoer.jpg","datePublished":"2020-03-12T06:57:57+00:00","dateModified":"2024-12-12T15:33:55+00:00","description":"Women's ouverte thong. soft leatherlike. It fits your hips tightly and erotically. Order now free shipping online from Wojoer!","breadcrumb":{"@id":"https:\/\/www.wojoer.de\/produkt\/damen-ouverte-string-380f2\/#breadcrumb"},"inLanguage":"en-GB","potentialAction":[{"@type":"ReadAction","target":["https:\/\/www.wojoer.de\/produkt\/damen-ouverte-string-380f2\/"]}]},{"@type":"ImageObject","inLanguage":"en-GB","@id":"https:\/\/www.wojoer.de\/produkt\/damen-ouverte-string-380f2\/#primaryimage","url":"https:\/\/www.wojoer.de\/wp-content\/uploads\/2019\/07\/380F2_2_String_OUVERTE_leatherlike_women_wojoer.jpg","contentUrl":"https:\/\/www.wojoer.de\/wp-content\/uploads\/2019\/07\/380F2_2_String_OUVERTE_leatherlike_women_wojoer.jpg","width":1260,"height":1260},{"@type":"BreadcrumbList","@id":"https:\/\/www.wojoer.de\/produkt\/damen-ouverte-string-380f2\/#breadcrumb","itemListElement":[{"@type":"ListItem","position":1,"name":"Startseite","item":"https:\/\/www.wojoer.de\/"},{"@type":"ListItem","position":2,"name":"SHOP","item":"https:\/\/www.wojoer.de\/shop\/"},{"@type":"ListItem","position":3,"name":"Damen Ouverte String leatherlike 380F2.2"}]},{"@type":"WebSite","@id":"https:\/\/www.wojoer.de\/#website","url":"https:\/\/www.wojoer.de\/","name":"WOJOER","description":"clubwear for men","publisher":{"@id":"https:\/\/www.wojoer.de\/#organization"},"potentialAction":[{"@type":"SearchAction","target":{"@type":"EntryPoint","urlTemplate":"https:\/\/www.wojoer.de\/?s={search_term_string}"},"query-input":{"@type":"PropertyValueSpecification","valueRequired":true,"valueName":"search_term_string"}}],"inLanguage":"en-GB"},{"@type":"Organization","@id":"https:\/\/www.wojoer.de\/#organization","name":"Wonneberger-Manufaktur","url":"https:\/\/www.wojoer.de\/","logo":{"@type":"ImageObject","inLanguage":"en-GB","@id":"https:\/\/www.wojoer.de\/#\/schema\/logo\/image\/","url":"https:\/\/www.wojoer.de\/wp-content\/uploads\/2016\/11\/wonnebergermanufaktur_logo_BUTTON.png","contentUrl":"https:\/\/www.wojoer.de\/wp-content\/uploads\/2016\/11\/wonnebergermanufaktur_logo_BUTTON.png","width":765,"height":765,"caption":"Wonneberger-Manufaktur"},"image":{"@id":"https:\/\/www.wojoer.de\/#\/schema\/logo\/image\/"},"sameAs":["https:\/\/www.facebook.com\/wojoer\/","https:\/\/de.pinterest.com\/W0J0ER\/"]}]}},"_links":{"self":[{"href":"https:\/\/www.wojoer.de\/en\/wp-json\/wp\/v2\/product\/16389","targetHints":{"allow":["GET"]}}],"collection":[{"href":"https:\/\/www.wojoer.de\/en\/wp-json\/wp\/v2\/product"}],"about":[{"href":"https:\/\/www.wojoer.de\/en\/wp-json\/wp\/v2\/types\/product"}],"replies":[{"embeddable":true,"href":"https:\/\/www.wojoer.de\/en\/wp-json\/wp\/v2\/comments?post=16389"}],"wp:featuredmedia":[{"embeddable":true,"href":"https:\/\/www.wojoer.de\/en\/wp-json\/wp\/v2\/media\/16387"}],"wp:attachment":[{"href":"https:\/\/www.wojoer.de\/en\/wp-json\/wp\/v2\/media?parent=16389"}],"wp:term":[{"taxonomy":"product_brand","embeddable":true,"href":"https:\/\/www.wojoer.de\/en\/wp-json\/wp\/v2\/product_brand?post=16389"},{"taxonomy":"product_cat","embeddable":true,"href":"https:\/\/www.wojoer.de\/en\/wp-json\/wp\/v2\/product_cat?post=16389"},{"taxonomy":"product_tag","embeddable":true,"href":"https:\/\/www.wojoer.de\/en\/wp-json\/wp\/v2\/product_tag?post=16389"}],"curies":[{"name":"wp","href":"https:\/\/api.w.org\/{rel}","templated":true}]}}