{"id":16394,"date":"2020-03-12T08:22:25","date_gmt":"2020-03-12T07:22:25","guid":{"rendered":"https:\/\/www.wojoer.de\/produkt\/damen-ouverte-neckholderoberteil-380f103-1\/"},"modified":"2024-05-02T12:38:04","modified_gmt":"2024-05-02T10:38:04","slug":"damen-ouverte-neckholderoberteil-380f103-1","status":"publish","type":"product","link":"https:\/\/www.wojoer.de\/en\/produkt\/damen-ouverte-neckholderoberteil-380f103-1\/","title":{"rendered":"Damen Ouverte Neck holder top 380F103.1"},"content":{"rendered":"<p>This women Neck holder top belongs to the Wojoer<a href=\"https:\/\/www.wojoer.de\/?s=live&#038;post_type=product\"> LIVE products<\/a>. They are produced from our order. This enables us to respond individually to customer requests.<\/p>\n<h3>Size<\/h3>\n<p>S: \u00a0 \u00a0 70\u00a0\u00a0 CUP: AA bis C<\/p>\n<p>M:\u00a0 \u00a0 75\u00a0 CUP: AA bis C<\/p>\n<p>L:\u00a0\u00a0 \u00a0 80\u00a0 CUP: C bis E<\/p>\n<p>XL:\u00a0 85\u00a0 CUP: C bis E<\/p>\n<p><strong>Material composition<\/strong><\/p>\n<p>Leather like: 92% polyester | 8% elastane<\/p>\n<p><strong>Particularities<\/strong><\/p>\n<p><a href=\"https:\/\/www.wojoer.de\/?s=live&#038;post_type=product\">LIVE product<\/a> | matt fine leather like | very stretchy | pleasantly elastic | high quality | Made in Germany<\/p>\n<p><strong>Wash instructions<\/strong><\/p>\n<p>Hand wash<\/p>\n<p><strong>Leatherlike Ouverte Neck holder top &#8211; female Neck holder top\u00a0 &#8211; Sexy Ouverte top<br \/>\n<\/strong><\/p>\n<p>Airy, free and PUR &#8211; get in touch, dance closely, let strange hands slide into your crotch and your partner will feel your pure femininity until there is no stopping you. Maybe in the broom closet, the locker room, on the toilet!? Or on the beach, right next to the hip beach party? No clich\u00e9 is too cheesy here! This body is so excitingly hot and perfect for the adventurous, hot quickie in between. The vegan string body is made to keep your sex life at the highest level! Into the pleasure! And because it is so sexy and comfortable at the same time, there is the<\/p>\n<p>&nbsp;<\/p>\n","protected":false},"excerpt":{"rendered":"<p>Dieses Damen Ouverte Neckholderoberteil 380F103.1 geh\u00f6rt zu den Wojoer LIVE-Produkten. Sie werden ab Bestellung bei uns produziert. So k\u00f6nnen wir auf Kundenw\u00fcnsche individuell eingehen.<br \/>\nGr\u00f6\u00dfen<br \/>\nS: \u00a0 \u00a0 70\u00a0\u00a0 CUP: AA bis C<\/p>\n<p>M:\u00a0 \u00a0 75\u00a0 CUP: AA bis C<\/p>\n<p>L:\u00a0\u00a0 \u00a0 80\u00a0 CUP:\u2026<\/p>\n","protected":false},"featured_media":38507,"comment_status":"open","ping_status":"closed","template":"","meta":[],"product_brand":[],"product_cat":[699,835,114,471,195],"product_tag":[485,194,487],"class_list":{"0":"post-16394","1":"product","2":"type-product","3":"status-publish","4":"has-post-thumbnail","6":"product_cat-leatherlike-ouverte-ladies","7":"product_cat-ouvert","8":"product_cat-fetisch","9":"product_cat-partnerlook","10":"product_cat-produktion-auf-bestellung-liveproduktion","11":"product_tag-bikinitop","12":"product_tag-leatherlike","13":"product_tag-ouverte","14":"product_shipping_class-beun","15":"pa_groesse-l","16":"pa_groesse-m","17":"pa_groesse-s","18":"pa_groesse-xl","19":"pa_groesse-xs","20":"pif-has-gallery","21":"post-1","22":"odd","24":"first","25":"onbackorder","26":"featured","27":"taxable","28":"shipping-taxable","29":"purchasable","30":"product-type-variable"},"yoast_head":"<!-- This site is optimized with the Yoast SEO plugin v27.2 - https:\/\/yoast.com\/product\/yoast-seo-wordpress\/ -->\n<title>female Ouverte Neck holder top | soft Leatherlike | tight &amp; sexy<\/title>\n<meta name=\"description\" content=\"Ladies Ouverte neck holder top. soft leatherlike. It fits your breasts tightly and erotically. Order now free shipping online from Wojoer!\" \/>\n<meta name=\"robots\" content=\"index, follow, max-snippet:-1, max-image-preview:large, max-video-preview:-1\" \/>\n<link rel=\"canonical\" href=\"https:\/\/www.wojoer.de\/en\/produkt\/damen-ouverte-neckholderoberteil-380f103-1\/\" \/>\n<meta name=\"twitter:card\" content=\"summary_large_image\" \/>\n<meta name=\"twitter:title\" content=\"female Ouverte Neck holder top | soft Leatherlike | tight &amp; sexy\" \/>\n<meta name=\"twitter:description\" content=\"Ladies Ouverte neck holder top. soft leatherlike. It fits your breasts tightly and erotically. Order now free shipping online from Wojoer!\" \/>\n<meta name=\"twitter:image\" content=\"https:\/\/www.wojoer.de\/wp-content\/uploads\/2020\/03\/0380_TF56_0D_00_06_alteNr_F103_1_Veganleatherlike_Triangletop_BH_Ouvert_Butterfly_fastener_Neckring_side_wojoer.jpg\" \/>\n<meta name=\"twitter:label1\" content=\"Estimated reading time\" \/>\n\t<meta name=\"twitter:data1\" content=\"2 minutes\" \/>\n<script type=\"application\/ld+json\" class=\"yoast-schema-graph\">{\"@context\":\"https:\/\/schema.org\",\"@graph\":[{\"@type\":\"WebPage\",\"@id\":\"https:\/\/www.wojoer.de\/produkt\/damen-ouverte-neckholderoberteil-380f103-1\/\",\"url\":\"https:\/\/www.wojoer.de\/produkt\/damen-ouverte-neckholderoberteil-380f103-1\/\",\"name\":\"female Ouverte Neck holder top | soft Leatherlike | tight & sexy\",\"isPartOf\":{\"@id\":\"https:\/\/www.wojoer.de\/#website\"},\"primaryImageOfPage\":{\"@id\":\"https:\/\/www.wojoer.de\/produkt\/damen-ouverte-neckholderoberteil-380f103-1\/#primaryimage\"},\"image\":{\"@id\":\"https:\/\/www.wojoer.de\/produkt\/damen-ouverte-neckholderoberteil-380f103-1\/#primaryimage\"},\"thumbnailUrl\":\"https:\/\/www.wojoer.de\/wp-content\/uploads\/2020\/03\/0380_TF56_0D_00_06_alteNr_F103_1_Veganleatherlike_Triangletop_BH_Ouvert_Butterfly_fastener_Neckring_side_wojoer.jpg\",\"datePublished\":\"2020-03-12T07:22:25+00:00\",\"dateModified\":\"2024-05-02T10:38:04+00:00\",\"description\":\"Ladies Ouverte neck holder top. soft leatherlike. It fits your breasts tightly and erotically. Order now free shipping online from Wojoer!\",\"breadcrumb\":{\"@id\":\"https:\/\/www.wojoer.de\/produkt\/damen-ouverte-neckholderoberteil-380f103-1\/#breadcrumb\"},\"inLanguage\":\"en-GB\",\"potentialAction\":[{\"@type\":\"ReadAction\",\"target\":[\"https:\/\/www.wojoer.de\/produkt\/damen-ouverte-neckholderoberteil-380f103-1\/\"]}]},{\"@type\":\"ImageObject\",\"inLanguage\":\"en-GB\",\"@id\":\"https:\/\/www.wojoer.de\/produkt\/damen-ouverte-neckholderoberteil-380f103-1\/#primaryimage\",\"url\":\"https:\/\/www.wojoer.de\/wp-content\/uploads\/2020\/03\/0380_TF56_0D_00_06_alteNr_F103_1_Veganleatherlike_Triangletop_BH_Ouvert_Butterfly_fastener_Neckring_side_wojoer.jpg\",\"contentUrl\":\"https:\/\/www.wojoer.de\/wp-content\/uploads\/2020\/03\/0380_TF56_0D_00_06_alteNr_F103_1_Veganleatherlike_Triangletop_BH_Ouvert_Butterfly_fastener_Neckring_side_wojoer.jpg\",\"width\":1306,\"height\":1305},{\"@type\":\"BreadcrumbList\",\"@id\":\"https:\/\/www.wojoer.de\/produkt\/damen-ouverte-neckholderoberteil-380f103-1\/#breadcrumb\",\"itemListElement\":[{\"@type\":\"ListItem\",\"position\":1,\"name\":\"Startseite\",\"item\":\"https:\/\/www.wojoer.de\/\"},{\"@type\":\"ListItem\",\"position\":2,\"name\":\"SHOP\",\"item\":\"https:\/\/www.wojoer.de\/shop\/\"},{\"@type\":\"ListItem\",\"position\":3,\"name\":\"Damen Ouvert Neckholderoberteil 380F103.1\"}]},{\"@type\":\"WebSite\",\"@id\":\"https:\/\/www.wojoer.de\/#website\",\"url\":\"https:\/\/www.wojoer.de\/\",\"name\":\"WOJOER\",\"description\":\"clubwear for men\",\"publisher\":{\"@id\":\"https:\/\/www.wojoer.de\/#organization\"},\"potentialAction\":[{\"@type\":\"SearchAction\",\"target\":{\"@type\":\"EntryPoint\",\"urlTemplate\":\"https:\/\/www.wojoer.de\/?s={search_term_string}\"},\"query-input\":{\"@type\":\"PropertyValueSpecification\",\"valueRequired\":true,\"valueName\":\"search_term_string\"}}],\"inLanguage\":\"en-GB\"},{\"@type\":\"Organization\",\"@id\":\"https:\/\/www.wojoer.de\/#organization\",\"name\":\"Wonneberger-Manufaktur\",\"url\":\"https:\/\/www.wojoer.de\/\",\"logo\":{\"@type\":\"ImageObject\",\"inLanguage\":\"en-GB\",\"@id\":\"https:\/\/www.wojoer.de\/#\/schema\/logo\/image\/\",\"url\":\"https:\/\/www.wojoer.de\/wp-content\/uploads\/2016\/11\/wonnebergermanufaktur_logo_BUTTON.png\",\"contentUrl\":\"https:\/\/www.wojoer.de\/wp-content\/uploads\/2016\/11\/wonnebergermanufaktur_logo_BUTTON.png\",\"width\":765,\"height\":765,\"caption\":\"Wonneberger-Manufaktur\"},\"image\":{\"@id\":\"https:\/\/www.wojoer.de\/#\/schema\/logo\/image\/\"},\"sameAs\":[\"https:\/\/www.facebook.com\/wojoer\/\",\"https:\/\/de.pinterest.com\/W0J0ER\/\"]}]}<\/script>\n<!-- \/ Yoast SEO plugin. -->","yoast_head_json":{"title":"female Ouverte Neck holder top | soft Leatherlike | tight & sexy","description":"Ladies Ouverte neck holder top. soft leatherlike. It fits your breasts tightly and erotically. Order now free shipping online from Wojoer!","robots":{"index":"index","follow":"follow","max-snippet":"max-snippet:-1","max-image-preview":"max-image-preview:large","max-video-preview":"max-video-preview:-1"},"canonical":"https:\/\/www.wojoer.de\/en\/produkt\/damen-ouverte-neckholderoberteil-380f103-1\/","twitter_card":"summary_large_image","twitter_title":"[:de]Damen Ouverte Neckholderoberteil | softes Leatherlike | eng & sexy[:en]female Ouverte Neck holder top | soft Leatherlike | tight & sexy[:]","twitter_description":"[:de]Damen Ouverte Neckholderoberteil. softes Leatherlike. Enganliegend & erotisch bringt es deine Br\u00fcste zur Geltung. Jetzt Online versandkostenfrei bei Wojoer bestellen![:en]Ladies Ouverte neck holder top. soft leatherlike. It fits your breasts tightly and erotically. Order now free shipping online from Wojoer![:]","twitter_image":"https:\/\/www.wojoer.de\/wp-content\/uploads\/2020\/03\/0380_TF56_0D_00_06_alteNr_F103_1_Veganleatherlike_Triangletop_BH_Ouvert_Butterfly_fastener_Neckring_side_wojoer.jpg","twitter_misc":{"Estimated reading time":"2 minutes"},"schema":{"@context":"https:\/\/schema.org","@graph":[{"@type":"WebPage","@id":"https:\/\/www.wojoer.de\/produkt\/damen-ouverte-neckholderoberteil-380f103-1\/","url":"https:\/\/www.wojoer.de\/produkt\/damen-ouverte-neckholderoberteil-380f103-1\/","name":"female Ouverte Neck holder top | soft Leatherlike | tight & sexy","isPartOf":{"@id":"https:\/\/www.wojoer.de\/#website"},"primaryImageOfPage":{"@id":"https:\/\/www.wojoer.de\/produkt\/damen-ouverte-neckholderoberteil-380f103-1\/#primaryimage"},"image":{"@id":"https:\/\/www.wojoer.de\/produkt\/damen-ouverte-neckholderoberteil-380f103-1\/#primaryimage"},"thumbnailUrl":"https:\/\/www.wojoer.de\/wp-content\/uploads\/2020\/03\/0380_TF56_0D_00_06_alteNr_F103_1_Veganleatherlike_Triangletop_BH_Ouvert_Butterfly_fastener_Neckring_side_wojoer.jpg","datePublished":"2020-03-12T07:22:25+00:00","dateModified":"2024-05-02T10:38:04+00:00","description":"Ladies Ouverte neck holder top. soft leatherlike. It fits your breasts tightly and erotically. Order now free shipping online from Wojoer!","breadcrumb":{"@id":"https:\/\/www.wojoer.de\/produkt\/damen-ouverte-neckholderoberteil-380f103-1\/#breadcrumb"},"inLanguage":"en-GB","potentialAction":[{"@type":"ReadAction","target":["https:\/\/www.wojoer.de\/produkt\/damen-ouverte-neckholderoberteil-380f103-1\/"]}]},{"@type":"ImageObject","inLanguage":"en-GB","@id":"https:\/\/www.wojoer.de\/produkt\/damen-ouverte-neckholderoberteil-380f103-1\/#primaryimage","url":"https:\/\/www.wojoer.de\/wp-content\/uploads\/2020\/03\/0380_TF56_0D_00_06_alteNr_F103_1_Veganleatherlike_Triangletop_BH_Ouvert_Butterfly_fastener_Neckring_side_wojoer.jpg","contentUrl":"https:\/\/www.wojoer.de\/wp-content\/uploads\/2020\/03\/0380_TF56_0D_00_06_alteNr_F103_1_Veganleatherlike_Triangletop_BH_Ouvert_Butterfly_fastener_Neckring_side_wojoer.jpg","width":1306,"height":1305},{"@type":"BreadcrumbList","@id":"https:\/\/www.wojoer.de\/produkt\/damen-ouverte-neckholderoberteil-380f103-1\/#breadcrumb","itemListElement":[{"@type":"ListItem","position":1,"name":"Startseite","item":"https:\/\/www.wojoer.de\/"},{"@type":"ListItem","position":2,"name":"SHOP","item":"https:\/\/www.wojoer.de\/shop\/"},{"@type":"ListItem","position":3,"name":"Damen Ouvert Neckholderoberteil 380F103.1"}]},{"@type":"WebSite","@id":"https:\/\/www.wojoer.de\/#website","url":"https:\/\/www.wojoer.de\/","name":"WOJOER","description":"clubwear for men","publisher":{"@id":"https:\/\/www.wojoer.de\/#organization"},"potentialAction":[{"@type":"SearchAction","target":{"@type":"EntryPoint","urlTemplate":"https:\/\/www.wojoer.de\/?s={search_term_string}"},"query-input":{"@type":"PropertyValueSpecification","valueRequired":true,"valueName":"search_term_string"}}],"inLanguage":"en-GB"},{"@type":"Organization","@id":"https:\/\/www.wojoer.de\/#organization","name":"Wonneberger-Manufaktur","url":"https:\/\/www.wojoer.de\/","logo":{"@type":"ImageObject","inLanguage":"en-GB","@id":"https:\/\/www.wojoer.de\/#\/schema\/logo\/image\/","url":"https:\/\/www.wojoer.de\/wp-content\/uploads\/2016\/11\/wonnebergermanufaktur_logo_BUTTON.png","contentUrl":"https:\/\/www.wojoer.de\/wp-content\/uploads\/2016\/11\/wonnebergermanufaktur_logo_BUTTON.png","width":765,"height":765,"caption":"Wonneberger-Manufaktur"},"image":{"@id":"https:\/\/www.wojoer.de\/#\/schema\/logo\/image\/"},"sameAs":["https:\/\/www.facebook.com\/wojoer\/","https:\/\/de.pinterest.com\/W0J0ER\/"]}]}},"_links":{"self":[{"href":"https:\/\/www.wojoer.de\/en\/wp-json\/wp\/v2\/product\/16394","targetHints":{"allow":["GET"]}}],"collection":[{"href":"https:\/\/www.wojoer.de\/en\/wp-json\/wp\/v2\/product"}],"about":[{"href":"https:\/\/www.wojoer.de\/en\/wp-json\/wp\/v2\/types\/product"}],"replies":[{"embeddable":true,"href":"https:\/\/www.wojoer.de\/en\/wp-json\/wp\/v2\/comments?post=16394"}],"wp:featuredmedia":[{"embeddable":true,"href":"https:\/\/www.wojoer.de\/en\/wp-json\/wp\/v2\/media\/38507"}],"wp:attachment":[{"href":"https:\/\/www.wojoer.de\/en\/wp-json\/wp\/v2\/media?parent=16394"}],"wp:term":[{"taxonomy":"product_brand","embeddable":true,"href":"https:\/\/www.wojoer.de\/en\/wp-json\/wp\/v2\/product_brand?post=16394"},{"taxonomy":"product_cat","embeddable":true,"href":"https:\/\/www.wojoer.de\/en\/wp-json\/wp\/v2\/product_cat?post=16394"},{"taxonomy":"product_tag","embeddable":true,"href":"https:\/\/www.wojoer.de\/en\/wp-json\/wp\/v2\/product_tag?post=16394"}],"curies":[{"name":"wp","href":"https:\/\/api.w.org\/{rel}","templated":true}]}}