{"id":16399,"date":"2023-08-30T06:01:22","date_gmt":"2023-08-30T04:01:22","guid":{"rendered":"https:\/\/www.wojoer.de\/produkt\/black-shark-wickelrock-385g5\/"},"modified":"2024-02-09T13:44:51","modified_gmt":"2024-02-09T12:44:51","slug":"black-shark-wickelrock-385g5","status":"publish","type":"product","link":"https:\/\/www.wojoer.de\/en\/produkt\/black-shark-wickelrock-385g5\/","title":{"rendered":"Black Shark wrap-around skirt 385G5"},"content":{"rendered":"<p>Production on order, because the black Black Shark wrap-around skirt 385G5 belongs in the category: Wojoer <a href=\"https:\/\/www.wojoer.de\/produkt-kategorie\/produktion-auf-bestellung-liveproduktion\/\">&#8220;LIVE products&#8221;<\/a>!<\/p>\n<h3>Sizes<\/h3>\n<p>Available in sizes S, M, L, XL<\/p>\n<h3>Material composition<\/h3>\n<p>80% polyester 20% elastane<\/p>\n<h3>Particularities<\/h3>\n<p><a href=\"https:\/\/www.wojoer.de\/produkt-kategorie\/produktion-auf-bestellung-liveproduktion\/\">LIVE products<\/a> | matt glossy, slightly stretchy material | Leatherlike | suitable for swimming Vintage pattern | skin &#8211; tight fit | Chlorine and salt water resistant | high quality workmanship &#8220;Made in Germany&#8221;<\/p>\n<h3>Wash instructions<\/h3>\n<p>30\u00b0 wash cycle, <strong>no fabric softener<\/strong><\/p>\n<h3>BLACK SHARK wrap-around skirt 385G5- shiny vintage bathing wrap skirt<\/h3>\n<p>Ola la! This Black Shark wrap skirt is not a swim brief like any other. Because it just sits perfectly, is wonderfully comfortable and, vintage pattern, looks incredibly mystical and attractive. The almost velvety handle is a dream and in addition there is its irresistibly captivating matt gloss, which makes its material surface feel erotically smooth. After all, it is also suitable for swimming in chlorine and salt water. So there is nothing standing in the way of your shiny beach appearance!<\/p>\n<p>And because it is so sexy and comfortable at the same time, there is the right partner look string for your partner.<\/p>\n<p>Click here for the <a href=\"https:\/\/www.wojoer.de\/groessentabelle\/\">size chart<\/a>.<\/p>\n","protected":false},"excerpt":{"rendered":"<p>Produktion auf Bestellung, denn der schwarze Black Shark Wickelrock geh\u00f6rt in die Kategorie: Wojoer &#8220;LIVE-Produkte&#8221;!<br \/>\nGr\u00f6\u00dfen<br \/>\nErh\u00e4ltlich in den Gr\u00f6\u00dfen SM | ML | LXL<br \/>\nMaterialzusammensetzung<br \/>\n80% Polyester | 20% Elasthan<br \/>\nBesonderheiten<br \/>\nLIVE Produkt | matt gl\u00e4nzendes, leicht dehnbares Material | Badetaugliches Leatherlike | Vintagemuster |\u2026<\/p>\n","protected":false},"featured_media":15810,"comment_status":"open","ping_status":"closed","template":"","meta":[],"product_brand":[],"product_cat":[840,115,473,195,326],"product_tag":[276,108,194,247],"class_list":{"0":"post-16399","1":"product","2":"type-product","3":"status-publish","4":"has-post-thumbnail","6":"product_cat-black-shark","7":"product_cat-beachwear","8":"product_cat-men","9":"product_cat-produktion-auf-bestellung-liveproduktion","10":"product_cat-wojoer","11":"product_tag-badeglanz","12":"product_tag-1beachwear","13":"product_tag-leatherlike","14":"product_tag-wetlook","15":"product_shipping_class-beun","16":"pa_groesse-l","17":"pa_groesse-lxl","18":"pa_groesse-m","19":"pa_groesse-ml","20":"pa_groesse-s","21":"pa_groesse-sm","22":"pa_groesse-xl","23":"pa_groesse-xxxl","24":"pif-has-gallery","25":"post-1","26":"odd","28":"first","29":"instock","30":"taxable","31":"shipping-taxable","32":"purchasable","33":"product-type-variable"},"yoast_head":"<!-- This site is optimized with the Yoast SEO plugin v27.2 - https:\/\/yoast.com\/product\/yoast-seo-wordpress\/ -->\n<title>Black Shark Wickelrock | schwarz | Badeshorts matt-gl\u00e4nzend | WOJOER<\/title>\n<meta name=\"description\" content=\"Black Shark Wickelrock. Besonders fein &amp; matt gl\u00e4nzender Rock in Schwarz von WOJOER. Bequeme Passform, aufreizend edles, badetaugliches Material im Vintagelook. Jetzt versandkostenfrei bestellen.\" \/>\n<meta name=\"robots\" content=\"index, follow, max-snippet:-1, max-image-preview:large, max-video-preview:-1\" \/>\n<link rel=\"canonical\" href=\"https:\/\/www.wojoer.de\/en\/produkt\/black-shark-wickelrock-385g5\/\" \/>\n<meta name=\"twitter:card\" content=\"summary_large_image\" \/>\n<meta name=\"twitter:title\" content=\"Black Shark Wickelrock | schwarz | Badeshorts matt-gl\u00e4nzend | WOJOER\" \/>\n<meta name=\"twitter:description\" content=\"Black Shark Wickelrock. Besonders fein &amp; matt gl\u00e4nzender Rock in Schwarz von WOJOER. Bequeme Passform, aufreizend edles, badetaugliches Material im Vintagelook. Jetzt versandkostenfrei bestellen.\" \/>\n<meta name=\"twitter:image\" content=\"https:\/\/www.wojoer.de\/wp-content\/uploads\/2019\/06\/385G5_blkshak_wickelrock_wojoer.jpg\" \/>\n<meta name=\"twitter:label1\" content=\"Estimated reading time\" \/>\n\t<meta name=\"twitter:data1\" content=\"1 minute\" \/>\n<script type=\"application\/ld+json\" class=\"yoast-schema-graph\">{\"@context\":\"https:\/\/schema.org\",\"@graph\":[{\"@type\":\"WebPage\",\"@id\":\"https:\/\/www.wojoer.de\/produkt\/black-shark-wickelrock-385g5\/\",\"url\":\"https:\/\/www.wojoer.de\/produkt\/black-shark-wickelrock-385g5\/\",\"name\":\"Black Shark Wickelrock | schwarz | Badeshorts matt-gl\u00e4nzend | WOJOER\",\"isPartOf\":{\"@id\":\"https:\/\/www.wojoer.de\/#website\"},\"primaryImageOfPage\":{\"@id\":\"https:\/\/www.wojoer.de\/produkt\/black-shark-wickelrock-385g5\/#primaryimage\"},\"image\":{\"@id\":\"https:\/\/www.wojoer.de\/produkt\/black-shark-wickelrock-385g5\/#primaryimage\"},\"thumbnailUrl\":\"https:\/\/www.wojoer.de\/wp-content\/uploads\/2019\/06\/385G5_blkshak_wickelrock_wojoer.jpg\",\"datePublished\":\"2023-08-30T04:01:22+00:00\",\"dateModified\":\"2024-02-09T12:44:51+00:00\",\"description\":\"Black Shark Wickelrock. Besonders fein & matt gl\u00e4nzender Rock in Schwarz von WOJOER. Bequeme Passform, aufreizend edles, badetaugliches Material im Vintagelook. Jetzt versandkostenfrei bestellen.\",\"breadcrumb\":{\"@id\":\"https:\/\/www.wojoer.de\/produkt\/black-shark-wickelrock-385g5\/#breadcrumb\"},\"inLanguage\":\"en-GB\",\"potentialAction\":[{\"@type\":\"ReadAction\",\"target\":[\"https:\/\/www.wojoer.de\/produkt\/black-shark-wickelrock-385g5\/\"]}]},{\"@type\":\"ImageObject\",\"inLanguage\":\"en-GB\",\"@id\":\"https:\/\/www.wojoer.de\/produkt\/black-shark-wickelrock-385g5\/#primaryimage\",\"url\":\"https:\/\/www.wojoer.de\/wp-content\/uploads\/2019\/06\/385G5_blkshak_wickelrock_wojoer.jpg\",\"contentUrl\":\"https:\/\/www.wojoer.de\/wp-content\/uploads\/2019\/06\/385G5_blkshak_wickelrock_wojoer.jpg\",\"width\":2002,\"height\":2002},{\"@type\":\"BreadcrumbList\",\"@id\":\"https:\/\/www.wojoer.de\/produkt\/black-shark-wickelrock-385g5\/#breadcrumb\",\"itemListElement\":[{\"@type\":\"ListItem\",\"position\":1,\"name\":\"Startseite\",\"item\":\"https:\/\/www.wojoer.de\/\"},{\"@type\":\"ListItem\",\"position\":2,\"name\":\"SHOP\",\"item\":\"https:\/\/www.wojoer.de\/shop\/\"},{\"@type\":\"ListItem\",\"position\":3,\"name\":\"Black Shark Wickelrock\"}]},{\"@type\":\"WebSite\",\"@id\":\"https:\/\/www.wojoer.de\/#website\",\"url\":\"https:\/\/www.wojoer.de\/\",\"name\":\"WOJOER\",\"description\":\"clubwear for men\",\"publisher\":{\"@id\":\"https:\/\/www.wojoer.de\/#organization\"},\"potentialAction\":[{\"@type\":\"SearchAction\",\"target\":{\"@type\":\"EntryPoint\",\"urlTemplate\":\"https:\/\/www.wojoer.de\/?s={search_term_string}\"},\"query-input\":{\"@type\":\"PropertyValueSpecification\",\"valueRequired\":true,\"valueName\":\"search_term_string\"}}],\"inLanguage\":\"en-GB\"},{\"@type\":\"Organization\",\"@id\":\"https:\/\/www.wojoer.de\/#organization\",\"name\":\"Wonneberger-Manufaktur\",\"url\":\"https:\/\/www.wojoer.de\/\",\"logo\":{\"@type\":\"ImageObject\",\"inLanguage\":\"en-GB\",\"@id\":\"https:\/\/www.wojoer.de\/#\/schema\/logo\/image\/\",\"url\":\"https:\/\/www.wojoer.de\/wp-content\/uploads\/2016\/11\/wonnebergermanufaktur_logo_BUTTON.png\",\"contentUrl\":\"https:\/\/www.wojoer.de\/wp-content\/uploads\/2016\/11\/wonnebergermanufaktur_logo_BUTTON.png\",\"width\":765,\"height\":765,\"caption\":\"Wonneberger-Manufaktur\"},\"image\":{\"@id\":\"https:\/\/www.wojoer.de\/#\/schema\/logo\/image\/\"},\"sameAs\":[\"https:\/\/www.facebook.com\/wojoer\/\",\"https:\/\/de.pinterest.com\/W0J0ER\/\"]}]}<\/script>\n<!-- \/ Yoast SEO plugin. -->","yoast_head_json":{"title":"Black Shark Wickelrock | schwarz | Badeshorts matt-gl\u00e4nzend | WOJOER","description":"Black Shark Wickelrock. Besonders fein & matt gl\u00e4nzender Rock in Schwarz von WOJOER. Bequeme Passform, aufreizend edles, badetaugliches Material im Vintagelook. Jetzt versandkostenfrei bestellen.","robots":{"index":"index","follow":"follow","max-snippet":"max-snippet:-1","max-image-preview":"max-image-preview:large","max-video-preview":"max-video-preview:-1"},"canonical":"https:\/\/www.wojoer.de\/en\/produkt\/black-shark-wickelrock-385g5\/","twitter_card":"summary_large_image","twitter_title":"Black Shark Wickelrock | schwarz | Badeshorts matt-gl\u00e4nzend | WOJOER","twitter_description":"Black Shark Wickelrock. Besonders fein & matt gl\u00e4nzender Rock in Schwarz von WOJOER. Bequeme Passform, aufreizend edles, badetaugliches Material im Vintagelook. Jetzt versandkostenfrei bestellen.","twitter_image":"https:\/\/www.wojoer.de\/wp-content\/uploads\/2019\/06\/385G5_blkshak_wickelrock_wojoer.jpg","twitter_misc":{"Estimated reading time":"1 minute"},"schema":{"@context":"https:\/\/schema.org","@graph":[{"@type":"WebPage","@id":"https:\/\/www.wojoer.de\/produkt\/black-shark-wickelrock-385g5\/","url":"https:\/\/www.wojoer.de\/produkt\/black-shark-wickelrock-385g5\/","name":"Black Shark Wickelrock | schwarz | Badeshorts matt-gl\u00e4nzend | WOJOER","isPartOf":{"@id":"https:\/\/www.wojoer.de\/#website"},"primaryImageOfPage":{"@id":"https:\/\/www.wojoer.de\/produkt\/black-shark-wickelrock-385g5\/#primaryimage"},"image":{"@id":"https:\/\/www.wojoer.de\/produkt\/black-shark-wickelrock-385g5\/#primaryimage"},"thumbnailUrl":"https:\/\/www.wojoer.de\/wp-content\/uploads\/2019\/06\/385G5_blkshak_wickelrock_wojoer.jpg","datePublished":"2023-08-30T04:01:22+00:00","dateModified":"2024-02-09T12:44:51+00:00","description":"Black Shark Wickelrock. Besonders fein & matt gl\u00e4nzender Rock in Schwarz von WOJOER. Bequeme Passform, aufreizend edles, badetaugliches Material im Vintagelook. Jetzt versandkostenfrei bestellen.","breadcrumb":{"@id":"https:\/\/www.wojoer.de\/produkt\/black-shark-wickelrock-385g5\/#breadcrumb"},"inLanguage":"en-GB","potentialAction":[{"@type":"ReadAction","target":["https:\/\/www.wojoer.de\/produkt\/black-shark-wickelrock-385g5\/"]}]},{"@type":"ImageObject","inLanguage":"en-GB","@id":"https:\/\/www.wojoer.de\/produkt\/black-shark-wickelrock-385g5\/#primaryimage","url":"https:\/\/www.wojoer.de\/wp-content\/uploads\/2019\/06\/385G5_blkshak_wickelrock_wojoer.jpg","contentUrl":"https:\/\/www.wojoer.de\/wp-content\/uploads\/2019\/06\/385G5_blkshak_wickelrock_wojoer.jpg","width":2002,"height":2002},{"@type":"BreadcrumbList","@id":"https:\/\/www.wojoer.de\/produkt\/black-shark-wickelrock-385g5\/#breadcrumb","itemListElement":[{"@type":"ListItem","position":1,"name":"Startseite","item":"https:\/\/www.wojoer.de\/"},{"@type":"ListItem","position":2,"name":"SHOP","item":"https:\/\/www.wojoer.de\/shop\/"},{"@type":"ListItem","position":3,"name":"Black Shark Wickelrock"}]},{"@type":"WebSite","@id":"https:\/\/www.wojoer.de\/#website","url":"https:\/\/www.wojoer.de\/","name":"WOJOER","description":"clubwear for men","publisher":{"@id":"https:\/\/www.wojoer.de\/#organization"},"potentialAction":[{"@type":"SearchAction","target":{"@type":"EntryPoint","urlTemplate":"https:\/\/www.wojoer.de\/?s={search_term_string}"},"query-input":{"@type":"PropertyValueSpecification","valueRequired":true,"valueName":"search_term_string"}}],"inLanguage":"en-GB"},{"@type":"Organization","@id":"https:\/\/www.wojoer.de\/#organization","name":"Wonneberger-Manufaktur","url":"https:\/\/www.wojoer.de\/","logo":{"@type":"ImageObject","inLanguage":"en-GB","@id":"https:\/\/www.wojoer.de\/#\/schema\/logo\/image\/","url":"https:\/\/www.wojoer.de\/wp-content\/uploads\/2016\/11\/wonnebergermanufaktur_logo_BUTTON.png","contentUrl":"https:\/\/www.wojoer.de\/wp-content\/uploads\/2016\/11\/wonnebergermanufaktur_logo_BUTTON.png","width":765,"height":765,"caption":"Wonneberger-Manufaktur"},"image":{"@id":"https:\/\/www.wojoer.de\/#\/schema\/logo\/image\/"},"sameAs":["https:\/\/www.facebook.com\/wojoer\/","https:\/\/de.pinterest.com\/W0J0ER\/"]}]}},"_links":{"self":[{"href":"https:\/\/www.wojoer.de\/en\/wp-json\/wp\/v2\/product\/16399","targetHints":{"allow":["GET"]}}],"collection":[{"href":"https:\/\/www.wojoer.de\/en\/wp-json\/wp\/v2\/product"}],"about":[{"href":"https:\/\/www.wojoer.de\/en\/wp-json\/wp\/v2\/types\/product"}],"replies":[{"embeddable":true,"href":"https:\/\/www.wojoer.de\/en\/wp-json\/wp\/v2\/comments?post=16399"}],"wp:featuredmedia":[{"embeddable":true,"href":"https:\/\/www.wojoer.de\/en\/wp-json\/wp\/v2\/media\/15810"}],"wp:attachment":[{"href":"https:\/\/www.wojoer.de\/en\/wp-json\/wp\/v2\/media?parent=16399"}],"wp:term":[{"taxonomy":"product_brand","embeddable":true,"href":"https:\/\/www.wojoer.de\/en\/wp-json\/wp\/v2\/product_brand?post=16399"},{"taxonomy":"product_cat","embeddable":true,"href":"https:\/\/www.wojoer.de\/en\/wp-json\/wp\/v2\/product_cat?post=16399"},{"taxonomy":"product_tag","embeddable":true,"href":"https:\/\/www.wojoer.de\/en\/wp-json\/wp\/v2\/product_tag?post=16399"}],"curies":[{"name":"wp","href":"https:\/\/api.w.org\/{rel}","templated":true}]}}