{"id":16404,"date":"2019-11-01T04:01:27","date_gmt":"2019-11-01T03:01:27","guid":{"rendered":"https:\/\/www.wojoer.de\/produkt\/black-shark-weste-385w1\/"},"modified":"2024-02-09T13:22:36","modified_gmt":"2024-02-09T12:22:36","slug":"black-shark-weste-385w1","status":"publish","type":"product","link":"https:\/\/www.wojoer.de\/en\/produkt\/black-shark-weste-385w1\/","title":{"rendered":"Black Shark Weste 385W1"},"content":{"rendered":"<p>Produktion auf Bestellung, denn die schwarze Black Shark Weste\u00a0385W1 geh\u00f6rt in die Kategorie: Wojoer &#8220;LIVE-Produkte&#8221;!<\/p>\n<h3>Gr\u00f6\u00dfen<\/h3>\n<p>Erh\u00e4ltlich in den Gr\u00f6\u00dfen S | M | L | XL<\/p>\n<h3>Materialzusammensetzung<\/h3>\n<p>80% Polyester | 20% Elasthan<\/p>\n<h3>Besonderheiten<\/h3>\n<p><a href=\"http:\/\/www.wojoer.de\/?s=live&#038;post_type=product\">LIVE Produkt<\/a> | matt gl\u00e4nzendes, leicht dehnbares Material | Badetaugliches Leatherlike | Vintagemuster | hautenge Passform | Frontrei\u00dfverschluss | Chlor- und Salzwasserresitent | hochwertige Verarbeitung &#8220;Made in Germany&#8221;<\/p>\n<h3>Benutzerhinweise<\/h3>\n<p>Salz- und Chlorwasserresistent<\/p>\n<h3>BLACK SHARK WESTE &#8211; gl\u00e4nzende Vintage Weste<\/h3>\n<p>Ola la! Diese Black Shark Weste ist kein Oberteil wie jedes andere. Weil sie einfach perfekt\u00a0sitzt, wunderbar bequem ist und aufgrund ihres Vintagemusters unglaublich mystisch und anziehend wirkt. Der nahezu samtige Griff ist ein wahrer Traum und dazu kommt ihr unwiederstehlich bestechender matter Glanz, der ihre Materialoberfl\u00e4che erotisch glatt anf\u00fchlen l\u00e4sst. Schlie\u00dflich ist die Weste auch badetauglich f\u00fcr Chlor- und Salzwasser. Deinem gl\u00e4nzenden Strandauftritt steht also nichts mehr im Wege!<\/p>\n","protected":false},"excerpt":{"rendered":"<p>Produktion auf Bestellung, denn die schwarze Black Shark Weste\u00a0385W1 geh\u00f6rt in die Kategorie: Wojoer &#8220;LIVE-Produkte&#8221;!<br \/>\nGr\u00f6\u00dfen<br \/>\nErh\u00e4ltlich in den Gr\u00f6\u00dfen S | M | L | XL<br \/>\nMaterialzusammensetzung<br \/>\n80% Polyester | 20% Elasthan<br \/>\nBesonderheiten<br \/>\nLIVE Produkt | matt gl\u00e4nzendes, leicht dehnbares Material | Badetaugliches Leatherlike |\u2026<\/p>\n","protected":false},"featured_media":15814,"comment_status":"open","ping_status":"closed","template":"","meta":[],"product_brand":[],"product_cat":[840,115,473,195,326],"product_tag":[276,108,189,247],"class_list":{"0":"post-16404","1":"product","2":"type-product","3":"status-publish","4":"has-post-thumbnail","6":"product_cat-black-shark","7":"product_cat-beachwear","8":"product_cat-men","9":"product_cat-produktion-auf-bestellung-liveproduktion","10":"product_cat-wojoer","11":"product_tag-badeglanz","12":"product_tag-1beachwear","13":"product_tag-reissverschluss","14":"product_tag-wetlook","15":"product_shipping_class-beun","16":"pa_groesse-l","17":"pa_groesse-m","18":"pa_groesse-s","19":"pa_groesse-xl","20":"pif-has-gallery","21":"post-1","22":"odd","24":"first","25":"instock","26":"taxable","27":"shipping-taxable","28":"purchasable","29":"product-type-variable"},"yoast_head":"<!-- This site is optimized with the Yoast SEO plugin v27.2 - https:\/\/yoast.com\/product\/yoast-seo-wordpress\/ -->\n<title>Black Shark Weste | schwarz | Badeweste matt-gl\u00e4nzend | WOJOER<\/title>\n<meta name=\"description\" content=\"Black Shark Weste. Besonders fein &amp; matt gl\u00e4nzende Weste in Schwarz mit Rei\u00dfverschluss von WOJOER. Bequeme Passform, aufreizend edles, badetaugliches Material im Vintagelook. Jetzt versandkostenfrei bestellen.\" \/>\n<meta name=\"robots\" content=\"index, follow, max-snippet:-1, max-image-preview:large, max-video-preview:-1\" \/>\n<link rel=\"canonical\" href=\"https:\/\/www.wojoer.de\/en\/produkt\/black-shark-weste-385w1\/\" \/>\n<meta name=\"twitter:card\" content=\"summary_large_image\" \/>\n<meta name=\"twitter:title\" content=\"Black Shark Weste | schwarz | Badeweste matt-gl\u00e4nzend | WOJOER\" \/>\n<meta name=\"twitter:description\" content=\"Black Shark Weste. Besonders fein &amp; matt gl\u00e4nzende Weste in Schwarz mit Rei\u00dfverschluss von WOJOER. Bequeme Passform, aufreizend edles, badetaugliches Material im Vintagelook. Jetzt versandkostenfrei bestellen.\" \/>\n<meta name=\"twitter:image\" content=\"https:\/\/www.wojoer.de\/wp-content\/uploads\/2019\/06\/385W1_blkshak_weste_wojoer-scaled.jpg\" \/>\n<meta name=\"twitter:label1\" content=\"Estimated reading time\" \/>\n\t<meta name=\"twitter:data1\" content=\"1 minute\" \/>\n<script type=\"application\/ld+json\" class=\"yoast-schema-graph\">{\"@context\":\"https:\/\/schema.org\",\"@graph\":[{\"@type\":\"WebPage\",\"@id\":\"https:\/\/www.wojoer.de\/produkt\/black-shark-weste-385w1\/\",\"url\":\"https:\/\/www.wojoer.de\/produkt\/black-shark-weste-385w1\/\",\"name\":\"Black Shark Weste | schwarz | Badeweste matt-gl\u00e4nzend | WOJOER\",\"isPartOf\":{\"@id\":\"https:\/\/www.wojoer.de\/#website\"},\"primaryImageOfPage\":{\"@id\":\"https:\/\/www.wojoer.de\/produkt\/black-shark-weste-385w1\/#primaryimage\"},\"image\":{\"@id\":\"https:\/\/www.wojoer.de\/produkt\/black-shark-weste-385w1\/#primaryimage\"},\"thumbnailUrl\":\"https:\/\/www.wojoer.de\/wp-content\/uploads\/2019\/06\/385W1_blkshak_weste_wojoer-scaled.jpg\",\"datePublished\":\"2019-11-01T03:01:27+00:00\",\"dateModified\":\"2024-02-09T12:22:36+00:00\",\"description\":\"Black Shark Weste. Besonders fein & matt gl\u00e4nzende Weste in Schwarz mit Rei\u00dfverschluss von WOJOER. Bequeme Passform, aufreizend edles, badetaugliches Material im Vintagelook. Jetzt versandkostenfrei bestellen.\",\"breadcrumb\":{\"@id\":\"https:\/\/www.wojoer.de\/produkt\/black-shark-weste-385w1\/#breadcrumb\"},\"inLanguage\":\"en-GB\",\"potentialAction\":[{\"@type\":\"ReadAction\",\"target\":[\"https:\/\/www.wojoer.de\/produkt\/black-shark-weste-385w1\/\"]}]},{\"@type\":\"ImageObject\",\"inLanguage\":\"en-GB\",\"@id\":\"https:\/\/www.wojoer.de\/produkt\/black-shark-weste-385w1\/#primaryimage\",\"url\":\"https:\/\/www.wojoer.de\/wp-content\/uploads\/2019\/06\/385W1_blkshak_weste_wojoer-scaled.jpg\",\"contentUrl\":\"https:\/\/www.wojoer.de\/wp-content\/uploads\/2019\/06\/385W1_blkshak_weste_wojoer-scaled.jpg\",\"width\":2560,\"height\":2560},{\"@type\":\"BreadcrumbList\",\"@id\":\"https:\/\/www.wojoer.de\/produkt\/black-shark-weste-385w1\/#breadcrumb\",\"itemListElement\":[{\"@type\":\"ListItem\",\"position\":1,\"name\":\"Startseite\",\"item\":\"https:\/\/www.wojoer.de\/\"},{\"@type\":\"ListItem\",\"position\":2,\"name\":\"SHOP\",\"item\":\"https:\/\/www.wojoer.de\/shop\/\"},{\"@type\":\"ListItem\",\"position\":3,\"name\":\"Black Shark Weste 385W1\"}]},{\"@type\":\"WebSite\",\"@id\":\"https:\/\/www.wojoer.de\/#website\",\"url\":\"https:\/\/www.wojoer.de\/\",\"name\":\"WOJOER\",\"description\":\"clubwear for men\",\"publisher\":{\"@id\":\"https:\/\/www.wojoer.de\/#organization\"},\"potentialAction\":[{\"@type\":\"SearchAction\",\"target\":{\"@type\":\"EntryPoint\",\"urlTemplate\":\"https:\/\/www.wojoer.de\/?s={search_term_string}\"},\"query-input\":{\"@type\":\"PropertyValueSpecification\",\"valueRequired\":true,\"valueName\":\"search_term_string\"}}],\"inLanguage\":\"en-GB\"},{\"@type\":\"Organization\",\"@id\":\"https:\/\/www.wojoer.de\/#organization\",\"name\":\"Wonneberger-Manufaktur\",\"url\":\"https:\/\/www.wojoer.de\/\",\"logo\":{\"@type\":\"ImageObject\",\"inLanguage\":\"en-GB\",\"@id\":\"https:\/\/www.wojoer.de\/#\/schema\/logo\/image\/\",\"url\":\"https:\/\/www.wojoer.de\/wp-content\/uploads\/2016\/11\/wonnebergermanufaktur_logo_BUTTON.png\",\"contentUrl\":\"https:\/\/www.wojoer.de\/wp-content\/uploads\/2016\/11\/wonnebergermanufaktur_logo_BUTTON.png\",\"width\":765,\"height\":765,\"caption\":\"Wonneberger-Manufaktur\"},\"image\":{\"@id\":\"https:\/\/www.wojoer.de\/#\/schema\/logo\/image\/\"},\"sameAs\":[\"https:\/\/www.facebook.com\/wojoer\/\",\"https:\/\/de.pinterest.com\/W0J0ER\/\"]}]}<\/script>\n<!-- \/ Yoast SEO plugin. -->","yoast_head_json":{"title":"Black Shark Weste | schwarz | Badeweste matt-gl\u00e4nzend | WOJOER","description":"Black Shark Weste. Besonders fein & matt gl\u00e4nzende Weste in Schwarz mit Rei\u00dfverschluss von WOJOER. Bequeme Passform, aufreizend edles, badetaugliches Material im Vintagelook. Jetzt versandkostenfrei bestellen.","robots":{"index":"index","follow":"follow","max-snippet":"max-snippet:-1","max-image-preview":"max-image-preview:large","max-video-preview":"max-video-preview:-1"},"canonical":"https:\/\/www.wojoer.de\/en\/produkt\/black-shark-weste-385w1\/","twitter_card":"summary_large_image","twitter_title":"Black Shark Weste | schwarz | Badeweste matt-gl\u00e4nzend | WOJOER","twitter_description":"Black Shark Weste. Besonders fein & matt gl\u00e4nzende Weste in Schwarz mit Rei\u00dfverschluss von WOJOER. Bequeme Passform, aufreizend edles, badetaugliches Material im Vintagelook. Jetzt versandkostenfrei bestellen.","twitter_image":"https:\/\/www.wojoer.de\/wp-content\/uploads\/2019\/06\/385W1_blkshak_weste_wojoer-scaled.jpg","twitter_misc":{"Estimated reading time":"1 minute"},"schema":{"@context":"https:\/\/schema.org","@graph":[{"@type":"WebPage","@id":"https:\/\/www.wojoer.de\/produkt\/black-shark-weste-385w1\/","url":"https:\/\/www.wojoer.de\/produkt\/black-shark-weste-385w1\/","name":"Black Shark Weste | schwarz | Badeweste matt-gl\u00e4nzend | WOJOER","isPartOf":{"@id":"https:\/\/www.wojoer.de\/#website"},"primaryImageOfPage":{"@id":"https:\/\/www.wojoer.de\/produkt\/black-shark-weste-385w1\/#primaryimage"},"image":{"@id":"https:\/\/www.wojoer.de\/produkt\/black-shark-weste-385w1\/#primaryimage"},"thumbnailUrl":"https:\/\/www.wojoer.de\/wp-content\/uploads\/2019\/06\/385W1_blkshak_weste_wojoer-scaled.jpg","datePublished":"2019-11-01T03:01:27+00:00","dateModified":"2024-02-09T12:22:36+00:00","description":"Black Shark Weste. Besonders fein & matt gl\u00e4nzende Weste in Schwarz mit Rei\u00dfverschluss von WOJOER. Bequeme Passform, aufreizend edles, badetaugliches Material im Vintagelook. Jetzt versandkostenfrei bestellen.","breadcrumb":{"@id":"https:\/\/www.wojoer.de\/produkt\/black-shark-weste-385w1\/#breadcrumb"},"inLanguage":"en-GB","potentialAction":[{"@type":"ReadAction","target":["https:\/\/www.wojoer.de\/produkt\/black-shark-weste-385w1\/"]}]},{"@type":"ImageObject","inLanguage":"en-GB","@id":"https:\/\/www.wojoer.de\/produkt\/black-shark-weste-385w1\/#primaryimage","url":"https:\/\/www.wojoer.de\/wp-content\/uploads\/2019\/06\/385W1_blkshak_weste_wojoer-scaled.jpg","contentUrl":"https:\/\/www.wojoer.de\/wp-content\/uploads\/2019\/06\/385W1_blkshak_weste_wojoer-scaled.jpg","width":2560,"height":2560},{"@type":"BreadcrumbList","@id":"https:\/\/www.wojoer.de\/produkt\/black-shark-weste-385w1\/#breadcrumb","itemListElement":[{"@type":"ListItem","position":1,"name":"Startseite","item":"https:\/\/www.wojoer.de\/"},{"@type":"ListItem","position":2,"name":"SHOP","item":"https:\/\/www.wojoer.de\/shop\/"},{"@type":"ListItem","position":3,"name":"Black Shark Weste 385W1"}]},{"@type":"WebSite","@id":"https:\/\/www.wojoer.de\/#website","url":"https:\/\/www.wojoer.de\/","name":"WOJOER","description":"clubwear for men","publisher":{"@id":"https:\/\/www.wojoer.de\/#organization"},"potentialAction":[{"@type":"SearchAction","target":{"@type":"EntryPoint","urlTemplate":"https:\/\/www.wojoer.de\/?s={search_term_string}"},"query-input":{"@type":"PropertyValueSpecification","valueRequired":true,"valueName":"search_term_string"}}],"inLanguage":"en-GB"},{"@type":"Organization","@id":"https:\/\/www.wojoer.de\/#organization","name":"Wonneberger-Manufaktur","url":"https:\/\/www.wojoer.de\/","logo":{"@type":"ImageObject","inLanguage":"en-GB","@id":"https:\/\/www.wojoer.de\/#\/schema\/logo\/image\/","url":"https:\/\/www.wojoer.de\/wp-content\/uploads\/2016\/11\/wonnebergermanufaktur_logo_BUTTON.png","contentUrl":"https:\/\/www.wojoer.de\/wp-content\/uploads\/2016\/11\/wonnebergermanufaktur_logo_BUTTON.png","width":765,"height":765,"caption":"Wonneberger-Manufaktur"},"image":{"@id":"https:\/\/www.wojoer.de\/#\/schema\/logo\/image\/"},"sameAs":["https:\/\/www.facebook.com\/wojoer\/","https:\/\/de.pinterest.com\/W0J0ER\/"]}]}},"_links":{"self":[{"href":"https:\/\/www.wojoer.de\/en\/wp-json\/wp\/v2\/product\/16404","targetHints":{"allow":["GET"]}}],"collection":[{"href":"https:\/\/www.wojoer.de\/en\/wp-json\/wp\/v2\/product"}],"about":[{"href":"https:\/\/www.wojoer.de\/en\/wp-json\/wp\/v2\/types\/product"}],"replies":[{"embeddable":true,"href":"https:\/\/www.wojoer.de\/en\/wp-json\/wp\/v2\/comments?post=16404"}],"wp:featuredmedia":[{"embeddable":true,"href":"https:\/\/www.wojoer.de\/en\/wp-json\/wp\/v2\/media\/15814"}],"wp:attachment":[{"href":"https:\/\/www.wojoer.de\/en\/wp-json\/wp\/v2\/media?parent=16404"}],"wp:term":[{"taxonomy":"product_brand","embeddable":true,"href":"https:\/\/www.wojoer.de\/en\/wp-json\/wp\/v2\/product_brand?post=16404"},{"taxonomy":"product_cat","embeddable":true,"href":"https:\/\/www.wojoer.de\/en\/wp-json\/wp\/v2\/product_cat?post=16404"},{"taxonomy":"product_tag","embeddable":true,"href":"https:\/\/www.wojoer.de\/en\/wp-json\/wp\/v2\/product_tag?post=16404"}],"curies":[{"name":"wp","href":"https:\/\/api.w.org\/{rel}","templated":true}]}}