{"id":16502,"date":"2023-10-30T11:07:05","date_gmt":"2023-10-30T10:07:05","guid":{"rendered":"https:\/\/www.wojoer.de\/produkt\/dr-love-damen-leatherlike-kleid-387k1\/"},"modified":"2024-10-24T15:37:36","modified_gmt":"2024-10-24T13:37:36","slug":"dr-love-damen-lack-kleid-387k1","status":"publish","type":"product","link":"https:\/\/www.wojoer.de\/en\/produkt\/dr-love-damen-lack-kleid-387k1\/","title":{"rendered":"Dr. Love Damen Lack Kleid 387K1"},"content":{"rendered":"<p>Der Dr. Love Damen Leatherlike Kleid\u00a0387K1 geh\u00f6rt zu den Wojoer LIVE-Produkten. Sie werden ab Bestellung bei uns produziert. So k\u00f6nnen wir auf Kundenw\u00fcnsche individuell eingehen.<\/p>\n<h3>Gr\u00f6\u00dfen<\/h3>\n<p>Erh\u00e4ltlich in den Gr\u00f6\u00dfen 34, 36, 38, 40, 42, 44, 46, 48, 50<\/p>\n<h3>Materialzusammensetzung<\/h3>\n<p>rotes Netz: 94% Polyester, 6% Elasthan<\/p>\n<p>Wei\u00df: 100% Polyester, 100% Polyurethan<\/p>\n<h3>Besonderheiten<\/h3>\n<p><a href=\"http:\/\/www.wojoer.de\/?s=LIVE&#038;post_type=product\">LIVE-Produkt<\/a> \u00a0| matte und glatt gl\u00e4nzende Oberfl\u00e4chenoptik | wei\u00dfes Leatherlike | feurig rotes Powernet | haut enge Passform\u00a0 | stabil und bi-elastisch | hochwertige Verarbeitung &#8220;Made in Germany&#8221;<\/p>\n<h3><strong>Benutzerhinweise<\/strong><\/h3>\n<p>30\u00b0 Grad Schonw\u00e4sche, keine Weichsp\u00fcler<\/p>\n<h3>DR. LOVE DAMEN LEATHERLIKE KLEID &#8211; sexy Kleid for women<\/h3>\n<p>Was passiert, wenn wei\u00dfe S\u00fcnde auf feurig, rote Verf\u00fchrung trifft? Dann hei\u00dft es &#8220;Freimachen bitte!&#8221; Habt ihr nun auch gleich erotische Doktorspielchen im Kopf? Egal ob du als strenge Ober\u00e4rztin lustvoll deine Patienten und Patientinnen abtastest, oder als h\u00fcbsche Krankenschwester sanfte Hilfestellung beim Entkleiden gibst, deiner Fantasie sind keine Grenzen gesetzt! Das \u00e4u\u00dferst angenehme, sehr stabile und Bi-elastische Leatherlike ist dank seiner Eigenschaften der perfekte Begleiter, wenn es wild und vorallem feucht zugeht! Zudem kommt noch das super dehnbare Powernet, welches dir jegliche Bewegungsfreiheit schenkt! So lasst die Spiele beginnen!<\/p>\n<p>Und weil es so sexy und bequem gleicherma\u00dfen ist, gibt\u2019s f\u00fcr deinen Partner den passenden <a href=\"https:\/\/www.wojoer.de\/produkt\/neopren-tanga-weiss\/\">Partnerlook &#8211; Shirt<\/a> dazu.<\/p>\n","protected":false},"excerpt":{"rendered":"<p>Der Dr. Love Damen Leatherlike Kleid\u00a0387K1 geh\u00f6rt zu den Wojoer LIVE-Produkten. Sie werden ab Bestellung bei uns produziert. So k\u00f6nnen wir auf Kundenw\u00fcnsche individuell eingehen.<br \/>\nGr\u00f6\u00dfen<br \/>\nErh\u00e4ltlich in den Gr\u00f6\u00dfen 34, 36, 38, 40, 42, 44, 46, 48, 50<br \/>\nMaterialzusammensetzung<br \/>\nrotes Netz: 94% Polyester,\u2026<\/p>\n","protected":false},"featured_media":20042,"comment_status":"open","ping_status":"closed","template":"","meta":[],"product_brand":[],"product_cat":[706,842,114,471,195,326],"product_tag":[194,430,119],"class_list":{"0":"post-16502","1":"product","2":"type-product","3":"status-publish","4":"has-post-thumbnail","6":"product_cat-doctor-love-ladies","7":"product_cat-doctorlove","8":"product_cat-fetisch","9":"product_cat-partnerlook","10":"product_cat-produktion-auf-bestellung-liveproduktion","11":"product_cat-wojoer","12":"product_tag-leatherlike","13":"product_tag-powernet","14":"product_tag-string","15":"product_shipping_class-beun","16":"pa_groesse-544","17":"pa_groesse-545","18":"pa_groesse-546","19":"pa_groesse-547","20":"pa_groesse-548","21":"pa_groesse-549","22":"pa_groesse-550","23":"pa_groesse-551","24":"pa_groesse-552","25":"pif-has-gallery","26":"post-1","27":"odd","29":"first","30":"onbackorder","31":"taxable","32":"shipping-taxable","33":"purchasable","34":"product-type-variable"},"yoast_head":"<!-- This site is optimized with the Yoast SEO plugin v27.2 - https:\/\/yoast.com\/product\/yoast-seo-wordpress\/ -->\n<title>Dr. Love Damen Leatherlike Kleid | Wei\u00df | Powernet | Rot | WOJOER<\/title>\n<meta name=\"description\" content=\"Dr. Love Damen Leatherlike Kleid. Nicht nur das hautenge, wei\u00dfe Leatherlike ist ungewohnt erotisch, auch die Kombination mit dem feurig, hei\u00dfen Powernet ist \u00e4u\u00dferst erregend. Doktorspiele non stop, nur bei Wojoer. Jetzt versandkostenfrei online bestellen.\" \/>\n<meta name=\"robots\" content=\"index, follow, max-snippet:-1, max-image-preview:large, max-video-preview:-1\" \/>\n<link rel=\"canonical\" href=\"https:\/\/www.wojoer.de\/en\/produkt\/dr-love-damen-lack-kleid-387k1\/\" \/>\n<meta name=\"twitter:card\" content=\"summary_large_image\" \/>\n<meta name=\"twitter:title\" content=\"Dr. Love Damen Leatherlike Kleid | Wei\u00df | Powernet | Rot | WOJOER\" \/>\n<meta name=\"twitter:description\" content=\"Dr. Love Damen Leatherlike Kleid. Nicht nur das hautenge, wei\u00dfe Leatherlike ist ungewohnt erotisch, auch die Kombination mit dem feurig, hei\u00dfen Powernet ist \u00e4u\u00dferst erregend. Doktorspiele non stop, nur bei Wojoer. Jetzt versandkostenfrei online bestellen.\" \/>\n<meta name=\"twitter:image\" content=\"https:\/\/www.wojoer.de\/wp-content\/uploads\/2019\/07\/387K1_DrLove_Kleid_female_side_wojoer.jpg\" \/>\n<meta name=\"twitter:label1\" content=\"Estimated reading time\" \/>\n\t<meta name=\"twitter:data1\" content=\"2 minutes\" \/>\n<script type=\"application\/ld+json\" class=\"yoast-schema-graph\">{\"@context\":\"https:\/\/schema.org\",\"@graph\":[{\"@type\":\"WebPage\",\"@id\":\"https:\/\/www.wojoer.de\/produkt\/dr-love-damen-lack-kleid-387k1\/\",\"url\":\"https:\/\/www.wojoer.de\/produkt\/dr-love-damen-lack-kleid-387k1\/\",\"name\":\"Dr. Love Damen Leatherlike Kleid | Wei\u00df | Powernet | Rot | WOJOER\",\"isPartOf\":{\"@id\":\"https:\/\/www.wojoer.de\/#website\"},\"primaryImageOfPage\":{\"@id\":\"https:\/\/www.wojoer.de\/produkt\/dr-love-damen-lack-kleid-387k1\/#primaryimage\"},\"image\":{\"@id\":\"https:\/\/www.wojoer.de\/produkt\/dr-love-damen-lack-kleid-387k1\/#primaryimage\"},\"thumbnailUrl\":\"https:\/\/www.wojoer.de\/wp-content\/uploads\/2019\/07\/387K1_DrLove_Kleid_female_side_wojoer.jpg\",\"datePublished\":\"2023-10-30T10:07:05+00:00\",\"dateModified\":\"2024-10-24T13:37:36+00:00\",\"description\":\"Dr. Love Damen Leatherlike Kleid. Nicht nur das hautenge, wei\u00dfe Leatherlike ist ungewohnt erotisch, auch die Kombination mit dem feurig, hei\u00dfen Powernet ist \u00e4u\u00dferst erregend. Doktorspiele non stop, nur bei Wojoer. Jetzt versandkostenfrei online bestellen.\",\"breadcrumb\":{\"@id\":\"https:\/\/www.wojoer.de\/produkt\/dr-love-damen-lack-kleid-387k1\/#breadcrumb\"},\"inLanguage\":\"en-GB\",\"potentialAction\":[{\"@type\":\"ReadAction\",\"target\":[\"https:\/\/www.wojoer.de\/produkt\/dr-love-damen-lack-kleid-387k1\/\"]}]},{\"@type\":\"ImageObject\",\"inLanguage\":\"en-GB\",\"@id\":\"https:\/\/www.wojoer.de\/produkt\/dr-love-damen-lack-kleid-387k1\/#primaryimage\",\"url\":\"https:\/\/www.wojoer.de\/wp-content\/uploads\/2019\/07\/387K1_DrLove_Kleid_female_side_wojoer.jpg\",\"contentUrl\":\"https:\/\/www.wojoer.de\/wp-content\/uploads\/2019\/07\/387K1_DrLove_Kleid_female_side_wojoer.jpg\",\"width\":2002,\"height\":2002,\"caption\":\"Damen Kleid rotes Netz f\u00fcr \u00c4rzte Spiele\"},{\"@type\":\"BreadcrumbList\",\"@id\":\"https:\/\/www.wojoer.de\/produkt\/dr-love-damen-lack-kleid-387k1\/#breadcrumb\",\"itemListElement\":[{\"@type\":\"ListItem\",\"position\":1,\"name\":\"Startseite\",\"item\":\"https:\/\/www.wojoer.de\/\"},{\"@type\":\"ListItem\",\"position\":2,\"name\":\"SHOP\",\"item\":\"https:\/\/www.wojoer.de\/shop\/\"},{\"@type\":\"ListItem\",\"position\":3,\"name\":\"Dr. Love Damen Lack Kleid 387K1\"}]},{\"@type\":\"WebSite\",\"@id\":\"https:\/\/www.wojoer.de\/#website\",\"url\":\"https:\/\/www.wojoer.de\/\",\"name\":\"WOJOER\",\"description\":\"clubwear for men\",\"publisher\":{\"@id\":\"https:\/\/www.wojoer.de\/#organization\"},\"potentialAction\":[{\"@type\":\"SearchAction\",\"target\":{\"@type\":\"EntryPoint\",\"urlTemplate\":\"https:\/\/www.wojoer.de\/?s={search_term_string}\"},\"query-input\":{\"@type\":\"PropertyValueSpecification\",\"valueRequired\":true,\"valueName\":\"search_term_string\"}}],\"inLanguage\":\"en-GB\"},{\"@type\":\"Organization\",\"@id\":\"https:\/\/www.wojoer.de\/#organization\",\"name\":\"Wonneberger-Manufaktur\",\"url\":\"https:\/\/www.wojoer.de\/\",\"logo\":{\"@type\":\"ImageObject\",\"inLanguage\":\"en-GB\",\"@id\":\"https:\/\/www.wojoer.de\/#\/schema\/logo\/image\/\",\"url\":\"https:\/\/www.wojoer.de\/wp-content\/uploads\/2016\/11\/wonnebergermanufaktur_logo_BUTTON.png\",\"contentUrl\":\"https:\/\/www.wojoer.de\/wp-content\/uploads\/2016\/11\/wonnebergermanufaktur_logo_BUTTON.png\",\"width\":765,\"height\":765,\"caption\":\"Wonneberger-Manufaktur\"},\"image\":{\"@id\":\"https:\/\/www.wojoer.de\/#\/schema\/logo\/image\/\"},\"sameAs\":[\"https:\/\/www.facebook.com\/wojoer\/\",\"https:\/\/de.pinterest.com\/W0J0ER\/\"]}]}<\/script>\n<!-- \/ Yoast SEO plugin. -->","yoast_head_json":{"title":"Dr. Love Damen Leatherlike Kleid | Wei\u00df | Powernet | Rot | WOJOER","description":"Dr. Love Damen Leatherlike Kleid. Nicht nur das hautenge, wei\u00dfe Leatherlike ist ungewohnt erotisch, auch die Kombination mit dem feurig, hei\u00dfen Powernet ist \u00e4u\u00dferst erregend. Doktorspiele non stop, nur bei Wojoer. Jetzt versandkostenfrei online bestellen.","robots":{"index":"index","follow":"follow","max-snippet":"max-snippet:-1","max-image-preview":"max-image-preview:large","max-video-preview":"max-video-preview:-1"},"canonical":"https:\/\/www.wojoer.de\/en\/produkt\/dr-love-damen-lack-kleid-387k1\/","twitter_card":"summary_large_image","twitter_title":"Dr. Love Damen Leatherlike Kleid | Wei\u00df | Powernet | Rot | WOJOER","twitter_description":"Dr. Love Damen Leatherlike Kleid. Nicht nur das hautenge, wei\u00dfe Leatherlike ist ungewohnt erotisch, auch die Kombination mit dem feurig, hei\u00dfen Powernet ist \u00e4u\u00dferst erregend. Doktorspiele non stop, nur bei Wojoer. Jetzt versandkostenfrei online bestellen.","twitter_image":"https:\/\/www.wojoer.de\/wp-content\/uploads\/2019\/07\/387K1_DrLove_Kleid_female_side_wojoer.jpg","twitter_misc":{"Estimated reading time":"2 minutes"},"schema":{"@context":"https:\/\/schema.org","@graph":[{"@type":"WebPage","@id":"https:\/\/www.wojoer.de\/produkt\/dr-love-damen-lack-kleid-387k1\/","url":"https:\/\/www.wojoer.de\/produkt\/dr-love-damen-lack-kleid-387k1\/","name":"Dr. Love Damen Leatherlike Kleid | Wei\u00df | Powernet | Rot | WOJOER","isPartOf":{"@id":"https:\/\/www.wojoer.de\/#website"},"primaryImageOfPage":{"@id":"https:\/\/www.wojoer.de\/produkt\/dr-love-damen-lack-kleid-387k1\/#primaryimage"},"image":{"@id":"https:\/\/www.wojoer.de\/produkt\/dr-love-damen-lack-kleid-387k1\/#primaryimage"},"thumbnailUrl":"https:\/\/www.wojoer.de\/wp-content\/uploads\/2019\/07\/387K1_DrLove_Kleid_female_side_wojoer.jpg","datePublished":"2023-10-30T10:07:05+00:00","dateModified":"2024-10-24T13:37:36+00:00","description":"Dr. Love Damen Leatherlike Kleid. Nicht nur das hautenge, wei\u00dfe Leatherlike ist ungewohnt erotisch, auch die Kombination mit dem feurig, hei\u00dfen Powernet ist \u00e4u\u00dferst erregend. Doktorspiele non stop, nur bei Wojoer. Jetzt versandkostenfrei online bestellen.","breadcrumb":{"@id":"https:\/\/www.wojoer.de\/produkt\/dr-love-damen-lack-kleid-387k1\/#breadcrumb"},"inLanguage":"en-GB","potentialAction":[{"@type":"ReadAction","target":["https:\/\/www.wojoer.de\/produkt\/dr-love-damen-lack-kleid-387k1\/"]}]},{"@type":"ImageObject","inLanguage":"en-GB","@id":"https:\/\/www.wojoer.de\/produkt\/dr-love-damen-lack-kleid-387k1\/#primaryimage","url":"https:\/\/www.wojoer.de\/wp-content\/uploads\/2019\/07\/387K1_DrLove_Kleid_female_side_wojoer.jpg","contentUrl":"https:\/\/www.wojoer.de\/wp-content\/uploads\/2019\/07\/387K1_DrLove_Kleid_female_side_wojoer.jpg","width":2002,"height":2002,"caption":"Damen Kleid rotes Netz f\u00fcr \u00c4rzte Spiele"},{"@type":"BreadcrumbList","@id":"https:\/\/www.wojoer.de\/produkt\/dr-love-damen-lack-kleid-387k1\/#breadcrumb","itemListElement":[{"@type":"ListItem","position":1,"name":"Startseite","item":"https:\/\/www.wojoer.de\/"},{"@type":"ListItem","position":2,"name":"SHOP","item":"https:\/\/www.wojoer.de\/shop\/"},{"@type":"ListItem","position":3,"name":"Dr. Love Damen Lack Kleid 387K1"}]},{"@type":"WebSite","@id":"https:\/\/www.wojoer.de\/#website","url":"https:\/\/www.wojoer.de\/","name":"WOJOER","description":"clubwear for men","publisher":{"@id":"https:\/\/www.wojoer.de\/#organization"},"potentialAction":[{"@type":"SearchAction","target":{"@type":"EntryPoint","urlTemplate":"https:\/\/www.wojoer.de\/?s={search_term_string}"},"query-input":{"@type":"PropertyValueSpecification","valueRequired":true,"valueName":"search_term_string"}}],"inLanguage":"en-GB"},{"@type":"Organization","@id":"https:\/\/www.wojoer.de\/#organization","name":"Wonneberger-Manufaktur","url":"https:\/\/www.wojoer.de\/","logo":{"@type":"ImageObject","inLanguage":"en-GB","@id":"https:\/\/www.wojoer.de\/#\/schema\/logo\/image\/","url":"https:\/\/www.wojoer.de\/wp-content\/uploads\/2016\/11\/wonnebergermanufaktur_logo_BUTTON.png","contentUrl":"https:\/\/www.wojoer.de\/wp-content\/uploads\/2016\/11\/wonnebergermanufaktur_logo_BUTTON.png","width":765,"height":765,"caption":"Wonneberger-Manufaktur"},"image":{"@id":"https:\/\/www.wojoer.de\/#\/schema\/logo\/image\/"},"sameAs":["https:\/\/www.facebook.com\/wojoer\/","https:\/\/de.pinterest.com\/W0J0ER\/"]}]}},"_links":{"self":[{"href":"https:\/\/www.wojoer.de\/en\/wp-json\/wp\/v2\/product\/16502","targetHints":{"allow":["GET"]}}],"collection":[{"href":"https:\/\/www.wojoer.de\/en\/wp-json\/wp\/v2\/product"}],"about":[{"href":"https:\/\/www.wojoer.de\/en\/wp-json\/wp\/v2\/types\/product"}],"replies":[{"embeddable":true,"href":"https:\/\/www.wojoer.de\/en\/wp-json\/wp\/v2\/comments?post=16502"}],"wp:featuredmedia":[{"embeddable":true,"href":"https:\/\/www.wojoer.de\/en\/wp-json\/wp\/v2\/media\/20042"}],"wp:attachment":[{"href":"https:\/\/www.wojoer.de\/en\/wp-json\/wp\/v2\/media?parent=16502"}],"wp:term":[{"taxonomy":"product_brand","embeddable":true,"href":"https:\/\/www.wojoer.de\/en\/wp-json\/wp\/v2\/product_brand?post=16502"},{"taxonomy":"product_cat","embeddable":true,"href":"https:\/\/www.wojoer.de\/en\/wp-json\/wp\/v2\/product_cat?post=16502"},{"taxonomy":"product_tag","embeddable":true,"href":"https:\/\/www.wojoer.de\/en\/wp-json\/wp\/v2\/product_tag?post=16502"}],"curies":[{"name":"wp","href":"https:\/\/api.w.org\/{rel}","templated":true}]}}