{"id":16527,"date":"2019-11-01T09:16:12","date_gmt":"2019-11-01T08:16:12","guid":{"rendered":"https:\/\/www.wojoer.de\/produkt\/black-shark-damen-body-385fs1\/"},"modified":"2023-10-05T11:27:03","modified_gmt":"2023-10-05T09:27:03","slug":"black-shark-ladies-body-385fs1","status":"publish","type":"product","link":"https:\/\/www.wojoer.de\/en\/produkt\/black-shark-ladies-body-385fs1\/","title":{"rendered":"Black Shark Damen Body 385FS1"},"content":{"rendered":"<p>Production to order because the black shark Ladies Body 385FS1 belongs to the category: wojoer\u00a0<a href=\"https:\/\/www.wojoer.de\/?s=live+produkte&#038;post_type=product\"> Live products<\/a>.!<\/p>\n<h3>Sizes<\/h3>\n<p>Avaiable in sizes 32-42<\/p>\n<h3>Material composition<\/h3>\n<p>80% polyester | 20% spandex<\/p>\n<h3>Particularities<\/h3>\n<p><a href=\"http:\/\/www.wojoer.de\/?s=live&#038;post_type=product\">LIVE product<\/a> | matt glossy, sligthly strechy material | swimwear Leatherlike | vintage patterns | skin tight fit | Chlorine and salt water resistant | snap closure in front the neck | high quality Made in Germany<\/p>\n<h3>Wash instructions<\/h3>\n<p>Salt- and chlorinated water resistant<\/p>\n<h3>BLACK SHARK LADIES Body &#8211; shiny Vintage Body<\/h3>\n<p>Ola la! This Black shark bodysuit is not a suit like any other. Because he just sits perfectly, is wonderfully comfortable and because of his vintage pattern is incredibly mystical and attractive. The almost velvety feel is a real dream and comes with its irresistible matt shine. Finally, it is also bath situable for chlorine and salt water.<\/p>\n<p>And because its so sexy and comfortable at the same time, there&#8217;s a matching <a href=\"https:\/\/www.wojoer.de\/?s=partnerlook&#038;post_type=product\">partnerlook<\/a> thong.<\/p>\n<p>Here&#8217;s the<a href=\"https:\/\/www.wojoer.de\/groessentabelle\/\"> size chart<\/a>!<\/p>\n","protected":false},"excerpt":{"rendered":"<p>Produktion auf Bestellung, denn der schwarze Black Shark Damen Body\u00a0385FS1 geh\u00f6rt in die Kategorie: Wojoer &#8220;LIVE-Produkte&#8221;!<br \/>\nGr\u00f6\u00dfen<br \/>\nErh\u00e4ltlich in den Gr\u00f6\u00dfen 32-42<br \/>\nMaterialzusammensetzung<br \/>\n80% Polyester | 20% Elasthan<br \/>\nBesonderheiten<br \/>\nLIVE Produkt | matt gl\u00e4nzendes, leicht dehnbares Material | Badetaugliches Leatherlike | Vintagemuster | hautenge Passform |\u2026<\/p>\n","protected":false},"featured_media":26074,"comment_status":"open","ping_status":"closed","template":"","meta":[],"product_brand":[],"product_cat":[705,840,471,195],"product_tag":[276,108,394,247],"class_list":{"0":"post-16527","1":"product","2":"type-product","3":"status-publish","4":"has-post-thumbnail","6":"product_cat-black-shark-ladies","7":"product_cat-black-shark","8":"product_cat-partnerlook","9":"product_cat-produktion-auf-bestellung-liveproduktion","10":"product_tag-badeglanz","11":"product_tag-1beachwear","12":"product_tag-bodysuit","13":"product_tag-wetlook","14":"product_shipping_class-beun","15":"pa_groesse-583","16":"pa_groesse-544","17":"pa_groesse-545","18":"pa_groesse-546","19":"pa_groesse-547","20":"pa_groesse-548","21":"pif-has-gallery","22":"post-1","23":"odd","25":"first","26":"onbackorder","27":"taxable","28":"shipping-taxable","29":"purchasable","30":"product-type-variable"},"yoast_head":"<!-- This site is optimized with the Yoast SEO plugin v27.2 - https:\/\/yoast.com\/product\/yoast-seo-wordpress\/ -->\n<title>Black Shark Damen Body | schwarz | Badestring matt-gl\u00e4nzend<\/title>\n<meta name=\"description\" content=\"Black Shark women&#039;s body. Particularly fine &amp; matt shiny suit in black from WOJOER. Comfortable fit, exquisitely elegant, bathing material in vintage look. Order now free shipping.\" \/>\n<meta name=\"robots\" content=\"index, follow, max-snippet:-1, max-image-preview:large, max-video-preview:-1\" \/>\n<link rel=\"canonical\" href=\"https:\/\/www.wojoer.de\/en\/produkt\/black-shark-ladies-body-385fs1\/\" \/>\n<meta name=\"twitter:card\" content=\"summary_large_image\" \/>\n<meta name=\"twitter:title\" content=\"Black Shark Damen Body | schwarz | Badestring matt-gl\u00e4nzend\" \/>\n<meta name=\"twitter:description\" content=\"Black Shark Damen Body. Besonders fein &amp; matt gl\u00e4nzender Anzug in Schwarz von WOJOER. Bequeme Passform, aufreizend edles, badetaugliches Material im Vintagelook. Jetzt versandkostenfrei bestellen.\" \/>\n<meta name=\"twitter:image\" content=\"https:\/\/www.wojoer.de\/wp-content\/uploads\/2020\/05\/385FS1_BlackShark_Stringbody_female_wojoer.jpg\" \/>\n<meta name=\"twitter:label1\" content=\"Estimated reading time\" \/>\n\t<meta name=\"twitter:data1\" content=\"1 minute\" \/>\n<script type=\"application\/ld+json\" class=\"yoast-schema-graph\">{\"@context\":\"https:\/\/schema.org\",\"@graph\":[{\"@type\":\"WebPage\",\"@id\":\"https:\/\/www.wojoer.de\/produkt\/black-shark-ladies-body-385fs1\/\",\"url\":\"https:\/\/www.wojoer.de\/produkt\/black-shark-ladies-body-385fs1\/\",\"name\":\"Black Shark Damen Body | schwarz | Badestring matt-gl\u00e4nzend\",\"isPartOf\":{\"@id\":\"https:\/\/www.wojoer.de\/#website\"},\"primaryImageOfPage\":{\"@id\":\"https:\/\/www.wojoer.de\/produkt\/black-shark-ladies-body-385fs1\/#primaryimage\"},\"image\":{\"@id\":\"https:\/\/www.wojoer.de\/produkt\/black-shark-ladies-body-385fs1\/#primaryimage\"},\"thumbnailUrl\":\"https:\/\/www.wojoer.de\/wp-content\/uploads\/2020\/05\/385FS1_BlackShark_Stringbody_female_wojoer.jpg\",\"datePublished\":\"2019-11-01T08:16:12+00:00\",\"dateModified\":\"2023-10-05T09:27:03+00:00\",\"description\":\"Black Shark Damen Body. Besonders fein & matt gl\u00e4nzender Anzug in Schwarz von WOJOER. Bequeme Passform, aufreizend edles, badetaugliches Material im Vintagelook. Jetzt versandkostenfrei bestellen.\",\"breadcrumb\":{\"@id\":\"https:\/\/www.wojoer.de\/produkt\/black-shark-ladies-body-385fs1\/#breadcrumb\"},\"inLanguage\":\"en-GB\",\"potentialAction\":[{\"@type\":\"ReadAction\",\"target\":[\"https:\/\/www.wojoer.de\/produkt\/black-shark-ladies-body-385fs1\/\"]}]},{\"@type\":\"ImageObject\",\"inLanguage\":\"en-GB\",\"@id\":\"https:\/\/www.wojoer.de\/produkt\/black-shark-ladies-body-385fs1\/#primaryimage\",\"url\":\"https:\/\/www.wojoer.de\/wp-content\/uploads\/2020\/05\/385FS1_BlackShark_Stringbody_female_wojoer.jpg\",\"contentUrl\":\"https:\/\/www.wojoer.de\/wp-content\/uploads\/2020\/05\/385FS1_BlackShark_Stringbody_female_wojoer.jpg\",\"width\":2002,\"height\":1990},{\"@type\":\"BreadcrumbList\",\"@id\":\"https:\/\/www.wojoer.de\/produkt\/black-shark-ladies-body-385fs1\/#breadcrumb\",\"itemListElement\":[{\"@type\":\"ListItem\",\"position\":1,\"name\":\"Startseite\",\"item\":\"https:\/\/www.wojoer.de\/\"},{\"@type\":\"ListItem\",\"position\":2,\"name\":\"SHOP\",\"item\":\"https:\/\/www.wojoer.de\/shop\/\"},{\"@type\":\"ListItem\",\"position\":3,\"name\":\"Black Shark Damen Body 385FS1\"}]},{\"@type\":\"WebSite\",\"@id\":\"https:\/\/www.wojoer.de\/#website\",\"url\":\"https:\/\/www.wojoer.de\/\",\"name\":\"WOJOER\",\"description\":\"clubwear for men\",\"publisher\":{\"@id\":\"https:\/\/www.wojoer.de\/#organization\"},\"potentialAction\":[{\"@type\":\"SearchAction\",\"target\":{\"@type\":\"EntryPoint\",\"urlTemplate\":\"https:\/\/www.wojoer.de\/?s={search_term_string}\"},\"query-input\":{\"@type\":\"PropertyValueSpecification\",\"valueRequired\":true,\"valueName\":\"search_term_string\"}}],\"inLanguage\":\"en-GB\"},{\"@type\":\"Organization\",\"@id\":\"https:\/\/www.wojoer.de\/#organization\",\"name\":\"Wonneberger-Manufaktur\",\"url\":\"https:\/\/www.wojoer.de\/\",\"logo\":{\"@type\":\"ImageObject\",\"inLanguage\":\"en-GB\",\"@id\":\"https:\/\/www.wojoer.de\/#\/schema\/logo\/image\/\",\"url\":\"https:\/\/www.wojoer.de\/wp-content\/uploads\/2016\/11\/wonnebergermanufaktur_logo_BUTTON.png\",\"contentUrl\":\"https:\/\/www.wojoer.de\/wp-content\/uploads\/2016\/11\/wonnebergermanufaktur_logo_BUTTON.png\",\"width\":765,\"height\":765,\"caption\":\"Wonneberger-Manufaktur\"},\"image\":{\"@id\":\"https:\/\/www.wojoer.de\/#\/schema\/logo\/image\/\"},\"sameAs\":[\"https:\/\/www.facebook.com\/wojoer\/\",\"https:\/\/de.pinterest.com\/W0J0ER\/\"]}]}<\/script>\n<!-- \/ Yoast SEO plugin. -->","yoast_head_json":{"title":"Black Shark Damen Body | schwarz | Badestring matt-gl\u00e4nzend","description":"Black Shark women's body. Particularly fine & matt shiny suit in black from WOJOER. Comfortable fit, exquisitely elegant, bathing material in vintage look. Order now free shipping.","robots":{"index":"index","follow":"follow","max-snippet":"max-snippet:-1","max-image-preview":"max-image-preview:large","max-video-preview":"max-video-preview:-1"},"canonical":"https:\/\/www.wojoer.de\/en\/produkt\/black-shark-ladies-body-385fs1\/","twitter_card":"summary_large_image","twitter_title":"Black Shark Damen Body | schwarz | Badestring matt-gl\u00e4nzend","twitter_description":"Black Shark Damen Body. Besonders fein & matt gl\u00e4nzender Anzug in Schwarz von WOJOER. Bequeme Passform, aufreizend edles, badetaugliches Material im Vintagelook. Jetzt versandkostenfrei bestellen.","twitter_image":"https:\/\/www.wojoer.de\/wp-content\/uploads\/2020\/05\/385FS1_BlackShark_Stringbody_female_wojoer.jpg","twitter_misc":{"Estimated reading time":"1 minute"},"schema":{"@context":"https:\/\/schema.org","@graph":[{"@type":"WebPage","@id":"https:\/\/www.wojoer.de\/produkt\/black-shark-ladies-body-385fs1\/","url":"https:\/\/www.wojoer.de\/produkt\/black-shark-ladies-body-385fs1\/","name":"Black Shark Damen Body | schwarz | Badestring matt-gl\u00e4nzend","isPartOf":{"@id":"https:\/\/www.wojoer.de\/#website"},"primaryImageOfPage":{"@id":"https:\/\/www.wojoer.de\/produkt\/black-shark-ladies-body-385fs1\/#primaryimage"},"image":{"@id":"https:\/\/www.wojoer.de\/produkt\/black-shark-ladies-body-385fs1\/#primaryimage"},"thumbnailUrl":"https:\/\/www.wojoer.de\/wp-content\/uploads\/2020\/05\/385FS1_BlackShark_Stringbody_female_wojoer.jpg","datePublished":"2019-11-01T08:16:12+00:00","dateModified":"2023-10-05T09:27:03+00:00","description":"Black Shark Damen Body. Besonders fein & matt gl\u00e4nzender Anzug in Schwarz von WOJOER. Bequeme Passform, aufreizend edles, badetaugliches Material im Vintagelook. Jetzt versandkostenfrei bestellen.","breadcrumb":{"@id":"https:\/\/www.wojoer.de\/produkt\/black-shark-ladies-body-385fs1\/#breadcrumb"},"inLanguage":"en-GB","potentialAction":[{"@type":"ReadAction","target":["https:\/\/www.wojoer.de\/produkt\/black-shark-ladies-body-385fs1\/"]}]},{"@type":"ImageObject","inLanguage":"en-GB","@id":"https:\/\/www.wojoer.de\/produkt\/black-shark-ladies-body-385fs1\/#primaryimage","url":"https:\/\/www.wojoer.de\/wp-content\/uploads\/2020\/05\/385FS1_BlackShark_Stringbody_female_wojoer.jpg","contentUrl":"https:\/\/www.wojoer.de\/wp-content\/uploads\/2020\/05\/385FS1_BlackShark_Stringbody_female_wojoer.jpg","width":2002,"height":1990},{"@type":"BreadcrumbList","@id":"https:\/\/www.wojoer.de\/produkt\/black-shark-ladies-body-385fs1\/#breadcrumb","itemListElement":[{"@type":"ListItem","position":1,"name":"Startseite","item":"https:\/\/www.wojoer.de\/"},{"@type":"ListItem","position":2,"name":"SHOP","item":"https:\/\/www.wojoer.de\/shop\/"},{"@type":"ListItem","position":3,"name":"Black Shark Damen Body 385FS1"}]},{"@type":"WebSite","@id":"https:\/\/www.wojoer.de\/#website","url":"https:\/\/www.wojoer.de\/","name":"WOJOER","description":"clubwear for men","publisher":{"@id":"https:\/\/www.wojoer.de\/#organization"},"potentialAction":[{"@type":"SearchAction","target":{"@type":"EntryPoint","urlTemplate":"https:\/\/www.wojoer.de\/?s={search_term_string}"},"query-input":{"@type":"PropertyValueSpecification","valueRequired":true,"valueName":"search_term_string"}}],"inLanguage":"en-GB"},{"@type":"Organization","@id":"https:\/\/www.wojoer.de\/#organization","name":"Wonneberger-Manufaktur","url":"https:\/\/www.wojoer.de\/","logo":{"@type":"ImageObject","inLanguage":"en-GB","@id":"https:\/\/www.wojoer.de\/#\/schema\/logo\/image\/","url":"https:\/\/www.wojoer.de\/wp-content\/uploads\/2016\/11\/wonnebergermanufaktur_logo_BUTTON.png","contentUrl":"https:\/\/www.wojoer.de\/wp-content\/uploads\/2016\/11\/wonnebergermanufaktur_logo_BUTTON.png","width":765,"height":765,"caption":"Wonneberger-Manufaktur"},"image":{"@id":"https:\/\/www.wojoer.de\/#\/schema\/logo\/image\/"},"sameAs":["https:\/\/www.facebook.com\/wojoer\/","https:\/\/de.pinterest.com\/W0J0ER\/"]}]}},"_links":{"self":[{"href":"https:\/\/www.wojoer.de\/en\/wp-json\/wp\/v2\/product\/16527","targetHints":{"allow":["GET"]}}],"collection":[{"href":"https:\/\/www.wojoer.de\/en\/wp-json\/wp\/v2\/product"}],"about":[{"href":"https:\/\/www.wojoer.de\/en\/wp-json\/wp\/v2\/types\/product"}],"replies":[{"embeddable":true,"href":"https:\/\/www.wojoer.de\/en\/wp-json\/wp\/v2\/comments?post=16527"}],"wp:featuredmedia":[{"embeddable":true,"href":"https:\/\/www.wojoer.de\/en\/wp-json\/wp\/v2\/media\/26074"}],"wp:attachment":[{"href":"https:\/\/www.wojoer.de\/en\/wp-json\/wp\/v2\/media?parent=16527"}],"wp:term":[{"taxonomy":"product_brand","embeddable":true,"href":"https:\/\/www.wojoer.de\/en\/wp-json\/wp\/v2\/product_brand?post=16527"},{"taxonomy":"product_cat","embeddable":true,"href":"https:\/\/www.wojoer.de\/en\/wp-json\/wp\/v2\/product_cat?post=16527"},{"taxonomy":"product_tag","embeddable":true,"href":"https:\/\/www.wojoer.de\/en\/wp-json\/wp\/v2\/product_tag?post=16527"}],"curies":[{"name":"wp","href":"https:\/\/api.w.org\/{rel}","templated":true}]}}