{"id":16821,"date":"2019-09-06T13:50:50","date_gmt":"2019-09-06T11:50:50","guid":{"rendered":"https:\/\/www.wojoer.de\/produkt\/bade-glanz-pants-badehose-vulcano-rot-schwarz-335b603\/"},"modified":"2025-12-03T19:18:36","modified_gmt":"2025-12-03T18:18:36","slug":"bade-glanz-pants-badehose-vulcano-rot-schwarz-335b603","status":"publish","type":"product","link":"https:\/\/www.wojoer.de\/en\/produkt\/bade-glanz-pants-badehose-vulcano-rot-schwarz-335b603\/","title":{"rendered":"Bade Glanz Pants rot schwarz 335W603.1RS"},"content":{"rendered":"<p>Gl\u00e4nzende Badehose rot schwarz 335W603.1 werden auf erst Bestellung produziert und geh\u00f6ren damit zur Wojoer LIVE-Produktion.<\/p>\n<h3>Gr\u00f6\u00dfen<\/h3>\n<p>Erh\u00e4ltlich in den Gr\u00f6\u00dfen S, M, L, XL<\/p>\n<h3>Materialzusammensetzung<\/h3>\n<p><span class=\"a-list-item\">80% Polyamid 20% Elasthan<br \/>\n<\/span><\/p>\n<h3>Besonderheiten<\/h3>\n<p><a href=\"http:\/\/www.wojoer.de\/?s=LIVE&#038;post_type=product\">LIVE-Produkt<\/a> | angenehm weich | bequeme, hautenge Passform | knackiger Po | hochwertige Verarbeitung &#8220;Made in Germany&#8221;<\/p>\n<h3>Benutzerhinweise<\/h3>\n<p>30\u00b0 W\u00e4sche<\/p>\n<h3>GL\u00c4NZENDE BADEHOSE- m\u00e4nnlich sportliche Badepants, beach pants, bade shorts<\/h3>\n<p>Du willst nicht nur eine gw\u00f6hnliche Badehose f\u00fcr Deinen Adonis-K\u00f6rper? Dann ist die Perlglanz WOJOER Bade-Pants genau das Richtige f\u00fcr dich. Denn die enge Schnittform l\u00e4sst die Shorts regelrecht mit Deinen H\u00fcften verschmelzen. Neben dem knackig geformten Ges\u00e4\u00df, sorgt zudem der gl\u00e4nzend straffe, schwarze Bund mit Schn\u00fcrung f\u00fcr sportlichen Badespa\u00df. Auch der Schritt ist extra gut umsorgt, indem er mit einem hochwertigen Futter von innen veredelt wird. somit ist diese vulcano rote Bade Shorts absolut blickdicht. Mit dieser gl\u00e4nzenden Badehose bist du der n\u00e4chste Superhero am Strand.<\/p>\n","protected":false},"excerpt":{"rendered":"<p>Gl\u00e4nzende Badehose rot schwarz 335W603.1 werden auf erst Bestellung produziert und geh\u00f6ren damit zur Wojoer LIVE-Produktion.<br \/>\nGr\u00f6\u00dfen<br \/>\nErh\u00e4ltlich in den Gr\u00f6\u00dfen S, M, L, XL<br \/>\nMaterialzusammensetzung<br \/>\n80% Polyamid 20% Elasthan<\/p>\n<p>Besonderheiten<br \/>\nLIVE-Produkt | angenehm weich | bequeme, hautenge Passform | knackiger Po | hochwertige Verarbeitung &#8220;Made\u2026<\/p>\n","protected":false},"featured_media":16826,"comment_status":"open","ping_status":"closed","template":"","meta":[],"product_brand":[],"product_cat":[808,115,473,195,326],"product_tag":[276,108,560,273],"class_list":{"0":"post-16821","1":"product","2":"type-product","3":"status-publish","4":"has-post-thumbnail","6":"product_cat-badeglanz","7":"product_cat-beachwear","8":"product_cat-men","9":"product_cat-produktion-auf-bestellung-liveproduktion","10":"product_cat-wojoer","11":"product_tag-badeglanz","12":"product_tag-1beachwear","13":"product_tag-glaenzend","14":"product_tag-pants","15":"product_shipping_class-beun","16":"pa_groesse-l","17":"pa_groesse-m","18":"pa_groesse-s","19":"pa_groesse-xl","20":"pif-has-gallery","21":"post-1","22":"odd","24":"first","25":"onbackorder","26":"taxable","27":"shipping-taxable","28":"purchasable","29":"product-type-variable","30":"has-default-attributes"},"yoast_head":"<!-- This site is optimized with the Yoast SEO plugin v27.2 - https:\/\/yoast.com\/product\/yoast-seo-wordpress\/ -->\n<title>Badehose rot schwarz | glanzvoll | slim fit | sportlich | Baywatch | WOJOER<\/title>\n<meta name=\"description\" content=\"Die WOJOER Badehose (gl\u00e4nzend rot) zaubert einen knackigen Po und formt den Schritt optimal aus. Durch Kordel B\u00e4nder individuell verstellbar. Jetzt Versandkostenfrei erh\u00e4ltlich - Einfach und schnell Online bestellen.\" \/>\n<meta name=\"robots\" content=\"index, follow, max-snippet:-1, max-image-preview:large, max-video-preview:-1\" \/>\n<link rel=\"canonical\" href=\"https:\/\/www.wojoer.de\/en\/produkt\/bade-glanz-pants-badehose-vulcano-rot-schwarz-335b603\/\" \/>\n<meta name=\"twitter:card\" content=\"summary_large_image\" \/>\n<meta name=\"twitter:title\" content=\"Badehose rot schwarz | glanzvoll | slim fit | sportlich | Baywatch | WOJOER\" \/>\n<meta name=\"twitter:description\" content=\"Die WOJOER Badehose (gl\u00e4nzend rot) zaubert einen knackigen Po und formt den Schritt optimal aus. Durch Kordel B\u00e4nder individuell verstellbar. Jetzt Versandkostenfrei erh\u00e4ltlich - Einfach und schnell Online bestellen.\" \/>\n<meta name=\"twitter:image\" content=\"https:\/\/www.wojoer.de\/wp-content\/uploads\/2019\/09\/335W6031R_Badeglanz_Pants_rot_schwarz_detail_wojoer.jpg\" \/>\n<meta name=\"twitter:label1\" content=\"Estimated reading time\" \/>\n\t<meta name=\"twitter:data1\" content=\"1 minute\" \/>\n<script type=\"application\/ld+json\" class=\"yoast-schema-graph\">{\"@context\":\"https:\/\/schema.org\",\"@graph\":[{\"@type\":\"WebPage\",\"@id\":\"https:\/\/www.wojoer.de\/en\/produkt\/bade-glanz-pants-badehose-vulcano-rot-schwarz-335b603\/\",\"url\":\"https:\/\/www.wojoer.de\/en\/produkt\/bade-glanz-pants-badehose-vulcano-rot-schwarz-335b603\/\",\"name\":\"Badehose rot schwarz | glanzvoll | slim fit | sportlich | Baywatch | WOJOER\",\"isPartOf\":{\"@id\":\"https:\/\/www.wojoer.de\/#website\"},\"primaryImageOfPage\":{\"@id\":\"https:\/\/www.wojoer.de\/en\/produkt\/bade-glanz-pants-badehose-vulcano-rot-schwarz-335b603\/#primaryimage\"},\"image\":{\"@id\":\"https:\/\/www.wojoer.de\/en\/produkt\/bade-glanz-pants-badehose-vulcano-rot-schwarz-335b603\/#primaryimage\"},\"thumbnailUrl\":\"https:\/\/www.wojoer.de\/wp-content\/uploads\/2019\/09\/335W6031R_Badeglanz_Pants_rot_schwarz_detail_wojoer.jpg\",\"datePublished\":\"2019-09-06T11:50:50+00:00\",\"dateModified\":\"2025-12-03T18:18:36+00:00\",\"description\":\"Die WOJOER Badehose (gl\u00e4nzend rot) zaubert einen knackigen Po und formt den Schritt optimal aus. Durch Kordel B\u00e4nder individuell verstellbar. Jetzt Versandkostenfrei erh\u00e4ltlich - Einfach und schnell Online bestellen.\",\"breadcrumb\":{\"@id\":\"https:\/\/www.wojoer.de\/en\/produkt\/bade-glanz-pants-badehose-vulcano-rot-schwarz-335b603\/#breadcrumb\"},\"inLanguage\":\"en-GB\",\"potentialAction\":[{\"@type\":\"ReadAction\",\"target\":[\"https:\/\/www.wojoer.de\/en\/produkt\/bade-glanz-pants-badehose-vulcano-rot-schwarz-335b603\/\"]}]},{\"@type\":\"ImageObject\",\"inLanguage\":\"en-GB\",\"@id\":\"https:\/\/www.wojoer.de\/en\/produkt\/bade-glanz-pants-badehose-vulcano-rot-schwarz-335b603\/#primaryimage\",\"url\":\"https:\/\/www.wojoer.de\/wp-content\/uploads\/2019\/09\/335W6031R_Badeglanz_Pants_rot_schwarz_detail_wojoer.jpg\",\"contentUrl\":\"https:\/\/www.wojoer.de\/wp-content\/uploads\/2019\/09\/335W6031R_Badeglanz_Pants_rot_schwarz_detail_wojoer.jpg\",\"width\":2002,\"height\":2002,\"caption\":\"Wojoer Badeshorts, Badehose, Bade pants, Schwimmhose, rot, schwarz, Badeglanz, Gl\u00e4nzende Shorts, dehnbare Hose, Jersey Shorts\"},{\"@type\":\"BreadcrumbList\",\"@id\":\"https:\/\/www.wojoer.de\/en\/produkt\/bade-glanz-pants-badehose-vulcano-rot-schwarz-335b603\/#breadcrumb\",\"itemListElement\":[{\"@type\":\"ListItem\",\"position\":1,\"name\":\"Startseite\",\"item\":\"https:\/\/www.wojoer.de\/\"},{\"@type\":\"ListItem\",\"position\":2,\"name\":\"SHOP\",\"item\":\"https:\/\/www.wojoer.de\/shop\/\"},{\"@type\":\"ListItem\",\"position\":3,\"name\":\"Bade Glanz Pants rot schwarz 335W603.1RS\"}]},{\"@type\":\"WebSite\",\"@id\":\"https:\/\/www.wojoer.de\/#website\",\"url\":\"https:\/\/www.wojoer.de\/\",\"name\":\"WOJOER\",\"description\":\"clubwear for men\",\"publisher\":{\"@id\":\"https:\/\/www.wojoer.de\/#organization\"},\"potentialAction\":[{\"@type\":\"SearchAction\",\"target\":{\"@type\":\"EntryPoint\",\"urlTemplate\":\"https:\/\/www.wojoer.de\/?s={search_term_string}\"},\"query-input\":{\"@type\":\"PropertyValueSpecification\",\"valueRequired\":true,\"valueName\":\"search_term_string\"}}],\"inLanguage\":\"en-GB\"},{\"@type\":\"Organization\",\"@id\":\"https:\/\/www.wojoer.de\/#organization\",\"name\":\"Wonneberger-Manufaktur\",\"url\":\"https:\/\/www.wojoer.de\/\",\"logo\":{\"@type\":\"ImageObject\",\"inLanguage\":\"en-GB\",\"@id\":\"https:\/\/www.wojoer.de\/#\/schema\/logo\/image\/\",\"url\":\"https:\/\/www.wojoer.de\/wp-content\/uploads\/2016\/11\/wonnebergermanufaktur_logo_BUTTON.png\",\"contentUrl\":\"https:\/\/www.wojoer.de\/wp-content\/uploads\/2016\/11\/wonnebergermanufaktur_logo_BUTTON.png\",\"width\":765,\"height\":765,\"caption\":\"Wonneberger-Manufaktur\"},\"image\":{\"@id\":\"https:\/\/www.wojoer.de\/#\/schema\/logo\/image\/\"},\"sameAs\":[\"https:\/\/www.facebook.com\/wojoer\/\",\"https:\/\/de.pinterest.com\/W0J0ER\/\"]}]}<\/script>\n<!-- \/ Yoast SEO plugin. -->","yoast_head_json":{"title":"Badehose rot schwarz | glanzvoll | slim fit | sportlich | Baywatch | WOJOER","description":"Die WOJOER Badehose (gl\u00e4nzend rot) zaubert einen knackigen Po und formt den Schritt optimal aus. Durch Kordel B\u00e4nder individuell verstellbar. Jetzt Versandkostenfrei erh\u00e4ltlich - Einfach und schnell Online bestellen.","robots":{"index":"index","follow":"follow","max-snippet":"max-snippet:-1","max-image-preview":"max-image-preview:large","max-video-preview":"max-video-preview:-1"},"canonical":"https:\/\/www.wojoer.de\/en\/produkt\/bade-glanz-pants-badehose-vulcano-rot-schwarz-335b603\/","twitter_card":"summary_large_image","twitter_title":"Badehose rot schwarz | glanzvoll | slim fit | sportlich | Baywatch | WOJOER","twitter_description":"Die WOJOER Badehose (gl\u00e4nzend rot) zaubert einen knackigen Po und formt den Schritt optimal aus. Durch Kordel B\u00e4nder individuell verstellbar. Jetzt Versandkostenfrei erh\u00e4ltlich - Einfach und schnell Online bestellen.","twitter_image":"https:\/\/www.wojoer.de\/wp-content\/uploads\/2019\/09\/335W6031R_Badeglanz_Pants_rot_schwarz_detail_wojoer.jpg","twitter_misc":{"Estimated reading time":"1 minute"},"schema":{"@context":"https:\/\/schema.org","@graph":[{"@type":"WebPage","@id":"https:\/\/www.wojoer.de\/en\/produkt\/bade-glanz-pants-badehose-vulcano-rot-schwarz-335b603\/","url":"https:\/\/www.wojoer.de\/en\/produkt\/bade-glanz-pants-badehose-vulcano-rot-schwarz-335b603\/","name":"Badehose rot schwarz | glanzvoll | slim fit | sportlich | Baywatch | WOJOER","isPartOf":{"@id":"https:\/\/www.wojoer.de\/#website"},"primaryImageOfPage":{"@id":"https:\/\/www.wojoer.de\/en\/produkt\/bade-glanz-pants-badehose-vulcano-rot-schwarz-335b603\/#primaryimage"},"image":{"@id":"https:\/\/www.wojoer.de\/en\/produkt\/bade-glanz-pants-badehose-vulcano-rot-schwarz-335b603\/#primaryimage"},"thumbnailUrl":"https:\/\/www.wojoer.de\/wp-content\/uploads\/2019\/09\/335W6031R_Badeglanz_Pants_rot_schwarz_detail_wojoer.jpg","datePublished":"2019-09-06T11:50:50+00:00","dateModified":"2025-12-03T18:18:36+00:00","description":"Die WOJOER Badehose (gl\u00e4nzend rot) zaubert einen knackigen Po und formt den Schritt optimal aus. Durch Kordel B\u00e4nder individuell verstellbar. Jetzt Versandkostenfrei erh\u00e4ltlich - Einfach und schnell Online bestellen.","breadcrumb":{"@id":"https:\/\/www.wojoer.de\/en\/produkt\/bade-glanz-pants-badehose-vulcano-rot-schwarz-335b603\/#breadcrumb"},"inLanguage":"en-GB","potentialAction":[{"@type":"ReadAction","target":["https:\/\/www.wojoer.de\/en\/produkt\/bade-glanz-pants-badehose-vulcano-rot-schwarz-335b603\/"]}]},{"@type":"ImageObject","inLanguage":"en-GB","@id":"https:\/\/www.wojoer.de\/en\/produkt\/bade-glanz-pants-badehose-vulcano-rot-schwarz-335b603\/#primaryimage","url":"https:\/\/www.wojoer.de\/wp-content\/uploads\/2019\/09\/335W6031R_Badeglanz_Pants_rot_schwarz_detail_wojoer.jpg","contentUrl":"https:\/\/www.wojoer.de\/wp-content\/uploads\/2019\/09\/335W6031R_Badeglanz_Pants_rot_schwarz_detail_wojoer.jpg","width":2002,"height":2002,"caption":"Wojoer Badeshorts, Badehose, Bade pants, Schwimmhose, rot, schwarz, Badeglanz, Gl\u00e4nzende Shorts, dehnbare Hose, Jersey Shorts"},{"@type":"BreadcrumbList","@id":"https:\/\/www.wojoer.de\/en\/produkt\/bade-glanz-pants-badehose-vulcano-rot-schwarz-335b603\/#breadcrumb","itemListElement":[{"@type":"ListItem","position":1,"name":"Startseite","item":"https:\/\/www.wojoer.de\/"},{"@type":"ListItem","position":2,"name":"SHOP","item":"https:\/\/www.wojoer.de\/shop\/"},{"@type":"ListItem","position":3,"name":"Bade Glanz Pants rot schwarz 335W603.1RS"}]},{"@type":"WebSite","@id":"https:\/\/www.wojoer.de\/#website","url":"https:\/\/www.wojoer.de\/","name":"WOJOER","description":"clubwear for men","publisher":{"@id":"https:\/\/www.wojoer.de\/#organization"},"potentialAction":[{"@type":"SearchAction","target":{"@type":"EntryPoint","urlTemplate":"https:\/\/www.wojoer.de\/?s={search_term_string}"},"query-input":{"@type":"PropertyValueSpecification","valueRequired":true,"valueName":"search_term_string"}}],"inLanguage":"en-GB"},{"@type":"Organization","@id":"https:\/\/www.wojoer.de\/#organization","name":"Wonneberger-Manufaktur","url":"https:\/\/www.wojoer.de\/","logo":{"@type":"ImageObject","inLanguage":"en-GB","@id":"https:\/\/www.wojoer.de\/#\/schema\/logo\/image\/","url":"https:\/\/www.wojoer.de\/wp-content\/uploads\/2016\/11\/wonnebergermanufaktur_logo_BUTTON.png","contentUrl":"https:\/\/www.wojoer.de\/wp-content\/uploads\/2016\/11\/wonnebergermanufaktur_logo_BUTTON.png","width":765,"height":765,"caption":"Wonneberger-Manufaktur"},"image":{"@id":"https:\/\/www.wojoer.de\/#\/schema\/logo\/image\/"},"sameAs":["https:\/\/www.facebook.com\/wojoer\/","https:\/\/de.pinterest.com\/W0J0ER\/"]}]}},"_links":{"self":[{"href":"https:\/\/www.wojoer.de\/en\/wp-json\/wp\/v2\/product\/16821","targetHints":{"allow":["GET"]}}],"collection":[{"href":"https:\/\/www.wojoer.de\/en\/wp-json\/wp\/v2\/product"}],"about":[{"href":"https:\/\/www.wojoer.de\/en\/wp-json\/wp\/v2\/types\/product"}],"replies":[{"embeddable":true,"href":"https:\/\/www.wojoer.de\/en\/wp-json\/wp\/v2\/comments?post=16821"}],"wp:featuredmedia":[{"embeddable":true,"href":"https:\/\/www.wojoer.de\/en\/wp-json\/wp\/v2\/media\/16826"}],"wp:attachment":[{"href":"https:\/\/www.wojoer.de\/en\/wp-json\/wp\/v2\/media?parent=16821"}],"wp:term":[{"taxonomy":"product_brand","embeddable":true,"href":"https:\/\/www.wojoer.de\/en\/wp-json\/wp\/v2\/product_brand?post=16821"},{"taxonomy":"product_cat","embeddable":true,"href":"https:\/\/www.wojoer.de\/en\/wp-json\/wp\/v2\/product_cat?post=16821"},{"taxonomy":"product_tag","embeddable":true,"href":"https:\/\/www.wojoer.de\/en\/wp-json\/wp\/v2\/product_tag?post=16821"}],"curies":[{"name":"wp","href":"https:\/\/api.w.org\/{rel}","templated":true}]}}