{"id":16981,"date":"2019-09-25T13:32:12","date_gmt":"2019-09-25T11:32:12","guid":{"rendered":"https:\/\/www.wojoer.de\/produkt\/tattoo-pants-e137\/"},"modified":"2025-12-15T10:09:59","modified_gmt":"2025-12-15T09:09:59","slug":"tattoo-pants-e137","status":"publish","type":"product","link":"https:\/\/www.wojoer.de\/en\/produkt\/tattoo-pants-e137\/","title":{"rendered":"Tattoo Pants mit Rei\u00dfverschluss E137"},"content":{"rendered":"<p>Diese edle Tattoo Pants mit Rei\u00dfverschluss ist ein Only for Me Produkt. Das hei\u00dft, es gibt diese online nur bei uns\u00a0 &#8211; in begrenzter St\u00fcckzahl! Also schnell zugreifen.<\/p>\n<h3>Gr\u00f6\u00dfen<\/h3>\n<p>Erh\u00e4ltlich in den Gr\u00f6\u00dfen S, M, L, XL<\/p>\n<h3>Materialzusammensetzung<\/h3>\n<p>festes Leatherlike: 40% Polyester | 60% Polyurethan<\/p>\n<h3>Besonderheiten<\/h3>\n<p><a href=\"http:\/\/www.wojoer.de\/produkt-kategorie\/produktion-auf-bestellung-liveproduktion\/\">Onlyforme-Produkt<\/a>\u00a0 | figurbetonter Schnitt | sch\u00f6n abgerundetes Suspensorium mit Rei\u00dfverschluss | festes, strukturiertes Kunstleder |\u00a0 silberne Tattoostickerei am Suspensorium | hochwertige Verarbeitung &#8220;Made in Germany&#8221;<\/p>\n<h3>Benutzerhinweise<\/h3>\n<p>Handw\u00e4sche<\/p>\n<h3>SCHWARZE LEATHERLIKE Pants &#8211; Kunstledershorts mit Tattoo<\/h3>\n<p>Sehr festes und strukturiertes Leatherlike mit ganz weicher Innenseite. Wie eine zweite Haut, welche sich sanft um deine sexy H\u00fcften legt, verf\u00fchrt dich dieses hei\u00dfe H\u00f6schen. Die interessante Oberfl\u00e4chenoptik ist auch bei Ber\u00fchrung angenehm spannend, griffig. Das silberne aufgestickte Tattoo hebt dein bestes St\u00fcck besonders edel hervor und der silberne Rei\u00dfverschluss l\u00e4sst dich deine Lust schnell stillen. Der Schnitt ist, wie immer knackig eng und hebt den Schritt angenehm leicht nach vorn. Also komm, lass dich verf\u00fchren und gib dich deinen Fanatsien hin!<span style=\"color: #d2b55b;\"><br \/>\n<\/span><\/p>\n","protected":false},"excerpt":{"rendered":"<p>Diese edle Tattoo Pants mit Rei\u00dfverschluss ist ein Only for Me Produkt. Das hei\u00dft, es gibt diese online nur bei uns\u00a0 &#8211; in begrenzter St\u00fcckzahl! Also schnell zugreifen.<br \/>\nGr\u00f6\u00dfen<br \/>\nErh\u00e4ltlich in den Gr\u00f6\u00dfen S, M, L, XL<br \/>\nMaterialzusammensetzung<br \/>\nfestes Leatherlike: 40% Polyester | 60%\u2026<\/p>\n","protected":false},"featured_media":14926,"comment_status":"open","ping_status":"closed","template":"","meta":[],"product_brand":[],"product_cat":[342],"product_tag":[],"class_list":{"0":"post-16981","1":"product","2":"type-product","3":"status-publish","4":"has-post-thumbnail","6":"product_cat-sale","7":"product_shipping_class-beun","8":"pa_groesse-l","9":"pa_groesse-m","10":"pa_groesse-s","11":"pa_groesse-xl","12":"pif-has-gallery","13":"post-1","14":"odd","16":"first","17":"instock","18":"sale","19":"taxable","20":"shipping-taxable","21":"purchasable","22":"product-type-variable","23":"has-default-attributes"},"yoast_head":"<!-- This site is optimized with the Yoast SEO plugin v27.2 - https:\/\/yoast.com\/product\/yoast-seo-wordpress\/ -->\n<title>schwarze Tattoo Pants | Rei\u00dfverschluss | Stickerei | Clubwear | WOJOER<\/title>\n<meta name=\"description\" content=\"Hei\u00dfe schwarze Tattoo Pants mit Rei\u00dfverschluss am Suspensorium. Festes, strukturiertes Letherlike. Jetzt online Versandkostenfrei bestellen bei WOJOER!\" \/>\n<meta name=\"robots\" content=\"index, follow, max-snippet:-1, max-image-preview:large, max-video-preview:-1\" \/>\n<link rel=\"canonical\" href=\"https:\/\/www.wojoer.de\/en\/produkt\/tattoo-pants-e137\/\" \/>\n<meta name=\"twitter:card\" content=\"summary_large_image\" \/>\n<meta name=\"twitter:title\" content=\"schwarze Tattoo Pants | Rei\u00dfverschluss | Stickerei | Clubwear | WOJOER\" \/>\n<meta name=\"twitter:description\" content=\"Hei\u00dfe schwarze Tattoo Pants mit Rei\u00dfverschluss am Suspensorium. Festes, strukturiertes Letherlike. Jetzt online Versandkostenfrei bestellen bei WOJOER!\" \/>\n<meta name=\"twitter:image\" content=\"https:\/\/www.wojoer.de\/wp-content\/uploads\/2019\/05\/MG_2848-scaled.jpg\" \/>\n<meta name=\"twitter:label1\" content=\"Estimated reading time\" \/>\n\t<meta name=\"twitter:data1\" content=\"1 minute\" \/>\n<script type=\"application\/ld+json\" class=\"yoast-schema-graph\">{\"@context\":\"https:\/\/schema.org\",\"@graph\":[{\"@type\":\"WebPage\",\"@id\":\"https:\/\/www.wojoer.de\/produkt\/tattoo-pants-e137\/\",\"url\":\"https:\/\/www.wojoer.de\/produkt\/tattoo-pants-e137\/\",\"name\":\"schwarze Tattoo Pants | Rei\u00dfverschluss | Stickerei | Clubwear | WOJOER\",\"isPartOf\":{\"@id\":\"https:\/\/www.wojoer.de\/#website\"},\"primaryImageOfPage\":{\"@id\":\"https:\/\/www.wojoer.de\/produkt\/tattoo-pants-e137\/#primaryimage\"},\"image\":{\"@id\":\"https:\/\/www.wojoer.de\/produkt\/tattoo-pants-e137\/#primaryimage\"},\"thumbnailUrl\":\"https:\/\/www.wojoer.de\/wp-content\/uploads\/2019\/05\/MG_2848-scaled.jpg\",\"datePublished\":\"2019-09-25T11:32:12+00:00\",\"dateModified\":\"2025-12-15T09:09:59+00:00\",\"description\":\"Hei\u00dfe schwarze Tattoo Pants mit Rei\u00dfverschluss am Suspensorium. Festes, strukturiertes Letherlike. Jetzt online Versandkostenfrei bestellen bei WOJOER!\",\"breadcrumb\":{\"@id\":\"https:\/\/www.wojoer.de\/produkt\/tattoo-pants-e137\/#breadcrumb\"},\"inLanguage\":\"en-GB\",\"potentialAction\":[{\"@type\":\"ReadAction\",\"target\":[\"https:\/\/www.wojoer.de\/produkt\/tattoo-pants-e137\/\"]}]},{\"@type\":\"ImageObject\",\"inLanguage\":\"en-GB\",\"@id\":\"https:\/\/www.wojoer.de\/produkt\/tattoo-pants-e137\/#primaryimage\",\"url\":\"https:\/\/www.wojoer.de\/wp-content\/uploads\/2019\/05\/MG_2848-scaled.jpg\",\"contentUrl\":\"https:\/\/www.wojoer.de\/wp-content\/uploads\/2019\/05\/MG_2848-scaled.jpg\",\"width\":2560,\"height\":2560},{\"@type\":\"BreadcrumbList\",\"@id\":\"https:\/\/www.wojoer.de\/produkt\/tattoo-pants-e137\/#breadcrumb\",\"itemListElement\":[{\"@type\":\"ListItem\",\"position\":1,\"name\":\"Startseite\",\"item\":\"https:\/\/www.wojoer.de\/\"},{\"@type\":\"ListItem\",\"position\":2,\"name\":\"SHOP\",\"item\":\"https:\/\/www.wojoer.de\/shop\/\"},{\"@type\":\"ListItem\",\"position\":3,\"name\":\"Tattoo Pants mit Rei\u00dfverschluss E137\"}]},{\"@type\":\"WebSite\",\"@id\":\"https:\/\/www.wojoer.de\/#website\",\"url\":\"https:\/\/www.wojoer.de\/\",\"name\":\"WOJOER\",\"description\":\"clubwear for men\",\"publisher\":{\"@id\":\"https:\/\/www.wojoer.de\/#organization\"},\"potentialAction\":[{\"@type\":\"SearchAction\",\"target\":{\"@type\":\"EntryPoint\",\"urlTemplate\":\"https:\/\/www.wojoer.de\/?s={search_term_string}\"},\"query-input\":{\"@type\":\"PropertyValueSpecification\",\"valueRequired\":true,\"valueName\":\"search_term_string\"}}],\"inLanguage\":\"en-GB\"},{\"@type\":\"Organization\",\"@id\":\"https:\/\/www.wojoer.de\/#organization\",\"name\":\"Wonneberger-Manufaktur\",\"url\":\"https:\/\/www.wojoer.de\/\",\"logo\":{\"@type\":\"ImageObject\",\"inLanguage\":\"en-GB\",\"@id\":\"https:\/\/www.wojoer.de\/#\/schema\/logo\/image\/\",\"url\":\"https:\/\/www.wojoer.de\/wp-content\/uploads\/2016\/11\/wonnebergermanufaktur_logo_BUTTON.png\",\"contentUrl\":\"https:\/\/www.wojoer.de\/wp-content\/uploads\/2016\/11\/wonnebergermanufaktur_logo_BUTTON.png\",\"width\":765,\"height\":765,\"caption\":\"Wonneberger-Manufaktur\"},\"image\":{\"@id\":\"https:\/\/www.wojoer.de\/#\/schema\/logo\/image\/\"},\"sameAs\":[\"https:\/\/www.facebook.com\/wojoer\/\",\"https:\/\/de.pinterest.com\/W0J0ER\/\"]}]}<\/script>\n<!-- \/ Yoast SEO plugin. -->","yoast_head_json":{"title":"schwarze Tattoo Pants | Rei\u00dfverschluss | Stickerei | Clubwear | WOJOER","description":"Hei\u00dfe schwarze Tattoo Pants mit Rei\u00dfverschluss am Suspensorium. Festes, strukturiertes Letherlike. Jetzt online Versandkostenfrei bestellen bei WOJOER!","robots":{"index":"index","follow":"follow","max-snippet":"max-snippet:-1","max-image-preview":"max-image-preview:large","max-video-preview":"max-video-preview:-1"},"canonical":"https:\/\/www.wojoer.de\/en\/produkt\/tattoo-pants-e137\/","twitter_card":"summary_large_image","twitter_title":"schwarze Tattoo Pants | Rei\u00dfverschluss | Stickerei | Clubwear | WOJOER","twitter_description":"Hei\u00dfe schwarze Tattoo Pants mit Rei\u00dfverschluss am Suspensorium. Festes, strukturiertes Letherlike. Jetzt online Versandkostenfrei bestellen bei WOJOER!","twitter_image":"https:\/\/www.wojoer.de\/wp-content\/uploads\/2019\/05\/MG_2848-scaled.jpg","twitter_misc":{"Estimated reading time":"1 minute"},"schema":{"@context":"https:\/\/schema.org","@graph":[{"@type":"WebPage","@id":"https:\/\/www.wojoer.de\/produkt\/tattoo-pants-e137\/","url":"https:\/\/www.wojoer.de\/produkt\/tattoo-pants-e137\/","name":"schwarze Tattoo Pants | Rei\u00dfverschluss | Stickerei | Clubwear | WOJOER","isPartOf":{"@id":"https:\/\/www.wojoer.de\/#website"},"primaryImageOfPage":{"@id":"https:\/\/www.wojoer.de\/produkt\/tattoo-pants-e137\/#primaryimage"},"image":{"@id":"https:\/\/www.wojoer.de\/produkt\/tattoo-pants-e137\/#primaryimage"},"thumbnailUrl":"https:\/\/www.wojoer.de\/wp-content\/uploads\/2019\/05\/MG_2848-scaled.jpg","datePublished":"2019-09-25T11:32:12+00:00","dateModified":"2025-12-15T09:09:59+00:00","description":"Hei\u00dfe schwarze Tattoo Pants mit Rei\u00dfverschluss am Suspensorium. Festes, strukturiertes Letherlike. Jetzt online Versandkostenfrei bestellen bei WOJOER!","breadcrumb":{"@id":"https:\/\/www.wojoer.de\/produkt\/tattoo-pants-e137\/#breadcrumb"},"inLanguage":"en-GB","potentialAction":[{"@type":"ReadAction","target":["https:\/\/www.wojoer.de\/produkt\/tattoo-pants-e137\/"]}]},{"@type":"ImageObject","inLanguage":"en-GB","@id":"https:\/\/www.wojoer.de\/produkt\/tattoo-pants-e137\/#primaryimage","url":"https:\/\/www.wojoer.de\/wp-content\/uploads\/2019\/05\/MG_2848-scaled.jpg","contentUrl":"https:\/\/www.wojoer.de\/wp-content\/uploads\/2019\/05\/MG_2848-scaled.jpg","width":2560,"height":2560},{"@type":"BreadcrumbList","@id":"https:\/\/www.wojoer.de\/produkt\/tattoo-pants-e137\/#breadcrumb","itemListElement":[{"@type":"ListItem","position":1,"name":"Startseite","item":"https:\/\/www.wojoer.de\/"},{"@type":"ListItem","position":2,"name":"SHOP","item":"https:\/\/www.wojoer.de\/shop\/"},{"@type":"ListItem","position":3,"name":"Tattoo Pants mit Rei\u00dfverschluss E137"}]},{"@type":"WebSite","@id":"https:\/\/www.wojoer.de\/#website","url":"https:\/\/www.wojoer.de\/","name":"WOJOER","description":"clubwear for men","publisher":{"@id":"https:\/\/www.wojoer.de\/#organization"},"potentialAction":[{"@type":"SearchAction","target":{"@type":"EntryPoint","urlTemplate":"https:\/\/www.wojoer.de\/?s={search_term_string}"},"query-input":{"@type":"PropertyValueSpecification","valueRequired":true,"valueName":"search_term_string"}}],"inLanguage":"en-GB"},{"@type":"Organization","@id":"https:\/\/www.wojoer.de\/#organization","name":"Wonneberger-Manufaktur","url":"https:\/\/www.wojoer.de\/","logo":{"@type":"ImageObject","inLanguage":"en-GB","@id":"https:\/\/www.wojoer.de\/#\/schema\/logo\/image\/","url":"https:\/\/www.wojoer.de\/wp-content\/uploads\/2016\/11\/wonnebergermanufaktur_logo_BUTTON.png","contentUrl":"https:\/\/www.wojoer.de\/wp-content\/uploads\/2016\/11\/wonnebergermanufaktur_logo_BUTTON.png","width":765,"height":765,"caption":"Wonneberger-Manufaktur"},"image":{"@id":"https:\/\/www.wojoer.de\/#\/schema\/logo\/image\/"},"sameAs":["https:\/\/www.facebook.com\/wojoer\/","https:\/\/de.pinterest.com\/W0J0ER\/"]}]}},"_links":{"self":[{"href":"https:\/\/www.wojoer.de\/en\/wp-json\/wp\/v2\/product\/16981","targetHints":{"allow":["GET"]}}],"collection":[{"href":"https:\/\/www.wojoer.de\/en\/wp-json\/wp\/v2\/product"}],"about":[{"href":"https:\/\/www.wojoer.de\/en\/wp-json\/wp\/v2\/types\/product"}],"replies":[{"embeddable":true,"href":"https:\/\/www.wojoer.de\/en\/wp-json\/wp\/v2\/comments?post=16981"}],"wp:featuredmedia":[{"embeddable":true,"href":"https:\/\/www.wojoer.de\/en\/wp-json\/wp\/v2\/media\/14926"}],"wp:attachment":[{"href":"https:\/\/www.wojoer.de\/en\/wp-json\/wp\/v2\/media?parent=16981"}],"wp:term":[{"taxonomy":"product_brand","embeddable":true,"href":"https:\/\/www.wojoer.de\/en\/wp-json\/wp\/v2\/product_brand?post=16981"},{"taxonomy":"product_cat","embeddable":true,"href":"https:\/\/www.wojoer.de\/en\/wp-json\/wp\/v2\/product_cat?post=16981"},{"taxonomy":"product_tag","embeddable":true,"href":"https:\/\/www.wojoer.de\/en\/wp-json\/wp\/v2\/product_tag?post=16981"}],"curies":[{"name":"wp","href":"https:\/\/api.w.org\/{rel}","templated":true}]}}