{"id":17173,"date":"2019-09-30T09:49:48","date_gmt":"2019-09-30T07:49:48","guid":{"rendered":"https:\/\/www.wojoer.de\/produkt\/lack-slip-387d4-dr-love\/"},"modified":"2025-02-15T23:19:55","modified_gmt":"2025-02-15T22:19:55","slug":"lack-slip-387d4-dr-love","status":"publish","type":"product","link":"https:\/\/www.wojoer.de\/en\/produkt\/lack-slip-387d4-dr-love\/","title":{"rendered":"Dr Love Leatherlike Slip 387D4 Wei\u00df"},"content":{"rendered":"<p>Der wei\u00dfe Leatherlike Slip 387D4 geh\u00f6rt zu den Wojoer LIVE-Produkten. Sie werden ab Bestellung bei uns produziert. So k\u00f6nnen wir auf Kundenw\u00fcnsche individuell eingehen.<\/p>\n<h3>Gr\u00f6\u00dfen<\/h3>\n<p>Erh\u00e4ltlich in den Gr\u00f6\u00dfen S, M, L, XL<\/p>\n<h3>Materialzusammensetzung<\/h3>\n<p>Schwarz: 100% Glatthautneopren<\/p>\n<p>Wei\u00df: 100% Polyester<\/p>\n<h3>Besonderheiten<\/h3>\n<p><a href=\"http:\/\/www.wojoer.de\/?s=ONLYFORME&#038;post_type=product\">LIVE-Produkt<\/a> \u00a0| silikon matte Oberfl\u00e4chenoptik | warmwei\u00df | haut enge Passform\u00a0 | besonders d\u00fcnne Seitenlinie | hochwertige Verarbeitung &#8220;Made in Germany&#8221;<\/p>\n<h3><strong>Benutzerhinweise<\/strong><\/h3>\n<p>Handw\u00e4sche. Dazu kommt, dass wei\u00dfer Lack farbanf\u00e4llig ist und somit mit keinen anders farblichen Textilien zusammengebracht werden darf.<\/p>\n<h3>LEATHERLIKE SLIP- sexy white Slip for men &#8211; DrLOVE<\/h3>\n<p>Wei\u00dfe S\u00fcnde kann so verf\u00fchrerisch sein. Der sportlich knappe Leatherlike Slip aus wei\u00dfem silikon matten Leaatherlike strahlt Eleganz und Extravaganz aus. Und somit verlang er nach sofortiger Ber\u00fchrung. Von hinten ist sein tiefer Cheeky-Schnitt anziehend knapp und l\u00e4sst den Po knackig klein erscheinen. Von vorn ist er sogar noch knapper geschnitten, sodass extra d\u00fcnne Strings das Suspensorium mit dem Hinterteil verbinden. Sei elegant und besonders zugleich, mit den WOJOER Leatherlike G-Slip.<\/p>\n<p>&nbsp;<\/p>\n<p>&nbsp;<\/p>\n","protected":false},"excerpt":{"rendered":"<p>Der wei\u00dfe Leatherlike Slip 387D4 geh\u00f6rt zu den Wojoer LIVE-Produkten. Sie werden ab Bestellung bei uns produziert. So k\u00f6nnen wir auf Kundenw\u00fcnsche individuell eingehen.<br \/>\nGr\u00f6\u00dfen<br \/>\nErh\u00e4ltlich in den Gr\u00f6\u00dfen S, M, L, XL<br \/>\nMaterialzusammensetzung<br \/>\nSchwarz: 100% Glatthautneopren<\/p>\n<p>Wei\u00df: 100% Polyester<br \/>\nBesonderheiten<br \/>\nLIVE-Produkt \u00a0| silikon matte Oberfl\u00e4chenoptik |\u2026<\/p>\n","protected":false},"featured_media":17200,"comment_status":"open","ping_status":"closed","template":"","meta":[],"product_brand":[],"product_cat":[842,116,114,270,195],"product_tag":[301,194,440,295],"class_list":{"0":"post-17173","1":"product","2":"type-product","3":"status-publish","4":"has-post-thumbnail","6":"product_cat-doctorlove","7":"product_cat-clubwear","8":"product_cat-fetisch","9":"product_cat-onlyforme","10":"product_cat-produktion-auf-bestellung-liveproduktion","11":"product_tag-cheeky","12":"product_tag-leatherlike","13":"product_tag-matt","14":"product_tag-slip","15":"product_shipping_class-beun","16":"pa_groesse-l","17":"pa_groesse-m","18":"pa_groesse-s","19":"pa_groesse-xl","20":"pif-has-gallery","21":"post-1","22":"odd","24":"first","25":"onbackorder","26":"taxable","27":"shipping-taxable","28":"purchasable","29":"product-type-variable","30":"has-default-attributes"},"yoast_head":"<!-- This site is optimized with the Yoast SEO plugin v27.2 - https:\/\/yoast.com\/product\/yoast-seo-wordpress\/ -->\n<title>Lack Neopren Slip | Wei\u00df | Slip | Lack | Neopren | WOJOER<\/title>\n<meta name=\"description\" content=\"Lack Neopren Slip. Nicht nur das in Deutschland gefertigte Glatthautneopren ist ungewohnt erotisch, auch die Lack Verarbeitung ist \u00fcberzeugend\" \/>\n<meta name=\"robots\" content=\"index, follow, max-snippet:-1, max-image-preview:large, max-video-preview:-1\" \/>\n<link rel=\"canonical\" href=\"https:\/\/www.wojoer.de\/en\/produkt\/lack-slip-387d4-dr-love\/\" \/>\n<meta name=\"twitter:card\" content=\"summary_large_image\" \/>\n<meta name=\"twitter:title\" content=\"Lack Neopren Slip | Wei\u00df | Slip | Lack | Neopren | WOJOER\" \/>\n<meta name=\"twitter:description\" content=\"Lack Neopren Slip. Nicht nur das in Deutschland gefertigte Glatthautneopren ist ungewohnt erotisch, auch die Lack Verarbeitung ist \u00fcberzeugend\" \/>\n<meta name=\"twitter:image\" content=\"https:\/\/www.wojoer.de\/wp-content\/uploads\/2019\/09\/387B4_DrLove_G-Slip_side_wojoer.jpg\" \/>\n<meta name=\"twitter:label1\" content=\"Estimated reading time\" \/>\n\t<meta name=\"twitter:data1\" content=\"2 minutes\" \/>\n<script type=\"application\/ld+json\" class=\"yoast-schema-graph\">{\"@context\":\"https:\/\/schema.org\",\"@graph\":[{\"@type\":\"WebPage\",\"@id\":\"https:\/\/www.wojoer.de\/produkt\/lack-slip-387d4-dr-love\/\",\"url\":\"https:\/\/www.wojoer.de\/produkt\/lack-slip-387d4-dr-love\/\",\"name\":\"Lack Neopren Slip | Wei\u00df | Slip | Lack | Neopren | WOJOER\",\"isPartOf\":{\"@id\":\"https:\/\/www.wojoer.de\/#website\"},\"primaryImageOfPage\":{\"@id\":\"https:\/\/www.wojoer.de\/produkt\/lack-slip-387d4-dr-love\/#primaryimage\"},\"image\":{\"@id\":\"https:\/\/www.wojoer.de\/produkt\/lack-slip-387d4-dr-love\/#primaryimage\"},\"thumbnailUrl\":\"https:\/\/www.wojoer.de\/wp-content\/uploads\/2019\/09\/387B4_DrLove_G-Slip_side_wojoer.jpg\",\"datePublished\":\"2019-09-30T07:49:48+00:00\",\"dateModified\":\"2025-02-15T22:19:55+00:00\",\"description\":\"Lack Neopren Slip. Nicht nur das in Deutschland gefertigte Glatthautneopren ist ungewohnt erotisch, auch die Lack Verarbeitung ist \u00fcberzeugend\",\"breadcrumb\":{\"@id\":\"https:\/\/www.wojoer.de\/produkt\/lack-slip-387d4-dr-love\/#breadcrumb\"},\"inLanguage\":\"en-GB\",\"potentialAction\":[{\"@type\":\"ReadAction\",\"target\":[\"https:\/\/www.wojoer.de\/produkt\/lack-slip-387d4-dr-love\/\"]}]},{\"@type\":\"ImageObject\",\"inLanguage\":\"en-GB\",\"@id\":\"https:\/\/www.wojoer.de\/produkt\/lack-slip-387d4-dr-love\/#primaryimage\",\"url\":\"https:\/\/www.wojoer.de\/wp-content\/uploads\/2019\/09\/387B4_DrLove_G-Slip_side_wojoer.jpg\",\"contentUrl\":\"https:\/\/www.wojoer.de\/wp-content\/uploads\/2019\/09\/387B4_DrLove_G-Slip_side_wojoer.jpg\",\"width\":1949,\"height\":1949,\"caption\":\"Leatherlike G-Slip, Silikon Slip, wei\u00dfer matter Schl\u00fcpfer, Low rise\"},{\"@type\":\"BreadcrumbList\",\"@id\":\"https:\/\/www.wojoer.de\/produkt\/lack-slip-387d4-dr-love\/#breadcrumb\",\"itemListElement\":[{\"@type\":\"ListItem\",\"position\":1,\"name\":\"Startseite\",\"item\":\"https:\/\/www.wojoer.de\/\"},{\"@type\":\"ListItem\",\"position\":2,\"name\":\"SHOP\",\"item\":\"https:\/\/www.wojoer.de\/shop\/\"},{\"@type\":\"ListItem\",\"position\":3,\"name\":\"Dr Love Lack Slip 387D4 Wei\u00df\"}]},{\"@type\":\"WebSite\",\"@id\":\"https:\/\/www.wojoer.de\/#website\",\"url\":\"https:\/\/www.wojoer.de\/\",\"name\":\"WOJOER\",\"description\":\"clubwear for men\",\"publisher\":{\"@id\":\"https:\/\/www.wojoer.de\/#organization\"},\"potentialAction\":[{\"@type\":\"SearchAction\",\"target\":{\"@type\":\"EntryPoint\",\"urlTemplate\":\"https:\/\/www.wojoer.de\/?s={search_term_string}\"},\"query-input\":{\"@type\":\"PropertyValueSpecification\",\"valueRequired\":true,\"valueName\":\"search_term_string\"}}],\"inLanguage\":\"en-GB\"},{\"@type\":\"Organization\",\"@id\":\"https:\/\/www.wojoer.de\/#organization\",\"name\":\"Wonneberger-Manufaktur\",\"url\":\"https:\/\/www.wojoer.de\/\",\"logo\":{\"@type\":\"ImageObject\",\"inLanguage\":\"en-GB\",\"@id\":\"https:\/\/www.wojoer.de\/#\/schema\/logo\/image\/\",\"url\":\"https:\/\/www.wojoer.de\/wp-content\/uploads\/2016\/11\/wonnebergermanufaktur_logo_BUTTON.png\",\"contentUrl\":\"https:\/\/www.wojoer.de\/wp-content\/uploads\/2016\/11\/wonnebergermanufaktur_logo_BUTTON.png\",\"width\":765,\"height\":765,\"caption\":\"Wonneberger-Manufaktur\"},\"image\":{\"@id\":\"https:\/\/www.wojoer.de\/#\/schema\/logo\/image\/\"},\"sameAs\":[\"https:\/\/www.facebook.com\/wojoer\/\",\"https:\/\/de.pinterest.com\/W0J0ER\/\"]}]}<\/script>\n<!-- \/ Yoast SEO plugin. -->","yoast_head_json":{"title":"Lack Neopren Slip | Wei\u00df | Slip | Lack | Neopren | WOJOER","description":"Lack Neopren Slip. Nicht nur das in Deutschland gefertigte Glatthautneopren ist ungewohnt erotisch, auch die Lack Verarbeitung ist \u00fcberzeugend","robots":{"index":"index","follow":"follow","max-snippet":"max-snippet:-1","max-image-preview":"max-image-preview:large","max-video-preview":"max-video-preview:-1"},"canonical":"https:\/\/www.wojoer.de\/en\/produkt\/lack-slip-387d4-dr-love\/","twitter_card":"summary_large_image","twitter_title":"Lack Neopren Slip | Wei\u00df | Slip | Lack | Neopren | WOJOER","twitter_description":"Lack Neopren Slip. Nicht nur das in Deutschland gefertigte Glatthautneopren ist ungewohnt erotisch, auch die Lack Verarbeitung ist \u00fcberzeugend","twitter_image":"https:\/\/www.wojoer.de\/wp-content\/uploads\/2019\/09\/387B4_DrLove_G-Slip_side_wojoer.jpg","twitter_misc":{"Estimated reading time":"2 minutes"},"schema":{"@context":"https:\/\/schema.org","@graph":[{"@type":"WebPage","@id":"https:\/\/www.wojoer.de\/produkt\/lack-slip-387d4-dr-love\/","url":"https:\/\/www.wojoer.de\/produkt\/lack-slip-387d4-dr-love\/","name":"Lack Neopren Slip | Wei\u00df | Slip | Lack | Neopren | WOJOER","isPartOf":{"@id":"https:\/\/www.wojoer.de\/#website"},"primaryImageOfPage":{"@id":"https:\/\/www.wojoer.de\/produkt\/lack-slip-387d4-dr-love\/#primaryimage"},"image":{"@id":"https:\/\/www.wojoer.de\/produkt\/lack-slip-387d4-dr-love\/#primaryimage"},"thumbnailUrl":"https:\/\/www.wojoer.de\/wp-content\/uploads\/2019\/09\/387B4_DrLove_G-Slip_side_wojoer.jpg","datePublished":"2019-09-30T07:49:48+00:00","dateModified":"2025-02-15T22:19:55+00:00","description":"Lack Neopren Slip. Nicht nur das in Deutschland gefertigte Glatthautneopren ist ungewohnt erotisch, auch die Lack Verarbeitung ist \u00fcberzeugend","breadcrumb":{"@id":"https:\/\/www.wojoer.de\/produkt\/lack-slip-387d4-dr-love\/#breadcrumb"},"inLanguage":"en-GB","potentialAction":[{"@type":"ReadAction","target":["https:\/\/www.wojoer.de\/produkt\/lack-slip-387d4-dr-love\/"]}]},{"@type":"ImageObject","inLanguage":"en-GB","@id":"https:\/\/www.wojoer.de\/produkt\/lack-slip-387d4-dr-love\/#primaryimage","url":"https:\/\/www.wojoer.de\/wp-content\/uploads\/2019\/09\/387B4_DrLove_G-Slip_side_wojoer.jpg","contentUrl":"https:\/\/www.wojoer.de\/wp-content\/uploads\/2019\/09\/387B4_DrLove_G-Slip_side_wojoer.jpg","width":1949,"height":1949,"caption":"Leatherlike G-Slip, Silikon Slip, wei\u00dfer matter Schl\u00fcpfer, Low rise"},{"@type":"BreadcrumbList","@id":"https:\/\/www.wojoer.de\/produkt\/lack-slip-387d4-dr-love\/#breadcrumb","itemListElement":[{"@type":"ListItem","position":1,"name":"Startseite","item":"https:\/\/www.wojoer.de\/"},{"@type":"ListItem","position":2,"name":"SHOP","item":"https:\/\/www.wojoer.de\/shop\/"},{"@type":"ListItem","position":3,"name":"Dr Love Lack Slip 387D4 Wei\u00df"}]},{"@type":"WebSite","@id":"https:\/\/www.wojoer.de\/#website","url":"https:\/\/www.wojoer.de\/","name":"WOJOER","description":"clubwear for men","publisher":{"@id":"https:\/\/www.wojoer.de\/#organization"},"potentialAction":[{"@type":"SearchAction","target":{"@type":"EntryPoint","urlTemplate":"https:\/\/www.wojoer.de\/?s={search_term_string}"},"query-input":{"@type":"PropertyValueSpecification","valueRequired":true,"valueName":"search_term_string"}}],"inLanguage":"en-GB"},{"@type":"Organization","@id":"https:\/\/www.wojoer.de\/#organization","name":"Wonneberger-Manufaktur","url":"https:\/\/www.wojoer.de\/","logo":{"@type":"ImageObject","inLanguage":"en-GB","@id":"https:\/\/www.wojoer.de\/#\/schema\/logo\/image\/","url":"https:\/\/www.wojoer.de\/wp-content\/uploads\/2016\/11\/wonnebergermanufaktur_logo_BUTTON.png","contentUrl":"https:\/\/www.wojoer.de\/wp-content\/uploads\/2016\/11\/wonnebergermanufaktur_logo_BUTTON.png","width":765,"height":765,"caption":"Wonneberger-Manufaktur"},"image":{"@id":"https:\/\/www.wojoer.de\/#\/schema\/logo\/image\/"},"sameAs":["https:\/\/www.facebook.com\/wojoer\/","https:\/\/de.pinterest.com\/W0J0ER\/"]}]}},"_links":{"self":[{"href":"https:\/\/www.wojoer.de\/en\/wp-json\/wp\/v2\/product\/17173","targetHints":{"allow":["GET"]}}],"collection":[{"href":"https:\/\/www.wojoer.de\/en\/wp-json\/wp\/v2\/product"}],"about":[{"href":"https:\/\/www.wojoer.de\/en\/wp-json\/wp\/v2\/types\/product"}],"replies":[{"embeddable":true,"href":"https:\/\/www.wojoer.de\/en\/wp-json\/wp\/v2\/comments?post=17173"}],"wp:featuredmedia":[{"embeddable":true,"href":"https:\/\/www.wojoer.de\/en\/wp-json\/wp\/v2\/media\/17200"}],"wp:attachment":[{"href":"https:\/\/www.wojoer.de\/en\/wp-json\/wp\/v2\/media?parent=17173"}],"wp:term":[{"taxonomy":"product_brand","embeddable":true,"href":"https:\/\/www.wojoer.de\/en\/wp-json\/wp\/v2\/product_brand?post=17173"},{"taxonomy":"product_cat","embeddable":true,"href":"https:\/\/www.wojoer.de\/en\/wp-json\/wp\/v2\/product_cat?post=17173"},{"taxonomy":"product_tag","embeddable":true,"href":"https:\/\/www.wojoer.de\/en\/wp-json\/wp\/v2\/product_tag?post=17173"}],"curies":[{"name":"wp","href":"https:\/\/api.w.org\/{rel}","templated":true}]}}