{"id":17368,"date":"2019-10-15T08:29:07","date_gmt":"2019-10-15T06:29:07","guid":{"rendered":"https:\/\/www.wojoer.de\/produkt\/damen-panty-380f5-schwarz\/"},"modified":"2026-03-04T09:24:51","modified_gmt":"2026-03-04T08:24:51","slug":"damen-panty-380f5-schwarz","status":"publish","type":"product","link":"https:\/\/www.wojoer.de\/en\/produkt\/damen-panty-380f5-schwarz\/","title":{"rendered":"Damen Panty leatherlike 380F5 schwarz"},"content":{"rendered":"<p>This women leatherlike Panty belongs to the Wojoer<a href=\"https:\/\/www.wojoer.de\/?s=live&#038;post_type=product\"> LIVE products<\/a>. They are produced from our order. This enables us to respond individually to customer requests.<\/p>\n<p><strong>Sizes<\/strong><\/p>\n<p>Available in sizes S| M| L| XL<\/p>\n<p><strong>Material composition<\/strong><\/p>\n<p>Leather like: 92% polyester | 8% elastane<\/p>\n<p><strong>Particularities<\/strong><\/p>\n<p><a href=\"https:\/\/www.wojoer.de\/?s=live&#038;post_type=product\">LIVE product<\/a> | matt fine leather like | very stretchy | pleasantly elastic | high quality | Made in Germany<\/p>\n<p><strong>Wash instructions<\/strong><\/p>\n<p>Hand wash<\/p>\n<p><strong>Leatherlike female panty &#8211; female panty\u00a0 &#8211; Sexy leatherlike Panty<br \/>\n<\/strong><\/p>\n<p>Airy, free and PUR &#8211; get in touch, dance closely, let strange hands slide into your crotch and your partner will feel your pure femininity until there is no stopping you. Maybe in the broom closet, the locker room, on the toilet!? Or on the beach, right next to the hip beach party? No clich\u00e9 is too cheesy here! This body is so excitingly hot and perfect for the adventurous, hot quickie in between. The vegan string body is made to keep your sex life at the highest level! Into the pleasure! And because it is so sexy and comfortable at the same time, there is the right partner look for your partner.<\/p>\n<p>Click here for the <a href=\"https:\/\/www.wojoer.de\/groessentabelle\/\">size chart<\/a>.<\/p>\n","protected":false},"excerpt":{"rendered":"<p>Dieses Damen Panty geh\u00f6rt zu den Wojoer LIVE-Produkten. Sie werden ab Bestellung bei uns produziert. So k\u00f6nnen wir auf Kundenw\u00fcnsche individuell eingehen.<br \/>\nGr\u00f6\u00dfen<br \/>\nErh\u00e4ltlich in den Gr\u00f6\u00dfen S, M, L, XL<br \/>\nMaterialzusammensetzung<br \/>\nLeatherlike: 92% Polyester | 8% Elasthan<br \/>\nBesonderheiten<br \/>\nLIVE Produkt| mattes feines Leatherlike | sehr\u2026<\/p>\n","protected":false},"featured_media":17348,"comment_status":"open","ping_status":"closed","template":"","meta":[],"product_brand":[],"product_cat":[699,835,114,169,471,326],"product_tag":[194,476,430],"class_list":{"0":"post-17368","1":"product","2":"type-product","3":"status-publish","4":"has-post-thumbnail","6":"product_cat-leatherlike-ouverte-ladies","7":"product_cat-ouvert","8":"product_cat-fetisch","9":"product_cat-nos-never-out-of-stock","10":"product_cat-partnerlook","11":"product_cat-wojoer","12":"product_tag-leatherlike","13":"product_tag-panty","14":"product_tag-powernet","15":"product_shipping_class-beun","16":"pa_groesse-l","17":"pa_groesse-m","18":"pa_groesse-s","19":"pa_groesse-xl","20":"pa_variante-mit-schlitz","21":"pa_variante-ohne-schlitz","22":"pif-has-gallery","23":"post-1","24":"odd","26":"first","27":"onbackorder","28":"featured","29":"taxable","30":"shipping-taxable","31":"purchasable","32":"product-type-variable"},"yoast_head":"<!-- This site is optimized with the Yoast SEO plugin v27.2 - https:\/\/yoast.com\/product\/yoast-seo-wordpress\/ -->\n<title>female Panty | leatherlike | Underwear | thin &amp; comfortable<\/title>\n<meta name=\"description\" content=\"The wafer-thin, slightly transparent, shiny women&#039;s panty is silky soft on the skin. Order now free shipping online from Wojoer!\" \/>\n<meta name=\"robots\" content=\"index, follow, max-snippet:-1, max-image-preview:large, max-video-preview:-1\" \/>\n<link rel=\"canonical\" href=\"https:\/\/www.wojoer.de\/en\/produkt\/damen-panty-380f5-schwarz\/\" \/>\n<meta name=\"twitter:card\" content=\"summary_large_image\" \/>\n<meta name=\"twitter:title\" content=\"female Panty | leatherlike | Underwear | thin &amp; comfortable\" \/>\n<meta name=\"twitter:description\" content=\"The wafer-thin, slightly transparent, shiny women&#039;s panty is silky soft on the skin. Order now free shipping online from Wojoer!\" \/>\n<meta name=\"twitter:image\" content=\"https:\/\/www.wojoer.de\/wp-content\/uploads\/2019\/10\/380F5_Panty_leatherlike_women_side_wojoer.jpg\" \/>\n<meta name=\"twitter:label1\" content=\"Estimated reading time\" \/>\n\t<meta name=\"twitter:data1\" content=\"1 minute\" \/>\n<script type=\"application\/ld+json\" class=\"yoast-schema-graph\">{\"@context\":\"https:\/\/schema.org\",\"@graph\":[{\"@type\":\"WebPage\",\"@id\":\"https:\/\/www.wojoer.de\/produkt\/damen-panty-380f5-schwarz\/\",\"url\":\"https:\/\/www.wojoer.de\/produkt\/damen-panty-380f5-schwarz\/\",\"name\":\"female Panty | leatherlike | Underwear | thin & comfortable\",\"isPartOf\":{\"@id\":\"https:\/\/www.wojoer.de\/#website\"},\"primaryImageOfPage\":{\"@id\":\"https:\/\/www.wojoer.de\/produkt\/damen-panty-380f5-schwarz\/#primaryimage\"},\"image\":{\"@id\":\"https:\/\/www.wojoer.de\/produkt\/damen-panty-380f5-schwarz\/#primaryimage\"},\"thumbnailUrl\":\"https:\/\/www.wojoer.de\/wp-content\/uploads\/2019\/10\/380F5_Panty_leatherlike_women_side_wojoer.jpg\",\"datePublished\":\"2019-10-15T06:29:07+00:00\",\"dateModified\":\"2026-03-04T08:24:51+00:00\",\"description\":\"The wafer-thin, slightly transparent, shiny women's panty is silky soft on the skin. Order now free shipping online from Wojoer!\",\"breadcrumb\":{\"@id\":\"https:\/\/www.wojoer.de\/produkt\/damen-panty-380f5-schwarz\/#breadcrumb\"},\"inLanguage\":\"en-GB\",\"potentialAction\":[{\"@type\":\"ReadAction\",\"target\":[\"https:\/\/www.wojoer.de\/produkt\/damen-panty-380f5-schwarz\/\"]}]},{\"@type\":\"ImageObject\",\"inLanguage\":\"en-GB\",\"@id\":\"https:\/\/www.wojoer.de\/produkt\/damen-panty-380f5-schwarz\/#primaryimage\",\"url\":\"https:\/\/www.wojoer.de\/wp-content\/uploads\/2019\/10\/380F5_Panty_leatherlike_women_side_wojoer.jpg\",\"contentUrl\":\"https:\/\/www.wojoer.de\/wp-content\/uploads\/2019\/10\/380F5_Panty_leatherlike_women_side_wojoer.jpg\",\"width\":1227,\"height\":1227},{\"@type\":\"BreadcrumbList\",\"@id\":\"https:\/\/www.wojoer.de\/produkt\/damen-panty-380f5-schwarz\/#breadcrumb\",\"itemListElement\":[{\"@type\":\"ListItem\",\"position\":1,\"name\":\"Startseite\",\"item\":\"https:\/\/www.wojoer.de\/\"},{\"@type\":\"ListItem\",\"position\":2,\"name\":\"SHOP\",\"item\":\"https:\/\/www.wojoer.de\/shop\/\"},{\"@type\":\"ListItem\",\"position\":3,\"name\":\"Damen Panty leatherlike Ouvert, mit oder ohne Schlitz 380F5 schwarz\"}]},{\"@type\":\"WebSite\",\"@id\":\"https:\/\/www.wojoer.de\/#website\",\"url\":\"https:\/\/www.wojoer.de\/\",\"name\":\"WOJOER\",\"description\":\"clubwear for men\",\"publisher\":{\"@id\":\"https:\/\/www.wojoer.de\/#organization\"},\"potentialAction\":[{\"@type\":\"SearchAction\",\"target\":{\"@type\":\"EntryPoint\",\"urlTemplate\":\"https:\/\/www.wojoer.de\/?s={search_term_string}\"},\"query-input\":{\"@type\":\"PropertyValueSpecification\",\"valueRequired\":true,\"valueName\":\"search_term_string\"}}],\"inLanguage\":\"en-GB\"},{\"@type\":\"Organization\",\"@id\":\"https:\/\/www.wojoer.de\/#organization\",\"name\":\"Wonneberger-Manufaktur\",\"url\":\"https:\/\/www.wojoer.de\/\",\"logo\":{\"@type\":\"ImageObject\",\"inLanguage\":\"en-GB\",\"@id\":\"https:\/\/www.wojoer.de\/#\/schema\/logo\/image\/\",\"url\":\"https:\/\/www.wojoer.de\/wp-content\/uploads\/2016\/11\/wonnebergermanufaktur_logo_BUTTON.png\",\"contentUrl\":\"https:\/\/www.wojoer.de\/wp-content\/uploads\/2016\/11\/wonnebergermanufaktur_logo_BUTTON.png\",\"width\":765,\"height\":765,\"caption\":\"Wonneberger-Manufaktur\"},\"image\":{\"@id\":\"https:\/\/www.wojoer.de\/#\/schema\/logo\/image\/\"},\"sameAs\":[\"https:\/\/www.facebook.com\/wojoer\/\",\"https:\/\/de.pinterest.com\/W0J0ER\/\"]}]}<\/script>\n<!-- \/ Yoast SEO plugin. -->","yoast_head_json":{"title":"female Panty | leatherlike | Underwear | thin & comfortable","description":"The wafer-thin, slightly transparent, shiny women's panty is silky soft on the skin. Order now free shipping online from Wojoer!","robots":{"index":"index","follow":"follow","max-snippet":"max-snippet:-1","max-image-preview":"max-image-preview:large","max-video-preview":"max-video-preview:-1"},"canonical":"https:\/\/www.wojoer.de\/en\/produkt\/damen-panty-380f5-schwarz\/","twitter_card":"summary_large_image","twitter_title":"[:de]Damen Panty | leatherlike | Underwear | d\u00fcnn & bequem[:en]female Panty | leatherlike | Underwear | thin & comfortable[:]","twitter_description":"[:de]Das hauchd\u00fcnne, leicht transparente, gl\u00e4nzedes DamenPanty liegt seidig weich auf der Haut. Jetzt Online versandkostenfrei bei Wojoer bestellen![:en]The wafer-thin, slightly transparent, shiny women's panty is silky soft on the skin. Order now free shipping online from Wojoer![:]","twitter_image":"https:\/\/www.wojoer.de\/wp-content\/uploads\/2019\/10\/380F5_Panty_leatherlike_women_side_wojoer.jpg","twitter_misc":{"Estimated reading time":"1 minute"},"schema":{"@context":"https:\/\/schema.org","@graph":[{"@type":"WebPage","@id":"https:\/\/www.wojoer.de\/produkt\/damen-panty-380f5-schwarz\/","url":"https:\/\/www.wojoer.de\/produkt\/damen-panty-380f5-schwarz\/","name":"female Panty | leatherlike | Underwear | thin & comfortable","isPartOf":{"@id":"https:\/\/www.wojoer.de\/#website"},"primaryImageOfPage":{"@id":"https:\/\/www.wojoer.de\/produkt\/damen-panty-380f5-schwarz\/#primaryimage"},"image":{"@id":"https:\/\/www.wojoer.de\/produkt\/damen-panty-380f5-schwarz\/#primaryimage"},"thumbnailUrl":"https:\/\/www.wojoer.de\/wp-content\/uploads\/2019\/10\/380F5_Panty_leatherlike_women_side_wojoer.jpg","datePublished":"2019-10-15T06:29:07+00:00","dateModified":"2026-03-04T08:24:51+00:00","description":"The wafer-thin, slightly transparent, shiny women's panty is silky soft on the skin. Order now free shipping online from Wojoer!","breadcrumb":{"@id":"https:\/\/www.wojoer.de\/produkt\/damen-panty-380f5-schwarz\/#breadcrumb"},"inLanguage":"en-GB","potentialAction":[{"@type":"ReadAction","target":["https:\/\/www.wojoer.de\/produkt\/damen-panty-380f5-schwarz\/"]}]},{"@type":"ImageObject","inLanguage":"en-GB","@id":"https:\/\/www.wojoer.de\/produkt\/damen-panty-380f5-schwarz\/#primaryimage","url":"https:\/\/www.wojoer.de\/wp-content\/uploads\/2019\/10\/380F5_Panty_leatherlike_women_side_wojoer.jpg","contentUrl":"https:\/\/www.wojoer.de\/wp-content\/uploads\/2019\/10\/380F5_Panty_leatherlike_women_side_wojoer.jpg","width":1227,"height":1227},{"@type":"BreadcrumbList","@id":"https:\/\/www.wojoer.de\/produkt\/damen-panty-380f5-schwarz\/#breadcrumb","itemListElement":[{"@type":"ListItem","position":1,"name":"Startseite","item":"https:\/\/www.wojoer.de\/"},{"@type":"ListItem","position":2,"name":"SHOP","item":"https:\/\/www.wojoer.de\/shop\/"},{"@type":"ListItem","position":3,"name":"Damen Panty leatherlike Ouvert, mit oder ohne Schlitz 380F5 schwarz"}]},{"@type":"WebSite","@id":"https:\/\/www.wojoer.de\/#website","url":"https:\/\/www.wojoer.de\/","name":"WOJOER","description":"clubwear for men","publisher":{"@id":"https:\/\/www.wojoer.de\/#organization"},"potentialAction":[{"@type":"SearchAction","target":{"@type":"EntryPoint","urlTemplate":"https:\/\/www.wojoer.de\/?s={search_term_string}"},"query-input":{"@type":"PropertyValueSpecification","valueRequired":true,"valueName":"search_term_string"}}],"inLanguage":"en-GB"},{"@type":"Organization","@id":"https:\/\/www.wojoer.de\/#organization","name":"Wonneberger-Manufaktur","url":"https:\/\/www.wojoer.de\/","logo":{"@type":"ImageObject","inLanguage":"en-GB","@id":"https:\/\/www.wojoer.de\/#\/schema\/logo\/image\/","url":"https:\/\/www.wojoer.de\/wp-content\/uploads\/2016\/11\/wonnebergermanufaktur_logo_BUTTON.png","contentUrl":"https:\/\/www.wojoer.de\/wp-content\/uploads\/2016\/11\/wonnebergermanufaktur_logo_BUTTON.png","width":765,"height":765,"caption":"Wonneberger-Manufaktur"},"image":{"@id":"https:\/\/www.wojoer.de\/#\/schema\/logo\/image\/"},"sameAs":["https:\/\/www.facebook.com\/wojoer\/","https:\/\/de.pinterest.com\/W0J0ER\/"]}]}},"_links":{"self":[{"href":"https:\/\/www.wojoer.de\/en\/wp-json\/wp\/v2\/product\/17368","targetHints":{"allow":["GET"]}}],"collection":[{"href":"https:\/\/www.wojoer.de\/en\/wp-json\/wp\/v2\/product"}],"about":[{"href":"https:\/\/www.wojoer.de\/en\/wp-json\/wp\/v2\/types\/product"}],"replies":[{"embeddable":true,"href":"https:\/\/www.wojoer.de\/en\/wp-json\/wp\/v2\/comments?post=17368"}],"wp:featuredmedia":[{"embeddable":true,"href":"https:\/\/www.wojoer.de\/en\/wp-json\/wp\/v2\/media\/17348"}],"wp:attachment":[{"href":"https:\/\/www.wojoer.de\/en\/wp-json\/wp\/v2\/media?parent=17368"}],"wp:term":[{"taxonomy":"product_brand","embeddable":true,"href":"https:\/\/www.wojoer.de\/en\/wp-json\/wp\/v2\/product_brand?post=17368"},{"taxonomy":"product_cat","embeddable":true,"href":"https:\/\/www.wojoer.de\/en\/wp-json\/wp\/v2\/product_cat?post=17368"},{"taxonomy":"product_tag","embeddable":true,"href":"https:\/\/www.wojoer.de\/en\/wp-json\/wp\/v2\/product_tag?post=17368"}],"curies":[{"name":"wp","href":"https:\/\/api.w.org\/{rel}","templated":true}]}}