{"id":17378,"date":"2020-01-01T09:48:34","date_gmt":"2020-01-01T08:48:34","guid":{"rendered":"https:\/\/www.wojoer.de\/produkt\/pink-panther-knickebocker-hose-329t58\/"},"modified":"2020-12-10T14:42:55","modified_gmt":"2020-12-10T13:42:55","slug":"pink-panther-knickebocker-hose-329t58","status":"publish","type":"product","link":"https:\/\/www.wojoer.de\/en\/produkt\/pink-panther-knickebocker-hose-329t58\/","title":{"rendered":"Pink Panther Knickebocker HOSE 329T58"},"content":{"rendered":"<p>The Pink Panther Knickebocker Hose 329T58 belongs to the Wojoer LIVE products. Production on order only. So we can respond to customer requests individually.<\/p>\n<h3>Size<\/h3>\n<p>Available in sizes S, M, L, XL<\/p>\n<h3><strong>Material composition<\/strong><\/h3>\n<p>Wet material: 60% polyurethane,\u00a0 3% elasthane 37%polyester<\/p>\n<p>powernet: 94% Polyester, 6% elasthane<\/p>\n<h3><strong>Particularities<\/strong><\/h3>\n<p><a href=\"http:\/\/www.wojoer.de\/?s=LIVE&#038;post_type=product\">LIVE-Produkt<\/a> \u00a0 | Quick-Fun push button | pinkes Powernet\u00a0 | cuddly | good elastic | high quality processing\u00a0 Made in Germany<\/p>\n<h3>Washing instructions<\/h3>\n<p>Handwash<\/p>\n<h3>Pink Panther Kickebocker Hose &#8211; black trousers in Wetlook with pink net at the suspensor<\/h3>\n<p>A hot, thight Kickebocker Hose that attracts everyone&#8217;s attention and gently hugs your hips. The sides of the pants are made of shiny black material, which also pulls over the jockstrap. In addition, a qiuk- fun button on the jockstrap, if you can no longer your greed. He looks thight and flush, but gently clings to your skin. As, the solid insert gives you strenght and underlines youre dominance. The net fabric is breathable, flexibel and qiuck drying. You want it-You get it!<\/p>\n<p>Chlick her to the <a href=\"https:\/\/www.wojoer.de\/groessentabelle\/\">size cart<\/a>.<\/p>\n","protected":false},"excerpt":{"rendered":"<p>Die Pink Panther Knickebocker Hose 329T58 geh\u00f6rt zu den Wojoer LIVE-Produkten. Sie werden ab Bestellung bei uns produziert. So k\u00f6nnen wir auf Kundenw\u00fcnsche individuell eingehen.<br \/>\nGr\u00f6\u00dfen<br \/>\nErh\u00e4ltlich in den Gr\u00f6\u00dfen S, M, L, XL<br \/>\nMaterialzusammensetzung<br \/>\nWetstoff: 60% Polyurethan,\u00a0 3% Elasthan 37%Polyester<\/p>\n<p>Powernet: 94% Polyester, 6%\u2026<\/p>\n","protected":false},"featured_media":6198,"comment_status":"open","ping_status":"closed","template":"","meta":[],"product_brand":[],"product_cat":[116,473,195,326],"product_tag":[251,246,430,368,318,247],"class_list":{"0":"post-17378","1":"product","2":"type-product","3":"status-publish","4":"has-post-thumbnail","6":"product_cat-clubwear","7":"product_cat-men","8":"product_cat-produktion-auf-bestellung-liveproduktion","9":"product_cat-wojoer","10":"product_tag-druckknopf","11":"product_tag-netz","12":"product_tag-powernet","13":"product_tag-quick-fun-action","14":"product_tag-struktur","15":"product_tag-wetlook","16":"product_shipping_class-beun","17":"pa_groesse-l","18":"pa_groesse-m","19":"pa_groesse-s","20":"pa_groesse-xl","21":"pif-has-gallery","22":"post-1","23":"odd","25":"first","26":"onbackorder","27":"taxable","28":"shipping-taxable","29":"purchasable","30":"product-type-variable"},"yoast_head":"<!-- This site is optimized with the Yoast SEO plugin v27.2 - https:\/\/yoast.com\/product\/yoast-seo-wordpress\/ -->\n<title>Pink Panther Knickebocker Hose mit Netz | Clubwear | WOJOER for men<\/title>\n<meta name=\"description\" content=\"schwarze hautenge Knickerbocker Hose mit Netzteil am Suspensorium, Herren Hose mit Druckknopf am Suspensorium. Men clubwear from Wojoer. Jetzt versandkostenfrei online innerhalb Deutschlands bestellen und kosteng\u00fcnstig in die ganze Welt.\" \/>\n<meta name=\"robots\" content=\"index, follow, max-snippet:-1, max-image-preview:large, max-video-preview:-1\" \/>\n<link rel=\"canonical\" href=\"https:\/\/www.wojoer.de\/en\/produkt\/pink-panther-knickebocker-hose-329t58\/\" \/>\n<meta name=\"twitter:card\" content=\"summary_large_image\" \/>\n<meta name=\"twitter:title\" content=\"Pink Panther Knickebocker Hose mit Netz | Clubwear | WOJOER for men\" \/>\n<meta name=\"twitter:description\" content=\"schwarze hautenge Knickerbocker Hose mit Netzteil am Suspensorium, Herren Hose mit Druckknopf am Suspensorium. Men clubwear from Wojoer. Jetzt versandkostenfrei online innerhalb Deutschlands bestellen und kosteng\u00fcnstig in die ganze Welt.\" \/>\n<meta name=\"twitter:image\" content=\"https:\/\/www.wojoer.de\/wp-content\/uploads\/2017\/06\/329T58_blackwetpink_knicker_wojoer.jpg\" \/>\n<meta name=\"twitter:label1\" content=\"Estimated reading time\" \/>\n\t<meta name=\"twitter:data1\" content=\"2 minutes\" \/>\n<script type=\"application\/ld+json\" class=\"yoast-schema-graph\">{\"@context\":\"https:\/\/schema.org\",\"@graph\":[{\"@type\":\"WebPage\",\"@id\":\"https:\/\/www.wojoer.de\/en\/produkt\/pink-panther-knickebocker-hose-329t58\/\",\"url\":\"https:\/\/www.wojoer.de\/en\/produkt\/pink-panther-knickebocker-hose-329t58\/\",\"name\":\"Pink Panther Knickebocker Hose mit Netz | Clubwear | WOJOER for men\",\"isPartOf\":{\"@id\":\"https:\/\/www.wojoer.de\/#website\"},\"primaryImageOfPage\":{\"@id\":\"https:\/\/www.wojoer.de\/en\/produkt\/pink-panther-knickebocker-hose-329t58\/#primaryimage\"},\"image\":{\"@id\":\"https:\/\/www.wojoer.de\/en\/produkt\/pink-panther-knickebocker-hose-329t58\/#primaryimage\"},\"thumbnailUrl\":\"https:\/\/www.wojoer.de\/wp-content\/uploads\/2017\/06\/329T58_blackwetpink_knicker_wojoer.jpg\",\"datePublished\":\"2020-01-01T08:48:34+00:00\",\"dateModified\":\"2020-12-10T13:42:55+00:00\",\"description\":\"schwarze hautenge Knickerbocker Hose mit Netzteil am Suspensorium, Herren Hose mit Druckknopf am Suspensorium. Men clubwear from Wojoer. Jetzt versandkostenfrei online innerhalb Deutschlands bestellen und kosteng\u00fcnstig in die ganze Welt.\",\"breadcrumb\":{\"@id\":\"https:\/\/www.wojoer.de\/en\/produkt\/pink-panther-knickebocker-hose-329t58\/#breadcrumb\"},\"inLanguage\":\"en-GB\",\"potentialAction\":[{\"@type\":\"ReadAction\",\"target\":[\"https:\/\/www.wojoer.de\/en\/produkt\/pink-panther-knickebocker-hose-329t58\/\"]}]},{\"@type\":\"ImageObject\",\"inLanguage\":\"en-GB\",\"@id\":\"https:\/\/www.wojoer.de\/en\/produkt\/pink-panther-knickebocker-hose-329t58\/#primaryimage\",\"url\":\"https:\/\/www.wojoer.de\/wp-content\/uploads\/2017\/06\/329T58_blackwetpink_knicker_wojoer.jpg\",\"contentUrl\":\"https:\/\/www.wojoer.de\/wp-content\/uploads\/2017\/06\/329T58_blackwetpink_knicker_wojoer.jpg\",\"width\":2002,\"height\":2002},{\"@type\":\"BreadcrumbList\",\"@id\":\"https:\/\/www.wojoer.de\/en\/produkt\/pink-panther-knickebocker-hose-329t58\/#breadcrumb\",\"itemListElement\":[{\"@type\":\"ListItem\",\"position\":1,\"name\":\"Startseite\",\"item\":\"https:\/\/www.wojoer.de\/\"},{\"@type\":\"ListItem\",\"position\":2,\"name\":\"SHOP\",\"item\":\"https:\/\/www.wojoer.de\/shop\/\"},{\"@type\":\"ListItem\",\"position\":3,\"name\":\"Pink Panther Knickebocker HOSE 329T58\"}]},{\"@type\":\"WebSite\",\"@id\":\"https:\/\/www.wojoer.de\/#website\",\"url\":\"https:\/\/www.wojoer.de\/\",\"name\":\"WOJOER\",\"description\":\"clubwear for men\",\"publisher\":{\"@id\":\"https:\/\/www.wojoer.de\/#organization\"},\"potentialAction\":[{\"@type\":\"SearchAction\",\"target\":{\"@type\":\"EntryPoint\",\"urlTemplate\":\"https:\/\/www.wojoer.de\/?s={search_term_string}\"},\"query-input\":{\"@type\":\"PropertyValueSpecification\",\"valueRequired\":true,\"valueName\":\"search_term_string\"}}],\"inLanguage\":\"en-GB\"},{\"@type\":\"Organization\",\"@id\":\"https:\/\/www.wojoer.de\/#organization\",\"name\":\"Wonneberger-Manufaktur\",\"url\":\"https:\/\/www.wojoer.de\/\",\"logo\":{\"@type\":\"ImageObject\",\"inLanguage\":\"en-GB\",\"@id\":\"https:\/\/www.wojoer.de\/#\/schema\/logo\/image\/\",\"url\":\"https:\/\/www.wojoer.de\/wp-content\/uploads\/2016\/11\/wonnebergermanufaktur_logo_BUTTON.png\",\"contentUrl\":\"https:\/\/www.wojoer.de\/wp-content\/uploads\/2016\/11\/wonnebergermanufaktur_logo_BUTTON.png\",\"width\":765,\"height\":765,\"caption\":\"Wonneberger-Manufaktur\"},\"image\":{\"@id\":\"https:\/\/www.wojoer.de\/#\/schema\/logo\/image\/\"},\"sameAs\":[\"https:\/\/www.facebook.com\/wojoer\/\",\"https:\/\/de.pinterest.com\/W0J0ER\/\"]}]}<\/script>\n<!-- \/ Yoast SEO plugin. -->","yoast_head_json":{"title":"Pink Panther Knickebocker Hose mit Netz | Clubwear | WOJOER for men","description":"schwarze hautenge Knickerbocker Hose mit Netzteil am Suspensorium, Herren Hose mit Druckknopf am Suspensorium. Men clubwear from Wojoer. Jetzt versandkostenfrei online innerhalb Deutschlands bestellen und kosteng\u00fcnstig in die ganze Welt.","robots":{"index":"index","follow":"follow","max-snippet":"max-snippet:-1","max-image-preview":"max-image-preview:large","max-video-preview":"max-video-preview:-1"},"canonical":"https:\/\/www.wojoer.de\/en\/produkt\/pink-panther-knickebocker-hose-329t58\/","twitter_card":"summary_large_image","twitter_title":"Pink Panther Knickebocker Hose mit Netz | Clubwear | WOJOER for men","twitter_description":"schwarze hautenge Knickerbocker Hose mit Netzteil am Suspensorium, Herren Hose mit Druckknopf am Suspensorium. Men clubwear from Wojoer. Jetzt versandkostenfrei online innerhalb Deutschlands bestellen und kosteng\u00fcnstig in die ganze Welt.","twitter_image":"https:\/\/www.wojoer.de\/wp-content\/uploads\/2017\/06\/329T58_blackwetpink_knicker_wojoer.jpg","twitter_misc":{"Estimated reading time":"2 minutes"},"schema":{"@context":"https:\/\/schema.org","@graph":[{"@type":"WebPage","@id":"https:\/\/www.wojoer.de\/en\/produkt\/pink-panther-knickebocker-hose-329t58\/","url":"https:\/\/www.wojoer.de\/en\/produkt\/pink-panther-knickebocker-hose-329t58\/","name":"Pink Panther Knickebocker Hose mit Netz | Clubwear | WOJOER for men","isPartOf":{"@id":"https:\/\/www.wojoer.de\/#website"},"primaryImageOfPage":{"@id":"https:\/\/www.wojoer.de\/en\/produkt\/pink-panther-knickebocker-hose-329t58\/#primaryimage"},"image":{"@id":"https:\/\/www.wojoer.de\/en\/produkt\/pink-panther-knickebocker-hose-329t58\/#primaryimage"},"thumbnailUrl":"https:\/\/www.wojoer.de\/wp-content\/uploads\/2017\/06\/329T58_blackwetpink_knicker_wojoer.jpg","datePublished":"2020-01-01T08:48:34+00:00","dateModified":"2020-12-10T13:42:55+00:00","description":"schwarze hautenge Knickerbocker Hose mit Netzteil am Suspensorium, Herren Hose mit Druckknopf am Suspensorium. Men clubwear from Wojoer. Jetzt versandkostenfrei online innerhalb Deutschlands bestellen und kosteng\u00fcnstig in die ganze Welt.","breadcrumb":{"@id":"https:\/\/www.wojoer.de\/en\/produkt\/pink-panther-knickebocker-hose-329t58\/#breadcrumb"},"inLanguage":"en-GB","potentialAction":[{"@type":"ReadAction","target":["https:\/\/www.wojoer.de\/en\/produkt\/pink-panther-knickebocker-hose-329t58\/"]}]},{"@type":"ImageObject","inLanguage":"en-GB","@id":"https:\/\/www.wojoer.de\/en\/produkt\/pink-panther-knickebocker-hose-329t58\/#primaryimage","url":"https:\/\/www.wojoer.de\/wp-content\/uploads\/2017\/06\/329T58_blackwetpink_knicker_wojoer.jpg","contentUrl":"https:\/\/www.wojoer.de\/wp-content\/uploads\/2017\/06\/329T58_blackwetpink_knicker_wojoer.jpg","width":2002,"height":2002},{"@type":"BreadcrumbList","@id":"https:\/\/www.wojoer.de\/en\/produkt\/pink-panther-knickebocker-hose-329t58\/#breadcrumb","itemListElement":[{"@type":"ListItem","position":1,"name":"Startseite","item":"https:\/\/www.wojoer.de\/"},{"@type":"ListItem","position":2,"name":"SHOP","item":"https:\/\/www.wojoer.de\/shop\/"},{"@type":"ListItem","position":3,"name":"Pink Panther Knickebocker HOSE 329T58"}]},{"@type":"WebSite","@id":"https:\/\/www.wojoer.de\/#website","url":"https:\/\/www.wojoer.de\/","name":"WOJOER","description":"clubwear for men","publisher":{"@id":"https:\/\/www.wojoer.de\/#organization"},"potentialAction":[{"@type":"SearchAction","target":{"@type":"EntryPoint","urlTemplate":"https:\/\/www.wojoer.de\/?s={search_term_string}"},"query-input":{"@type":"PropertyValueSpecification","valueRequired":true,"valueName":"search_term_string"}}],"inLanguage":"en-GB"},{"@type":"Organization","@id":"https:\/\/www.wojoer.de\/#organization","name":"Wonneberger-Manufaktur","url":"https:\/\/www.wojoer.de\/","logo":{"@type":"ImageObject","inLanguage":"en-GB","@id":"https:\/\/www.wojoer.de\/#\/schema\/logo\/image\/","url":"https:\/\/www.wojoer.de\/wp-content\/uploads\/2016\/11\/wonnebergermanufaktur_logo_BUTTON.png","contentUrl":"https:\/\/www.wojoer.de\/wp-content\/uploads\/2016\/11\/wonnebergermanufaktur_logo_BUTTON.png","width":765,"height":765,"caption":"Wonneberger-Manufaktur"},"image":{"@id":"https:\/\/www.wojoer.de\/#\/schema\/logo\/image\/"},"sameAs":["https:\/\/www.facebook.com\/wojoer\/","https:\/\/de.pinterest.com\/W0J0ER\/"]}]}},"_links":{"self":[{"href":"https:\/\/www.wojoer.de\/en\/wp-json\/wp\/v2\/product\/17378","targetHints":{"allow":["GET"]}}],"collection":[{"href":"https:\/\/www.wojoer.de\/en\/wp-json\/wp\/v2\/product"}],"about":[{"href":"https:\/\/www.wojoer.de\/en\/wp-json\/wp\/v2\/types\/product"}],"replies":[{"embeddable":true,"href":"https:\/\/www.wojoer.de\/en\/wp-json\/wp\/v2\/comments?post=17378"}],"wp:featuredmedia":[{"embeddable":true,"href":"https:\/\/www.wojoer.de\/en\/wp-json\/wp\/v2\/media\/6198"}],"wp:attachment":[{"href":"https:\/\/www.wojoer.de\/en\/wp-json\/wp\/v2\/media?parent=17378"}],"wp:term":[{"taxonomy":"product_brand","embeddable":true,"href":"https:\/\/www.wojoer.de\/en\/wp-json\/wp\/v2\/product_brand?post=17378"},{"taxonomy":"product_cat","embeddable":true,"href":"https:\/\/www.wojoer.de\/en\/wp-json\/wp\/v2\/product_cat?post=17378"},{"taxonomy":"product_tag","embeddable":true,"href":"https:\/\/www.wojoer.de\/en\/wp-json\/wp\/v2\/product_tag?post=17378"}],"curies":[{"name":"wp","href":"https:\/\/api.w.org\/{rel}","templated":true}]}}