{"id":20192,"date":"2020-02-07T10:04:40","date_gmt":"2020-02-07T09:04:40","guid":{"rendered":"https:\/\/www.wojoer.de\/?post_type=product&#038;p=20192"},"modified":"2022-11-30T17:08:25","modified_gmt":"2022-11-30T16:08:25","slug":"wet-silk-ladies-body-394fs1","status":"publish","type":"product","link":"https:\/\/www.wojoer.de\/en\/produkt\/wet-silk-ladies-body-394fs1\/","title":{"rendered":"Wet Silk Damen Body rose 394FS1"},"content":{"rendered":"<p>Production on order, because the Wet Silk Ladies Body 394FS1 belongs in the category: Wojoer &#8220;<a href=\"https:\/\/www.wojoer.de\/?s=live&#038;post_type=product\">LIVE products<\/a>&#8220;!<\/p>\n<h3>Sizes<\/h3>\n<p>Available in sizes 34| 36| 38| 40|42<\/p>\n<h3>Material composition<\/h3>\n<p>78% polyester | 22% elastane | 80% polyamide | 12% elastane<\/p>\n<h3>Particularities<\/h3>\n<p>LIVE product | extraordinary choice of colours | cuddly | glacier ice | very stretchy material | high quality workmanship &#8220;Made in Germany&#8221;<\/p>\n<h3>Wash instructions<\/h3>\n<p>Hand wash<\/p>\n<h3>Wet Silk Women&#8217;s Body<\/h3>\n<p>No &#8230; you are different and do not want to wear the swimwear like the others. You deserve to stand out with your great body and look special. You can do just that with our Wet Silk collection. The string is super soft and due to the glossy fabric, you pull out like cast from metal. With the extravagant colour selection, you stand out from the crowd &#8211; but not intrusive, but elegantly glamorous. Because the fabric is super cuddly and variable, you can wear these briefs super as highways and low waist variants. Just try it&#8230;<\/p>\n<p>Here is the <a href=\"https:\/\/www.wojoer.de\/groessentabelle\/\">Size chart<\/a><\/p>\n<p>&nbsp;<\/p>\n","protected":false},"excerpt":{"rendered":"<p>Produktion auf Bestellung, denn der WetSilk Body 394FS1 geh\u00f6rt in die Kategorie: Wojoer &#8220;LIVE-Produkte&#8221;!<br \/>\nGr\u00f6\u00dfen<br \/>\nErh\u00e4ltlich in den Gr\u00f6\u00dfen S, M, L, XL<br \/>\nMaterialzusammensetzung<br \/>\n78% Polyester\u00a0 |22% Elasthan | 80% Polyamid\u00a0 |12% Elasthan<br \/>\nBesonderheiten<br \/>\nLIVE Produkt | au\u00dfergew\u00f6hnliche Farbauswahl |badetauglich | anschmiegsam |\u00a0 gletschereis | rose\u2026<\/p>\n","protected":false},"featured_media":20155,"comment_status":"open","ping_status":"closed","template":"","meta":[],"product_brand":[],"product_cat":[710,471,195],"product_tag":[108,186,560],"class_list":{"0":"post-20192","1":"product","2":"type-product","3":"status-publish","4":"has-post-thumbnail","6":"product_cat-wet-silk-ladies","7":"product_cat-partnerlook","8":"product_cat-produktion-auf-bestellung-liveproduktion","9":"product_tag-1beachwear","10":"product_tag-body","11":"product_tag-glaenzend","12":"product_shipping_class-beun","13":"pa_farbe-eisblau","14":"pa_farbe-gold","15":"pa_farbe-rose","16":"pa_groesse-583","17":"pa_groesse-544","18":"pa_groesse-545","19":"pa_groesse-546","20":"pa_groesse-547","21":"pa_groesse-548","22":"pif-has-gallery","23":"post-1","24":"odd","26":"first","27":"instock","28":"taxable","29":"shipping-taxable","30":"purchasable","31":"product-type-variable"},"yoast_head":"<!-- This site is optimized with the Yoast SEO plugin v27.2 - https:\/\/yoast.com\/product\/yoast-seo-wordpress\/ -->\n<title>Wet Silk female Body | suitable for bathing | rose | WOJOER |<\/title>\n<meta name=\"description\" content=\"Wet silk body. Particularly striking and elegant body available in different colors from WOJOER. Soft, stretchy material - Order now for free shipping.\" \/>\n<meta name=\"robots\" content=\"index, follow, max-snippet:-1, max-image-preview:large, max-video-preview:-1\" \/>\n<link rel=\"canonical\" href=\"https:\/\/www.wojoer.de\/en\/produkt\/wet-silk-ladies-body-394fs1\/\" \/>\n<meta name=\"twitter:card\" content=\"summary_large_image\" \/>\n<meta name=\"twitter:title\" content=\"Wet Silk female Body | suitable for bathing | rose | WOJOER |\" \/>\n<meta name=\"twitter:description\" content=\"Wet silk body. Particularly striking and elegant body available in different colors from WOJOER. Soft, stretchy material - Order now for free shipping.\" \/>\n<meta name=\"twitter:image\" content=\"https:\/\/www.wojoer.de\/wp-content\/uploads\/2020\/02\/394FS1_Wetsilk_Body_female_rose_wojoer.jpg\" \/>\n<meta name=\"twitter:label1\" content=\"Estimated reading time\" \/>\n\t<meta name=\"twitter:data1\" content=\"1 minute\" \/>\n<script type=\"application\/ld+json\" class=\"yoast-schema-graph\">{\"@context\":\"https:\/\/schema.org\",\"@graph\":[{\"@type\":\"WebPage\",\"@id\":\"https:\/\/www.wojoer.de\/produkt\/wet-silk-ladies-body-394fs1\/\",\"url\":\"https:\/\/www.wojoer.de\/produkt\/wet-silk-ladies-body-394fs1\/\",\"name\":\"Wet Silk female Body | suitable for bathing | rose | WOJOER |\",\"isPartOf\":{\"@id\":\"https:\/\/www.wojoer.de\/#website\"},\"primaryImageOfPage\":{\"@id\":\"https:\/\/www.wojoer.de\/produkt\/wet-silk-ladies-body-394fs1\/#primaryimage\"},\"image\":{\"@id\":\"https:\/\/www.wojoer.de\/produkt\/wet-silk-ladies-body-394fs1\/#primaryimage\"},\"thumbnailUrl\":\"https:\/\/www.wojoer.de\/wp-content\/uploads\/2020\/02\/394FS1_Wetsilk_Body_female_rose_wojoer.jpg\",\"datePublished\":\"2020-02-07T09:04:40+00:00\",\"dateModified\":\"2022-11-30T16:08:25+00:00\",\"description\":\"Wet silk body. Particularly striking and elegant body available in different colors from WOJOER. Soft, stretchy material - Order now for free shipping.\",\"breadcrumb\":{\"@id\":\"https:\/\/www.wojoer.de\/produkt\/wet-silk-ladies-body-394fs1\/#breadcrumb\"},\"inLanguage\":\"en-GB\",\"potentialAction\":[{\"@type\":\"ReadAction\",\"target\":[\"https:\/\/www.wojoer.de\/produkt\/wet-silk-ladies-body-394fs1\/\"]}]},{\"@type\":\"ImageObject\",\"inLanguage\":\"en-GB\",\"@id\":\"https:\/\/www.wojoer.de\/produkt\/wet-silk-ladies-body-394fs1\/#primaryimage\",\"url\":\"https:\/\/www.wojoer.de\/wp-content\/uploads\/2020\/02\/394FS1_Wetsilk_Body_female_rose_wojoer.jpg\",\"contentUrl\":\"https:\/\/www.wojoer.de\/wp-content\/uploads\/2020\/02\/394FS1_Wetsilk_Body_female_rose_wojoer.jpg\",\"width\":2002,\"height\":2002},{\"@type\":\"BreadcrumbList\",\"@id\":\"https:\/\/www.wojoer.de\/produkt\/wet-silk-ladies-body-394fs1\/#breadcrumb\",\"itemListElement\":[{\"@type\":\"ListItem\",\"position\":1,\"name\":\"Startseite\",\"item\":\"https:\/\/www.wojoer.de\/\"},{\"@type\":\"ListItem\",\"position\":2,\"name\":\"SHOP\",\"item\":\"https:\/\/www.wojoer.de\/shop\/\"},{\"@type\":\"ListItem\",\"position\":3,\"name\":\"Wet Silk Damen Body rose 394FS1\"}]},{\"@type\":\"WebSite\",\"@id\":\"https:\/\/www.wojoer.de\/#website\",\"url\":\"https:\/\/www.wojoer.de\/\",\"name\":\"WOJOER\",\"description\":\"clubwear for men\",\"publisher\":{\"@id\":\"https:\/\/www.wojoer.de\/#organization\"},\"potentialAction\":[{\"@type\":\"SearchAction\",\"target\":{\"@type\":\"EntryPoint\",\"urlTemplate\":\"https:\/\/www.wojoer.de\/?s={search_term_string}\"},\"query-input\":{\"@type\":\"PropertyValueSpecification\",\"valueRequired\":true,\"valueName\":\"search_term_string\"}}],\"inLanguage\":\"en-GB\"},{\"@type\":\"Organization\",\"@id\":\"https:\/\/www.wojoer.de\/#organization\",\"name\":\"Wonneberger-Manufaktur\",\"url\":\"https:\/\/www.wojoer.de\/\",\"logo\":{\"@type\":\"ImageObject\",\"inLanguage\":\"en-GB\",\"@id\":\"https:\/\/www.wojoer.de\/#\/schema\/logo\/image\/\",\"url\":\"https:\/\/www.wojoer.de\/wp-content\/uploads\/2016\/11\/wonnebergermanufaktur_logo_BUTTON.png\",\"contentUrl\":\"https:\/\/www.wojoer.de\/wp-content\/uploads\/2016\/11\/wonnebergermanufaktur_logo_BUTTON.png\",\"width\":765,\"height\":765,\"caption\":\"Wonneberger-Manufaktur\"},\"image\":{\"@id\":\"https:\/\/www.wojoer.de\/#\/schema\/logo\/image\/\"},\"sameAs\":[\"https:\/\/www.facebook.com\/wojoer\/\",\"https:\/\/de.pinterest.com\/W0J0ER\/\"]}]}<\/script>\n<!-- \/ Yoast SEO plugin. -->","yoast_head_json":{"title":"Wet Silk female Body | suitable for bathing | rose | WOJOER |","description":"Wet silk body. Particularly striking and elegant body available in different colors from WOJOER. Soft, stretchy material - Order now for free shipping.","robots":{"index":"index","follow":"follow","max-snippet":"max-snippet:-1","max-image-preview":"max-image-preview:large","max-video-preview":"max-video-preview:-1"},"canonical":"https:\/\/www.wojoer.de\/en\/produkt\/wet-silk-ladies-body-394fs1\/","twitter_card":"summary_large_image","twitter_title":"Wet Silk female Body | suitable for bathing | rose | WOJOER |","twitter_description":"Wet silk body. Particularly striking and elegant body available in different colors from WOJOER. Soft, stretchy material - Order now for free shipping.","twitter_image":"https:\/\/www.wojoer.de\/wp-content\/uploads\/2020\/02\/394FS1_Wetsilk_Body_female_rose_wojoer.jpg","twitter_misc":{"Estimated reading time":"1 minute"},"schema":{"@context":"https:\/\/schema.org","@graph":[{"@type":"WebPage","@id":"https:\/\/www.wojoer.de\/produkt\/wet-silk-ladies-body-394fs1\/","url":"https:\/\/www.wojoer.de\/produkt\/wet-silk-ladies-body-394fs1\/","name":"Wet Silk female Body | suitable for bathing | rose | WOJOER |","isPartOf":{"@id":"https:\/\/www.wojoer.de\/#website"},"primaryImageOfPage":{"@id":"https:\/\/www.wojoer.de\/produkt\/wet-silk-ladies-body-394fs1\/#primaryimage"},"image":{"@id":"https:\/\/www.wojoer.de\/produkt\/wet-silk-ladies-body-394fs1\/#primaryimage"},"thumbnailUrl":"https:\/\/www.wojoer.de\/wp-content\/uploads\/2020\/02\/394FS1_Wetsilk_Body_female_rose_wojoer.jpg","datePublished":"2020-02-07T09:04:40+00:00","dateModified":"2022-11-30T16:08:25+00:00","description":"Wet silk body. Particularly striking and elegant body available in different colors from WOJOER. Soft, stretchy material - Order now for free shipping.","breadcrumb":{"@id":"https:\/\/www.wojoer.de\/produkt\/wet-silk-ladies-body-394fs1\/#breadcrumb"},"inLanguage":"en-GB","potentialAction":[{"@type":"ReadAction","target":["https:\/\/www.wojoer.de\/produkt\/wet-silk-ladies-body-394fs1\/"]}]},{"@type":"ImageObject","inLanguage":"en-GB","@id":"https:\/\/www.wojoer.de\/produkt\/wet-silk-ladies-body-394fs1\/#primaryimage","url":"https:\/\/www.wojoer.de\/wp-content\/uploads\/2020\/02\/394FS1_Wetsilk_Body_female_rose_wojoer.jpg","contentUrl":"https:\/\/www.wojoer.de\/wp-content\/uploads\/2020\/02\/394FS1_Wetsilk_Body_female_rose_wojoer.jpg","width":2002,"height":2002},{"@type":"BreadcrumbList","@id":"https:\/\/www.wojoer.de\/produkt\/wet-silk-ladies-body-394fs1\/#breadcrumb","itemListElement":[{"@type":"ListItem","position":1,"name":"Startseite","item":"https:\/\/www.wojoer.de\/"},{"@type":"ListItem","position":2,"name":"SHOP","item":"https:\/\/www.wojoer.de\/shop\/"},{"@type":"ListItem","position":3,"name":"Wet Silk Damen Body rose 394FS1"}]},{"@type":"WebSite","@id":"https:\/\/www.wojoer.de\/#website","url":"https:\/\/www.wojoer.de\/","name":"WOJOER","description":"clubwear for men","publisher":{"@id":"https:\/\/www.wojoer.de\/#organization"},"potentialAction":[{"@type":"SearchAction","target":{"@type":"EntryPoint","urlTemplate":"https:\/\/www.wojoer.de\/?s={search_term_string}"},"query-input":{"@type":"PropertyValueSpecification","valueRequired":true,"valueName":"search_term_string"}}],"inLanguage":"en-GB"},{"@type":"Organization","@id":"https:\/\/www.wojoer.de\/#organization","name":"Wonneberger-Manufaktur","url":"https:\/\/www.wojoer.de\/","logo":{"@type":"ImageObject","inLanguage":"en-GB","@id":"https:\/\/www.wojoer.de\/#\/schema\/logo\/image\/","url":"https:\/\/www.wojoer.de\/wp-content\/uploads\/2016\/11\/wonnebergermanufaktur_logo_BUTTON.png","contentUrl":"https:\/\/www.wojoer.de\/wp-content\/uploads\/2016\/11\/wonnebergermanufaktur_logo_BUTTON.png","width":765,"height":765,"caption":"Wonneberger-Manufaktur"},"image":{"@id":"https:\/\/www.wojoer.de\/#\/schema\/logo\/image\/"},"sameAs":["https:\/\/www.facebook.com\/wojoer\/","https:\/\/de.pinterest.com\/W0J0ER\/"]}]}},"_links":{"self":[{"href":"https:\/\/www.wojoer.de\/en\/wp-json\/wp\/v2\/product\/20192","targetHints":{"allow":["GET"]}}],"collection":[{"href":"https:\/\/www.wojoer.de\/en\/wp-json\/wp\/v2\/product"}],"about":[{"href":"https:\/\/www.wojoer.de\/en\/wp-json\/wp\/v2\/types\/product"}],"replies":[{"embeddable":true,"href":"https:\/\/www.wojoer.de\/en\/wp-json\/wp\/v2\/comments?post=20192"}],"wp:featuredmedia":[{"embeddable":true,"href":"https:\/\/www.wojoer.de\/en\/wp-json\/wp\/v2\/media\/20155"}],"wp:attachment":[{"href":"https:\/\/www.wojoer.de\/en\/wp-json\/wp\/v2\/media?parent=20192"}],"wp:term":[{"taxonomy":"product_brand","embeddable":true,"href":"https:\/\/www.wojoer.de\/en\/wp-json\/wp\/v2\/product_brand?post=20192"},{"taxonomy":"product_cat","embeddable":true,"href":"https:\/\/www.wojoer.de\/en\/wp-json\/wp\/v2\/product_cat?post=20192"},{"taxonomy":"product_tag","embeddable":true,"href":"https:\/\/www.wojoer.de\/en\/wp-json\/wp\/v2\/product_tag?post=20192"}],"curies":[{"name":"wp","href":"https:\/\/api.w.org\/{rel}","templated":true}]}}