{"id":20287,"date":"2025-06-04T13:04:29","date_gmt":"2025-06-04T11:04:29","guid":{"rendered":"https:\/\/www.wojoer.de\/?post_type=product&#038;p=20287"},"modified":"2026-01-21T19:49:31","modified_gmt":"2026-01-21T18:49:31","slug":"blx-bade-deluxe-hipster-string-384w458-1b","status":"publish","type":"product","link":"https:\/\/www.wojoer.de\/en\/produkt\/blx-bade-deluxe-hipster-string-384w458-1b\/","title":{"rendered":"BLX Bade deluxe Hipster String gold 384W458.1B"},"content":{"rendered":"<p>Production on order, because the BLX Bade Deluxe Hipster String 384W458.1B belongs in the category: Wojoer <a href=\"https:\/\/www.wojoer.de\/produkt-kategorie\/produktion-auf-bestellung-liveproduktion\/\">&#8220;LIVE products&#8221;<\/a>!<\/p>\n<h3>Sizes<\/h3>\n<p>Available in sizes S, M, L, XL<\/p>\n<h3>Material composition<\/h3>\n<p>89% polyamide | 11% elastane<\/p>\n<h3>particularities<\/h3>\n<p><a href=\"https:\/\/www.wojoer.de\/produkt-kategorie\/produktion-auf-bestellung-liveproduktion\/\">LIVE \u00a0product<\/a> | extraordinary choice of colors | smoothness | gold | very stretchy material | high quality | Made in Germany<\/p>\n<h3>wash instructions<\/h3>\n<p>Hand wash, no fabric softener<\/p>\n<h3>BLX bath deluxe Hipster String<\/h3>\n<p>With our BLX bathing deluxe collection we give you the opportunity to look sensationally glamorous in our elegant color selection. The string is soft on your skin and gives your curves the perfect frame. A must have for your next vacation, bath party or just for yourself.<\/p>\n<p>Click here for the <a href=\"https:\/\/www.wojoer.de\/groessentabelle\/\">size chart<\/a>.<\/p>\n","protected":false},"excerpt":{"rendered":"<p>Produktion auf Bestellung, denn der BLX Bade deluxe Hipster String 384W458.1B geh\u00f6rt in die Kategorie: Wojoer &#8220;LIVE-Produkte&#8221;!<\/p>\n<p>Erh\u00e4ltlich in den Farben azurblau, seagreen, gold &#038; schwarz.<br \/>\nGr\u00f6\u00dfen<br \/>\nErh\u00e4ltlich in den Gr\u00f6\u00dfen S, M, L, XL<br \/>\nMaterialzusammensetzung<br \/>\n89% Polyamid | 11% Elasthan<br \/>\nBesonderheiten<br \/>\nLIVE Produkt | au\u00dfergew\u00f6hnliche Farbauswahl\u2026<\/p>\n","protected":false},"featured_media":20075,"comment_status":"open","ping_status":"closed","template":"","meta":[],"product_brand":[],"product_cat":[839,115,473,195,326],"product_tag":[275,108,102,273,119],"class_list":{"0":"post-20287","1":"product","2":"type-product","3":"status-publish","4":"has-post-thumbnail","6":"product_cat-blx-badedeluxe","7":"product_cat-beachwear","8":"product_cat-men","9":"product_cat-produktion-auf-bestellung-liveproduktion","10":"product_cat-wojoer","11":"product_tag-badematt","12":"product_tag-1beachwear","13":"product_tag-hipster","14":"product_tag-pants","15":"product_tag-string","16":"product_shipping_class-beun","17":"pa_farbe-blau","18":"pa_farbe-gold","19":"pa_farbe-gruen","20":"pa_farbe-schwarz","21":"pa_groesse-l","22":"pa_groesse-m","23":"pa_groesse-s","24":"pa_groesse-xl","25":"pif-has-gallery","26":"post-1","27":"odd","29":"first","30":"instock","31":"taxable","32":"shipping-taxable","33":"purchasable","34":"product-type-variable"},"yoast_head":"<!-- This site is optimized with the Yoast SEO plugin v27.2 - https:\/\/yoast.com\/product\/yoast-seo-wordpress\/ -->\n<title>BLX Bade deluxe Hipster String | suituable for bathing| gold | WOJOER<\/title>\n<meta name=\"description\" content=\"BLX bathing deluxe hipster thong. Particularly elegant hipsters in various colors from WOJOER. Soft, stretchy material - order free shipping.\" \/>\n<meta name=\"robots\" content=\"index, follow, max-snippet:-1, max-image-preview:large, max-video-preview:-1\" \/>\n<link rel=\"canonical\" href=\"https:\/\/www.wojoer.de\/en\/produkt\/blx-bade-deluxe-hipster-string-384w458-1b\/\" \/>\n<meta name=\"twitter:card\" content=\"summary_large_image\" \/>\n<meta name=\"twitter:title\" content=\"BLX Bade deluxe Hipster String | suituable for bathing| gold | WOJOER\" \/>\n<meta name=\"twitter:description\" content=\"BLX bathing deluxe hipster thong. Particularly elegant hipsters in various colors from WOJOER. Soft, stretchy material - order free shipping.\" \/>\n<meta name=\"twitter:image\" content=\"https:\/\/www.wojoer.de\/wp-content\/uploads\/2020\/02\/384W458.1B_BLX_hipsterstring_gold_side_wojoer.jpg\" \/>\n<meta name=\"twitter:label1\" content=\"Estimated reading time\" \/>\n\t<meta name=\"twitter:data1\" content=\"1 minute\" \/>\n<script type=\"application\/ld+json\" class=\"yoast-schema-graph\">{\"@context\":\"https:\/\/schema.org\",\"@graph\":[{\"@type\":\"WebPage\",\"@id\":\"https:\/\/www.wojoer.de\/en\/produkt\/blx-bade-deluxe-hipster-string-384w458-1b\/\",\"url\":\"https:\/\/www.wojoer.de\/en\/produkt\/blx-bade-deluxe-hipster-string-384w458-1b\/\",\"name\":\"BLX Bade deluxe Hipster String | suituable for bathing| gold | WOJOER\",\"isPartOf\":{\"@id\":\"https:\/\/www.wojoer.de\/#website\"},\"primaryImageOfPage\":{\"@id\":\"https:\/\/www.wojoer.de\/en\/produkt\/blx-bade-deluxe-hipster-string-384w458-1b\/#primaryimage\"},\"image\":{\"@id\":\"https:\/\/www.wojoer.de\/en\/produkt\/blx-bade-deluxe-hipster-string-384w458-1b\/#primaryimage\"},\"thumbnailUrl\":\"https:\/\/www.wojoer.de\/wp-content\/uploads\/2020\/02\/384W458.1B_BLX_hipsterstring_gold_side_wojoer.jpg\",\"datePublished\":\"2025-06-04T11:04:29+00:00\",\"dateModified\":\"2026-01-21T18:49:31+00:00\",\"description\":\"BLX bathing deluxe hipster thong. Particularly elegant hipsters in various colors from WOJOER. Soft, stretchy material - order free shipping.\",\"breadcrumb\":{\"@id\":\"https:\/\/www.wojoer.de\/en\/produkt\/blx-bade-deluxe-hipster-string-384w458-1b\/#breadcrumb\"},\"inLanguage\":\"en-GB\",\"potentialAction\":[{\"@type\":\"ReadAction\",\"target\":[\"https:\/\/www.wojoer.de\/en\/produkt\/blx-bade-deluxe-hipster-string-384w458-1b\/\"]}]},{\"@type\":\"ImageObject\",\"inLanguage\":\"en-GB\",\"@id\":\"https:\/\/www.wojoer.de\/en\/produkt\/blx-bade-deluxe-hipster-string-384w458-1b\/#primaryimage\",\"url\":\"https:\/\/www.wojoer.de\/wp-content\/uploads\/2020\/02\/384W458.1B_BLX_hipsterstring_gold_side_wojoer.jpg\",\"contentUrl\":\"https:\/\/www.wojoer.de\/wp-content\/uploads\/2020\/02\/384W458.1B_BLX_hipsterstring_gold_side_wojoer.jpg\",\"width\":2002,\"height\":2002},{\"@type\":\"BreadcrumbList\",\"@id\":\"https:\/\/www.wojoer.de\/en\/produkt\/blx-bade-deluxe-hipster-string-384w458-1b\/#breadcrumb\",\"itemListElement\":[{\"@type\":\"ListItem\",\"position\":1,\"name\":\"Startseite\",\"item\":\"https:\/\/www.wojoer.de\/\"},{\"@type\":\"ListItem\",\"position\":2,\"name\":\"SHOP\",\"item\":\"https:\/\/www.wojoer.de\/shop\/\"},{\"@type\":\"ListItem\",\"position\":3,\"name\":\"BLX Bade deluxe Hipster String gold 384W458.1B\"}]},{\"@type\":\"WebSite\",\"@id\":\"https:\/\/www.wojoer.de\/#website\",\"url\":\"https:\/\/www.wojoer.de\/\",\"name\":\"WOJOER\",\"description\":\"clubwear for men\",\"publisher\":{\"@id\":\"https:\/\/www.wojoer.de\/#organization\"},\"potentialAction\":[{\"@type\":\"SearchAction\",\"target\":{\"@type\":\"EntryPoint\",\"urlTemplate\":\"https:\/\/www.wojoer.de\/?s={search_term_string}\"},\"query-input\":{\"@type\":\"PropertyValueSpecification\",\"valueRequired\":true,\"valueName\":\"search_term_string\"}}],\"inLanguage\":\"en-GB\"},{\"@type\":\"Organization\",\"@id\":\"https:\/\/www.wojoer.de\/#organization\",\"name\":\"Wonneberger-Manufaktur\",\"url\":\"https:\/\/www.wojoer.de\/\",\"logo\":{\"@type\":\"ImageObject\",\"inLanguage\":\"en-GB\",\"@id\":\"https:\/\/www.wojoer.de\/#\/schema\/logo\/image\/\",\"url\":\"https:\/\/www.wojoer.de\/wp-content\/uploads\/2016\/11\/wonnebergermanufaktur_logo_BUTTON.png\",\"contentUrl\":\"https:\/\/www.wojoer.de\/wp-content\/uploads\/2016\/11\/wonnebergermanufaktur_logo_BUTTON.png\",\"width\":765,\"height\":765,\"caption\":\"Wonneberger-Manufaktur\"},\"image\":{\"@id\":\"https:\/\/www.wojoer.de\/#\/schema\/logo\/image\/\"},\"sameAs\":[\"https:\/\/www.facebook.com\/wojoer\/\",\"https:\/\/de.pinterest.com\/W0J0ER\/\"]}]}<\/script>\n<!-- \/ Yoast SEO plugin. -->","yoast_head_json":{"title":"BLX Bade deluxe Hipster String | suituable for bathing| gold | WOJOER","description":"BLX bathing deluxe hipster thong. Particularly elegant hipsters in various colors from WOJOER. Soft, stretchy material - order free shipping.","robots":{"index":"index","follow":"follow","max-snippet":"max-snippet:-1","max-image-preview":"max-image-preview:large","max-video-preview":"max-video-preview:-1"},"canonical":"https:\/\/www.wojoer.de\/en\/produkt\/blx-bade-deluxe-hipster-string-384w458-1b\/","twitter_card":"summary_large_image","twitter_title":"BLX Bade deluxe Hipster String | suituable for bathing| gold | WOJOER","twitter_description":"BLX bathing deluxe hipster thong. Particularly elegant hipsters in various colors from WOJOER. Soft, stretchy material - order free shipping.","twitter_image":"https:\/\/www.wojoer.de\/wp-content\/uploads\/2020\/02\/384W458.1B_BLX_hipsterstring_gold_side_wojoer.jpg","twitter_misc":{"Estimated reading time":"1 minute"},"schema":{"@context":"https:\/\/schema.org","@graph":[{"@type":"WebPage","@id":"https:\/\/www.wojoer.de\/en\/produkt\/blx-bade-deluxe-hipster-string-384w458-1b\/","url":"https:\/\/www.wojoer.de\/en\/produkt\/blx-bade-deluxe-hipster-string-384w458-1b\/","name":"BLX Bade deluxe Hipster String | suituable for bathing| gold | WOJOER","isPartOf":{"@id":"https:\/\/www.wojoer.de\/#website"},"primaryImageOfPage":{"@id":"https:\/\/www.wojoer.de\/en\/produkt\/blx-bade-deluxe-hipster-string-384w458-1b\/#primaryimage"},"image":{"@id":"https:\/\/www.wojoer.de\/en\/produkt\/blx-bade-deluxe-hipster-string-384w458-1b\/#primaryimage"},"thumbnailUrl":"https:\/\/www.wojoer.de\/wp-content\/uploads\/2020\/02\/384W458.1B_BLX_hipsterstring_gold_side_wojoer.jpg","datePublished":"2025-06-04T11:04:29+00:00","dateModified":"2026-01-21T18:49:31+00:00","description":"BLX bathing deluxe hipster thong. Particularly elegant hipsters in various colors from WOJOER. Soft, stretchy material - order free shipping.","breadcrumb":{"@id":"https:\/\/www.wojoer.de\/en\/produkt\/blx-bade-deluxe-hipster-string-384w458-1b\/#breadcrumb"},"inLanguage":"en-GB","potentialAction":[{"@type":"ReadAction","target":["https:\/\/www.wojoer.de\/en\/produkt\/blx-bade-deluxe-hipster-string-384w458-1b\/"]}]},{"@type":"ImageObject","inLanguage":"en-GB","@id":"https:\/\/www.wojoer.de\/en\/produkt\/blx-bade-deluxe-hipster-string-384w458-1b\/#primaryimage","url":"https:\/\/www.wojoer.de\/wp-content\/uploads\/2020\/02\/384W458.1B_BLX_hipsterstring_gold_side_wojoer.jpg","contentUrl":"https:\/\/www.wojoer.de\/wp-content\/uploads\/2020\/02\/384W458.1B_BLX_hipsterstring_gold_side_wojoer.jpg","width":2002,"height":2002},{"@type":"BreadcrumbList","@id":"https:\/\/www.wojoer.de\/en\/produkt\/blx-bade-deluxe-hipster-string-384w458-1b\/#breadcrumb","itemListElement":[{"@type":"ListItem","position":1,"name":"Startseite","item":"https:\/\/www.wojoer.de\/"},{"@type":"ListItem","position":2,"name":"SHOP","item":"https:\/\/www.wojoer.de\/shop\/"},{"@type":"ListItem","position":3,"name":"BLX Bade deluxe Hipster String gold 384W458.1B"}]},{"@type":"WebSite","@id":"https:\/\/www.wojoer.de\/#website","url":"https:\/\/www.wojoer.de\/","name":"WOJOER","description":"clubwear for men","publisher":{"@id":"https:\/\/www.wojoer.de\/#organization"},"potentialAction":[{"@type":"SearchAction","target":{"@type":"EntryPoint","urlTemplate":"https:\/\/www.wojoer.de\/?s={search_term_string}"},"query-input":{"@type":"PropertyValueSpecification","valueRequired":true,"valueName":"search_term_string"}}],"inLanguage":"en-GB"},{"@type":"Organization","@id":"https:\/\/www.wojoer.de\/#organization","name":"Wonneberger-Manufaktur","url":"https:\/\/www.wojoer.de\/","logo":{"@type":"ImageObject","inLanguage":"en-GB","@id":"https:\/\/www.wojoer.de\/#\/schema\/logo\/image\/","url":"https:\/\/www.wojoer.de\/wp-content\/uploads\/2016\/11\/wonnebergermanufaktur_logo_BUTTON.png","contentUrl":"https:\/\/www.wojoer.de\/wp-content\/uploads\/2016\/11\/wonnebergermanufaktur_logo_BUTTON.png","width":765,"height":765,"caption":"Wonneberger-Manufaktur"},"image":{"@id":"https:\/\/www.wojoer.de\/#\/schema\/logo\/image\/"},"sameAs":["https:\/\/www.facebook.com\/wojoer\/","https:\/\/de.pinterest.com\/W0J0ER\/"]}]}},"_links":{"self":[{"href":"https:\/\/www.wojoer.de\/en\/wp-json\/wp\/v2\/product\/20287","targetHints":{"allow":["GET"]}}],"collection":[{"href":"https:\/\/www.wojoer.de\/en\/wp-json\/wp\/v2\/product"}],"about":[{"href":"https:\/\/www.wojoer.de\/en\/wp-json\/wp\/v2\/types\/product"}],"replies":[{"embeddable":true,"href":"https:\/\/www.wojoer.de\/en\/wp-json\/wp\/v2\/comments?post=20287"}],"wp:featuredmedia":[{"embeddable":true,"href":"https:\/\/www.wojoer.de\/en\/wp-json\/wp\/v2\/media\/20075"}],"wp:attachment":[{"href":"https:\/\/www.wojoer.de\/en\/wp-json\/wp\/v2\/media?parent=20287"}],"wp:term":[{"taxonomy":"product_brand","embeddable":true,"href":"https:\/\/www.wojoer.de\/en\/wp-json\/wp\/v2\/product_brand?post=20287"},{"taxonomy":"product_cat","embeddable":true,"href":"https:\/\/www.wojoer.de\/en\/wp-json\/wp\/v2\/product_cat?post=20287"},{"taxonomy":"product_tag","embeddable":true,"href":"https:\/\/www.wojoer.de\/en\/wp-json\/wp\/v2\/product_tag?post=20287"}],"curies":[{"name":"wp","href":"https:\/\/api.w.org\/{rel}","templated":true}]}}