{"id":20320,"date":"2025-06-04T13:27:05","date_gmt":"2025-06-04T11:27:05","guid":{"rendered":"https:\/\/www.wojoer.de\/?post_type=product&#038;p=20320"},"modified":"2025-10-22T10:59:33","modified_gmt":"2025-10-22T08:59:33","slug":"blx-bade-deluxe-damen-g-brasil-slip-384f7","status":"publish","type":"product","link":"https:\/\/www.wojoer.de\/en\/produkt\/blx-bade-deluxe-damen-g-brasil-slip-384f7\/","title":{"rendered":"BLX Bade deluxe Damen G-Brasil Slip 384F7"},"content":{"rendered":"<p>Produktion auf Bestellung, denn der BLX Bade deluxe G-Brasil Slip 384F7 geh\u00f6rt in die Kategorie: Wojoer &#8220;LIVE-Produkte&#8221;!<\/p>\n<p>Erh\u00e4ltlich in den Farben azurblau, seagreen, schwarz &#038; gold.<\/p>\n<h3>Gr\u00f6\u00dfen<\/h3>\n<p>Erh\u00e4ltlich in den Gr\u00f6\u00dfen S, M, L, XL<\/p>\n<h3>Materialzusammensetzung<\/h3>\n<p>89% Polyamid | 11% Elasthan<\/p>\n<h3>Besonderheiten<\/h3>\n<p><a href=\"http:\/\/www.wojoer.de\/?s=live&#038;post_type=product\">LIVE Produkt<\/a> | au\u00dfergew\u00f6hnliche Farbauswahl |badetauglich | anschmiegsam | gold | sehr dehnbares Material | hochwertige Verarbeitung &#8220;Made in Germany&#8221;<\/p>\n<h3>Benutzerhinweise<\/h3>\n<p>Handw\u00e4sche<\/p>\n<h3>BLX Bade deluxe G-Brasil Slip<\/h3>\n<p>Mit unserer BLX Bade Deluxe \u2013 Kollektion geben wir die M\u00f6glichkeit in unseren edlen Farbauswahl sensationell glamour\u00f6s auszusehen. Der String liegt weich auf deiner Haut und gibt deinen Rundungen den perfekten Rahmen. Ein -Must Havel- f\u00fcr den n\u00e4chsten Urlaub, Badeparty oder einfach nur f\u00fcr Dich selbst.<\/p>\n","protected":false},"excerpt":{"rendered":"<p>Produktion auf Bestellung, denn der BLX Bade deluxe G-Brasil Slip 384F7 geh\u00f6rt in die Kategorie: Wojoer &#8220;LIVE-Produkte&#8221;!<\/p>\n<p>Erh\u00e4ltlich in den Farben azurblau, seagreen, schwarz &#038; gold.<br \/>\nGr\u00f6\u00dfen<br \/>\nErh\u00e4ltlich in den Gr\u00f6\u00dfen S, M, L, XL<br \/>\nMaterialzusammensetzung<br \/>\n89% Polyamid | 11% Elasthan<br \/>\nBesonderheiten<br \/>\nLIVE Produkt | au\u00dfergew\u00f6hnliche Farbauswahl\u2026<\/p>\n","protected":false},"featured_media":20375,"comment_status":"open","ping_status":"closed","template":"","meta":[],"product_brand":[],"product_cat":[704,839,471,195],"product_tag":[108,578,273],"class_list":{"0":"post-20320","1":"product","2":"type-product","3":"status-publish","4":"has-post-thumbnail","6":"product_cat-blx-bade-deluxe-ladies","7":"product_cat-blx-badedeluxe","8":"product_cat-partnerlook","9":"product_cat-produktion-auf-bestellung-liveproduktion","10":"product_tag-1beachwear","11":"product_tag-g-slip","12":"product_tag-pants","13":"product_shipping_class-beun","14":"pa_farbe-blau","15":"pa_farbe-gold","16":"pa_farbe-gruen","17":"pa_farbe-schwarz","18":"pa_groesse-l","19":"pa_groesse-m","20":"pa_groesse-s","21":"pa_groesse-xl","22":"pif-has-gallery","23":"post-1","24":"odd","26":"first","27":"instock","28":"taxable","29":"shipping-taxable","30":"purchasable","31":"product-type-variable"},"yoast_head":"<!-- This site is optimized with the Yoast SEO plugin v27.2 - https:\/\/yoast.com\/product\/yoast-seo-wordpress\/ -->\n<title>BLX Bade deluxe Damen G-Brasil Slip | badetauglich| gold | WOJOER<\/title>\n<meta name=\"description\" content=\"BLX Bade deluxe Damen G-Brasil Slip . Besonders eleganter Slip in verschiedenen Farben von WOJOER. Weiches, dehnbares Material -versandkostenfrei bestellen.\" \/>\n<meta name=\"robots\" content=\"index, follow, max-snippet:-1, max-image-preview:large, max-video-preview:-1\" \/>\n<link rel=\"canonical\" href=\"https:\/\/www.wojoer.de\/en\/produkt\/blx-bade-deluxe-damen-g-brasil-slip-384f7\/\" \/>\n<meta name=\"twitter:card\" content=\"summary_large_image\" \/>\n<meta name=\"twitter:title\" content=\"BLX Bade deluxe Damen G-Brasil Slip | badetauglich| gold | WOJOER\" \/>\n<meta name=\"twitter:description\" content=\"BLX Bade deluxe Damen G-Brasil Slip . Besonders eleganter Slip in verschiedenen Farben von WOJOER. Weiches, dehnbares Material -versandkostenfrei bestellen.\" \/>\n<meta name=\"twitter:image\" content=\"https:\/\/www.wojoer.de\/wp-content\/uploads\/2020\/02\/384F7_Blx_G-Brasil_female_gold_wojoer_.jpg\" \/>\n<meta name=\"twitter:label1\" content=\"Estimated reading time\" \/>\n\t<meta name=\"twitter:data1\" content=\"1 minute\" \/>\n<script type=\"application\/ld+json\" class=\"yoast-schema-graph\">{\"@context\":\"https:\/\/schema.org\",\"@graph\":[{\"@type\":\"WebPage\",\"@id\":\"https:\/\/www.wojoer.de\/en\/produkt\/blx-bade-deluxe-damen-g-brasil-slip-384f7\/\",\"url\":\"https:\/\/www.wojoer.de\/en\/produkt\/blx-bade-deluxe-damen-g-brasil-slip-384f7\/\",\"name\":\"BLX Bade deluxe Damen G-Brasil Slip | badetauglich| gold | WOJOER\",\"isPartOf\":{\"@id\":\"https:\/\/www.wojoer.de\/#website\"},\"primaryImageOfPage\":{\"@id\":\"https:\/\/www.wojoer.de\/en\/produkt\/blx-bade-deluxe-damen-g-brasil-slip-384f7\/#primaryimage\"},\"image\":{\"@id\":\"https:\/\/www.wojoer.de\/en\/produkt\/blx-bade-deluxe-damen-g-brasil-slip-384f7\/#primaryimage\"},\"thumbnailUrl\":\"https:\/\/www.wojoer.de\/wp-content\/uploads\/2020\/02\/384F7_Blx_G-Brasil_female_gold_wojoer_.jpg\",\"datePublished\":\"2025-06-04T11:27:05+00:00\",\"dateModified\":\"2025-10-22T08:59:33+00:00\",\"description\":\"BLX Bade deluxe Damen G-Brasil Slip . Besonders eleganter Slip in verschiedenen Farben von WOJOER. Weiches, dehnbares Material -versandkostenfrei bestellen.\",\"breadcrumb\":{\"@id\":\"https:\/\/www.wojoer.de\/en\/produkt\/blx-bade-deluxe-damen-g-brasil-slip-384f7\/#breadcrumb\"},\"inLanguage\":\"en-GB\",\"potentialAction\":[{\"@type\":\"ReadAction\",\"target\":[\"https:\/\/www.wojoer.de\/en\/produkt\/blx-bade-deluxe-damen-g-brasil-slip-384f7\/\"]}]},{\"@type\":\"ImageObject\",\"inLanguage\":\"en-GB\",\"@id\":\"https:\/\/www.wojoer.de\/en\/produkt\/blx-bade-deluxe-damen-g-brasil-slip-384f7\/#primaryimage\",\"url\":\"https:\/\/www.wojoer.de\/wp-content\/uploads\/2020\/02\/384F7_Blx_G-Brasil_female_gold_wojoer_.jpg\",\"contentUrl\":\"https:\/\/www.wojoer.de\/wp-content\/uploads\/2020\/02\/384F7_Blx_G-Brasil_female_gold_wojoer_.jpg\",\"width\":1200,\"height\":1200},{\"@type\":\"BreadcrumbList\",\"@id\":\"https:\/\/www.wojoer.de\/en\/produkt\/blx-bade-deluxe-damen-g-brasil-slip-384f7\/#breadcrumb\",\"itemListElement\":[{\"@type\":\"ListItem\",\"position\":1,\"name\":\"Startseite\",\"item\":\"https:\/\/www.wojoer.de\/\"},{\"@type\":\"ListItem\",\"position\":2,\"name\":\"SHOP\",\"item\":\"https:\/\/www.wojoer.de\/shop\/\"},{\"@type\":\"ListItem\",\"position\":3,\"name\":\"BLX Bade deluxe Damen G-Brasil Slip 384F7\"}]},{\"@type\":\"WebSite\",\"@id\":\"https:\/\/www.wojoer.de\/#website\",\"url\":\"https:\/\/www.wojoer.de\/\",\"name\":\"WOJOER\",\"description\":\"clubwear for men\",\"publisher\":{\"@id\":\"https:\/\/www.wojoer.de\/#organization\"},\"potentialAction\":[{\"@type\":\"SearchAction\",\"target\":{\"@type\":\"EntryPoint\",\"urlTemplate\":\"https:\/\/www.wojoer.de\/?s={search_term_string}\"},\"query-input\":{\"@type\":\"PropertyValueSpecification\",\"valueRequired\":true,\"valueName\":\"search_term_string\"}}],\"inLanguage\":\"en-GB\"},{\"@type\":\"Organization\",\"@id\":\"https:\/\/www.wojoer.de\/#organization\",\"name\":\"Wonneberger-Manufaktur\",\"url\":\"https:\/\/www.wojoer.de\/\",\"logo\":{\"@type\":\"ImageObject\",\"inLanguage\":\"en-GB\",\"@id\":\"https:\/\/www.wojoer.de\/#\/schema\/logo\/image\/\",\"url\":\"https:\/\/www.wojoer.de\/wp-content\/uploads\/2016\/11\/wonnebergermanufaktur_logo_BUTTON.png\",\"contentUrl\":\"https:\/\/www.wojoer.de\/wp-content\/uploads\/2016\/11\/wonnebergermanufaktur_logo_BUTTON.png\",\"width\":765,\"height\":765,\"caption\":\"Wonneberger-Manufaktur\"},\"image\":{\"@id\":\"https:\/\/www.wojoer.de\/#\/schema\/logo\/image\/\"},\"sameAs\":[\"https:\/\/www.facebook.com\/wojoer\/\",\"https:\/\/de.pinterest.com\/W0J0ER\/\"]}]}<\/script>\n<!-- \/ Yoast SEO plugin. -->","yoast_head_json":{"title":"BLX Bade deluxe Damen G-Brasil Slip | badetauglich| gold | WOJOER","description":"BLX Bade deluxe Damen G-Brasil Slip . Besonders eleganter Slip in verschiedenen Farben von WOJOER. Weiches, dehnbares Material -versandkostenfrei bestellen.","robots":{"index":"index","follow":"follow","max-snippet":"max-snippet:-1","max-image-preview":"max-image-preview:large","max-video-preview":"max-video-preview:-1"},"canonical":"https:\/\/www.wojoer.de\/en\/produkt\/blx-bade-deluxe-damen-g-brasil-slip-384f7\/","twitter_card":"summary_large_image","twitter_title":"BLX Bade deluxe Damen G-Brasil Slip | badetauglich| gold | WOJOER","twitter_description":"BLX Bade deluxe Damen G-Brasil Slip . Besonders eleganter Slip in verschiedenen Farben von WOJOER. Weiches, dehnbares Material -versandkostenfrei bestellen.","twitter_image":"https:\/\/www.wojoer.de\/wp-content\/uploads\/2020\/02\/384F7_Blx_G-Brasil_female_gold_wojoer_.jpg","twitter_misc":{"Estimated reading time":"1 minute"},"schema":{"@context":"https:\/\/schema.org","@graph":[{"@type":"WebPage","@id":"https:\/\/www.wojoer.de\/en\/produkt\/blx-bade-deluxe-damen-g-brasil-slip-384f7\/","url":"https:\/\/www.wojoer.de\/en\/produkt\/blx-bade-deluxe-damen-g-brasil-slip-384f7\/","name":"BLX Bade deluxe Damen G-Brasil Slip | badetauglich| gold | WOJOER","isPartOf":{"@id":"https:\/\/www.wojoer.de\/#website"},"primaryImageOfPage":{"@id":"https:\/\/www.wojoer.de\/en\/produkt\/blx-bade-deluxe-damen-g-brasil-slip-384f7\/#primaryimage"},"image":{"@id":"https:\/\/www.wojoer.de\/en\/produkt\/blx-bade-deluxe-damen-g-brasil-slip-384f7\/#primaryimage"},"thumbnailUrl":"https:\/\/www.wojoer.de\/wp-content\/uploads\/2020\/02\/384F7_Blx_G-Brasil_female_gold_wojoer_.jpg","datePublished":"2025-06-04T11:27:05+00:00","dateModified":"2025-10-22T08:59:33+00:00","description":"BLX Bade deluxe Damen G-Brasil Slip . Besonders eleganter Slip in verschiedenen Farben von WOJOER. Weiches, dehnbares Material -versandkostenfrei bestellen.","breadcrumb":{"@id":"https:\/\/www.wojoer.de\/en\/produkt\/blx-bade-deluxe-damen-g-brasil-slip-384f7\/#breadcrumb"},"inLanguage":"en-GB","potentialAction":[{"@type":"ReadAction","target":["https:\/\/www.wojoer.de\/en\/produkt\/blx-bade-deluxe-damen-g-brasil-slip-384f7\/"]}]},{"@type":"ImageObject","inLanguage":"en-GB","@id":"https:\/\/www.wojoer.de\/en\/produkt\/blx-bade-deluxe-damen-g-brasil-slip-384f7\/#primaryimage","url":"https:\/\/www.wojoer.de\/wp-content\/uploads\/2020\/02\/384F7_Blx_G-Brasil_female_gold_wojoer_.jpg","contentUrl":"https:\/\/www.wojoer.de\/wp-content\/uploads\/2020\/02\/384F7_Blx_G-Brasil_female_gold_wojoer_.jpg","width":1200,"height":1200},{"@type":"BreadcrumbList","@id":"https:\/\/www.wojoer.de\/en\/produkt\/blx-bade-deluxe-damen-g-brasil-slip-384f7\/#breadcrumb","itemListElement":[{"@type":"ListItem","position":1,"name":"Startseite","item":"https:\/\/www.wojoer.de\/"},{"@type":"ListItem","position":2,"name":"SHOP","item":"https:\/\/www.wojoer.de\/shop\/"},{"@type":"ListItem","position":3,"name":"BLX Bade deluxe Damen G-Brasil Slip 384F7"}]},{"@type":"WebSite","@id":"https:\/\/www.wojoer.de\/#website","url":"https:\/\/www.wojoer.de\/","name":"WOJOER","description":"clubwear for men","publisher":{"@id":"https:\/\/www.wojoer.de\/#organization"},"potentialAction":[{"@type":"SearchAction","target":{"@type":"EntryPoint","urlTemplate":"https:\/\/www.wojoer.de\/?s={search_term_string}"},"query-input":{"@type":"PropertyValueSpecification","valueRequired":true,"valueName":"search_term_string"}}],"inLanguage":"en-GB"},{"@type":"Organization","@id":"https:\/\/www.wojoer.de\/#organization","name":"Wonneberger-Manufaktur","url":"https:\/\/www.wojoer.de\/","logo":{"@type":"ImageObject","inLanguage":"en-GB","@id":"https:\/\/www.wojoer.de\/#\/schema\/logo\/image\/","url":"https:\/\/www.wojoer.de\/wp-content\/uploads\/2016\/11\/wonnebergermanufaktur_logo_BUTTON.png","contentUrl":"https:\/\/www.wojoer.de\/wp-content\/uploads\/2016\/11\/wonnebergermanufaktur_logo_BUTTON.png","width":765,"height":765,"caption":"Wonneberger-Manufaktur"},"image":{"@id":"https:\/\/www.wojoer.de\/#\/schema\/logo\/image\/"},"sameAs":["https:\/\/www.facebook.com\/wojoer\/","https:\/\/de.pinterest.com\/W0J0ER\/"]}]}},"_links":{"self":[{"href":"https:\/\/www.wojoer.de\/en\/wp-json\/wp\/v2\/product\/20320","targetHints":{"allow":["GET"]}}],"collection":[{"href":"https:\/\/www.wojoer.de\/en\/wp-json\/wp\/v2\/product"}],"about":[{"href":"https:\/\/www.wojoer.de\/en\/wp-json\/wp\/v2\/types\/product"}],"replies":[{"embeddable":true,"href":"https:\/\/www.wojoer.de\/en\/wp-json\/wp\/v2\/comments?post=20320"}],"wp:featuredmedia":[{"embeddable":true,"href":"https:\/\/www.wojoer.de\/en\/wp-json\/wp\/v2\/media\/20375"}],"wp:attachment":[{"href":"https:\/\/www.wojoer.de\/en\/wp-json\/wp\/v2\/media?parent=20320"}],"wp:term":[{"taxonomy":"product_brand","embeddable":true,"href":"https:\/\/www.wojoer.de\/en\/wp-json\/wp\/v2\/product_brand?post=20320"},{"taxonomy":"product_cat","embeddable":true,"href":"https:\/\/www.wojoer.de\/en\/wp-json\/wp\/v2\/product_cat?post=20320"},{"taxonomy":"product_tag","embeddable":true,"href":"https:\/\/www.wojoer.de\/en\/wp-json\/wp\/v2\/product_tag?post=20320"}],"curies":[{"name":"wp","href":"https:\/\/api.w.org\/{rel}","templated":true}]}}