{"id":20542,"date":"2020-01-01T10:42:14","date_gmt":"2020-01-01T09:42:14","guid":{"rendered":"https:\/\/www.wojoer.de\/?post_type=product&#038;p=20542"},"modified":"2024-06-26T13:01:05","modified_gmt":"2024-06-26T11:01:05","slug":"neonblacknet-leggings-wojoer-319w415","status":"publish","type":"product","link":"https:\/\/www.wojoer.de\/en\/produkt\/neonblacknet-leggings-wojoer-319w415\/","title":{"rendered":"Bade Neonblacknet LEGGINGS Wojoer neonpink 319W415"},"content":{"rendered":"<p>Die Neonblacknet LEGGINGS Wojoer 319W415 z\u00e4hlt zu den Wojoer Live Produkten von der Marke Wojoer.<\/p>\n<h3>Gr\u00f6\u00dfen<\/h3>\n<p>Erh\u00e4ltlich in Gr\u00f6\u00dfen S, M, L, XL<\/p>\n<h3>Materialzusammensetzung<\/h3>\n<p>Polyester, Elasthan<\/p>\n<h3>Besonderheiten<\/h3>\n<p><a href=\"http:\/\/www.wojoer.de\/?s=live&#038;post_type=product\">LIVE-Produkt<\/a> | neonleuchtender Stoff| anschmiegsames leicht dehnbares Material | hochwertige Verarbeitung &#8220;Made in Germany&#8221; |Quick Fun Action Druckknopf | haut enge Passform |<\/p>\n<h3>Benutzerhinweise<\/h3>\n<p>Handw\u00e4sche<\/p>\n<h3>Neonblacknet LEGGINGS<\/h3>\n<p>Zuallererst ist die Neonblackets Leggings supersoft. Und somit umspielt diese herrlich verf\u00fchrerisch schillernde \u00a0 LEGGINGS die Sinne. Denn das erregende Stoff\u00a0 vereint sich flie\u00dfend mit deinem K\u00f6rper. Das Besondere ist jedoch, dass die Meggings kein ausgeformtes Suspensorium hat und somit vielfach einsetzbar bleibt. Hergestellt wird er auf hohem Niveau in Deutschland und ist damit Made in Germany.<\/p>\n","protected":false},"excerpt":{"rendered":"<p>Die Neonblacknet LEGGINGS Wojoer 319W415 z\u00e4hlt zu den Wojoer Live Produkten von der Marke Wojoer.<br \/>\nGr\u00f6\u00dfen<br \/>\nErh\u00e4ltlich in Gr\u00f6\u00dfen S, M, L, XL<br \/>\nMaterialzusammensetzung<br \/>\nPolyester, Elasthan<br \/>\nBesonderheiten<br \/>\nLIVE-Produkt | neonleuchtender Stoff| anschmiegsames leicht dehnbares Material | hochwertige Verarbeitung &#8220;Made in Germany&#8221; |Quick Fun Action Druckknopf |\u2026<\/p>\n","protected":false},"featured_media":16758,"comment_status":"open","ping_status":"closed","template":"","meta":[],"product_brand":[],"product_cat":[115,116,473,326],"product_tag":[276,251,244,246,368],"class_list":{"0":"post-20542","1":"product","2":"type-product","3":"status-publish","4":"has-post-thumbnail","6":"product_cat-beachwear","7":"product_cat-clubwear","8":"product_cat-men","9":"product_cat-wojoer","10":"product_tag-badeglanz","11":"product_tag-druckknopf","12":"product_tag-leggings","13":"product_tag-netz","14":"product_tag-quick-fun-action","15":"product_shipping_class-beun","16":"pa_groesse-l","17":"pa_groesse-m","18":"pa_groesse-s","19":"pa_groesse-xl","20":"pif-has-gallery","21":"post-1","22":"odd","24":"first","25":"onbackorder","26":"taxable","27":"shipping-taxable","28":"purchasable","29":"product-type-variable"},"yoast_head":"<!-- This site is optimized with the Yoast SEO plugin v27.2 - https:\/\/yoast.com\/product\/yoast-seo-wordpress\/ -->\n<title>Neon leggings | neonpink | leuchtend WOJOER<\/title>\n<meta name=\"description\" content=\"Neon Leggings aus leuchtenden Stoff von Wojoer. Made in Saxony, Germany. Versandkostenfreier Versand\" \/>\n<meta name=\"robots\" content=\"index, follow, max-snippet:-1, max-image-preview:large, max-video-preview:-1\" \/>\n<link rel=\"canonical\" href=\"https:\/\/www.wojoer.de\/en\/produkt\/neonblacknet-leggings-wojoer-319w415\/\" \/>\n<meta name=\"twitter:card\" content=\"summary_large_image\" \/>\n<meta name=\"twitter:title\" content=\"Neon leggings | neonpink | leuchtend WOJOER\" \/>\n<meta name=\"twitter:description\" content=\"Neon Leggings aus leuchtenden Stoff von Wojoer. Made in Saxony, Germany. Versandkostenfreier Versand\" \/>\n<meta name=\"twitter:image\" content=\"https:\/\/www.wojoer.de\/wp-content\/uploads\/2019\/08\/neonblacknet_leggings_neonpink_side_wojoer.jpg\" \/>\n<meta name=\"twitter:label1\" content=\"Estimated reading time\" \/>\n\t<meta name=\"twitter:data1\" content=\"1 minute\" \/>\n<script type=\"application\/ld+json\" class=\"yoast-schema-graph\">{\"@context\":\"https:\/\/schema.org\",\"@graph\":[{\"@type\":\"WebPage\",\"@id\":\"https:\/\/www.wojoer.de\/produkt\/neonblacknet-leggings-wojoer-319w415\/\",\"url\":\"https:\/\/www.wojoer.de\/produkt\/neonblacknet-leggings-wojoer-319w415\/\",\"name\":\"Neon leggings | neonpink | leuchtend WOJOER\",\"isPartOf\":{\"@id\":\"https:\/\/www.wojoer.de\/#website\"},\"primaryImageOfPage\":{\"@id\":\"https:\/\/www.wojoer.de\/produkt\/neonblacknet-leggings-wojoer-319w415\/#primaryimage\"},\"image\":{\"@id\":\"https:\/\/www.wojoer.de\/produkt\/neonblacknet-leggings-wojoer-319w415\/#primaryimage\"},\"thumbnailUrl\":\"https:\/\/www.wojoer.de\/wp-content\/uploads\/2019\/08\/neonblacknet_leggings_neonpink_side_wojoer.jpg\",\"datePublished\":\"2020-01-01T09:42:14+00:00\",\"dateModified\":\"2024-06-26T11:01:05+00:00\",\"description\":\"Neon Leggings aus leuchtenden Stoff von Wojoer. Made in Saxony, Germany. Versandkostenfreier Versand\",\"breadcrumb\":{\"@id\":\"https:\/\/www.wojoer.de\/produkt\/neonblacknet-leggings-wojoer-319w415\/#breadcrumb\"},\"inLanguage\":\"en-GB\",\"potentialAction\":[{\"@type\":\"ReadAction\",\"target\":[\"https:\/\/www.wojoer.de\/produkt\/neonblacknet-leggings-wojoer-319w415\/\"]}]},{\"@type\":\"ImageObject\",\"inLanguage\":\"en-GB\",\"@id\":\"https:\/\/www.wojoer.de\/produkt\/neonblacknet-leggings-wojoer-319w415\/#primaryimage\",\"url\":\"https:\/\/www.wojoer.de\/wp-content\/uploads\/2019\/08\/neonblacknet_leggings_neonpink_side_wojoer.jpg\",\"contentUrl\":\"https:\/\/www.wojoer.de\/wp-content\/uploads\/2019\/08\/neonblacknet_leggings_neonpink_side_wojoer.jpg\",\"width\":2002,\"height\":2003},{\"@type\":\"BreadcrumbList\",\"@id\":\"https:\/\/www.wojoer.de\/produkt\/neonblacknet-leggings-wojoer-319w415\/#breadcrumb\",\"itemListElement\":[{\"@type\":\"ListItem\",\"position\":1,\"name\":\"Startseite\",\"item\":\"https:\/\/www.wojoer.de\/\"},{\"@type\":\"ListItem\",\"position\":2,\"name\":\"SHOP\",\"item\":\"https:\/\/www.wojoer.de\/shop\/\"},{\"@type\":\"ListItem\",\"position\":3,\"name\":\"Bade Neonblacknet LEGGINGS Wojoer neonpink 319W415\"}]},{\"@type\":\"WebSite\",\"@id\":\"https:\/\/www.wojoer.de\/#website\",\"url\":\"https:\/\/www.wojoer.de\/\",\"name\":\"WOJOER\",\"description\":\"clubwear for men\",\"publisher\":{\"@id\":\"https:\/\/www.wojoer.de\/#organization\"},\"potentialAction\":[{\"@type\":\"SearchAction\",\"target\":{\"@type\":\"EntryPoint\",\"urlTemplate\":\"https:\/\/www.wojoer.de\/?s={search_term_string}\"},\"query-input\":{\"@type\":\"PropertyValueSpecification\",\"valueRequired\":true,\"valueName\":\"search_term_string\"}}],\"inLanguage\":\"en-GB\"},{\"@type\":\"Organization\",\"@id\":\"https:\/\/www.wojoer.de\/#organization\",\"name\":\"Wonneberger-Manufaktur\",\"url\":\"https:\/\/www.wojoer.de\/\",\"logo\":{\"@type\":\"ImageObject\",\"inLanguage\":\"en-GB\",\"@id\":\"https:\/\/www.wojoer.de\/#\/schema\/logo\/image\/\",\"url\":\"https:\/\/www.wojoer.de\/wp-content\/uploads\/2016\/11\/wonnebergermanufaktur_logo_BUTTON.png\",\"contentUrl\":\"https:\/\/www.wojoer.de\/wp-content\/uploads\/2016\/11\/wonnebergermanufaktur_logo_BUTTON.png\",\"width\":765,\"height\":765,\"caption\":\"Wonneberger-Manufaktur\"},\"image\":{\"@id\":\"https:\/\/www.wojoer.de\/#\/schema\/logo\/image\/\"},\"sameAs\":[\"https:\/\/www.facebook.com\/wojoer\/\",\"https:\/\/de.pinterest.com\/W0J0ER\/\"]}]}<\/script>\n<!-- \/ Yoast SEO plugin. -->","yoast_head_json":{"title":"Neon leggings | neonpink | leuchtend WOJOER","description":"Neon Leggings aus leuchtenden Stoff von Wojoer. Made in Saxony, Germany. Versandkostenfreier Versand","robots":{"index":"index","follow":"follow","max-snippet":"max-snippet:-1","max-image-preview":"max-image-preview:large","max-video-preview":"max-video-preview:-1"},"canonical":"https:\/\/www.wojoer.de\/en\/produkt\/neonblacknet-leggings-wojoer-319w415\/","twitter_card":"summary_large_image","twitter_title":"[:de]Neon leggings | neonpink | leuchtend WOJOER[:]","twitter_description":"[:de]Neon Leggings aus leuchtenden Stoff von Wojoer. Made in Saxony, Germany. Versandkostenfreier Versand[:]","twitter_image":"https:\/\/www.wojoer.de\/wp-content\/uploads\/2019\/08\/neonblacknet_leggings_neonpink_side_wojoer.jpg","twitter_misc":{"Estimated reading time":"1 minute"},"schema":{"@context":"https:\/\/schema.org","@graph":[{"@type":"WebPage","@id":"https:\/\/www.wojoer.de\/produkt\/neonblacknet-leggings-wojoer-319w415\/","url":"https:\/\/www.wojoer.de\/produkt\/neonblacknet-leggings-wojoer-319w415\/","name":"Neon leggings | neonpink | leuchtend WOJOER","isPartOf":{"@id":"https:\/\/www.wojoer.de\/#website"},"primaryImageOfPage":{"@id":"https:\/\/www.wojoer.de\/produkt\/neonblacknet-leggings-wojoer-319w415\/#primaryimage"},"image":{"@id":"https:\/\/www.wojoer.de\/produkt\/neonblacknet-leggings-wojoer-319w415\/#primaryimage"},"thumbnailUrl":"https:\/\/www.wojoer.de\/wp-content\/uploads\/2019\/08\/neonblacknet_leggings_neonpink_side_wojoer.jpg","datePublished":"2020-01-01T09:42:14+00:00","dateModified":"2024-06-26T11:01:05+00:00","description":"Neon Leggings aus leuchtenden Stoff von Wojoer. Made in Saxony, Germany. Versandkostenfreier Versand","breadcrumb":{"@id":"https:\/\/www.wojoer.de\/produkt\/neonblacknet-leggings-wojoer-319w415\/#breadcrumb"},"inLanguage":"en-GB","potentialAction":[{"@type":"ReadAction","target":["https:\/\/www.wojoer.de\/produkt\/neonblacknet-leggings-wojoer-319w415\/"]}]},{"@type":"ImageObject","inLanguage":"en-GB","@id":"https:\/\/www.wojoer.de\/produkt\/neonblacknet-leggings-wojoer-319w415\/#primaryimage","url":"https:\/\/www.wojoer.de\/wp-content\/uploads\/2019\/08\/neonblacknet_leggings_neonpink_side_wojoer.jpg","contentUrl":"https:\/\/www.wojoer.de\/wp-content\/uploads\/2019\/08\/neonblacknet_leggings_neonpink_side_wojoer.jpg","width":2002,"height":2003},{"@type":"BreadcrumbList","@id":"https:\/\/www.wojoer.de\/produkt\/neonblacknet-leggings-wojoer-319w415\/#breadcrumb","itemListElement":[{"@type":"ListItem","position":1,"name":"Startseite","item":"https:\/\/www.wojoer.de\/"},{"@type":"ListItem","position":2,"name":"SHOP","item":"https:\/\/www.wojoer.de\/shop\/"},{"@type":"ListItem","position":3,"name":"Bade Neonblacknet LEGGINGS Wojoer neonpink 319W415"}]},{"@type":"WebSite","@id":"https:\/\/www.wojoer.de\/#website","url":"https:\/\/www.wojoer.de\/","name":"WOJOER","description":"clubwear for men","publisher":{"@id":"https:\/\/www.wojoer.de\/#organization"},"potentialAction":[{"@type":"SearchAction","target":{"@type":"EntryPoint","urlTemplate":"https:\/\/www.wojoer.de\/?s={search_term_string}"},"query-input":{"@type":"PropertyValueSpecification","valueRequired":true,"valueName":"search_term_string"}}],"inLanguage":"en-GB"},{"@type":"Organization","@id":"https:\/\/www.wojoer.de\/#organization","name":"Wonneberger-Manufaktur","url":"https:\/\/www.wojoer.de\/","logo":{"@type":"ImageObject","inLanguage":"en-GB","@id":"https:\/\/www.wojoer.de\/#\/schema\/logo\/image\/","url":"https:\/\/www.wojoer.de\/wp-content\/uploads\/2016\/11\/wonnebergermanufaktur_logo_BUTTON.png","contentUrl":"https:\/\/www.wojoer.de\/wp-content\/uploads\/2016\/11\/wonnebergermanufaktur_logo_BUTTON.png","width":765,"height":765,"caption":"Wonneberger-Manufaktur"},"image":{"@id":"https:\/\/www.wojoer.de\/#\/schema\/logo\/image\/"},"sameAs":["https:\/\/www.facebook.com\/wojoer\/","https:\/\/de.pinterest.com\/W0J0ER\/"]}]}},"_links":{"self":[{"href":"https:\/\/www.wojoer.de\/en\/wp-json\/wp\/v2\/product\/20542","targetHints":{"allow":["GET"]}}],"collection":[{"href":"https:\/\/www.wojoer.de\/en\/wp-json\/wp\/v2\/product"}],"about":[{"href":"https:\/\/www.wojoer.de\/en\/wp-json\/wp\/v2\/types\/product"}],"replies":[{"embeddable":true,"href":"https:\/\/www.wojoer.de\/en\/wp-json\/wp\/v2\/comments?post=20542"}],"wp:featuredmedia":[{"embeddable":true,"href":"https:\/\/www.wojoer.de\/en\/wp-json\/wp\/v2\/media\/16758"}],"wp:attachment":[{"href":"https:\/\/www.wojoer.de\/en\/wp-json\/wp\/v2\/media?parent=20542"}],"wp:term":[{"taxonomy":"product_brand","embeddable":true,"href":"https:\/\/www.wojoer.de\/en\/wp-json\/wp\/v2\/product_brand?post=20542"},{"taxonomy":"product_cat","embeddable":true,"href":"https:\/\/www.wojoer.de\/en\/wp-json\/wp\/v2\/product_cat?post=20542"},{"taxonomy":"product_tag","embeddable":true,"href":"https:\/\/www.wojoer.de\/en\/wp-json\/wp\/v2\/product_tag?post=20542"}],"curies":[{"name":"wp","href":"https:\/\/api.w.org\/{rel}","templated":true}]}}