{"id":20871,"date":"2021-06-18T11:14:51","date_gmt":"2021-06-18T09:14:51","guid":{"rendered":"https:\/\/www.wojoer.de\/?post_type=product&#038;p=20871"},"modified":"2025-05-03T09:23:38","modified_gmt":"2025-05-03T07:23:38","slug":"golden-line-armband-364ab","status":"publish","type":"product","link":"https:\/\/www.wojoer.de\/en\/produkt\/golden-line-armband-364ab\/","title":{"rendered":"GOLDENLINE Armband 364AB"},"content":{"rendered":"<p>Das rassige, edle Gold Armband 364AB, aus gold gl\u00e4nzenden Lederimitat mit holografischen Effekt, gibt\u2019s nur in limitierter Auflage \u2013 ONLYFORME!<\/p>\n<h3>Gr\u00f6\u00dfen<\/h3>\n<p>Erh\u00e4ltlich in den Gr\u00f6\u00dfen SM, ML, LXL<\/p>\n<h3>Materialzusammensetzung<\/h3>\n<p>Lederimitat: 80% Polyester | 12% Polyurethan | 8% Elasthan<\/p>\n<h3>Besonderheiten<\/h3>\n<p><a href=\"http:\/\/www.wojoer.de\/?s=onlyforme&#038;post_type=product\">ONLYFORME<\/a> | holografischer Effekt | sehr dehnbares Lederimitat | hautenge Passform | gold gl\u00e4nzend | Lackeffekt | Druckknopfverschluss | hochwertige Verarbeitung &#8220;Made in Germany&#8221;<\/p>\n<h3>Benutzerhinweise<\/h3>\n<p>Handw\u00e4sche<\/p>\n<h3>GOLDEN LINE Armband &#8211; schillerndes Armband mit holografischen Effekt<\/h3>\n<p>Zu deinem schillernden Auftritt geh\u00f6rt dieses aufregende Armband. Diese besonders sch\u00f6ne Exemplar aus holografischen Lackstoff umschlie\u00dft sanft deinen Arm und setzt dich perfekt in Szene.\u00a0 Wie fl\u00fcssiges Gold kommt dieses Schmuckst\u00fcck besonders Edel daher. Mithilfe eines praktischen Drucknopfverschlusses kann das Armband optimal verstellt und angepasst werden.<\/p>\n<p>&nbsp;<\/p>\n","protected":false},"excerpt":{"rendered":"<p>Das rassige, edle Gold Armband 364AB, aus gold gl\u00e4nzenden Lederimitat mit holografischen Effekt, gibt\u2019s nur in limitierter Auflage \u2013 ONLYFORME!<br \/>\nGr\u00f6\u00dfen<br \/>\nErh\u00e4ltlich in den Gr\u00f6\u00dfen SM, ML, LXL<br \/>\nMaterialzusammensetzung<br \/>\nLederimitat: 80% Polyester | 12% Polyurethan | 8% Elasthan<br \/>\nBesonderheiten<br \/>\nONLYFORME | holografischer Effekt | sehr dehnbares\u2026<\/p>\n","protected":false},"featured_media":35796,"comment_status":"open","ping_status":"closed","template":"","meta":[],"product_brand":[],"product_cat":[291,473,270,326],"product_tag":[415,251,560,362,294],"class_list":{"0":"post-20871","1":"product","2":"type-product","3":"status-publish","4":"has-post-thumbnail","6":"product_cat-accessoires","7":"product_cat-men","8":"product_cat-onlyforme","9":"product_cat-wojoer","10":"product_tag-armband","11":"product_tag-druckknopf","12":"product_tag-glaenzend","13":"product_tag-holographic","14":"product_tag-lack","15":"product_shipping_class-beun","16":"pa_groesse-lxl","17":"pa_groesse-ml","18":"pa_groesse-sm","19":"pif-has-gallery","20":"post-1","21":"odd","23":"first","24":"instock","25":"taxable","26":"shipping-taxable","27":"purchasable","28":"product-type-variable"},"yoast_head":"<!-- This site is optimized with the Yoast SEO plugin v27.2 - https:\/\/yoast.com\/product\/yoast-seo-wordpress\/ -->\n<title>Gold Armband | holo Lederimitat | Druckknopfverschluss | WOJOER.de<\/title>\n<meta name=\"description\" content=\"Gold Armband aus gold gl\u00e4nzenden Lederimitat. Verstellbarer Druckknopfverschluss. Holografische Effekt verleiht einen fantasievollen Glanz!\" \/>\n<meta name=\"robots\" content=\"index, follow, max-snippet:-1, max-image-preview:large, max-video-preview:-1\" \/>\n<link rel=\"canonical\" href=\"https:\/\/www.wojoer.de\/en\/produkt\/golden-line-armband-364ab\/\" \/>\n<meta name=\"twitter:card\" content=\"summary_large_image\" \/>\n<meta name=\"twitter:title\" content=\"Gold Armband | holo Lederimitat | Druckknopfverschluss | WOJOER.de\" \/>\n<meta name=\"twitter:description\" content=\"Gold Armband aus gold gl\u00e4nzenden Lederimitat. Verstellbarer Druckknopfverschluss. Holografische Effekt verleiht einen fantasievollen Glanz!\" \/>\n<meta name=\"twitter:image\" content=\"https:\/\/www.wojoer.de\/wp-content\/uploads\/2021\/06\/364BTR_364AB_Golden_Line_PushupBand_Armband_Wojoer.jpg\" \/>\n<meta name=\"twitter:label1\" content=\"Estimated reading time\" \/>\n\t<meta name=\"twitter:data1\" content=\"1 minute\" \/>\n<script type=\"application\/ld+json\" class=\"yoast-schema-graph\">{\"@context\":\"https:\/\/schema.org\",\"@graph\":[{\"@type\":\"WebPage\",\"@id\":\"https:\/\/www.wojoer.de\/produkt\/golden-line-armband-364ab\/\",\"url\":\"https:\/\/www.wojoer.de\/produkt\/golden-line-armband-364ab\/\",\"name\":\"Gold Armband | holo Lederimitat | Druckknopfverschluss | WOJOER.de\",\"isPartOf\":{\"@id\":\"https:\/\/www.wojoer.de\/#website\"},\"primaryImageOfPage\":{\"@id\":\"https:\/\/www.wojoer.de\/produkt\/golden-line-armband-364ab\/#primaryimage\"},\"image\":{\"@id\":\"https:\/\/www.wojoer.de\/produkt\/golden-line-armband-364ab\/#primaryimage\"},\"thumbnailUrl\":\"https:\/\/www.wojoer.de\/wp-content\/uploads\/2021\/06\/364BTR_364AB_Golden_Line_PushupBand_Armband_Wojoer.jpg\",\"datePublished\":\"2021-06-18T09:14:51+00:00\",\"dateModified\":\"2025-05-03T07:23:38+00:00\",\"description\":\"Gold Armband aus gold gl\u00e4nzenden Lederimitat. Verstellbarer Druckknopfverschluss. Holografische Effekt verleiht einen fantasievollen Glanz!\",\"breadcrumb\":{\"@id\":\"https:\/\/www.wojoer.de\/produkt\/golden-line-armband-364ab\/#breadcrumb\"},\"inLanguage\":\"en-GB\",\"potentialAction\":[{\"@type\":\"ReadAction\",\"target\":[\"https:\/\/www.wojoer.de\/produkt\/golden-line-armband-364ab\/\"]}]},{\"@type\":\"ImageObject\",\"inLanguage\":\"en-GB\",\"@id\":\"https:\/\/www.wojoer.de\/produkt\/golden-line-armband-364ab\/#primaryimage\",\"url\":\"https:\/\/www.wojoer.de\/wp-content\/uploads\/2021\/06\/364BTR_364AB_Golden_Line_PushupBand_Armband_Wojoer.jpg\",\"contentUrl\":\"https:\/\/www.wojoer.de\/wp-content\/uploads\/2021\/06\/364BTR_364AB_Golden_Line_PushupBand_Armband_Wojoer.jpg\",\"width\":2002,\"height\":2002},{\"@type\":\"BreadcrumbList\",\"@id\":\"https:\/\/www.wojoer.de\/produkt\/golden-line-armband-364ab\/#breadcrumb\",\"itemListElement\":[{\"@type\":\"ListItem\",\"position\":1,\"name\":\"Startseite\",\"item\":\"https:\/\/www.wojoer.de\/\"},{\"@type\":\"ListItem\",\"position\":2,\"name\":\"SHOP\",\"item\":\"https:\/\/www.wojoer.de\/shop\/\"},{\"@type\":\"ListItem\",\"position\":3,\"name\":\"GOLDENLINE Armband 364AB\"}]},{\"@type\":\"WebSite\",\"@id\":\"https:\/\/www.wojoer.de\/#website\",\"url\":\"https:\/\/www.wojoer.de\/\",\"name\":\"WOJOER\",\"description\":\"clubwear for men\",\"publisher\":{\"@id\":\"https:\/\/www.wojoer.de\/#organization\"},\"potentialAction\":[{\"@type\":\"SearchAction\",\"target\":{\"@type\":\"EntryPoint\",\"urlTemplate\":\"https:\/\/www.wojoer.de\/?s={search_term_string}\"},\"query-input\":{\"@type\":\"PropertyValueSpecification\",\"valueRequired\":true,\"valueName\":\"search_term_string\"}}],\"inLanguage\":\"en-GB\"},{\"@type\":\"Organization\",\"@id\":\"https:\/\/www.wojoer.de\/#organization\",\"name\":\"Wonneberger-Manufaktur\",\"url\":\"https:\/\/www.wojoer.de\/\",\"logo\":{\"@type\":\"ImageObject\",\"inLanguage\":\"en-GB\",\"@id\":\"https:\/\/www.wojoer.de\/#\/schema\/logo\/image\/\",\"url\":\"https:\/\/www.wojoer.de\/wp-content\/uploads\/2016\/11\/wonnebergermanufaktur_logo_BUTTON.png\",\"contentUrl\":\"https:\/\/www.wojoer.de\/wp-content\/uploads\/2016\/11\/wonnebergermanufaktur_logo_BUTTON.png\",\"width\":765,\"height\":765,\"caption\":\"Wonneberger-Manufaktur\"},\"image\":{\"@id\":\"https:\/\/www.wojoer.de\/#\/schema\/logo\/image\/\"},\"sameAs\":[\"https:\/\/www.facebook.com\/wojoer\/\",\"https:\/\/de.pinterest.com\/W0J0ER\/\"]}]}<\/script>\n<!-- \/ Yoast SEO plugin. -->","yoast_head_json":{"title":"Gold Armband | holo Lederimitat | Druckknopfverschluss | WOJOER.de","description":"Gold Armband aus gold gl\u00e4nzenden Lederimitat. Verstellbarer Druckknopfverschluss. Holografische Effekt verleiht einen fantasievollen Glanz!","robots":{"index":"index","follow":"follow","max-snippet":"max-snippet:-1","max-image-preview":"max-image-preview:large","max-video-preview":"max-video-preview:-1"},"canonical":"https:\/\/www.wojoer.de\/en\/produkt\/golden-line-armband-364ab\/","twitter_card":"summary_large_image","twitter_title":"Gold Armband | holo Lederimitat | Druckknopfverschluss | WOJOER.de","twitter_description":"Gold Armband aus gold gl\u00e4nzenden Lederimitat. Verstellbarer Druckknopfverschluss. Holografische Effekt verleiht einen fantasievollen Glanz!","twitter_image":"https:\/\/www.wojoer.de\/wp-content\/uploads\/2021\/06\/364BTR_364AB_Golden_Line_PushupBand_Armband_Wojoer.jpg","twitter_misc":{"Estimated reading time":"1 minute"},"schema":{"@context":"https:\/\/schema.org","@graph":[{"@type":"WebPage","@id":"https:\/\/www.wojoer.de\/produkt\/golden-line-armband-364ab\/","url":"https:\/\/www.wojoer.de\/produkt\/golden-line-armband-364ab\/","name":"Gold Armband | holo Lederimitat | Druckknopfverschluss | WOJOER.de","isPartOf":{"@id":"https:\/\/www.wojoer.de\/#website"},"primaryImageOfPage":{"@id":"https:\/\/www.wojoer.de\/produkt\/golden-line-armband-364ab\/#primaryimage"},"image":{"@id":"https:\/\/www.wojoer.de\/produkt\/golden-line-armband-364ab\/#primaryimage"},"thumbnailUrl":"https:\/\/www.wojoer.de\/wp-content\/uploads\/2021\/06\/364BTR_364AB_Golden_Line_PushupBand_Armband_Wojoer.jpg","datePublished":"2021-06-18T09:14:51+00:00","dateModified":"2025-05-03T07:23:38+00:00","description":"Gold Armband aus gold gl\u00e4nzenden Lederimitat. Verstellbarer Druckknopfverschluss. Holografische Effekt verleiht einen fantasievollen Glanz!","breadcrumb":{"@id":"https:\/\/www.wojoer.de\/produkt\/golden-line-armband-364ab\/#breadcrumb"},"inLanguage":"en-GB","potentialAction":[{"@type":"ReadAction","target":["https:\/\/www.wojoer.de\/produkt\/golden-line-armband-364ab\/"]}]},{"@type":"ImageObject","inLanguage":"en-GB","@id":"https:\/\/www.wojoer.de\/produkt\/golden-line-armband-364ab\/#primaryimage","url":"https:\/\/www.wojoer.de\/wp-content\/uploads\/2021\/06\/364BTR_364AB_Golden_Line_PushupBand_Armband_Wojoer.jpg","contentUrl":"https:\/\/www.wojoer.de\/wp-content\/uploads\/2021\/06\/364BTR_364AB_Golden_Line_PushupBand_Armband_Wojoer.jpg","width":2002,"height":2002},{"@type":"BreadcrumbList","@id":"https:\/\/www.wojoer.de\/produkt\/golden-line-armband-364ab\/#breadcrumb","itemListElement":[{"@type":"ListItem","position":1,"name":"Startseite","item":"https:\/\/www.wojoer.de\/"},{"@type":"ListItem","position":2,"name":"SHOP","item":"https:\/\/www.wojoer.de\/shop\/"},{"@type":"ListItem","position":3,"name":"GOLDENLINE Armband 364AB"}]},{"@type":"WebSite","@id":"https:\/\/www.wojoer.de\/#website","url":"https:\/\/www.wojoer.de\/","name":"WOJOER","description":"clubwear for men","publisher":{"@id":"https:\/\/www.wojoer.de\/#organization"},"potentialAction":[{"@type":"SearchAction","target":{"@type":"EntryPoint","urlTemplate":"https:\/\/www.wojoer.de\/?s={search_term_string}"},"query-input":{"@type":"PropertyValueSpecification","valueRequired":true,"valueName":"search_term_string"}}],"inLanguage":"en-GB"},{"@type":"Organization","@id":"https:\/\/www.wojoer.de\/#organization","name":"Wonneberger-Manufaktur","url":"https:\/\/www.wojoer.de\/","logo":{"@type":"ImageObject","inLanguage":"en-GB","@id":"https:\/\/www.wojoer.de\/#\/schema\/logo\/image\/","url":"https:\/\/www.wojoer.de\/wp-content\/uploads\/2016\/11\/wonnebergermanufaktur_logo_BUTTON.png","contentUrl":"https:\/\/www.wojoer.de\/wp-content\/uploads\/2016\/11\/wonnebergermanufaktur_logo_BUTTON.png","width":765,"height":765,"caption":"Wonneberger-Manufaktur"},"image":{"@id":"https:\/\/www.wojoer.de\/#\/schema\/logo\/image\/"},"sameAs":["https:\/\/www.facebook.com\/wojoer\/","https:\/\/de.pinterest.com\/W0J0ER\/"]}]}},"_links":{"self":[{"href":"https:\/\/www.wojoer.de\/en\/wp-json\/wp\/v2\/product\/20871","targetHints":{"allow":["GET"]}}],"collection":[{"href":"https:\/\/www.wojoer.de\/en\/wp-json\/wp\/v2\/product"}],"about":[{"href":"https:\/\/www.wojoer.de\/en\/wp-json\/wp\/v2\/types\/product"}],"replies":[{"embeddable":true,"href":"https:\/\/www.wojoer.de\/en\/wp-json\/wp\/v2\/comments?post=20871"}],"wp:featuredmedia":[{"embeddable":true,"href":"https:\/\/www.wojoer.de\/en\/wp-json\/wp\/v2\/media\/35796"}],"wp:attachment":[{"href":"https:\/\/www.wojoer.de\/en\/wp-json\/wp\/v2\/media?parent=20871"}],"wp:term":[{"taxonomy":"product_brand","embeddable":true,"href":"https:\/\/www.wojoer.de\/en\/wp-json\/wp\/v2\/product_brand?post=20871"},{"taxonomy":"product_cat","embeddable":true,"href":"https:\/\/www.wojoer.de\/en\/wp-json\/wp\/v2\/product_cat?post=20871"},{"taxonomy":"product_tag","embeddable":true,"href":"https:\/\/www.wojoer.de\/en\/wp-json\/wp\/v2\/product_tag?post=20871"}],"curies":[{"name":"wp","href":"https:\/\/api.w.org\/{rel}","templated":true}]}}