{"id":22110,"date":"2020-03-06T08:27:55","date_gmt":"2020-03-06T07:27:55","guid":{"rendered":"https:\/\/www.wojoer.de\/?post_type=product&#038;p=22110"},"modified":"2025-12-18T20:38:56","modified_gmt":"2025-12-18T19:38:56","slug":"wet-silk-mini-hipster-394w451-1","status":"publish","type":"product","link":"https:\/\/www.wojoer.de\/en\/produkt\/wet-silk-mini-hipster-394w451-1\/","title":{"rendered":"Wet Silk Minihipster gletschereis 394W451.1"},"content":{"rendered":"<p>Production on order, because the Wet Silk Minihipster 394W451.1 belongs in the category: Wojoer &#8220;<a href=\"https:\/\/www.wojoer.de\/?s=live&#038;post_type=product\">LIVE products<\/a>&#8220;!<\/p>\n<h3>Sizes<\/h3>\n<p>Available in sizes S| M| L| XL<\/p>\n<h3>Material composition<\/h3>\n<p>78% polyester | 22% elastane | 80% polyamide | 12% elastane<\/p>\n<h3>Particularities<\/h3>\n<p>LIVE product | extraordinary choice of colours | cuddly | very stretchy material | high quality workmanship &#8220;Made in Germany&#8221;<\/p>\n<h3>Wash instructions<\/h3>\n<p>Hand wash<\/p>\n<h3>Wet Silk Minihipster<\/h3>\n<p>No &#8230; you are different and do not want to wear the swimwear like the others. You deserve to stand out with your great body and look special. You can do just that with our Wet Silk collection. The string is super soft and due to the glossy fabric, you pull out like cast from metal. With the extravagant colour selection, you stand out from the crowd &#8211; but not intrusive, but elegantly glamorous. Because the fabric is super cuddly and variable, you can wear these briefs super as highways and low waist variants. Just try it&#8230;<\/p>\n<p>Here is the <a href=\"https:\/\/www.wojoer.de\/groessentabelle\/\">Size chart<\/a><\/p>\n","protected":false},"excerpt":{"rendered":"<p>Produktion auf Bestellung, denn der Wet Silk Minihipster 394W451.1 geh\u00f6rt in die Kategorie: Wojoer &#8220;LIVE-Produkte&#8221;!<br \/>\nGr\u00f6\u00dfen<br \/>\nErh\u00e4ltlich in den Gr\u00f6\u00dfen S, M, L, XL<br \/>\nMaterialzusammensetzung<br \/>\n78% Polyester\u00a0 |22% Elasthan | 80% Polyamid\u00a0 |12% Elasthan<br \/>\nBesonderheiten<br \/>\nLIVE Produkt | au\u00dfergew\u00f6hnliche Farbauswahl |badetauglich | anschmiegsam |\u00a0 gletschereis |\u2026<\/p>\n","protected":false},"featured_media":22035,"comment_status":"open","ping_status":"closed","template":"","meta":[],"product_brand":[],"product_cat":[849,115,473,195,326],"product_tag":[276,108,560,209],"class_list":{"0":"post-22110","1":"product","2":"type-product","3":"status-publish","4":"has-post-thumbnail","6":"product_cat-394-wetsilk","7":"product_cat-beachwear","8":"product_cat-men","9":"product_cat-produktion-auf-bestellung-liveproduktion","10":"product_cat-wojoer","11":"product_tag-badeglanz","12":"product_tag-1beachwear","13":"product_tag-glaenzend","14":"product_tag-mini-hipster","15":"product_shipping_class-beun","16":"pa_farbe-eisblau","17":"pa_farbe-gold","18":"pa_farbe-rose","19":"pa_groesse-l","20":"pa_groesse-m","21":"pa_groesse-s","22":"pa_groesse-xl","23":"pif-has-gallery","24":"post-1","25":"odd","27":"first","28":"instock","29":"taxable","30":"shipping-taxable","31":"purchasable","32":"product-type-variable"},"yoast_head":"<!-- This site is optimized with the Yoast SEO plugin v27.2 - https:\/\/yoast.com\/product\/yoast-seo-wordpress\/ -->\n<title>Wet Silk Mini Hipster| badetauglich| gletschereis | WOJOER | Unterw\u00e4sche<\/title>\n<meta name=\"description\" content=\"Wet Silk Mini Hipster. Particularly striking and elegant hipsters available in various colors from WOJOER. Soft material - free shipping\" \/>\n<meta name=\"robots\" content=\"index, follow, max-snippet:-1, max-image-preview:large, max-video-preview:-1\" \/>\n<link rel=\"canonical\" href=\"https:\/\/www.wojoer.de\/en\/produkt\/wet-silk-mini-hipster-394w451-1\/\" \/>\n<meta name=\"twitter:card\" content=\"summary_large_image\" \/>\n<meta name=\"twitter:title\" content=\"Wet Silk Mini Hipster| badetauglich| gletschereis | WOJOER | Unterw\u00e4sche\" \/>\n<meta name=\"twitter:description\" content=\"Wet Silk Mini Hipster. Besonders auff\u00e4lliger und elganter Hipster in verschiedenen Farben von WOJOER erh\u00e4ltlich. Weiches Material - versandkostenfrei\" \/>\n<meta name=\"twitter:image\" content=\"https:\/\/www.wojoer.de\/wp-content\/uploads\/2020\/03\/394W451_1_Wetsilk_Minihipster_gletschereis_wojoer.jpg\" \/>\n<meta name=\"twitter:label1\" content=\"Estimated reading time\" \/>\n\t<meta name=\"twitter:data1\" content=\"1 minute\" \/>\n<script type=\"application\/ld+json\" class=\"yoast-schema-graph\">{\"@context\":\"https:\/\/schema.org\",\"@graph\":[{\"@type\":\"WebPage\",\"@id\":\"https:\/\/www.wojoer.de\/en\/produkt\/wet-silk-mini-hipster-394w451-1\/\",\"url\":\"https:\/\/www.wojoer.de\/en\/produkt\/wet-silk-mini-hipster-394w451-1\/\",\"name\":\"Wet Silk Mini Hipster| badetauglich| gletschereis | WOJOER | Unterw\u00e4sche\",\"isPartOf\":{\"@id\":\"https:\/\/www.wojoer.de\/#website\"},\"primaryImageOfPage\":{\"@id\":\"https:\/\/www.wojoer.de\/en\/produkt\/wet-silk-mini-hipster-394w451-1\/#primaryimage\"},\"image\":{\"@id\":\"https:\/\/www.wojoer.de\/en\/produkt\/wet-silk-mini-hipster-394w451-1\/#primaryimage\"},\"thumbnailUrl\":\"https:\/\/www.wojoer.de\/wp-content\/uploads\/2020\/03\/394W451_1_Wetsilk_Minihipster_gletschereis_wojoer.jpg\",\"datePublished\":\"2020-03-06T07:27:55+00:00\",\"dateModified\":\"2025-12-18T19:38:56+00:00\",\"description\":\"Wet Silk Mini Hipster. Besonders auff\u00e4lliger und elganter Hipster in verschiedenen Farben von WOJOER erh\u00e4ltlich. Weiches Material - versandkostenfrei\",\"breadcrumb\":{\"@id\":\"https:\/\/www.wojoer.de\/en\/produkt\/wet-silk-mini-hipster-394w451-1\/#breadcrumb\"},\"inLanguage\":\"en-GB\",\"potentialAction\":[{\"@type\":\"ReadAction\",\"target\":[\"https:\/\/www.wojoer.de\/en\/produkt\/wet-silk-mini-hipster-394w451-1\/\"]}]},{\"@type\":\"ImageObject\",\"inLanguage\":\"en-GB\",\"@id\":\"https:\/\/www.wojoer.de\/en\/produkt\/wet-silk-mini-hipster-394w451-1\/#primaryimage\",\"url\":\"https:\/\/www.wojoer.de\/wp-content\/uploads\/2020\/03\/394W451_1_Wetsilk_Minihipster_gletschereis_wojoer.jpg\",\"contentUrl\":\"https:\/\/www.wojoer.de\/wp-content\/uploads\/2020\/03\/394W451_1_Wetsilk_Minihipster_gletschereis_wojoer.jpg\",\"width\":2002,\"height\":2002},{\"@type\":\"BreadcrumbList\",\"@id\":\"https:\/\/www.wojoer.de\/en\/produkt\/wet-silk-mini-hipster-394w451-1\/#breadcrumb\",\"itemListElement\":[{\"@type\":\"ListItem\",\"position\":1,\"name\":\"Startseite\",\"item\":\"https:\/\/www.wojoer.de\/\"},{\"@type\":\"ListItem\",\"position\":2,\"name\":\"SHOP\",\"item\":\"https:\/\/www.wojoer.de\/shop\/\"},{\"@type\":\"ListItem\",\"position\":3,\"name\":\"WetSilk Minihipster 394W451.1\"}]},{\"@type\":\"WebSite\",\"@id\":\"https:\/\/www.wojoer.de\/#website\",\"url\":\"https:\/\/www.wojoer.de\/\",\"name\":\"WOJOER\",\"description\":\"clubwear for men\",\"publisher\":{\"@id\":\"https:\/\/www.wojoer.de\/#organization\"},\"potentialAction\":[{\"@type\":\"SearchAction\",\"target\":{\"@type\":\"EntryPoint\",\"urlTemplate\":\"https:\/\/www.wojoer.de\/?s={search_term_string}\"},\"query-input\":{\"@type\":\"PropertyValueSpecification\",\"valueRequired\":true,\"valueName\":\"search_term_string\"}}],\"inLanguage\":\"en-GB\"},{\"@type\":\"Organization\",\"@id\":\"https:\/\/www.wojoer.de\/#organization\",\"name\":\"Wonneberger-Manufaktur\",\"url\":\"https:\/\/www.wojoer.de\/\",\"logo\":{\"@type\":\"ImageObject\",\"inLanguage\":\"en-GB\",\"@id\":\"https:\/\/www.wojoer.de\/#\/schema\/logo\/image\/\",\"url\":\"https:\/\/www.wojoer.de\/wp-content\/uploads\/2016\/11\/wonnebergermanufaktur_logo_BUTTON.png\",\"contentUrl\":\"https:\/\/www.wojoer.de\/wp-content\/uploads\/2016\/11\/wonnebergermanufaktur_logo_BUTTON.png\",\"width\":765,\"height\":765,\"caption\":\"Wonneberger-Manufaktur\"},\"image\":{\"@id\":\"https:\/\/www.wojoer.de\/#\/schema\/logo\/image\/\"},\"sameAs\":[\"https:\/\/www.facebook.com\/wojoer\/\",\"https:\/\/de.pinterest.com\/W0J0ER\/\"]}]}<\/script>\n<!-- \/ Yoast SEO plugin. -->","yoast_head_json":{"title":"Wet Silk Mini Hipster| badetauglich| gletschereis | WOJOER | Unterw\u00e4sche","description":"Wet Silk Mini Hipster. Particularly striking and elegant hipsters available in various colors from WOJOER. Soft material - free shipping","robots":{"index":"index","follow":"follow","max-snippet":"max-snippet:-1","max-image-preview":"max-image-preview:large","max-video-preview":"max-video-preview:-1"},"canonical":"https:\/\/www.wojoer.de\/en\/produkt\/wet-silk-mini-hipster-394w451-1\/","twitter_card":"summary_large_image","twitter_title":"Wet Silk Mini Hipster| badetauglich| gletschereis | WOJOER | Unterw\u00e4sche","twitter_description":"Wet Silk Mini Hipster. Besonders auff\u00e4lliger und elganter Hipster in verschiedenen Farben von WOJOER erh\u00e4ltlich. Weiches Material - versandkostenfrei","twitter_image":"https:\/\/www.wojoer.de\/wp-content\/uploads\/2020\/03\/394W451_1_Wetsilk_Minihipster_gletschereis_wojoer.jpg","twitter_misc":{"Estimated reading time":"1 minute"},"schema":{"@context":"https:\/\/schema.org","@graph":[{"@type":"WebPage","@id":"https:\/\/www.wojoer.de\/en\/produkt\/wet-silk-mini-hipster-394w451-1\/","url":"https:\/\/www.wojoer.de\/en\/produkt\/wet-silk-mini-hipster-394w451-1\/","name":"Wet Silk Mini Hipster| badetauglich| gletschereis | WOJOER | Unterw\u00e4sche","isPartOf":{"@id":"https:\/\/www.wojoer.de\/#website"},"primaryImageOfPage":{"@id":"https:\/\/www.wojoer.de\/en\/produkt\/wet-silk-mini-hipster-394w451-1\/#primaryimage"},"image":{"@id":"https:\/\/www.wojoer.de\/en\/produkt\/wet-silk-mini-hipster-394w451-1\/#primaryimage"},"thumbnailUrl":"https:\/\/www.wojoer.de\/wp-content\/uploads\/2020\/03\/394W451_1_Wetsilk_Minihipster_gletschereis_wojoer.jpg","datePublished":"2020-03-06T07:27:55+00:00","dateModified":"2025-12-18T19:38:56+00:00","description":"Wet Silk Mini Hipster. Besonders auff\u00e4lliger und elganter Hipster in verschiedenen Farben von WOJOER erh\u00e4ltlich. Weiches Material - versandkostenfrei","breadcrumb":{"@id":"https:\/\/www.wojoer.de\/en\/produkt\/wet-silk-mini-hipster-394w451-1\/#breadcrumb"},"inLanguage":"en-GB","potentialAction":[{"@type":"ReadAction","target":["https:\/\/www.wojoer.de\/en\/produkt\/wet-silk-mini-hipster-394w451-1\/"]}]},{"@type":"ImageObject","inLanguage":"en-GB","@id":"https:\/\/www.wojoer.de\/en\/produkt\/wet-silk-mini-hipster-394w451-1\/#primaryimage","url":"https:\/\/www.wojoer.de\/wp-content\/uploads\/2020\/03\/394W451_1_Wetsilk_Minihipster_gletschereis_wojoer.jpg","contentUrl":"https:\/\/www.wojoer.de\/wp-content\/uploads\/2020\/03\/394W451_1_Wetsilk_Minihipster_gletschereis_wojoer.jpg","width":2002,"height":2002},{"@type":"BreadcrumbList","@id":"https:\/\/www.wojoer.de\/en\/produkt\/wet-silk-mini-hipster-394w451-1\/#breadcrumb","itemListElement":[{"@type":"ListItem","position":1,"name":"Startseite","item":"https:\/\/www.wojoer.de\/"},{"@type":"ListItem","position":2,"name":"SHOP","item":"https:\/\/www.wojoer.de\/shop\/"},{"@type":"ListItem","position":3,"name":"WetSilk Minihipster 394W451.1"}]},{"@type":"WebSite","@id":"https:\/\/www.wojoer.de\/#website","url":"https:\/\/www.wojoer.de\/","name":"WOJOER","description":"clubwear for men","publisher":{"@id":"https:\/\/www.wojoer.de\/#organization"},"potentialAction":[{"@type":"SearchAction","target":{"@type":"EntryPoint","urlTemplate":"https:\/\/www.wojoer.de\/?s={search_term_string}"},"query-input":{"@type":"PropertyValueSpecification","valueRequired":true,"valueName":"search_term_string"}}],"inLanguage":"en-GB"},{"@type":"Organization","@id":"https:\/\/www.wojoer.de\/#organization","name":"Wonneberger-Manufaktur","url":"https:\/\/www.wojoer.de\/","logo":{"@type":"ImageObject","inLanguage":"en-GB","@id":"https:\/\/www.wojoer.de\/#\/schema\/logo\/image\/","url":"https:\/\/www.wojoer.de\/wp-content\/uploads\/2016\/11\/wonnebergermanufaktur_logo_BUTTON.png","contentUrl":"https:\/\/www.wojoer.de\/wp-content\/uploads\/2016\/11\/wonnebergermanufaktur_logo_BUTTON.png","width":765,"height":765,"caption":"Wonneberger-Manufaktur"},"image":{"@id":"https:\/\/www.wojoer.de\/#\/schema\/logo\/image\/"},"sameAs":["https:\/\/www.facebook.com\/wojoer\/","https:\/\/de.pinterest.com\/W0J0ER\/"]}]}},"_links":{"self":[{"href":"https:\/\/www.wojoer.de\/en\/wp-json\/wp\/v2\/product\/22110","targetHints":{"allow":["GET"]}}],"collection":[{"href":"https:\/\/www.wojoer.de\/en\/wp-json\/wp\/v2\/product"}],"about":[{"href":"https:\/\/www.wojoer.de\/en\/wp-json\/wp\/v2\/types\/product"}],"replies":[{"embeddable":true,"href":"https:\/\/www.wojoer.de\/en\/wp-json\/wp\/v2\/comments?post=22110"}],"wp:featuredmedia":[{"embeddable":true,"href":"https:\/\/www.wojoer.de\/en\/wp-json\/wp\/v2\/media\/22035"}],"wp:attachment":[{"href":"https:\/\/www.wojoer.de\/en\/wp-json\/wp\/v2\/media?parent=22110"}],"wp:term":[{"taxonomy":"product_brand","embeddable":true,"href":"https:\/\/www.wojoer.de\/en\/wp-json\/wp\/v2\/product_brand?post=22110"},{"taxonomy":"product_cat","embeddable":true,"href":"https:\/\/www.wojoer.de\/en\/wp-json\/wp\/v2\/product_cat?post=22110"},{"taxonomy":"product_tag","embeddable":true,"href":"https:\/\/www.wojoer.de\/en\/wp-json\/wp\/v2\/product_tag?post=22110"}],"curies":[{"name":"wp","href":"https:\/\/api.w.org\/{rel}","templated":true}]}}