{"id":22534,"date":"2020-03-11T10:27:16","date_gmt":"2020-03-11T09:27:16","guid":{"rendered":"https:\/\/www.wojoer.de\/?post_type=product&#038;p=22534"},"modified":"2025-11-06T15:39:02","modified_gmt":"2025-11-06T14:39:02","slug":"wetjeans-damen-g-string-381f6","status":"publish","type":"product","link":"https:\/\/www.wojoer.de\/en\/produkt\/wetjeans-damen-g-string-381f6\/","title":{"rendered":"Wetjeans Damen G-String 381F6"},"content":{"rendered":"<p>Production on order, because the black wet jeans women G-String 381F6 belongs in the category: Wojoer &#8220;LIVE products&#8221;!<\/p>\n<p><strong>Sizes <\/strong><\/p>\n<p>Available in sizes S, M, L, XL<\/p>\n<p><strong>Material composition <\/strong><\/p>\n<p>92% polyester | 8% elastane<\/p>\n<p><strong>particularities <\/strong><\/p>\n<p>LIVE product matt glossy, very stretchy material | super thin and light | Damen G-String | Wet look | red contrast stitching | high quality Made in Germany<\/p>\n<p><strong>wash instructions <\/strong><\/p>\n<p>Hand wash<\/p>\n<p><strong>WETJEANS women G-String &#8211; shiny wet look G-String with opening Hard to believe! <\/strong><\/p>\n<p>But this wet jeans G-String is not like everyone else. This G-String is simply cream because it shows everything you have without the slightest hint of understatement. What that means? With its arrogant feminine and sporty shape, it makes looking away impossible. This noble specimen sits perfectly and is wonderfully comfortable. The handle is a dream and in addition there is its irresistibly captivating matt gloss, which makes its material surface feel erotically smooth. The fabric is super thin and envelops you like a touch of nothing &#8211; pure eroticism! The red contrasting seams round off your look perfectly and let you shine in a cool, stimulating jeans look. So, nothing stands in the way of your cool appearance in the club!<\/p>\n<p>Click here for the <a href=\"https:\/\/www.wojoer.de\/groessentabelle\/\">size chart.<\/a><\/p>\n","protected":false},"excerpt":{"rendered":"<p>Produktion auf Bestellung, denn das schwarze Wetjeans G-String 381F6 geh\u00f6rt in die Kategorie: Wojoer \u201eLIVE-Produkte\u201c!<br \/>\nGr\u00f6\u00dfen<br \/>\nErh\u00e4ltlich in den Gr\u00f6\u00dfen S, M, L, XL<br \/>\nMaterialzusammensetzung<br \/>\n92% Polyester | 8% Elasthan<br \/>\nBesonderheiten<br \/>\nLIVE Produkt | matt gl\u00e4nzendes, sehr dehnbares Material | super d\u00fcnn und leicht | G-String\u2026<\/p>\n","protected":false},"featured_media":22453,"comment_status":"open","ping_status":"closed","template":"","meta":[],"product_brand":[],"product_cat":[702,471],"product_tag":[560,565,566,119,247],"class_list":{"0":"post-22534","1":"product","2":"type-product","3":"status-publish","4":"has-post-thumbnail","6":"product_cat-wet-jeans-ladies","7":"product_cat-partnerlook","8":"product_tag-glaenzend","9":"product_tag-jeansoptik","10":"product_tag-kontrastnaehte","11":"product_tag-string","12":"product_tag-wetlook","13":"product_shipping_class-beun","14":"pa_groesse-l","15":"pa_groesse-m","16":"pa_groesse-s","17":"pa_groesse-xl","18":"pif-has-gallery","19":"post-1","20":"odd","22":"first","23":"onbackorder","24":"taxable","25":"shipping-taxable","26":"purchasable","27":"product-type-variable"},"yoast_head":"<!-- This site is optimized with the Yoast SEO plugin v27.2 - https:\/\/yoast.com\/product\/yoast-seo-wordpress\/ -->\n<title>Wetjeans G-String | matt gloss | red contrasting seam | WOJOER<\/title>\n<meta name=\"description\" content=\"Black G-string wet jeans. Particularly fine &amp; matt glossy in black with red contrast stitching. Gaudy tight. Comfortable fit, exquisitely elegant material.\" \/>\n<meta name=\"robots\" content=\"index, follow, max-snippet:-1, max-image-preview:large, max-video-preview:-1\" \/>\n<link rel=\"canonical\" href=\"https:\/\/www.wojoer.de\/en\/produkt\/wetjeans-damen-g-string-381f6\/\" \/>\n<meta name=\"twitter:card\" content=\"summary_large_image\" \/>\n<meta name=\"twitter:title\" content=\"Wetjeans G-String | matt gloss | red contrasting seam | WOJOER\" \/>\n<meta name=\"twitter:description\" content=\"Black G-string wet jeans. Particularly fine &amp; matt glossy in black with red contrast stitching. Gaudy tight. Comfortable fit, exquisitely elegant material.\" \/>\n<meta name=\"twitter:image\" content=\"https:\/\/www.wojoer.de\/wp-content\/uploads\/2020\/03\/381F6_Wetjeans_G-String_female_straff_wojoer.jpg\" \/>\n<meta name=\"twitter:label1\" content=\"Estimated reading time\" \/>\n\t<meta name=\"twitter:data1\" content=\"2 minutes\" \/>\n<script type=\"application\/ld+json\" class=\"yoast-schema-graph\">{\"@context\":\"https:\/\/schema.org\",\"@graph\":[{\"@type\":\"WebPage\",\"@id\":\"https:\/\/www.wojoer.de\/produkt\/wetjeans-damen-g-string-381f6\/\",\"url\":\"https:\/\/www.wojoer.de\/produkt\/wetjeans-damen-g-string-381f6\/\",\"name\":\"Wetjeans G-String | matt gloss | red contrasting seam | WOJOER\",\"isPartOf\":{\"@id\":\"https:\/\/www.wojoer.de\/#website\"},\"primaryImageOfPage\":{\"@id\":\"https:\/\/www.wojoer.de\/produkt\/wetjeans-damen-g-string-381f6\/#primaryimage\"},\"image\":{\"@id\":\"https:\/\/www.wojoer.de\/produkt\/wetjeans-damen-g-string-381f6\/#primaryimage\"},\"thumbnailUrl\":\"https:\/\/www.wojoer.de\/wp-content\/uploads\/2020\/03\/381F6_Wetjeans_G-String_female_straff_wojoer.jpg\",\"datePublished\":\"2020-03-11T09:27:16+00:00\",\"dateModified\":\"2025-11-06T14:39:02+00:00\",\"description\":\"Black G-string wet jeans. Particularly fine & matt glossy in black with red contrast stitching. Gaudy tight. Comfortable fit, exquisitely elegant material.\",\"breadcrumb\":{\"@id\":\"https:\/\/www.wojoer.de\/produkt\/wetjeans-damen-g-string-381f6\/#breadcrumb\"},\"inLanguage\":\"en-GB\",\"potentialAction\":[{\"@type\":\"ReadAction\",\"target\":[\"https:\/\/www.wojoer.de\/produkt\/wetjeans-damen-g-string-381f6\/\"]}]},{\"@type\":\"ImageObject\",\"inLanguage\":\"en-GB\",\"@id\":\"https:\/\/www.wojoer.de\/produkt\/wetjeans-damen-g-string-381f6\/#primaryimage\",\"url\":\"https:\/\/www.wojoer.de\/wp-content\/uploads\/2020\/03\/381F6_Wetjeans_G-String_female_straff_wojoer.jpg\",\"contentUrl\":\"https:\/\/www.wojoer.de\/wp-content\/uploads\/2020\/03\/381F6_Wetjeans_G-String_female_straff_wojoer.jpg\",\"width\":1885,\"height\":1885},{\"@type\":\"BreadcrumbList\",\"@id\":\"https:\/\/www.wojoer.de\/produkt\/wetjeans-damen-g-string-381f6\/#breadcrumb\",\"itemListElement\":[{\"@type\":\"ListItem\",\"position\":1,\"name\":\"Startseite\",\"item\":\"https:\/\/www.wojoer.de\/\"},{\"@type\":\"ListItem\",\"position\":2,\"name\":\"SHOP\",\"item\":\"https:\/\/www.wojoer.de\/shop\/\"},{\"@type\":\"ListItem\",\"position\":3,\"name\":\"Wetjeans Damen G-String 381F6\"}]},{\"@type\":\"WebSite\",\"@id\":\"https:\/\/www.wojoer.de\/#website\",\"url\":\"https:\/\/www.wojoer.de\/\",\"name\":\"WOJOER\",\"description\":\"clubwear for men\",\"publisher\":{\"@id\":\"https:\/\/www.wojoer.de\/#organization\"},\"potentialAction\":[{\"@type\":\"SearchAction\",\"target\":{\"@type\":\"EntryPoint\",\"urlTemplate\":\"https:\/\/www.wojoer.de\/?s={search_term_string}\"},\"query-input\":{\"@type\":\"PropertyValueSpecification\",\"valueRequired\":true,\"valueName\":\"search_term_string\"}}],\"inLanguage\":\"en-GB\"},{\"@type\":\"Organization\",\"@id\":\"https:\/\/www.wojoer.de\/#organization\",\"name\":\"Wonneberger-Manufaktur\",\"url\":\"https:\/\/www.wojoer.de\/\",\"logo\":{\"@type\":\"ImageObject\",\"inLanguage\":\"en-GB\",\"@id\":\"https:\/\/www.wojoer.de\/#\/schema\/logo\/image\/\",\"url\":\"https:\/\/www.wojoer.de\/wp-content\/uploads\/2016\/11\/wonnebergermanufaktur_logo_BUTTON.png\",\"contentUrl\":\"https:\/\/www.wojoer.de\/wp-content\/uploads\/2016\/11\/wonnebergermanufaktur_logo_BUTTON.png\",\"width\":765,\"height\":765,\"caption\":\"Wonneberger-Manufaktur\"},\"image\":{\"@id\":\"https:\/\/www.wojoer.de\/#\/schema\/logo\/image\/\"},\"sameAs\":[\"https:\/\/www.facebook.com\/wojoer\/\",\"https:\/\/de.pinterest.com\/W0J0ER\/\"]}]}<\/script>\n<!-- \/ Yoast SEO plugin. -->","yoast_head_json":{"title":"Wetjeans G-String | matt gloss | red contrasting seam | WOJOER","description":"Black G-string wet jeans. Particularly fine & matt glossy in black with red contrast stitching. Gaudy tight. Comfortable fit, exquisitely elegant material.","robots":{"index":"index","follow":"follow","max-snippet":"max-snippet:-1","max-image-preview":"max-image-preview:large","max-video-preview":"max-video-preview:-1"},"canonical":"https:\/\/www.wojoer.de\/en\/produkt\/wetjeans-damen-g-string-381f6\/","twitter_card":"summary_large_image","twitter_title":"[:de]Wetjeans G-String | matter glanz | rote Kontrasn\u00e4hte | WOJOER[:en]Wetjeans G-String | matt gloss | red contrasting seam | WOJOER[:]","twitter_description":"[:de]Schwarzer Wetjeans G-String. Besonders fein & matt gl\u00e4nzend in Schwarz mit roten Kontrastn\u00e4hten. Knallig eng. Bequeme Passform, aufreizend edles Material.[:en]Black G-string wet jeans. Particularly fine & matt glossy in black with red contrast stitching. Gaudy tight. Comfortable fit, exquisitely elegant material.[:]","twitter_image":"https:\/\/www.wojoer.de\/wp-content\/uploads\/2020\/03\/381F6_Wetjeans_G-String_female_straff_wojoer.jpg","twitter_misc":{"Estimated reading time":"2 minutes"},"schema":{"@context":"https:\/\/schema.org","@graph":[{"@type":"WebPage","@id":"https:\/\/www.wojoer.de\/produkt\/wetjeans-damen-g-string-381f6\/","url":"https:\/\/www.wojoer.de\/produkt\/wetjeans-damen-g-string-381f6\/","name":"Wetjeans G-String | matt gloss | red contrasting seam | WOJOER","isPartOf":{"@id":"https:\/\/www.wojoer.de\/#website"},"primaryImageOfPage":{"@id":"https:\/\/www.wojoer.de\/produkt\/wetjeans-damen-g-string-381f6\/#primaryimage"},"image":{"@id":"https:\/\/www.wojoer.de\/produkt\/wetjeans-damen-g-string-381f6\/#primaryimage"},"thumbnailUrl":"https:\/\/www.wojoer.de\/wp-content\/uploads\/2020\/03\/381F6_Wetjeans_G-String_female_straff_wojoer.jpg","datePublished":"2020-03-11T09:27:16+00:00","dateModified":"2025-11-06T14:39:02+00:00","description":"Black G-string wet jeans. Particularly fine & matt glossy in black with red contrast stitching. Gaudy tight. Comfortable fit, exquisitely elegant material.","breadcrumb":{"@id":"https:\/\/www.wojoer.de\/produkt\/wetjeans-damen-g-string-381f6\/#breadcrumb"},"inLanguage":"en-GB","potentialAction":[{"@type":"ReadAction","target":["https:\/\/www.wojoer.de\/produkt\/wetjeans-damen-g-string-381f6\/"]}]},{"@type":"ImageObject","inLanguage":"en-GB","@id":"https:\/\/www.wojoer.de\/produkt\/wetjeans-damen-g-string-381f6\/#primaryimage","url":"https:\/\/www.wojoer.de\/wp-content\/uploads\/2020\/03\/381F6_Wetjeans_G-String_female_straff_wojoer.jpg","contentUrl":"https:\/\/www.wojoer.de\/wp-content\/uploads\/2020\/03\/381F6_Wetjeans_G-String_female_straff_wojoer.jpg","width":1885,"height":1885},{"@type":"BreadcrumbList","@id":"https:\/\/www.wojoer.de\/produkt\/wetjeans-damen-g-string-381f6\/#breadcrumb","itemListElement":[{"@type":"ListItem","position":1,"name":"Startseite","item":"https:\/\/www.wojoer.de\/"},{"@type":"ListItem","position":2,"name":"SHOP","item":"https:\/\/www.wojoer.de\/shop\/"},{"@type":"ListItem","position":3,"name":"Wetjeans Damen G-String 381F6"}]},{"@type":"WebSite","@id":"https:\/\/www.wojoer.de\/#website","url":"https:\/\/www.wojoer.de\/","name":"WOJOER","description":"clubwear for men","publisher":{"@id":"https:\/\/www.wojoer.de\/#organization"},"potentialAction":[{"@type":"SearchAction","target":{"@type":"EntryPoint","urlTemplate":"https:\/\/www.wojoer.de\/?s={search_term_string}"},"query-input":{"@type":"PropertyValueSpecification","valueRequired":true,"valueName":"search_term_string"}}],"inLanguage":"en-GB"},{"@type":"Organization","@id":"https:\/\/www.wojoer.de\/#organization","name":"Wonneberger-Manufaktur","url":"https:\/\/www.wojoer.de\/","logo":{"@type":"ImageObject","inLanguage":"en-GB","@id":"https:\/\/www.wojoer.de\/#\/schema\/logo\/image\/","url":"https:\/\/www.wojoer.de\/wp-content\/uploads\/2016\/11\/wonnebergermanufaktur_logo_BUTTON.png","contentUrl":"https:\/\/www.wojoer.de\/wp-content\/uploads\/2016\/11\/wonnebergermanufaktur_logo_BUTTON.png","width":765,"height":765,"caption":"Wonneberger-Manufaktur"},"image":{"@id":"https:\/\/www.wojoer.de\/#\/schema\/logo\/image\/"},"sameAs":["https:\/\/www.facebook.com\/wojoer\/","https:\/\/de.pinterest.com\/W0J0ER\/"]}]}},"_links":{"self":[{"href":"https:\/\/www.wojoer.de\/en\/wp-json\/wp\/v2\/product\/22534","targetHints":{"allow":["GET"]}}],"collection":[{"href":"https:\/\/www.wojoer.de\/en\/wp-json\/wp\/v2\/product"}],"about":[{"href":"https:\/\/www.wojoer.de\/en\/wp-json\/wp\/v2\/types\/product"}],"replies":[{"embeddable":true,"href":"https:\/\/www.wojoer.de\/en\/wp-json\/wp\/v2\/comments?post=22534"}],"wp:featuredmedia":[{"embeddable":true,"href":"https:\/\/www.wojoer.de\/en\/wp-json\/wp\/v2\/media\/22453"}],"wp:attachment":[{"href":"https:\/\/www.wojoer.de\/en\/wp-json\/wp\/v2\/media?parent=22534"}],"wp:term":[{"taxonomy":"product_brand","embeddable":true,"href":"https:\/\/www.wojoer.de\/en\/wp-json\/wp\/v2\/product_brand?post=22534"},{"taxonomy":"product_cat","embeddable":true,"href":"https:\/\/www.wojoer.de\/en\/wp-json\/wp\/v2\/product_cat?post=22534"},{"taxonomy":"product_tag","embeddable":true,"href":"https:\/\/www.wojoer.de\/en\/wp-json\/wp\/v2\/product_tag?post=22534"}],"curies":[{"name":"wp","href":"https:\/\/api.w.org\/{rel}","templated":true}]}}