{"id":22540,"date":"2020-03-11T10:54:18","date_gmt":"2020-03-11T09:54:18","guid":{"rendered":"https:\/\/www.wojoer.de\/?post_type=product&#038;p=22540"},"modified":"2024-12-12T16:33:54","modified_gmt":"2024-12-12T15:33:54","slug":"wetjeans-female-brasil-ouverte-381f4-1","status":"publish","type":"product","link":"https:\/\/www.wojoer.de\/en\/produkt\/wetjeans-female-brasil-ouverte-381f4-1\/","title":{"rendered":"Wetjeans Damen Brasil Ouverte 381F4.2"},"content":{"rendered":"<div id=\"tw-target-text-container\" class=\"tw-ta-container hide-focus-ring tw-nfl\" tabindex=\"0\">\n<p id=\"tw-target-text\" class=\"tw-data-text tw-text-large XcVN5d tw-ta\" data-placeholder=\"\u00dcbersetzung\"><span lang=\"en\">Production on order, because the black wet jeans women Brasil 381F4.2 belongs in the category: Wojoer &#8220;LIVE products&#8221;! <\/span><\/p>\n<h3 class=\"tw-data-text tw-text-large XcVN5d tw-ta\" data-placeholder=\"\u00dcbersetzung\"><span lang=\"en\">Size<\/span><span lang=\"en\">s <\/span><\/h3>\n<p class=\"tw-data-text tw-text-large XcVN5d tw-ta\" data-placeholder=\"\u00dcbersetzung\"><span lang=\"en\">Available in sizes S, M, L, XL <\/span><\/p>\n<h3 class=\"tw-data-text tw-text-large XcVN5d tw-ta\" data-placeholder=\"\u00dcbersetzung\"><span lang=\"en\">Material composition <\/span><\/h3>\n<p class=\"tw-data-text tw-text-large XcVN5d tw-ta\" data-placeholder=\"\u00dcbersetzung\"><span lang=\"en\">92% polyester | 8% elastane <\/span><\/p>\n<h3 class=\"tw-data-text tw-text-large XcVN5d tw-ta\" data-placeholder=\"\u00dcbersetzung\"><span lang=\"en\">particularities <\/span><\/h3>\n<p class=\"tw-data-text tw-text-large XcVN5d tw-ta\" data-placeholder=\"\u00dcbersetzung\"><span lang=\"en\">LIVE product matt glossy, very stretchy material | super thin and light | Damen Brasil Ouverte | Wet look | red contrast stitching | high quality\u00a0 Made in Germany<\/span><\/p>\n<h3 class=\"tw-data-text tw-text-large XcVN5d tw-ta\" data-placeholder=\"\u00dcbersetzung\"><span lang=\"en\">wash instructions <\/span><\/h3>\n<p class=\"tw-data-text tw-text-large XcVN5d tw-ta\" data-placeholder=\"\u00dcbersetzung\"><span lang=\"en\">Hand wash<\/span><\/p>\n<h3 class=\"tw-data-text tw-text-large XcVN5d tw-ta\" data-placeholder=\"\u00dcbersetzung\"><span lang=\"en\">WETJEANS women Brasil Ouverte &#8211; shiny wetlook Brasil with opening Hard to believe! <\/span><\/h3>\n<p class=\"tw-data-text tw-text-large XcVN5d tw-ta\" data-placeholder=\"\u00dcbersetzung\"><span lang=\"en\">But this wet jeans Brasil is not like everyone else. This Brazil is simply cream because it shows everything you have without the slightest hint of understatement. What that means? With its arrogant feminine and sporty shape, it makes looking away impossible. This noble specimen sits perfectly and is wonderfully comfortable. The handle is a dream and in addition there is its irresistibly captivating matt gloss, which makes its material surface feel erotically smooth. The fabric is super thin and envelops you like a touch of nothing &#8211; pure eroticism! The red contrasting seams round off your look perfectly and let you shine in a cool, stimulating jeans look. So nothing stands in the way of your cool appearance in the club!<\/span><\/p>\n<p class=\"tw-data-text tw-text-large XcVN5d tw-ta\" data-placeholder=\"\u00dcbersetzung\"><span lang=\"en\">Click here for the <a href=\"https:\/\/www.wojoer.de\/groessentabelle\/\">size chart.<\/a><\/span><\/p>\n<\/div>\n<div id=\"tw-target-rmn-container\" class=\"tw-ta-container hide-focus-ring tw-nfl\">\n<pre id=\"tw-target-rmn\" class=\"tw-data-placeholder tw-text-small tw-ta\" data-placeholder=\"\"><\/pre>\n<\/div>\n","protected":false},"excerpt":{"rendered":"<p>Produktion auf Bestellung, denn das schwarze Wetjeans Damen Brasil 381F4.2 geh\u00f6rt in die Kategorie: Wojoer \u201eLIVE-Produkte\u201c!<br \/>\nGr\u00f6\u00dfen<br \/>\nErh\u00e4ltlich in den Gr\u00f6\u00dfen S, M, L, XL<br \/>\nMaterialzusammensetzung<br \/>\n92% Polyester | 8% Elasthan<br \/>\nBesonderheiten<br \/>\nLIVE Produkt | matt gl\u00e4nzendes, sehr dehnbares Material | super d\u00fcnn und leicht |\u2026<\/p>\n","protected":false},"featured_media":22442,"comment_status":"open","ping_status":"closed","template":"","meta":[],"product_brand":[],"product_cat":[702,836,114,471,195],"product_tag":[170,560,565,566,487,247],"class_list":{"0":"post-22540","1":"product","2":"type-product","3":"status-publish","4":"has-post-thumbnail","6":"product_cat-wet-jeans-ladies","7":"product_cat-wetjeans","8":"product_cat-fetisch","9":"product_cat-partnerlook","10":"product_cat-produktion-auf-bestellung-liveproduktion","11":"product_tag-brasil-slip","12":"product_tag-glaenzend","13":"product_tag-jeansoptik","14":"product_tag-kontrastnaehte","15":"product_tag-ouverte","16":"product_tag-wetlook","17":"product_shipping_class-beun","18":"pa_groesse-l","19":"pa_groesse-m","20":"pa_groesse-s","21":"pa_groesse-xl","22":"pif-has-gallery","23":"post-1","24":"odd","26":"first","27":"onbackorder","28":"taxable","29":"shipping-taxable","30":"purchasable","31":"product-type-variable"},"yoast_head":"<!-- This site is optimized with the Yoast SEO plugin v27.2 - https:\/\/yoast.com\/product\/yoast-seo-wordpress\/ -->\n<title>Wetjeans womens Brasil Ouverte | matt gloss | WOJOER<\/title>\n<meta name=\"description\" content=\"Black wet jeans women Brasil Ouverte. Particularly fine &amp; matt glossy in black with red contrast stitching. Gaudy tight. Comfortable fit, provocative\" \/>\n<meta name=\"robots\" content=\"index, follow, max-snippet:-1, max-image-preview:large, max-video-preview:-1\" \/>\n<link rel=\"canonical\" href=\"https:\/\/www.wojoer.de\/en\/produkt\/wetjeans-female-brasil-ouverte-381f4-1\/\" \/>\n<meta name=\"twitter:card\" content=\"summary_large_image\" \/>\n<meta name=\"twitter:title\" content=\"Wetjeans womens Brasil Ouverte | matt gloss | WOJOER\" \/>\n<meta name=\"twitter:description\" content=\"Black wet jeans women Brasil Ouverte. Particularly fine &amp; matt glossy in black with red contrast stitching. Gaudy tight. Comfortable fit, provocative\" \/>\n<meta name=\"twitter:image\" content=\"https:\/\/www.wojoer.de\/wp-content\/uploads\/2020\/03\/381F4_2_Wetjeans_Brasil_female_wojoer.jpg\" \/>\n<meta name=\"twitter:label1\" content=\"Estimated reading time\" \/>\n\t<meta name=\"twitter:data1\" content=\"2 minutes\" \/>\n<script type=\"application\/ld+json\" class=\"yoast-schema-graph\">{\"@context\":\"https:\/\/schema.org\",\"@graph\":[{\"@type\":\"WebPage\",\"@id\":\"https:\/\/www.wojoer.de\/produkt\/wetjeans-female-brasil-ouverte-381f4-1\/\",\"url\":\"https:\/\/www.wojoer.de\/produkt\/wetjeans-female-brasil-ouverte-381f4-1\/\",\"name\":\"Wetjeans womens Brasil Ouverte | matt gloss | WOJOER\",\"isPartOf\":{\"@id\":\"https:\/\/www.wojoer.de\/#website\"},\"primaryImageOfPage\":{\"@id\":\"https:\/\/www.wojoer.de\/produkt\/wetjeans-female-brasil-ouverte-381f4-1\/#primaryimage\"},\"image\":{\"@id\":\"https:\/\/www.wojoer.de\/produkt\/wetjeans-female-brasil-ouverte-381f4-1\/#primaryimage\"},\"thumbnailUrl\":\"https:\/\/www.wojoer.de\/wp-content\/uploads\/2020\/03\/381F4_2_Wetjeans_Brasil_female_wojoer.jpg\",\"datePublished\":\"2020-03-11T09:54:18+00:00\",\"dateModified\":\"2024-12-12T15:33:54+00:00\",\"description\":\"Black wet jeans women Brasil Ouverte. Particularly fine & matt glossy in black with red contrast stitching. Gaudy tight. Comfortable fit, provocative\",\"breadcrumb\":{\"@id\":\"https:\/\/www.wojoer.de\/produkt\/wetjeans-female-brasil-ouverte-381f4-1\/#breadcrumb\"},\"inLanguage\":\"en-GB\",\"potentialAction\":[{\"@type\":\"ReadAction\",\"target\":[\"https:\/\/www.wojoer.de\/produkt\/wetjeans-female-brasil-ouverte-381f4-1\/\"]}]},{\"@type\":\"ImageObject\",\"inLanguage\":\"en-GB\",\"@id\":\"https:\/\/www.wojoer.de\/produkt\/wetjeans-female-brasil-ouverte-381f4-1\/#primaryimage\",\"url\":\"https:\/\/www.wojoer.de\/wp-content\/uploads\/2020\/03\/381F4_2_Wetjeans_Brasil_female_wojoer.jpg\",\"contentUrl\":\"https:\/\/www.wojoer.de\/wp-content\/uploads\/2020\/03\/381F4_2_Wetjeans_Brasil_female_wojoer.jpg\",\"width\":1918,\"height\":1919},{\"@type\":\"BreadcrumbList\",\"@id\":\"https:\/\/www.wojoer.de\/produkt\/wetjeans-female-brasil-ouverte-381f4-1\/#breadcrumb\",\"itemListElement\":[{\"@type\":\"ListItem\",\"position\":1,\"name\":\"Startseite\",\"item\":\"https:\/\/www.wojoer.de\/\"},{\"@type\":\"ListItem\",\"position\":2,\"name\":\"SHOP\",\"item\":\"https:\/\/www.wojoer.de\/shop\/\"},{\"@type\":\"ListItem\",\"position\":3,\"name\":\"Wetjeans Damen Brasil Ouverte 381F4.2\"}]},{\"@type\":\"WebSite\",\"@id\":\"https:\/\/www.wojoer.de\/#website\",\"url\":\"https:\/\/www.wojoer.de\/\",\"name\":\"WOJOER\",\"description\":\"clubwear for men\",\"publisher\":{\"@id\":\"https:\/\/www.wojoer.de\/#organization\"},\"potentialAction\":[{\"@type\":\"SearchAction\",\"target\":{\"@type\":\"EntryPoint\",\"urlTemplate\":\"https:\/\/www.wojoer.de\/?s={search_term_string}\"},\"query-input\":{\"@type\":\"PropertyValueSpecification\",\"valueRequired\":true,\"valueName\":\"search_term_string\"}}],\"inLanguage\":\"en-GB\"},{\"@type\":\"Organization\",\"@id\":\"https:\/\/www.wojoer.de\/#organization\",\"name\":\"Wonneberger-Manufaktur\",\"url\":\"https:\/\/www.wojoer.de\/\",\"logo\":{\"@type\":\"ImageObject\",\"inLanguage\":\"en-GB\",\"@id\":\"https:\/\/www.wojoer.de\/#\/schema\/logo\/image\/\",\"url\":\"https:\/\/www.wojoer.de\/wp-content\/uploads\/2016\/11\/wonnebergermanufaktur_logo_BUTTON.png\",\"contentUrl\":\"https:\/\/www.wojoer.de\/wp-content\/uploads\/2016\/11\/wonnebergermanufaktur_logo_BUTTON.png\",\"width\":765,\"height\":765,\"caption\":\"Wonneberger-Manufaktur\"},\"image\":{\"@id\":\"https:\/\/www.wojoer.de\/#\/schema\/logo\/image\/\"},\"sameAs\":[\"https:\/\/www.facebook.com\/wojoer\/\",\"https:\/\/de.pinterest.com\/W0J0ER\/\"]}]}<\/script>\n<!-- \/ Yoast SEO plugin. -->","yoast_head_json":{"title":"Wetjeans womens Brasil Ouverte | matt gloss | WOJOER","description":"Black wet jeans women Brasil Ouverte. Particularly fine & matt glossy in black with red contrast stitching. Gaudy tight. Comfortable fit, provocative","robots":{"index":"index","follow":"follow","max-snippet":"max-snippet:-1","max-image-preview":"max-image-preview:large","max-video-preview":"max-video-preview:-1"},"canonical":"https:\/\/www.wojoer.de\/en\/produkt\/wetjeans-female-brasil-ouverte-381f4-1\/","twitter_card":"summary_large_image","twitter_title":"Wetjeans womens Brasil Ouverte | matt gloss | WOJOER","twitter_description":"Black wet jeans women Brasil Ouverte. Particularly fine & matt glossy in black with red contrast stitching. Gaudy tight. Comfortable fit, provocative","twitter_image":"https:\/\/www.wojoer.de\/wp-content\/uploads\/2020\/03\/381F4_2_Wetjeans_Brasil_female_wojoer.jpg","twitter_misc":{"Estimated reading time":"2 minutes"},"schema":{"@context":"https:\/\/schema.org","@graph":[{"@type":"WebPage","@id":"https:\/\/www.wojoer.de\/produkt\/wetjeans-female-brasil-ouverte-381f4-1\/","url":"https:\/\/www.wojoer.de\/produkt\/wetjeans-female-brasil-ouverte-381f4-1\/","name":"Wetjeans womens Brasil Ouverte | matt gloss | WOJOER","isPartOf":{"@id":"https:\/\/www.wojoer.de\/#website"},"primaryImageOfPage":{"@id":"https:\/\/www.wojoer.de\/produkt\/wetjeans-female-brasil-ouverte-381f4-1\/#primaryimage"},"image":{"@id":"https:\/\/www.wojoer.de\/produkt\/wetjeans-female-brasil-ouverte-381f4-1\/#primaryimage"},"thumbnailUrl":"https:\/\/www.wojoer.de\/wp-content\/uploads\/2020\/03\/381F4_2_Wetjeans_Brasil_female_wojoer.jpg","datePublished":"2020-03-11T09:54:18+00:00","dateModified":"2024-12-12T15:33:54+00:00","description":"Black wet jeans women Brasil Ouverte. Particularly fine & matt glossy in black with red contrast stitching. Gaudy tight. Comfortable fit, provocative","breadcrumb":{"@id":"https:\/\/www.wojoer.de\/produkt\/wetjeans-female-brasil-ouverte-381f4-1\/#breadcrumb"},"inLanguage":"en-GB","potentialAction":[{"@type":"ReadAction","target":["https:\/\/www.wojoer.de\/produkt\/wetjeans-female-brasil-ouverte-381f4-1\/"]}]},{"@type":"ImageObject","inLanguage":"en-GB","@id":"https:\/\/www.wojoer.de\/produkt\/wetjeans-female-brasil-ouverte-381f4-1\/#primaryimage","url":"https:\/\/www.wojoer.de\/wp-content\/uploads\/2020\/03\/381F4_2_Wetjeans_Brasil_female_wojoer.jpg","contentUrl":"https:\/\/www.wojoer.de\/wp-content\/uploads\/2020\/03\/381F4_2_Wetjeans_Brasil_female_wojoer.jpg","width":1918,"height":1919},{"@type":"BreadcrumbList","@id":"https:\/\/www.wojoer.de\/produkt\/wetjeans-female-brasil-ouverte-381f4-1\/#breadcrumb","itemListElement":[{"@type":"ListItem","position":1,"name":"Startseite","item":"https:\/\/www.wojoer.de\/"},{"@type":"ListItem","position":2,"name":"SHOP","item":"https:\/\/www.wojoer.de\/shop\/"},{"@type":"ListItem","position":3,"name":"Wetjeans Damen Brasil Ouverte 381F4.2"}]},{"@type":"WebSite","@id":"https:\/\/www.wojoer.de\/#website","url":"https:\/\/www.wojoer.de\/","name":"WOJOER","description":"clubwear for men","publisher":{"@id":"https:\/\/www.wojoer.de\/#organization"},"potentialAction":[{"@type":"SearchAction","target":{"@type":"EntryPoint","urlTemplate":"https:\/\/www.wojoer.de\/?s={search_term_string}"},"query-input":{"@type":"PropertyValueSpecification","valueRequired":true,"valueName":"search_term_string"}}],"inLanguage":"en-GB"},{"@type":"Organization","@id":"https:\/\/www.wojoer.de\/#organization","name":"Wonneberger-Manufaktur","url":"https:\/\/www.wojoer.de\/","logo":{"@type":"ImageObject","inLanguage":"en-GB","@id":"https:\/\/www.wojoer.de\/#\/schema\/logo\/image\/","url":"https:\/\/www.wojoer.de\/wp-content\/uploads\/2016\/11\/wonnebergermanufaktur_logo_BUTTON.png","contentUrl":"https:\/\/www.wojoer.de\/wp-content\/uploads\/2016\/11\/wonnebergermanufaktur_logo_BUTTON.png","width":765,"height":765,"caption":"Wonneberger-Manufaktur"},"image":{"@id":"https:\/\/www.wojoer.de\/#\/schema\/logo\/image\/"},"sameAs":["https:\/\/www.facebook.com\/wojoer\/","https:\/\/de.pinterest.com\/W0J0ER\/"]}]}},"_links":{"self":[{"href":"https:\/\/www.wojoer.de\/en\/wp-json\/wp\/v2\/product\/22540","targetHints":{"allow":["GET"]}}],"collection":[{"href":"https:\/\/www.wojoer.de\/en\/wp-json\/wp\/v2\/product"}],"about":[{"href":"https:\/\/www.wojoer.de\/en\/wp-json\/wp\/v2\/types\/product"}],"replies":[{"embeddable":true,"href":"https:\/\/www.wojoer.de\/en\/wp-json\/wp\/v2\/comments?post=22540"}],"wp:featuredmedia":[{"embeddable":true,"href":"https:\/\/www.wojoer.de\/en\/wp-json\/wp\/v2\/media\/22442"}],"wp:attachment":[{"href":"https:\/\/www.wojoer.de\/en\/wp-json\/wp\/v2\/media?parent=22540"}],"wp:term":[{"taxonomy":"product_brand","embeddable":true,"href":"https:\/\/www.wojoer.de\/en\/wp-json\/wp\/v2\/product_brand?post=22540"},{"taxonomy":"product_cat","embeddable":true,"href":"https:\/\/www.wojoer.de\/en\/wp-json\/wp\/v2\/product_cat?post=22540"},{"taxonomy":"product_tag","embeddable":true,"href":"https:\/\/www.wojoer.de\/en\/wp-json\/wp\/v2\/product_tag?post=22540"}],"curies":[{"name":"wp","href":"https:\/\/api.w.org\/{rel}","templated":true}]}}