{"id":22545,"date":"2020-03-11T11:39:53","date_gmt":"2020-03-11T10:39:53","guid":{"rendered":"https:\/\/www.wojoer.de\/?post_type=product&#038;p=22545"},"modified":"2026-03-04T09:24:51","modified_gmt":"2026-03-04T08:24:51","slug":"wetjeans-damen-leggings-381f50","status":"publish","type":"product","link":"https:\/\/www.wojoer.de\/en\/produkt\/wetjeans-damen-leggings-381f50\/","title":{"rendered":"Wetjeans Damen Leggings 381F50"},"content":{"rendered":"<p>Live production, because the WetJeans Womens Leggings 381F50 in Wetlook will be produced just for you on demand.<\/p>\n<p><strong>Sizes<\/strong><\/p>\n<p>Available in Sizes S, M, L, XL<\/p>\n<p><strong>Material composition<\/strong><\/p>\n<p>Wetlook: 93% Polyamid, 7% Elasthan<\/p>\n<p><strong>Particularities<\/strong><\/p>\n<p><a href=\"http:\/\/www.wojoer.de\/?s=live&#038;post_type=product\">LIVE product<\/a> |\u00a0 perfect super elastic clubwear | gloss-finish | deep black | airy | quickly drying| skinny and comfortable | Basics | high quality\u00a0 &#8220;Made in Germany&#8221;<\/p>\n<p><strong>Washing instruction<\/strong><\/p>\n<p>Handwash up to 30\u00b0 and no conditioner<\/p>\n<p><strong>BLACK WOMENs WETLOOK LEGGINGS -Glossy leggings for Ladies or Unisex<br \/>\n<\/strong><\/p>\n<p>As hot, soft and glossy as possible! This clubwear Leggings is the perfect basic with a hot, attracting detail, which wants to be discovered. This is a tiny red seam following your perfect curves. Let your partner or your most wanted stranger follow the red seam straight along your body to reach release! You have to be close you will be touched gently till you tier down all clothes to be animalistic! Let your self be flashed by this thin material and feel nearly naked and watched! Wetjeans will be your most loved outfit from the first day on!<\/p>\n<p><a href=\"http:\/\/www.wojoer.de\/groessentabelle\/\">sizechart<\/a><\/p>\n","protected":false},"excerpt":{"rendered":"<p>Produktion auf Bestellung, denn das schwarze Wetjeans Damen Leggings 381F50 geh\u00f6rt in die Kategorie: Wojoer \u201eLIVE-Produkte\u201c!<br \/>\nGr\u00f6\u00dfen<br \/>\nErh\u00e4ltlich in den Gr\u00f6\u00dfen S, M, L, XL<br \/>\nMaterialzusammensetzung<br \/>\n92% Polyester | 8% Elasthan<br \/>\nBesonderheiten<br \/>\nLIVE Produkt | matt gl\u00e4nzendes, sehr dehnbares Material | super d\u00fcnn und leicht |\u2026<\/p>\n","protected":false},"featured_media":22499,"comment_status":"open","ping_status":"closed","template":"","meta":[],"product_brand":[],"product_cat":[702,836,471,195],"product_tag":[560,565,566,244,247],"class_list":{"0":"post-22545","1":"product","2":"type-product","3":"status-publish","4":"has-post-thumbnail","6":"product_cat-wet-jeans-ladies","7":"product_cat-wetjeans","8":"product_cat-partnerlook","9":"product_cat-produktion-auf-bestellung-liveproduktion","10":"product_tag-glaenzend","11":"product_tag-jeansoptik","12":"product_tag-kontrastnaehte","13":"product_tag-leggings","14":"product_tag-wetlook","15":"product_shipping_class-beun","16":"pa_groesse-l","17":"pa_groesse-m","18":"pa_groesse-s","19":"pa_groesse-xl","20":"pa_groesse-xxl","21":"pa_groesse-xxxl","22":"pif-has-gallery","23":"post-1","24":"odd","26":"first","27":"instock","28":"taxable","29":"shipping-taxable","30":"purchasable","31":"product-type-variable"},"yoast_head":"<!-- This site is optimized with the Yoast SEO plugin v27.2 - https:\/\/yoast.com\/product\/yoast-seo-wordpress\/ -->\n<title>wetlook | Wetjeans womens Leggings | black | glossy | wojoer<\/title>\n<meta name=\"description\" content=\"Wetlook leggings - perfect clubwear basic. Glossy black basic womens Wetjeans. So soft, strechy, cooling and breatheble! Order now, free shipping within Germany. High Quality made in Germany!\" \/>\n<meta name=\"robots\" content=\"index, follow, max-snippet:-1, max-image-preview:large, max-video-preview:-1\" \/>\n<link rel=\"canonical\" href=\"https:\/\/www.wojoer.de\/en\/produkt\/wetjeans-damen-leggings-381f50\/\" \/>\n<meta name=\"twitter:card\" content=\"summary_large_image\" \/>\n<meta name=\"twitter:title\" content=\"wetlook | Wetjeans womens Leggings | black | glossy | wojoer\" \/>\n<meta name=\"twitter:description\" content=\"Wetlook leggings - perfect clubwear basic. Glossy black basic womens Wetjeans. So soft, strechy, cooling and breatheble! Order now, free shipping within Germany. High Quality made in Germany!\" \/>\n<meta name=\"twitter:image\" content=\"https:\/\/www.wojoer.de\/wp-content\/uploads\/2020\/03\/381F50_F104B_Wetjeans_Leggings_Top_female_wojoer.jpg\" \/>\n<meta name=\"twitter:label1\" content=\"Estimated reading time\" \/>\n\t<meta name=\"twitter:data1\" content=\"2 minutes\" \/>\n<script type=\"application\/ld+json\" class=\"yoast-schema-graph\">{\"@context\":\"https:\/\/schema.org\",\"@graph\":[{\"@type\":\"WebPage\",\"@id\":\"https:\/\/www.wojoer.de\/produkt\/wetjeans-damen-leggings-381f50\/\",\"url\":\"https:\/\/www.wojoer.de\/produkt\/wetjeans-damen-leggings-381f50\/\",\"name\":\"wetlook | Wetjeans womens Leggings | black | glossy | wojoer\",\"isPartOf\":{\"@id\":\"https:\/\/www.wojoer.de\/#website\"},\"primaryImageOfPage\":{\"@id\":\"https:\/\/www.wojoer.de\/produkt\/wetjeans-damen-leggings-381f50\/#primaryimage\"},\"image\":{\"@id\":\"https:\/\/www.wojoer.de\/produkt\/wetjeans-damen-leggings-381f50\/#primaryimage\"},\"thumbnailUrl\":\"https:\/\/www.wojoer.de\/wp-content\/uploads\/2020\/03\/381F50_F104B_Wetjeans_Leggings_Top_female_wojoer.jpg\",\"datePublished\":\"2020-03-11T10:39:53+00:00\",\"dateModified\":\"2026-03-04T08:24:51+00:00\",\"description\":\"Wetlook leggings - perfect clubwear basic. Glossy black basic womens Wetjeans. So soft, strechy, cooling and breatheble! Order now, free shipping within Germany. High Quality made in Germany!\",\"breadcrumb\":{\"@id\":\"https:\/\/www.wojoer.de\/produkt\/wetjeans-damen-leggings-381f50\/#breadcrumb\"},\"inLanguage\":\"en-GB\",\"potentialAction\":[{\"@type\":\"ReadAction\",\"target\":[\"https:\/\/www.wojoer.de\/produkt\/wetjeans-damen-leggings-381f50\/\"]}]},{\"@type\":\"ImageObject\",\"inLanguage\":\"en-GB\",\"@id\":\"https:\/\/www.wojoer.de\/produkt\/wetjeans-damen-leggings-381f50\/#primaryimage\",\"url\":\"https:\/\/www.wojoer.de\/wp-content\/uploads\/2020\/03\/381F50_F104B_Wetjeans_Leggings_Top_female_wojoer.jpg\",\"contentUrl\":\"https:\/\/www.wojoer.de\/wp-content\/uploads\/2020\/03\/381F50_F104B_Wetjeans_Leggings_Top_female_wojoer.jpg\",\"width\":2002,\"height\":2002},{\"@type\":\"BreadcrumbList\",\"@id\":\"https:\/\/www.wojoer.de\/produkt\/wetjeans-damen-leggings-381f50\/#breadcrumb\",\"itemListElement\":[{\"@type\":\"ListItem\",\"position\":1,\"name\":\"Startseite\",\"item\":\"https:\/\/www.wojoer.de\/\"},{\"@type\":\"ListItem\",\"position\":2,\"name\":\"SHOP\",\"item\":\"https:\/\/www.wojoer.de\/shop\/\"},{\"@type\":\"ListItem\",\"position\":3,\"name\":\"Wetjeans Damen Leggings 381F50\"}]},{\"@type\":\"WebSite\",\"@id\":\"https:\/\/www.wojoer.de\/#website\",\"url\":\"https:\/\/www.wojoer.de\/\",\"name\":\"WOJOER\",\"description\":\"clubwear for men\",\"publisher\":{\"@id\":\"https:\/\/www.wojoer.de\/#organization\"},\"potentialAction\":[{\"@type\":\"SearchAction\",\"target\":{\"@type\":\"EntryPoint\",\"urlTemplate\":\"https:\/\/www.wojoer.de\/?s={search_term_string}\"},\"query-input\":{\"@type\":\"PropertyValueSpecification\",\"valueRequired\":true,\"valueName\":\"search_term_string\"}}],\"inLanguage\":\"en-GB\"},{\"@type\":\"Organization\",\"@id\":\"https:\/\/www.wojoer.de\/#organization\",\"name\":\"Wonneberger-Manufaktur\",\"url\":\"https:\/\/www.wojoer.de\/\",\"logo\":{\"@type\":\"ImageObject\",\"inLanguage\":\"en-GB\",\"@id\":\"https:\/\/www.wojoer.de\/#\/schema\/logo\/image\/\",\"url\":\"https:\/\/www.wojoer.de\/wp-content\/uploads\/2016\/11\/wonnebergermanufaktur_logo_BUTTON.png\",\"contentUrl\":\"https:\/\/www.wojoer.de\/wp-content\/uploads\/2016\/11\/wonnebergermanufaktur_logo_BUTTON.png\",\"width\":765,\"height\":765,\"caption\":\"Wonneberger-Manufaktur\"},\"image\":{\"@id\":\"https:\/\/www.wojoer.de\/#\/schema\/logo\/image\/\"},\"sameAs\":[\"https:\/\/www.facebook.com\/wojoer\/\",\"https:\/\/de.pinterest.com\/W0J0ER\/\"]}]}<\/script>\n<!-- \/ Yoast SEO plugin. -->","yoast_head_json":{"title":"wetlook | Wetjeans womens Leggings | black | glossy | wojoer","description":"Wetlook leggings - perfect clubwear basic. Glossy black basic womens Wetjeans. So soft, strechy, cooling and breatheble! Order now, free shipping within Germany. High Quality made in Germany!","robots":{"index":"index","follow":"follow","max-snippet":"max-snippet:-1","max-image-preview":"max-image-preview:large","max-video-preview":"max-video-preview:-1"},"canonical":"https:\/\/www.wojoer.de\/en\/produkt\/wetjeans-damen-leggings-381f50\/","twitter_card":"summary_large_image","twitter_title":"[:de]Wetjeans Damen Leggings | matter glanz | WOJOER[:en]wetlook | Wetjeans womens Leggings | black | glossy | wojoer[:]","twitter_description":"[:de]Schwarze Wetjeans Damen Leggings. Besonders fein & matt gl\u00e4nzend in Schwarz mit roten Kontrastn\u00e4hten. Knallig eng. Bequeme Passform, aufreizend[:en]Wetlook leggings - perfect clubwear basic. Glossy black basic womens Wetjeans. So soft, strechy, cooling and breatheble! Order now, free shipping within Germany. High Quality made in Germany![:]","twitter_image":"https:\/\/www.wojoer.de\/wp-content\/uploads\/2020\/03\/381F50_F104B_Wetjeans_Leggings_Top_female_wojoer.jpg","twitter_misc":{"Estimated reading time":"2 minutes"},"schema":{"@context":"https:\/\/schema.org","@graph":[{"@type":"WebPage","@id":"https:\/\/www.wojoer.de\/produkt\/wetjeans-damen-leggings-381f50\/","url":"https:\/\/www.wojoer.de\/produkt\/wetjeans-damen-leggings-381f50\/","name":"wetlook | Wetjeans womens Leggings | black | glossy | wojoer","isPartOf":{"@id":"https:\/\/www.wojoer.de\/#website"},"primaryImageOfPage":{"@id":"https:\/\/www.wojoer.de\/produkt\/wetjeans-damen-leggings-381f50\/#primaryimage"},"image":{"@id":"https:\/\/www.wojoer.de\/produkt\/wetjeans-damen-leggings-381f50\/#primaryimage"},"thumbnailUrl":"https:\/\/www.wojoer.de\/wp-content\/uploads\/2020\/03\/381F50_F104B_Wetjeans_Leggings_Top_female_wojoer.jpg","datePublished":"2020-03-11T10:39:53+00:00","dateModified":"2026-03-04T08:24:51+00:00","description":"Wetlook leggings - perfect clubwear basic. Glossy black basic womens Wetjeans. So soft, strechy, cooling and breatheble! Order now, free shipping within Germany. High Quality made in Germany!","breadcrumb":{"@id":"https:\/\/www.wojoer.de\/produkt\/wetjeans-damen-leggings-381f50\/#breadcrumb"},"inLanguage":"en-GB","potentialAction":[{"@type":"ReadAction","target":["https:\/\/www.wojoer.de\/produkt\/wetjeans-damen-leggings-381f50\/"]}]},{"@type":"ImageObject","inLanguage":"en-GB","@id":"https:\/\/www.wojoer.de\/produkt\/wetjeans-damen-leggings-381f50\/#primaryimage","url":"https:\/\/www.wojoer.de\/wp-content\/uploads\/2020\/03\/381F50_F104B_Wetjeans_Leggings_Top_female_wojoer.jpg","contentUrl":"https:\/\/www.wojoer.de\/wp-content\/uploads\/2020\/03\/381F50_F104B_Wetjeans_Leggings_Top_female_wojoer.jpg","width":2002,"height":2002},{"@type":"BreadcrumbList","@id":"https:\/\/www.wojoer.de\/produkt\/wetjeans-damen-leggings-381f50\/#breadcrumb","itemListElement":[{"@type":"ListItem","position":1,"name":"Startseite","item":"https:\/\/www.wojoer.de\/"},{"@type":"ListItem","position":2,"name":"SHOP","item":"https:\/\/www.wojoer.de\/shop\/"},{"@type":"ListItem","position":3,"name":"Wetjeans Damen Leggings 381F50"}]},{"@type":"WebSite","@id":"https:\/\/www.wojoer.de\/#website","url":"https:\/\/www.wojoer.de\/","name":"WOJOER","description":"clubwear for men","publisher":{"@id":"https:\/\/www.wojoer.de\/#organization"},"potentialAction":[{"@type":"SearchAction","target":{"@type":"EntryPoint","urlTemplate":"https:\/\/www.wojoer.de\/?s={search_term_string}"},"query-input":{"@type":"PropertyValueSpecification","valueRequired":true,"valueName":"search_term_string"}}],"inLanguage":"en-GB"},{"@type":"Organization","@id":"https:\/\/www.wojoer.de\/#organization","name":"Wonneberger-Manufaktur","url":"https:\/\/www.wojoer.de\/","logo":{"@type":"ImageObject","inLanguage":"en-GB","@id":"https:\/\/www.wojoer.de\/#\/schema\/logo\/image\/","url":"https:\/\/www.wojoer.de\/wp-content\/uploads\/2016\/11\/wonnebergermanufaktur_logo_BUTTON.png","contentUrl":"https:\/\/www.wojoer.de\/wp-content\/uploads\/2016\/11\/wonnebergermanufaktur_logo_BUTTON.png","width":765,"height":765,"caption":"Wonneberger-Manufaktur"},"image":{"@id":"https:\/\/www.wojoer.de\/#\/schema\/logo\/image\/"},"sameAs":["https:\/\/www.facebook.com\/wojoer\/","https:\/\/de.pinterest.com\/W0J0ER\/"]}]}},"_links":{"self":[{"href":"https:\/\/www.wojoer.de\/en\/wp-json\/wp\/v2\/product\/22545","targetHints":{"allow":["GET"]}}],"collection":[{"href":"https:\/\/www.wojoer.de\/en\/wp-json\/wp\/v2\/product"}],"about":[{"href":"https:\/\/www.wojoer.de\/en\/wp-json\/wp\/v2\/types\/product"}],"replies":[{"embeddable":true,"href":"https:\/\/www.wojoer.de\/en\/wp-json\/wp\/v2\/comments?post=22545"}],"wp:featuredmedia":[{"embeddable":true,"href":"https:\/\/www.wojoer.de\/en\/wp-json\/wp\/v2\/media\/22499"}],"wp:attachment":[{"href":"https:\/\/www.wojoer.de\/en\/wp-json\/wp\/v2\/media?parent=22545"}],"wp:term":[{"taxonomy":"product_brand","embeddable":true,"href":"https:\/\/www.wojoer.de\/en\/wp-json\/wp\/v2\/product_brand?post=22545"},{"taxonomy":"product_cat","embeddable":true,"href":"https:\/\/www.wojoer.de\/en\/wp-json\/wp\/v2\/product_cat?post=22545"},{"taxonomy":"product_tag","embeddable":true,"href":"https:\/\/www.wojoer.de\/en\/wp-json\/wp\/v2\/product_tag?post=22545"}],"curies":[{"name":"wp","href":"https:\/\/api.w.org\/{rel}","templated":true}]}}