{"id":23195,"date":"2021-03-17T13:01:04","date_gmt":"2021-03-17T12:01:04","guid":{"rendered":"https:\/\/www.wojoer.de\/?post_type=product&#038;p=23195"},"modified":"2025-11-25T09:28:22","modified_gmt":"2025-11-25T08:28:22","slug":"rainbowreptile-leggings-398w601","status":"publish","type":"product","link":"https:\/\/www.wojoer.de\/en\/produkt\/rainbowreptile-leggings-398w601\/","title":{"rendered":"398W601 rainbowReptile Leggings"},"content":{"rendered":"<p>Produktion auf Bestellung, denn der bunte Rainbow Reptile Leggings 398W601 geh\u00f6rt in die Kategorie: Wojoer &#8220;LIVE-Produkte&#8221;!<\/p>\n<p>Knallbunte Rainbow Reptile Leggings 398W601 aus foliertem Microstoff.<\/p>\n<h3>Gr\u00f6\u00dfen<\/h3>\n<p>S | M | L | XL<\/p>\n<h3>Materialzusammensetzung<\/h3>\n<p>folierter Microstoff: 95% Polyester | 5% Elasthan<\/p>\n<h3>Besonderheiten<\/h3>\n<p><a href=\"http:\/\/www.wojoer.de\/?s=live&#038;post_type=product\">Live-Production<\/a> | foliertes Micro |Reptilienmuster | angenehme Passform\u00a0 Regenbogenfarben | gl\u00e4nzend | hochwertige Verarbeitung \u201eMade in Germany\u201c<\/p>\n<h3>Benutzerhinweise<\/h3>\n<p>Handw\u00e4sche, keine Weichsp\u00fchler, kein Trockner<\/p>\n<h3>RAINBOW REPTIL Leggings \u2013 fancy Glanz Leggings<\/h3>\n<p>Regenbogen und Reptile zugleich. Kannst du dir etwas besseres vorstellen? Du wirst jeden in deiner Umgebung in deinen Bann ziehen, ganz egal, ob er will oder nicht, du wirkst wie eine Droge! Gut, dass der Stoff so super atmungsaktiv ist, dank des feines Micro-Materiales. Aber das ist l\u00e4ngt nicht alles, denn der geschmeidig glatte Stoff schmiegt sich sanft um deine Haut und entf\u00fchrt dich mindestens auf Wolke 7. Ob es wohl noch h\u00f6her geht? Probiere es am besten gleich aus, denn \u201eYou\u2019re a Rainbow\u2026uhhuhhhuhhh\u201c.<\/p>\n","protected":false},"excerpt":{"rendered":"<p>Produktion auf Bestellung, denn der bunte Rainbow Reptile Leggings 398W601 geh\u00f6rt in die Kategorie: Wojoer &#8220;LIVE-Produkte&#8221;!<\/p>\n<p>Knallbunte Rainbow Reptile Leggings 398W601 aus foliertem Microstoff.<br \/>\nGr\u00f6\u00dfen<br \/>\nS | M | L | XL<br \/>\nMaterialzusammensetzung<br \/>\nfolierter Microstoff: 95% Polyester | 5% Elasthan<br \/>\nBesonderheiten<br \/>\nLive-Production | foliertes Micro |Reptilienmuster |\u2026<\/p>\n","protected":false},"featured_media":23228,"comment_status":"open","ping_status":"closed","template":"","meta":[],"product_brand":[],"product_cat":[852,116,473,195,326],"product_tag":[1133,560,362,567,244],"class_list":{"0":"post-23195","1":"product","2":"type-product","3":"status-publish","4":"has-post-thumbnail","6":"product_cat-rainbow-reptile","7":"product_cat-clubwear","8":"product_cat-men","9":"product_cat-produktion-auf-bestellung-liveproduktion","10":"product_cat-wojoer","11":"product_tag-blackfriday","12":"product_tag-glaenzend","13":"product_tag-holographic","14":"product_tag-hose","15":"product_tag-leggings","16":"product_shipping_class-leggings-shirts-bodies","17":"pa_groesse-l","18":"pa_groesse-m","19":"pa_groesse-s","20":"pa_groesse-xl","21":"pif-has-gallery","22":"post-1","23":"odd","25":"first","26":"onbackorder","27":"sold-individually","28":"taxable","29":"shipping-taxable","30":"purchasable","31":"product-type-variable"},"yoast_head":"<!-- This site is optimized with the Yoast SEO plugin v27.2 - https:\/\/yoast.com\/product\/yoast-seo-wordpress\/ -->\n<title>RainbowReptile-Leggings-398W601-gl\u00e4nzend-fancy-bunt<\/title>\n<meta name=\"description\" content=\"Rainbow Reptil Leggings ist so bunt wie der Regenbogen und so verf\u00fchrerisch gl\u00e4nzend! Jetzt versandkostenfrei innerhalb deutschland online bestellen.\" \/>\n<meta name=\"robots\" content=\"index, follow, max-snippet:-1, max-image-preview:large, max-video-preview:-1\" \/>\n<link rel=\"canonical\" href=\"https:\/\/www.wojoer.de\/en\/produkt\/rainbowreptile-leggings-398w601\/\" \/>\n<meta name=\"twitter:card\" content=\"summary_large_image\" \/>\n<meta name=\"twitter:title\" content=\"RainbowReptile-Leggings-398W601-gl\u00e4nzend-fancy-bunt\" \/>\n<meta name=\"twitter:description\" content=\"Rainbow Reptil Leggings ist so bunt wie der Regenbogen und so verf\u00fchrerisch gl\u00e4nzend! Jetzt versandkostenfrei innerhalb deutschland online bestellen.\" \/>\n<meta name=\"twitter:image\" content=\"https:\/\/www.wojoer.de\/wp-content\/uploads\/2020\/03\/398W601_rainbowReptile_leggings_wojoer.jpg\" \/>\n<meta name=\"twitter:label1\" content=\"Estimated reading time\" \/>\n\t<meta name=\"twitter:data1\" content=\"2 minutes\" \/>\n<script type=\"application\/ld+json\" class=\"yoast-schema-graph\">{\"@context\":\"https:\/\/schema.org\",\"@graph\":[{\"@type\":\"WebPage\",\"@id\":\"https:\/\/www.wojoer.de\/produkt\/rainbowreptile-leggings-398w601\/\",\"url\":\"https:\/\/www.wojoer.de\/produkt\/rainbowreptile-leggings-398w601\/\",\"name\":\"RainbowReptile-Leggings-398W601-gl\u00e4nzend-fancy-bunt\",\"isPartOf\":{\"@id\":\"https:\/\/www.wojoer.de\/#website\"},\"primaryImageOfPage\":{\"@id\":\"https:\/\/www.wojoer.de\/produkt\/rainbowreptile-leggings-398w601\/#primaryimage\"},\"image\":{\"@id\":\"https:\/\/www.wojoer.de\/produkt\/rainbowreptile-leggings-398w601\/#primaryimage\"},\"thumbnailUrl\":\"https:\/\/www.wojoer.de\/wp-content\/uploads\/2020\/03\/398W601_rainbowReptile_leggings_wojoer.jpg\",\"datePublished\":\"2021-03-17T12:01:04+00:00\",\"dateModified\":\"2025-11-25T08:28:22+00:00\",\"description\":\"Rainbow Reptil Leggings ist so bunt wie der Regenbogen und so verf\u00fchrerisch gl\u00e4nzend! Jetzt versandkostenfrei innerhalb deutschland online bestellen.\",\"breadcrumb\":{\"@id\":\"https:\/\/www.wojoer.de\/produkt\/rainbowreptile-leggings-398w601\/#breadcrumb\"},\"inLanguage\":\"en-GB\",\"potentialAction\":[{\"@type\":\"ReadAction\",\"target\":[\"https:\/\/www.wojoer.de\/produkt\/rainbowreptile-leggings-398w601\/\"]}]},{\"@type\":\"ImageObject\",\"inLanguage\":\"en-GB\",\"@id\":\"https:\/\/www.wojoer.de\/produkt\/rainbowreptile-leggings-398w601\/#primaryimage\",\"url\":\"https:\/\/www.wojoer.de\/wp-content\/uploads\/2020\/03\/398W601_rainbowReptile_leggings_wojoer.jpg\",\"contentUrl\":\"https:\/\/www.wojoer.de\/wp-content\/uploads\/2020\/03\/398W601_rainbowReptile_leggings_wojoer.jpg\",\"width\":2002,\"height\":2002},{\"@type\":\"BreadcrumbList\",\"@id\":\"https:\/\/www.wojoer.de\/produkt\/rainbowreptile-leggings-398w601\/#breadcrumb\",\"itemListElement\":[{\"@type\":\"ListItem\",\"position\":1,\"name\":\"Startseite\",\"item\":\"https:\/\/www.wojoer.de\/\"},{\"@type\":\"ListItem\",\"position\":2,\"name\":\"SHOP\",\"item\":\"https:\/\/www.wojoer.de\/shop\/\"},{\"@type\":\"ListItem\",\"position\":3,\"name\":\"398W601 rainbowReptile Leggings\"}]},{\"@type\":\"WebSite\",\"@id\":\"https:\/\/www.wojoer.de\/#website\",\"url\":\"https:\/\/www.wojoer.de\/\",\"name\":\"WOJOER\",\"description\":\"clubwear for men\",\"publisher\":{\"@id\":\"https:\/\/www.wojoer.de\/#organization\"},\"potentialAction\":[{\"@type\":\"SearchAction\",\"target\":{\"@type\":\"EntryPoint\",\"urlTemplate\":\"https:\/\/www.wojoer.de\/?s={search_term_string}\"},\"query-input\":{\"@type\":\"PropertyValueSpecification\",\"valueRequired\":true,\"valueName\":\"search_term_string\"}}],\"inLanguage\":\"en-GB\"},{\"@type\":\"Organization\",\"@id\":\"https:\/\/www.wojoer.de\/#organization\",\"name\":\"Wonneberger-Manufaktur\",\"url\":\"https:\/\/www.wojoer.de\/\",\"logo\":{\"@type\":\"ImageObject\",\"inLanguage\":\"en-GB\",\"@id\":\"https:\/\/www.wojoer.de\/#\/schema\/logo\/image\/\",\"url\":\"https:\/\/www.wojoer.de\/wp-content\/uploads\/2016\/11\/wonnebergermanufaktur_logo_BUTTON.png\",\"contentUrl\":\"https:\/\/www.wojoer.de\/wp-content\/uploads\/2016\/11\/wonnebergermanufaktur_logo_BUTTON.png\",\"width\":765,\"height\":765,\"caption\":\"Wonneberger-Manufaktur\"},\"image\":{\"@id\":\"https:\/\/www.wojoer.de\/#\/schema\/logo\/image\/\"},\"sameAs\":[\"https:\/\/www.facebook.com\/wojoer\/\",\"https:\/\/de.pinterest.com\/W0J0ER\/\"]}]}<\/script>\n<!-- \/ Yoast SEO plugin. -->","yoast_head_json":{"title":"RainbowReptile-Leggings-398W601-gl\u00e4nzend-fancy-bunt","description":"Rainbow Reptil Leggings ist so bunt wie der Regenbogen und so verf\u00fchrerisch gl\u00e4nzend! Jetzt versandkostenfrei innerhalb deutschland online bestellen.","robots":{"index":"index","follow":"follow","max-snippet":"max-snippet:-1","max-image-preview":"max-image-preview:large","max-video-preview":"max-video-preview:-1"},"canonical":"https:\/\/www.wojoer.de\/en\/produkt\/rainbowreptile-leggings-398w601\/","twitter_card":"summary_large_image","twitter_title":"[:de]RainbowReptile-Leggings-398W601-gl\u00e4nzend-fancy-bunt[:]","twitter_description":"[:de]Rainbow Reptil Leggings ist so bunt wie der Regenbogen und so verf\u00fchrerisch gl\u00e4nzend! Jetzt versandkostenfrei innerhalb deutschland online bestellen.[:]","twitter_image":"https:\/\/www.wojoer.de\/wp-content\/uploads\/2020\/03\/398W601_rainbowReptile_leggings_wojoer.jpg","twitter_misc":{"Estimated reading time":"2 minutes"},"schema":{"@context":"https:\/\/schema.org","@graph":[{"@type":"WebPage","@id":"https:\/\/www.wojoer.de\/produkt\/rainbowreptile-leggings-398w601\/","url":"https:\/\/www.wojoer.de\/produkt\/rainbowreptile-leggings-398w601\/","name":"RainbowReptile-Leggings-398W601-gl\u00e4nzend-fancy-bunt","isPartOf":{"@id":"https:\/\/www.wojoer.de\/#website"},"primaryImageOfPage":{"@id":"https:\/\/www.wojoer.de\/produkt\/rainbowreptile-leggings-398w601\/#primaryimage"},"image":{"@id":"https:\/\/www.wojoer.de\/produkt\/rainbowreptile-leggings-398w601\/#primaryimage"},"thumbnailUrl":"https:\/\/www.wojoer.de\/wp-content\/uploads\/2020\/03\/398W601_rainbowReptile_leggings_wojoer.jpg","datePublished":"2021-03-17T12:01:04+00:00","dateModified":"2025-11-25T08:28:22+00:00","description":"Rainbow Reptil Leggings ist so bunt wie der Regenbogen und so verf\u00fchrerisch gl\u00e4nzend! Jetzt versandkostenfrei innerhalb deutschland online bestellen.","breadcrumb":{"@id":"https:\/\/www.wojoer.de\/produkt\/rainbowreptile-leggings-398w601\/#breadcrumb"},"inLanguage":"en-GB","potentialAction":[{"@type":"ReadAction","target":["https:\/\/www.wojoer.de\/produkt\/rainbowreptile-leggings-398w601\/"]}]},{"@type":"ImageObject","inLanguage":"en-GB","@id":"https:\/\/www.wojoer.de\/produkt\/rainbowreptile-leggings-398w601\/#primaryimage","url":"https:\/\/www.wojoer.de\/wp-content\/uploads\/2020\/03\/398W601_rainbowReptile_leggings_wojoer.jpg","contentUrl":"https:\/\/www.wojoer.de\/wp-content\/uploads\/2020\/03\/398W601_rainbowReptile_leggings_wojoer.jpg","width":2002,"height":2002},{"@type":"BreadcrumbList","@id":"https:\/\/www.wojoer.de\/produkt\/rainbowreptile-leggings-398w601\/#breadcrumb","itemListElement":[{"@type":"ListItem","position":1,"name":"Startseite","item":"https:\/\/www.wojoer.de\/"},{"@type":"ListItem","position":2,"name":"SHOP","item":"https:\/\/www.wojoer.de\/shop\/"},{"@type":"ListItem","position":3,"name":"398W601 rainbowReptile Leggings"}]},{"@type":"WebSite","@id":"https:\/\/www.wojoer.de\/#website","url":"https:\/\/www.wojoer.de\/","name":"WOJOER","description":"clubwear for men","publisher":{"@id":"https:\/\/www.wojoer.de\/#organization"},"potentialAction":[{"@type":"SearchAction","target":{"@type":"EntryPoint","urlTemplate":"https:\/\/www.wojoer.de\/?s={search_term_string}"},"query-input":{"@type":"PropertyValueSpecification","valueRequired":true,"valueName":"search_term_string"}}],"inLanguage":"en-GB"},{"@type":"Organization","@id":"https:\/\/www.wojoer.de\/#organization","name":"Wonneberger-Manufaktur","url":"https:\/\/www.wojoer.de\/","logo":{"@type":"ImageObject","inLanguage":"en-GB","@id":"https:\/\/www.wojoer.de\/#\/schema\/logo\/image\/","url":"https:\/\/www.wojoer.de\/wp-content\/uploads\/2016\/11\/wonnebergermanufaktur_logo_BUTTON.png","contentUrl":"https:\/\/www.wojoer.de\/wp-content\/uploads\/2016\/11\/wonnebergermanufaktur_logo_BUTTON.png","width":765,"height":765,"caption":"Wonneberger-Manufaktur"},"image":{"@id":"https:\/\/www.wojoer.de\/#\/schema\/logo\/image\/"},"sameAs":["https:\/\/www.facebook.com\/wojoer\/","https:\/\/de.pinterest.com\/W0J0ER\/"]}]}},"_links":{"self":[{"href":"https:\/\/www.wojoer.de\/en\/wp-json\/wp\/v2\/product\/23195","targetHints":{"allow":["GET"]}}],"collection":[{"href":"https:\/\/www.wojoer.de\/en\/wp-json\/wp\/v2\/product"}],"about":[{"href":"https:\/\/www.wojoer.de\/en\/wp-json\/wp\/v2\/types\/product"}],"replies":[{"embeddable":true,"href":"https:\/\/www.wojoer.de\/en\/wp-json\/wp\/v2\/comments?post=23195"}],"wp:featuredmedia":[{"embeddable":true,"href":"https:\/\/www.wojoer.de\/en\/wp-json\/wp\/v2\/media\/23228"}],"wp:attachment":[{"href":"https:\/\/www.wojoer.de\/en\/wp-json\/wp\/v2\/media?parent=23195"}],"wp:term":[{"taxonomy":"product_brand","embeddable":true,"href":"https:\/\/www.wojoer.de\/en\/wp-json\/wp\/v2\/product_brand?post=23195"},{"taxonomy":"product_cat","embeddable":true,"href":"https:\/\/www.wojoer.de\/en\/wp-json\/wp\/v2\/product_cat?post=23195"},{"taxonomy":"product_tag","embeddable":true,"href":"https:\/\/www.wojoer.de\/en\/wp-json\/wp\/v2\/product_tag?post=23195"}],"curies":[{"name":"wp","href":"https:\/\/api.w.org\/{rel}","templated":true}]}}