{"id":25646,"date":"2025-10-20T15:10:41","date_gmt":"2025-10-20T13:10:41","guid":{"rendered":"https:\/\/www.wojoer.de\/?post_type=product&#038;p=25646"},"modified":"2025-10-29T09:02:36","modified_gmt":"2025-10-29T08:02:36","slug":"mund-nasen-masken-schal-regenbogentiger-mit-nasenbuegel","status":"publish","type":"product","link":"https:\/\/www.wojoer.de\/en\/produkt\/mund-nasen-masken-schal-regenbogentiger-mit-nasenbuegel\/","title":{"rendered":"Mund-Nasen-Masken-Schal &#8220;Regenbogentiger&#8221; mit Nasenb\u00fcgel"},"content":{"rendered":"<p>Der Mund-Nasen-Maske-Schal Loop-Mask aus feinem Micromaterial von der Wonneberger Manufaktur ist eine textile Behelfsmaske, <strong>kein<\/strong> zertifizierter Mundschutz.<\/p>\n<p>Er sch\u00fctzt nur bedingt vor Ansteckung. Sein eigentlicher Zweck ist es, den Atem des Tr\u00e4gers zu filtern und dadurch seine Umgebung zu sch\u00fctzen.<\/p>\n<p>Sein Vorteil: Er kann auch als ganz normaler Loop getragen werden und erh\u00f6ht zudem die Sichtbarkeit im Stra\u00dfenverkehr.<\/p>\n<h3>Gr\u00f6\u00dfen<\/h3>\n<p>Erh\u00e4ltlich in der Einheitsgr\u00f6\u00dfe Unisize<\/p>\n<h3>Materialzusammensetzung<\/h3>\n<p>Hauptmaterial: Micro 82% Polester 12% Elasthan<br \/>\nFilter: 2-Baumwolllagen 95% Baumwolle\u00a0 5% Elasthan<br \/>\nGarn: 100% Polyester<br \/>\nEingen\u00e4hter Nasenklipp: Polyester-ummanteltes Metall<\/p>\n<h3>Besonderheiten<\/h3>\n<p>&#8211; klimaneutralisierender Schal, k\u00fchlt und w\u00e4rmt \u00e4hnlich wie Seide je nach Au\u00dfentemperatur<br \/>\n&#8211; Atemluft wird vorn durch 2 Baumwoll-Schichten und eine Micro Schicht gefiltert<br \/>\n&#8211; eingearbeiteter Metallstreifen am Nasenr\u00fccken &#8211; ideal f\u00fcr Brillentr\u00e4ger<br \/>\n&#8211; Maske dichtet Nase und Mund komplett ab, aber das Atmen f\u00e4llt besonders leicht, weil kein Material direkt an Nase oder Mund anliegt<br \/>\n&#8211; Maske sch\u00fctzt weniger den Tr\u00e4ger, sondern vor allem die Menschen in seiner Umgebung<br \/>\n&#8211; hochwertige Verarbeitung \u201eMade in Germany\u201c<\/p>\n<h3>Benutzerhinweise<\/h3>\n<p>&#8211; vor dem ersten Tragen waschen<br \/>\n&#8211; <strong>70\u00b0C Schonw\u00e4sche, empfohlen ist Handw\u00e4sche, um Reibung am Nasenklipp zu minimieren<\/strong><\/p>\n<h3><span class=\"hiddenSpellError\">MUND MASKE &#8211; ATEM MASKE &#8211; Polyestermaske &#8211; Corona Maske &#8211; Gesichts Maske &#8211; Maskenschal &#8211; Loop<br \/>\n<\/span><\/h3>\n","protected":false},"excerpt":{"rendered":"<p>Der Mund-Nasen-Maske-Schal Loop-Mask aus feinem Micromaterial von der Wonneberger Manufaktur ist eine textile Behelfsmaske, <strong>kein<\/strong> zertifizierter Mundschutz.<\/p>\n<p>Er sch\u00fctzt nur bedingt vor Ansteckung. Sein eigentlicher Zweck ist es, den Atem des Tr\u00e4gers zu filtern und dadurch seine Umgebung zu sch\u00fctzen.<\/p>\n<p>Sein Vorteil:\u2026<\/p>\n","protected":false},"featured_media":25620,"comment_status":"open","ping_status":"closed","template":"","meta":[],"product_brand":[],"product_cat":[326],"product_tag":[274,426],"class_list":{"0":"post-25646","1":"product","2":"type-product","3":"status-publish","4":"has-post-thumbnail","6":"product_cat-wojoer","7":"product_tag-baumwolle","8":"product_tag-maske","9":"product_shipping_class-beun","10":"pa_amount-725","11":"pa_amount-720","12":"pa_amount-723","13":"pa_amount-721","14":"pa_amount-724","15":"pa_amount-722","16":"pa_amount-719","17":"pa_amount-718","18":"pif-has-gallery","19":"post-1","20":"odd","22":"first","23":"instock","24":"taxable","25":"shipping-taxable","26":"purchasable","27":"product-type-variable"},"yoast_head":"<!-- This site is optimized with the Yoast SEO plugin v27.2 - https:\/\/yoast.com\/product\/yoast-seo-wordpress\/ -->\n<title>Mund-Nasen-Maske | Micromaske | 70\u00b0C waschbar | dichtet Gesicht ab<\/title>\n<meta name=\"description\" content=\"Loop, Schlauchschal, Gesichts Maske, Mund-Nasen-Maske-Schal mit 2-Lagenfilter. 70\u00b0C im sch\u00fctzenden Waschbeutel schonend waschbar, dichtet Nase und Mund komplett ab und filtert so den Atem. Jetzt online bestellen.\" \/>\n<meta name=\"robots\" content=\"index, follow, max-snippet:-1, max-image-preview:large, max-video-preview:-1\" \/>\n<link rel=\"canonical\" href=\"https:\/\/www.wojoer.de\/en\/produkt\/mund-nasen-masken-schal-regenbogentiger-mit-nasenbuegel\/\" \/>\n<meta name=\"twitter:card\" content=\"summary_large_image\" \/>\n<meta name=\"twitter:title\" content=\"Mund-Nasen-Maske | Micromaske | 70\u00b0C waschbar | dichtet Gesicht ab\" \/>\n<meta name=\"twitter:description\" content=\"Loop, Schlauchschal, Gesichts Maske, Mund-Nasen-Maske-Schal mit 2-Lagenfilter. 70\u00b0C im sch\u00fctzenden Waschbeutel schonend waschbar, dichtet Nase und Mund komplett ab und filtert so den Atem. Jetzt online bestellen.\" \/>\n<meta name=\"twitter:image\" content=\"https:\/\/www.wojoer.de\/wp-content\/uploads\/2020\/04\/Micro_Schal_Mund_Nasen-Maske_mitNasenklipp_regenbogentiger_front_wonneberger-manufaktur_.jpg\" \/>\n<meta name=\"twitter:label1\" content=\"Estimated reading time\" \/>\n\t<meta name=\"twitter:data1\" content=\"1 minute\" \/>\n<script type=\"application\/ld+json\" class=\"yoast-schema-graph\">{\"@context\":\"https:\/\/schema.org\",\"@graph\":[{\"@type\":\"WebPage\",\"@id\":\"https:\/\/www.wojoer.de\/produkt\/mund-nasen-masken-schal-regenbogentiger-mit-nasenbuegel\/\",\"url\":\"https:\/\/www.wojoer.de\/produkt\/mund-nasen-masken-schal-regenbogentiger-mit-nasenbuegel\/\",\"name\":\"Mund-Nasen-Maske | Micromaske | 70\u00b0C waschbar | dichtet Gesicht ab\",\"isPartOf\":{\"@id\":\"https:\/\/www.wojoer.de\/#website\"},\"primaryImageOfPage\":{\"@id\":\"https:\/\/www.wojoer.de\/produkt\/mund-nasen-masken-schal-regenbogentiger-mit-nasenbuegel\/#primaryimage\"},\"image\":{\"@id\":\"https:\/\/www.wojoer.de\/produkt\/mund-nasen-masken-schal-regenbogentiger-mit-nasenbuegel\/#primaryimage\"},\"thumbnailUrl\":\"https:\/\/www.wojoer.de\/wp-content\/uploads\/2020\/04\/Micro_Schal_Mund_Nasen-Maske_mitNasenklipp_regenbogentiger_front_wonneberger-manufaktur_.jpg\",\"datePublished\":\"2025-10-20T13:10:41+00:00\",\"dateModified\":\"2025-10-29T08:02:36+00:00\",\"description\":\"Loop, Schlauchschal, Gesichts Maske, Mund-Nasen-Maske-Schal mit 2-Lagenfilter. 70\u00b0C im sch\u00fctzenden Waschbeutel schonend waschbar, dichtet Nase und Mund komplett ab und filtert so den Atem. Jetzt online bestellen.\",\"breadcrumb\":{\"@id\":\"https:\/\/www.wojoer.de\/produkt\/mund-nasen-masken-schal-regenbogentiger-mit-nasenbuegel\/#breadcrumb\"},\"inLanguage\":\"en-GB\",\"potentialAction\":[{\"@type\":\"ReadAction\",\"target\":[\"https:\/\/www.wojoer.de\/produkt\/mund-nasen-masken-schal-regenbogentiger-mit-nasenbuegel\/\"]}]},{\"@type\":\"ImageObject\",\"inLanguage\":\"en-GB\",\"@id\":\"https:\/\/www.wojoer.de\/produkt\/mund-nasen-masken-schal-regenbogentiger-mit-nasenbuegel\/#primaryimage\",\"url\":\"https:\/\/www.wojoer.de\/wp-content\/uploads\/2020\/04\/Micro_Schal_Mund_Nasen-Maske_mitNasenklipp_regenbogentiger_front_wonneberger-manufaktur_.jpg\",\"contentUrl\":\"https:\/\/www.wojoer.de\/wp-content\/uploads\/2020\/04\/Micro_Schal_Mund_Nasen-Maske_mitNasenklipp_regenbogentiger_front_wonneberger-manufaktur_.jpg\",\"width\":2002,\"height\":2002},{\"@type\":\"BreadcrumbList\",\"@id\":\"https:\/\/www.wojoer.de\/produkt\/mund-nasen-masken-schal-regenbogentiger-mit-nasenbuegel\/#breadcrumb\",\"itemListElement\":[{\"@type\":\"ListItem\",\"position\":1,\"name\":\"Startseite\",\"item\":\"https:\/\/www.wojoer.de\/\"},{\"@type\":\"ListItem\",\"position\":2,\"name\":\"SHOP\",\"item\":\"https:\/\/www.wojoer.de\/shop\/\"},{\"@type\":\"ListItem\",\"position\":3,\"name\":\"Mund-Nasen-Masken-Schal &#8222;Regenbogentiger&#8220; mit Nasenb\u00fcgel\"}]},{\"@type\":\"WebSite\",\"@id\":\"https:\/\/www.wojoer.de\/#website\",\"url\":\"https:\/\/www.wojoer.de\/\",\"name\":\"WOJOER\",\"description\":\"clubwear for men\",\"publisher\":{\"@id\":\"https:\/\/www.wojoer.de\/#organization\"},\"potentialAction\":[{\"@type\":\"SearchAction\",\"target\":{\"@type\":\"EntryPoint\",\"urlTemplate\":\"https:\/\/www.wojoer.de\/?s={search_term_string}\"},\"query-input\":{\"@type\":\"PropertyValueSpecification\",\"valueRequired\":true,\"valueName\":\"search_term_string\"}}],\"inLanguage\":\"en-GB\"},{\"@type\":\"Organization\",\"@id\":\"https:\/\/www.wojoer.de\/#organization\",\"name\":\"Wonneberger-Manufaktur\",\"url\":\"https:\/\/www.wojoer.de\/\",\"logo\":{\"@type\":\"ImageObject\",\"inLanguage\":\"en-GB\",\"@id\":\"https:\/\/www.wojoer.de\/#\/schema\/logo\/image\/\",\"url\":\"https:\/\/www.wojoer.de\/wp-content\/uploads\/2016\/11\/wonnebergermanufaktur_logo_BUTTON.png\",\"contentUrl\":\"https:\/\/www.wojoer.de\/wp-content\/uploads\/2016\/11\/wonnebergermanufaktur_logo_BUTTON.png\",\"width\":765,\"height\":765,\"caption\":\"Wonneberger-Manufaktur\"},\"image\":{\"@id\":\"https:\/\/www.wojoer.de\/#\/schema\/logo\/image\/\"},\"sameAs\":[\"https:\/\/www.facebook.com\/wojoer\/\",\"https:\/\/de.pinterest.com\/W0J0ER\/\"]}]}<\/script>\n<!-- \/ Yoast SEO plugin. -->","yoast_head_json":{"title":"Mund-Nasen-Maske | Micromaske | 70\u00b0C waschbar | dichtet Gesicht ab","description":"Loop, Schlauchschal, Gesichts Maske, Mund-Nasen-Maske-Schal mit 2-Lagenfilter. 70\u00b0C im sch\u00fctzenden Waschbeutel schonend waschbar, dichtet Nase und Mund komplett ab und filtert so den Atem. Jetzt online bestellen.","robots":{"index":"index","follow":"follow","max-snippet":"max-snippet:-1","max-image-preview":"max-image-preview:large","max-video-preview":"max-video-preview:-1"},"canonical":"https:\/\/www.wojoer.de\/en\/produkt\/mund-nasen-masken-schal-regenbogentiger-mit-nasenbuegel\/","twitter_card":"summary_large_image","twitter_title":"Mund-Nasen-Maske | Micromaske | 70\u00b0C waschbar | dichtet Gesicht ab","twitter_description":"Loop, Schlauchschal, Gesichts Maske, Mund-Nasen-Maske-Schal mit 2-Lagenfilter. 70\u00b0C im sch\u00fctzenden Waschbeutel schonend waschbar, dichtet Nase und Mund komplett ab und filtert so den Atem. Jetzt online bestellen.","twitter_image":"https:\/\/www.wojoer.de\/wp-content\/uploads\/2020\/04\/Micro_Schal_Mund_Nasen-Maske_mitNasenklipp_regenbogentiger_front_wonneberger-manufaktur_.jpg","twitter_misc":{"Estimated reading time":"1 minute"},"schema":{"@context":"https:\/\/schema.org","@graph":[{"@type":"WebPage","@id":"https:\/\/www.wojoer.de\/produkt\/mund-nasen-masken-schal-regenbogentiger-mit-nasenbuegel\/","url":"https:\/\/www.wojoer.de\/produkt\/mund-nasen-masken-schal-regenbogentiger-mit-nasenbuegel\/","name":"Mund-Nasen-Maske | Micromaske | 70\u00b0C waschbar | dichtet Gesicht ab","isPartOf":{"@id":"https:\/\/www.wojoer.de\/#website"},"primaryImageOfPage":{"@id":"https:\/\/www.wojoer.de\/produkt\/mund-nasen-masken-schal-regenbogentiger-mit-nasenbuegel\/#primaryimage"},"image":{"@id":"https:\/\/www.wojoer.de\/produkt\/mund-nasen-masken-schal-regenbogentiger-mit-nasenbuegel\/#primaryimage"},"thumbnailUrl":"https:\/\/www.wojoer.de\/wp-content\/uploads\/2020\/04\/Micro_Schal_Mund_Nasen-Maske_mitNasenklipp_regenbogentiger_front_wonneberger-manufaktur_.jpg","datePublished":"2025-10-20T13:10:41+00:00","dateModified":"2025-10-29T08:02:36+00:00","description":"Loop, Schlauchschal, Gesichts Maske, Mund-Nasen-Maske-Schal mit 2-Lagenfilter. 70\u00b0C im sch\u00fctzenden Waschbeutel schonend waschbar, dichtet Nase und Mund komplett ab und filtert so den Atem. Jetzt online bestellen.","breadcrumb":{"@id":"https:\/\/www.wojoer.de\/produkt\/mund-nasen-masken-schal-regenbogentiger-mit-nasenbuegel\/#breadcrumb"},"inLanguage":"en-GB","potentialAction":[{"@type":"ReadAction","target":["https:\/\/www.wojoer.de\/produkt\/mund-nasen-masken-schal-regenbogentiger-mit-nasenbuegel\/"]}]},{"@type":"ImageObject","inLanguage":"en-GB","@id":"https:\/\/www.wojoer.de\/produkt\/mund-nasen-masken-schal-regenbogentiger-mit-nasenbuegel\/#primaryimage","url":"https:\/\/www.wojoer.de\/wp-content\/uploads\/2020\/04\/Micro_Schal_Mund_Nasen-Maske_mitNasenklipp_regenbogentiger_front_wonneberger-manufaktur_.jpg","contentUrl":"https:\/\/www.wojoer.de\/wp-content\/uploads\/2020\/04\/Micro_Schal_Mund_Nasen-Maske_mitNasenklipp_regenbogentiger_front_wonneberger-manufaktur_.jpg","width":2002,"height":2002},{"@type":"BreadcrumbList","@id":"https:\/\/www.wojoer.de\/produkt\/mund-nasen-masken-schal-regenbogentiger-mit-nasenbuegel\/#breadcrumb","itemListElement":[{"@type":"ListItem","position":1,"name":"Startseite","item":"https:\/\/www.wojoer.de\/"},{"@type":"ListItem","position":2,"name":"SHOP","item":"https:\/\/www.wojoer.de\/shop\/"},{"@type":"ListItem","position":3,"name":"Mund-Nasen-Masken-Schal &#8222;Regenbogentiger&#8220; mit Nasenb\u00fcgel"}]},{"@type":"WebSite","@id":"https:\/\/www.wojoer.de\/#website","url":"https:\/\/www.wojoer.de\/","name":"WOJOER","description":"clubwear for men","publisher":{"@id":"https:\/\/www.wojoer.de\/#organization"},"potentialAction":[{"@type":"SearchAction","target":{"@type":"EntryPoint","urlTemplate":"https:\/\/www.wojoer.de\/?s={search_term_string}"},"query-input":{"@type":"PropertyValueSpecification","valueRequired":true,"valueName":"search_term_string"}}],"inLanguage":"en-GB"},{"@type":"Organization","@id":"https:\/\/www.wojoer.de\/#organization","name":"Wonneberger-Manufaktur","url":"https:\/\/www.wojoer.de\/","logo":{"@type":"ImageObject","inLanguage":"en-GB","@id":"https:\/\/www.wojoer.de\/#\/schema\/logo\/image\/","url":"https:\/\/www.wojoer.de\/wp-content\/uploads\/2016\/11\/wonnebergermanufaktur_logo_BUTTON.png","contentUrl":"https:\/\/www.wojoer.de\/wp-content\/uploads\/2016\/11\/wonnebergermanufaktur_logo_BUTTON.png","width":765,"height":765,"caption":"Wonneberger-Manufaktur"},"image":{"@id":"https:\/\/www.wojoer.de\/#\/schema\/logo\/image\/"},"sameAs":["https:\/\/www.facebook.com\/wojoer\/","https:\/\/de.pinterest.com\/W0J0ER\/"]}]}},"_links":{"self":[{"href":"https:\/\/www.wojoer.de\/en\/wp-json\/wp\/v2\/product\/25646","targetHints":{"allow":["GET"]}}],"collection":[{"href":"https:\/\/www.wojoer.de\/en\/wp-json\/wp\/v2\/product"}],"about":[{"href":"https:\/\/www.wojoer.de\/en\/wp-json\/wp\/v2\/types\/product"}],"replies":[{"embeddable":true,"href":"https:\/\/www.wojoer.de\/en\/wp-json\/wp\/v2\/comments?post=25646"}],"wp:featuredmedia":[{"embeddable":true,"href":"https:\/\/www.wojoer.de\/en\/wp-json\/wp\/v2\/media\/25620"}],"wp:attachment":[{"href":"https:\/\/www.wojoer.de\/en\/wp-json\/wp\/v2\/media?parent=25646"}],"wp:term":[{"taxonomy":"product_brand","embeddable":true,"href":"https:\/\/www.wojoer.de\/en\/wp-json\/wp\/v2\/product_brand?post=25646"},{"taxonomy":"product_cat","embeddable":true,"href":"https:\/\/www.wojoer.de\/en\/wp-json\/wp\/v2\/product_cat?post=25646"},{"taxonomy":"product_tag","embeddable":true,"href":"https:\/\/www.wojoer.de\/en\/wp-json\/wp\/v2\/product_tag?post=25646"}],"curies":[{"name":"wp","href":"https:\/\/api.w.org\/{rel}","templated":true}]}}