{"id":27080,"date":"2020-05-27T11:00:33","date_gmt":"2020-05-27T09:00:33","guid":{"rendered":"https:\/\/www.wojoer.de\/?post_type=product&#038;p=27080"},"modified":"2026-04-12T11:37:03","modified_gmt":"2026-04-12T09:37:03","slug":"synlex-2-string-390b7b","status":"publish","type":"product","link":"https:\/\/www.wojoer.de\/en\/produkt\/synlex-2-string-390b7b\/","title":{"rendered":"SYNLEX 2 String 390B7B"},"content":{"rendered":"<p>Production on order, because the black matt Leatherlike String of the SYNLEX 2 series 390B7B belongs in the category: Wojoer &#8220;LIVE products&#8221;!<\/p>\n<p><strong>Size<\/strong><\/p>\n<p>Available in Size S, M, L, XL<\/p>\n<p><strong>Material Composition <\/strong><\/p>\n<p>Synlex 2, very thin and stretchy imitation leather: 53% polyester 41% polyurethane 6% elastane<\/p>\n<p><strong>Particularities<\/strong><\/p>\n<p><strong>\u00a0<\/strong>Live product | particularly fine, matt, stretchy synthetic leather, almost rubbery | skinny fit | ice blue | neon yellow | neon coral | colored edge | high quality | made in Germany<\/p>\n<p><strong>Washing instructions<\/strong><strong>\u00a0<\/strong><\/p>\n<p>60\u00b0 gentle cycle,<strong> do not use fabric softeners\u00a0<\/strong><\/p>\n<p><strong>Synlex 2 MiniHipster, black matt leatherlike Mini Hipster <\/strong><\/p>\n<p>SYNLEX 2, stands for synthetic latex. A real improvement on our previous Synlex. It is a matt black matter that seems mysteriously dark. Then it gets dangerously hot and finally it has extreme addictive potential.You have never had such a wickedly matt and supple material on your skin. In contrast to natural latex, it is completely oil and water resistant. In addition, you can enjoy the visual and haptic benefits of matt rubber from the outside and a fine, soft jersey fabric flatters your skin from the inside. The feeling of sweating is optimally minimized. In other words, the matte surface and the perfect fit will melt your hips &#038; legs with it. The look is apparently inconspicuous, just like a predator lurking in the dark. Not only will you feel magically attracted to SYNLEX 2. Your counterpart immediately faints with delight.\u00a0Click here for the size chart\u00a0\u00a0\u00a0\u00a0<strong>\u00a0<\/strong><\/p>\n","protected":false},"excerpt":{"rendered":"<p>Produktion auf Bestellung, denn der schwarze matte Leatherlike String der SYNLEX 2 Serie 390B7B geh\u00f6rt in die Kategorie: Wojoer &#8220;LIVE-Produkte&#8221;!<br \/>\nGr\u00f6\u00dfen<br \/>\nErh\u00e4ltlich in den Gr\u00f6\u00dfen\u00a0 S, M, L, XL<br \/>\nMaterialzusammensetzung<br \/>\nSynlex 2, sehr d\u00fcnnes und dehnbares Lederimitat: 53% Polyamid\u00a0 41% Polyurethan 6% Elasthan<br \/>\nBesonderheiten<br \/>\nLIVE Produkt\u2026<\/p>\n","protected":false},"featured_media":27045,"comment_status":"open","ping_status":"closed","template":"","meta":[],"product_brand":[],"product_cat":[845,115,116,473,195,326],"product_tag":[250,194,119,290],"class_list":{"0":"post-27080","1":"product","2":"type-product","3":"status-publish","4":"has-post-thumbnail","6":"product_cat-synlex","7":"product_cat-beachwear","8":"product_cat-clubwear","9":"product_cat-men","10":"product_cat-produktion-auf-bestellung-liveproduktion","11":"product_cat-wojoer","12":"product_tag-funktion","13":"product_tag-leatherlike","14":"product_tag-string","15":"product_tag-synthetischeslatex","16":"product_shipping_class-beun","17":"pa_farbe-eisblau","18":"pa_farbe-royalblau","19":"pa_farbe-neoncoral","20":"pa_farbe-neongelb","21":"pa_farbe-vulcano","22":"pa_groesse-l","23":"pa_groesse-m","24":"pa_groesse-s","25":"pa_groesse-xl","26":"pif-has-gallery","27":"post-1","28":"odd","30":"first","31":"onbackorder","32":"taxable","33":"shipping-taxable","34":"purchasable","35":"product-type-variable"},"yoast_head":"<!-- This site is optimized with the Yoast SEO plugin v27.2 - https:\/\/yoast.com\/product\/yoast-seo-wordpress\/ -->\n<title>black matt Leatherlike SYNLEX 2 String 390B7B | SYNLEX2 |<\/title>\n<meta name=\"description\" content=\"black matt Leatherlike String. Particularly supple, thin Synlex material. Border neon yellow, ice blue, neon coral.\" \/>\n<meta name=\"robots\" content=\"index, follow, max-snippet:-1, max-image-preview:large, max-video-preview:-1\" \/>\n<link rel=\"canonical\" href=\"https:\/\/www.wojoer.de\/en\/produkt\/synlex-2-string-390b7b\/\" \/>\n<meta name=\"twitter:card\" content=\"summary_large_image\" \/>\n<meta name=\"twitter:title\" content=\"black matt Leatherlike SYNLEX 2 String 390B7B | SYNLEX2 |\" \/>\n<meta name=\"twitter:description\" content=\"black matt Leatherlike String. Particularly supple, thin Synlex material. Border neon yellow, ice blue, neon coral.\" \/>\n<meta name=\"twitter:image\" content=\"https:\/\/www.wojoer.de\/wp-content\/uploads\/2020\/05\/390B7B_Synlex2_String_neon_gelb_beachwear_site_wojoer.jpg\" \/>\n<meta name=\"twitter:label1\" content=\"Estimated reading time\" \/>\n\t<meta name=\"twitter:data1\" content=\"2 minutes\" \/>\n<script type=\"application\/ld+json\" class=\"yoast-schema-graph\">{\"@context\":\"https:\/\/schema.org\",\"@graph\":[{\"@type\":\"WebPage\",\"@id\":\"https:\/\/www.wojoer.de\/en\/produkt\/synlex-2-string-390b7b\/\",\"url\":\"https:\/\/www.wojoer.de\/en\/produkt\/synlex-2-string-390b7b\/\",\"name\":\"black matt Leatherlike SYNLEX 2 String 390B7B | SYNLEX2 |\",\"isPartOf\":{\"@id\":\"https:\/\/www.wojoer.de\/#website\"},\"primaryImageOfPage\":{\"@id\":\"https:\/\/www.wojoer.de\/en\/produkt\/synlex-2-string-390b7b\/#primaryimage\"},\"image\":{\"@id\":\"https:\/\/www.wojoer.de\/en\/produkt\/synlex-2-string-390b7b\/#primaryimage\"},\"thumbnailUrl\":\"https:\/\/www.wojoer.de\/wp-content\/uploads\/2020\/05\/390B7B_Synlex2_String_neon_gelb_beachwear_site_wojoer.jpg\",\"datePublished\":\"2020-05-27T09:00:33+00:00\",\"dateModified\":\"2026-04-12T09:37:03+00:00\",\"description\":\"black matt Leatherlike String. Particularly supple, thin Synlex material. Border neon yellow, ice blue, neon coral.\",\"breadcrumb\":{\"@id\":\"https:\/\/www.wojoer.de\/en\/produkt\/synlex-2-string-390b7b\/#breadcrumb\"},\"inLanguage\":\"en-GB\",\"potentialAction\":[{\"@type\":\"ReadAction\",\"target\":[\"https:\/\/www.wojoer.de\/en\/produkt\/synlex-2-string-390b7b\/\"]}]},{\"@type\":\"ImageObject\",\"inLanguage\":\"en-GB\",\"@id\":\"https:\/\/www.wojoer.de\/en\/produkt\/synlex-2-string-390b7b\/#primaryimage\",\"url\":\"https:\/\/www.wojoer.de\/wp-content\/uploads\/2020\/05\/390B7B_Synlex2_String_neon_gelb_beachwear_site_wojoer.jpg\",\"contentUrl\":\"https:\/\/www.wojoer.de\/wp-content\/uploads\/2020\/05\/390B7B_Synlex2_String_neon_gelb_beachwear_site_wojoer.jpg\",\"width\":2002,\"height\":2002},{\"@type\":\"BreadcrumbList\",\"@id\":\"https:\/\/www.wojoer.de\/en\/produkt\/synlex-2-string-390b7b\/#breadcrumb\",\"itemListElement\":[{\"@type\":\"ListItem\",\"position\":1,\"name\":\"Startseite\",\"item\":\"https:\/\/www.wojoer.de\/\"},{\"@type\":\"ListItem\",\"position\":2,\"name\":\"SHOP\",\"item\":\"https:\/\/www.wojoer.de\/shop\/\"},{\"@type\":\"ListItem\",\"position\":3,\"name\":\"SYNLEX 2 String 390B7B\"}]},{\"@type\":\"WebSite\",\"@id\":\"https:\/\/www.wojoer.de\/#website\",\"url\":\"https:\/\/www.wojoer.de\/\",\"name\":\"WOJOER\",\"description\":\"clubwear for men\",\"publisher\":{\"@id\":\"https:\/\/www.wojoer.de\/#organization\"},\"potentialAction\":[{\"@type\":\"SearchAction\",\"target\":{\"@type\":\"EntryPoint\",\"urlTemplate\":\"https:\/\/www.wojoer.de\/?s={search_term_string}\"},\"query-input\":{\"@type\":\"PropertyValueSpecification\",\"valueRequired\":true,\"valueName\":\"search_term_string\"}}],\"inLanguage\":\"en-GB\"},{\"@type\":\"Organization\",\"@id\":\"https:\/\/www.wojoer.de\/#organization\",\"name\":\"Wonneberger-Manufaktur\",\"url\":\"https:\/\/www.wojoer.de\/\",\"logo\":{\"@type\":\"ImageObject\",\"inLanguage\":\"en-GB\",\"@id\":\"https:\/\/www.wojoer.de\/#\/schema\/logo\/image\/\",\"url\":\"https:\/\/www.wojoer.de\/wp-content\/uploads\/2016\/11\/wonnebergermanufaktur_logo_BUTTON.png\",\"contentUrl\":\"https:\/\/www.wojoer.de\/wp-content\/uploads\/2016\/11\/wonnebergermanufaktur_logo_BUTTON.png\",\"width\":765,\"height\":765,\"caption\":\"Wonneberger-Manufaktur\"},\"image\":{\"@id\":\"https:\/\/www.wojoer.de\/#\/schema\/logo\/image\/\"},\"sameAs\":[\"https:\/\/www.facebook.com\/wojoer\/\",\"https:\/\/de.pinterest.com\/W0J0ER\/\"]}]}<\/script>\n<!-- \/ Yoast SEO plugin. -->","yoast_head_json":{"title":"black matt Leatherlike SYNLEX 2 String 390B7B | SYNLEX2 |","description":"black matt Leatherlike String. Particularly supple, thin Synlex material. Border neon yellow, ice blue, neon coral.","robots":{"index":"index","follow":"follow","max-snippet":"max-snippet:-1","max-image-preview":"max-image-preview:large","max-video-preview":"max-video-preview:-1"},"canonical":"https:\/\/www.wojoer.de\/en\/produkt\/synlex-2-string-390b7b\/","twitter_card":"summary_large_image","twitter_title":"black matt Leatherlike SYNLEX 2 String 390B7B | SYNLEX2 |","twitter_description":"black matt Leatherlike String. Particularly supple, thin Synlex material. Border neon yellow, ice blue, neon coral.","twitter_image":"https:\/\/www.wojoer.de\/wp-content\/uploads\/2020\/05\/390B7B_Synlex2_String_neon_gelb_beachwear_site_wojoer.jpg","twitter_misc":{"Estimated reading time":"2 minutes"},"schema":{"@context":"https:\/\/schema.org","@graph":[{"@type":"WebPage","@id":"https:\/\/www.wojoer.de\/en\/produkt\/synlex-2-string-390b7b\/","url":"https:\/\/www.wojoer.de\/en\/produkt\/synlex-2-string-390b7b\/","name":"black matt Leatherlike SYNLEX 2 String 390B7B | SYNLEX2 |","isPartOf":{"@id":"https:\/\/www.wojoer.de\/#website"},"primaryImageOfPage":{"@id":"https:\/\/www.wojoer.de\/en\/produkt\/synlex-2-string-390b7b\/#primaryimage"},"image":{"@id":"https:\/\/www.wojoer.de\/en\/produkt\/synlex-2-string-390b7b\/#primaryimage"},"thumbnailUrl":"https:\/\/www.wojoer.de\/wp-content\/uploads\/2020\/05\/390B7B_Synlex2_String_neon_gelb_beachwear_site_wojoer.jpg","datePublished":"2020-05-27T09:00:33+00:00","dateModified":"2026-04-12T09:37:03+00:00","description":"black matt Leatherlike String. Particularly supple, thin Synlex material. Border neon yellow, ice blue, neon coral.","breadcrumb":{"@id":"https:\/\/www.wojoer.de\/en\/produkt\/synlex-2-string-390b7b\/#breadcrumb"},"inLanguage":"en-GB","potentialAction":[{"@type":"ReadAction","target":["https:\/\/www.wojoer.de\/en\/produkt\/synlex-2-string-390b7b\/"]}]},{"@type":"ImageObject","inLanguage":"en-GB","@id":"https:\/\/www.wojoer.de\/en\/produkt\/synlex-2-string-390b7b\/#primaryimage","url":"https:\/\/www.wojoer.de\/wp-content\/uploads\/2020\/05\/390B7B_Synlex2_String_neon_gelb_beachwear_site_wojoer.jpg","contentUrl":"https:\/\/www.wojoer.de\/wp-content\/uploads\/2020\/05\/390B7B_Synlex2_String_neon_gelb_beachwear_site_wojoer.jpg","width":2002,"height":2002},{"@type":"BreadcrumbList","@id":"https:\/\/www.wojoer.de\/en\/produkt\/synlex-2-string-390b7b\/#breadcrumb","itemListElement":[{"@type":"ListItem","position":1,"name":"Startseite","item":"https:\/\/www.wojoer.de\/"},{"@type":"ListItem","position":2,"name":"SHOP","item":"https:\/\/www.wojoer.de\/shop\/"},{"@type":"ListItem","position":3,"name":"SYNLEX 2 String 390B7B"}]},{"@type":"WebSite","@id":"https:\/\/www.wojoer.de\/#website","url":"https:\/\/www.wojoer.de\/","name":"WOJOER","description":"clubwear for men","publisher":{"@id":"https:\/\/www.wojoer.de\/#organization"},"potentialAction":[{"@type":"SearchAction","target":{"@type":"EntryPoint","urlTemplate":"https:\/\/www.wojoer.de\/?s={search_term_string}"},"query-input":{"@type":"PropertyValueSpecification","valueRequired":true,"valueName":"search_term_string"}}],"inLanguage":"en-GB"},{"@type":"Organization","@id":"https:\/\/www.wojoer.de\/#organization","name":"Wonneberger-Manufaktur","url":"https:\/\/www.wojoer.de\/","logo":{"@type":"ImageObject","inLanguage":"en-GB","@id":"https:\/\/www.wojoer.de\/#\/schema\/logo\/image\/","url":"https:\/\/www.wojoer.de\/wp-content\/uploads\/2016\/11\/wonnebergermanufaktur_logo_BUTTON.png","contentUrl":"https:\/\/www.wojoer.de\/wp-content\/uploads\/2016\/11\/wonnebergermanufaktur_logo_BUTTON.png","width":765,"height":765,"caption":"Wonneberger-Manufaktur"},"image":{"@id":"https:\/\/www.wojoer.de\/#\/schema\/logo\/image\/"},"sameAs":["https:\/\/www.facebook.com\/wojoer\/","https:\/\/de.pinterest.com\/W0J0ER\/"]}]}},"_links":{"self":[{"href":"https:\/\/www.wojoer.de\/en\/wp-json\/wp\/v2\/product\/27080","targetHints":{"allow":["GET"]}}],"collection":[{"href":"https:\/\/www.wojoer.de\/en\/wp-json\/wp\/v2\/product"}],"about":[{"href":"https:\/\/www.wojoer.de\/en\/wp-json\/wp\/v2\/types\/product"}],"replies":[{"embeddable":true,"href":"https:\/\/www.wojoer.de\/en\/wp-json\/wp\/v2\/comments?post=27080"}],"wp:featuredmedia":[{"embeddable":true,"href":"https:\/\/www.wojoer.de\/en\/wp-json\/wp\/v2\/media\/27045"}],"wp:attachment":[{"href":"https:\/\/www.wojoer.de\/en\/wp-json\/wp\/v2\/media?parent=27080"}],"wp:term":[{"taxonomy":"product_brand","embeddable":true,"href":"https:\/\/www.wojoer.de\/en\/wp-json\/wp\/v2\/product_brand?post=27080"},{"taxonomy":"product_cat","embeddable":true,"href":"https:\/\/www.wojoer.de\/en\/wp-json\/wp\/v2\/product_cat?post=27080"},{"taxonomy":"product_tag","embeddable":true,"href":"https:\/\/www.wojoer.de\/en\/wp-json\/wp\/v2\/product_tag?post=27080"}],"curies":[{"name":"wp","href":"https:\/\/api.w.org\/{rel}","templated":true}]}}