{"id":27586,"date":"2025-09-30T10:13:22","date_gmt":"2025-09-30T08:13:22","guid":{"rendered":"https:\/\/www.wojoer.de\/en\/?post_type=product&#038;p=27586"},"modified":"2026-01-13T10:00:57","modified_gmt":"2026-01-13T09:00:57","slug":"bubbles-push-string-bub15","status":"publish","type":"product","link":"https:\/\/www.wojoer.de\/en\/produkt\/bubbles-push-string-bub15\/","title":{"rendered":"Bubbles Push String BUB15"},"content":{"rendered":"<hr \/>\n<p>Bunt und verspielt zeigt sich dieser Bubbles String BUB15 und geh\u00f6rt in die Kategorie &#8220;ONLY FOR ME&#8221;-Produkte. Also schnell zugreifen, dieser Tanga ist nur in einer kleinen Auflage und nur hier in unserem Onlineshop vorhanden.<\/p>\n<h3>Gr\u00f6\u00dfen<\/h3>\n<p>Erh\u00e4ltlich in den Gr\u00f6\u00dfen S, M, L, XL<\/p>\n<h3>Materialzusammensetzung<\/h3>\n<p>80% Polyamid | 20% Elasthan<\/p>\n<h3>Besonderheiten<\/h3>\n<p><a href=\"https:\/\/www.wojoer.de\/produkt-kategorie\/onlyforme\/\">ONLY FOR ME Produkt<\/a> | bunter Badestoff | beachwear | underwear | bunte Blasen | hochwertige Verarbeitung &#8220;Made in Germany&#8221;<\/p>\n<h3>Benutzerhinweise<\/h3>\n<p>Chlor- und Salzwasserresitent<\/p>\n<h3>BUBBLES Push String &#8211; verspielter Push String<\/h3>\n<p>It&#8217;s Playtime! Morgens schl\u00fcpfst du in deinen Push String und die gute Stimmung wird dein Begleiter des Tages. Das Bunte und verspielte Muster erzeugt ein Stimmungshoch. Der Perfekte Begleiter f\u00fcr einen Tag am Strand oder im Freizeitbad&#8230; Alles ist fest umschlossen und deine M\u00e4nnlichkeit wird dennoch auf besondere Art und Weise betont und sanft angehoben. Ebenso dein knackiger Hintern, welcher durch das bunte Muster ein absoluter Hingucker ist! Perfekt also f\u00fcr ein kleines Volleyballturnier im Sand und den prickelnd, nassen Sprung ins k\u00fchle Nass danach&#8230;..nicht nur die Blubberbl\u00e4schen auf deinem H\u00f6schen verf\u00fchren danach zum anfassen. Nein! Auch die glitzernden Wasserperlen auf deinem Oberk\u00f6rper laden dazu in besonderem Ma\u00dfe ein. Wer kann da schon widerstehen??<\/p>\n<hr \/>\n<h3>CUSTOMER PHOTOS Bubbles Push String<\/h3>\n<p><a href=\"https:\/\/www.wojoer.de\/wp-content\/uploads\/2021\/10\/BUB15_front-scaled.jpeg\"><img loading=\"lazy\" decoding=\"async\" class=\"alignnone size-medium wp-image-36636\" src=\"https:\/\/www.wojoer.de\/wp-content\/uploads\/2021\/10\/BUB15_front-300x225.jpeg\" alt=\"\" width=\"300\" height=\"225\" \/><\/a>\u00a0 <a href=\"https:\/\/www.wojoer.de\/wp-content\/uploads\/2021\/10\/BUB15_back-scaled.jpeg\"><img loading=\"lazy\" decoding=\"async\" class=\"alignnone size-medium wp-image-36635\" src=\"https:\/\/www.wojoer.de\/wp-content\/uploads\/2021\/10\/BUB15_back-300x225.jpeg\" alt=\"\" width=\"300\" height=\"225\" \/><\/a><\/p>\n","protected":false},"excerpt":{"rendered":"<p>Bunt und verspielt zeigt sich dieser Bubbles Push String BUB15 und geh\u00f6rt in die Kategorie &#8220;ONLY FOR ME&#8221;-Produkte. Also schnell zugreifen, dieser Tanga ist nur einer kleinen Auflage und nur hier in unserem Onlineshop vorhanden.<br \/>\nGr\u00f6\u00dfen<br \/>\nErh\u00e4ltlich in den Gr\u00f6\u00dfen S, M,\u2026<\/p>\n","protected":false},"featured_media":33934,"comment_status":"open","ping_status":"closed","template":"","meta":[],"product_brand":[],"product_cat":[115,169,473,270,326],"product_tag":[241,184,119],"class_list":{"0":"post-27586","1":"product","2":"type-product","3":"status-publish","4":"has-post-thumbnail","6":"product_cat-beachwear","7":"product_cat-nos-never-out-of-stock","8":"product_cat-men","9":"product_cat-onlyforme","10":"product_cat-wojoer","11":"product_tag-mini-string-bulge-string-g-string","12":"product_tag-push-up","13":"product_tag-string","14":"product_shipping_class-beun","15":"pa_groesse-l","16":"pa_groesse-m","17":"pa_groesse-s","18":"pa_groesse-xl","19":"pif-has-gallery","20":"post-1","21":"odd","23":"first","24":"instock","25":"taxable","26":"shipping-taxable","27":"purchasable","28":"product-type-variable"},"yoast_head":"<!-- This site is optimized with the Yoast SEO plugin v27.2 - https:\/\/yoast.com\/product\/yoast-seo-wordpress\/ -->\n<title>Bubbles Push String | Unterw\u00e4sche | Bademode | WOJOER<\/title>\n<meta name=\"description\" content=\"Bubbles Push String - bunter, verpielter String mit vielen vielen Blubberblasen und sanfter Hebefunktion! Unterw\u00e4sche und Bademode in einem - perfekt f\u00fctr den spontanen Sprung ins k\u00fchle Nass.\" \/>\n<meta name=\"robots\" content=\"index, follow, max-snippet:-1, max-image-preview:large, max-video-preview:-1\" \/>\n<link rel=\"canonical\" href=\"https:\/\/www.wojoer.de\/en\/produkt\/bubbles-push-string-bub15\/\" \/>\n<meta name=\"twitter:card\" content=\"summary_large_image\" \/>\n<meta name=\"twitter:title\" content=\"Bubbles Push String | Unterw\u00e4sche | Bademode | WOJOER\" \/>\n<meta name=\"twitter:description\" content=\"Bubbles Push String - bunter, verpielter String mit vielen vielen Blubberblasen und sanfter Hebefunktion! Unterw\u00e4sche und Bademode in einem - perfekt f\u00fctr den spontanen Sprung ins k\u00fchle Nass.\" \/>\n<meta name=\"twitter:image\" content=\"https:\/\/www.wojoer.de\/wp-content\/uploads\/2021\/01\/BUB15_Bubbles_Bade_PushString_back_wojoer.jpg\" \/>\n<meta name=\"twitter:label1\" content=\"Estimated reading time\" \/>\n\t<meta name=\"twitter:data1\" content=\"2 minutes\" \/>\n<script type=\"application\/ld+json\" class=\"yoast-schema-graph\">{\"@context\":\"https:\/\/schema.org\",\"@graph\":[{\"@type\":\"WebPage\",\"@id\":\"https:\/\/www.wojoer.de\/produkt\/bubbles-push-string-bub15\/\",\"url\":\"https:\/\/www.wojoer.de\/produkt\/bubbles-push-string-bub15\/\",\"name\":\"Bubbles Push String | Unterw\u00e4sche | Bademode | WOJOER\",\"isPartOf\":{\"@id\":\"https:\/\/www.wojoer.de\/#website\"},\"primaryImageOfPage\":{\"@id\":\"https:\/\/www.wojoer.de\/produkt\/bubbles-push-string-bub15\/#primaryimage\"},\"image\":{\"@id\":\"https:\/\/www.wojoer.de\/produkt\/bubbles-push-string-bub15\/#primaryimage\"},\"thumbnailUrl\":\"https:\/\/www.wojoer.de\/wp-content\/uploads\/2021\/01\/BUB15_Bubbles_Bade_PushString_back_wojoer.jpg\",\"datePublished\":\"2025-09-30T08:13:22+00:00\",\"dateModified\":\"2026-01-13T09:00:57+00:00\",\"description\":\"Bubbles Push String - bunter, verpielter String mit vielen vielen Blubberblasen und sanfter Hebefunktion! Unterw\u00e4sche und Bademode in einem - perfekt f\u00fctr den spontanen Sprung ins k\u00fchle Nass.\",\"breadcrumb\":{\"@id\":\"https:\/\/www.wojoer.de\/produkt\/bubbles-push-string-bub15\/#breadcrumb\"},\"inLanguage\":\"en-GB\",\"potentialAction\":[{\"@type\":\"ReadAction\",\"target\":[\"https:\/\/www.wojoer.de\/produkt\/bubbles-push-string-bub15\/\"]}]},{\"@type\":\"ImageObject\",\"inLanguage\":\"en-GB\",\"@id\":\"https:\/\/www.wojoer.de\/produkt\/bubbles-push-string-bub15\/#primaryimage\",\"url\":\"https:\/\/www.wojoer.de\/wp-content\/uploads\/2021\/01\/BUB15_Bubbles_Bade_PushString_back_wojoer.jpg\",\"contentUrl\":\"https:\/\/www.wojoer.de\/wp-content\/uploads\/2021\/01\/BUB15_Bubbles_Bade_PushString_back_wojoer.jpg\",\"width\":2002,\"height\":2002},{\"@type\":\"BreadcrumbList\",\"@id\":\"https:\/\/www.wojoer.de\/produkt\/bubbles-push-string-bub15\/#breadcrumb\",\"itemListElement\":[{\"@type\":\"ListItem\",\"position\":1,\"name\":\"Startseite\",\"item\":\"https:\/\/www.wojoer.de\/\"},{\"@type\":\"ListItem\",\"position\":2,\"name\":\"SHOP\",\"item\":\"https:\/\/www.wojoer.de\/shop\/\"},{\"@type\":\"ListItem\",\"position\":3,\"name\":\"Bubbles Push String BUB15\"}]},{\"@type\":\"WebSite\",\"@id\":\"https:\/\/www.wojoer.de\/#website\",\"url\":\"https:\/\/www.wojoer.de\/\",\"name\":\"WOJOER\",\"description\":\"clubwear for men\",\"publisher\":{\"@id\":\"https:\/\/www.wojoer.de\/#organization\"},\"potentialAction\":[{\"@type\":\"SearchAction\",\"target\":{\"@type\":\"EntryPoint\",\"urlTemplate\":\"https:\/\/www.wojoer.de\/?s={search_term_string}\"},\"query-input\":{\"@type\":\"PropertyValueSpecification\",\"valueRequired\":true,\"valueName\":\"search_term_string\"}}],\"inLanguage\":\"en-GB\"},{\"@type\":\"Organization\",\"@id\":\"https:\/\/www.wojoer.de\/#organization\",\"name\":\"Wonneberger-Manufaktur\",\"url\":\"https:\/\/www.wojoer.de\/\",\"logo\":{\"@type\":\"ImageObject\",\"inLanguage\":\"en-GB\",\"@id\":\"https:\/\/www.wojoer.de\/#\/schema\/logo\/image\/\",\"url\":\"https:\/\/www.wojoer.de\/wp-content\/uploads\/2016\/11\/wonnebergermanufaktur_logo_BUTTON.png\",\"contentUrl\":\"https:\/\/www.wojoer.de\/wp-content\/uploads\/2016\/11\/wonnebergermanufaktur_logo_BUTTON.png\",\"width\":765,\"height\":765,\"caption\":\"Wonneberger-Manufaktur\"},\"image\":{\"@id\":\"https:\/\/www.wojoer.de\/#\/schema\/logo\/image\/\"},\"sameAs\":[\"https:\/\/www.facebook.com\/wojoer\/\",\"https:\/\/de.pinterest.com\/W0J0ER\/\"]}]}<\/script>\n<!-- \/ Yoast SEO plugin. -->","yoast_head_json":{"title":"Bubbles Push String | Unterw\u00e4sche | Bademode | WOJOER","description":"Bubbles Push String - bunter, verpielter String mit vielen vielen Blubberblasen und sanfter Hebefunktion! Unterw\u00e4sche und Bademode in einem - perfekt f\u00fctr den spontanen Sprung ins k\u00fchle Nass.","robots":{"index":"index","follow":"follow","max-snippet":"max-snippet:-1","max-image-preview":"max-image-preview:large","max-video-preview":"max-video-preview:-1"},"canonical":"https:\/\/www.wojoer.de\/en\/produkt\/bubbles-push-string-bub15\/","twitter_card":"summary_large_image","twitter_title":"[:de]Bubbles Push String | Unterw\u00e4sche | Bademode | WOJOER[:en]Bubbles Push String | Unterw\u00e4sche | Bademode | WOJOER[:]","twitter_description":"[:de]Bubbles Push String - bunter, verpielter String mit vielen vielen Blubberblasen und sanfter Hebefunktion! Unterw\u00e4sche und Bademode in einem - perfekt f\u00fcr den spontanen Sprung ins k\u00fchle Nass.[:en]Bubbles Push String - bunter, verpielter String mit vielen vielen Blubberblasen und sanfter Hebefunktion! Unterw\u00e4sche und Bademode in einem - perfekt f\u00fctr den spontanen Sprung ins k\u00fchle Nass.[:]","twitter_image":"https:\/\/www.wojoer.de\/wp-content\/uploads\/2021\/01\/BUB15_Bubbles_Bade_PushString_back_wojoer.jpg","twitter_misc":{"Estimated reading time":"2 minutes"},"schema":{"@context":"https:\/\/schema.org","@graph":[{"@type":"WebPage","@id":"https:\/\/www.wojoer.de\/produkt\/bubbles-push-string-bub15\/","url":"https:\/\/www.wojoer.de\/produkt\/bubbles-push-string-bub15\/","name":"Bubbles Push String | Unterw\u00e4sche | Bademode | WOJOER","isPartOf":{"@id":"https:\/\/www.wojoer.de\/#website"},"primaryImageOfPage":{"@id":"https:\/\/www.wojoer.de\/produkt\/bubbles-push-string-bub15\/#primaryimage"},"image":{"@id":"https:\/\/www.wojoer.de\/produkt\/bubbles-push-string-bub15\/#primaryimage"},"thumbnailUrl":"https:\/\/www.wojoer.de\/wp-content\/uploads\/2021\/01\/BUB15_Bubbles_Bade_PushString_back_wojoer.jpg","datePublished":"2025-09-30T08:13:22+00:00","dateModified":"2026-01-13T09:00:57+00:00","description":"Bubbles Push String - bunter, verpielter String mit vielen vielen Blubberblasen und sanfter Hebefunktion! Unterw\u00e4sche und Bademode in einem - perfekt f\u00fctr den spontanen Sprung ins k\u00fchle Nass.","breadcrumb":{"@id":"https:\/\/www.wojoer.de\/produkt\/bubbles-push-string-bub15\/#breadcrumb"},"inLanguage":"en-GB","potentialAction":[{"@type":"ReadAction","target":["https:\/\/www.wojoer.de\/produkt\/bubbles-push-string-bub15\/"]}]},{"@type":"ImageObject","inLanguage":"en-GB","@id":"https:\/\/www.wojoer.de\/produkt\/bubbles-push-string-bub15\/#primaryimage","url":"https:\/\/www.wojoer.de\/wp-content\/uploads\/2021\/01\/BUB15_Bubbles_Bade_PushString_back_wojoer.jpg","contentUrl":"https:\/\/www.wojoer.de\/wp-content\/uploads\/2021\/01\/BUB15_Bubbles_Bade_PushString_back_wojoer.jpg","width":2002,"height":2002},{"@type":"BreadcrumbList","@id":"https:\/\/www.wojoer.de\/produkt\/bubbles-push-string-bub15\/#breadcrumb","itemListElement":[{"@type":"ListItem","position":1,"name":"Startseite","item":"https:\/\/www.wojoer.de\/"},{"@type":"ListItem","position":2,"name":"SHOP","item":"https:\/\/www.wojoer.de\/shop\/"},{"@type":"ListItem","position":3,"name":"Bubbles Push String BUB15"}]},{"@type":"WebSite","@id":"https:\/\/www.wojoer.de\/#website","url":"https:\/\/www.wojoer.de\/","name":"WOJOER","description":"clubwear for men","publisher":{"@id":"https:\/\/www.wojoer.de\/#organization"},"potentialAction":[{"@type":"SearchAction","target":{"@type":"EntryPoint","urlTemplate":"https:\/\/www.wojoer.de\/?s={search_term_string}"},"query-input":{"@type":"PropertyValueSpecification","valueRequired":true,"valueName":"search_term_string"}}],"inLanguage":"en-GB"},{"@type":"Organization","@id":"https:\/\/www.wojoer.de\/#organization","name":"Wonneberger-Manufaktur","url":"https:\/\/www.wojoer.de\/","logo":{"@type":"ImageObject","inLanguage":"en-GB","@id":"https:\/\/www.wojoer.de\/#\/schema\/logo\/image\/","url":"https:\/\/www.wojoer.de\/wp-content\/uploads\/2016\/11\/wonnebergermanufaktur_logo_BUTTON.png","contentUrl":"https:\/\/www.wojoer.de\/wp-content\/uploads\/2016\/11\/wonnebergermanufaktur_logo_BUTTON.png","width":765,"height":765,"caption":"Wonneberger-Manufaktur"},"image":{"@id":"https:\/\/www.wojoer.de\/#\/schema\/logo\/image\/"},"sameAs":["https:\/\/www.facebook.com\/wojoer\/","https:\/\/de.pinterest.com\/W0J0ER\/"]}]}},"_links":{"self":[{"href":"https:\/\/www.wojoer.de\/en\/wp-json\/wp\/v2\/product\/27586","targetHints":{"allow":["GET"]}}],"collection":[{"href":"https:\/\/www.wojoer.de\/en\/wp-json\/wp\/v2\/product"}],"about":[{"href":"https:\/\/www.wojoer.de\/en\/wp-json\/wp\/v2\/types\/product"}],"replies":[{"embeddable":true,"href":"https:\/\/www.wojoer.de\/en\/wp-json\/wp\/v2\/comments?post=27586"}],"wp:featuredmedia":[{"embeddable":true,"href":"https:\/\/www.wojoer.de\/en\/wp-json\/wp\/v2\/media\/33934"}],"wp:attachment":[{"href":"https:\/\/www.wojoer.de\/en\/wp-json\/wp\/v2\/media?parent=27586"}],"wp:term":[{"taxonomy":"product_brand","embeddable":true,"href":"https:\/\/www.wojoer.de\/en\/wp-json\/wp\/v2\/product_brand?post=27586"},{"taxonomy":"product_cat","embeddable":true,"href":"https:\/\/www.wojoer.de\/en\/wp-json\/wp\/v2\/product_cat?post=27586"},{"taxonomy":"product_tag","embeddable":true,"href":"https:\/\/www.wojoer.de\/en\/wp-json\/wp\/v2\/product_tag?post=27586"}],"curies":[{"name":"wp","href":"https:\/\/api.w.org\/{rel}","templated":true}]}}