{"id":28377,"date":"2020-07-21T09:02:25","date_gmt":"2020-07-21T07:02:25","guid":{"rendered":"https:\/\/www.wojoer.de\/?post_type=product&#038;p=28377"},"modified":"2024-09-05T06:43:37","modified_gmt":"2024-09-05T04:43:37","slug":"orange-line-pants-397t261","status":"publish","type":"product","link":"https:\/\/www.wojoer.de\/en\/produkt\/orange-line-pants-397t261\/","title":{"rendered":"Orange Line String 397T262"},"content":{"rendered":"<p>Produktion auf Bestellung, denn der Orange Line String 397T262 geh\u00f6rt in die Kategorie: Wojoer &#8220;LIVE-Produkte&#8221;!<\/p>\n<h3>Gr\u00f6\u00dfen<\/h3>\n<p>Erh\u00e4ltlich in den Gr\u00f6\u00dfen S, M, L, XL<\/p>\n<h3>Materialzusammensetzung<\/h3>\n<p>90% Polyamid | 10% Elasthan | 81% Polyesther\u00a0 | 19% Elasthan<\/p>\n<h3>Besonderheiten<\/h3>\n<p><a href=\"http:\/\/www.wojoer.de\/?s=live&#038;post_type=product\">LIVE Produkt<\/a> | schwarz |orange line| transparent |powernet| hochwertige Verarbeitung &#8220;Made in Germany&#8221;<\/p>\n<h3>Benutzerhinweise<\/h3>\n<p>30\u00b0 Schonw\u00e4sche, kein Weichsp\u00fclerb<\/p>\n<h3>Orange Line String &#8211; Sexy\/Sporty Clubwear String<\/h3>\n<div class=\"oSioSc\">\n<div id=\"tw-target\">\n<div id=\"kAz1tf\" class=\"g9WsWb\">\n<div id=\"tw-target-text-container\" class=\"tw-ta-container hide-focus-ring tw-nfl\" tabindex=\"0\">\n<p id=\"tw-target-text\" class=\"tw-data-text tw-text-large XcVN5d tw-ta\" data-placeholder=\"\u00dcbersetzung\"><span lang=\"de\">Sportlich und sexy Diese 2 W\u00f6rter beschreiben perfekt unsere Orange Line Kollektion. <\/span><span lang=\"de\">Dies ist ein super dehnbarer Stoff, der mit den verschiedenen <\/span><span lang=\"de\">Netzmaterialien angenehm weich auf der Haut liegt. Die orangefarbenen Kontrastn\u00e4hte sind der Blickfang und geben den sportlichen Kick.<\/span><\/p>\n<p data-placeholder=\"\u00dcbersetzung\">Hier gehts zur Gr\u00f6\u00dfentabelle.<\/p>\n<\/div>\n<\/div>\n<\/div>\n<\/div>\n<p>&nbsp;<\/p>\n","protected":false},"excerpt":{"rendered":"<p>Produktion auf Bestellung, denn der Orange Line Pants 0397-P048 geh\u00f6rt in die Kategorie: Wojoer &#8220;LIVE-Produkte&#8221;!<br \/>\nGr\u00f6\u00dfen<br \/>\nErh\u00e4ltlich in den Gr\u00f6\u00dfen S, M, L, XL<br \/>\nMaterialzusammensetzung<br \/>\n90% Polyamid | 10% Elasthan | 81% Polyesther\u00a0 | 19% Elasthan<br \/>\nBesonderheiten<br \/>\nLIVE Produkt | schwarz |orange line| transparent |powernet| hochwertige\u2026<\/p>\n","protected":false},"featured_media":28290,"comment_status":"open","ping_status":"closed","template":"","meta":[],"product_brand":[],"product_cat":[851,116,473,326],"product_tag":[273,430,119],"class_list":{"0":"post-28377","1":"product","2":"type-product","3":"status-publish","4":"has-post-thumbnail","6":"product_cat-orange-line","7":"product_cat-clubwear","8":"product_cat-men","9":"product_cat-wojoer","10":"product_tag-pants","11":"product_tag-powernet","12":"product_tag-string","13":"product_shipping_class-beun","14":"pa_groesse-l","15":"pa_groesse-m","16":"pa_groesse-s","17":"pa_groesse-xl","18":"pif-has-gallery","19":"post-1","20":"odd","22":"first","23":"instock","24":"taxable","25":"shipping-taxable","26":"purchasable","27":"product-type-variable"},"yoast_head":"<!-- This site is optimized with the Yoast SEO plugin v27.2 - https:\/\/yoast.com\/product\/yoast-seo-wordpress\/ -->\n<title>Wet Silk Minisock Slip | suitable for bathing| rose | WOJOER |<\/title>\n<meta name=\"description\" content=\"Wet Silk Mini Sock Slip. Particularly striking and elegant briefs available in various colors from WOJOER. Soft, stretchy material - Order now for free shipping.\" \/>\n<meta name=\"robots\" content=\"index, follow, max-snippet:-1, max-image-preview:large, max-video-preview:-1\" \/>\n<link rel=\"canonical\" href=\"https:\/\/www.wojoer.de\/en\/produkt\/orange-line-pants-397t261\/\" \/>\n<meta name=\"twitter:card\" content=\"summary_large_image\" \/>\n<meta name=\"twitter:title\" content=\"Wet Silk Minisock Slip | suitable for bathing| rose | WOJOER |\" \/>\n<meta name=\"twitter:description\" content=\"Wet Silk Mini Sock Slip. Particularly striking and elegant briefs available in various colors from WOJOER. Soft, stretchy material - Order now for free shipping.\" \/>\n<meta name=\"twitter:image\" content=\"https:\/\/www.wojoer.de\/wp-content\/uploads\/2020\/07\/397T261_OrangeLine_Pants_wojoer.jpg\" \/>\n<meta name=\"twitter:label1\" content=\"Estimated reading time\" \/>\n\t<meta name=\"twitter:data1\" content=\"1 minute\" \/>\n<script type=\"application\/ld+json\" class=\"yoast-schema-graph\">{\"@context\":\"https:\/\/schema.org\",\"@graph\":[{\"@type\":\"WebPage\",\"@id\":\"https:\/\/www.wojoer.de\/produkt\/orange-line-pants-397t261\/\",\"url\":\"https:\/\/www.wojoer.de\/produkt\/orange-line-pants-397t261\/\",\"name\":\"Wet Silk Minisock Slip | suitable for bathing| rose | WOJOER |\",\"isPartOf\":{\"@id\":\"https:\/\/www.wojoer.de\/#website\"},\"primaryImageOfPage\":{\"@id\":\"https:\/\/www.wojoer.de\/produkt\/orange-line-pants-397t261\/#primaryimage\"},\"image\":{\"@id\":\"https:\/\/www.wojoer.de\/produkt\/orange-line-pants-397t261\/#primaryimage\"},\"thumbnailUrl\":\"https:\/\/www.wojoer.de\/wp-content\/uploads\/2020\/07\/397T261_OrangeLine_Pants_wojoer.jpg\",\"datePublished\":\"2020-07-21T07:02:25+00:00\",\"dateModified\":\"2024-09-05T04:43:37+00:00\",\"description\":\"Wet Silk Mini Sock Slip. Particularly striking and elegant briefs available in various colors from WOJOER. Soft, stretchy material - Order now for free shipping.\",\"breadcrumb\":{\"@id\":\"https:\/\/www.wojoer.de\/produkt\/orange-line-pants-397t261\/#breadcrumb\"},\"inLanguage\":\"en-GB\",\"potentialAction\":[{\"@type\":\"ReadAction\",\"target\":[\"https:\/\/www.wojoer.de\/produkt\/orange-line-pants-397t261\/\"]}]},{\"@type\":\"ImageObject\",\"inLanguage\":\"en-GB\",\"@id\":\"https:\/\/www.wojoer.de\/produkt\/orange-line-pants-397t261\/#primaryimage\",\"url\":\"https:\/\/www.wojoer.de\/wp-content\/uploads\/2020\/07\/397T261_OrangeLine_Pants_wojoer.jpg\",\"contentUrl\":\"https:\/\/www.wojoer.de\/wp-content\/uploads\/2020\/07\/397T261_OrangeLine_Pants_wojoer.jpg\",\"width\":2002,\"height\":2002},{\"@type\":\"BreadcrumbList\",\"@id\":\"https:\/\/www.wojoer.de\/produkt\/orange-line-pants-397t261\/#breadcrumb\",\"itemListElement\":[{\"@type\":\"ListItem\",\"position\":1,\"name\":\"Startseite\",\"item\":\"https:\/\/www.wojoer.de\/\"},{\"@type\":\"ListItem\",\"position\":2,\"name\":\"SHOP\",\"item\":\"https:\/\/www.wojoer.de\/shop\/\"},{\"@type\":\"ListItem\",\"position\":3,\"name\":\"Orange Line Pants\"}]},{\"@type\":\"WebSite\",\"@id\":\"https:\/\/www.wojoer.de\/#website\",\"url\":\"https:\/\/www.wojoer.de\/\",\"name\":\"WOJOER\",\"description\":\"clubwear for men\",\"publisher\":{\"@id\":\"https:\/\/www.wojoer.de\/#organization\"},\"potentialAction\":[{\"@type\":\"SearchAction\",\"target\":{\"@type\":\"EntryPoint\",\"urlTemplate\":\"https:\/\/www.wojoer.de\/?s={search_term_string}\"},\"query-input\":{\"@type\":\"PropertyValueSpecification\",\"valueRequired\":true,\"valueName\":\"search_term_string\"}}],\"inLanguage\":\"en-GB\"},{\"@type\":\"Organization\",\"@id\":\"https:\/\/www.wojoer.de\/#organization\",\"name\":\"Wonneberger-Manufaktur\",\"url\":\"https:\/\/www.wojoer.de\/\",\"logo\":{\"@type\":\"ImageObject\",\"inLanguage\":\"en-GB\",\"@id\":\"https:\/\/www.wojoer.de\/#\/schema\/logo\/image\/\",\"url\":\"https:\/\/www.wojoer.de\/wp-content\/uploads\/2016\/11\/wonnebergermanufaktur_logo_BUTTON.png\",\"contentUrl\":\"https:\/\/www.wojoer.de\/wp-content\/uploads\/2016\/11\/wonnebergermanufaktur_logo_BUTTON.png\",\"width\":765,\"height\":765,\"caption\":\"Wonneberger-Manufaktur\"},\"image\":{\"@id\":\"https:\/\/www.wojoer.de\/#\/schema\/logo\/image\/\"},\"sameAs\":[\"https:\/\/www.facebook.com\/wojoer\/\",\"https:\/\/de.pinterest.com\/W0J0ER\/\"]}]}<\/script>\n<!-- \/ Yoast SEO plugin. -->","yoast_head_json":{"title":"Wet Silk Minisock Slip | suitable for bathing| rose | WOJOER |","description":"Wet Silk Mini Sock Slip. Particularly striking and elegant briefs available in various colors from WOJOER. Soft, stretchy material - Order now for free shipping.","robots":{"index":"index","follow":"follow","max-snippet":"max-snippet:-1","max-image-preview":"max-image-preview:large","max-video-preview":"max-video-preview:-1"},"canonical":"https:\/\/www.wojoer.de\/en\/produkt\/orange-line-pants-397t261\/","twitter_card":"summary_large_image","twitter_title":"[:de]Orange Line Pants | black | powernet | transparent | WOJOER |[:en]Wet Silk Minisock Slip | suitable for bathing| rose | WOJOER |[:]","twitter_description":"[:de]Orange Line Pants ist ein besonders sexy und sportlicher String von WOJOER - Jetzt versandkostenfrei bestellen.[:en]Wet Silk Mini Sock Slip. Particularly striking and elegant briefs available in various colors from WOJOER. Soft, stretchy material - Order now for free shipping.[:]","twitter_image":"https:\/\/www.wojoer.de\/wp-content\/uploads\/2020\/07\/397T261_OrangeLine_Pants_wojoer.jpg","twitter_misc":{"Estimated reading time":"1 minute"},"schema":{"@context":"https:\/\/schema.org","@graph":[{"@type":"WebPage","@id":"https:\/\/www.wojoer.de\/produkt\/orange-line-pants-397t261\/","url":"https:\/\/www.wojoer.de\/produkt\/orange-line-pants-397t261\/","name":"Wet Silk Minisock Slip | suitable for bathing| rose | WOJOER |","isPartOf":{"@id":"https:\/\/www.wojoer.de\/#website"},"primaryImageOfPage":{"@id":"https:\/\/www.wojoer.de\/produkt\/orange-line-pants-397t261\/#primaryimage"},"image":{"@id":"https:\/\/www.wojoer.de\/produkt\/orange-line-pants-397t261\/#primaryimage"},"thumbnailUrl":"https:\/\/www.wojoer.de\/wp-content\/uploads\/2020\/07\/397T261_OrangeLine_Pants_wojoer.jpg","datePublished":"2020-07-21T07:02:25+00:00","dateModified":"2024-09-05T04:43:37+00:00","description":"Wet Silk Mini Sock Slip. Particularly striking and elegant briefs available in various colors from WOJOER. Soft, stretchy material - Order now for free shipping.","breadcrumb":{"@id":"https:\/\/www.wojoer.de\/produkt\/orange-line-pants-397t261\/#breadcrumb"},"inLanguage":"en-GB","potentialAction":[{"@type":"ReadAction","target":["https:\/\/www.wojoer.de\/produkt\/orange-line-pants-397t261\/"]}]},{"@type":"ImageObject","inLanguage":"en-GB","@id":"https:\/\/www.wojoer.de\/produkt\/orange-line-pants-397t261\/#primaryimage","url":"https:\/\/www.wojoer.de\/wp-content\/uploads\/2020\/07\/397T261_OrangeLine_Pants_wojoer.jpg","contentUrl":"https:\/\/www.wojoer.de\/wp-content\/uploads\/2020\/07\/397T261_OrangeLine_Pants_wojoer.jpg","width":2002,"height":2002},{"@type":"BreadcrumbList","@id":"https:\/\/www.wojoer.de\/produkt\/orange-line-pants-397t261\/#breadcrumb","itemListElement":[{"@type":"ListItem","position":1,"name":"Startseite","item":"https:\/\/www.wojoer.de\/"},{"@type":"ListItem","position":2,"name":"SHOP","item":"https:\/\/www.wojoer.de\/shop\/"},{"@type":"ListItem","position":3,"name":"Orange Line Pants"}]},{"@type":"WebSite","@id":"https:\/\/www.wojoer.de\/#website","url":"https:\/\/www.wojoer.de\/","name":"WOJOER","description":"clubwear for men","publisher":{"@id":"https:\/\/www.wojoer.de\/#organization"},"potentialAction":[{"@type":"SearchAction","target":{"@type":"EntryPoint","urlTemplate":"https:\/\/www.wojoer.de\/?s={search_term_string}"},"query-input":{"@type":"PropertyValueSpecification","valueRequired":true,"valueName":"search_term_string"}}],"inLanguage":"en-GB"},{"@type":"Organization","@id":"https:\/\/www.wojoer.de\/#organization","name":"Wonneberger-Manufaktur","url":"https:\/\/www.wojoer.de\/","logo":{"@type":"ImageObject","inLanguage":"en-GB","@id":"https:\/\/www.wojoer.de\/#\/schema\/logo\/image\/","url":"https:\/\/www.wojoer.de\/wp-content\/uploads\/2016\/11\/wonnebergermanufaktur_logo_BUTTON.png","contentUrl":"https:\/\/www.wojoer.de\/wp-content\/uploads\/2016\/11\/wonnebergermanufaktur_logo_BUTTON.png","width":765,"height":765,"caption":"Wonneberger-Manufaktur"},"image":{"@id":"https:\/\/www.wojoer.de\/#\/schema\/logo\/image\/"},"sameAs":["https:\/\/www.facebook.com\/wojoer\/","https:\/\/de.pinterest.com\/W0J0ER\/"]}]}},"_links":{"self":[{"href":"https:\/\/www.wojoer.de\/en\/wp-json\/wp\/v2\/product\/28377","targetHints":{"allow":["GET"]}}],"collection":[{"href":"https:\/\/www.wojoer.de\/en\/wp-json\/wp\/v2\/product"}],"about":[{"href":"https:\/\/www.wojoer.de\/en\/wp-json\/wp\/v2\/types\/product"}],"replies":[{"embeddable":true,"href":"https:\/\/www.wojoer.de\/en\/wp-json\/wp\/v2\/comments?post=28377"}],"wp:featuredmedia":[{"embeddable":true,"href":"https:\/\/www.wojoer.de\/en\/wp-json\/wp\/v2\/media\/28290"}],"wp:attachment":[{"href":"https:\/\/www.wojoer.de\/en\/wp-json\/wp\/v2\/media?parent=28377"}],"wp:term":[{"taxonomy":"product_brand","embeddable":true,"href":"https:\/\/www.wojoer.de\/en\/wp-json\/wp\/v2\/product_brand?post=28377"},{"taxonomy":"product_cat","embeddable":true,"href":"https:\/\/www.wojoer.de\/en\/wp-json\/wp\/v2\/product_cat?post=28377"},{"taxonomy":"product_tag","embeddable":true,"href":"https:\/\/www.wojoer.de\/en\/wp-json\/wp\/v2\/product_tag?post=28377"}],"curies":[{"name":"wp","href":"https:\/\/api.w.org\/{rel}","templated":true}]}}