{"id":28416,"date":"2025-04-11T12:10:17","date_gmt":"2025-04-11T10:10:17","guid":{"rendered":"https:\/\/www.wojoer.de\/?post_type=product&#038;p=28416"},"modified":"2026-02-27T23:24:36","modified_gmt":"2026-02-27T22:24:36","slug":"bunte-tupfen-g-string-sp12b6","status":"publish","type":"product","link":"https:\/\/www.wojoer.de\/en\/produkt\/bunte-tupfen-g-string-sp12b6\/","title":{"rendered":"Bunte Tupfen SP12B6 G-String"},"content":{"rendered":"<p>Dieser Bunte Tupfen G-String SP12B6\u00a0 geh\u00f6rt in die Kategorie &#8220;ONLY FOR ME&#8221;-Produkte. Also schnell zugreifen, dieser String ist nur einer kleinen Auflage und nur hier in unserem Onlineshop vorhanden.<\/p>\n<h3>Gr\u00f6\u00dfen<\/h3>\n<p>Erh\u00e4ltlich in den Gr\u00f6\u00dfen S, M, L, XL<\/p>\n<h3>Materialzusammensetzung<\/h3>\n<p>95% Polyester\u00a0 |5% Elasthan<\/p>\n<h3>Besonderheiten<\/h3>\n<p><a href=\"http:\/\/www.wojoer.de\/?s=live&#038;post_type=product\">LIVE Produkt<\/a> | au\u00dfergew\u00f6hnlicher Farbglanz |bunt || hochwertige Verarbeitung &#8220;Made in Germany&#8221;<\/p>\n<h3>Benutzerhinweise<\/h3>\n<p>Handw\u00e4sche<\/p>\n<p>Das Muster Variiert je nach Zuschnitt.<\/p>\n<h3>Sexy Badestring<\/h3>\n<p>Du willst einen knall engen, super knappen Badestring, ma\u00dfgeschneidert f\u00fcr Deinen Adonis-K\u00f6rper? Dann bist du bei WOJOER genau an der richtigen Stelle. Dieser G-String mit hochwertigen Tupfen-Druck ist genau das, was du suchst. Jeder G-String ist ein Unikat, denn der Druck ist immer anders aufregend -So schillernd we das Gefieder der V\u00f6gel. Die enge Schnittform und die sanfte Hebefunktion, lassen deine pralle M\u00e4nnlichkeit erstrahlen. Deine H\u00fcften und dein knackiger Hintern, werden in leuchtenden Royalblau sexy in Szene gesetzt. Einfach der perfekte Begleiter am Strand oder im Club.<\/p>\n<p>&nbsp;<\/p>\n","protected":false},"excerpt":{"rendered":"<p>Dieser Bunte Tupfen G-String SP12B6\u00a0 geh\u00f6rt in die Kategorie &#8220;ONLY FOR ME&#8221;-Produkte. Also schnell zugreifen, dieser String ist nur einer kleinen Auflage und nur hier in unserem Onlineshop vorhanden.<br \/>\nGr\u00f6\u00dfen<br \/>\nErh\u00e4ltlich in den Gr\u00f6\u00dfen S, M, L, XL<br \/>\nMaterialzusammensetzung<br \/>\n95% Polyester\u00a0 |5% Elasthan<br \/>\nBesonderheiten<br \/>\nLIVE Produkt\u2026<\/p>\n","protected":false},"featured_media":37109,"comment_status":"open","ping_status":"closed","template":"","meta":[],"product_brand":[],"product_cat":[115,884,473,270,195,326],"product_tag":[108,241,558,119],"class_list":{"0":"post-28416","1":"product","2":"type-product","3":"status-publish","4":"has-post-thumbnail","6":"product_cat-beachwear","7":"product_cat-limited-editions","8":"product_cat-men","9":"product_cat-onlyforme","10":"product_cat-produktion-auf-bestellung-liveproduktion","11":"product_cat-wojoer","12":"product_tag-1beachwear","13":"product_tag-mini-string-bulge-string-g-string","14":"product_tag-g-string","15":"product_tag-string","16":"product_shipping_class-beun","17":"pa_groesse-l","18":"pa_groesse-m","19":"pa_groesse-s","20":"pa_groesse-xl","21":"pif-has-gallery","22":"post-1","23":"odd","25":"first","26":"instock","27":"taxable","28":"shipping-taxable","29":"purchasable","30":"product-type-variable"},"yoast_head":"<!-- This site is optimized with the Yoast SEO plugin v27.2 - https:\/\/yoast.com\/product\/yoast-seo-wordpress\/ -->\n<title>Wet Silk Minisock Slip | suitable for bathing| rose | WOJOER |<\/title>\n<meta name=\"description\" content=\"Wet Silk Mini Sock Slip. Particularly striking and elegant briefs available in various colors from WOJOER. Soft, stretchy material - Order now for free shipping.\" \/>\n<meta name=\"robots\" content=\"index, follow, max-snippet:-1, max-image-preview:large, max-video-preview:-1\" \/>\n<link rel=\"canonical\" href=\"https:\/\/www.wojoer.de\/en\/produkt\/bunte-tupfen-g-string-sp12b6\/\" \/>\n<meta name=\"twitter:card\" content=\"summary_large_image\" \/>\n<meta name=\"twitter:title\" content=\"Wet Silk Minisock Slip | suitable for bathing| rose | WOJOER |\" \/>\n<meta name=\"twitter:description\" content=\"Wet Silk Mini Sock Slip. Particularly striking and elegant briefs available in various colors from WOJOER. Soft, stretchy material - Order now for free shipping.\" \/>\n<meta name=\"twitter:image\" content=\"https:\/\/www.wojoer.de\/wp-content\/uploads\/2020\/07\/568_.jpg\" \/>\n<meta name=\"twitter:label1\" content=\"Estimated reading time\" \/>\n\t<meta name=\"twitter:data1\" content=\"2 minutes\" \/>\n<script type=\"application\/ld+json\" class=\"yoast-schema-graph\">{\"@context\":\"https:\/\/schema.org\",\"@graph\":[{\"@type\":\"WebPage\",\"@id\":\"https:\/\/www.wojoer.de\/produkt\/bunte-tupfen-g-string-sp12b6\/\",\"url\":\"https:\/\/www.wojoer.de\/produkt\/bunte-tupfen-g-string-sp12b6\/\",\"name\":\"Wet Silk Minisock Slip | suitable for bathing| rose | WOJOER |\",\"isPartOf\":{\"@id\":\"https:\/\/www.wojoer.de\/#website\"},\"primaryImageOfPage\":{\"@id\":\"https:\/\/www.wojoer.de\/produkt\/bunte-tupfen-g-string-sp12b6\/#primaryimage\"},\"image\":{\"@id\":\"https:\/\/www.wojoer.de\/produkt\/bunte-tupfen-g-string-sp12b6\/#primaryimage\"},\"thumbnailUrl\":\"https:\/\/www.wojoer.de\/wp-content\/uploads\/2020\/07\/568_.jpg\",\"datePublished\":\"2025-04-11T10:10:17+00:00\",\"dateModified\":\"2026-02-27T22:24:36+00:00\",\"description\":\"Wet Silk Mini Sock Slip. Particularly striking and elegant briefs available in various colors from WOJOER. Soft, stretchy material - Order now for free shipping.\",\"breadcrumb\":{\"@id\":\"https:\/\/www.wojoer.de\/produkt\/bunte-tupfen-g-string-sp12b6\/#breadcrumb\"},\"inLanguage\":\"en-GB\",\"potentialAction\":[{\"@type\":\"ReadAction\",\"target\":[\"https:\/\/www.wojoer.de\/produkt\/bunte-tupfen-g-string-sp12b6\/\"]}]},{\"@type\":\"ImageObject\",\"inLanguage\":\"en-GB\",\"@id\":\"https:\/\/www.wojoer.de\/produkt\/bunte-tupfen-g-string-sp12b6\/#primaryimage\",\"url\":\"https:\/\/www.wojoer.de\/wp-content\/uploads\/2020\/07\/568_.jpg\",\"contentUrl\":\"https:\/\/www.wojoer.de\/wp-content\/uploads\/2020\/07\/568_.jpg\",\"width\":1080,\"height\":1080},{\"@type\":\"BreadcrumbList\",\"@id\":\"https:\/\/www.wojoer.de\/produkt\/bunte-tupfen-g-string-sp12b6\/#breadcrumb\",\"itemListElement\":[{\"@type\":\"ListItem\",\"position\":1,\"name\":\"Startseite\",\"item\":\"https:\/\/www.wojoer.de\/\"},{\"@type\":\"ListItem\",\"position\":2,\"name\":\"SHOP\",\"item\":\"https:\/\/www.wojoer.de\/shop\/\"},{\"@type\":\"ListItem\",\"position\":3,\"name\":\"Bunte Tupfen SP12B6 G-String\"}]},{\"@type\":\"WebSite\",\"@id\":\"https:\/\/www.wojoer.de\/#website\",\"url\":\"https:\/\/www.wojoer.de\/\",\"name\":\"WOJOER\",\"description\":\"clubwear for men\",\"publisher\":{\"@id\":\"https:\/\/www.wojoer.de\/#organization\"},\"potentialAction\":[{\"@type\":\"SearchAction\",\"target\":{\"@type\":\"EntryPoint\",\"urlTemplate\":\"https:\/\/www.wojoer.de\/?s={search_term_string}\"},\"query-input\":{\"@type\":\"PropertyValueSpecification\",\"valueRequired\":true,\"valueName\":\"search_term_string\"}}],\"inLanguage\":\"en-GB\"},{\"@type\":\"Organization\",\"@id\":\"https:\/\/www.wojoer.de\/#organization\",\"name\":\"Wonneberger-Manufaktur\",\"url\":\"https:\/\/www.wojoer.de\/\",\"logo\":{\"@type\":\"ImageObject\",\"inLanguage\":\"en-GB\",\"@id\":\"https:\/\/www.wojoer.de\/#\/schema\/logo\/image\/\",\"url\":\"https:\/\/www.wojoer.de\/wp-content\/uploads\/2016\/11\/wonnebergermanufaktur_logo_BUTTON.png\",\"contentUrl\":\"https:\/\/www.wojoer.de\/wp-content\/uploads\/2016\/11\/wonnebergermanufaktur_logo_BUTTON.png\",\"width\":765,\"height\":765,\"caption\":\"Wonneberger-Manufaktur\"},\"image\":{\"@id\":\"https:\/\/www.wojoer.de\/#\/schema\/logo\/image\/\"},\"sameAs\":[\"https:\/\/www.facebook.com\/wojoer\/\",\"https:\/\/de.pinterest.com\/W0J0ER\/\"]}]}<\/script>\n<!-- \/ Yoast SEO plugin. -->","yoast_head_json":{"title":"Wet Silk Minisock Slip | suitable for bathing| rose | WOJOER |","description":"Wet Silk Mini Sock Slip. Particularly striking and elegant briefs available in various colors from WOJOER. Soft, stretchy material - Order now for free shipping.","robots":{"index":"index","follow":"follow","max-snippet":"max-snippet:-1","max-image-preview":"max-image-preview:large","max-video-preview":"max-video-preview:-1"},"canonical":"https:\/\/www.wojoer.de\/en\/produkt\/bunte-tupfen-g-string-sp12b6\/","twitter_card":"summary_large_image","twitter_title":"[:de]Bunte Tupfen G-String | bunt | WOJOER |[:en]Wet Silk Minisock Slip | suitable for bathing| rose | WOJOER |[:]","twitter_description":"[:de]Bunte Tupfen G-String ist ein besonders auff\u00e4lliger String. von WOJOER - Jetzt versandkostenfrei bestellen.[:en]Wet Silk Mini Sock Slip. Particularly striking and elegant briefs available in various colors from WOJOER. Soft, stretchy material - Order now for free shipping.[:]","twitter_image":"https:\/\/www.wojoer.de\/wp-content\/uploads\/2020\/07\/568_.jpg","twitter_misc":{"Estimated reading time":"2 minutes"},"schema":{"@context":"https:\/\/schema.org","@graph":[{"@type":"WebPage","@id":"https:\/\/www.wojoer.de\/produkt\/bunte-tupfen-g-string-sp12b6\/","url":"https:\/\/www.wojoer.de\/produkt\/bunte-tupfen-g-string-sp12b6\/","name":"Wet Silk Minisock Slip | suitable for bathing| rose | WOJOER |","isPartOf":{"@id":"https:\/\/www.wojoer.de\/#website"},"primaryImageOfPage":{"@id":"https:\/\/www.wojoer.de\/produkt\/bunte-tupfen-g-string-sp12b6\/#primaryimage"},"image":{"@id":"https:\/\/www.wojoer.de\/produkt\/bunte-tupfen-g-string-sp12b6\/#primaryimage"},"thumbnailUrl":"https:\/\/www.wojoer.de\/wp-content\/uploads\/2020\/07\/568_.jpg","datePublished":"2025-04-11T10:10:17+00:00","dateModified":"2026-02-27T22:24:36+00:00","description":"Wet Silk Mini Sock Slip. Particularly striking and elegant briefs available in various colors from WOJOER. Soft, stretchy material - Order now for free shipping.","breadcrumb":{"@id":"https:\/\/www.wojoer.de\/produkt\/bunte-tupfen-g-string-sp12b6\/#breadcrumb"},"inLanguage":"en-GB","potentialAction":[{"@type":"ReadAction","target":["https:\/\/www.wojoer.de\/produkt\/bunte-tupfen-g-string-sp12b6\/"]}]},{"@type":"ImageObject","inLanguage":"en-GB","@id":"https:\/\/www.wojoer.de\/produkt\/bunte-tupfen-g-string-sp12b6\/#primaryimage","url":"https:\/\/www.wojoer.de\/wp-content\/uploads\/2020\/07\/568_.jpg","contentUrl":"https:\/\/www.wojoer.de\/wp-content\/uploads\/2020\/07\/568_.jpg","width":1080,"height":1080},{"@type":"BreadcrumbList","@id":"https:\/\/www.wojoer.de\/produkt\/bunte-tupfen-g-string-sp12b6\/#breadcrumb","itemListElement":[{"@type":"ListItem","position":1,"name":"Startseite","item":"https:\/\/www.wojoer.de\/"},{"@type":"ListItem","position":2,"name":"SHOP","item":"https:\/\/www.wojoer.de\/shop\/"},{"@type":"ListItem","position":3,"name":"Bunte Tupfen SP12B6 G-String"}]},{"@type":"WebSite","@id":"https:\/\/www.wojoer.de\/#website","url":"https:\/\/www.wojoer.de\/","name":"WOJOER","description":"clubwear for men","publisher":{"@id":"https:\/\/www.wojoer.de\/#organization"},"potentialAction":[{"@type":"SearchAction","target":{"@type":"EntryPoint","urlTemplate":"https:\/\/www.wojoer.de\/?s={search_term_string}"},"query-input":{"@type":"PropertyValueSpecification","valueRequired":true,"valueName":"search_term_string"}}],"inLanguage":"en-GB"},{"@type":"Organization","@id":"https:\/\/www.wojoer.de\/#organization","name":"Wonneberger-Manufaktur","url":"https:\/\/www.wojoer.de\/","logo":{"@type":"ImageObject","inLanguage":"en-GB","@id":"https:\/\/www.wojoer.de\/#\/schema\/logo\/image\/","url":"https:\/\/www.wojoer.de\/wp-content\/uploads\/2016\/11\/wonnebergermanufaktur_logo_BUTTON.png","contentUrl":"https:\/\/www.wojoer.de\/wp-content\/uploads\/2016\/11\/wonnebergermanufaktur_logo_BUTTON.png","width":765,"height":765,"caption":"Wonneberger-Manufaktur"},"image":{"@id":"https:\/\/www.wojoer.de\/#\/schema\/logo\/image\/"},"sameAs":["https:\/\/www.facebook.com\/wojoer\/","https:\/\/de.pinterest.com\/W0J0ER\/"]}]}},"_links":{"self":[{"href":"https:\/\/www.wojoer.de\/en\/wp-json\/wp\/v2\/product\/28416","targetHints":{"allow":["GET"]}}],"collection":[{"href":"https:\/\/www.wojoer.de\/en\/wp-json\/wp\/v2\/product"}],"about":[{"href":"https:\/\/www.wojoer.de\/en\/wp-json\/wp\/v2\/types\/product"}],"replies":[{"embeddable":true,"href":"https:\/\/www.wojoer.de\/en\/wp-json\/wp\/v2\/comments?post=28416"}],"wp:featuredmedia":[{"embeddable":true,"href":"https:\/\/www.wojoer.de\/en\/wp-json\/wp\/v2\/media\/37109"}],"wp:attachment":[{"href":"https:\/\/www.wojoer.de\/en\/wp-json\/wp\/v2\/media?parent=28416"}],"wp:term":[{"taxonomy":"product_brand","embeddable":true,"href":"https:\/\/www.wojoer.de\/en\/wp-json\/wp\/v2\/product_brand?post=28416"},{"taxonomy":"product_cat","embeddable":true,"href":"https:\/\/www.wojoer.de\/en\/wp-json\/wp\/v2\/product_cat?post=28416"},{"taxonomy":"product_tag","embeddable":true,"href":"https:\/\/www.wojoer.de\/en\/wp-json\/wp\/v2\/product_tag?post=28416"}],"curies":[{"name":"wp","href":"https:\/\/api.w.org\/{rel}","templated":true}]}}